{"id":8624,"date":"2025-01-02T15:50:36","date_gmt":"2025-01-02T07:50:36","guid":{"rendered":"http:\/\/qingdaohf.com\/?post_type=product&#038;p=8624"},"modified":"2025-11-13T09:02:21","modified_gmt":"2025-11-13T01:02:21","slug":"steel-tie-rod-cone","status":"publish","type":"product","link":"https:\/\/qingdaohf.com\/lv\/products\/terauda-kaklasaites-stiena-konuss\/","title":{"rendered":"T\u0113rauda kaklasaites stie\u0146a konuss"},"content":{"rendered":"<h2 class=\"whitespace-pre-wrap break-words\">Izpratne par t\u0113rauda stie\u0146u konusu un t\u0101 noz\u012bmi b\u016bvniec\u012bb\u0101<\/h2>\n<p class=\"whitespace-pre-wrap break-words\">T\u0113rauda stie\u0146u konusiem ir b\u016btiska noz\u012bme m\u016bsdienu b\u016bvniec\u012bb\u0101, jo \u012bpa\u0161i veid\u0146u mont\u0101\u017e\u0101. \u0160\u012bs vienk\u0101r\u0161\u0101s, bet \u013coti svar\u012bg\u0101s sast\u0101vda\u013cas nosl\u0113dz stie\u0146u galus un veido b\u016btisku saskarni starp veid\u0146iem un betona konstrukcij\u0101m. Tie ne tikai savieno elementus, bet ar\u012b kalpo k\u0101 \u016bdens aizb\u012bd\u0146i un nodro\u0161ina prec\u012bzu atstarpi, pal\u012bdzot celtniec\u012bbas komand\u0101m iev\u0113rot stingrus standartus, nezaud\u0113jot b\u016bvniec\u012bbas kvalit\u0101ti vai \u0101trumu.<\/p>\n<p class=\"whitespace-pre-wrap break-words\">Beton\u0113\u0161anas laik\u0101 stie\u0146u konusi nov\u0113r\u0161 tie\u0161u kontaktu starp stie\u0146iem un mitru betonu, t\u0101d\u0113j\u0101di aizsarg\u0101jot veid\u0146u konstrukcijas iztur\u012bbu. To konstrukcija ar\u012b atvieglo veid\u0146u no\u0146em\u0161anu p\u0113c betona saciet\u0113\u0161anas, kas ir \u013coti svar\u012bga \u012bpa\u0161\u012bba pagaidu sist\u0113m\u0101m, kuras izmanto visda\u017e\u0101d\u0101kaj\u0101s konstrukcij\u0101s, s\u0101kot no tiltiem l\u012bdz debesskr\u0101pjiem un r\u016bpniecisk\u0101m \u0113k\u0101m.<\/p>\n<h2 class=\"font-600 text-xl font-bold\">Sai\u0161u stie\u0146u sist\u0113ma: Sadarb\u012bbas t\u012bkls<\/h2>\n<p class=\"whitespace-pre-wrap break-words\">Sai\u0161u stie\u0146a konusi nedarbojas atsevi\u0161\u0137i - tie ir da\u013ca no integr\u0113tas sist\u0113mas, kas ietver \u016bdens aizb\u012bd\u0146us, stie\u0146us, superpl\u0101k\u0161\u0146u kombin\u0113tos uzgrie\u017e\u0146us un pl\u0101k\u0161\u0146u papl\u0101ksnes. \u0160\u012bs sast\u0101vda\u013cas darbojas kop\u0101 k\u0101 labi iee\u013c\u013cota ma\u0161\u012bna, lai iztur\u0113tu intens\u012bvu b\u016bvniec\u012bbas darbu spiedienu.<\/p>\n<p class=\"whitespace-pre-wrap break-words\">Visa t\u0101 pamat\u0101 ir stie\u0146i, kas nodro\u0161ina stiepes iztur\u012bbu, kas nepiecie\u0161ama, lai notur\u0113tu mitru betonu beton\u0113\u0161anas un saciet\u0113\u0161anas laik\u0101. \u016adens aizb\u012bd\u0146i veido b\u016btisku bl\u012bv\u0113jumu pret mitrumu - tas ir \u012bpa\u0161i svar\u012bgi pazemes konstrukcij\u0101m vai jebkurai citai vietai, kur nepiecie\u0161ams aiztur\u0113t \u016bdeni. T\u0113rauda stie\u0146a konuss uzlabo \u0161o sist\u0113mu, uzlabojot gan konstrukcijas ilgm\u016b\u017e\u012bbu, gan t\u0101s darb\u012bbu.<\/p>\n<p class=\"whitespace-pre-wrap break-words\">Kombi uzgrieznis ar superpl\u0101ksni visu stingri fiks\u0113 sav\u0101 viet\u0101, saglab\u0101jot vienm\u0113r\u012bgu spriegojumu vis\u0101 sist\u0113m\u0101 un nov\u0113r\u0161ot veid\u0146u novirzes no izl\u012bdzin\u0101\u0161anas. Tikm\u0113r stie\u0146u pl\u0101k\u0161\u0146u papl\u0101ksnes vienm\u0113r\u012bgi sadala slodzi pa visu veid\u0146u virsmu, nov\u0113r\u0161ot v\u0101j\u0101s vietas, kas var rad\u012bt probl\u0113mas.<\/p>\n<h2 class=\"font-600 text-xl font-bold\">T\u0113rauda stie\u0146u konusu izmanto\u0161anas priek\u0161roc\u012bbas projektos<\/h2>\n<p class=\"whitespace-pre-wrap break-words\">T\u0113rauda stie\u0146u konusi nodro\u0161ina vair\u0101kas galven\u0101s priek\u0161roc\u012bbas b\u016bvlaukumos. To prec\u012bz\u0101s izvietojuma iesp\u0113jas nodro\u0161ina vienm\u0113r\u012bgu sienu biezumu un prec\u012bzu atbilst\u012bbu arhitekt\u016bras specifik\u0101cij\u0101m. Tie ar\u012b lieliski saskan ar citiem stie\u0146u sist\u0113mas komponentiem, kas racionaliz\u0113 uzst\u0101d\u012b\u0161anu un samazina darbasp\u0113ka izmaksas.<\/p>\n<p class=\"whitespace-pre-wrap break-words\">\u0160ie konusi ir izgatavoti no augstas kvalit\u0101tes t\u0113rauda, kas iztur lielas slodzes un skarbus laikapst\u0101k\u013cus. \u0160\u012b iztur\u012bba noz\u012bm\u0113, ka celtnieku komandas tos var izmantot atk\u0101rtoti vair\u0101kas reizes, ietaupot naudu un samazinot atkritumu daudzumu b\u016bvniec\u012bbas proces\u0101.<\/p>\n<p class=\"whitespace-pre-wrap break-words\">Qingdao H&amp;F r\u016bp\u012bgi p\u0101rbauda katra konusa iztur\u012bbu un izm\u0113ru precizit\u0101ti. M\u0113s sniedzam detaliz\u0113tus kvalit\u0101tes p\u0101rbaudes zi\u0146ojumus par katru s\u016bt\u012bjumu, t\u0101d\u0113j\u0101di dodot m\u016bsu klientiem p\u0101rliec\u012bbu, ka vi\u0146u materi\u0101li atbilst vis\u0101m dro\u0161\u012bbas un normat\u012bvaj\u0101m pras\u012bb\u0101m. M\u016bsu individu\u0101l\u0101 klientu apkalpo\u0161ana pal\u012bdz pirc\u0113jiem atrast tie\u0161i tos risin\u0101jumus, kas piem\u0113roti vi\u0146u konkr\u0113tajiem projektiem.<\/p>\n<h2 class=\"font-600 text-xl font-bold\">Integr\u0101cija un veiktsp\u0113ja: Integr\u0101cija un integr\u0101cija: k\u0101 to visu apvienot<\/h2>\n<p class=\"whitespace-pre-wrap break-words\">Tas, k\u0101 \u0161\u012bs sast\u0101vda\u013cas darbojas kop\u0101, par\u0101da, cik svar\u012bga ir laba konstrukcija un kvalitat\u012bvi materi\u0101li. Pareizi uzst\u0101d\u012bta, visa sist\u0113ma, ko veido stie\u0146u konusi, \u016bdens aizb\u012bd\u0146i, stie\u0146i, uzgrie\u017e\u0146i un papl\u0101ksnes, veido uzticamu pamatu celtniec\u012bbas darbiem.<\/p>\n<p class=\"whitespace-pre-wrap break-words\">Pareiza izl\u012bdzin\u0101\u0161ana nodro\u0161ina veid\u0146u stabilit\u0101ti, kam\u0113r betons saciet\u0113, t\u0101d\u0113j\u0101di nov\u0113r\u0161ot nopl\u016bdes, struktur\u0101las probl\u0113mas un projekta kav\u0113\u0161anos. Sist\u0113mas modul\u0101r\u0101 konstrukcija padara to pietiekami univers\u0101lu visu veidu projektiem - no vienk\u0101r\u0161\u0101m atbalsta sien\u0101m l\u012bdz lieliem infrastrukt\u016bras darbiem.<\/p>\n<p class=\"whitespace-pre-wrap break-words\">Izv\u0113loties Qingdao H&amp;F, j\u016bs ieg\u016bsiet gan augst\u0101k\u0101s kvalit\u0101tes produktus, gan padzi\u013cin\u0101tu pieredzi veid\u0146u sist\u0113mu jom\u0101. M\u0113s lepojamies ar \u0101tru pieg\u0101di un personaliz\u0113tu apkalpo\u0161anu, atbalstot j\u016bsu projektus no s\u0101kuma l\u012bdz beig\u0101m. Neatkar\u012bgi no t\u0101, vai jums ir nepiecie\u0161ami sai\u0161u stie\u0146u konusi vienam darbam vai v\u0113laties uzticamu ilgtermi\u0146a pieg\u0101d\u0101t\u0101ju, m\u0113s nodro\u0161in\u0101m izcilu v\u0113rt\u012bbu un uzticam\u012bbu.<\/p>","protected":false},"excerpt":{"rendered":"<p data-pm-slice=\"1 1 []\">T\u0113rauda stie\u0146u konusiem ir iz\u0161\u0137iro\u0161a noz\u012bme betona konstrukciju veido\u0161an\u0101, nodro\u0161inot prec\u012bzu izl\u012bdzin\u0101\u0161anu un iztur\u012bbu b\u016bvniec\u012bb\u0101. V\u0113rt\u0113jot \u0161os izstr\u0101d\u0101jumus, pirc\u0113ji bie\u017ei vien par priorit\u0101ti izvirza sader\u012bbu ar da\u017e\u0101d\u0101m stie\u0146u sist\u0113m\u0101m, \u016bdensiztur\u012bbu un iztur\u012bgu materi\u0101la iztur\u012bbu. Qingdao H&amp;F risina \u0161\u012bs probl\u0113mas, izmantojot individu\u0101lu klientu apkalpo\u0161anas pieeju, \u0101trus pieg\u0101des ciklus un visaptvero\u0161us kvalit\u0101tes p\u0101rbaudes zi\u0146ojumus. Pateicoties m\u016bsu pieredzei \u0101r\u0113j\u0101 tirdzniec\u012bb\u0101 un dzi\u013cai izpratnei par b\u016bvniec\u012bbas vajadz\u012bb\u0101m, m\u0113s pieg\u0101d\u0101jam produktus, kas p\u0101rsniedz cer\u012bbas.<\/p>","protected":false},"featured_media":8625,"comment_status":"open","ping_status":"closed","template":"","meta":{"site-sidebar-layout":"default","site-content-layout":"","ast-site-content-layout":"default","site-content-style":"default","site-sidebar-style":"default","ast-global-header-display":"","ast-banner-title-visibility":"","ast-main-header-display":"","ast-hfb-above-header-display":"","ast-hfb-below-header-display":"","ast-hfb-mobile-header-display":"","site-post-title":"","ast-breadcrumbs-content":"","ast-featured-img":"","footer-sml-layout":"","theme-transparent-header-meta":"default","adv-header-id-meta":"","stick-header-meta":"default","header-above-stick-meta":"","header-main-stick-meta":"","header-below-stick-meta":"","astra-migrate-meta-layouts":"set","ast-page-background-enabled":"default","ast-page-background-meta":{"desktop":{"background-color":"","background-image":"","background-repeat":"repeat","background-position":"center center","background-size":"auto","background-attachment":"scroll","background-type":"","background-media":"","overlay-type":"","overlay-color":"","overlay-opacity":"","overlay-gradient":""},"tablet":{"background-color":"","background-image":"","background-repeat":"repeat","background-position":"center center","background-size":"auto","background-attachment":"scroll","background-type":"","background-media":"","overlay-type":"","overlay-color":"","overlay-opacity":"","overlay-gradient":""},"mobile":{"background-color":"","background-image":"","background-repeat":"repeat","background-position":"center center","background-size":"auto","background-attachment":"scroll","background-type":"","background-media":"","overlay-type":"","overlay-color":"","overlay-opacity":"","overlay-gradient":""}},"ast-content-background-meta":{"desktop":{"background-color":"var(--ast-global-color-5)","background-image":"","background-repeat":"repeat","background-position":"center center","background-size":"auto","background-attachment":"scroll","background-type":"","background-media":"","overlay-type":"","overlay-color":"","overlay-opacity":"","overlay-gradient":""},"tablet":{"background-color":"var(--ast-global-color-5)","background-image":"","background-repeat":"repeat","background-position":"center center","background-size":"auto","background-attachment":"scroll","background-type":"","background-media":"","overlay-type":"","overlay-color":"","overlay-opacity":"","overlay-gradient":""},"mobile":{"background-color":"var(--ast-global-color-5)","background-image":"","background-repeat":"repeat","background-position":"center center","background-size":"auto","background-attachment":"scroll","background-type":"","background-media":"","overlay-type":"","overlay-color":"","overlay-opacity":"","overlay-gradient":""}}},"product_brand":[],"product_cat":[79],"product_tag":[],"class_list":{"0":"post-8624","1":"product","2":"type-product","3":"status-publish","4":"has-post-thumbnail","6":"product_cat-tie-rod-system","7":"desktop-align-left","8":"tablet-align-left","9":"mobile-align-left","10":"ast-product-gallery-layout-horizontal-slider","11":"ast-product-gallery-with-no-image","12":"ast-product-tabs-layout-horizontal","14":"first","15":"instock","16":"shipping-taxable","17":"purchasable","18":"product-type-simple"},"yoast_head":"<!-- This site is optimized with the Yoast SEO plugin v25.2 - https:\/\/yoast.com\/wordpress\/plugins\/seo\/ -->\n<title>Steel Tie Rod Cone<\/title>\n<meta name=\"description\" content=\"Steel Tie Rod Cones play a critical role in forming concrete structures by ensuring precise alignment and durability in construction.\" \/>\n<meta name=\"robots\" content=\"index, follow, max-snippet:-1, max-image-preview:large, max-video-preview:-1\" \/>\n<link rel=\"canonical\" href=\"https:\/\/qingdaohf.com\/lv\/products\/terauda-kaklasaites-stiena-konuss\/\" \/>\n<meta property=\"og:locale\" content=\"lv_LV\" \/>\n<meta property=\"og:type\" content=\"article\" \/>\n<meta property=\"og:title\" content=\"Steel Tie Rod Cone\" \/>\n<meta property=\"og:description\" content=\"Steel Tie Rod Cones play a critical role in forming concrete structures by ensuring precise alignment and durability in construction.\" \/>\n<meta property=\"og:url\" content=\"https:\/\/qingdaohf.com\/lv\/products\/terauda-kaklasaites-stiena-konuss\/\" \/>\n<meta property=\"og:site_name\" content=\"Concrete Form &amp; Rigging Hardware Supplier\" \/>\n<meta property=\"article:publisher\" content=\"https:\/\/www.facebook.com\/qingdaohf\" \/>\n<meta property=\"article:modified_time\" content=\"2025-11-13T01:02:21+00:00\" \/>\n<meta property=\"og:image\" content=\"https:\/\/qingdaohf.com\/wp-content\/uploads\/2025\/01\/steel-cone-tie-rod.webp\" \/>\n\t<meta property=\"og:image:width\" content=\"1000\" \/>\n\t<meta property=\"og:image:height\" content=\"1000\" \/>\n\t<meta property=\"og:image:type\" content=\"image\/webp\" \/>\n<meta name=\"twitter:card\" content=\"summary_large_image\" \/>\n<meta name=\"twitter:label1\" content=\"Est. reading time\" \/>\n\t<meta name=\"twitter:data1\" content=\"3 min\u016btes\" \/>\n<script type=\"application\/ld+json\" class=\"yoast-schema-graph\">{\"@context\":\"https:\/\/schema.org\",\"@graph\":[{\"@type\":\"WebPage\",\"@id\":\"https:\/\/qingdaohf.com\/product\/steel-tie-rod-cone\/\",\"url\":\"https:\/\/qingdaohf.com\/product\/steel-tie-rod-cone\/\",\"name\":\"Steel Tie Rod Cone\",\"isPartOf\":{\"@id\":\"https:\/\/qingdaohf.com\/bg\/#website\"},\"primaryImageOfPage\":{\"@id\":\"https:\/\/qingdaohf.com\/product\/steel-tie-rod-cone\/#primaryimage\"},\"image\":{\"@id\":\"https:\/\/qingdaohf.com\/product\/steel-tie-rod-cone\/#primaryimage\"},\"thumbnailUrl\":\"https:\/\/qingdaohf.com\/wp-content\/uploads\/2025\/01\/steel-cone-tie-rod.webp\",\"datePublished\":\"2025-01-02T07:50:36+00:00\",\"dateModified\":\"2025-11-13T01:02:21+00:00\",\"description\":\"Steel Tie Rod Cones play a critical role in forming concrete structures by ensuring precise alignment and durability in construction.\",\"breadcrumb\":{\"@id\":\"https:\/\/qingdaohf.com\/product\/steel-tie-rod-cone\/#breadcrumb\"},\"inLanguage\":\"lv-LV\",\"potentialAction\":[{\"@type\":\"ReadAction\",\"target\":[\"https:\/\/qingdaohf.com\/product\/steel-tie-rod-cone\/\"]}]},{\"@type\":\"ImageObject\",\"inLanguage\":\"lv-LV\",\"@id\":\"https:\/\/qingdaohf.com\/product\/steel-tie-rod-cone\/#primaryimage\",\"url\":\"https:\/\/qingdaohf.com\/wp-content\/uploads\/2025\/01\/steel-cone-tie-rod.webp\",\"contentUrl\":\"https:\/\/qingdaohf.com\/wp-content\/uploads\/2025\/01\/steel-cone-tie-rod.webp\",\"width\":1000,\"height\":1000,\"caption\":\"steel cone tie rod\"},{\"@type\":\"BreadcrumbList\",\"@id\":\"https:\/\/qingdaohf.com\/product\/steel-tie-rod-cone\/#breadcrumb\",\"itemListElement\":[{\"@type\":\"ListItem\",\"position\":1,\"name\":\"Home\",\"item\":\"https:\/\/qingdaohf.com\/\"},{\"@type\":\"ListItem\",\"position\":2,\"name\":\"Concrete Forming Accessories and Rigging Hardware\",\"item\":\"https:\/\/qingdaohf.com\/bg\/?page_id=944\"},{\"@type\":\"ListItem\",\"position\":3,\"name\":\"Steel Tie Rod Cone\"}]},{\"@type\":\"WebSite\",\"@id\":\"https:\/\/qingdaohf.com\/bg\/#website\",\"url\":\"https:\/\/qingdaohf.com\/bg\/\",\"name\":\"Concrete Form & Rigging Hardware Supplier\",\"description\":\"\",\"publisher\":{\"@id\":\"https:\/\/qingdaohf.com\/bg\/#organization\"},\"potentialAction\":[{\"@type\":\"SearchAction\",\"target\":{\"@type\":\"EntryPoint\",\"urlTemplate\":\"https:\/\/qingdaohf.com\/bg\/?s={search_term_string}\"},\"query-input\":{\"@type\":\"PropertyValueSpecification\",\"valueRequired\":true,\"valueName\":\"search_term_string\"}}],\"inLanguage\":\"lv-LV\"},{\"@type\":\"Organization\",\"@id\":\"https:\/\/qingdaohf.com\/bg\/#organization\",\"name\":\"Qingdao H&F\",\"url\":\"https:\/\/qingdaohf.com\/bg\/\",\"logo\":{\"@type\":\"ImageObject\",\"inLanguage\":\"lv-LV\",\"@id\":\"https:\/\/qingdaohf.com\/bg\/#\/schema\/logo\/image\/\",\"url\":\"https:\/\/qingdaohf.com\/wp-content\/uploads\/2022\/12\/cropped-HF-LOGO.png\",\"contentUrl\":\"https:\/\/qingdaohf.com\/wp-content\/uploads\/2022\/12\/cropped-HF-LOGO.png\",\"width\":391,\"height\":249,\"caption\":\"Qingdao H&F\"},\"image\":{\"@id\":\"https:\/\/qingdaohf.com\/bg\/#\/schema\/logo\/image\/\"},\"sameAs\":[\"https:\/\/www.facebook.com\/qingdaohf\"]}]}<\/script>\n<!-- \/ Yoast SEO plugin. -->","yoast_head_json":{"title":"Steel Tie Rod Cone","description":"Steel Tie Rod Cones play a critical role in forming concrete structures by ensuring precise alignment and durability in construction.","robots":{"index":"index","follow":"follow","max-snippet":"max-snippet:-1","max-image-preview":"max-image-preview:large","max-video-preview":"max-video-preview:-1"},"canonical":"https:\/\/qingdaohf.com\/lv\/products\/terauda-kaklasaites-stiena-konuss\/","og_locale":"lv_LV","og_type":"article","og_title":"Steel Tie Rod Cone","og_description":"Steel Tie Rod Cones play a critical role in forming concrete structures by ensuring precise alignment and durability in construction.","og_url":"https:\/\/qingdaohf.com\/lv\/products\/terauda-kaklasaites-stiena-konuss\/","og_site_name":"Concrete Form &amp; Rigging Hardware Supplier","article_publisher":"https:\/\/www.facebook.com\/qingdaohf","article_modified_time":"2025-11-13T01:02:21+00:00","og_image":[{"width":1000,"height":1000,"url":"https:\/\/qingdaohf.com\/wp-content\/uploads\/2025\/01\/steel-cone-tie-rod.webp","type":"image\/webp"}],"twitter_card":"summary_large_image","twitter_misc":{"Est. reading time":"3 min\u016btes"},"schema":{"@context":"https:\/\/schema.org","@graph":[{"@type":"WebPage","@id":"https:\/\/qingdaohf.com\/product\/steel-tie-rod-cone\/","url":"https:\/\/qingdaohf.com\/product\/steel-tie-rod-cone\/","name":"Steel Tie Rod Cone","isPartOf":{"@id":"https:\/\/qingdaohf.com\/bg\/#website"},"primaryImageOfPage":{"@id":"https:\/\/qingdaohf.com\/product\/steel-tie-rod-cone\/#primaryimage"},"image":{"@id":"https:\/\/qingdaohf.com\/product\/steel-tie-rod-cone\/#primaryimage"},"thumbnailUrl":"https:\/\/qingdaohf.com\/wp-content\/uploads\/2025\/01\/steel-cone-tie-rod.webp","datePublished":"2025-01-02T07:50:36+00:00","dateModified":"2025-11-13T01:02:21+00:00","description":"Steel Tie Rod Cones play a critical role in forming concrete structures by ensuring precise alignment and durability in construction.","breadcrumb":{"@id":"https:\/\/qingdaohf.com\/product\/steel-tie-rod-cone\/#breadcrumb"},"inLanguage":"lv-LV","potentialAction":[{"@type":"ReadAction","target":["https:\/\/qingdaohf.com\/product\/steel-tie-rod-cone\/"]}]},{"@type":"ImageObject","inLanguage":"lv-LV","@id":"https:\/\/qingdaohf.com\/product\/steel-tie-rod-cone\/#primaryimage","url":"https:\/\/qingdaohf.com\/wp-content\/uploads\/2025\/01\/steel-cone-tie-rod.webp","contentUrl":"https:\/\/qingdaohf.com\/wp-content\/uploads\/2025\/01\/steel-cone-tie-rod.webp","width":1000,"height":1000,"caption":"steel cone tie rod"},{"@type":"BreadcrumbList","@id":"https:\/\/qingdaohf.com\/product\/steel-tie-rod-cone\/#breadcrumb","itemListElement":[{"@type":"ListItem","position":1,"name":"Home","item":"https:\/\/qingdaohf.com\/"},{"@type":"ListItem","position":2,"name":"Concrete Forming Accessories and Rigging Hardware","item":"https:\/\/qingdaohf.com\/bg\/?page_id=944"},{"@type":"ListItem","position":3,"name":"Steel Tie Rod Cone"}]},{"@type":"WebSite","@id":"https:\/\/qingdaohf.com\/bg\/#website","url":"https:\/\/qingdaohf.com\/bg\/","name":"Concrete Form & Rigging Hardware Supplier","description":"","publisher":{"@id":"https:\/\/qingdaohf.com\/bg\/#organization"},"potentialAction":[{"@type":"SearchAction","target":{"@type":"EntryPoint","urlTemplate":"https:\/\/qingdaohf.com\/bg\/?s={search_term_string}"},"query-input":{"@type":"PropertyValueSpecification","valueRequired":true,"valueName":"search_term_string"}}],"inLanguage":"lv-LV"},{"@type":"Organization","@id":"https:\/\/qingdaohf.com\/bg\/#organization","name":"Qingdao H&F","url":"https:\/\/qingdaohf.com\/bg\/","logo":{"@type":"ImageObject","inLanguage":"lv-LV","@id":"https:\/\/qingdaohf.com\/bg\/#\/schema\/logo\/image\/","url":"https:\/\/qingdaohf.com\/wp-content\/uploads\/2022\/12\/cropped-HF-LOGO.png","contentUrl":"https:\/\/qingdaohf.com\/wp-content\/uploads\/2022\/12\/cropped-HF-LOGO.png","width":391,"height":249,"caption":"Qingdao H&F"},"image":{"@id":"https:\/\/qingdaohf.com\/bg\/#\/schema\/logo\/image\/"},"sameAs":["https:\/\/www.facebook.com\/qingdaohf"]}]}},"_links":{"self":[{"href":"https:\/\/qingdaohf.com\/lv\/wp-json\/wp\/v2\/product\/8624","targetHints":{"allow":["GET"]}}],"collection":[{"href":"https:\/\/qingdaohf.com\/lv\/wp-json\/wp\/v2\/product"}],"about":[{"href":"https:\/\/qingdaohf.com\/lv\/wp-json\/wp\/v2\/types\/product"}],"replies":[{"embeddable":true,"href":"https:\/\/qingdaohf.com\/lv\/wp-json\/wp\/v2\/comments?post=8624"}],"version-history":[{"count":1,"href":"https:\/\/qingdaohf.com\/lv\/wp-json\/wp\/v2\/product\/8624\/revisions"}],"predecessor-version":[{"id":8626,"href":"https:\/\/qingdaohf.com\/lv\/wp-json\/wp\/v2\/product\/8624\/revisions\/8626"}],"wp:featuredmedia":[{"embeddable":true,"href":"https:\/\/qingdaohf.com\/lv\/wp-json\/wp\/v2\/media\/8625"}],"wp:attachment":[{"href":"https:\/\/qingdaohf.com\/lv\/wp-json\/wp\/v2\/media?parent=8624"}],"wp:term":[{"taxonomy":"product_brand","embeddable":true,"href":"https:\/\/qingdaohf.com\/lv\/wp-json\/wp\/v2\/product_brand?post=8624"},{"taxonomy":"product_cat","embeddable":true,"href":"https:\/\/qingdaohf.com\/lv\/wp-json\/wp\/v2\/product_cat?post=8624"},{"taxonomy":"product_tag","embeddable":true,"href":"https:\/\/qingdaohf.com\/lv\/wp-json\/wp\/v2\/product_tag?post=8624"}],"curies":[{"name":"wp","href":"https:\/\/api.w.org\/{rel}","templated":true}]}}