{"id":8643,"date":"2025-01-02T17:23:13","date_gmt":"2025-01-02T09:23:13","guid":{"rendered":"http:\/\/qingdaohf.com\/?post_type=product&#038;p=8643"},"modified":"2025-11-13T09:02:21","modified_gmt":"2025-11-13T01:02:21","slug":"tie-rod-pvc-pipe","status":"publish","type":"product","link":"https:\/\/qingdaohf.com\/lv\/products\/kaklasaites-stienis-pvc-caurule\/","title":{"rendered":"Sasie\u0161anas stienis PVC caurule"},"content":{"rendered":"<h2 class=\"font-600 text-xl font-bold\">Sai\u0161u stie\u0146u sist\u0113mas izpratne: Veid\u0146u risin\u0101jumu mugurkauls<\/h2>\n<p class=\"whitespace-pre-wrap break-words\">M\u016bsdien\u0101s b\u016bvlaukumos ir nepiecie\u0161ama precizit\u0101te un uzticam\u012bba, jo \u012bpa\u0161i attiec\u012bb\u0101 uz veid\u0146iem. To pamat\u0101 ir sai\u0161u stie\u0146u sist\u0113ma - svar\u012bgs mezgls, kas nodro\u0161ina veid\u0146u stabilit\u0101ti un dro\u0161\u012bbu betona iepild\u012b\u0161anas laik\u0101. Sai\u0161u stie\u0146a PVC caurule ir galvenais komponents, kas aizsarg\u0101 mezglu, vienlaikus padarot vienk\u0101r\u0161u mont\u0101\u017eu un demont\u0101\u017eu.<\/p>\n<p class=\"whitespace-pre-wrap break-words\">Sai\u0161u stie\u0146u sist\u0113mas darb\u012bbu nodro\u0161ina t\u0101s deta\u013cu savstarp\u0113j\u0101 sader\u012bba. Piem\u0113ram, t\u0113rauda stie\u0146a stie\u0146a konuss - tas visu fiks\u0113 sav\u0101 viet\u0101, nodro\u0161inot stabilit\u0101ti k\u0101 klints. Pievienojiet \u016bdens aizb\u012bdni, kas nov\u0113r\u0161 betona ies\u016bk\u0161anos, un j\u016bs ieg\u016bsiet \u013coti efekt\u012bvu sist\u0113mu. Apvienojot \u0161os elementus ar pa\u0161u stie\u0146u, Super Plate Combi uzgriezni un stie\u0146a pl\u0101ksnes papl\u0101ksni, j\u016bs ieg\u016bstat sist\u0113mu, kas piel\u0101gojas gandr\u012bz jebkuram projektam, ko j\u016bs ar to s\u0101kat. Nav br\u012bnums, ka celtnieku komandas, s\u0101kot no augstcelt\u0146u b\u016bvniekiem un beidzot ar infrastrukt\u016bras speci\u0101listiem, arvien atgrie\u017eas pie \u0161\u012bs sist\u0113mas.<\/p>\n<h2 class=\"font-600 text-xl font-bold\">PVC cauru\u013cu unik\u0101l\u0101 loma b\u016bvniec\u012bb\u0101<\/h2>\n<p class=\"whitespace-pre-wrap break-words\">\u0160\u012bs PVC caurules nav tikai papildier\u012bces - t\u0101s ir b\u016btiskas, lai visa veid\u0146u sist\u0113ma darbotos lab\u0101k. T\u0101s ir izgatavotas no kvalitat\u012bva PVC un aizsarg\u0101 stie\u0146us no saskares ar betonu, kas noz\u012bm\u0113, ka stie\u0146i kalpo ilg\u0101k un lab\u0101k turas. Tie ir pietiekami viegli, lai ar tiem var\u0113tu viegli r\u012bkoties, bet pietiekami iztur\u012bgi, lai uztic\u0113tos smagiem darbiem, t\u0101d\u0113j\u0101di sniedzot b\u016bvuz\u0146\u0113m\u0113jiem un in\u017eenieriem tie\u0161i to, kas vi\u0146iem nepiecie\u0161ams b\u016bvlaukum\u0101.<\/p>\n<p class=\"whitespace-pre-wrap break-words\">\u0160\u012bs caurules at\u0161\u0137iras ar to, cik vienm\u0113r\u012bgi t\u0101s darbojas kop\u0101 ar citiem stie\u0146a stie\u0146a komponentiem. Saliekot t\u0101s kop\u0101 ar t\u0113rauda stie\u0146u konusiem, j\u016bs ieg\u016bsiet perfektu izl\u012bdzin\u0101jumu un stabilu nostiprin\u0101jumu - tie\u0161i to, kas jums nepiecie\u0161ams, kad betons s\u0101k spiest uz j\u016bsu veid\u0146iem. \u016adens aptur\u0113\u0161anas funkcija noz\u012bm\u0113, ka jums neb\u016bs j\u0101uztraucas par nopl\u016bd\u0113m, kas apdraud\u0113s j\u016bsu dzelzsbetona konstrukciju. Tie\u0161i \u0161\u0101da veida p\u0101rdom\u0101ta konstrukcija par\u0101da, k\u0101p\u0113c ir tik svar\u012bgi izv\u0113l\u0113ties pareizos komponentus.<\/p>\n<h2 class=\"font-600 text-xl font-bold\">Qingdao H&amp;F: J\u016bsu uzticamais partneris stie\u0146u sist\u0113mu jom\u0101<\/h2>\n<p class=\"whitespace-pre-wrap break-words\">\u0160eit, Qingdao H&amp;F, m\u0113s esam sapratu\u0161i, ka nav divu vien\u0101du b\u016bvniec\u012bbas projektu. T\u0101p\u0113c m\u0113s esam izstr\u0101d\u0101ju\u0161i m\u016bsu stie\u0146u sist\u0113mas un PVC caurules, lai tiktu gal\u0101 ar jebk\u0101diem izaicin\u0101jumiem. M\u0113s neatliekam nek\u0101dus ierobe\u017eojumus - s\u0101kot no materi\u0101lu izv\u0113les l\u012bdz pat gal\u012bgaj\u0101m kvalit\u0101tes p\u0101rbaud\u0113m pirms nos\u016bt\u012b\u0161anas, m\u0113s p\u0101rliecin\u0101mies, ka viss atbilst vai p\u0101rsniedz nozares standartus. M\u016bsu klienti zina, ka par katru pas\u016bt\u012bjumu vi\u0146i sa\u0146em savu naudu.<\/p>\n<p class=\"whitespace-pre-wrap break-words\">M\u0113s uzskat\u0101m, ka str\u0101d\u0101jam tie\u0161i ar katru klientu, lai noskaidrotu, kas tie\u0161i vi\u0146am ir nepiecie\u0161ams. Tas noz\u012bm\u0113 \u0101trus pieg\u0101des termi\u0146us, lai j\u016bsu projekts virz\u012btos uz priek\u0161u, un detaliz\u0113tus kvalit\u0101tes p\u0101rskatus, lai j\u016bs prec\u012bzi zin\u0101tu, ko sa\u0146emat. B\u016bvniec\u012bbas pasaul\u0113 \u0161\u0101da veida partner\u012bba ir svar\u012bga.<\/p>\n<p class=\"whitespace-pre-wrap break-words\">Izv\u0113loties m\u016bsu PVC caurules un stie\u0146a stie\u0146u komponentus, j\u016bs izv\u0113laties apr\u012bkojumu, kas pal\u012bdz str\u0101d\u0101t prec\u012bz\u0101k un efekt\u012bv\u0101k. Izv\u0113loties Qingdao H&amp;F, j\u016bs str\u0101d\u0101jat ar cilv\u0113kiem, kuri izprot b\u016bvniec\u012bbu un r\u016bp\u0113jas par to, lai viss notiktu pareizi.<\/p>","protected":false},"excerpt":{"rendered":"<p>T\u0101s ir PVC caurules, kas ir paz\u012bstamas un tiek izmantotas jebkura veida b\u016bvniec\u012bbas veid\u0146u veid\u0146os, lai nodro\u0161in\u0101tu atbilsto\u0161u uzticam\u012bbu un iztur\u012bbu. Protams, pirc\u0113ji parasti pie\u0146em l\u0113mumu, pamatojoties uz kvalit\u0101ti, sader\u012bbu un veiktsp\u0113ju; \u0161eit m\u0113s nodro\u0161in\u0101m visus tr\u012bs aspektus, proti, individu\u0101lu klientu apkalpo\u0161anu, efekt\u012bvu pieg\u0101des ciklu un detaliz\u0113tus kvalit\u0101tes p\u0101rbaudes zi\u0146ojumus. Sadarbojieties ar mums jau \u0161odien, lai baud\u012btu nesal\u012bdzin\u0101mu produktu integrit\u0101ti un racionaliz\u0113tas iepirkuma proced\u016bras.<\/p>","protected":false},"featured_media":8629,"comment_status":"open","ping_status":"closed","template":"","meta":{"site-sidebar-layout":"default","site-content-layout":"","ast-site-content-layout":"default","site-content-style":"default","site-sidebar-style":"default","ast-global-header-display":"","ast-banner-title-visibility":"","ast-main-header-display":"","ast-hfb-above-header-display":"","ast-hfb-below-header-display":"","ast-hfb-mobile-header-display":"","site-post-title":"","ast-breadcrumbs-content":"","ast-featured-img":"","footer-sml-layout":"","theme-transparent-header-meta":"default","adv-header-id-meta":"","stick-header-meta":"default","header-above-stick-meta":"","header-main-stick-meta":"","header-below-stick-meta":"","astra-migrate-meta-layouts":"set","ast-page-background-enabled":"default","ast-page-background-meta":{"desktop":{"background-color":"","background-image":"","background-repeat":"repeat","background-position":"center center","background-size":"auto","background-attachment":"scroll","background-type":"","background-media":"","overlay-type":"","overlay-color":"","overlay-opacity":"","overlay-gradient":""},"tablet":{"background-color":"","background-image":"","background-repeat":"repeat","background-position":"center center","background-size":"auto","background-attachment":"scroll","background-type":"","background-media":"","overlay-type":"","overlay-color":"","overlay-opacity":"","overlay-gradient":""},"mobile":{"background-color":"","background-image":"","background-repeat":"repeat","background-position":"center center","background-size":"auto","background-attachment":"scroll","background-type":"","background-media":"","overlay-type":"","overlay-color":"","overlay-opacity":"","overlay-gradient":""}},"ast-content-background-meta":{"desktop":{"background-color":"var(--ast-global-color-5)","background-image":"","background-repeat":"repeat","background-position":"center center","background-size":"auto","background-attachment":"scroll","background-type":"","background-media":"","overlay-type":"","overlay-color":"","overlay-opacity":"","overlay-gradient":""},"tablet":{"background-color":"var(--ast-global-color-5)","background-image":"","background-repeat":"repeat","background-position":"center center","background-size":"auto","background-attachment":"scroll","background-type":"","background-media":"","overlay-type":"","overlay-color":"","overlay-opacity":"","overlay-gradient":""},"mobile":{"background-color":"var(--ast-global-color-5)","background-image":"","background-repeat":"repeat","background-position":"center center","background-size":"auto","background-attachment":"scroll","background-type":"","background-media":"","overlay-type":"","overlay-color":"","overlay-opacity":"","overlay-gradient":""}}},"product_brand":[],"product_cat":[79],"product_tag":[],"class_list":{"0":"post-8643","1":"product","2":"type-product","3":"status-publish","4":"has-post-thumbnail","6":"product_cat-tie-rod-system","7":"desktop-align-left","8":"tablet-align-left","9":"mobile-align-left","10":"ast-product-gallery-layout-horizontal-slider","11":"ast-product-gallery-with-no-image","12":"ast-product-tabs-layout-horizontal","14":"first","15":"instock","16":"shipping-taxable","17":"purchasable","18":"product-type-simple"},"yoast_head":"<!-- This site is optimized with the Yoast SEO plugin v25.2 - https:\/\/yoast.com\/wordpress\/plugins\/seo\/ -->\n<title>Tie Rod PVC Pipe<\/title>\n<meta name=\"description\" content=\"These are the Tie Rod PVC Pipes, which have been known and utilized in formwork for any type of construction to provide appropriate reliability and endurance.\" \/>\n<meta name=\"robots\" content=\"index, follow, max-snippet:-1, max-image-preview:large, max-video-preview:-1\" \/>\n<link rel=\"canonical\" href=\"https:\/\/qingdaohf.com\/lv\/products\/kaklasaites-stienis-pvc-caurule\/\" \/>\n<meta property=\"og:locale\" content=\"lv_LV\" \/>\n<meta property=\"og:type\" content=\"article\" \/>\n<meta property=\"og:title\" content=\"Tie Rod PVC Pipe\" \/>\n<meta property=\"og:description\" content=\"These are the Tie Rod PVC Pipes, which have been known and utilized in formwork for any type of construction to provide appropriate reliability and endurance.\" \/>\n<meta property=\"og:url\" content=\"https:\/\/qingdaohf.com\/lv\/products\/kaklasaites-stienis-pvc-caurule\/\" \/>\n<meta property=\"og:site_name\" content=\"Concrete Form &amp; Rigging Hardware Supplier\" \/>\n<meta property=\"article:publisher\" content=\"https:\/\/www.facebook.com\/qingdaohf\" \/>\n<meta property=\"article:modified_time\" content=\"2025-11-13T01:02:21+00:00\" \/>\n<meta property=\"og:image\" content=\"https:\/\/qingdaohf.com\/wp-content\/uploads\/2025\/01\/Tie-Rod-PVC-Pipe.webp\" \/>\n\t<meta property=\"og:image:width\" content=\"1000\" \/>\n\t<meta property=\"og:image:height\" content=\"1000\" \/>\n\t<meta property=\"og:image:type\" content=\"image\/webp\" \/>\n<meta name=\"twitter:card\" content=\"summary_large_image\" \/>\n<meta name=\"twitter:label1\" content=\"Est. reading time\" \/>\n\t<meta name=\"twitter:data1\" content=\"3 min\u016btes\" \/>\n<script type=\"application\/ld+json\" class=\"yoast-schema-graph\">{\"@context\":\"https:\/\/schema.org\",\"@graph\":[{\"@type\":\"WebPage\",\"@id\":\"https:\/\/qingdaohf.com\/product\/tie-rod-pvc-pipe\/\",\"url\":\"https:\/\/qingdaohf.com\/product\/tie-rod-pvc-pipe\/\",\"name\":\"Tie Rod PVC Pipe\",\"isPartOf\":{\"@id\":\"https:\/\/qingdaohf.com\/bg\/#website\"},\"primaryImageOfPage\":{\"@id\":\"https:\/\/qingdaohf.com\/product\/tie-rod-pvc-pipe\/#primaryimage\"},\"image\":{\"@id\":\"https:\/\/qingdaohf.com\/product\/tie-rod-pvc-pipe\/#primaryimage\"},\"thumbnailUrl\":\"https:\/\/qingdaohf.com\/wp-content\/uploads\/2025\/01\/Tie-Rod-PVC-Pipe.webp\",\"datePublished\":\"2025-01-02T09:23:13+00:00\",\"dateModified\":\"2025-11-13T01:02:21+00:00\",\"description\":\"These are the Tie Rod PVC Pipes, which have been known and utilized in formwork for any type of construction to provide appropriate reliability and endurance.\",\"breadcrumb\":{\"@id\":\"https:\/\/qingdaohf.com\/product\/tie-rod-pvc-pipe\/#breadcrumb\"},\"inLanguage\":\"lv-LV\",\"potentialAction\":[{\"@type\":\"ReadAction\",\"target\":[\"https:\/\/qingdaohf.com\/product\/tie-rod-pvc-pipe\/\"]}]},{\"@type\":\"ImageObject\",\"inLanguage\":\"lv-LV\",\"@id\":\"https:\/\/qingdaohf.com\/product\/tie-rod-pvc-pipe\/#primaryimage\",\"url\":\"https:\/\/qingdaohf.com\/wp-content\/uploads\/2025\/01\/Tie-Rod-PVC-Pipe.webp\",\"contentUrl\":\"https:\/\/qingdaohf.com\/wp-content\/uploads\/2025\/01\/Tie-Rod-PVC-Pipe.webp\",\"width\":1000,\"height\":1000,\"caption\":\"Tie Rod PVC Pipe\"},{\"@type\":\"BreadcrumbList\",\"@id\":\"https:\/\/qingdaohf.com\/product\/tie-rod-pvc-pipe\/#breadcrumb\",\"itemListElement\":[{\"@type\":\"ListItem\",\"position\":1,\"name\":\"Home\",\"item\":\"https:\/\/qingdaohf.com\/\"},{\"@type\":\"ListItem\",\"position\":2,\"name\":\"Concrete Forming Accessories and Rigging Hardware\",\"item\":\"https:\/\/qingdaohf.com\/bg\/?page_id=944\"},{\"@type\":\"ListItem\",\"position\":3,\"name\":\"Tie Rod PVC Pipe\"}]},{\"@type\":\"WebSite\",\"@id\":\"https:\/\/qingdaohf.com\/bg\/#website\",\"url\":\"https:\/\/qingdaohf.com\/bg\/\",\"name\":\"Concrete Form & Rigging Hardware Supplier\",\"description\":\"\",\"publisher\":{\"@id\":\"https:\/\/qingdaohf.com\/bg\/#organization\"},\"potentialAction\":[{\"@type\":\"SearchAction\",\"target\":{\"@type\":\"EntryPoint\",\"urlTemplate\":\"https:\/\/qingdaohf.com\/bg\/?s={search_term_string}\"},\"query-input\":{\"@type\":\"PropertyValueSpecification\",\"valueRequired\":true,\"valueName\":\"search_term_string\"}}],\"inLanguage\":\"lv-LV\"},{\"@type\":\"Organization\",\"@id\":\"https:\/\/qingdaohf.com\/bg\/#organization\",\"name\":\"Qingdao H&F\",\"url\":\"https:\/\/qingdaohf.com\/bg\/\",\"logo\":{\"@type\":\"ImageObject\",\"inLanguage\":\"lv-LV\",\"@id\":\"https:\/\/qingdaohf.com\/bg\/#\/schema\/logo\/image\/\",\"url\":\"https:\/\/qingdaohf.com\/wp-content\/uploads\/2022\/12\/cropped-HF-LOGO.png\",\"contentUrl\":\"https:\/\/qingdaohf.com\/wp-content\/uploads\/2022\/12\/cropped-HF-LOGO.png\",\"width\":391,\"height\":249,\"caption\":\"Qingdao H&F\"},\"image\":{\"@id\":\"https:\/\/qingdaohf.com\/bg\/#\/schema\/logo\/image\/\"},\"sameAs\":[\"https:\/\/www.facebook.com\/qingdaohf\"]}]}<\/script>\n<!-- \/ Yoast SEO plugin. -->","yoast_head_json":{"title":"Tie Rod PVC Pipe","description":"These are the Tie Rod PVC Pipes, which have been known and utilized in formwork for any type of construction to provide appropriate reliability and endurance.","robots":{"index":"index","follow":"follow","max-snippet":"max-snippet:-1","max-image-preview":"max-image-preview:large","max-video-preview":"max-video-preview:-1"},"canonical":"https:\/\/qingdaohf.com\/lv\/products\/kaklasaites-stienis-pvc-caurule\/","og_locale":"lv_LV","og_type":"article","og_title":"Tie Rod PVC Pipe","og_description":"These are the Tie Rod PVC Pipes, which have been known and utilized in formwork for any type of construction to provide appropriate reliability and endurance.","og_url":"https:\/\/qingdaohf.com\/lv\/products\/kaklasaites-stienis-pvc-caurule\/","og_site_name":"Concrete Form &amp; Rigging Hardware Supplier","article_publisher":"https:\/\/www.facebook.com\/qingdaohf","article_modified_time":"2025-11-13T01:02:21+00:00","og_image":[{"width":1000,"height":1000,"url":"https:\/\/qingdaohf.com\/wp-content\/uploads\/2025\/01\/Tie-Rod-PVC-Pipe.webp","type":"image\/webp"}],"twitter_card":"summary_large_image","twitter_misc":{"Est. reading time":"3 min\u016btes"},"schema":{"@context":"https:\/\/schema.org","@graph":[{"@type":"WebPage","@id":"https:\/\/qingdaohf.com\/product\/tie-rod-pvc-pipe\/","url":"https:\/\/qingdaohf.com\/product\/tie-rod-pvc-pipe\/","name":"Tie Rod PVC Pipe","isPartOf":{"@id":"https:\/\/qingdaohf.com\/bg\/#website"},"primaryImageOfPage":{"@id":"https:\/\/qingdaohf.com\/product\/tie-rod-pvc-pipe\/#primaryimage"},"image":{"@id":"https:\/\/qingdaohf.com\/product\/tie-rod-pvc-pipe\/#primaryimage"},"thumbnailUrl":"https:\/\/qingdaohf.com\/wp-content\/uploads\/2025\/01\/Tie-Rod-PVC-Pipe.webp","datePublished":"2025-01-02T09:23:13+00:00","dateModified":"2025-11-13T01:02:21+00:00","description":"These are the Tie Rod PVC Pipes, which have been known and utilized in formwork for any type of construction to provide appropriate reliability and endurance.","breadcrumb":{"@id":"https:\/\/qingdaohf.com\/product\/tie-rod-pvc-pipe\/#breadcrumb"},"inLanguage":"lv-LV","potentialAction":[{"@type":"ReadAction","target":["https:\/\/qingdaohf.com\/product\/tie-rod-pvc-pipe\/"]}]},{"@type":"ImageObject","inLanguage":"lv-LV","@id":"https:\/\/qingdaohf.com\/product\/tie-rod-pvc-pipe\/#primaryimage","url":"https:\/\/qingdaohf.com\/wp-content\/uploads\/2025\/01\/Tie-Rod-PVC-Pipe.webp","contentUrl":"https:\/\/qingdaohf.com\/wp-content\/uploads\/2025\/01\/Tie-Rod-PVC-Pipe.webp","width":1000,"height":1000,"caption":"Tie Rod PVC Pipe"},{"@type":"BreadcrumbList","@id":"https:\/\/qingdaohf.com\/product\/tie-rod-pvc-pipe\/#breadcrumb","itemListElement":[{"@type":"ListItem","position":1,"name":"Home","item":"https:\/\/qingdaohf.com\/"},{"@type":"ListItem","position":2,"name":"Concrete Forming Accessories and Rigging Hardware","item":"https:\/\/qingdaohf.com\/bg\/?page_id=944"},{"@type":"ListItem","position":3,"name":"Tie Rod PVC Pipe"}]},{"@type":"WebSite","@id":"https:\/\/qingdaohf.com\/bg\/#website","url":"https:\/\/qingdaohf.com\/bg\/","name":"Concrete Form & Rigging Hardware Supplier","description":"","publisher":{"@id":"https:\/\/qingdaohf.com\/bg\/#organization"},"potentialAction":[{"@type":"SearchAction","target":{"@type":"EntryPoint","urlTemplate":"https:\/\/qingdaohf.com\/bg\/?s={search_term_string}"},"query-input":{"@type":"PropertyValueSpecification","valueRequired":true,"valueName":"search_term_string"}}],"inLanguage":"lv-LV"},{"@type":"Organization","@id":"https:\/\/qingdaohf.com\/bg\/#organization","name":"Qingdao H&F","url":"https:\/\/qingdaohf.com\/bg\/","logo":{"@type":"ImageObject","inLanguage":"lv-LV","@id":"https:\/\/qingdaohf.com\/bg\/#\/schema\/logo\/image\/","url":"https:\/\/qingdaohf.com\/wp-content\/uploads\/2022\/12\/cropped-HF-LOGO.png","contentUrl":"https:\/\/qingdaohf.com\/wp-content\/uploads\/2022\/12\/cropped-HF-LOGO.png","width":391,"height":249,"caption":"Qingdao H&F"},"image":{"@id":"https:\/\/qingdaohf.com\/bg\/#\/schema\/logo\/image\/"},"sameAs":["https:\/\/www.facebook.com\/qingdaohf"]}]}},"_links":{"self":[{"href":"https:\/\/qingdaohf.com\/lv\/wp-json\/wp\/v2\/product\/8643","targetHints":{"allow":["GET"]}}],"collection":[{"href":"https:\/\/qingdaohf.com\/lv\/wp-json\/wp\/v2\/product"}],"about":[{"href":"https:\/\/qingdaohf.com\/lv\/wp-json\/wp\/v2\/types\/product"}],"replies":[{"embeddable":true,"href":"https:\/\/qingdaohf.com\/lv\/wp-json\/wp\/v2\/comments?post=8643"}],"version-history":[{"count":1,"href":"https:\/\/qingdaohf.com\/lv\/wp-json\/wp\/v2\/product\/8643\/revisions"}],"predecessor-version":[{"id":8644,"href":"https:\/\/qingdaohf.com\/lv\/wp-json\/wp\/v2\/product\/8643\/revisions\/8644"}],"wp:featuredmedia":[{"embeddable":true,"href":"https:\/\/qingdaohf.com\/lv\/wp-json\/wp\/v2\/media\/8629"}],"wp:attachment":[{"href":"https:\/\/qingdaohf.com\/lv\/wp-json\/wp\/v2\/media?parent=8643"}],"wp:term":[{"taxonomy":"product_brand","embeddable":true,"href":"https:\/\/qingdaohf.com\/lv\/wp-json\/wp\/v2\/product_brand?post=8643"},{"taxonomy":"product_cat","embeddable":true,"href":"https:\/\/qingdaohf.com\/lv\/wp-json\/wp\/v2\/product_cat?post=8643"},{"taxonomy":"product_tag","embeddable":true,"href":"https:\/\/qingdaohf.com\/lv\/wp-json\/wp\/v2\/product_tag?post=8643"}],"curies":[{"name":"wp","href":"https:\/\/api.w.org\/{rel}","templated":true}]}}