{"id":8721,"date":"2025-01-13T14:56:13","date_gmt":"2025-01-13T06:56:13","guid":{"rendered":"http:\/\/qingdaohf.com\/?post_type=product&#038;p=8721"},"modified":"2025-11-13T09:02:20","modified_gmt":"2025-11-13T01:02:20","slug":"lifting-socket-duo-round-ferrules","status":"publish","type":"product","link":"https:\/\/qingdaohf.com\/lv\/products\/pacelsanas-ligzda-duo-apalas-uzmavas\/","title":{"rendered":"Pacel\u0161anas ligzda Duo Round Ferrules"},"content":{"rendered":"<h2 class=\"text-2xl font-bold mt-1 text-text-200\">Kas ir pacel\u0161anas ligzdas Duo Round Ferrules un k\u0101 t\u0101s darbojas?<\/h2>\n<p class=\"whitespace-pre-wrap break-words\">Dom\u0101jiet par pacel\u0161anas ligzd\u0101m Socket Duo Round Ferrules k\u0101 par nenosauktajiem takel\u0101\u017eas darbu varo\u0146iem. \u0160iem \u0161\u0137ietami vienk\u0101r\u0161ajiem komponentiem ir iz\u0161\u0137iro\u0161a noz\u012bme stiep\u013cu tro\u0161u nostiprin\u0101\u0161an\u0101 pie pacel\u0161anas sist\u0113m\u0101m. Katra uzmava kalpo k\u0101 enkurpunkts, radot dro\u0161u savienojumu, kas ir b\u016btisks dro\u0161\u0101m pacel\u0161anas oper\u0101cij\u0101m.<\/p>\n<p class=\"whitespace-pre-wrap break-words\">\u0160o uzga\u013cu \u0123enialit\u0101te sl\u0113pjas to noapa\u013cotaj\u0101 dizain\u0101. To glud\u0101 virsma, l\u012bdz\u012bgi labi nolietotam upes akmenim, pal\u012bdz vienm\u0113r\u012bgi sadal\u012bt slodzi pa visu stiep\u013cu trosi, ne\u013caujot nevienam atsevi\u0161\u0137am punktam izjust p\u0101r\u0101k lielu slodzi. \"Duo\" aspekts attiecas uz to atjaut\u012bgo div\u0113j\u0101da lietojuma konstrukciju - tie gan nostiprina virves galu, gan aizsarg\u0101 to no nodiluma, b\u016bt\u012bb\u0101 veicot divu komponentu darbu vien\u0101.<\/p>\n<p class=\"whitespace-pre-wrap break-words\">\u0160os uzmavas atrad\u012bsiet viet\u0101s, kur smagumu cel\u0161ana ir ikdienas izaicin\u0101jums. No augstiem b\u016bvlaukumiem l\u012bdz v\u0113tras plos\u012bt\u0101m j\u016bras platform\u0101m - t\u0101s ir b\u016btiska cel\u0161anas puzles da\u013ca nozar\u0113s, kur nav vietas apr\u012bkojuma k\u013c\u016bm\u0113m.<\/p>\n<p><img fetchpriority=\"high\" decoding=\"async\" class=\"alignnone wp-image-3355 size-full\" src=\"http:\/\/qingdaohf.com\/wp-content\/uploads\/2023\/03\/lifting-sockets-with-plastic-caps-6-1.jpg\" alt=\"pacel\u0161anas ligzdas ar plastmasas v\u0101ci\u0146iem\" width=\"800\" height=\"410\" srcset=\"https:\/\/qingdaohf.com\/wp-content\/uploads\/2023\/03\/lifting-sockets-with-plastic-caps-6-1.jpg 800w, https:\/\/qingdaohf.com\/wp-content\/uploads\/2023\/03\/lifting-sockets-with-plastic-caps-6-1-300x154.jpg 300w, https:\/\/qingdaohf.com\/wp-content\/uploads\/2023\/03\/lifting-sockets-with-plastic-caps-6-1-768x394.jpg 768w\" sizes=\"(max-width: 800px) 100vw, 800px\" \/><\/p>\n<h2 class=\"text-2xl font-bold mt-1 text-text-200\">K\u0101p\u0113c jums vajadz\u0113tu izv\u0113l\u0113ties Qingdao H&amp;F pacel\u0161anas ligzdu duo apa\u013caj\u0101m serde\u0146iem?<\/h2>\n<p class=\"whitespace-pre-wrap break-words\">Atz\u012bsim, ka, ieg\u0101d\u0101joties takel\u0101\u017eas apr\u012bkojumu, j\u016bs, iesp\u0113jams, saskaraties ar trim galvenaj\u0101m probl\u0113m\u0101m: Vai tas darbosies ar j\u016bsu pa\u0161reiz\u0113jo apr\u012bkojumu? Vai t\u0101 kalpos ilgi? Un, iesp\u0113jams, vissvar\u012bg\u0101kais - vai tas tiks pieg\u0101d\u0101ts, kad jums tas b\u016bs nepiecie\u0161ams? Qingdao H&amp;F esam izveidoju\u0161i savu uz\u0146\u0113mumu, lai risin\u0101tu tie\u0161i \u0161\u012bs probl\u0113mas.<\/p>\n<p class=\"whitespace-pre-wrap break-words\">M\u0113s izmantojam at\u0161\u0137ir\u012bgu pieeju nek\u0101 liel\u0101k\u0101 da\u013ca pieg\u0101d\u0101t\u0101ju. T\u0101 viet\u0101, lai uzmavi\u0146as uzskat\u012btu tikai par v\u0113l vienu kataloga preci, m\u0113s katram pas\u016bt\u012bjumam piev\u0113r\u0161am \u012bpa\u0161u, personaliz\u0113tu uzman\u012bbu. M\u016bsu komanda str\u0101d\u0101 tie\u0161i ar jums, lai izprastu j\u016bsu pacel\u0161anas sist\u0113mas specifiku, nodro\u0161inot, ka j\u016bs sa\u0146emat uzmavas, kas lieliski sader ar j\u016bsu eso\u0161o apr\u012bkojumu.<\/p>\n<p class=\"whitespace-pre-wrap break-words\">M\u0113s esam racionaliz\u0113ju\u0161i pieg\u0101des procesu, lai j\u016bsu projekti virz\u012btos uz priek\u0161u. Neatkar\u012bgi no t\u0101, vai jums nepiecie\u0161ama viena uzmava vai t\u016bksto\u0161iem uzmavu, m\u0113s stingri kontrol\u0113jam savu pieg\u0101des \u0137\u0113di, lai iev\u0113rotu j\u016bsu termi\u0146us. Katra partija tiek r\u016bp\u012bgi test\u0113ta, un m\u0113s sniedzam detaliz\u0113tus p\u0101rbaudes zi\u0146ojumus, lai j\u016bs var\u0113tu b\u016bt dro\u0161i par to, ko sa\u0146emat.<\/p>\n<p class=\"whitespace-pre-wrap break-words\">Str\u0101d\u0101jot ar mums, j\u016bs nep\u0113rkat tikai produktu - j\u016bs ieg\u016bstat partneri. M\u016bsu komanda ir pieejama visa procesa laik\u0101 un ir gatava atbild\u0113t uz jaut\u0101jumiem vai risin\u0101t radu\u0161\u0101s probl\u0113mas.<\/p>\n<h2 class=\"text-2xl font-bold mt-1 text-text-200\">Cel\u0161anas ligzdas Duo Round Ferrules dizains un funkcijas<\/h2>\n<p class=\"whitespace-pre-wrap break-words\">Lifting Socket Duo Round Ferrules skaistums sl\u0113pjas to vienk\u0101r\u0161aj\u0101, bet gudraj\u0101 dizain\u0101. \u0160\u012bs uzmavas ir izgatavotas no iztur\u012bga t\u0113rauda vai ner\u016bs\u0113jo\u0161\u0101 t\u0113rauda, un t\u0101s ir konstru\u0113tas t\u0101, lai iztur\u0113tu ikdienas lieto\u0161anas slodzi, vienlaikus saglab\u0101jot savu integrit\u0101ti. To noapa\u013cotais profils veido dabisku \u0161\u016bpuli stiep\u013cu tros\u0113m, nov\u0113r\u0161ot asas malas, kas var\u0113tu apdraud\u0113t troses iztur\u012bbu.<\/p>\n<p class=\"whitespace-pre-wrap break-words\">\u0160o duo apa\u013co uzmavu \u012bpa\u0161\u0101 \u012bpa\u0161\u012bba ir to daudzpus\u012bba. Tie ne tikai nostiprina virvi, bet ar\u012b aizsarg\u0101 pret vides boj\u0101jumiem. To glud\u0101 forma samazina berzi un pasarg\u0101 virvi no regul\u0101ras lieto\u0161anas nodiluma, kas ir \u012bpa\u0161i v\u0113rt\u012bgi skarbos darba apst\u0101k\u013cos.<\/p>\n<p class=\"whitespace-pre-wrap break-words\">\"Dueta\" funkcionalit\u0101te ir vair\u0101k nek\u0101 tikai m\u0101rketinga runas. \u0160ie uzmavas uzmavas ir divk\u0101r\u0161a funkcija, jo t\u0101s gan nosl\u0113dz virvi, gan pasarg\u0101 to no p\u0101rm\u0113r\u012bgas slodzes. Tas padara tos \u012bpa\u0161i v\u0113rt\u012bgus dinamisk\u0101 vid\u0113, piem\u0113ram, j\u016bras platform\u0101s, kur iek\u0101rtas ir pak\u013cautas past\u0101v\u012bgai kust\u012bbai un slodzei.<\/p>\n<p class=\"whitespace-pre-wrap break-words\">Viena no lab\u0101kaj\u0101m \u0161o uzmavu \u012bpa\u0161\u012bb\u0101m ir to vienk\u0101r\u0161ais uzst\u0101d\u012b\u0161anas process. Stiep\u013cu troses ievilk\u0161ana un nostiprin\u0101\u0161ana ir vienk\u0101r\u0161a, ietaupot v\u0113rt\u012bgu laiku uzst\u0101d\u012b\u0161anas laik\u0101. Turkl\u0101t, t\u0101 k\u0101 viens komponents nodro\u0161ina gan pabeig\u0161anu, gan aizsardz\u012bbu, j\u016bs ietaup\u0101t naudu un samazin\u0101siet takel\u0101\u017eas sist\u0113mas sare\u017e\u0123\u012bt\u012bbu.<\/p>\n<h2 class=\"text-2xl font-bold mt-1 text-text-200\">Apa\u013co uzmavas ligzdu Duo apa\u013co serde\u0146u noz\u012bme dro\u0161\u012bb\u0101 un veiktsp\u0113j\u0101<\/h2>\n<p class=\"whitespace-pre-wrap break-words\">Smagumu cel\u0161anas pasaul\u0113 nav vietas apr\u012bkojuma k\u013c\u016bm\u0113m. Kad j\u016bs ce\u013cat tonnas smagas kravas, katrai deta\u013cai ir j\u0101darbojas nevainojami. Cel\u0161anas ligzdas Socket Duo Round Ferrules ir kritiski svar\u012bgi dro\u0161\u012bbas elementi, kas nodro\u0161ina, ka stiep\u013cu troses paliek stingri piestiprin\u0101tas pie cel\u0161anas meh\u0101nismiem, un nov\u0113r\u0161 potenci\u0101li katastrof\u0101las k\u013c\u016bmes.<\/p>\n<p class=\"whitespace-pre-wrap break-words\">\u0160ie uzmavas ir konstru\u0113ti t\u0101, lai laika gait\u0101 saglab\u0101tu stiep\u013cu tro\u0161u integrit\u0101ti. Vienm\u0113r\u012bgi sadalot spiedienu, tie nov\u0113r\u0161 v\u0101jo vietu veido\u0161anos - tas ir \u013coti svar\u012bgi lietojumos, kur slodzes past\u0101v\u012bgi main\u0101s, piem\u0113ram, celt\u0146u darb\u012bb\u0101s vai j\u016bras pacel\u0161anas darbos.<\/p>\n<p class=\"whitespace-pre-wrap break-words\">Papildus to galvenajai nostiprin\u0101\u0161anas funkcijai \u0161ie uzmavas uzmavas aizsarg\u0101 pret koroziju un vides boj\u0101jumiem. Neatkar\u012bgi no t\u0101, vai str\u0101d\u0101jat j\u016bras ost\u0101 vai lietus p\u0101rmitrin\u0101t\u0101 b\u016bvlaukum\u0101, \u0161ajos uzmav\u0101s izmantotie augstv\u0113rt\u012bgie materi\u0101li nodro\u0161ina to darb\u012bbu gan sald\u016bdens, gan s\u0101ls\u016bdens apst\u0101k\u013cos.<\/p>\n<p><img decoding=\"async\" class=\"alignnone wp-image-3402 size-full\" src=\"http:\/\/qingdaohf.com\/wp-content\/uploads\/2023\/03\/50-2.jpg\" alt=\"apa\u013ca uzmava\" width=\"1200\" height=\"480\" srcset=\"https:\/\/qingdaohf.com\/wp-content\/uploads\/2023\/03\/50-2.jpg 1200w, https:\/\/qingdaohf.com\/wp-content\/uploads\/2023\/03\/50-2-300x120.jpg 300w, https:\/\/qingdaohf.com\/wp-content\/uploads\/2023\/03\/50-2-1024x410.jpg 1024w, https:\/\/qingdaohf.com\/wp-content\/uploads\/2023\/03\/50-2-768x307.jpg 768w, https:\/\/qingdaohf.com\/wp-content\/uploads\/2023\/03\/50-2-1000x400.jpg 1000w\" sizes=\"(max-width: 1200px) 100vw, 1200px\" \/><\/p>\n<h2 class=\"text-2xl font-bold mt-1 text-text-200\">Qingdao H&amp;F ap\u0146em\u0161an\u0101s nodro\u0161in\u0101t kvalit\u0101ti un servisu<\/h2>\n<p class=\"whitespace-pre-wrap break-words\">Qingdao H&amp;F kvalitat\u012bvu produktu pieg\u0101de ir tikai s\u0101kums. Katra m\u016bsu pacel\u0161anas ligzdu duo apa\u013co feru\u013cu partija tiek intens\u012bvi test\u0113ta, un par to tiek sagatavoti detaliz\u0113ti p\u0101rbaudes zi\u0146ojumi. \u0160\u012b p\u0101rredzam\u012bba \u013cauj jums p\u0101rbaud\u012bt, ko tie\u0161i sa\u0146emat un k\u0101 tas darbojas.<\/p>\n<p class=\"whitespace-pre-wrap break-words\">M\u0113s saprotam, ka j\u016bsu apr\u012bkojuma sa\u0146em\u0161ana laik\u0101 ir \u013coti svar\u012bga. T\u0101p\u0113c m\u0113s esam izveidoju\u0161i savu reput\u0101ciju, balstoties uz uzticamiem pieg\u0101des grafikiem, kas nodro\u0161ina j\u016bsu projektu virz\u012bbu uz priek\u0161u. Ja rodas jaut\u0101jumi, m\u016bsu tehnisk\u0101 komanda ir gatava pal\u012bdz\u0113t, sniedzot atbalstu, kas nepiecie\u0161ams, lai j\u016bsu darb\u012bba norit\u0113tu raiti.<\/p>\n<p class=\"whitespace-pre-wrap break-words\">Balstoties uz ilggad\u0113ju pieredzi nozar\u0113, m\u0113s izprotam probl\u0113mas, kas saist\u012btas ar uzticamu takel\u0101\u017eas komponentu nodro\u0161in\u0101\u0161anu. M\u016bsu komanda ir ap\u0146\u0113musies atvieglot j\u016bsu darbu, nodro\u0161inot mieru, izmantojot kvalitat\u012bvus produktus un uzticamu apkalpo\u0161anu.<\/p>\n<h2 class=\"text-2xl font-bold mt-1 text-text-200\">Secin\u0101jums<\/h2>\n<p class=\"whitespace-pre-wrap break-words\">Kad runa ir par takel\u0101\u017eas darbiem, pacel\u0161anas ligzdas Duo apa\u013c\u0101s froses ir b\u016btiskas sast\u0101vda\u013cas, kuras nevar at\u013cauties ignor\u0113t. T\u0101s nodro\u0161ina uzticamu un efekt\u012bvu risin\u0101jumu stiep\u013cu tro\u0161u nostiprin\u0101\u0161anai un aizsardz\u012bbai sare\u017e\u0123\u012bt\u0101 vid\u0113. Sadarbojoties ar Qingdao H&amp;F, j\u016bs sa\u0146emat ne tikai augstas kvalit\u0101tes uzmavas - j\u016bs sa\u0146emat komandu, kas ir ap\u0146\u0113musies nodro\u0161in\u0101t j\u016bsu pan\u0101kumus, \u0101tru pieg\u0101di un visaptvero\u0161u kvalit\u0101tes nodro\u0161in\u0101\u0161anu.<\/p>\n<p class=\"whitespace-pre-wrap break-words\">Katram pacel\u0161anas projektam ir savi unik\u0101li izaicin\u0101jumi, un m\u0113s esam \u0161eit, lai pal\u012bdz\u0113tu jums tos risin\u0101t. M\u0113s koncentr\u0113jamies uz kvalit\u0101ti, p\u0101rredzam\u012bbu un klientu apmierin\u0101t\u012bbu, t\u0101p\u0113c esam gatavi k\u013c\u016bt par j\u016bsu uzticamu partneri visos takel\u0101\u017eas jaut\u0101jumos. Sazinieties ar mums jau \u0161odien, lai uzzin\u0101tu, k\u0101 m\u016bsu pacel\u0161anas ligzdas Duo Round Ferrules var uzlabot j\u016bsu pacel\u0161anas darbus.<\/p>","protected":false},"excerpt":{"rendered":"<p>Cel\u0161anas ligzdas Socket Duo Round Ferrules pal\u012bdz nodro\u0161in\u0101t dro\u0161us un efekt\u012bvus savienojumus stiep\u013cu tros\u0113m, veicot smagas slodzes cel\u0161anas darbus. Tie ir konstru\u0113ti t\u0101, lai nodro\u0161in\u0101tu iztur\u012bbu, iztur\u012bbu un veiktsp\u0113ju augstas spriedzes vid\u0113s. Pirc\u0113jiem parasti r\u016bp cel\u0161anas komponentu savietojam\u012bba, uzticam\u012bba un dro\u0161\u012bba; ar Qingdao H&amp;F Lifting Socket Duo Round Ferrules j\u016bs varat b\u016bt dro\u0161i par augstas kvalit\u0101tes risin\u0101jumiem. M\u016bsu produktus atbalsta individu\u0101la klientu apkalpo\u0161ana, \u0101tri pieg\u0101des cikli un visaptvero\u0161i kvalit\u0101tes p\u0101rbaudes zi\u0146ojumi, lai nodro\u0161in\u0101tu, ka j\u016bs sa\u0146emat tie\u0161i to, kas jums nepiecie\u0161ams, kad tas jums nepiecie\u0161ams, un ar piln\u012bgu p\u0101rredzam\u012bbu.<\/p>","protected":false},"featured_media":8723,"comment_status":"open","ping_status":"closed","template":"","meta":{"site-sidebar-layout":"default","site-content-layout":"","ast-site-content-layout":"default","site-content-style":"default","site-sidebar-style":"default","ast-global-header-display":"","ast-banner-title-visibility":"","ast-main-header-display":"","ast-hfb-above-header-display":"","ast-hfb-below-header-display":"","ast-hfb-mobile-header-display":"","site-post-title":"","ast-breadcrumbs-content":"","ast-featured-img":"","footer-sml-layout":"","theme-transparent-header-meta":"default","adv-header-id-meta":"","stick-header-meta":"default","header-above-stick-meta":"","header-main-stick-meta":"","header-below-stick-meta":"","astra-migrate-meta-layouts":"set","ast-page-background-enabled":"default","ast-page-background-meta":{"desktop":{"background-color":"","background-image":"","background-repeat":"repeat","background-position":"center center","background-size":"auto","background-attachment":"scroll","background-type":"","background-media":"","overlay-type":"","overlay-color":"","overlay-opacity":"","overlay-gradient":""},"tablet":{"background-color":"","background-image":"","background-repeat":"repeat","background-position":"center center","background-size":"auto","background-attachment":"scroll","background-type":"","background-media":"","overlay-type":"","overlay-color":"","overlay-opacity":"","overlay-gradient":""},"mobile":{"background-color":"","background-image":"","background-repeat":"repeat","background-position":"center center","background-size":"auto","background-attachment":"scroll","background-type":"","background-media":"","overlay-type":"","overlay-color":"","overlay-opacity":"","overlay-gradient":""}},"ast-content-background-meta":{"desktop":{"background-color":"var(--ast-global-color-5)","background-image":"","background-repeat":"repeat","background-position":"center center","background-size":"auto","background-attachment":"scroll","background-type":"","background-media":"","overlay-type":"","overlay-color":"","overlay-opacity":"","overlay-gradient":""},"tablet":{"background-color":"var(--ast-global-color-5)","background-image":"","background-repeat":"repeat","background-position":"center center","background-size":"auto","background-attachment":"scroll","background-type":"","background-media":"","overlay-type":"","overlay-color":"","overlay-opacity":"","overlay-gradient":""},"mobile":{"background-color":"var(--ast-global-color-5)","background-image":"","background-repeat":"repeat","background-position":"center center","background-size":"auto","background-attachment":"scroll","background-type":"","background-media":"","overlay-type":"","overlay-color":"","overlay-opacity":"","overlay-gradient":""}}},"product_brand":[],"product_cat":[30],"product_tag":[],"class_list":{"0":"post-8721","1":"product","2":"type-product","3":"status-publish","4":"has-post-thumbnail","6":"product_cat-lifting-anchor","7":"desktop-align-left","8":"tablet-align-left","9":"mobile-align-left","10":"ast-product-gallery-layout-horizontal-slider","11":"ast-product-tabs-layout-horizontal","13":"first","14":"instock","15":"shipping-taxable","16":"purchasable","17":"product-type-simple"},"yoast_head":"<!-- This site is optimized with the Yoast SEO plugin v25.2 - https:\/\/yoast.com\/wordpress\/plugins\/seo\/ -->\n<title>Lifting Socket Duo Round Ferrules<\/title>\n<meta name=\"description\" content=\"Lifting Socket Duo Round Ferrules help to provide safe and efficient connections for wire ropes in heavy-duty lifting operations.\" \/>\n<meta name=\"robots\" content=\"index, follow, max-snippet:-1, max-image-preview:large, max-video-preview:-1\" \/>\n<link rel=\"canonical\" href=\"https:\/\/qingdaohf.com\/lv\/products\/pacelsanas-ligzda-duo-apalas-uzmavas\/\" \/>\n<meta property=\"og:locale\" content=\"lv_LV\" \/>\n<meta property=\"og:type\" content=\"article\" \/>\n<meta property=\"og:title\" content=\"Lifting Socket Duo Round Ferrules\" \/>\n<meta property=\"og:description\" content=\"Lifting Socket Duo Round Ferrules help to provide safe and efficient connections for wire ropes in heavy-duty lifting operations.\" \/>\n<meta property=\"og:url\" content=\"https:\/\/qingdaohf.com\/lv\/products\/pacelsanas-ligzda-duo-apalas-uzmavas\/\" \/>\n<meta property=\"og:site_name\" content=\"Concrete Form &amp; Rigging Hardware Supplier\" \/>\n<meta property=\"article:publisher\" content=\"https:\/\/www.facebook.com\/qingdaohf\" \/>\n<meta property=\"article:modified_time\" content=\"2025-11-13T01:02:20+00:00\" \/>\n<meta property=\"og:image\" content=\"https:\/\/qingdaohf.com\/wp-content\/uploads\/2025\/01\/duo-round-ferrule-1.jpg\" \/>\n\t<meta property=\"og:image:width\" content=\"800\" \/>\n\t<meta property=\"og:image:height\" content=\"800\" \/>\n\t<meta property=\"og:image:type\" content=\"image\/jpeg\" \/>\n<meta name=\"twitter:card\" content=\"summary_large_image\" \/>\n<meta name=\"twitter:label1\" content=\"Est. reading time\" \/>\n\t<meta name=\"twitter:data1\" content=\"5 min\u016btes\" \/>\n<script type=\"application\/ld+json\" class=\"yoast-schema-graph\">{\"@context\":\"https:\/\/schema.org\",\"@graph\":[{\"@type\":\"WebPage\",\"@id\":\"https:\/\/qingdaohf.com\/product\/lifting-socket-duo-round-ferrules\/\",\"url\":\"https:\/\/qingdaohf.com\/product\/lifting-socket-duo-round-ferrules\/\",\"name\":\"Lifting Socket Duo Round Ferrules\",\"isPartOf\":{\"@id\":\"https:\/\/qingdaohf.com\/bg\/#website\"},\"primaryImageOfPage\":{\"@id\":\"https:\/\/qingdaohf.com\/product\/lifting-socket-duo-round-ferrules\/#primaryimage\"},\"image\":{\"@id\":\"https:\/\/qingdaohf.com\/product\/lifting-socket-duo-round-ferrules\/#primaryimage\"},\"thumbnailUrl\":\"https:\/\/qingdaohf.com\/wp-content\/uploads\/2025\/01\/duo-round-ferrule-1.jpg\",\"datePublished\":\"2025-01-13T06:56:13+00:00\",\"dateModified\":\"2025-11-13T01:02:20+00:00\",\"description\":\"Lifting Socket Duo Round Ferrules help to provide safe and efficient connections for wire ropes in heavy-duty lifting operations.\",\"breadcrumb\":{\"@id\":\"https:\/\/qingdaohf.com\/product\/lifting-socket-duo-round-ferrules\/#breadcrumb\"},\"inLanguage\":\"lv-LV\",\"potentialAction\":[{\"@type\":\"ReadAction\",\"target\":[\"https:\/\/qingdaohf.com\/product\/lifting-socket-duo-round-ferrules\/\"]}]},{\"@type\":\"ImageObject\",\"inLanguage\":\"lv-LV\",\"@id\":\"https:\/\/qingdaohf.com\/product\/lifting-socket-duo-round-ferrules\/#primaryimage\",\"url\":\"https:\/\/qingdaohf.com\/wp-content\/uploads\/2025\/01\/duo-round-ferrule-1.jpg\",\"contentUrl\":\"https:\/\/qingdaohf.com\/wp-content\/uploads\/2025\/01\/duo-round-ferrule-1.jpg\",\"width\":800,\"height\":800,\"caption\":\"duo round ferrule\"},{\"@type\":\"BreadcrumbList\",\"@id\":\"https:\/\/qingdaohf.com\/product\/lifting-socket-duo-round-ferrules\/#breadcrumb\",\"itemListElement\":[{\"@type\":\"ListItem\",\"position\":1,\"name\":\"Home\",\"item\":\"https:\/\/qingdaohf.com\/\"},{\"@type\":\"ListItem\",\"position\":2,\"name\":\"Concrete Forming Accessories and Rigging Hardware\",\"item\":\"https:\/\/qingdaohf.com\/bg\/?page_id=944\"},{\"@type\":\"ListItem\",\"position\":3,\"name\":\"Lifting Socket Duo Round Ferrules\"}]},{\"@type\":\"WebSite\",\"@id\":\"https:\/\/qingdaohf.com\/bg\/#website\",\"url\":\"https:\/\/qingdaohf.com\/bg\/\",\"name\":\"Concrete Form & Rigging Hardware Supplier\",\"description\":\"\",\"publisher\":{\"@id\":\"https:\/\/qingdaohf.com\/bg\/#organization\"},\"potentialAction\":[{\"@type\":\"SearchAction\",\"target\":{\"@type\":\"EntryPoint\",\"urlTemplate\":\"https:\/\/qingdaohf.com\/bg\/?s={search_term_string}\"},\"query-input\":{\"@type\":\"PropertyValueSpecification\",\"valueRequired\":true,\"valueName\":\"search_term_string\"}}],\"inLanguage\":\"lv-LV\"},{\"@type\":\"Organization\",\"@id\":\"https:\/\/qingdaohf.com\/bg\/#organization\",\"name\":\"Qingdao H&F\",\"url\":\"https:\/\/qingdaohf.com\/bg\/\",\"logo\":{\"@type\":\"ImageObject\",\"inLanguage\":\"lv-LV\",\"@id\":\"https:\/\/qingdaohf.com\/bg\/#\/schema\/logo\/image\/\",\"url\":\"https:\/\/qingdaohf.com\/wp-content\/uploads\/2022\/12\/cropped-HF-LOGO.png\",\"contentUrl\":\"https:\/\/qingdaohf.com\/wp-content\/uploads\/2022\/12\/cropped-HF-LOGO.png\",\"width\":391,\"height\":249,\"caption\":\"Qingdao H&F\"},\"image\":{\"@id\":\"https:\/\/qingdaohf.com\/bg\/#\/schema\/logo\/image\/\"},\"sameAs\":[\"https:\/\/www.facebook.com\/qingdaohf\"]}]}<\/script>\n<!-- \/ Yoast SEO plugin. -->","yoast_head_json":{"title":"Lifting Socket Duo Round Ferrules","description":"Lifting Socket Duo Round Ferrules help to provide safe and efficient connections for wire ropes in heavy-duty lifting operations.","robots":{"index":"index","follow":"follow","max-snippet":"max-snippet:-1","max-image-preview":"max-image-preview:large","max-video-preview":"max-video-preview:-1"},"canonical":"https:\/\/qingdaohf.com\/lv\/products\/pacelsanas-ligzda-duo-apalas-uzmavas\/","og_locale":"lv_LV","og_type":"article","og_title":"Lifting Socket Duo Round Ferrules","og_description":"Lifting Socket Duo Round Ferrules help to provide safe and efficient connections for wire ropes in heavy-duty lifting operations.","og_url":"https:\/\/qingdaohf.com\/lv\/products\/pacelsanas-ligzda-duo-apalas-uzmavas\/","og_site_name":"Concrete Form &amp; Rigging Hardware Supplier","article_publisher":"https:\/\/www.facebook.com\/qingdaohf","article_modified_time":"2025-11-13T01:02:20+00:00","og_image":[{"width":800,"height":800,"url":"https:\/\/qingdaohf.com\/wp-content\/uploads\/2025\/01\/duo-round-ferrule-1.jpg","type":"image\/jpeg"}],"twitter_card":"summary_large_image","twitter_misc":{"Est. reading time":"5 min\u016btes"},"schema":{"@context":"https:\/\/schema.org","@graph":[{"@type":"WebPage","@id":"https:\/\/qingdaohf.com\/product\/lifting-socket-duo-round-ferrules\/","url":"https:\/\/qingdaohf.com\/product\/lifting-socket-duo-round-ferrules\/","name":"Lifting Socket Duo Round Ferrules","isPartOf":{"@id":"https:\/\/qingdaohf.com\/bg\/#website"},"primaryImageOfPage":{"@id":"https:\/\/qingdaohf.com\/product\/lifting-socket-duo-round-ferrules\/#primaryimage"},"image":{"@id":"https:\/\/qingdaohf.com\/product\/lifting-socket-duo-round-ferrules\/#primaryimage"},"thumbnailUrl":"https:\/\/qingdaohf.com\/wp-content\/uploads\/2025\/01\/duo-round-ferrule-1.jpg","datePublished":"2025-01-13T06:56:13+00:00","dateModified":"2025-11-13T01:02:20+00:00","description":"Lifting Socket Duo Round Ferrules help to provide safe and efficient connections for wire ropes in heavy-duty lifting operations.","breadcrumb":{"@id":"https:\/\/qingdaohf.com\/product\/lifting-socket-duo-round-ferrules\/#breadcrumb"},"inLanguage":"lv-LV","potentialAction":[{"@type":"ReadAction","target":["https:\/\/qingdaohf.com\/product\/lifting-socket-duo-round-ferrules\/"]}]},{"@type":"ImageObject","inLanguage":"lv-LV","@id":"https:\/\/qingdaohf.com\/product\/lifting-socket-duo-round-ferrules\/#primaryimage","url":"https:\/\/qingdaohf.com\/wp-content\/uploads\/2025\/01\/duo-round-ferrule-1.jpg","contentUrl":"https:\/\/qingdaohf.com\/wp-content\/uploads\/2025\/01\/duo-round-ferrule-1.jpg","width":800,"height":800,"caption":"duo round ferrule"},{"@type":"BreadcrumbList","@id":"https:\/\/qingdaohf.com\/product\/lifting-socket-duo-round-ferrules\/#breadcrumb","itemListElement":[{"@type":"ListItem","position":1,"name":"Home","item":"https:\/\/qingdaohf.com\/"},{"@type":"ListItem","position":2,"name":"Concrete Forming Accessories and Rigging Hardware","item":"https:\/\/qingdaohf.com\/bg\/?page_id=944"},{"@type":"ListItem","position":3,"name":"Lifting Socket Duo Round Ferrules"}]},{"@type":"WebSite","@id":"https:\/\/qingdaohf.com\/bg\/#website","url":"https:\/\/qingdaohf.com\/bg\/","name":"Concrete Form & Rigging Hardware Supplier","description":"","publisher":{"@id":"https:\/\/qingdaohf.com\/bg\/#organization"},"potentialAction":[{"@type":"SearchAction","target":{"@type":"EntryPoint","urlTemplate":"https:\/\/qingdaohf.com\/bg\/?s={search_term_string}"},"query-input":{"@type":"PropertyValueSpecification","valueRequired":true,"valueName":"search_term_string"}}],"inLanguage":"lv-LV"},{"@type":"Organization","@id":"https:\/\/qingdaohf.com\/bg\/#organization","name":"Qingdao H&F","url":"https:\/\/qingdaohf.com\/bg\/","logo":{"@type":"ImageObject","inLanguage":"lv-LV","@id":"https:\/\/qingdaohf.com\/bg\/#\/schema\/logo\/image\/","url":"https:\/\/qingdaohf.com\/wp-content\/uploads\/2022\/12\/cropped-HF-LOGO.png","contentUrl":"https:\/\/qingdaohf.com\/wp-content\/uploads\/2022\/12\/cropped-HF-LOGO.png","width":391,"height":249,"caption":"Qingdao H&F"},"image":{"@id":"https:\/\/qingdaohf.com\/bg\/#\/schema\/logo\/image\/"},"sameAs":["https:\/\/www.facebook.com\/qingdaohf"]}]}},"_links":{"self":[{"href":"https:\/\/qingdaohf.com\/lv\/wp-json\/wp\/v2\/product\/8721","targetHints":{"allow":["GET"]}}],"collection":[{"href":"https:\/\/qingdaohf.com\/lv\/wp-json\/wp\/v2\/product"}],"about":[{"href":"https:\/\/qingdaohf.com\/lv\/wp-json\/wp\/v2\/types\/product"}],"replies":[{"embeddable":true,"href":"https:\/\/qingdaohf.com\/lv\/wp-json\/wp\/v2\/comments?post=8721"}],"version-history":[{"count":3,"href":"https:\/\/qingdaohf.com\/lv\/wp-json\/wp\/v2\/product\/8721\/revisions"}],"predecessor-version":[{"id":8730,"href":"https:\/\/qingdaohf.com\/lv\/wp-json\/wp\/v2\/product\/8721\/revisions\/8730"}],"wp:featuredmedia":[{"embeddable":true,"href":"https:\/\/qingdaohf.com\/lv\/wp-json\/wp\/v2\/media\/8723"}],"wp:attachment":[{"href":"https:\/\/qingdaohf.com\/lv\/wp-json\/wp\/v2\/media?parent=8721"}],"wp:term":[{"taxonomy":"product_brand","embeddable":true,"href":"https:\/\/qingdaohf.com\/lv\/wp-json\/wp\/v2\/product_brand?post=8721"},{"taxonomy":"product_cat","embeddable":true,"href":"https:\/\/qingdaohf.com\/lv\/wp-json\/wp\/v2\/product_cat?post=8721"},{"taxonomy":"product_tag","embeddable":true,"href":"https:\/\/qingdaohf.com\/lv\/wp-json\/wp\/v2\/product_tag?post=8721"}],"curies":[{"name":"wp","href":"https:\/\/api.w.org\/{rel}","templated":true}]}}