{"id":8745,"date":"2025-01-18T09:22:33","date_gmt":"2025-01-18T01:22:33","guid":{"rendered":"http:\/\/qingdaohf.com\/?post_type=product&#038;p=8745"},"modified":"2025-11-13T09:02:20","modified_gmt":"2025-11-13T01:02:20","slug":"turnbuckle-concrete","status":"publish","type":"product","link":"https:\/\/qingdaohf.com\/lv\/products\/spriegotaja-betons\/","title":{"rendered":"Pagrieziena sl\u0113dzenes betons"},"content":{"rendered":"<p class=\"whitespace-pre-wrap break-words\">Kad runa ir par betona veid\u0146iem, velns sl\u0113pjas deta\u013c\u0101s. Tie\u0161i \u0161aj\u0101 viet\u0101 ir j\u0101ievie\u0161 grieztu betona piederumi - tie nav tikai furnit\u016bra, tie ir neapdzied\u0101tie varo\u0146i, kas nodro\u0161ina, ka j\u016bsu veidnes ir pareizas un ka j\u016bsu beton\u0113\u0161ana ir perfekta. Iepaz\u012bsimies ar diviem smagajiem turbulentu pasaules hitiem: Plakan\u0101s pl\u0101ksnes un liekt\u0101s pl\u0101ksnes konstrukcijas. Katram no tiem ir kaut kas \u012bpa\u0161s, un at\u0161\u0137ir\u012bbu apzin\u0101\u0161an\u0101s var iz\u0161\u0137irt vai sagraut j\u016bsu n\u0101kamo projektu.<\/p>\n<p><img fetchpriority=\"high\" decoding=\"async\" class=\"alignnone size-medium wp-image-9135\" src=\"http:\/\/qingdaohf.com\/wp-content\/uploads\/2025\/03\/concrete-turnbuckle-7-300x300.webp\" alt=\"betona spriegot\u0101js\" width=\"300\" height=\"300\" srcset=\"https:\/\/qingdaohf.com\/wp-content\/uploads\/2025\/03\/concrete-turnbuckle-7-300x300.webp 300w, https:\/\/qingdaohf.com\/wp-content\/uploads\/2025\/03\/concrete-turnbuckle-7-150x150.webp 150w, https:\/\/qingdaohf.com\/wp-content\/uploads\/2025\/03\/concrete-turnbuckle-7-768x768.webp 768w, https:\/\/qingdaohf.com\/wp-content\/uploads\/2025\/03\/concrete-turnbuckle-7-12x12.webp 12w, https:\/\/qingdaohf.com\/wp-content\/uploads\/2025\/03\/concrete-turnbuckle-7-500x500.webp 500w, https:\/\/qingdaohf.com\/wp-content\/uploads\/2025\/03\/concrete-turnbuckle-7-100x100.webp 100w, https:\/\/qingdaohf.com\/wp-content\/uploads\/2025\/03\/concrete-turnbuckle-7.webp 1000w\" sizes=\"(max-width: 300px) 100vw, 300px\" \/> <img decoding=\"async\" class=\"alignnone size-medium wp-image-9131\" src=\"http:\/\/qingdaohf.com\/wp-content\/uploads\/2025\/03\/concrete-turnbuckle-3-300x300.webp\" alt=\"betona spriegot\u0101js\" width=\"300\" height=\"300\" srcset=\"https:\/\/qingdaohf.com\/wp-content\/uploads\/2025\/03\/concrete-turnbuckle-3-300x300.webp 300w, https:\/\/qingdaohf.com\/wp-content\/uploads\/2025\/03\/concrete-turnbuckle-3-150x150.webp 150w, https:\/\/qingdaohf.com\/wp-content\/uploads\/2025\/03\/concrete-turnbuckle-3-768x768.webp 768w, https:\/\/qingdaohf.com\/wp-content\/uploads\/2025\/03\/concrete-turnbuckle-3-12x12.webp 12w, https:\/\/qingdaohf.com\/wp-content\/uploads\/2025\/03\/concrete-turnbuckle-3-500x500.webp 500w, https:\/\/qingdaohf.com\/wp-content\/uploads\/2025\/03\/concrete-turnbuckle-3-100x100.webp 100w, https:\/\/qingdaohf.com\/wp-content\/uploads\/2025\/03\/concrete-turnbuckle-3.webp 1000w\" sizes=\"(max-width: 300px) 100vw, 300px\" \/><\/p>\n<p class=\"whitespace-pre-wrap break-words\">\u0160eit, H&amp;F, m\u0113s esam jums par\u016bp\u0113ju\u0161ies par j\u016bsu muguru, pied\u0101v\u0101jot spriegot\u0101ju risin\u0101jumus, kas ne tikai apmierina j\u016bsu cer\u012bbas, bet pat p\u0101rsp\u0113j t\u0101s. Neatkar\u012bgi no t\u0101, vai str\u0101d\u0101jat pie pla\u0161a infrastrukt\u016bras projekta vai prec\u012bzas dz\u012bvojam\u0101s m\u0101jas b\u016bvniec\u012bbas, m\u016bsu r\u012bc\u012bb\u0101 ir nepiecie\u0161amie instrumenti, lai to paveiktu pareizi.<\/p>\n<div class=\"ast-oembed-container\" style=\"height: 100%;\"><iframe title=\"Betona virzu\u013cu veid\u0146u izl\u012bdzin\u0101t\u0101js\" width=\"500\" height=\"281\" src=\"https:\/\/www.youtube.com\/embed\/1guP_DQRF1o?feature=oembed\" frameborder=\"0\" allow=\"accelerometer; autoplay; clipboard-write; encrypted-media; gyroscope; picture-in-picture; web-share\" referrerpolicy=\"strict-origin-when-cross-origin\" allowfullscreen><\/iframe><\/div>\n<h2 class=\"text-xl font-bold text-text-200 mt-1 -mb-0.5\">Plakan\u0101s pl\u0101ksnes spriegot\u0101ji: Precizit\u0101te un vienk\u0101r\u0161\u012bba<\/h2>\n<p><img decoding=\"async\" class=\"alignnone wp-image-8766 size-medium\" src=\"http:\/\/qingdaohf.com\/wp-content\/uploads\/2025\/01\/flat-plate-turnbuckle-10-300x300.jpg\" alt=\"plakanas pl\u0101ksnes spriegot\u0101js\" width=\"300\" height=\"300\" srcset=\"https:\/\/qingdaohf.com\/wp-content\/uploads\/2025\/01\/flat-plate-turnbuckle-10-300x300.jpg 300w, https:\/\/qingdaohf.com\/wp-content\/uploads\/2025\/01\/flat-plate-turnbuckle-10-150x150.jpg 150w, https:\/\/qingdaohf.com\/wp-content\/uploads\/2025\/01\/flat-plate-turnbuckle-10-768x768.jpg 768w, https:\/\/qingdaohf.com\/wp-content\/uploads\/2025\/01\/flat-plate-turnbuckle-10-12x12.jpg 12w, https:\/\/qingdaohf.com\/wp-content\/uploads\/2025\/01\/flat-plate-turnbuckle-10-500x500.jpg 500w, https:\/\/qingdaohf.com\/wp-content\/uploads\/2025\/01\/flat-plate-turnbuckle-10-100x100.jpg 100w, https:\/\/qingdaohf.com\/wp-content\/uploads\/2025\/01\/flat-plate-turnbuckle-10.jpg 1000w\" sizes=\"(max-width: 300px) 100vw, 300px\" \/><\/p>\n<p class=\"whitespace-pre-wrap break-words\">Izt\u0113lojieties \u0161\u0101du: vienk\u0101r\u0161a un vienk\u0101r\u0161a spriegot\u0101ja ar plakanu pl\u0101ksni abos galos, kas perfekti saskan ar j\u016bsu veid\u0146iem. T\u0101da ir m\u016bsu plakano pl\u0101k\u0161\u0146u konstrukcija. Tie ir popul\u0101ri ne tikai t\u0101p\u0113c, ka izskat\u0101s gl\u012bti - tie ir darba zirgi, kas vienm\u0113r\u012bgi sadala slodzi savos savienojuma punktos, samazinot j\u016bsu veid\u0146u nolietojumu.<\/p>\n<p class=\"whitespace-pre-wrap break-words\">\u0160\u012bs skaistules izce\u013cas ar to, cik vienk\u0101r\u0161i ar t\u0101m ir str\u0101d\u0101t. Ja j\u016bs steidzaties ar laiku, \u012bstenojot projektu, kur\u0101 svar\u012bgs ir katrs milimetrs, j\u016bs nov\u0113rt\u0113siet to vienk\u0101r\u0161o uzst\u0101d\u012b\u0161anu. T\u0101 k\u0101 tie cie\u0161i piegu\u013c pie formas, jums neb\u016bs j\u0101uztraucas par kl\u012brensa jaut\u0101jumiem.<\/p>\n<p class=\"whitespace-pre-wrap break-words\">M\u0113s H&amp;F nelaist\u0101mies mu\u013c\u0137\u012bb\u0101s, kad runa ir par materi\u0101liem. Katra m\u016bsu pieg\u0101d\u0101t\u0101 plakan\u0101s pl\u0101ksnes spriegot\u0101js ir izgatavots no \u013coti iztur\u012bga materi\u0101la, kas ir konstru\u0113ts t\u0101, lai smieties pret koroziju un iztur\u0113tu ikdienas vardarb\u012bbu darba viet\u0101.<\/p>\n<h2 class=\"text-xl font-bold text-text-200 mt-1 -mb-0.5\">Izliekt\u0101s pl\u0101ksnes spriegot\u0101ji: Piel\u0101gojam\u012bba un uzlabota sa\u0137ere<\/h2>\n<p><img loading=\"lazy\" decoding=\"async\" class=\"alignnone size-medium wp-image-8814\" src=\"http:\/\/qingdaohf.com\/wp-content\/uploads\/2025\/01\/bent-plate-turnbuckle-17-300x300.jpg\" alt=\"saliektas pl\u0101ksnes spriegot\u0101js\" width=\"300\" height=\"300\" srcset=\"https:\/\/qingdaohf.com\/wp-content\/uploads\/2025\/01\/bent-plate-turnbuckle-17-300x300.jpg 300w, https:\/\/qingdaohf.com\/wp-content\/uploads\/2025\/01\/bent-plate-turnbuckle-17-150x150.jpg 150w, https:\/\/qingdaohf.com\/wp-content\/uploads\/2025\/01\/bent-plate-turnbuckle-17-768x768.jpg 768w, https:\/\/qingdaohf.com\/wp-content\/uploads\/2025\/01\/bent-plate-turnbuckle-17-12x12.jpg 12w, https:\/\/qingdaohf.com\/wp-content\/uploads\/2025\/01\/bent-plate-turnbuckle-17-500x500.jpg 500w, https:\/\/qingdaohf.com\/wp-content\/uploads\/2025\/01\/bent-plate-turnbuckle-17-100x100.jpg 100w, https:\/\/qingdaohf.com\/wp-content\/uploads\/2025\/01\/bent-plate-turnbuckle-17.jpg 1000w\" sizes=\"(max-width: 300px) 100vw, 300px\" \/><\/p>\n<p class=\"whitespace-pre-wrap break-words\">Tagad parun\u0101sim par virzu\u013cu pasaules probl\u0113mu risin\u0101t\u0101jiem - m\u016bsu Bent Plate mode\u013ciem. \u0160iem sliktajiem z\u0113niem ir le\u0146\u0137veida gala pl\u0101ksnes, kas satveras t\u0101, it k\u0101 t\u0101s to dom\u0101tu nopietni. Ja jums ir j\u0101saskaras ar sare\u017e\u0123\u012btiem le\u0146\u0137iem vai virsm\u0101m, kas nav glu\u017ei ide\u0101las k\u0101 no m\u0101c\u012bbu gr\u0101matas, \u0161ie ir j\u016bsu risin\u0101jums.<\/p>\n<p class=\"whitespace-pre-wrap break-words\">Izliekt\u0101s pl\u0101ksnes konstrukcijas \u0123enialit\u0101te atkl\u0101jas, kad risin\u0101t galvu reibino\u0161us scen\u0101rijus, kuros standarta risin\u0101jumi vienk\u0101r\u0161i nav piem\u0113roti. Ir neparasta slodzes situ\u0101cija? Darbojas ar form\u0101m, kas sav\u0113rpjas un pagrie\u017eas? Tie\u0161i \u0161aj\u0101 situ\u0101cij\u0101 liekam\u0101s pl\u0101ksnes spriegot\u0101ji pelna savu atalgojumu.<\/p>\n<p class=\"whitespace-pre-wrap break-words\">T\u0101pat k\u0101 to plakan\u0101s pl\u0101ksnes radinieki, ar\u012b m\u016bsu liekt\u0101s pl\u0101ksnes spriegot\u0101ji ir izgatavoti iztur\u012bgi. M\u0113s t\u0101s test\u0113jam, jo zin\u0101m, ka re\u0101laj\u0101 pasaul\u0113 t\u0101s saskarsies ar nopietniem p\u0101rbaud\u012bjumiem.<\/p>\n<h2 class=\"text-xl font-bold text-text-200 mt-1 -mb-0.5\">K\u0101p\u0113c izv\u0113l\u0113ties H&amp;F grieztuvju betona risin\u0101jumiem?<\/h2>\n<p class=\"whitespace-pre-wrap break-words\">Pareiz\u0101 tur\u0113t\u0101ja atra\u0161ana ir tikai s\u0101kums - jums ir nepiecie\u0161ams pieg\u0101d\u0101t\u0101js, kas j\u016bs atbalst\u012bs, kad situ\u0101cija k\u013c\u016bs re\u0101la. Tie\u0161i \u0161aj\u0101 zi\u0146\u0101 H&amp;F izce\u013cas. M\u0113s ne tikai p\u0101rdodam aparat\u016bru; m\u0113s nodro\u0161in\u0101m mieru, kas iet\u012bts t\u0113raud\u0101.<\/p>\n<p class=\"whitespace-pre-wrap break-words\">Izlaidiet automatiz\u0113to t\u0101lru\u0146u labirintu - ar mums j\u016bs sa\u0146emsiet \u012bstu cilv\u0113ku, kas p\u0101rzina b\u016bvniec\u012bbu no iek\u0161puses un no \u0101rpuses. J\u016bsu \u012bpa\u0161ais p\u0101rst\u0101vis ar jums sadarbosies no pirm\u0101 kontakta l\u012bdz gal\u012bgajai pieg\u0101dei un v\u0113l ilg\u0101k, p\u0101rliecinoties, ka esat ieguvis tie\u0161i to, kas nepiecie\u0161ams j\u016bsu projektam.<\/p>\n<p class=\"whitespace-pre-wrap break-words\">M\u0113s zin\u0101m, ka \u0161aj\u0101 biznes\u0101 laiks ir nauda. T\u0101p\u0113c esam racionaliz\u0113ju\u0161i pieg\u0101des procesu, lai j\u016bs var\u0113tu sa\u0146emt nepiecie\u0161amo, kad jums tas ir nepiecie\u0161ams. Nek\u0101du atrunu, nek\u0101du kav\u0113jumu - tikai uzticams serviss, uz kuru varat pa\u013cauties.<\/p>\n<p class=\"whitespace-pre-wrap break-words\">Katrai m\u016bsu nos\u016bt\u012btajai siksnai ir pievienoti prec\u012bzi dati, kas apliecina t\u0101s veiktsp\u0113ju. M\u0113s visu r\u016bp\u012bgi test\u0113jam un sniedzam jums to apliecino\u0161us dokumentus. Jo \u0161aj\u0101 biznes\u0101 uztic\u0113\u0161an\u0101s ir laba, bet p\u0101rbaude ir v\u0113l lab\u0101ka.<\/p>\n<p class=\"whitespace-pre-wrap break-words\">Un \u0161eit ir galvenais - m\u0113s nodro\u0161in\u0101m visu \u0161o kvalit\u0101ti un pakalpojumus, nesamazinot bankas izmaksas. M\u0113s esam izdom\u0101ju\u0161i, k\u0101 saglab\u0101t konkur\u0113tsp\u0113j\u012bgas cenas, vienlaikus saglab\u0101jot standartus, kas padara H&amp;F spriegot\u0101jus par nopietnu b\u016bvnieku izv\u0113li.<\/p>\n<h2 class=\"text-xl font-bold text-text-200 mt-1 -mb-0.5\">Secin\u0101jums: Piel\u0101goti risin\u0101jumi m\u016bsdienu b\u016bvniec\u012bbas vajadz\u012bb\u0101m<\/h2>\n<p class=\"whitespace-pre-wrap break-words\">Neatkar\u012bgi no t\u0101, vai v\u0113laties izmantot plakan\u0101s pl\u0101ksnes spriegot\u0101ja prec\u012bzo vienk\u0101r\u0161\u012bbu vai pa\u013cauties uz liekt\u0101s pl\u0101ksnes mode\u013ca sa\u0137eri un piel\u0101gojam\u012bbu, \u0161ie instrumenti ir \u013coti svar\u012bgi m\u016bsdienu celtniec\u012bbas nozares dal\u012bbnieki. Katrs no tiem ir ar sav\u0101m stipraj\u0101m pus\u0113m un ir gatavs risin\u0101t jebk\u0101dus j\u016bsu projekta uzdevumus.<\/p>\n<p class=\"whitespace-pre-wrap break-words\">H&amp;F ar lepnumu atbalsta \u0161os r\u012bkus ar servisu, kas atbilst to kvalit\u0101tei. S\u0101kot ar m\u016bsu atsauc\u012bgo komandu un beidzot ar \u0101trajiem pieg\u0101des termi\u0146iem un nevainojamo kvalit\u0101tes test\u0113\u0161anu, m\u0113s esam \u0161eit, lai p\u0101rliecin\u0101tos, ka jums ir viss, kas jums nepiecie\u0161ams pan\u0101kumu g\u016b\u0161anai.<\/p>\n<p class=\"whitespace-pre-wrap break-words\">Sadarbojoties ar H&amp;F, j\u016bs ieg\u016bsiet vair\u0101k nek\u0101 tikai turbek\u013cus - j\u016bs ieg\u016bsiet komandu, kas saprot, kas ir likts uz sp\u0113les j\u016bsu darb\u0101. Izveidosim kaut ko lielisku kop\u0101.<\/p>","protected":false},"excerpt":{"rendered":"<p>Spriegotais betons ir galvenais pal\u012bgier\u012bce liel\u0101kaj\u0101 da\u013c\u0101 b\u016bvniec\u012bbas projektu, un to galvenok\u0101rt izmanto kop\u0101 ar veid\u0146u sist\u0113m\u0101m, lai nodro\u0161in\u0101tu stabilit\u0101ti un izl\u012bdzin\u0101\u0161anu. M\u0113s H&amp;F saprotam, ka pirc\u0113jiem vissvar\u012bg\u0101kie jaut\u0101jumi ir kvalit\u0101te, iztur\u012bba un lieto\u0161anas \u0113rtums. Lai apmierin\u0101tu \u0161o ap\u0146em\u0161anos sasniegt izcil\u012bbu, m\u0113s nodro\u0161in\u0101m individu\u0101lu klientu apkalpo\u0161anu, \u0101tru pieg\u0101des ciklu un visaptvero\u0161u kvalit\u0101tes p\u0101rbaudes zi\u0146ojumu kop\u0101 ar m\u016bsu griez\u0113jbetona piederumiem. J\u016bs varat b\u016bt dro\u0161i, ka m\u016bsu produkti atbilst vispras\u012bg\u0101kajiem nozares standartiem, ta\u010du vienlaikus pied\u0101v\u0101 izcilu v\u0113rt\u012bbu.<\/p>","protected":false},"featured_media":8746,"comment_status":"open","ping_status":"closed","template":"","meta":{"site-sidebar-layout":"default","site-content-layout":"","ast-site-content-layout":"default","site-content-style":"default","site-sidebar-style":"default","ast-global-header-display":"","ast-banner-title-visibility":"","ast-main-header-display":"","ast-hfb-above-header-display":"","ast-hfb-below-header-display":"","ast-hfb-mobile-header-display":"","site-post-title":"","ast-breadcrumbs-content":"","ast-featured-img":"","footer-sml-layout":"","theme-transparent-header-meta":"default","adv-header-id-meta":"","stick-header-meta":"default","header-above-stick-meta":"","header-main-stick-meta":"","header-below-stick-meta":"","astra-migrate-meta-layouts":"set","ast-page-background-enabled":"default","ast-page-background-meta":{"desktop":{"background-color":"","background-image":"","background-repeat":"repeat","background-position":"center center","background-size":"auto","background-attachment":"scroll","background-type":"","background-media":"","overlay-type":"","overlay-color":"","overlay-opacity":"","overlay-gradient":""},"tablet":{"background-color":"","background-image":"","background-repeat":"repeat","background-position":"center center","background-size":"auto","background-attachment":"scroll","background-type":"","background-media":"","overlay-type":"","overlay-color":"","overlay-opacity":"","overlay-gradient":""},"mobile":{"background-color":"","background-image":"","background-repeat":"repeat","background-position":"center center","background-size":"auto","background-attachment":"scroll","background-type":"","background-media":"","overlay-type":"","overlay-color":"","overlay-opacity":"","overlay-gradient":""}},"ast-content-background-meta":{"desktop":{"background-color":"var(--ast-global-color-5)","background-image":"","background-repeat":"repeat","background-position":"center center","background-size":"auto","background-attachment":"scroll","background-type":"","background-media":"","overlay-type":"","overlay-color":"","overlay-opacity":"","overlay-gradient":""},"tablet":{"background-color":"var(--ast-global-color-5)","background-image":"","background-repeat":"repeat","background-position":"center center","background-size":"auto","background-attachment":"scroll","background-type":"","background-media":"","overlay-type":"","overlay-color":"","overlay-opacity":"","overlay-gradient":""},"mobile":{"background-color":"var(--ast-global-color-5)","background-image":"","background-repeat":"repeat","background-position":"center center","background-size":"auto","background-attachment":"scroll","background-type":"","background-media":"","overlay-type":"","overlay-color":"","overlay-opacity":"","overlay-gradient":""}}},"product_brand":[],"product_cat":[28],"product_tag":[],"class_list":{"0":"post-8745","1":"product","2":"type-product","3":"status-publish","4":"has-post-thumbnail","6":"product_cat-concrete-forming","7":"desktop-align-left","8":"tablet-align-left","9":"mobile-align-left","10":"ast-product-gallery-layout-horizontal-slider","11":"ast-product-tabs-layout-horizontal","13":"first","14":"instock","15":"shipping-taxable","16":"purchasable","17":"product-type-simple"},"yoast_head":"<!-- This site is optimized with the Yoast SEO plugin v25.2 - https:\/\/yoast.com\/wordpress\/plugins\/seo\/ -->\n<title>Turnbuckle Concrete<\/title>\n<meta name=\"description\" content=\"Turnbuckle concrete is a key accessory in most construction projects and is chiefly applied with formwork systems to make provision for stability and alignment.\" \/>\n<meta name=\"robots\" content=\"index, follow, max-snippet:-1, max-image-preview:large, max-video-preview:-1\" \/>\n<link rel=\"canonical\" href=\"https:\/\/qingdaohf.com\/lv\/products\/spriegotaja-betons\/\" \/>\n<meta property=\"og:locale\" content=\"lv_LV\" \/>\n<meta property=\"og:type\" content=\"article\" \/>\n<meta property=\"og:title\" content=\"Turnbuckle Concrete\" \/>\n<meta property=\"og:description\" content=\"Turnbuckle concrete is a key accessory in most construction projects and is chiefly applied with formwork systems to make provision for stability and alignment.\" \/>\n<meta property=\"og:url\" content=\"https:\/\/qingdaohf.com\/lv\/products\/spriegotaja-betons\/\" \/>\n<meta property=\"og:site_name\" content=\"Concrete Form &amp; Rigging Hardware Supplier\" \/>\n<meta property=\"article:publisher\" content=\"https:\/\/www.facebook.com\/qingdaohf\" \/>\n<meta property=\"article:modified_time\" content=\"2025-11-13T01:02:20+00:00\" \/>\n<meta property=\"og:image\" content=\"https:\/\/qingdaohf.com\/wp-content\/uploads\/2025\/01\/concrete-turnbuckle.jpg\" \/>\n\t<meta property=\"og:image:width\" content=\"1000\" \/>\n\t<meta property=\"og:image:height\" content=\"1000\" \/>\n\t<meta property=\"og:image:type\" content=\"image\/jpeg\" \/>\n<meta name=\"twitter:card\" content=\"summary_large_image\" \/>\n<meta name=\"twitter:label1\" content=\"Est. reading time\" \/>\n\t<meta name=\"twitter:data1\" content=\"5 min\u016btes\" \/>\n<script type=\"application\/ld+json\" class=\"yoast-schema-graph\">{\"@context\":\"https:\/\/schema.org\",\"@graph\":[{\"@type\":\"WebPage\",\"@id\":\"https:\/\/qingdaohf.com\/product\/turnbuckle-concrete\/\",\"url\":\"https:\/\/qingdaohf.com\/product\/turnbuckle-concrete\/\",\"name\":\"Turnbuckle Concrete\",\"isPartOf\":{\"@id\":\"https:\/\/qingdaohf.com\/bg\/#website\"},\"primaryImageOfPage\":{\"@id\":\"https:\/\/qingdaohf.com\/product\/turnbuckle-concrete\/#primaryimage\"},\"image\":{\"@id\":\"https:\/\/qingdaohf.com\/product\/turnbuckle-concrete\/#primaryimage\"},\"thumbnailUrl\":\"https:\/\/qingdaohf.com\/wp-content\/uploads\/2025\/01\/concrete-turnbuckle.jpg\",\"datePublished\":\"2025-01-18T01:22:33+00:00\",\"dateModified\":\"2025-11-13T01:02:20+00:00\",\"description\":\"Turnbuckle concrete is a key accessory in most construction projects and is chiefly applied with formwork systems to make provision for stability and alignment.\",\"breadcrumb\":{\"@id\":\"https:\/\/qingdaohf.com\/product\/turnbuckle-concrete\/#breadcrumb\"},\"inLanguage\":\"lv-LV\",\"potentialAction\":[{\"@type\":\"ReadAction\",\"target\":[\"https:\/\/qingdaohf.com\/product\/turnbuckle-concrete\/\"]}]},{\"@type\":\"ImageObject\",\"inLanguage\":\"lv-LV\",\"@id\":\"https:\/\/qingdaohf.com\/product\/turnbuckle-concrete\/#primaryimage\",\"url\":\"https:\/\/qingdaohf.com\/wp-content\/uploads\/2025\/01\/concrete-turnbuckle.jpg\",\"contentUrl\":\"https:\/\/qingdaohf.com\/wp-content\/uploads\/2025\/01\/concrete-turnbuckle.jpg\",\"width\":1000,\"height\":1000,\"caption\":\"concrete turnbuckle\"},{\"@type\":\"BreadcrumbList\",\"@id\":\"https:\/\/qingdaohf.com\/product\/turnbuckle-concrete\/#breadcrumb\",\"itemListElement\":[{\"@type\":\"ListItem\",\"position\":1,\"name\":\"Home\",\"item\":\"https:\/\/qingdaohf.com\/\"},{\"@type\":\"ListItem\",\"position\":2,\"name\":\"Concrete Forming Accessories and Rigging Hardware\",\"item\":\"https:\/\/qingdaohf.com\/bg\/?page_id=944\"},{\"@type\":\"ListItem\",\"position\":3,\"name\":\"Turnbuckle Concrete\"}]},{\"@type\":\"WebSite\",\"@id\":\"https:\/\/qingdaohf.com\/bg\/#website\",\"url\":\"https:\/\/qingdaohf.com\/bg\/\",\"name\":\"Concrete Form & Rigging Hardware Supplier\",\"description\":\"\",\"publisher\":{\"@id\":\"https:\/\/qingdaohf.com\/bg\/#organization\"},\"potentialAction\":[{\"@type\":\"SearchAction\",\"target\":{\"@type\":\"EntryPoint\",\"urlTemplate\":\"https:\/\/qingdaohf.com\/bg\/?s={search_term_string}\"},\"query-input\":{\"@type\":\"PropertyValueSpecification\",\"valueRequired\":true,\"valueName\":\"search_term_string\"}}],\"inLanguage\":\"lv-LV\"},{\"@type\":\"Organization\",\"@id\":\"https:\/\/qingdaohf.com\/bg\/#organization\",\"name\":\"Qingdao H&F\",\"url\":\"https:\/\/qingdaohf.com\/bg\/\",\"logo\":{\"@type\":\"ImageObject\",\"inLanguage\":\"lv-LV\",\"@id\":\"https:\/\/qingdaohf.com\/bg\/#\/schema\/logo\/image\/\",\"url\":\"https:\/\/qingdaohf.com\/wp-content\/uploads\/2022\/12\/cropped-HF-LOGO.png\",\"contentUrl\":\"https:\/\/qingdaohf.com\/wp-content\/uploads\/2022\/12\/cropped-HF-LOGO.png\",\"width\":391,\"height\":249,\"caption\":\"Qingdao H&F\"},\"image\":{\"@id\":\"https:\/\/qingdaohf.com\/bg\/#\/schema\/logo\/image\/\"},\"sameAs\":[\"https:\/\/www.facebook.com\/qingdaohf\"]}]}<\/script>\n<!-- \/ Yoast SEO plugin. -->","yoast_head_json":{"title":"Turnbuckle Concrete","description":"Turnbuckle concrete is a key accessory in most construction projects and is chiefly applied with formwork systems to make provision for stability and alignment.","robots":{"index":"index","follow":"follow","max-snippet":"max-snippet:-1","max-image-preview":"max-image-preview:large","max-video-preview":"max-video-preview:-1"},"canonical":"https:\/\/qingdaohf.com\/lv\/products\/spriegotaja-betons\/","og_locale":"lv_LV","og_type":"article","og_title":"Turnbuckle Concrete","og_description":"Turnbuckle concrete is a key accessory in most construction projects and is chiefly applied with formwork systems to make provision for stability and alignment.","og_url":"https:\/\/qingdaohf.com\/lv\/products\/spriegotaja-betons\/","og_site_name":"Concrete Form &amp; Rigging Hardware Supplier","article_publisher":"https:\/\/www.facebook.com\/qingdaohf","article_modified_time":"2025-11-13T01:02:20+00:00","og_image":[{"width":1000,"height":1000,"url":"https:\/\/qingdaohf.com\/wp-content\/uploads\/2025\/01\/concrete-turnbuckle.jpg","type":"image\/jpeg"}],"twitter_card":"summary_large_image","twitter_misc":{"Est. reading time":"5 min\u016btes"},"schema":{"@context":"https:\/\/schema.org","@graph":[{"@type":"WebPage","@id":"https:\/\/qingdaohf.com\/product\/turnbuckle-concrete\/","url":"https:\/\/qingdaohf.com\/product\/turnbuckle-concrete\/","name":"Turnbuckle Concrete","isPartOf":{"@id":"https:\/\/qingdaohf.com\/bg\/#website"},"primaryImageOfPage":{"@id":"https:\/\/qingdaohf.com\/product\/turnbuckle-concrete\/#primaryimage"},"image":{"@id":"https:\/\/qingdaohf.com\/product\/turnbuckle-concrete\/#primaryimage"},"thumbnailUrl":"https:\/\/qingdaohf.com\/wp-content\/uploads\/2025\/01\/concrete-turnbuckle.jpg","datePublished":"2025-01-18T01:22:33+00:00","dateModified":"2025-11-13T01:02:20+00:00","description":"Turnbuckle concrete is a key accessory in most construction projects and is chiefly applied with formwork systems to make provision for stability and alignment.","breadcrumb":{"@id":"https:\/\/qingdaohf.com\/product\/turnbuckle-concrete\/#breadcrumb"},"inLanguage":"lv-LV","potentialAction":[{"@type":"ReadAction","target":["https:\/\/qingdaohf.com\/product\/turnbuckle-concrete\/"]}]},{"@type":"ImageObject","inLanguage":"lv-LV","@id":"https:\/\/qingdaohf.com\/product\/turnbuckle-concrete\/#primaryimage","url":"https:\/\/qingdaohf.com\/wp-content\/uploads\/2025\/01\/concrete-turnbuckle.jpg","contentUrl":"https:\/\/qingdaohf.com\/wp-content\/uploads\/2025\/01\/concrete-turnbuckle.jpg","width":1000,"height":1000,"caption":"concrete turnbuckle"},{"@type":"BreadcrumbList","@id":"https:\/\/qingdaohf.com\/product\/turnbuckle-concrete\/#breadcrumb","itemListElement":[{"@type":"ListItem","position":1,"name":"Home","item":"https:\/\/qingdaohf.com\/"},{"@type":"ListItem","position":2,"name":"Concrete Forming Accessories and Rigging Hardware","item":"https:\/\/qingdaohf.com\/bg\/?page_id=944"},{"@type":"ListItem","position":3,"name":"Turnbuckle Concrete"}]},{"@type":"WebSite","@id":"https:\/\/qingdaohf.com\/bg\/#website","url":"https:\/\/qingdaohf.com\/bg\/","name":"Concrete Form & Rigging Hardware Supplier","description":"","publisher":{"@id":"https:\/\/qingdaohf.com\/bg\/#organization"},"potentialAction":[{"@type":"SearchAction","target":{"@type":"EntryPoint","urlTemplate":"https:\/\/qingdaohf.com\/bg\/?s={search_term_string}"},"query-input":{"@type":"PropertyValueSpecification","valueRequired":true,"valueName":"search_term_string"}}],"inLanguage":"lv-LV"},{"@type":"Organization","@id":"https:\/\/qingdaohf.com\/bg\/#organization","name":"Qingdao H&F","url":"https:\/\/qingdaohf.com\/bg\/","logo":{"@type":"ImageObject","inLanguage":"lv-LV","@id":"https:\/\/qingdaohf.com\/bg\/#\/schema\/logo\/image\/","url":"https:\/\/qingdaohf.com\/wp-content\/uploads\/2022\/12\/cropped-HF-LOGO.png","contentUrl":"https:\/\/qingdaohf.com\/wp-content\/uploads\/2022\/12\/cropped-HF-LOGO.png","width":391,"height":249,"caption":"Qingdao H&F"},"image":{"@id":"https:\/\/qingdaohf.com\/bg\/#\/schema\/logo\/image\/"},"sameAs":["https:\/\/www.facebook.com\/qingdaohf"]}]}},"_links":{"self":[{"href":"https:\/\/qingdaohf.com\/lv\/wp-json\/wp\/v2\/product\/8745","targetHints":{"allow":["GET"]}}],"collection":[{"href":"https:\/\/qingdaohf.com\/lv\/wp-json\/wp\/v2\/product"}],"about":[{"href":"https:\/\/qingdaohf.com\/lv\/wp-json\/wp\/v2\/types\/product"}],"replies":[{"embeddable":true,"href":"https:\/\/qingdaohf.com\/lv\/wp-json\/wp\/v2\/comments?post=8745"}],"version-history":[{"count":6,"href":"https:\/\/qingdaohf.com\/lv\/wp-json\/wp\/v2\/product\/8745\/revisions"}],"predecessor-version":[{"id":9137,"href":"https:\/\/qingdaohf.com\/lv\/wp-json\/wp\/v2\/product\/8745\/revisions\/9137"}],"wp:featuredmedia":[{"embeddable":true,"href":"https:\/\/qingdaohf.com\/lv\/wp-json\/wp\/v2\/media\/8746"}],"wp:attachment":[{"href":"https:\/\/qingdaohf.com\/lv\/wp-json\/wp\/v2\/media?parent=8745"}],"wp:term":[{"taxonomy":"product_brand","embeddable":true,"href":"https:\/\/qingdaohf.com\/lv\/wp-json\/wp\/v2\/product_brand?post=8745"},{"taxonomy":"product_cat","embeddable":true,"href":"https:\/\/qingdaohf.com\/lv\/wp-json\/wp\/v2\/product_cat?post=8745"},{"taxonomy":"product_tag","embeddable":true,"href":"https:\/\/qingdaohf.com\/lv\/wp-json\/wp\/v2\/product_tag?post=8745"}],"curies":[{"name":"wp","href":"https:\/\/api.w.org\/{rel}","templated":true}]}}