{"id":8837,"date":"2025-01-18T10:11:43","date_gmt":"2025-01-18T02:11:43","guid":{"rendered":"http:\/\/qingdaohf.com\/?post_type=product&#038;p=8837"},"modified":"2025-11-13T09:02:20","modified_gmt":"2025-11-13T01:02:20","slug":"concrete-turnbuckle","status":"publish","type":"product","link":"https:\/\/qingdaohf.com\/lv\/products\/betona-spriegotajs\/","title":{"rendered":"Betona spriegot\u0101js"},"content":{"rendered":"<h2 class=\"text-xl font-bold text-text-200 mt-1 -mb-0.5\">Izpratne par betona spriegot\u0101jiem<\/h2>\n<p class=\"whitespace-pre-wrap break-words\">B\u016bvniec\u012bbas projektos betona spriegot\u0101jiem ir iz\u0161\u0137iro\u0161a noz\u012bme stabilit\u0101tes un precizit\u0101tes nodro\u0161in\u0101\u0161an\u0101. \u0160ie b\u016btiskie komponenti \u013cauj b\u016bvuz\u0146\u0113m\u0113jiem regul\u0113t veid\u0146u spriegojumu, \u013caujot pan\u0101kt prec\u012bzu izl\u012bdzin\u0101\u0161anu betona ielie\u0161anas laik\u0101. H&amp;F zina, cik svar\u012bgas ir \u0161\u012bs \u0161\u0137ietami vienk\u0101r\u0161\u0101s ier\u012bces - t\u0101s var iz\u0161\u0137irt vai sagraut projekta pan\u0101kumus.<\/p>\n<p class=\"whitespace-pre-wrap break-words\">B\u016bvniec\u012bbas nozar\u0113 galvenok\u0101rt tiek izmantoti divi betona spriegot\u0101ju veidi: liekt\u0101s pl\u0101ksnes un plakan\u0101s pl\u0101ksnes konstrukcijas. Katrai no t\u0101m ir savas priek\u0161roc\u012bbas, t\u0101p\u0113c t\u0101s ir piem\u0113rotas da\u017e\u0101diem projektu veidiem un pielietojumiem.<\/p>\n<div class=\"ast-oembed-container\" style=\"height: 100%;\"><iframe title=\"Betona virzu\u013cu veid\u0146u izl\u012bdzin\u0101t\u0101js\" width=\"500\" height=\"281\" src=\"https:\/\/www.youtube.com\/embed\/1guP_DQRF1o?feature=oembed\" frameborder=\"0\" allow=\"accelerometer; autoplay; clipboard-write; encrypted-media; gyroscope; picture-in-picture; web-share\" referrerpolicy=\"strict-origin-when-cross-origin\" allowfullscreen><\/iframe><\/div>\n<h2 class=\"text-xl font-bold text-text-200 mt-1 -mb-0.5\">Izliekt\u0101s pl\u0101ksnes spriegot\u0101ji<\/h2>\n<p><img fetchpriority=\"high\" decoding=\"async\" class=\"alignnone size-medium wp-image-8806\" src=\"http:\/\/qingdaohf.com\/wp-content\/uploads\/2025\/01\/bent-plate-turnbuckle-9-300x300.jpg\" alt=\"saliektas pl\u0101ksnes spriegot\u0101js\" width=\"300\" height=\"300\" srcset=\"https:\/\/qingdaohf.com\/wp-content\/uploads\/2025\/01\/bent-plate-turnbuckle-9-300x300.jpg 300w, https:\/\/qingdaohf.com\/wp-content\/uploads\/2025\/01\/bent-plate-turnbuckle-9-150x150.jpg 150w, https:\/\/qingdaohf.com\/wp-content\/uploads\/2025\/01\/bent-plate-turnbuckle-9-768x768.jpg 768w, https:\/\/qingdaohf.com\/wp-content\/uploads\/2025\/01\/bent-plate-turnbuckle-9-12x12.jpg 12w, https:\/\/qingdaohf.com\/wp-content\/uploads\/2025\/01\/bent-plate-turnbuckle-9-500x500.jpg 500w, https:\/\/qingdaohf.com\/wp-content\/uploads\/2025\/01\/bent-plate-turnbuckle-9-100x100.jpg 100w, https:\/\/qingdaohf.com\/wp-content\/uploads\/2025\/01\/bent-plate-turnbuckle-9.jpg 1000w\" sizes=\"(max-width: 300px) 100vw, 300px\" \/><\/p>\n<p class=\"whitespace-pre-wrap break-words\">Izliektaj\u0101m pl\u0101ksn\u012bt\u0113m ir rakstur\u012bgs izliekts dizains, kas dod t\u0101m priek\u0161roc\u012bbas noteiktos lietojumos. To forma nav tikai priek\u0161nesums - t\u0101 pal\u012bdz vienm\u0113r\u012bg\u0101k sadal\u012bt sp\u0113ku, padarot t\u0101s \u012bpa\u0161i v\u0113rt\u012bgas, ja slodze main\u0101s vai rodas neparasti sprieguma veidi. Celtnieku komandas bie\u017ei dod priek\u0161roku \u0161iem mode\u013ciem, ja nepiecie\u0161ams bie\u017ei veikt regul\u0113jumus, jo ar tiem parasti ir viegl\u0101k r\u012bkoties un tos regul\u0113t kust\u012bb\u0101.<\/p>\n<p class=\"whitespace-pre-wrap break-words\">M\u0113s H&amp;F ra\u017eojam m\u016bsu liekt\u0101s pl\u0101k\u0161\u0146u spriegot\u0101jus, izmantojot augst\u0101k\u0101s klases materi\u0101lus un veicot katras vien\u012bbas stingru test\u0113\u0161anu. Katrai spriegot\u0101jam ir pievienotas detaliz\u0113tas kvalit\u0101tes atskaites, lai j\u016bs prec\u012bzi zin\u0101tu, ko sa\u0146emat.<\/p>\n<h2 class=\"text-xl font-bold text-text-200 mt-1 -mb-0.5\">Plakan\u0101s pl\u0101ksnes spriegot\u0101ji<\/h2>\n<p><img decoding=\"async\" class=\"alignnone size-medium wp-image-8772\" src=\"http:\/\/qingdaohf.com\/wp-content\/uploads\/2025\/01\/flat-plate-turnbuckle-17-300x300.jpg\" alt=\"plakanas pl\u0101ksnes spriegot\u0101js \" width=\"300\" height=\"300\" srcset=\"https:\/\/qingdaohf.com\/wp-content\/uploads\/2025\/01\/flat-plate-turnbuckle-17-300x300.jpg 300w, https:\/\/qingdaohf.com\/wp-content\/uploads\/2025\/01\/flat-plate-turnbuckle-17-150x150.jpg 150w, https:\/\/qingdaohf.com\/wp-content\/uploads\/2025\/01\/flat-plate-turnbuckle-17-768x768.jpg 768w, https:\/\/qingdaohf.com\/wp-content\/uploads\/2025\/01\/flat-plate-turnbuckle-17-12x12.jpg 12w, https:\/\/qingdaohf.com\/wp-content\/uploads\/2025\/01\/flat-plate-turnbuckle-17-500x500.jpg 500w, https:\/\/qingdaohf.com\/wp-content\/uploads\/2025\/01\/flat-plate-turnbuckle-17-100x100.jpg 100w, https:\/\/qingdaohf.com\/wp-content\/uploads\/2025\/01\/flat-plate-turnbuckle-17.jpg 1000w\" sizes=\"(max-width: 300px) 100vw, 300px\" \/><\/p>\n<p class=\"whitespace-pre-wrap break-words\">Ja j\u016bs mekl\u0113jat kaut ko vienk\u0101r\u0161\u0101ku, j\u016bsu lab\u0101k\u0101 izv\u0113le var\u0113tu b\u016bt plakanas pl\u0101ksnes spriegot\u0101ji. To vienk\u0101r\u0161\u0101 konstrukcija \u013cauj viegli uzst\u0101d\u012bt, un t\u0101s ir viegli integr\u0113jamas ar liel\u0101ko da\u013cu veid\u0146u sist\u0113mu. Daudzi b\u016bvuz\u0146\u0113m\u0113ji izv\u0113las \u0161os mode\u013cus, ja vi\u0146iem ir nepiecie\u0161ama uzticama veiktsp\u0113ja, nesad\u0101rdzinot bankas l\u012bdzek\u013cus.<\/p>\n<p class=\"whitespace-pre-wrap break-words\">M\u016bsu plakan\u0101s pl\u0101ksnes spriegot\u0101ji tiek ra\u017eoti ar t\u0101du pa\u0161u uzman\u012bbu deta\u013c\u0101m k\u0101 to liekt\u0101s pl\u0101ksnes br\u0101l\u0113ni. M\u0113s str\u0101d\u0101jam tie\u0161i ar saviem klientiem, lai izprastu vi\u0146u \u012bpa\u0161\u0101s pras\u012bbas, nodro\u0161inot, ka vi\u0146i sa\u0146em tie\u0161i to, kas nepiecie\u0161ams vi\u0146u projektam.<\/p>\n<h2 class=\"text-xl font-bold text-text-200 mt-1 -mb-0.5\">K\u0101p\u0113c izv\u0113l\u0113ties H&amp;F saviem betona spriegot\u0101jiem?<\/h2>\n<p class=\"whitespace-pre-wrap break-words\">Pareiz\u0101 pieg\u0101d\u0101t\u0101ja izv\u0113le ir tikpat svar\u012bga k\u0101 pareiz\u0101 produkta izv\u0113le. H&amp;F m\u0113s ne tikai p\u0101rdodam spriegot\u0101jus - m\u0113s veidojam partnerattiec\u012bbas. M\u016bsu personaliz\u0113t\u0101 pieeja noz\u012bm\u0113, ka j\u016bs str\u0101d\u0101siet ar \u012bpa\u0161u p\u0101rst\u0101vi, kur\u0161 izprot j\u016bsu projekta unik\u0101l\u0101s probl\u0113mas un pras\u012bbas.<\/p>\n<p class=\"whitespace-pre-wrap break-words\">M\u0113s zin\u0101m, ka b\u016bvniec\u012bbas termi\u0146i ir saspringti, t\u0101p\u0113c esam racionaliz\u0113ju\u0161i pieg\u0101des procesu, lai j\u016bs sa\u0146emtu nepiecie\u0161amo, kad tas jums nepiecie\u0161ams. Kav\u0113\u0161an\u0101s maks\u0101 naudu, un m\u0113s esam ap\u0146\u0113mu\u0161ies nodro\u0161in\u0101t, lai j\u016bsu projekts tiktu \u012bstenots.<\/p>\n<p class=\"whitespace-pre-wrap break-words\">Kvalit\u0101te mums nav tikai modes v\u0101rds - t\u0101 ir iestr\u0101d\u0101ta vis\u0101, ko m\u0113s dar\u0101m. Katra spriegot\u0101ja pirms izve\u0161anas no m\u016bsu ra\u017eotnes iziet visaptvero\u0161u test\u0113\u0161anu. M\u0113s nodro\u0161in\u0101m detaliz\u0113tu p\u0101rbaudes dokument\u0101ciju, lai j\u016bs var\u0113tu p\u0101rliecin\u0101ties, ka katrs izstr\u0101d\u0101jums atbilst vai p\u0101rsniedz nozares standartus.<\/p>\n<p class=\"whitespace-pre-wrap break-words\">Neatkar\u012bgi no t\u0101, vai jums ir nepiecie\u0161amas liektas pl\u0101ksnes vai plakanas pl\u0101ksnes spriegot\u0101ji, m\u0113s pied\u0101v\u0101jam da\u017e\u0101dus izm\u0113rus un konfigur\u0101cijas, lai tie atbilstu j\u016bsu konkr\u0113tajam pielietojumam. M\u016bsu komanda vienm\u0113r ir gatava pal\u012bdz\u0113t jums izv\u0113l\u0113ties pareizo variantu vai izstr\u0101d\u0101t piel\u0101gotu risin\u0101jumu j\u016bsu unik\u0101laj\u0101m probl\u0113m\u0101m. M\u0113s saprotam, ka nav divu piln\u012bgi vien\u0101du b\u016bvniec\u012bbas projektu, un m\u0113s esam \u0161eit, lai pied\u0101v\u0101tu spriegot\u0101jus, kas darbojas j\u016bsu konkr\u0113taj\u0101 situ\u0101cij\u0101.<\/p>","protected":false},"excerpt":{"rendered":"<p>Betona spriegot\u0101ji jau ilgu laiku ir biju\u0161i b\u016bvniec\u012bbas nozares pamats, un tie nodro\u0161ina prec\u012bzu spriego\u0161anu un izl\u012bdzin\u0101\u0161anu veid\u0146u veido\u0161anas laik\u0101. Liel\u0101k\u0101 da\u013ca \u0161\u0101du spriegot\u0101ju pirc\u0113ju \u0146em v\u0113r\u0101 iztur\u012bbu, \u0113rtu ekspluat\u0101ciju un optim\u0101lu veiktsp\u0113ju. H&amp;F nodro\u0161ina daudzveid\u012bgus projektus, pied\u0101v\u0101jot da\u017e\u0101dus izstr\u0101d\u0101jumus: liekt\u0101s pl\u0101ksnes un plakan\u0101s pl\u0101ksnes, ar garant\u0113tu individu\u0101lu klientu apkalpo\u0161anu, kas \u013cauj piel\u0101got produktus, \u0101tru pieg\u0101des ciklu un piln\u012bgus kvalit\u0101tes p\u0101rbaudes zi\u0146ojumus, kas sniedz p\u0101rliec\u012bbu beig\u0101s.<\/p>","protected":false},"featured_media":9146,"comment_status":"open","ping_status":"closed","template":"","meta":{"site-sidebar-layout":"default","site-content-layout":"","ast-site-content-layout":"default","site-content-style":"default","site-sidebar-style":"default","ast-global-header-display":"","ast-banner-title-visibility":"","ast-main-header-display":"","ast-hfb-above-header-display":"","ast-hfb-below-header-display":"","ast-hfb-mobile-header-display":"","site-post-title":"","ast-breadcrumbs-content":"","ast-featured-img":"","footer-sml-layout":"","theme-transparent-header-meta":"default","adv-header-id-meta":"","stick-header-meta":"default","header-above-stick-meta":"","header-main-stick-meta":"","header-below-stick-meta":"","astra-migrate-meta-layouts":"set","ast-page-background-enabled":"default","ast-page-background-meta":{"desktop":{"background-color":"","background-image":"","background-repeat":"repeat","background-position":"center center","background-size":"auto","background-attachment":"scroll","background-type":"","background-media":"","overlay-type":"","overlay-color":"","overlay-opacity":"","overlay-gradient":""},"tablet":{"background-color":"","background-image":"","background-repeat":"repeat","background-position":"center center","background-size":"auto","background-attachment":"scroll","background-type":"","background-media":"","overlay-type":"","overlay-color":"","overlay-opacity":"","overlay-gradient":""},"mobile":{"background-color":"","background-image":"","background-repeat":"repeat","background-position":"center center","background-size":"auto","background-attachment":"scroll","background-type":"","background-media":"","overlay-type":"","overlay-color":"","overlay-opacity":"","overlay-gradient":""}},"ast-content-background-meta":{"desktop":{"background-color":"var(--ast-global-color-5)","background-image":"","background-repeat":"repeat","background-position":"center center","background-size":"auto","background-attachment":"scroll","background-type":"","background-media":"","overlay-type":"","overlay-color":"","overlay-opacity":"","overlay-gradient":""},"tablet":{"background-color":"var(--ast-global-color-5)","background-image":"","background-repeat":"repeat","background-position":"center center","background-size":"auto","background-attachment":"scroll","background-type":"","background-media":"","overlay-type":"","overlay-color":"","overlay-opacity":"","overlay-gradient":""},"mobile":{"background-color":"var(--ast-global-color-5)","background-image":"","background-repeat":"repeat","background-position":"center center","background-size":"auto","background-attachment":"scroll","background-type":"","background-media":"","overlay-type":"","overlay-color":"","overlay-opacity":"","overlay-gradient":""}}},"product_brand":[],"product_cat":[28],"product_tag":[],"class_list":{"0":"post-8837","1":"product","2":"type-product","3":"status-publish","4":"has-post-thumbnail","6":"product_cat-concrete-forming","7":"desktop-align-left","8":"tablet-align-left","9":"mobile-align-left","10":"ast-product-gallery-layout-horizontal-slider","11":"ast-product-tabs-layout-horizontal","13":"first","14":"instock","15":"shipping-taxable","16":"purchasable","17":"product-type-simple"},"yoast_head":"<!-- This site is optimized with the Yoast SEO plugin v25.2 - https:\/\/yoast.com\/wordpress\/plugins\/seo\/ -->\n<title>Concrete Turnbuckle<\/title>\n<meta name=\"description\" content=\"Concrete turnbuckles have been a mainstay in the construction industry for quite some time and ensure accuracy in tensioning and alignment during formwork.\" \/>\n<meta name=\"robots\" content=\"index, follow, max-snippet:-1, max-image-preview:large, max-video-preview:-1\" \/>\n<link rel=\"canonical\" href=\"https:\/\/qingdaohf.com\/lv\/products\/betona-spriegotajs\/\" \/>\n<meta property=\"og:locale\" content=\"lv_LV\" \/>\n<meta property=\"og:type\" content=\"article\" \/>\n<meta property=\"og:title\" content=\"Concrete Turnbuckle\" \/>\n<meta property=\"og:description\" content=\"Concrete turnbuckles have been a mainstay in the construction industry for quite some time and ensure accuracy in tensioning and alignment during formwork.\" \/>\n<meta property=\"og:url\" content=\"https:\/\/qingdaohf.com\/lv\/products\/betona-spriegotajs\/\" \/>\n<meta property=\"og:site_name\" content=\"Concrete Form &amp; Rigging Hardware Supplier\" \/>\n<meta property=\"article:publisher\" content=\"https:\/\/www.facebook.com\/qingdaohf\" \/>\n<meta property=\"article:modified_time\" content=\"2025-11-13T01:02:20+00:00\" \/>\n<meta property=\"og:image\" content=\"https:\/\/qingdaohf.com\/wp-content\/uploads\/2025\/01\/turnbuckle-form-aligner.jpg\" \/>\n\t<meta property=\"og:image:width\" content=\"1000\" \/>\n\t<meta property=\"og:image:height\" content=\"1000\" \/>\n\t<meta property=\"og:image:type\" content=\"image\/jpeg\" \/>\n<meta name=\"twitter:card\" content=\"summary_large_image\" \/>\n<meta name=\"twitter:label1\" content=\"Est. reading time\" \/>\n\t<meta name=\"twitter:data1\" content=\"3 min\u016btes\" \/>\n<script type=\"application\/ld+json\" class=\"yoast-schema-graph\">{\"@context\":\"https:\/\/schema.org\",\"@graph\":[{\"@type\":\"WebPage\",\"@id\":\"https:\/\/qingdaohf.com\/product\/concrete-turnbuckle\/\",\"url\":\"https:\/\/qingdaohf.com\/product\/concrete-turnbuckle\/\",\"name\":\"Concrete Turnbuckle\",\"isPartOf\":{\"@id\":\"https:\/\/qingdaohf.com\/bg\/#website\"},\"primaryImageOfPage\":{\"@id\":\"https:\/\/qingdaohf.com\/product\/concrete-turnbuckle\/#primaryimage\"},\"image\":{\"@id\":\"https:\/\/qingdaohf.com\/product\/concrete-turnbuckle\/#primaryimage\"},\"thumbnailUrl\":\"https:\/\/qingdaohf.com\/wp-content\/uploads\/2025\/01\/turnbuckle-form-aligner.jpg\",\"datePublished\":\"2025-01-18T02:11:43+00:00\",\"dateModified\":\"2025-11-13T01:02:20+00:00\",\"description\":\"Concrete turnbuckles have been a mainstay in the construction industry for quite some time and ensure accuracy in tensioning and alignment during formwork.\",\"breadcrumb\":{\"@id\":\"https:\/\/qingdaohf.com\/product\/concrete-turnbuckle\/#breadcrumb\"},\"inLanguage\":\"lv-LV\",\"potentialAction\":[{\"@type\":\"ReadAction\",\"target\":[\"https:\/\/qingdaohf.com\/product\/concrete-turnbuckle\/\"]}]},{\"@type\":\"ImageObject\",\"inLanguage\":\"lv-LV\",\"@id\":\"https:\/\/qingdaohf.com\/product\/concrete-turnbuckle\/#primaryimage\",\"url\":\"https:\/\/qingdaohf.com\/wp-content\/uploads\/2025\/01\/turnbuckle-form-aligner.jpg\",\"contentUrl\":\"https:\/\/qingdaohf.com\/wp-content\/uploads\/2025\/01\/turnbuckle-form-aligner.jpg\",\"width\":1000,\"height\":1000,\"caption\":\"turnbuckle form aligner\"},{\"@type\":\"BreadcrumbList\",\"@id\":\"https:\/\/qingdaohf.com\/product\/concrete-turnbuckle\/#breadcrumb\",\"itemListElement\":[{\"@type\":\"ListItem\",\"position\":1,\"name\":\"Home\",\"item\":\"https:\/\/qingdaohf.com\/\"},{\"@type\":\"ListItem\",\"position\":2,\"name\":\"Concrete Forming Accessories and Rigging Hardware\",\"item\":\"https:\/\/qingdaohf.com\/bg\/?page_id=944\"},{\"@type\":\"ListItem\",\"position\":3,\"name\":\"Concrete Turnbuckle\"}]},{\"@type\":\"WebSite\",\"@id\":\"https:\/\/qingdaohf.com\/bg\/#website\",\"url\":\"https:\/\/qingdaohf.com\/bg\/\",\"name\":\"Concrete Form & Rigging Hardware Supplier\",\"description\":\"\",\"publisher\":{\"@id\":\"https:\/\/qingdaohf.com\/bg\/#organization\"},\"potentialAction\":[{\"@type\":\"SearchAction\",\"target\":{\"@type\":\"EntryPoint\",\"urlTemplate\":\"https:\/\/qingdaohf.com\/bg\/?s={search_term_string}\"},\"query-input\":{\"@type\":\"PropertyValueSpecification\",\"valueRequired\":true,\"valueName\":\"search_term_string\"}}],\"inLanguage\":\"lv-LV\"},{\"@type\":\"Organization\",\"@id\":\"https:\/\/qingdaohf.com\/bg\/#organization\",\"name\":\"Qingdao H&F\",\"url\":\"https:\/\/qingdaohf.com\/bg\/\",\"logo\":{\"@type\":\"ImageObject\",\"inLanguage\":\"lv-LV\",\"@id\":\"https:\/\/qingdaohf.com\/bg\/#\/schema\/logo\/image\/\",\"url\":\"https:\/\/qingdaohf.com\/wp-content\/uploads\/2022\/12\/cropped-HF-LOGO.png\",\"contentUrl\":\"https:\/\/qingdaohf.com\/wp-content\/uploads\/2022\/12\/cropped-HF-LOGO.png\",\"width\":391,\"height\":249,\"caption\":\"Qingdao H&F\"},\"image\":{\"@id\":\"https:\/\/qingdaohf.com\/bg\/#\/schema\/logo\/image\/\"},\"sameAs\":[\"https:\/\/www.facebook.com\/qingdaohf\"]}]}<\/script>\n<!-- \/ Yoast SEO plugin. -->","yoast_head_json":{"title":"Concrete Turnbuckle","description":"Concrete turnbuckles have been a mainstay in the construction industry for quite some time and ensure accuracy in tensioning and alignment during formwork.","robots":{"index":"index","follow":"follow","max-snippet":"max-snippet:-1","max-image-preview":"max-image-preview:large","max-video-preview":"max-video-preview:-1"},"canonical":"https:\/\/qingdaohf.com\/lv\/products\/betona-spriegotajs\/","og_locale":"lv_LV","og_type":"article","og_title":"Concrete Turnbuckle","og_description":"Concrete turnbuckles have been a mainstay in the construction industry for quite some time and ensure accuracy in tensioning and alignment during formwork.","og_url":"https:\/\/qingdaohf.com\/lv\/products\/betona-spriegotajs\/","og_site_name":"Concrete Form &amp; Rigging Hardware Supplier","article_publisher":"https:\/\/www.facebook.com\/qingdaohf","article_modified_time":"2025-11-13T01:02:20+00:00","og_image":[{"width":1000,"height":1000,"url":"https:\/\/qingdaohf.com\/wp-content\/uploads\/2025\/01\/turnbuckle-form-aligner.jpg","type":"image\/jpeg"}],"twitter_card":"summary_large_image","twitter_misc":{"Est. reading time":"3 min\u016btes"},"schema":{"@context":"https:\/\/schema.org","@graph":[{"@type":"WebPage","@id":"https:\/\/qingdaohf.com\/product\/concrete-turnbuckle\/","url":"https:\/\/qingdaohf.com\/product\/concrete-turnbuckle\/","name":"Concrete Turnbuckle","isPartOf":{"@id":"https:\/\/qingdaohf.com\/bg\/#website"},"primaryImageOfPage":{"@id":"https:\/\/qingdaohf.com\/product\/concrete-turnbuckle\/#primaryimage"},"image":{"@id":"https:\/\/qingdaohf.com\/product\/concrete-turnbuckle\/#primaryimage"},"thumbnailUrl":"https:\/\/qingdaohf.com\/wp-content\/uploads\/2025\/01\/turnbuckle-form-aligner.jpg","datePublished":"2025-01-18T02:11:43+00:00","dateModified":"2025-11-13T01:02:20+00:00","description":"Concrete turnbuckles have been a mainstay in the construction industry for quite some time and ensure accuracy in tensioning and alignment during formwork.","breadcrumb":{"@id":"https:\/\/qingdaohf.com\/product\/concrete-turnbuckle\/#breadcrumb"},"inLanguage":"lv-LV","potentialAction":[{"@type":"ReadAction","target":["https:\/\/qingdaohf.com\/product\/concrete-turnbuckle\/"]}]},{"@type":"ImageObject","inLanguage":"lv-LV","@id":"https:\/\/qingdaohf.com\/product\/concrete-turnbuckle\/#primaryimage","url":"https:\/\/qingdaohf.com\/wp-content\/uploads\/2025\/01\/turnbuckle-form-aligner.jpg","contentUrl":"https:\/\/qingdaohf.com\/wp-content\/uploads\/2025\/01\/turnbuckle-form-aligner.jpg","width":1000,"height":1000,"caption":"turnbuckle form aligner"},{"@type":"BreadcrumbList","@id":"https:\/\/qingdaohf.com\/product\/concrete-turnbuckle\/#breadcrumb","itemListElement":[{"@type":"ListItem","position":1,"name":"Home","item":"https:\/\/qingdaohf.com\/"},{"@type":"ListItem","position":2,"name":"Concrete Forming Accessories and Rigging Hardware","item":"https:\/\/qingdaohf.com\/bg\/?page_id=944"},{"@type":"ListItem","position":3,"name":"Concrete Turnbuckle"}]},{"@type":"WebSite","@id":"https:\/\/qingdaohf.com\/bg\/#website","url":"https:\/\/qingdaohf.com\/bg\/","name":"Concrete Form & Rigging Hardware Supplier","description":"","publisher":{"@id":"https:\/\/qingdaohf.com\/bg\/#organization"},"potentialAction":[{"@type":"SearchAction","target":{"@type":"EntryPoint","urlTemplate":"https:\/\/qingdaohf.com\/bg\/?s={search_term_string}"},"query-input":{"@type":"PropertyValueSpecification","valueRequired":true,"valueName":"search_term_string"}}],"inLanguage":"lv-LV"},{"@type":"Organization","@id":"https:\/\/qingdaohf.com\/bg\/#organization","name":"Qingdao H&F","url":"https:\/\/qingdaohf.com\/bg\/","logo":{"@type":"ImageObject","inLanguage":"lv-LV","@id":"https:\/\/qingdaohf.com\/bg\/#\/schema\/logo\/image\/","url":"https:\/\/qingdaohf.com\/wp-content\/uploads\/2022\/12\/cropped-HF-LOGO.png","contentUrl":"https:\/\/qingdaohf.com\/wp-content\/uploads\/2022\/12\/cropped-HF-LOGO.png","width":391,"height":249,"caption":"Qingdao H&F"},"image":{"@id":"https:\/\/qingdaohf.com\/bg\/#\/schema\/logo\/image\/"},"sameAs":["https:\/\/www.facebook.com\/qingdaohf"]}]}},"_links":{"self":[{"href":"https:\/\/qingdaohf.com\/lv\/wp-json\/wp\/v2\/product\/8837","targetHints":{"allow":["GET"]}}],"collection":[{"href":"https:\/\/qingdaohf.com\/lv\/wp-json\/wp\/v2\/product"}],"about":[{"href":"https:\/\/qingdaohf.com\/lv\/wp-json\/wp\/v2\/types\/product"}],"replies":[{"embeddable":true,"href":"https:\/\/qingdaohf.com\/lv\/wp-json\/wp\/v2\/comments?post=8837"}],"version-history":[{"count":4,"href":"https:\/\/qingdaohf.com\/lv\/wp-json\/wp\/v2\/product\/8837\/revisions"}],"predecessor-version":[{"id":9147,"href":"https:\/\/qingdaohf.com\/lv\/wp-json\/wp\/v2\/product\/8837\/revisions\/9147"}],"wp:featuredmedia":[{"embeddable":true,"href":"https:\/\/qingdaohf.com\/lv\/wp-json\/wp\/v2\/media\/9146"}],"wp:attachment":[{"href":"https:\/\/qingdaohf.com\/lv\/wp-json\/wp\/v2\/media?parent=8837"}],"wp:term":[{"taxonomy":"product_brand","embeddable":true,"href":"https:\/\/qingdaohf.com\/lv\/wp-json\/wp\/v2\/product_brand?post=8837"},{"taxonomy":"product_cat","embeddable":true,"href":"https:\/\/qingdaohf.com\/lv\/wp-json\/wp\/v2\/product_cat?post=8837"},{"taxonomy":"product_tag","embeddable":true,"href":"https:\/\/qingdaohf.com\/lv\/wp-json\/wp\/v2\/product_tag?post=8837"}],"curies":[{"name":"wp","href":"https:\/\/api.w.org\/{rel}","templated":true}]}}