{"id":8858,"date":"2025-01-21T15:05:09","date_gmt":"2025-01-21T07:05:09","guid":{"rendered":"http:\/\/qingdaohf.com\/?post_type=product&#038;p=8858"},"modified":"2025-11-13T09:02:20","modified_gmt":"2025-11-13T01:02:20","slug":"anchor-bolt-concrete","status":"publish","type":"product","link":"https:\/\/qingdaohf.com\/lv\/products\/enkurskruve-betona\/","title":{"rendered":"Enkurskr\u016bve Betons"},"content":{"rendered":"<h2 class=\"whitespace-pre-wrap break-words\">Izpratne par enkurskr\u016bvju lietojumiem beton\u0101<\/h2>\n<p class=\"whitespace-pre-wrap break-words\">Enkurskr\u016bves, kas paz\u012bstamas ar\u012b k\u0101 pamatu vai L veida skr\u016bves, kalpo k\u0101 konstrukcijas stabilit\u0101tes mugurkauls da\u017e\u0101dos b\u016bvniec\u012bbas veidos. Ieejiet jebkur\u0101 liel\u0101k\u0101 b\u016bvlaukum\u0101, un j\u016bs paman\u012bsiet, ka t\u0101s stiprina t\u0113rauda kolonnas, noenkuro smago tehniku vai nostiprina konstrukcijas karkasus pie betona pamatiem. Tie nav parastie stiprin\u0101jumi - tie ir kritiski svar\u012bgi komponenti, kas nodro\u0161ina iztur\u012bbu un uzticam\u012bbu, ko in\u017eenieri un darbuz\u0146\u0113m\u0113ji pieprasa \u0161aj\u0101 jom\u0101. Iepaz\u012b\u0161an\u0101s ar \u0161o skr\u016bvju darb\u012bbu ar betonu ir ne tikai noder\u012bga - t\u0101 ir b\u016btiska, lai izv\u0113l\u0113tos pareizo veidu un p\u0101rliecin\u0101tos, ka t\u0101s darbosies ilgtermi\u0146\u0101.<\/p>\n<p><img fetchpriority=\"high\" decoding=\"async\" class=\"alignnone wp-image-9149 size-large\" src=\"http:\/\/qingdaohf.com\/wp-content\/uploads\/2025\/03\/foundation-bolt-1-1024x768.webp\" alt=\"pamatu skr\u016bve\" width=\"1024\" height=\"768\" srcset=\"https:\/\/qingdaohf.com\/wp-content\/uploads\/2025\/03\/foundation-bolt-1-1024x768.webp 1024w, https:\/\/qingdaohf.com\/wp-content\/uploads\/2025\/03\/foundation-bolt-1-300x225.webp 300w, https:\/\/qingdaohf.com\/wp-content\/uploads\/2025\/03\/foundation-bolt-1-768x576.webp 768w, https:\/\/qingdaohf.com\/wp-content\/uploads\/2025\/03\/foundation-bolt-1-16x12.webp 16w, https:\/\/qingdaohf.com\/wp-content\/uploads\/2025\/03\/foundation-bolt-1-1000x750.webp 1000w, https:\/\/qingdaohf.com\/wp-content\/uploads\/2025\/03\/foundation-bolt-1.webp 1200w\" sizes=\"(max-width: 1024px) 100vw, 1024px\" \/><\/p>\n<p class=\"whitespace-pre-wrap break-words\">Apl\u016bkojiet jebkuru enkurskr\u016bvju betona risin\u0101jumu, un redz\u0113siet, ka tas ir b\u016bv\u0113ts stingri no pa\u0161iem pamatiem. Tie nav paredz\u0113ti tikai tam, lai notur\u0113tu lietas sav\u0101 viet\u0101 - tie ir konstru\u0113ti t\u0101, lai iztur\u0113tu nopietnu slodzi un ne\u017e\u0113l\u012bgus vides apst\u0101k\u013cus, vienlaikus vienm\u0113r\u012bgi sadalot slodzi, lai nov\u0113rstu v\u0101j\u0101s vietas. Kad pieredz\u0113ju\u0161i in\u017eenieri izv\u0113las pamatskr\u016bves un L veida bultskr\u016bves, vi\u0146i \u0146em v\u0113r\u0101 tr\u012bs galven\u0101s lietas: stiepes iztur\u012bbu, to, cik labi t\u0101s c\u012bn\u0101s pret r\u016bsu un vai t\u0101s var uzst\u0101d\u012bt ar prec\u012bzu precizit\u0101ti. M\u0113s esam izveidoju\u0161i savu ra\u017eo\u0161anas procesu, \u0146emot v\u0113r\u0101 tie\u0161i \u0161\u012bs pras\u012bbas, lai m\u016bsu produkti var\u0113tu iztur\u0113t visu, kas tiem tiek izvirz\u012bts j\u016bsu projekt\u0101.<\/p>\n<p><strong>P\u0101rkl\u0101jums\/materi\u0101ls:<\/strong> Karsti cinkots vai nep\u0101rkl\u0101ts t\u0113rauds<\/p>\n<h3>Pamatu skr\u016bvju izm\u0113rs:<\/h3>\n\n<table id=\"tablepress-2\" class=\"tablepress tablepress-id-2\">\n<thead>\n<tr class=\"row-1\">\n\t<th class=\"column-1\">Dia (collas)<\/th><th class=\"column-2\">Garums (collas)<\/th>\n<\/tr>\n<\/thead>\n<tbody class=\"row-striping row-hover\">\n<tr class=\"row-2\">\n\t<td class=\"column-1\">1\/2\u2033<\/td><td class=\"column-2\">6\u2033<\/td>\n<\/tr>\n<tr class=\"row-3\">\n\t<td class=\"column-1\">1\/2\u2033<\/td><td class=\"column-2\">8\u2033<\/td>\n<\/tr>\n<tr class=\"row-4\">\n\t<td class=\"column-1\">1\/2\u2033<\/td><td class=\"column-2\">10\u2033<\/td>\n<\/tr>\n<tr class=\"row-5\">\n\t<td class=\"column-1\">1\/2\u2033<\/td><td class=\"column-2\">12\u2033<\/td>\n<\/tr>\n<tr class=\"row-6\">\n\t<td class=\"column-1\">1\/2\u2033<\/td><td class=\"column-2\">14\u2033<\/td>\n<\/tr>\n<tr class=\"row-7\">\n\t<td class=\"column-1\">1\/2\u2033<\/td><td class=\"column-2\">16\u2033<\/td>\n<\/tr>\n<tr class=\"row-8\">\n\t<td class=\"column-1\">1\/2\u2033<\/td><td class=\"column-2\">18\u2033<\/td>\n<\/tr>\n<tr class=\"row-9\">\n\t<td class=\"column-1\">5\/8\u2033<\/td><td class=\"column-2\">6\u2033<\/td>\n<\/tr>\n<tr class=\"row-10\">\n\t<td class=\"column-1\">5\/8\u2033<\/td><td class=\"column-2\">8\u2033<\/td>\n<\/tr>\n<tr class=\"row-11\">\n\t<td class=\"column-1\">5\/8\u2033<\/td><td class=\"column-2\">10\u2033<\/td>\n<\/tr>\n<tr class=\"row-12\">\n\t<td class=\"column-1\">5\/8\u2033<\/td><td class=\"column-2\">12\u2033<\/td>\n<\/tr>\n<tr class=\"row-13\">\n\t<td class=\"column-1\">5\/8\u2033<\/td><td class=\"column-2\">14\u2033<\/td>\n<\/tr>\n<tr class=\"row-14\">\n\t<td class=\"column-1\">5\/8\u2033<\/td><td class=\"column-2\">16\u2033<\/td>\n<\/tr>\n<tr class=\"row-15\">\n\t<td class=\"column-1\">5\/8\u2033<\/td><td class=\"column-2\">18\u2033<\/td>\n<\/tr>\n<tr class=\"row-16\">\n\t<td class=\"column-1\">3\/4\u2033<\/td><td class=\"column-2\">6\u2033<\/td>\n<\/tr>\n<tr class=\"row-17\">\n\t<td class=\"column-1\">3\/4\u2033<\/td><td class=\"column-2\">8\u2033<\/td>\n<\/tr>\n<tr class=\"row-18\">\n\t<td class=\"column-1\">3\/4\u2033<\/td><td class=\"column-2\">10\u2033<\/td>\n<\/tr>\n<tr class=\"row-19\">\n\t<td class=\"column-1\">3\/4\u2033<\/td><td class=\"column-2\">12\u2033<\/td>\n<\/tr>\n<tr class=\"row-20\">\n\t<td class=\"column-1\">3\/4\u2033<\/td><td class=\"column-2\">14\u2033<\/td>\n<\/tr>\n<tr class=\"row-21\">\n\t<td class=\"column-1\">3\/4\u2033<\/td><td class=\"column-2\">16\u2033<\/td>\n<\/tr>\n<tr class=\"row-22\">\n\t<td class=\"column-1\">3\/4\u2033<\/td><td class=\"column-2\">18\u2033<\/td>\n<\/tr>\n<\/tbody>\n<\/table>\n<!-- #tablepress-2 from cache -->\n<h2 class=\"whitespace-pre-wrap break-words\">Pamatu skr\u016bvju izv\u0113les galvenie faktori<\/h2>\n<p class=\"whitespace-pre-wrap break-words\">Materi\u0101la izv\u0113le var iz\u0161\u0137irt j\u016bsu pamatu skr\u016bves un L veida skr\u016bves. Jums ir izv\u0113les iesp\u0113jas: augstas stipr\u012bbas t\u0113rauda sakaus\u0113jumi, ja nepiecie\u0161ama neapstr\u0101d\u0101ta jauda, cinkots p\u0101rkl\u0101jums papildu aizsardz\u012bbai vai ner\u016bs\u0113jo\u0161ais t\u0113rauds, ja vide ir \u012bpa\u0161i skarba. Jums ir projekts, kura ietvaros \u0161\u012bs skr\u016bves b\u016bs pak\u013cautas mitruma, \u0137\u012bmisko vielu vai ekstr\u0113mu temperat\u016bru iedarb\u012bbai? Mums ir specializ\u0113ti materi\u0101li katram scen\u0101rijam. Katrai skr\u016bvei tiek veikta stingra kvalit\u0101tes kontroles test\u0113\u0161ana, ko apliecina detaliz\u0113ti p\u0101rbaudes zi\u0146ojumi, kas sniedz jums patiesu p\u0101rliec\u012bbu par to, ko p\u0113rkat.<\/p>\n<p class=\"whitespace-pre-wrap break-words\">Uzst\u0101d\u012b\u0161anas precizit\u0101te ir ne tikai ieteicama - t\u0101 ir iz\u0161\u0137iro\u0161a, lai pan\u0101ktu maksim\u0101lu pamatskr\u016bvju un L veida bultskr\u016bvju veiktsp\u0113ju. Jums ir prec\u012bzi j\u0101nosaka iegremd\u0113\u0161anas dzi\u013cums, prec\u012bzi j\u0101preciz\u0113 griezes momenta specifik\u0101cijas un pareizi j\u0101noregul\u0113 izl\u012bdzin\u0101\u0161ana. \u0160\u012bs deta\u013cas tie\u0161i ietekm\u0113 to, cik labi j\u016bsu konstrukcija turas kop\u0101. T\u0101p\u0113c H&amp;F tehnisk\u0101 komanda vienm\u0113r ir gatava jums pal\u012bdz\u0113t ar lab\u0101ko praksi, lai p\u0101rliecin\u0101tos, ka j\u016bsu uzst\u0101d\u012b\u0161ana ne tikai atbilst nozares standartiem, bet ar\u012b tos p\u0101rsniedz. M\u0113s esam \u0161eit, lai pal\u012bdz\u0113tu jums to paveikt pareizi jau pirmaj\u0101 reiz\u0113.<\/p>\n<div class=\"ast-oembed-container\" style=\"height: 100%;\"><iframe title=\"Fonda skr\u016bve\" width=\"500\" height=\"281\" src=\"https:\/\/www.youtube.com\/embed\/3M-AW45tVRI?feature=oembed\" frameborder=\"0\" allow=\"accelerometer; autoplay; clipboard-write; encrypted-media; gyroscope; picture-in-picture; web-share\" referrerpolicy=\"strict-origin-when-cross-origin\" allowfullscreen><\/iframe><\/div>\n<h2 class=\"whitespace-pre-wrap break-words\">K\u0101p\u0113c izv\u0113l\u0113ties H&amp;F sav\u0101m L veida skr\u016bvju vajadz\u012bb\u0101m?<\/h2>\n<p class=\"whitespace-pre-wrap break-words\">Da\u017ereiz standarta pras\u012bbas vienk\u0101r\u0161i nav piem\u0113rotas - tie\u0161i \u0161aj\u0101 situ\u0101cij\u0101 noder piel\u0101go\u0161ana. Da\u017e\u0101diem darbiem ir nepiecie\u0161ami da\u017e\u0101di skr\u016bvju diametri, v\u012bt\u0146u veidi un garumi. M\u016bsu izstr\u0101d\u0101jumu kl\u0101sts ir pietiekami pla\u0161s, lai j\u016bs atrastu tie\u0161i to, kas jums nepiecie\u0161ams, un jums nevajadz\u0113tu neko p\u0101rveidot uz vietas. Neatkar\u012bgi no t\u0101, vai jums nepiecie\u0161amas L veida pamatskr\u016bves standarta darbiem vai \u012bpa\u0161i izstr\u0101d\u0101ti risin\u0101jumi unik\u0101liem uzdevumiem, m\u016bsu komanda zina, k\u0101 jums piemekl\u0113t pareizo aparat\u016bru.<\/p>\n<p class=\"whitespace-pre-wrap break-words\">B\u016bvniec\u012bbas projektos laiks ir nauda, un deta\u013cu gaid\u012b\u0161ana var izjaukt j\u016bsu grafiku un bud\u017eetu. T\u0101p\u0113c m\u0113s esam aps\u0113sti ar to, lai m\u016bsu pieg\u0101des \u0137\u0113de b\u016btu racion\u0101la un efekt\u012bva. M\u0113s esam nov\u0113rsu\u0161i birokr\u0101tiju un racionaliz\u0113ju\u0161i lo\u0123istiku, lai sa\u0146emtu jums nepiecie\u0161amo, kad tas nepiecie\u0161ams, un lai j\u016bsu projekts virz\u012btos uz priek\u0161u bez d\u0101rgiem kav\u0113jumiem.<\/p>\n<p class=\"whitespace-pre-wrap break-words\">Kvalit\u0101te \u0161eit nav tikai modes v\u0101rds - t\u0101 ir iestr\u0101d\u0101ta vis\u0101, ko m\u0113s dar\u0101m. Katra pamatskr\u016bvju un L veida bultskr\u016bvju partija tiek r\u016bp\u012bgi p\u0101rbaud\u012bta atbilsto\u0161i starptautiskajiem standartiem. S\u0101kot no materi\u0101la sast\u0101va p\u0101rbaud\u0113m l\u012bdz slodzes testiem, m\u0113s visu dokument\u0113jam detaliz\u0113tos p\u0101rbaudes zi\u0146ojumos. \u0160\u012b aps\u0113st\u012bba ar kvalit\u0101ti ir padar\u012bjusi m\u016bs par nopietnu b\u016bvuz\u0146\u0113m\u0113ju un in\u017eenieru partneri.<\/p>\n<p class=\"whitespace-pre-wrap break-words\">B\u016bvniec\u012bba nemazin\u0101s, un ar\u012b vajadz\u012bba p\u0113c uzticamiem enkuru stiprin\u0101\u0161anas risin\u0101jumiem nemazin\u0101s. Neatkar\u012bgi no t\u0101, vai b\u016bv\u0113jat konstrukcijas, infrastrukt\u016bru vai r\u016bpnieciskas iek\u0101rtas, jums ir nepiecie\u0161amas pamatskr\u016bves un L veida skr\u016bves, kas j\u016bs nepievils. H&amp;F m\u0113s ne tikai p\u0101rdodam furnit\u016bru - m\u0113s nodro\u0161in\u0101m p\u0101rliec\u012bbu, ka b\u016bv\u0113t ir drosm\u012bgi un pareizi.<\/p>","protected":false},"excerpt":{"rendered":"<p>Enkurskr\u016bvju betona risin\u0101jumi, kas paz\u012bstami ar\u012b k\u0101 pamatu skr\u016bves vai L veida skr\u016bves, ir konstrukcijas pamata stiprin\u0101jums pie betona virsm\u0101m. \u0160\u0101di izstr\u0101d\u0101jumi klientiem rada lielas ba\u017eas, \u0146emot v\u0113r\u0101 \u0161\u0101du izstr\u0101d\u0101jumu iztur\u012bbu, nestsp\u0113ju un iztur\u012bbu pret apk\u0101rt\u0113j\u0101s vides iedarb\u012bbu. H&amp;F izprot \u0161\u012bs pras\u012bbas un pied\u0101v\u0101 pamatskr\u016bves un L veida bultskr\u016bves, kas ir p\u0101rbaud\u012btas, lai nodro\u0161in\u0101tu kvalit\u0101ti un atbilst\u012bbu nozares standartiem. M\u016bsu individu\u0101l\u0101 klientu apkalpo\u0161ana nodro\u0161ina personisku attieksmi pret klientu vis\u0101 iepirkuma proces\u0101, un efekt\u012bva lo\u0123istika garant\u0113 \u0101trus pieg\u0101des ciklus, kas atbilst projekta termi\u0146iem.<\/p>","protected":false},"featured_media":7000,"comment_status":"open","ping_status":"closed","template":"","meta":{"site-sidebar-layout":"default","site-content-layout":"","ast-site-content-layout":"default","site-content-style":"default","site-sidebar-style":"default","ast-global-header-display":"","ast-banner-title-visibility":"","ast-main-header-display":"","ast-hfb-above-header-display":"","ast-hfb-below-header-display":"","ast-hfb-mobile-header-display":"","site-post-title":"","ast-breadcrumbs-content":"","ast-featured-img":"","footer-sml-layout":"","theme-transparent-header-meta":"default","adv-header-id-meta":"","stick-header-meta":"default","header-above-stick-meta":"","header-main-stick-meta":"","header-below-stick-meta":"","astra-migrate-meta-layouts":"set","ast-page-background-enabled":"default","ast-page-background-meta":{"desktop":{"background-color":"","background-image":"","background-repeat":"repeat","background-position":"center center","background-size":"auto","background-attachment":"scroll","background-type":"","background-media":"","overlay-type":"","overlay-color":"","overlay-opacity":"","overlay-gradient":""},"tablet":{"background-color":"","background-image":"","background-repeat":"repeat","background-position":"center center","background-size":"auto","background-attachment":"scroll","background-type":"","background-media":"","overlay-type":"","overlay-color":"","overlay-opacity":"","overlay-gradient":""},"mobile":{"background-color":"","background-image":"","background-repeat":"repeat","background-position":"center center","background-size":"auto","background-attachment":"scroll","background-type":"","background-media":"","overlay-type":"","overlay-color":"","overlay-opacity":"","overlay-gradient":""}},"ast-content-background-meta":{"desktop":{"background-color":"var(--ast-global-color-5)","background-image":"","background-repeat":"repeat","background-position":"center center","background-size":"auto","background-attachment":"scroll","background-type":"","background-media":"","overlay-type":"","overlay-color":"","overlay-opacity":"","overlay-gradient":""},"tablet":{"background-color":"var(--ast-global-color-5)","background-image":"","background-repeat":"repeat","background-position":"center center","background-size":"auto","background-attachment":"scroll","background-type":"","background-media":"","overlay-type":"","overlay-color":"","overlay-opacity":"","overlay-gradient":""},"mobile":{"background-color":"var(--ast-global-color-5)","background-image":"","background-repeat":"repeat","background-position":"center center","background-size":"auto","background-attachment":"scroll","background-type":"","background-media":"","overlay-type":"","overlay-color":"","overlay-opacity":"","overlay-gradient":""}}},"product_brand":[],"product_cat":[28],"product_tag":[],"class_list":{"0":"post-8858","1":"product","2":"type-product","3":"status-publish","4":"has-post-thumbnail","6":"product_cat-concrete-forming","7":"desktop-align-left","8":"tablet-align-left","9":"mobile-align-left","10":"ast-product-gallery-layout-horizontal-slider","11":"ast-product-tabs-layout-horizontal","13":"first","14":"instock","15":"shipping-taxable","16":"purchasable","17":"product-type-simple"},"yoast_head":"<!-- This site is optimized with the Yoast SEO plugin v25.2 - https:\/\/yoast.com\/wordpress\/plugins\/seo\/ -->\n<title>Anchor Bolt Concrete<\/title>\n<meta name=\"description\" content=\"Anchor bolt concrete solutions, also known as foundation bolts or L bolts, are the fundamental fastening of a structure to concrete surfaces.\" \/>\n<meta name=\"robots\" content=\"index, follow, max-snippet:-1, max-image-preview:large, max-video-preview:-1\" \/>\n<link rel=\"canonical\" href=\"https:\/\/qingdaohf.com\/lv\/products\/enkurskruve-betona\/\" \/>\n<meta property=\"og:locale\" content=\"lv_LV\" \/>\n<meta property=\"og:type\" content=\"article\" \/>\n<meta property=\"og:title\" content=\"Anchor Bolt Concrete\" \/>\n<meta property=\"og:description\" content=\"Anchor bolt concrete solutions, also known as foundation bolts or L bolts, are the fundamental fastening of a structure to concrete surfaces.\" \/>\n<meta property=\"og:url\" content=\"https:\/\/qingdaohf.com\/lv\/products\/enkurskruve-betona\/\" \/>\n<meta property=\"og:site_name\" content=\"Concrete Form &amp; Rigging Hardware Supplier\" \/>\n<meta property=\"article:publisher\" content=\"https:\/\/www.facebook.com\/qingdaohf\" \/>\n<meta property=\"article:modified_time\" content=\"2025-11-13T01:02:20+00:00\" \/>\n<meta property=\"og:image\" content=\"https:\/\/qingdaohf.com\/wp-content\/uploads\/2024\/05\/J-bolt-6.jpg\" \/>\n\t<meta property=\"og:image:width\" content=\"1000\" \/>\n\t<meta property=\"og:image:height\" content=\"1000\" \/>\n\t<meta property=\"og:image:type\" content=\"image\/jpeg\" \/>\n<meta name=\"twitter:card\" content=\"summary_large_image\" \/>\n<meta name=\"twitter:label1\" content=\"Est. reading time\" \/>\n\t<meta name=\"twitter:data1\" content=\"4 min\u016btes\" \/>\n<script type=\"application\/ld+json\" class=\"yoast-schema-graph\">{\"@context\":\"https:\/\/schema.org\",\"@graph\":[{\"@type\":\"WebPage\",\"@id\":\"https:\/\/qingdaohf.com\/product\/anchor-bolt-concrete\/\",\"url\":\"https:\/\/qingdaohf.com\/product\/anchor-bolt-concrete\/\",\"name\":\"Anchor Bolt Concrete\",\"isPartOf\":{\"@id\":\"https:\/\/qingdaohf.com\/bg\/#website\"},\"primaryImageOfPage\":{\"@id\":\"https:\/\/qingdaohf.com\/product\/anchor-bolt-concrete\/#primaryimage\"},\"image\":{\"@id\":\"https:\/\/qingdaohf.com\/product\/anchor-bolt-concrete\/#primaryimage\"},\"thumbnailUrl\":\"https:\/\/qingdaohf.com\/wp-content\/uploads\/2024\/05\/J-bolt-6.jpg\",\"datePublished\":\"2025-01-21T07:05:09+00:00\",\"dateModified\":\"2025-11-13T01:02:20+00:00\",\"description\":\"Anchor bolt concrete solutions, also known as foundation bolts or L bolts, are the fundamental fastening of a structure to concrete surfaces.\",\"breadcrumb\":{\"@id\":\"https:\/\/qingdaohf.com\/product\/anchor-bolt-concrete\/#breadcrumb\"},\"inLanguage\":\"lv-LV\",\"potentialAction\":[{\"@type\":\"ReadAction\",\"target\":[\"https:\/\/qingdaohf.com\/product\/anchor-bolt-concrete\/\"]}]},{\"@type\":\"ImageObject\",\"inLanguage\":\"lv-LV\",\"@id\":\"https:\/\/qingdaohf.com\/product\/anchor-bolt-concrete\/#primaryimage\",\"url\":\"https:\/\/qingdaohf.com\/wp-content\/uploads\/2024\/05\/J-bolt-6.jpg\",\"contentUrl\":\"https:\/\/qingdaohf.com\/wp-content\/uploads\/2024\/05\/J-bolt-6.jpg\",\"width\":1000,\"height\":1000},{\"@type\":\"BreadcrumbList\",\"@id\":\"https:\/\/qingdaohf.com\/product\/anchor-bolt-concrete\/#breadcrumb\",\"itemListElement\":[{\"@type\":\"ListItem\",\"position\":1,\"name\":\"Home\",\"item\":\"https:\/\/qingdaohf.com\/\"},{\"@type\":\"ListItem\",\"position\":2,\"name\":\"Concrete Forming Accessories and Rigging Hardware\",\"item\":\"https:\/\/qingdaohf.com\/bg\/?page_id=944\"},{\"@type\":\"ListItem\",\"position\":3,\"name\":\"Anchor Bolt Concrete\"}]},{\"@type\":\"WebSite\",\"@id\":\"https:\/\/qingdaohf.com\/bg\/#website\",\"url\":\"https:\/\/qingdaohf.com\/bg\/\",\"name\":\"Concrete Form & Rigging Hardware Supplier\",\"description\":\"\",\"publisher\":{\"@id\":\"https:\/\/qingdaohf.com\/bg\/#organization\"},\"potentialAction\":[{\"@type\":\"SearchAction\",\"target\":{\"@type\":\"EntryPoint\",\"urlTemplate\":\"https:\/\/qingdaohf.com\/bg\/?s={search_term_string}\"},\"query-input\":{\"@type\":\"PropertyValueSpecification\",\"valueRequired\":true,\"valueName\":\"search_term_string\"}}],\"inLanguage\":\"lv-LV\"},{\"@type\":\"Organization\",\"@id\":\"https:\/\/qingdaohf.com\/bg\/#organization\",\"name\":\"Qingdao H&F\",\"url\":\"https:\/\/qingdaohf.com\/bg\/\",\"logo\":{\"@type\":\"ImageObject\",\"inLanguage\":\"lv-LV\",\"@id\":\"https:\/\/qingdaohf.com\/bg\/#\/schema\/logo\/image\/\",\"url\":\"https:\/\/qingdaohf.com\/wp-content\/uploads\/2022\/12\/cropped-HF-LOGO.png\",\"contentUrl\":\"https:\/\/qingdaohf.com\/wp-content\/uploads\/2022\/12\/cropped-HF-LOGO.png\",\"width\":391,\"height\":249,\"caption\":\"Qingdao H&F\"},\"image\":{\"@id\":\"https:\/\/qingdaohf.com\/bg\/#\/schema\/logo\/image\/\"},\"sameAs\":[\"https:\/\/www.facebook.com\/qingdaohf\"]}]}<\/script>\n<!-- \/ Yoast SEO plugin. -->","yoast_head_json":{"title":"Anchor Bolt Concrete","description":"Anchor bolt concrete solutions, also known as foundation bolts or L bolts, are the fundamental fastening of a structure to concrete surfaces.","robots":{"index":"index","follow":"follow","max-snippet":"max-snippet:-1","max-image-preview":"max-image-preview:large","max-video-preview":"max-video-preview:-1"},"canonical":"https:\/\/qingdaohf.com\/lv\/products\/enkurskruve-betona\/","og_locale":"lv_LV","og_type":"article","og_title":"Anchor Bolt Concrete","og_description":"Anchor bolt concrete solutions, also known as foundation bolts or L bolts, are the fundamental fastening of a structure to concrete surfaces.","og_url":"https:\/\/qingdaohf.com\/lv\/products\/enkurskruve-betona\/","og_site_name":"Concrete Form &amp; Rigging Hardware Supplier","article_publisher":"https:\/\/www.facebook.com\/qingdaohf","article_modified_time":"2025-11-13T01:02:20+00:00","og_image":[{"width":1000,"height":1000,"url":"https:\/\/qingdaohf.com\/wp-content\/uploads\/2024\/05\/J-bolt-6.jpg","type":"image\/jpeg"}],"twitter_card":"summary_large_image","twitter_misc":{"Est. reading time":"4 min\u016btes"},"schema":{"@context":"https:\/\/schema.org","@graph":[{"@type":"WebPage","@id":"https:\/\/qingdaohf.com\/product\/anchor-bolt-concrete\/","url":"https:\/\/qingdaohf.com\/product\/anchor-bolt-concrete\/","name":"Anchor Bolt Concrete","isPartOf":{"@id":"https:\/\/qingdaohf.com\/bg\/#website"},"primaryImageOfPage":{"@id":"https:\/\/qingdaohf.com\/product\/anchor-bolt-concrete\/#primaryimage"},"image":{"@id":"https:\/\/qingdaohf.com\/product\/anchor-bolt-concrete\/#primaryimage"},"thumbnailUrl":"https:\/\/qingdaohf.com\/wp-content\/uploads\/2024\/05\/J-bolt-6.jpg","datePublished":"2025-01-21T07:05:09+00:00","dateModified":"2025-11-13T01:02:20+00:00","description":"Anchor bolt concrete solutions, also known as foundation bolts or L bolts, are the fundamental fastening of a structure to concrete surfaces.","breadcrumb":{"@id":"https:\/\/qingdaohf.com\/product\/anchor-bolt-concrete\/#breadcrumb"},"inLanguage":"lv-LV","potentialAction":[{"@type":"ReadAction","target":["https:\/\/qingdaohf.com\/product\/anchor-bolt-concrete\/"]}]},{"@type":"ImageObject","inLanguage":"lv-LV","@id":"https:\/\/qingdaohf.com\/product\/anchor-bolt-concrete\/#primaryimage","url":"https:\/\/qingdaohf.com\/wp-content\/uploads\/2024\/05\/J-bolt-6.jpg","contentUrl":"https:\/\/qingdaohf.com\/wp-content\/uploads\/2024\/05\/J-bolt-6.jpg","width":1000,"height":1000},{"@type":"BreadcrumbList","@id":"https:\/\/qingdaohf.com\/product\/anchor-bolt-concrete\/#breadcrumb","itemListElement":[{"@type":"ListItem","position":1,"name":"Home","item":"https:\/\/qingdaohf.com\/"},{"@type":"ListItem","position":2,"name":"Concrete Forming Accessories and Rigging Hardware","item":"https:\/\/qingdaohf.com\/bg\/?page_id=944"},{"@type":"ListItem","position":3,"name":"Anchor Bolt Concrete"}]},{"@type":"WebSite","@id":"https:\/\/qingdaohf.com\/bg\/#website","url":"https:\/\/qingdaohf.com\/bg\/","name":"Concrete Form & Rigging Hardware Supplier","description":"","publisher":{"@id":"https:\/\/qingdaohf.com\/bg\/#organization"},"potentialAction":[{"@type":"SearchAction","target":{"@type":"EntryPoint","urlTemplate":"https:\/\/qingdaohf.com\/bg\/?s={search_term_string}"},"query-input":{"@type":"PropertyValueSpecification","valueRequired":true,"valueName":"search_term_string"}}],"inLanguage":"lv-LV"},{"@type":"Organization","@id":"https:\/\/qingdaohf.com\/bg\/#organization","name":"Qingdao H&F","url":"https:\/\/qingdaohf.com\/bg\/","logo":{"@type":"ImageObject","inLanguage":"lv-LV","@id":"https:\/\/qingdaohf.com\/bg\/#\/schema\/logo\/image\/","url":"https:\/\/qingdaohf.com\/wp-content\/uploads\/2022\/12\/cropped-HF-LOGO.png","contentUrl":"https:\/\/qingdaohf.com\/wp-content\/uploads\/2022\/12\/cropped-HF-LOGO.png","width":391,"height":249,"caption":"Qingdao H&F"},"image":{"@id":"https:\/\/qingdaohf.com\/bg\/#\/schema\/logo\/image\/"},"sameAs":["https:\/\/www.facebook.com\/qingdaohf"]}]}},"_links":{"self":[{"href":"https:\/\/qingdaohf.com\/lv\/wp-json\/wp\/v2\/product\/8858","targetHints":{"allow":["GET"]}}],"collection":[{"href":"https:\/\/qingdaohf.com\/lv\/wp-json\/wp\/v2\/product"}],"about":[{"href":"https:\/\/qingdaohf.com\/lv\/wp-json\/wp\/v2\/types\/product"}],"replies":[{"embeddable":true,"href":"https:\/\/qingdaohf.com\/lv\/wp-json\/wp\/v2\/comments?post=8858"}],"version-history":[{"count":9,"href":"https:\/\/qingdaohf.com\/lv\/wp-json\/wp\/v2\/product\/8858\/revisions"}],"predecessor-version":[{"id":8862,"href":"https:\/\/qingdaohf.com\/lv\/wp-json\/wp\/v2\/product\/8858\/revisions\/8862"}],"wp:featuredmedia":[{"embeddable":true,"href":"https:\/\/qingdaohf.com\/lv\/wp-json\/wp\/v2\/media\/7000"}],"wp:attachment":[{"href":"https:\/\/qingdaohf.com\/lv\/wp-json\/wp\/v2\/media?parent=8858"}],"wp:term":[{"taxonomy":"product_brand","embeddable":true,"href":"https:\/\/qingdaohf.com\/lv\/wp-json\/wp\/v2\/product_brand?post=8858"},{"taxonomy":"product_cat","embeddable":true,"href":"https:\/\/qingdaohf.com\/lv\/wp-json\/wp\/v2\/product_cat?post=8858"},{"taxonomy":"product_tag","embeddable":true,"href":"https:\/\/qingdaohf.com\/lv\/wp-json\/wp\/v2\/product_tag?post=8858"}],"curies":[{"name":"wp","href":"https:\/\/api.w.org\/{rel}","templated":true}]}}