{"id":8903,"date":"2025-02-08T11:51:31","date_gmt":"2025-02-08T03:51:31","guid":{"rendered":"http:\/\/qingdaohf.com\/?post_type=product&#038;p=8903"},"modified":"2025-11-13T09:02:19","modified_gmt":"2025-11-13T01:02:19","slug":"rebar-osha-caps","status":"publish","type":"product","link":"https:\/\/qingdaohf.com\/lv\/products\/armaturas-stiegrojuma-osha-vacini\/","title":{"rendered":"Armat\u016bras stie\u0146u OSHA v\u0101ci\u0146i"},"content":{"rendered":"<h2 class=\"text-2xl font-bold mt-1 text-text-200\">Ievads par armat\u016bras OSHA v\u0101ci\u0146iem<\/h2>\n<p class=\"whitespace-pre-wrap break-words\">Atz\u012bsim, ka b\u016bvlaukuma dro\u0161\u012bba nav aizraujo\u0161a, ta\u010du t\u0101 ir \u013coti svar\u012bga. Tie\u0161i \u0161eit noder m\u016bsu armat\u016bras OSHA cepures. \u0160ie kvadr\u0101tveida formas aizsargi nav tikai plastmasas p\u0101rsegi - tie ir j\u016bsu pirm\u0101 aizsardz\u012bbas l\u012bnija pret apdraud\u0113jumiem, ko rada atsegtie armat\u016bras stie\u0146i. Izgatavoti iztur\u012bgi un konstru\u0113ti gudri, tie p\u0101rsniedz dro\u0161\u012bbas pamatpras\u012bbas, lai nodro\u0161in\u0101tu jums patiesu mieru darba viet\u0101.<\/p>\n<p><img fetchpriority=\"high\" decoding=\"async\" class=\"alignnone size-medium wp-image-8907\" src=\"http:\/\/qingdaohf.com\/wp-content\/uploads\/2025\/02\/rebar-cap-17-300x169.webp\" alt=\"\" width=\"300\" height=\"169\" srcset=\"https:\/\/qingdaohf.com\/wp-content\/uploads\/2025\/02\/rebar-cap-17-300x169.webp 300w, https:\/\/qingdaohf.com\/wp-content\/uploads\/2025\/02\/rebar-cap-17-1024x576.webp 1024w, https:\/\/qingdaohf.com\/wp-content\/uploads\/2025\/02\/rebar-cap-17-768x432.webp 768w, https:\/\/qingdaohf.com\/wp-content\/uploads\/2025\/02\/rebar-cap-17-1536x864.webp 1536w, https:\/\/qingdaohf.com\/wp-content\/uploads\/2025\/02\/rebar-cap-17-2048x1152.webp 2048w, https:\/\/qingdaohf.com\/wp-content\/uploads\/2025\/02\/rebar-cap-17-18x10.webp 18w, https:\/\/qingdaohf.com\/wp-content\/uploads\/2025\/02\/rebar-cap-17-1000x563.webp 1000w\" sizes=\"(max-width: 300px) 100vw, 300px\" \/> <img decoding=\"async\" class=\"alignnone size-medium wp-image-8908\" src=\"http:\/\/qingdaohf.com\/wp-content\/uploads\/2025\/02\/rebar-cap-19-300x169.webp\" alt=\"\" width=\"300\" height=\"169\" srcset=\"https:\/\/qingdaohf.com\/wp-content\/uploads\/2025\/02\/rebar-cap-19-300x169.webp 300w, https:\/\/qingdaohf.com\/wp-content\/uploads\/2025\/02\/rebar-cap-19-1024x576.webp 1024w, https:\/\/qingdaohf.com\/wp-content\/uploads\/2025\/02\/rebar-cap-19-768x432.webp 768w, https:\/\/qingdaohf.com\/wp-content\/uploads\/2025\/02\/rebar-cap-19-1536x864.webp 1536w, https:\/\/qingdaohf.com\/wp-content\/uploads\/2025\/02\/rebar-cap-19-2048x1152.webp 2048w, https:\/\/qingdaohf.com\/wp-content\/uploads\/2025\/02\/rebar-cap-19-18x10.webp 18w, https:\/\/qingdaohf.com\/wp-content\/uploads\/2025\/02\/rebar-cap-19-1000x563.webp 1000w\" sizes=\"(max-width: 300px) 100vw, 300px\" \/> <img decoding=\"async\" class=\"alignnone size-medium wp-image-8909\" src=\"http:\/\/qingdaohf.com\/wp-content\/uploads\/2025\/02\/rebar-cap-20-300x169.webp\" alt=\"\" width=\"300\" height=\"169\" srcset=\"https:\/\/qingdaohf.com\/wp-content\/uploads\/2025\/02\/rebar-cap-20-300x169.webp 300w, https:\/\/qingdaohf.com\/wp-content\/uploads\/2025\/02\/rebar-cap-20-1024x576.webp 1024w, https:\/\/qingdaohf.com\/wp-content\/uploads\/2025\/02\/rebar-cap-20-768x432.webp 768w, https:\/\/qingdaohf.com\/wp-content\/uploads\/2025\/02\/rebar-cap-20-1536x864.webp 1536w, https:\/\/qingdaohf.com\/wp-content\/uploads\/2025\/02\/rebar-cap-20-2048x1152.webp 2048w, https:\/\/qingdaohf.com\/wp-content\/uploads\/2025\/02\/rebar-cap-20-18x10.webp 18w, https:\/\/qingdaohf.com\/wp-content\/uploads\/2025\/02\/rebar-cap-20-1000x563.webp 1000w\" sizes=\"(max-width: 300px) 100vw, 300px\" \/><\/p>\n<h3 class=\"text-xl font-bold text-text-200 mt-1 -mb-0.5\">P\u0101rskats par dro\u0161\u012bbas ieguvumiem<\/h3>\n<p class=\"whitespace-pre-wrap break-words\">Matem\u0101tika ir vienk\u0101r\u0161a: atsegti armat\u016bras gali ir b\u012bstami, un nelaimes gad\u012bjumi notiek \u0101tri. M\u016bsu v\u0101ci\u0146i risina \u0161o probl\u0113mu, radot stabilu barjeru starp str\u0101dniekiem un asajiem met\u0101la galiem. Kad j\u016bsu apkalpe redz pareizi nosegtu armat\u016bras stieni, vi\u0146i zina, ka k\u0101ds vi\u0146iem sarg\u0101 muguru. Runa nav tikai par dro\u0161\u012bbas pras\u012bbu atz\u012bm\u0113\u0161anu - runa ir par to, lai visi dienas beig\u0101s dro\u0161i atgrieztos m\u0101j\u0101s.<\/p>\n<p class=\"whitespace-pre-wrap break-words\">Padom\u0101jiet, ko tas noz\u012bm\u0113 j\u016bsu projekta laika grafikam. Maz\u0101k negad\u012bjumu noz\u012bm\u0113 maz\u0101k d\u012bkst\u0101ves un vienm\u0113r\u012bg\u0101ku darb\u012bbu. Uzlabojas j\u016bsu dro\u0161\u012bbas r\u0101d\u012bt\u0101ji, samazin\u0101s izmaksas un saglab\u0101jas augsta produktivit\u0101te. Gudri projektu vad\u012bt\u0101ji zina, ka ieguld\u012bjumi kvalitat\u012bv\u0101 dro\u0161\u012bbas apr\u012bkojum\u0101 atmaks\u0101jas vair\u0101kas reizes.<\/p>\n\n<table id=\"tablepress-30\" class=\"tablepress tablepress-id-30\">\n<thead>\n<tr class=\"row-1\">\n\t<th class=\"column-1\">Produkts<\/th><th class=\"column-2\">APRAKSTS<\/th><th class=\"column-3\">PART#<\/th><th class=\"column-4\">PCS\/CTN<\/th><th class=\"column-5\">SVARS \/ KATRU<\/th>\n<\/tr>\n<\/thead>\n<tbody class=\"row-striping row-hover\">\n<tr class=\"row-2\">\n\t<td class=\"column-1\"><img loading=\"lazy\" decoding=\"async\" src=\"http:\/\/qingdaohf.com\/wp-content\/uploads\/2023\/02\/CAP-2-1-300x300.jpg\" alt=\"OSHA v\u0101ci\u0146\u0161\" width=\"300\" height=\"300\" class=\"alignnone size-medium wp-image-5529\" srcset=\"https:\/\/qingdaohf.com\/wp-content\/uploads\/2023\/02\/CAP-2-1-300x300.jpg 300w, https:\/\/qingdaohf.com\/wp-content\/uploads\/2023\/02\/CAP-2-1-150x150.jpg 150w, https:\/\/qingdaohf.com\/wp-content\/uploads\/2023\/02\/CAP-2-1-768x768.jpg 768w, https:\/\/qingdaohf.com\/wp-content\/uploads\/2023\/02\/CAP-2-1-500x500.jpg 500w, https:\/\/qingdaohf.com\/wp-content\/uploads\/2023\/02\/CAP-2-1-100x100.jpg 100w, https:\/\/qingdaohf.com\/wp-content\/uploads\/2023\/02\/CAP-2-1.jpg 1000w\" sizes=\"(max-width: 300px) 100vw, 300px\" \/><\/td><td class=\"column-2\">Armat\u016bras v\u0101ci\u0146\u0161 OSHA L\u012bdz #8 bar<\/td><td class=\"column-3\">PC110<\/td><td class=\"column-4\">100<\/td><td class=\"column-5\">0.56<\/td>\n<\/tr>\n<tr class=\"row-3\">\n\t<td class=\"column-1\"><img loading=\"lazy\" decoding=\"async\" src=\"http:\/\/qingdaohf.com\/wp-content\/uploads\/2023\/02\/CAP-2-1-300x300.jpg\" alt=\"OSHA v\u0101ci\u0146\u0161\" width=\"300\" height=\"300\" class=\"alignnone size-medium wp-image-5529\" srcset=\"https:\/\/qingdaohf.com\/wp-content\/uploads\/2023\/02\/CAP-2-1-300x300.jpg 300w, https:\/\/qingdaohf.com\/wp-content\/uploads\/2023\/02\/CAP-2-1-150x150.jpg 150w, https:\/\/qingdaohf.com\/wp-content\/uploads\/2023\/02\/CAP-2-1-768x768.jpg 768w, https:\/\/qingdaohf.com\/wp-content\/uploads\/2023\/02\/CAP-2-1-500x500.jpg 500w, https:\/\/qingdaohf.com\/wp-content\/uploads\/2023\/02\/CAP-2-1-100x100.jpg 100w, https:\/\/qingdaohf.com\/wp-content\/uploads\/2023\/02\/CAP-2-1.jpg 1000w\" sizes=\"(max-width: 300px) 100vw, 300px\" \/><\/td><td class=\"column-2\">Armat\u016bras v\u0101ks OSHA #9 bar un vair\u0101k<\/td><td class=\"column-3\">PC200<\/td><td class=\"column-4\">50<\/td><td class=\"column-5\">0.72<\/td>\n<\/tr>\n<tr class=\"row-4\">\n\t<td class=\"column-1\"><img loading=\"lazy\" decoding=\"async\" src=\"http:\/\/qingdaohf.com\/wp-content\/uploads\/2023\/02\/Mushroom-Rebar-Cap-7-300x300.jpg\" alt=\"S\u0113\u0146u armat\u016bras v\u0101ci\u0146\u0161\" width=\"300\" height=\"300\" class=\"alignnone size-medium wp-image-3195\" srcset=\"https:\/\/qingdaohf.com\/wp-content\/uploads\/2023\/02\/Mushroom-Rebar-Cap-7-300x300.jpg 300w, https:\/\/qingdaohf.com\/wp-content\/uploads\/2023\/02\/Mushroom-Rebar-Cap-7-150x150.jpg 150w, https:\/\/qingdaohf.com\/wp-content\/uploads\/2023\/02\/Mushroom-Rebar-Cap-7-768x768.jpg 768w, https:\/\/qingdaohf.com\/wp-content\/uploads\/2023\/02\/Mushroom-Rebar-Cap-7-500x500.jpg 500w, https:\/\/qingdaohf.com\/wp-content\/uploads\/2023\/02\/Mushroom-Rebar-Cap-7-100x100.jpg 100w, https:\/\/qingdaohf.com\/wp-content\/uploads\/2023\/02\/Mushroom-Rebar-Cap-7.jpg 1000w\" sizes=\"(max-width: 300px) 100vw, 300px\" \/><\/td><td class=\"column-2\">Mazs armat\u016bras v\u0101ci\u0146\u0161 #3-#8<\/td><td class=\"column-3\">A10<\/td><td class=\"column-4\">100<\/td><td class=\"column-5\">7<\/td>\n<\/tr>\n<tr class=\"row-5\">\n\t<td class=\"column-1\"><img loading=\"lazy\" decoding=\"async\" src=\"http:\/\/qingdaohf.com\/wp-content\/uploads\/2023\/02\/Mushroom-Rebar-Cap-7-300x300.jpg\" alt=\"S\u0113\u0146u armat\u016bras v\u0101ci\u0146\u0161\" width=\"300\" height=\"300\" class=\"alignnone size-medium wp-image-3195\" srcset=\"https:\/\/qingdaohf.com\/wp-content\/uploads\/2023\/02\/Mushroom-Rebar-Cap-7-300x300.jpg 300w, https:\/\/qingdaohf.com\/wp-content\/uploads\/2023\/02\/Mushroom-Rebar-Cap-7-150x150.jpg 150w, https:\/\/qingdaohf.com\/wp-content\/uploads\/2023\/02\/Mushroom-Rebar-Cap-7-768x768.jpg 768w, https:\/\/qingdaohf.com\/wp-content\/uploads\/2023\/02\/Mushroom-Rebar-Cap-7-500x500.jpg 500w, https:\/\/qingdaohf.com\/wp-content\/uploads\/2023\/02\/Mushroom-Rebar-Cap-7-100x100.jpg 100w, https:\/\/qingdaohf.com\/wp-content\/uploads\/2023\/02\/Mushroom-Rebar-Cap-7.jpg 1000w\" sizes=\"(max-width: 300px) 100vw, 300px\" \/><\/td><td class=\"column-2\">Liels armat\u016bras v\u0101ci\u0146\u0161 #9-#18<\/td><td class=\"column-3\">A20<\/td><td class=\"column-4\">250<\/td><td class=\"column-5\">26<\/td>\n<\/tr>\n<\/tbody>\n<\/table>\n<!-- #tablepress-30 from cache -->\n<h3 class=\"text-xl font-bold text-text-200 mt-1 -mb-0.5\">In\u017eeniertehnisk\u0101 izcil\u012bba un materi\u0101lu integrit\u0101te<\/h3>\n<p class=\"whitespace-pre-wrap break-words\">M\u0113s ne tikai salik\u0101m \u0161\u012bs cepures kop\u0101 - m\u0113s r\u016bp\u012bgi izstr\u0101d\u0101j\u0101m deta\u013cas. M\u016bsu izmantotais polim\u0113ru mais\u012bjums nav standarta plastmasa - tas ir \u012bpa\u0161i izv\u0113l\u0113ts, lai iztur\u0113tu jebkuru darba vietas apst\u0101kli, s\u0101kot ar karstumu un beidzot ar aukstumu l\u012bdz kaulam. \u0160ie v\u0101ci\u0146i ir stabili un iztur\u012bgi.<\/p>\n<p class=\"whitespace-pre-wrap break-words\">Ar\u012b kvadr\u0101ta forma nav nejau\u0161a. M\u016bsu in\u017eenieri pavad\u012bja neskait\u0101mas stundas, pilnveidojot dizainu, lai \u0161ie v\u0101ci\u0146i cie\u0161i tur\u0113tos un nekust\u0113tos pat tad, kad viss apk\u0101rt tr\u012bc un kustas. Ar\u012b to uzst\u0101d\u012b\u0161ana ir \u013coti vienk\u0101r\u0161a - jo p\u0113d\u0113jais, kas jums nepiecie\u0161ams, ir t\u0113r\u0113t laiku, c\u012bnoties ar dro\u0161\u012bbas apr\u012bkojumu.<\/p>\n<div class=\"ast-oembed-container\" style=\"height: 100%;\"><iframe title=\"Armat\u016bras v\u0101ci\u0146a kvalit\u0101tes tests\" width=\"500\" height=\"281\" src=\"https:\/\/www.youtube.com\/embed\/XM52zOtdu4w?feature=oembed\" frameborder=\"0\" allow=\"accelerometer; autoplay; clipboard-write; encrypted-media; gyroscope; picture-in-picture; web-share\" referrerpolicy=\"strict-origin-when-cross-origin\" allowfullscreen><\/iframe><\/div>","protected":false},"excerpt":{"rendered":"<p>OSHA v\u0101ci\u0146i ir izcils dro\u0161\u012bbas izstr\u0101d\u0101jums, kas nosl\u012bd p\u0101ri atsegtiem armat\u016bras galiem un iev\u0113rojami samazina apdraud\u0113jumus b\u016bvlaukum\u0101. Tie ir kvadr\u0101tveida formas un atbilst stingr\u0101m nozares specifik\u0101cij\u0101m, nodro\u0161inot atbilst\u012bbu dro\u0161\u012bbas noteikumiem un vienlaikus ir \u012bpa\u0161i iztur\u012bgi. Stiegrojuma s\u0113n\u012b\u0161u v\u0101ci\u0146i ir apa\u013cas formas, un tos var izmantot \u012bpa\u0161os gad\u012bjumos. K\u0101 uzticams tirdzniec\u012bbas uz\u0146\u0113mums m\u0113s lepojamies ar to, ka pied\u0101v\u0101jam individu\u0101lu klientu apkalpo\u0161anu, \u0101tru pieg\u0101di un visaptvero\u0161us kvalit\u0101tes p\u0101rbaudes zi\u0146ojumus. M\u0113s saprotam, ka pirc\u0113ji nov\u0113rt\u0113 iztur\u012bbu, vieglu uzst\u0101d\u012b\u0161anu un atbilst\u012bbu normat\u012bvajiem aktiem - m\u016bsu produkti ir veidoti, \u0146emot v\u0113r\u0101 \u0161os pamatnosac\u012bjumus, nodro\u0161inot liel\u0101ku dro\u0161\u012bbu, uzticam\u012bbu un veiktsp\u0113ju katr\u0101 projekt\u0101.<\/p>","protected":false},"featured_media":5529,"comment_status":"open","ping_status":"closed","template":"","meta":{"site-sidebar-layout":"default","site-content-layout":"","ast-site-content-layout":"default","site-content-style":"default","site-sidebar-style":"default","ast-global-header-display":"","ast-banner-title-visibility":"","ast-main-header-display":"","ast-hfb-above-header-display":"","ast-hfb-below-header-display":"","ast-hfb-mobile-header-display":"","site-post-title":"","ast-breadcrumbs-content":"","ast-featured-img":"","footer-sml-layout":"","theme-transparent-header-meta":"default","adv-header-id-meta":"","stick-header-meta":"default","header-above-stick-meta":"","header-main-stick-meta":"","header-below-stick-meta":"","astra-migrate-meta-layouts":"set","ast-page-background-enabled":"default","ast-page-background-meta":{"desktop":{"background-color":"","background-image":"","background-repeat":"repeat","background-position":"center center","background-size":"auto","background-attachment":"scroll","background-type":"","background-media":"","overlay-type":"","overlay-color":"","overlay-opacity":"","overlay-gradient":""},"tablet":{"background-color":"","background-image":"","background-repeat":"repeat","background-position":"center center","background-size":"auto","background-attachment":"scroll","background-type":"","background-media":"","overlay-type":"","overlay-color":"","overlay-opacity":"","overlay-gradient":""},"mobile":{"background-color":"","background-image":"","background-repeat":"repeat","background-position":"center center","background-size":"auto","background-attachment":"scroll","background-type":"","background-media":"","overlay-type":"","overlay-color":"","overlay-opacity":"","overlay-gradient":""}},"ast-content-background-meta":{"desktop":{"background-color":"var(--ast-global-color-5)","background-image":"","background-repeat":"repeat","background-position":"center center","background-size":"auto","background-attachment":"scroll","background-type":"","background-media":"","overlay-type":"","overlay-color":"","overlay-opacity":"","overlay-gradient":""},"tablet":{"background-color":"var(--ast-global-color-5)","background-image":"","background-repeat":"repeat","background-position":"center center","background-size":"auto","background-attachment":"scroll","background-type":"","background-media":"","overlay-type":"","overlay-color":"","overlay-opacity":"","overlay-gradient":""},"mobile":{"background-color":"var(--ast-global-color-5)","background-image":"","background-repeat":"repeat","background-position":"center center","background-size":"auto","background-attachment":"scroll","background-type":"","background-media":"","overlay-type":"","overlay-color":"","overlay-opacity":"","overlay-gradient":""}}},"product_brand":[],"product_cat":[35],"product_tag":[],"class_list":{"0":"post-8903","1":"product","2":"type-product","3":"status-publish","4":"has-post-thumbnail","6":"product_cat-concrete-rebar-support","7":"desktop-align-left","8":"tablet-align-left","9":"mobile-align-left","10":"ast-product-gallery-layout-horizontal-slider","11":"ast-product-tabs-layout-horizontal","13":"first","14":"instock","15":"shipping-taxable","16":"purchasable","17":"product-type-simple"},"yoast_head":"<!-- This site is optimized with the Yoast SEO plugin v25.2 - https:\/\/yoast.com\/wordpress\/plugins\/seo\/ -->\n<title>Rebar OSHA Caps<\/title>\n<meta name=\"description\" content=\"OSHA Caps are a superior safety product that slips over exposed rebar ends and significantly reduces on-site hazards.\" \/>\n<meta name=\"robots\" content=\"index, follow, max-snippet:-1, max-image-preview:large, max-video-preview:-1\" \/>\n<link rel=\"canonical\" href=\"https:\/\/qingdaohf.com\/lv\/products\/armaturas-stiegrojuma-osha-vacini\/\" \/>\n<meta property=\"og:locale\" content=\"lv_LV\" \/>\n<meta property=\"og:type\" content=\"article\" \/>\n<meta property=\"og:title\" content=\"Rebar OSHA Caps\" \/>\n<meta property=\"og:description\" content=\"OSHA Caps are a superior safety product that slips over exposed rebar ends and significantly reduces on-site hazards.\" \/>\n<meta property=\"og:url\" content=\"https:\/\/qingdaohf.com\/lv\/products\/armaturas-stiegrojuma-osha-vacini\/\" \/>\n<meta property=\"og:site_name\" content=\"Concrete Form &amp; Rigging Hardware Supplier\" \/>\n<meta property=\"article:publisher\" content=\"https:\/\/www.facebook.com\/qingdaohf\" \/>\n<meta property=\"article:modified_time\" content=\"2025-11-13T01:02:19+00:00\" \/>\n<meta property=\"og:image\" content=\"https:\/\/qingdaohf.com\/wp-content\/uploads\/2023\/02\/CAP-2-1.jpg\" \/>\n\t<meta property=\"og:image:width\" content=\"1000\" \/>\n\t<meta property=\"og:image:height\" content=\"1000\" \/>\n\t<meta property=\"og:image:type\" content=\"image\/jpeg\" \/>\n<meta name=\"twitter:card\" content=\"summary_large_image\" \/>\n<meta name=\"twitter:label1\" content=\"Est. reading time\" \/>\n\t<meta name=\"twitter:data1\" content=\"3 min\u016btes\" \/>\n<script type=\"application\/ld+json\" class=\"yoast-schema-graph\">{\"@context\":\"https:\/\/schema.org\",\"@graph\":[{\"@type\":\"WebPage\",\"@id\":\"https:\/\/qingdaohf.com\/product\/rebar-osha-caps\/\",\"url\":\"https:\/\/qingdaohf.com\/product\/rebar-osha-caps\/\",\"name\":\"Rebar OSHA Caps\",\"isPartOf\":{\"@id\":\"https:\/\/qingdaohf.com\/bg\/#website\"},\"primaryImageOfPage\":{\"@id\":\"https:\/\/qingdaohf.com\/product\/rebar-osha-caps\/#primaryimage\"},\"image\":{\"@id\":\"https:\/\/qingdaohf.com\/product\/rebar-osha-caps\/#primaryimage\"},\"thumbnailUrl\":\"https:\/\/qingdaohf.com\/wp-content\/uploads\/2023\/02\/CAP-2-1.jpg\",\"datePublished\":\"2025-02-08T03:51:31+00:00\",\"dateModified\":\"2025-11-13T01:02:19+00:00\",\"description\":\"OSHA Caps are a superior safety product that slips over exposed rebar ends and significantly reduces on-site hazards.\",\"breadcrumb\":{\"@id\":\"https:\/\/qingdaohf.com\/product\/rebar-osha-caps\/#breadcrumb\"},\"inLanguage\":\"lv-LV\",\"potentialAction\":[{\"@type\":\"ReadAction\",\"target\":[\"https:\/\/qingdaohf.com\/product\/rebar-osha-caps\/\"]}]},{\"@type\":\"ImageObject\",\"inLanguage\":\"lv-LV\",\"@id\":\"https:\/\/qingdaohf.com\/product\/rebar-osha-caps\/#primaryimage\",\"url\":\"https:\/\/qingdaohf.com\/wp-content\/uploads\/2023\/02\/CAP-2-1.jpg\",\"contentUrl\":\"https:\/\/qingdaohf.com\/wp-content\/uploads\/2023\/02\/CAP-2-1.jpg\",\"width\":1000,\"height\":1000,\"caption\":\"OSHA Cap\"},{\"@type\":\"BreadcrumbList\",\"@id\":\"https:\/\/qingdaohf.com\/product\/rebar-osha-caps\/#breadcrumb\",\"itemListElement\":[{\"@type\":\"ListItem\",\"position\":1,\"name\":\"Home\",\"item\":\"https:\/\/qingdaohf.com\/\"},{\"@type\":\"ListItem\",\"position\":2,\"name\":\"Concrete Forming Accessories and Rigging Hardware\",\"item\":\"https:\/\/qingdaohf.com\/bg\/?page_id=944\"},{\"@type\":\"ListItem\",\"position\":3,\"name\":\"Rebar OSHA Caps\"}]},{\"@type\":\"WebSite\",\"@id\":\"https:\/\/qingdaohf.com\/bg\/#website\",\"url\":\"https:\/\/qingdaohf.com\/bg\/\",\"name\":\"Concrete Form & Rigging Hardware Supplier\",\"description\":\"\",\"publisher\":{\"@id\":\"https:\/\/qingdaohf.com\/bg\/#organization\"},\"potentialAction\":[{\"@type\":\"SearchAction\",\"target\":{\"@type\":\"EntryPoint\",\"urlTemplate\":\"https:\/\/qingdaohf.com\/bg\/?s={search_term_string}\"},\"query-input\":{\"@type\":\"PropertyValueSpecification\",\"valueRequired\":true,\"valueName\":\"search_term_string\"}}],\"inLanguage\":\"lv-LV\"},{\"@type\":\"Organization\",\"@id\":\"https:\/\/qingdaohf.com\/bg\/#organization\",\"name\":\"Qingdao H&F\",\"url\":\"https:\/\/qingdaohf.com\/bg\/\",\"logo\":{\"@type\":\"ImageObject\",\"inLanguage\":\"lv-LV\",\"@id\":\"https:\/\/qingdaohf.com\/bg\/#\/schema\/logo\/image\/\",\"url\":\"https:\/\/qingdaohf.com\/wp-content\/uploads\/2022\/12\/cropped-HF-LOGO.png\",\"contentUrl\":\"https:\/\/qingdaohf.com\/wp-content\/uploads\/2022\/12\/cropped-HF-LOGO.png\",\"width\":391,\"height\":249,\"caption\":\"Qingdao H&F\"},\"image\":{\"@id\":\"https:\/\/qingdaohf.com\/bg\/#\/schema\/logo\/image\/\"},\"sameAs\":[\"https:\/\/www.facebook.com\/qingdaohf\"]}]}<\/script>\n<!-- \/ Yoast SEO plugin. -->","yoast_head_json":{"title":"Rebar OSHA Caps","description":"OSHA Caps are a superior safety product that slips over exposed rebar ends and significantly reduces on-site hazards.","robots":{"index":"index","follow":"follow","max-snippet":"max-snippet:-1","max-image-preview":"max-image-preview:large","max-video-preview":"max-video-preview:-1"},"canonical":"https:\/\/qingdaohf.com\/lv\/products\/armaturas-stiegrojuma-osha-vacini\/","og_locale":"lv_LV","og_type":"article","og_title":"Rebar OSHA Caps","og_description":"OSHA Caps are a superior safety product that slips over exposed rebar ends and significantly reduces on-site hazards.","og_url":"https:\/\/qingdaohf.com\/lv\/products\/armaturas-stiegrojuma-osha-vacini\/","og_site_name":"Concrete Form &amp; Rigging Hardware Supplier","article_publisher":"https:\/\/www.facebook.com\/qingdaohf","article_modified_time":"2025-11-13T01:02:19+00:00","og_image":[{"width":1000,"height":1000,"url":"https:\/\/qingdaohf.com\/wp-content\/uploads\/2023\/02\/CAP-2-1.jpg","type":"image\/jpeg"}],"twitter_card":"summary_large_image","twitter_misc":{"Est. reading time":"3 min\u016btes"},"schema":{"@context":"https:\/\/schema.org","@graph":[{"@type":"WebPage","@id":"https:\/\/qingdaohf.com\/product\/rebar-osha-caps\/","url":"https:\/\/qingdaohf.com\/product\/rebar-osha-caps\/","name":"Rebar OSHA Caps","isPartOf":{"@id":"https:\/\/qingdaohf.com\/bg\/#website"},"primaryImageOfPage":{"@id":"https:\/\/qingdaohf.com\/product\/rebar-osha-caps\/#primaryimage"},"image":{"@id":"https:\/\/qingdaohf.com\/product\/rebar-osha-caps\/#primaryimage"},"thumbnailUrl":"https:\/\/qingdaohf.com\/wp-content\/uploads\/2023\/02\/CAP-2-1.jpg","datePublished":"2025-02-08T03:51:31+00:00","dateModified":"2025-11-13T01:02:19+00:00","description":"OSHA Caps are a superior safety product that slips over exposed rebar ends and significantly reduces on-site hazards.","breadcrumb":{"@id":"https:\/\/qingdaohf.com\/product\/rebar-osha-caps\/#breadcrumb"},"inLanguage":"lv-LV","potentialAction":[{"@type":"ReadAction","target":["https:\/\/qingdaohf.com\/product\/rebar-osha-caps\/"]}]},{"@type":"ImageObject","inLanguage":"lv-LV","@id":"https:\/\/qingdaohf.com\/product\/rebar-osha-caps\/#primaryimage","url":"https:\/\/qingdaohf.com\/wp-content\/uploads\/2023\/02\/CAP-2-1.jpg","contentUrl":"https:\/\/qingdaohf.com\/wp-content\/uploads\/2023\/02\/CAP-2-1.jpg","width":1000,"height":1000,"caption":"OSHA Cap"},{"@type":"BreadcrumbList","@id":"https:\/\/qingdaohf.com\/product\/rebar-osha-caps\/#breadcrumb","itemListElement":[{"@type":"ListItem","position":1,"name":"Home","item":"https:\/\/qingdaohf.com\/"},{"@type":"ListItem","position":2,"name":"Concrete Forming Accessories and Rigging Hardware","item":"https:\/\/qingdaohf.com\/bg\/?page_id=944"},{"@type":"ListItem","position":3,"name":"Rebar OSHA Caps"}]},{"@type":"WebSite","@id":"https:\/\/qingdaohf.com\/bg\/#website","url":"https:\/\/qingdaohf.com\/bg\/","name":"Concrete Form & Rigging Hardware Supplier","description":"","publisher":{"@id":"https:\/\/qingdaohf.com\/bg\/#organization"},"potentialAction":[{"@type":"SearchAction","target":{"@type":"EntryPoint","urlTemplate":"https:\/\/qingdaohf.com\/bg\/?s={search_term_string}"},"query-input":{"@type":"PropertyValueSpecification","valueRequired":true,"valueName":"search_term_string"}}],"inLanguage":"lv-LV"},{"@type":"Organization","@id":"https:\/\/qingdaohf.com\/bg\/#organization","name":"Qingdao H&F","url":"https:\/\/qingdaohf.com\/bg\/","logo":{"@type":"ImageObject","inLanguage":"lv-LV","@id":"https:\/\/qingdaohf.com\/bg\/#\/schema\/logo\/image\/","url":"https:\/\/qingdaohf.com\/wp-content\/uploads\/2022\/12\/cropped-HF-LOGO.png","contentUrl":"https:\/\/qingdaohf.com\/wp-content\/uploads\/2022\/12\/cropped-HF-LOGO.png","width":391,"height":249,"caption":"Qingdao H&F"},"image":{"@id":"https:\/\/qingdaohf.com\/bg\/#\/schema\/logo\/image\/"},"sameAs":["https:\/\/www.facebook.com\/qingdaohf"]}]}},"_links":{"self":[{"href":"https:\/\/qingdaohf.com\/lv\/wp-json\/wp\/v2\/product\/8903","targetHints":{"allow":["GET"]}}],"collection":[{"href":"https:\/\/qingdaohf.com\/lv\/wp-json\/wp\/v2\/product"}],"about":[{"href":"https:\/\/qingdaohf.com\/lv\/wp-json\/wp\/v2\/types\/product"}],"replies":[{"embeddable":true,"href":"https:\/\/qingdaohf.com\/lv\/wp-json\/wp\/v2\/comments?post=8903"}],"version-history":[{"count":3,"href":"https:\/\/qingdaohf.com\/lv\/wp-json\/wp\/v2\/product\/8903\/revisions"}],"predecessor-version":[{"id":8911,"href":"https:\/\/qingdaohf.com\/lv\/wp-json\/wp\/v2\/product\/8903\/revisions\/8911"}],"wp:featuredmedia":[{"embeddable":true,"href":"https:\/\/qingdaohf.com\/lv\/wp-json\/wp\/v2\/media\/5529"}],"wp:attachment":[{"href":"https:\/\/qingdaohf.com\/lv\/wp-json\/wp\/v2\/media?parent=8903"}],"wp:term":[{"taxonomy":"product_brand","embeddable":true,"href":"https:\/\/qingdaohf.com\/lv\/wp-json\/wp\/v2\/product_brand?post=8903"},{"taxonomy":"product_cat","embeddable":true,"href":"https:\/\/qingdaohf.com\/lv\/wp-json\/wp\/v2\/product_cat?post=8903"},{"taxonomy":"product_tag","embeddable":true,"href":"https:\/\/qingdaohf.com\/lv\/wp-json\/wp\/v2\/product_tag?post=8903"}],"curies":[{"name":"wp","href":"https:\/\/api.w.org\/{rel}","templated":true}]}}