{"id":8950,"date":"2025-02-13T11:53:04","date_gmt":"2025-02-13T03:53:04","guid":{"rendered":"http:\/\/qingdaohf.com\/?post_type=product&#038;p=8950"},"modified":"2025-11-13T09:02:19","modified_gmt":"2025-11-13T01:02:19","slug":"stainless-steel-eye-bolt","status":"publish","type":"product","link":"https:\/\/qingdaohf.com\/lv\/products\/nerusejosa-terauda-acs-skruve\/","title":{"rendered":"Ner\u016bs\u0113jo\u0161\u0101 t\u0113rauda acs skr\u016bve"},"content":{"rendered":"<p class=\"whitespace-pre-wrap break-words\">Ja mekl\u0113jat stiprin\u0101jumu, kas apvieno iztur\u012bbu un izsmalcin\u0101t\u012bbu, m\u016bsu ner\u016bs\u0113jo\u0161\u0101 t\u0113rauda acu skr\u016bve ir tie\u0161i t\u0101da. Izgatavotas no augst\u0101k\u0101s kvalit\u0101tes ner\u016bs\u0113jo\u0161\u0101 t\u0113rauda, \u0161\u012bs skr\u016bves iztur skarbus apst\u0101k\u013cus, vienlaikus saglab\u0101jot savu integrit\u0101ti. No ku\u0123u b\u016bv\u0113tav\u0101m l\u012bdz b\u016bvlaukumiem - t\u0101s ir pier\u0101d\u012bju\u0161as savu lietder\u012bbu sare\u017e\u0123\u012bt\u0101s vid\u0113s, kur parastie stiprin\u0101jumi to vienk\u0101r\u0161i nesp\u0113j.<\/p>\n<p class=\"whitespace-pre-wrap break-words\">\u0160o acu bultskr\u016bvju at\u0161\u0137ir\u012bba ir to uzman\u012bba deta\u013c\u0101m. Katrai skr\u016bvei ir prec\u012bzi apstr\u0101d\u0101ti v\u012btnes un r\u016bp\u012bgi veidota acs, t\u0101d\u0113j\u0101di radot ne tikai funkcion\u0101lu, bet ar\u012b izsmalcin\u0101tu deta\u013cu. Pul\u0113t\u0101 apdare nav paredz\u0113ta tikai izskatam - t\u0101 nodro\u0161ina papildu iztur\u012bbu pret koroziju, kas nodro\u0161ina \u0161o skr\u016bvju uzticamu darb\u012bbu gadu no gada.<\/p>\n<p class=\"whitespace-pre-wrap break-words\">M\u0113s ne tikai run\u0101jam par kvalit\u0101ti - m\u0113s to pier\u0101d\u0101m. Katra skr\u016bve pirms izve\u0161anas no m\u016bsu ra\u017eotnes tiek r\u016bp\u012bgi p\u0101rbaud\u012bta. Tas noz\u012bm\u0113, ka, uzst\u0101dot k\u0101du no m\u016bsu acu skr\u016bv\u0113m, varat uztic\u0113ties, ka t\u0101 tiks gal\u0101 ar jebk\u0101diem j\u016bsu projekta izaicin\u0101jumiem.<\/p>\n<h2 class=\"text-xl font-bold text-text-200 mt-1 -mb-0.5\">Detaliz\u0113ta specifik\u0101cija un daudzpus\u012bgi izm\u0113ri<\/h2>\n<h3 class=\"text-lg font-bold text-text-200 mt-1 -mb-1.5\">Izm\u0113ru diapazons un lietojumi<\/h3>\n<p class=\"whitespace-pre-wrap break-words\">M\u016bsu acu bultskr\u016bves, s\u0101kot ar kompakto M2 un beidzot ar iztur\u012bgo M24, ir da\u017e\u0101du izm\u0113ru, lai var\u0113tu veikt jebkuru darbu. Runa nav tikai par izv\u0113les iesp\u0113j\u0101m - runa ir par to, lai nodro\u0161in\u0101tu pareizo instrumentu konkr\u0113t\u0101m probl\u0113m\u0101m. Maz\u0101k\u0101s M2 un M3 bultskr\u016bves ir lieliski piem\u0113rotas prec\u012bz\u0101m iek\u0101rt\u0101m, savuk\u0101rt liel\u0101k\u0101s M20 l\u012bdz M24 izm\u0113ra bultskr\u016bves dro\u0161i tiek gal\u0101 ar liel\u0101m r\u016bpniecisk\u0101m slodz\u0113m.<\/p>\n<p class=\"whitespace-pre-wrap break-words\">Katrs izm\u0113rs tiek ra\u017eots saska\u0146\u0101 ar stingriem standartiem, ar v\u012btnes so\u013ca un diametra pielaid\u0113m, kas nodro\u0161ina vienm\u0113r perfektu mont\u0101\u017eu. M\u0113s to apliecin\u0101m ar detaliz\u0113tiem kvalit\u0101tes zi\u0146ojumiem par iztur\u012bbu, iztur\u012bbu pret nogurumu un iztur\u012bbu pret koroziju, jo, kad runa ir par savienot\u0101jelementiem, ar min\u0113jumiem nepietiek.<\/p>\n<h3 class=\"text-lg font-bold text-text-200 mt-1 -mb-1.5\">Dizaina iez\u012bmes<\/h3>\n<p class=\"whitespace-pre-wrap break-words\">Tie nav j\u016bsu vect\u0113va acu skr\u016bv\u012btes. V\u012bt\u0146u raksts laika gait\u0101 samazina nodilumu, bet acs izliekuma sadal\u012bjums optimiz\u0113 slodzes p\u0101rvieto\u0161anu. Tas noz\u012bm\u0113 maz\u0101k galvass\u0101pju ar apkopi un ilg\u0101ku kalpo\u0161anas laiku - tie\u0161i tas, kas jums nepiecie\u0161ams, ja piek\u013cuve remontam ir ierobe\u017eota vai d\u0101rga.<\/p>\n<h2 class=\"text-xl font-bold text-text-200 mt-1 -mb-0.5\">At\u0161\u0137ir\u012bbas un tirgus sal\u012bdzin\u0101jums<\/h2>\n<h3 class=\"text-lg font-bold text-text-200 mt-1 -mb-1.5\">Materi\u0101lu un ra\u017eo\u0161anas izcil\u012bba<\/h3>\n<p class=\"whitespace-pre-wrap break-words\">Lai gan tirg\u016b netr\u016bkst acu skr\u016bvju, m\u016bsu skr\u016bves izce\u013cas ar modernu metalur\u0123iju un prec\u012bzu ra\u017eo\u0161anu. M\u016bsu izmantotais ner\u016bs\u0113jo\u0161ais t\u0113rauds ir ne tikai iztur\u012bgs pret koroziju - tas ir \u012bpa\u0161i izv\u0113l\u0113ts, \u0146emot v\u0113r\u0101 t\u0101 iztur\u012bbas un svara attiec\u012bbu un ilgtermi\u0146a iztur\u012bbu. Tas ir \u013coti svar\u012bgi j\u016bras vid\u0113 vai \u0137\u012bmisk\u0101s apstr\u0101des r\u016bpn\u012bc\u0101s, kur maz\u0101k iztur\u012bgi materi\u0101li \u0101tri atkl\u0101j savas v\u0101j\u0101s puses.<\/p>\n<p class=\"whitespace-pre-wrap break-words\">M\u016bsu ra\u017eo\u0161anas proces\u0101 apvienotas tradicion\u0101l\u0101s kal\u0161anas zin\u0101\u0161anas ar modern\u0101m termisk\u0101s apstr\u0101des metod\u0113m. T\u0101d\u0113j\u0101di tiek rad\u012bti konsekventi, uzticami izstr\u0101d\u0101jumi, kas gan iztur\u012bbas, gan ilgm\u016b\u017e\u012bbas zi\u0146\u0101 p\u0101rsp\u0113j standarta pied\u0101v\u0101jumus.<\/p>\n<h3 class=\"text-lg font-bold text-text-200 mt-1 -mb-1.5\">Veiktsp\u0113jas priek\u0161roc\u012bbas<\/h3>\n<p class=\"whitespace-pre-wrap break-words\">Sal\u012bdzinot m\u016bsu acu bultskr\u016bves ir iztur\u012bg\u0101kas gan pret koroziju, gan pret met\u0101la nogurumu. Virsmas apdare nav saist\u012bta tikai ar izskatu - t\u0101 akt\u012bvi nov\u0113r\u0161 gru\u017eu uzkr\u0101\u0161anos un nodro\u0161ina netrauc\u0113tu darb\u012bbu kop\u0101 ar citiem komponentiem. Lietot\u0101ji zi\u0146o, ka, p\u0101rejot uz m\u016bsu produktiem, iev\u0113rojami samazin\u0101s apkopes laiks.<\/p>\n<h3 class=\"text-lg font-bold text-text-200 mt-1 -mb-1.5\">Apkalpo\u0161ana un atbalsts<\/h3>\n<p class=\"whitespace-pre-wrap break-words\">Savu augst\u0101k\u0101s kvalit\u0101tes produktu m\u0113s nodro\u0161in\u0101m ar augst\u0101k\u0101s kvalit\u0101tes servisu. Katr\u0101 pas\u016bt\u012bjum\u0101 ir iek\u013cauta visaptvero\u0161a kvalit\u0101tes p\u0101rbaudes dokument\u0101cija un piek\u013cuve tehniskajam atbalstam, ko sniedz cilv\u0113ki, kuri p\u0101rzina savienot\u0101jelementus no iek\u0161puses un \u0101rpuses. \u0100tri pieg\u0101des termi\u0146i un vienk\u0101r\u0161a pas\u016bt\u012b\u0161ana nodro\u0161ina, ka j\u016bsu projekti virz\u0101s uz priek\u0161u bez kav\u0113\u0161an\u0101s.<\/p>\n<h2 class=\"text-xl font-bold text-text-200 mt-1 -mb-0.5\">Pieteik\u0161an\u0101s un kvalit\u0101tes nodro\u0161in\u0101\u0161ana<\/h2>\n<h3 class=\"text-lg font-bold text-text-200 mt-1 -mb-1.5\">Re\u0101l\u0101 veiktsp\u0113ja<\/h3>\n<p class=\"whitespace-pre-wrap break-words\">\u0160\u012bs acu skr\u016bves ir sevi pier\u0101d\u012bju\u0161as da\u017e\u0101d\u0101s nozar\u0113s, s\u0101kot no smag\u0101s ra\u017eo\u0161anas l\u012bdz prec\u012bzai ma\u0161\u012bnb\u016bvei. To sp\u0113ja saglab\u0101t integrit\u0101ti main\u012bgas slodzes apst\u0101k\u013cos padara t\u0101s nenov\u0113rt\u0113jamas dinamisk\u0101 vid\u0113, kur k\u013c\u016bme nav iesp\u0113jama.<\/p>\n<h3 class=\"text-lg font-bold text-text-200 mt-1 -mb-1.5\">Uztur\u0113\u0161ana un ilgm\u016b\u017e\u012bba<\/h3>\n<p class=\"whitespace-pre-wrap break-words\">Pul\u0113t\u0101 apdare ne tikai piesaista uzman\u012bbu, bet ar\u012b akt\u012bvi aizsarg\u0101 pret pies\u0101r\u0146ojumu un atvieglo p\u0101rbaudes proced\u016bras. \u0160\u012b praktisk\u0101 pieeja apkopei ietaupa laiku un samazina neparedz\u0113tu iek\u0101rtu d\u012bkst\u0101vju risku.<\/p>\n<h3 class=\"text-lg font-bold text-text-200 mt-1 -mb-1.5\">Kvalit\u0101tes kontrole<\/h3>\n<p class=\"whitespace-pre-wrap break-words\">Katram acu bultskr\u016bvim tiek veikta stingra test\u0113\u0161ana, kas imit\u0113 re\u0101los apst\u0101k\u013cus. M\u0113s m\u0113ra kritiskos parametrus, tostarp stiepes iztur\u012bbu, slodzes iztur\u012bbu un iztur\u012bbu pret apk\u0101rt\u0113j\u0101s vides iedarb\u012bbu. \u0160\u012b r\u016bp\u012bg\u0101 pieeja nodro\u0161ina, ka sa\u0146emat sast\u0101vda\u013cas, kas ir gatavas t\u016bl\u012bt\u0113jai izmanto\u0161anai.<\/p>\n<h3 class=\"text-lg font-bold text-text-200 mt-1 -mb-1.5\">Notieko\u0161\u0101 att\u012bst\u012bba<\/h3>\n<p class=\"whitespace-pre-wrap break-words\">M\u0113s nep\u0101rtraukti pilnveidojam savu dizainu, pamatojoties uz klientu atsauksm\u0113m un jaun\u0101m nozares vajadz\u012bb\u0101m. \u0160\u012b ap\u0146em\u0161an\u0101s pilnveidot m\u016bsu acu bultskr\u016bves ir stiprin\u0101jumu tehnolo\u0123iju avangard\u0101 un ir gatavas risin\u0101t gan r\u012btdienas, gan \u0161odienas izaicin\u0101jumus.<\/p>\n<p class=\"whitespace-pre-wrap break-words\">T\u0101tad \u0161\u012bs ner\u016bs\u0113jo\u0161\u0101 t\u0113rauda acu skr\u016bves ir ide\u0101ls in\u017eeniertehnisk\u0101s precizit\u0101tes un praktisk\u0101s uzticam\u012bbas l\u012bdzsvars. S\u0101kot ar maz\u0101ko M2 un beidzot ar liel\u0101ko M24, katrs izm\u0113rs nodro\u0161ina nemain\u012bgu veiktsp\u0113ju, ko garant\u0113 visaptvero\u0161a kvalit\u0101tes nodro\u0161in\u0101\u0161ana. Apvienojum\u0101 ar m\u016bsu atsauc\u012bgo klientu apkalpo\u0161anu un \u0101tro pieg\u0101di t\u0101s ir ide\u0101la izv\u0113le profesion\u0101\u013ciem, kuri pieprasa izcil\u012bbu katr\u0101 komponent\u0101.<\/p>","protected":false},"excerpt":{"rendered":"<p>M\u016bsu ner\u016bs\u0113jo\u0161\u0101 t\u0113rauda acs skr\u016bve nodro\u0161ina bezkompromisa uzticam\u012bbu un elast\u012bbu gad\u012bjumos, kad iztur\u012bba un ilgm\u016b\u017e\u012bba ir \u013coti svar\u012bga. Ir pieejams pla\u0161s v\u012bt\u0146u izm\u0113ru kl\u0101sts - no M2 l\u012bdz M24 - un \u0161is izstr\u0101d\u0101jums atbild uz bie\u017e\u0101kajiem pirc\u0113ju jaut\u0101jumiem par iztur\u012bbu pret koroziju, slodzes iztur\u012bbu un vienk\u0101r\u0161u integr\u0113\u0161anu da\u017e\u0101da veida meh\u0101niskaj\u0101s sist\u0113m\u0101s. B\u016bdami uzticams tirdzniec\u012bbas uz\u0146\u0113mums, m\u0113s lepojamies ar to, ka pied\u0101v\u0101jam individu\u0101lu klientu apkalpo\u0161anu, \u0101tru pieg\u0101des ciklu un virkni kvalit\u0101tes p\u0101rbaudes zi\u0146ojumu, lai m\u016bsu klienti sa\u0146emtu tikai lab\u0101ko.<\/p>","protected":false},"featured_media":8951,"comment_status":"open","ping_status":"closed","template":"","meta":{"site-sidebar-layout":"default","site-content-layout":"","ast-site-content-layout":"default","site-content-style":"default","site-sidebar-style":"default","ast-global-header-display":"","ast-banner-title-visibility":"","ast-main-header-display":"","ast-hfb-above-header-display":"","ast-hfb-below-header-display":"","ast-hfb-mobile-header-display":"","site-post-title":"","ast-breadcrumbs-content":"","ast-featured-img":"","footer-sml-layout":"","theme-transparent-header-meta":"default","adv-header-id-meta":"","stick-header-meta":"default","header-above-stick-meta":"","header-main-stick-meta":"","header-below-stick-meta":"","astra-migrate-meta-layouts":"set","ast-page-background-enabled":"default","ast-page-background-meta":{"desktop":{"background-color":"","background-image":"","background-repeat":"repeat","background-position":"center center","background-size":"auto","background-attachment":"scroll","background-type":"","background-media":"","overlay-type":"","overlay-color":"","overlay-opacity":"","overlay-gradient":""},"tablet":{"background-color":"","background-image":"","background-repeat":"repeat","background-position":"center center","background-size":"auto","background-attachment":"scroll","background-type":"","background-media":"","overlay-type":"","overlay-color":"","overlay-opacity":"","overlay-gradient":""},"mobile":{"background-color":"","background-image":"","background-repeat":"repeat","background-position":"center center","background-size":"auto","background-attachment":"scroll","background-type":"","background-media":"","overlay-type":"","overlay-color":"","overlay-opacity":"","overlay-gradient":""}},"ast-content-background-meta":{"desktop":{"background-color":"var(--ast-global-color-5)","background-image":"","background-repeat":"repeat","background-position":"center center","background-size":"auto","background-attachment":"scroll","background-type":"","background-media":"","overlay-type":"","overlay-color":"","overlay-opacity":"","overlay-gradient":""},"tablet":{"background-color":"var(--ast-global-color-5)","background-image":"","background-repeat":"repeat","background-position":"center center","background-size":"auto","background-attachment":"scroll","background-type":"","background-media":"","overlay-type":"","overlay-color":"","overlay-opacity":"","overlay-gradient":""},"mobile":{"background-color":"var(--ast-global-color-5)","background-image":"","background-repeat":"repeat","background-position":"center center","background-size":"auto","background-attachment":"scroll","background-type":"","background-media":"","overlay-type":"","overlay-color":"","overlay-opacity":"","overlay-gradient":""}}},"product_brand":[],"product_cat":[44],"product_tag":[],"class_list":{"0":"post-8950","1":"product","2":"type-product","3":"status-publish","4":"has-post-thumbnail","6":"product_cat-stainless-steel-poduct","7":"desktop-align-left","8":"tablet-align-left","9":"mobile-align-left","10":"ast-product-gallery-layout-horizontal-slider","11":"ast-product-tabs-layout-horizontal","13":"first","14":"instock","15":"shipping-taxable","16":"purchasable","17":"product-type-simple"},"yoast_head":"<!-- This site is optimized with the Yoast SEO plugin v25.2 - https:\/\/yoast.com\/wordpress\/plugins\/seo\/ -->\n<title>Stainless Steel Eye bolt<\/title>\n<meta name=\"description\" content=\"Our stainless steel eye bolt provides uncompromising reliability and flexibility in uses where strength and durability are of the utmost importance.\" \/>\n<meta name=\"robots\" content=\"index, follow, max-snippet:-1, max-image-preview:large, max-video-preview:-1\" \/>\n<link rel=\"canonical\" href=\"https:\/\/qingdaohf.com\/lv\/products\/nerusejosa-terauda-acs-skruve\/\" \/>\n<meta property=\"og:locale\" content=\"lv_LV\" \/>\n<meta property=\"og:type\" content=\"article\" \/>\n<meta property=\"og:title\" content=\"Stainless Steel Eye bolt\" \/>\n<meta property=\"og:description\" content=\"Our stainless steel eye bolt provides uncompromising reliability and flexibility in uses where strength and durability are of the utmost importance.\" \/>\n<meta property=\"og:url\" content=\"https:\/\/qingdaohf.com\/lv\/products\/nerusejosa-terauda-acs-skruve\/\" \/>\n<meta property=\"og:site_name\" content=\"Concrete Form &amp; Rigging Hardware Supplier\" \/>\n<meta property=\"article:publisher\" content=\"https:\/\/www.facebook.com\/qingdaohf\" \/>\n<meta property=\"article:modified_time\" content=\"2025-11-13T01:02:19+00:00\" \/>\n<meta property=\"og:image\" content=\"https:\/\/qingdaohf.com\/wp-content\/uploads\/2025\/02\/eye-bolt-2.webp\" \/>\n\t<meta property=\"og:image:width\" content=\"1000\" \/>\n\t<meta property=\"og:image:height\" content=\"1000\" \/>\n\t<meta property=\"og:image:type\" content=\"image\/webp\" \/>\n<meta name=\"twitter:card\" content=\"summary_large_image\" \/>\n<meta name=\"twitter:label1\" content=\"Est. reading time\" \/>\n\t<meta name=\"twitter:data1\" content=\"4 min\u016btes\" \/>\n<script type=\"application\/ld+json\" class=\"yoast-schema-graph\">{\"@context\":\"https:\/\/schema.org\",\"@graph\":[{\"@type\":\"WebPage\",\"@id\":\"https:\/\/qingdaohf.com\/product\/stainless-steel-eye-bolt\/\",\"url\":\"https:\/\/qingdaohf.com\/product\/stainless-steel-eye-bolt\/\",\"name\":\"Stainless Steel Eye bolt\",\"isPartOf\":{\"@id\":\"https:\/\/qingdaohf.com\/bg\/#website\"},\"primaryImageOfPage\":{\"@id\":\"https:\/\/qingdaohf.com\/product\/stainless-steel-eye-bolt\/#primaryimage\"},\"image\":{\"@id\":\"https:\/\/qingdaohf.com\/product\/stainless-steel-eye-bolt\/#primaryimage\"},\"thumbnailUrl\":\"https:\/\/qingdaohf.com\/wp-content\/uploads\/2025\/02\/eye-bolt-2.webp\",\"datePublished\":\"2025-02-13T03:53:04+00:00\",\"dateModified\":\"2025-11-13T01:02:19+00:00\",\"description\":\"Our stainless steel eye bolt provides uncompromising reliability and flexibility in uses where strength and durability are of the utmost importance.\",\"breadcrumb\":{\"@id\":\"https:\/\/qingdaohf.com\/product\/stainless-steel-eye-bolt\/#breadcrumb\"},\"inLanguage\":\"lv-LV\",\"potentialAction\":[{\"@type\":\"ReadAction\",\"target\":[\"https:\/\/qingdaohf.com\/product\/stainless-steel-eye-bolt\/\"]}]},{\"@type\":\"ImageObject\",\"inLanguage\":\"lv-LV\",\"@id\":\"https:\/\/qingdaohf.com\/product\/stainless-steel-eye-bolt\/#primaryimage\",\"url\":\"https:\/\/qingdaohf.com\/wp-content\/uploads\/2025\/02\/eye-bolt-2.webp\",\"contentUrl\":\"https:\/\/qingdaohf.com\/wp-content\/uploads\/2025\/02\/eye-bolt-2.webp\",\"width\":1000,\"height\":1000},{\"@type\":\"BreadcrumbList\",\"@id\":\"https:\/\/qingdaohf.com\/product\/stainless-steel-eye-bolt\/#breadcrumb\",\"itemListElement\":[{\"@type\":\"ListItem\",\"position\":1,\"name\":\"Home\",\"item\":\"https:\/\/qingdaohf.com\/\"},{\"@type\":\"ListItem\",\"position\":2,\"name\":\"Concrete Forming Accessories and Rigging Hardware\",\"item\":\"https:\/\/qingdaohf.com\/bg\/?page_id=944\"},{\"@type\":\"ListItem\",\"position\":3,\"name\":\"Stainless Steel Eye bolt\"}]},{\"@type\":\"WebSite\",\"@id\":\"https:\/\/qingdaohf.com\/bg\/#website\",\"url\":\"https:\/\/qingdaohf.com\/bg\/\",\"name\":\"Concrete Form & Rigging Hardware Supplier\",\"description\":\"\",\"publisher\":{\"@id\":\"https:\/\/qingdaohf.com\/bg\/#organization\"},\"potentialAction\":[{\"@type\":\"SearchAction\",\"target\":{\"@type\":\"EntryPoint\",\"urlTemplate\":\"https:\/\/qingdaohf.com\/bg\/?s={search_term_string}\"},\"query-input\":{\"@type\":\"PropertyValueSpecification\",\"valueRequired\":true,\"valueName\":\"search_term_string\"}}],\"inLanguage\":\"lv-LV\"},{\"@type\":\"Organization\",\"@id\":\"https:\/\/qingdaohf.com\/bg\/#organization\",\"name\":\"Qingdao H&F\",\"url\":\"https:\/\/qingdaohf.com\/bg\/\",\"logo\":{\"@type\":\"ImageObject\",\"inLanguage\":\"lv-LV\",\"@id\":\"https:\/\/qingdaohf.com\/bg\/#\/schema\/logo\/image\/\",\"url\":\"https:\/\/qingdaohf.com\/wp-content\/uploads\/2022\/12\/cropped-HF-LOGO.png\",\"contentUrl\":\"https:\/\/qingdaohf.com\/wp-content\/uploads\/2022\/12\/cropped-HF-LOGO.png\",\"width\":391,\"height\":249,\"caption\":\"Qingdao H&F\"},\"image\":{\"@id\":\"https:\/\/qingdaohf.com\/bg\/#\/schema\/logo\/image\/\"},\"sameAs\":[\"https:\/\/www.facebook.com\/qingdaohf\"]}]}<\/script>\n<!-- \/ Yoast SEO plugin. -->","yoast_head_json":{"title":"Stainless Steel Eye bolt","description":"Our stainless steel eye bolt provides uncompromising reliability and flexibility in uses where strength and durability are of the utmost importance.","robots":{"index":"index","follow":"follow","max-snippet":"max-snippet:-1","max-image-preview":"max-image-preview:large","max-video-preview":"max-video-preview:-1"},"canonical":"https:\/\/qingdaohf.com\/lv\/products\/nerusejosa-terauda-acs-skruve\/","og_locale":"lv_LV","og_type":"article","og_title":"Stainless Steel Eye bolt","og_description":"Our stainless steel eye bolt provides uncompromising reliability and flexibility in uses where strength and durability are of the utmost importance.","og_url":"https:\/\/qingdaohf.com\/lv\/products\/nerusejosa-terauda-acs-skruve\/","og_site_name":"Concrete Form &amp; Rigging Hardware Supplier","article_publisher":"https:\/\/www.facebook.com\/qingdaohf","article_modified_time":"2025-11-13T01:02:19+00:00","og_image":[{"width":1000,"height":1000,"url":"https:\/\/qingdaohf.com\/wp-content\/uploads\/2025\/02\/eye-bolt-2.webp","type":"image\/webp"}],"twitter_card":"summary_large_image","twitter_misc":{"Est. reading time":"4 min\u016btes"},"schema":{"@context":"https:\/\/schema.org","@graph":[{"@type":"WebPage","@id":"https:\/\/qingdaohf.com\/product\/stainless-steel-eye-bolt\/","url":"https:\/\/qingdaohf.com\/product\/stainless-steel-eye-bolt\/","name":"Stainless Steel Eye bolt","isPartOf":{"@id":"https:\/\/qingdaohf.com\/bg\/#website"},"primaryImageOfPage":{"@id":"https:\/\/qingdaohf.com\/product\/stainless-steel-eye-bolt\/#primaryimage"},"image":{"@id":"https:\/\/qingdaohf.com\/product\/stainless-steel-eye-bolt\/#primaryimage"},"thumbnailUrl":"https:\/\/qingdaohf.com\/wp-content\/uploads\/2025\/02\/eye-bolt-2.webp","datePublished":"2025-02-13T03:53:04+00:00","dateModified":"2025-11-13T01:02:19+00:00","description":"Our stainless steel eye bolt provides uncompromising reliability and flexibility in uses where strength and durability are of the utmost importance.","breadcrumb":{"@id":"https:\/\/qingdaohf.com\/product\/stainless-steel-eye-bolt\/#breadcrumb"},"inLanguage":"lv-LV","potentialAction":[{"@type":"ReadAction","target":["https:\/\/qingdaohf.com\/product\/stainless-steel-eye-bolt\/"]}]},{"@type":"ImageObject","inLanguage":"lv-LV","@id":"https:\/\/qingdaohf.com\/product\/stainless-steel-eye-bolt\/#primaryimage","url":"https:\/\/qingdaohf.com\/wp-content\/uploads\/2025\/02\/eye-bolt-2.webp","contentUrl":"https:\/\/qingdaohf.com\/wp-content\/uploads\/2025\/02\/eye-bolt-2.webp","width":1000,"height":1000},{"@type":"BreadcrumbList","@id":"https:\/\/qingdaohf.com\/product\/stainless-steel-eye-bolt\/#breadcrumb","itemListElement":[{"@type":"ListItem","position":1,"name":"Home","item":"https:\/\/qingdaohf.com\/"},{"@type":"ListItem","position":2,"name":"Concrete Forming Accessories and Rigging Hardware","item":"https:\/\/qingdaohf.com\/bg\/?page_id=944"},{"@type":"ListItem","position":3,"name":"Stainless Steel Eye bolt"}]},{"@type":"WebSite","@id":"https:\/\/qingdaohf.com\/bg\/#website","url":"https:\/\/qingdaohf.com\/bg\/","name":"Concrete Form & Rigging Hardware Supplier","description":"","publisher":{"@id":"https:\/\/qingdaohf.com\/bg\/#organization"},"potentialAction":[{"@type":"SearchAction","target":{"@type":"EntryPoint","urlTemplate":"https:\/\/qingdaohf.com\/bg\/?s={search_term_string}"},"query-input":{"@type":"PropertyValueSpecification","valueRequired":true,"valueName":"search_term_string"}}],"inLanguage":"lv-LV"},{"@type":"Organization","@id":"https:\/\/qingdaohf.com\/bg\/#organization","name":"Qingdao H&F","url":"https:\/\/qingdaohf.com\/bg\/","logo":{"@type":"ImageObject","inLanguage":"lv-LV","@id":"https:\/\/qingdaohf.com\/bg\/#\/schema\/logo\/image\/","url":"https:\/\/qingdaohf.com\/wp-content\/uploads\/2022\/12\/cropped-HF-LOGO.png","contentUrl":"https:\/\/qingdaohf.com\/wp-content\/uploads\/2022\/12\/cropped-HF-LOGO.png","width":391,"height":249,"caption":"Qingdao H&F"},"image":{"@id":"https:\/\/qingdaohf.com\/bg\/#\/schema\/logo\/image\/"},"sameAs":["https:\/\/www.facebook.com\/qingdaohf"]}]}},"_links":{"self":[{"href":"https:\/\/qingdaohf.com\/lv\/wp-json\/wp\/v2\/product\/8950","targetHints":{"allow":["GET"]}}],"collection":[{"href":"https:\/\/qingdaohf.com\/lv\/wp-json\/wp\/v2\/product"}],"about":[{"href":"https:\/\/qingdaohf.com\/lv\/wp-json\/wp\/v2\/types\/product"}],"replies":[{"embeddable":true,"href":"https:\/\/qingdaohf.com\/lv\/wp-json\/wp\/v2\/comments?post=8950"}],"version-history":[{"count":2,"href":"https:\/\/qingdaohf.com\/lv\/wp-json\/wp\/v2\/product\/8950\/revisions"}],"predecessor-version":[{"id":8957,"href":"https:\/\/qingdaohf.com\/lv\/wp-json\/wp\/v2\/product\/8950\/revisions\/8957"}],"wp:featuredmedia":[{"embeddable":true,"href":"https:\/\/qingdaohf.com\/lv\/wp-json\/wp\/v2\/media\/8951"}],"wp:attachment":[{"href":"https:\/\/qingdaohf.com\/lv\/wp-json\/wp\/v2\/media?parent=8950"}],"wp:term":[{"taxonomy":"product_brand","embeddable":true,"href":"https:\/\/qingdaohf.com\/lv\/wp-json\/wp\/v2\/product_brand?post=8950"},{"taxonomy":"product_cat","embeddable":true,"href":"https:\/\/qingdaohf.com\/lv\/wp-json\/wp\/v2\/product_cat?post=8950"},{"taxonomy":"product_tag","embeddable":true,"href":"https:\/\/qingdaohf.com\/lv\/wp-json\/wp\/v2\/product_tag?post=8950"}],"curies":[{"name":"wp","href":"https:\/\/api.w.org\/{rel}","templated":true}]}}