{"id":1710,"date":"2023-01-14T15:32:43","date_gmt":"2023-01-14T07:32:43","guid":{"rendered":"http:\/\/qingdaohf.com\/?post_type=product&#038;p=1710"},"modified":"2025-11-13T09:06:56","modified_gmt":"2025-11-13T01:06:56","slug":"loop-tie","status":"publish","type":"product","link":"https:\/\/qingdaohf.com\/nb\/produkt\/lokkeband\/","title":{"rendered":"Standard Loop Tie Heave Duty Loop Tie Waler Tie"},"content":{"rendered":"<p><img fetchpriority=\"high\" decoding=\"async\" class=\"alignnone size-full wp-image-2868\" src=\"http:\/\/qingdaohf.com\/wp-content\/uploads\/2023\/01\/loop-tie-data-3.jpg\" alt=\"\" width=\"1200\" height=\"540\" srcset=\"https:\/\/qingdaohf.com\/wp-content\/uploads\/2023\/01\/loop-tie-data-3.jpg 1200w, https:\/\/qingdaohf.com\/wp-content\/uploads\/2023\/01\/loop-tie-data-3-300x135.jpg 300w, https:\/\/qingdaohf.com\/wp-content\/uploads\/2023\/01\/loop-tie-data-3-1024x461.jpg 1024w, https:\/\/qingdaohf.com\/wp-content\/uploads\/2023\/01\/loop-tie-data-3-768x346.jpg 768w, https:\/\/qingdaohf.com\/wp-content\/uploads\/2023\/01\/loop-tie-data-3-1000x450.jpg 1000w\" sizes=\"(max-width: 1200px) 100vw, 1200px\" \/> <img decoding=\"async\" class=\"alignnone size-full wp-image-2867\" src=\"http:\/\/qingdaohf.com\/wp-content\/uploads\/2023\/01\/loop-tie-data-2.jpg\" alt=\"loop tie liste\" width=\"1200\" height=\"228\" srcset=\"https:\/\/qingdaohf.com\/wp-content\/uploads\/2023\/01\/loop-tie-data-2.jpg 1200w, https:\/\/qingdaohf.com\/wp-content\/uploads\/2023\/01\/loop-tie-data-2-300x57.jpg 300w, https:\/\/qingdaohf.com\/wp-content\/uploads\/2023\/01\/loop-tie-data-2-1024x195.jpg 1024w, https:\/\/qingdaohf.com\/wp-content\/uploads\/2023\/01\/loop-tie-data-2-768x146.jpg 768w, https:\/\/qingdaohf.com\/wp-content\/uploads\/2023\/01\/loop-tie-data-2-1000x190.jpg 1000w\" sizes=\"(max-width: 1200px) 100vw, 1200px\" \/> <img decoding=\"async\" class=\"alignnone size-full wp-image-2866\" src=\"http:\/\/qingdaohf.com\/wp-content\/uploads\/2023\/01\/loop-tie-data-1.jpg\" alt=\"loop tie liste\" width=\"1200\" height=\"484\" srcset=\"https:\/\/qingdaohf.com\/wp-content\/uploads\/2023\/01\/loop-tie-data-1.jpg 1200w, https:\/\/qingdaohf.com\/wp-content\/uploads\/2023\/01\/loop-tie-data-1-300x121.jpg 300w, https:\/\/qingdaohf.com\/wp-content\/uploads\/2023\/01\/loop-tie-data-1-1024x413.jpg 1024w, https:\/\/qingdaohf.com\/wp-content\/uploads\/2023\/01\/loop-tie-data-1-768x310.jpg 768w, https:\/\/qingdaohf.com\/wp-content\/uploads\/2023\/01\/loop-tie-data-1-1000x403.jpg 1000w\" sizes=\"(max-width: 1200px) 100vw, 1200px\" \/><\/p>\n<p>Standard sl\u00f8yfeb\u00e5nd: Dette er et enkelt b\u00e5nd som best\u00e5r av en sl\u00f8yfet wire som f\u00f8res gjennom et lite hull i forskalingen og rundt armeringsjernet. Endene av st\u00e5ltr\u00e5den tvinnes deretter sammen for \u00e5 feste b\u00e5ndet p\u00e5 plass. Standard sl\u00f8yfeb\u00e5nd brukes vanligvis til lettere betonglaster og er enkle \u00e5 montere og fjerne.<\/p>\n<p>Kraftig sl\u00f8yfeb\u00e5nd: Dette b\u00e5ndet ligner p\u00e5 standard sl\u00f8yfeb\u00e5nd, men er tykkere og sterkere. Det brukes til tyngre betonglaster eller n\u00e5r det kreves ekstra styrke. Kraftige sl\u00f8yfeb\u00e5nd settes ogs\u00e5 inn gjennom sm\u00e5 hull i forskalingen og rundt armeringsjernet, men endene presses vanligvis sammen med et spesialverkt\u00f8y for \u00e5 gi ekstra styrke.<\/p>\n<p>Waler Tie: Dette binderen brukes til \u00e5 sikre forskalingen horisontalt, og best\u00e5r av to eller flere vertikale elementer (vanligvis st\u00e5lr\u00f8r) som er forbundet med et horisontalt element (en waler av tre eller st\u00e5l). De vertikale elementene f\u00f8res gjennom forskalingen og festes til armeringsjernene, og deretter boltes eller klemmes r\u00f8rene fast for \u00e5 holde forskalingen godt p\u00e5 plass. Ankerbindere brukes n\u00e5r det er behov for ekstra horisontal st\u00f8tte for \u00e5 forhindre at forskalingen b\u00f8yes eller knekker under vekten av betongen.<\/p>\n<p>&nbsp;<\/p>\n<p>&nbsp;<\/p>","protected":false},"excerpt":{"rendered":"<p>Standard, kraftige sl\u00f8yfeb\u00e5nd Produsert av h\u00f8yfast st\u00e5l. Er designet for \u00e5 sikre og holde avstand mellom modul\u00e6re former.<\/p>","protected":false},"featured_media":2864,"comment_status":"open","ping_status":"closed","template":"","meta":{"site-sidebar-layout":"default","site-content-layout":"default","ast-site-content-layout":"","site-content-style":"default","site-sidebar-style":"default","ast-global-header-display":"","ast-banner-title-visibility":"","ast-main-header-display":"","ast-hfb-above-header-display":"","ast-hfb-below-header-display":"","ast-hfb-mobile-header-display":"","site-post-title":"","ast-breadcrumbs-content":"","ast-featured-img":"","footer-sml-layout":"","theme-transparent-header-meta":"default","adv-header-id-meta":"","stick-header-meta":"default","header-above-stick-meta":"","header-main-stick-meta":"","header-below-stick-meta":"","astra-migrate-meta-layouts":"default","ast-page-background-enabled":"default","ast-page-background-meta":{"desktop":{"background-color":"","background-image":"","background-repeat":"repeat","background-position":"center center","background-size":"auto","background-attachment":"scroll","background-type":"","background-media":"","overlay-type":"","overlay-color":"","overlay-opacity":"","overlay-gradient":""},"tablet":{"background-color":"","background-image":"","background-repeat":"repeat","background-position":"center center","background-size":"auto","background-attachment":"scroll","background-type":"","background-media":"","overlay-type":"","overlay-color":"","overlay-opacity":"","overlay-gradient":""},"mobile":{"background-color":"","background-image":"","background-repeat":"repeat","background-position":"center center","background-size":"auto","background-attachment":"scroll","background-type":"","background-media":"","overlay-type":"","overlay-color":"","overlay-opacity":"","overlay-gradient":""}},"ast-content-background-meta":{"desktop":{"background-color":"var(--ast-global-color-5)","background-image":"","background-repeat":"repeat","background-position":"center center","background-size":"auto","background-attachment":"scroll","background-type":"","background-media":"","overlay-type":"","overlay-color":"","overlay-opacity":"","overlay-gradient":""},"tablet":{"background-color":"var(--ast-global-color-5)","background-image":"","background-repeat":"repeat","background-position":"center center","background-size":"auto","background-attachment":"scroll","background-type":"","background-media":"","overlay-type":"","overlay-color":"","overlay-opacity":"","overlay-gradient":""},"mobile":{"background-color":"var(--ast-global-color-5)","background-image":"","background-repeat":"repeat","background-position":"center center","background-size":"auto","background-attachment":"scroll","background-type":"","background-media":"","overlay-type":"","overlay-color":"","overlay-opacity":"","overlay-gradient":""}}},"product_brand":[],"product_cat":[20],"product_tag":[],"class_list":{"0":"post-1710","1":"product","2":"type-product","3":"status-publish","4":"has-post-thumbnail","6":"product_cat-concrete-wall-tie","7":"desktop-align-left","8":"tablet-align-left","9":"mobile-align-left","10":"ast-product-gallery-layout-horizontal-slider","11":"ast-product-tabs-layout-horizontal","13":"first","14":"instock","15":"shipping-taxable","16":"purchasable","17":"product-type-simple"},"yoast_head":"<!-- This site is optimized with the Yoast SEO plugin v25.2 - https:\/\/yoast.com\/wordpress\/plugins\/seo\/ -->\n<title>Standard Loop Tie Heave Duty Loop Tie Waler Tie<\/title>\n<meta name=\"description\" content=\"Standard,Heavy Duty Loop Ties Manufactured from high strength steel. Is designed for securing and spacing modular type forms.\" \/>\n<meta name=\"robots\" content=\"index, follow, max-snippet:-1, max-image-preview:large, max-video-preview:-1\" \/>\n<link rel=\"canonical\" href=\"https:\/\/qingdaohf.com\/nb\/produkt\/lokkeband\/\" \/>\n<meta property=\"og:locale\" content=\"nb_NO\" \/>\n<meta property=\"og:type\" content=\"article\" \/>\n<meta property=\"og:title\" content=\"Standard Loop Tie Heave Duty Loop Tie Waler Tie\" \/>\n<meta property=\"og:description\" content=\"Standard,Heavy Duty Loop Ties Manufactured from high strength steel. Is designed for securing and spacing modular type forms.\" \/>\n<meta property=\"og:url\" content=\"https:\/\/qingdaohf.com\/nb\/produkt\/lokkeband\/\" \/>\n<meta property=\"og:site_name\" content=\"Concrete Form &amp; Rigging Hardware Supplier\" \/>\n<meta property=\"article:publisher\" content=\"https:\/\/www.facebook.com\/qingdaohf\" \/>\n<meta property=\"article:modified_time\" content=\"2025-11-13T01:06:56+00:00\" \/>\n<meta property=\"og:image\" content=\"https:\/\/qingdaohf.com\/wp-content\/uploads\/2023\/01\/loop-tie-4.jpg\" \/>\n\t<meta property=\"og:image:width\" content=\"1000\" \/>\n\t<meta property=\"og:image:height\" content=\"1000\" \/>\n\t<meta property=\"og:image:type\" content=\"image\/jpeg\" \/>\n<meta name=\"twitter:card\" content=\"summary_large_image\" \/>\n<meta name=\"twitter:label1\" content=\"Ansl. lesetid\" \/>\n\t<meta name=\"twitter:data1\" content=\"2 minutter\" \/>\n<script type=\"application\/ld+json\" class=\"yoast-schema-graph\">{\"@context\":\"https:\/\/schema.org\",\"@graph\":[{\"@type\":\"WebPage\",\"@id\":\"https:\/\/qingdaohf.com\/product\/loop-tie\/\",\"url\":\"https:\/\/qingdaohf.com\/product\/loop-tie\/\",\"name\":\"Standard Loop Tie Heave Duty Loop Tie Waler Tie\",\"isPartOf\":{\"@id\":\"https:\/\/qingdaohf.com\/bg\/#website\"},\"primaryImageOfPage\":{\"@id\":\"https:\/\/qingdaohf.com\/product\/loop-tie\/#primaryimage\"},\"image\":{\"@id\":\"https:\/\/qingdaohf.com\/product\/loop-tie\/#primaryimage\"},\"thumbnailUrl\":\"https:\/\/qingdaohf.com\/wp-content\/uploads\/2023\/01\/loop-tie-4.jpg\",\"datePublished\":\"2023-01-14T07:32:43+00:00\",\"dateModified\":\"2025-11-13T01:06:56+00:00\",\"description\":\"Standard,Heavy Duty Loop Ties Manufactured from high strength steel. Is designed for securing and spacing modular type forms.\",\"breadcrumb\":{\"@id\":\"https:\/\/qingdaohf.com\/product\/loop-tie\/#breadcrumb\"},\"inLanguage\":\"nb-NO\",\"potentialAction\":[{\"@type\":\"ReadAction\",\"target\":[\"https:\/\/qingdaohf.com\/product\/loop-tie\/\"]}]},{\"@type\":\"ImageObject\",\"inLanguage\":\"nb-NO\",\"@id\":\"https:\/\/qingdaohf.com\/product\/loop-tie\/#primaryimage\",\"url\":\"https:\/\/qingdaohf.com\/wp-content\/uploads\/2023\/01\/loop-tie-4.jpg\",\"contentUrl\":\"https:\/\/qingdaohf.com\/wp-content\/uploads\/2023\/01\/loop-tie-4.jpg\",\"width\":1000,\"height\":1000,\"caption\":\"loop tie\"},{\"@type\":\"BreadcrumbList\",\"@id\":\"https:\/\/qingdaohf.com\/product\/loop-tie\/#breadcrumb\",\"itemListElement\":[{\"@type\":\"ListItem\",\"position\":1,\"name\":\"Home\",\"item\":\"https:\/\/qingdaohf.com\/\"},{\"@type\":\"ListItem\",\"position\":2,\"name\":\"Concrete Forming Accessories and Rigging Hardware\",\"item\":\"https:\/\/qingdaohf.com\/bg\/?page_id=944\"},{\"@type\":\"ListItem\",\"position\":3,\"name\":\"Standard Loop Tie Heave Duty Loop Tie Waler Tie\"}]},{\"@type\":\"WebSite\",\"@id\":\"https:\/\/qingdaohf.com\/bg\/#website\",\"url\":\"https:\/\/qingdaohf.com\/bg\/\",\"name\":\"Concrete Form & Rigging Hardware Supplier\",\"description\":\"\",\"publisher\":{\"@id\":\"https:\/\/qingdaohf.com\/bg\/#organization\"},\"potentialAction\":[{\"@type\":\"SearchAction\",\"target\":{\"@type\":\"EntryPoint\",\"urlTemplate\":\"https:\/\/qingdaohf.com\/bg\/?s={search_term_string}\"},\"query-input\":{\"@type\":\"PropertyValueSpecification\",\"valueRequired\":true,\"valueName\":\"search_term_string\"}}],\"inLanguage\":\"nb-NO\"},{\"@type\":\"Organization\",\"@id\":\"https:\/\/qingdaohf.com\/bg\/#organization\",\"name\":\"Qingdao H&F\",\"url\":\"https:\/\/qingdaohf.com\/bg\/\",\"logo\":{\"@type\":\"ImageObject\",\"inLanguage\":\"nb-NO\",\"@id\":\"https:\/\/qingdaohf.com\/bg\/#\/schema\/logo\/image\/\",\"url\":\"https:\/\/qingdaohf.com\/wp-content\/uploads\/2022\/12\/cropped-HF-LOGO.png\",\"contentUrl\":\"https:\/\/qingdaohf.com\/wp-content\/uploads\/2022\/12\/cropped-HF-LOGO.png\",\"width\":391,\"height\":249,\"caption\":\"Qingdao H&F\"},\"image\":{\"@id\":\"https:\/\/qingdaohf.com\/bg\/#\/schema\/logo\/image\/\"},\"sameAs\":[\"https:\/\/www.facebook.com\/qingdaohf\"]}]}<\/script>\n<!-- \/ Yoast SEO plugin. -->","yoast_head_json":{"title":"Standard Loop Tie Heave Duty Loop Tie Waler Tie","description":"Standard,Heavy Duty Loop Ties Manufactured from high strength steel. Is designed for securing and spacing modular type forms.","robots":{"index":"index","follow":"follow","max-snippet":"max-snippet:-1","max-image-preview":"max-image-preview:large","max-video-preview":"max-video-preview:-1"},"canonical":"https:\/\/qingdaohf.com\/nb\/produkt\/lokkeband\/","og_locale":"nb_NO","og_type":"article","og_title":"Standard Loop Tie Heave Duty Loop Tie Waler Tie","og_description":"Standard,Heavy Duty Loop Ties Manufactured from high strength steel. Is designed for securing and spacing modular type forms.","og_url":"https:\/\/qingdaohf.com\/nb\/produkt\/lokkeband\/","og_site_name":"Concrete Form &amp; Rigging Hardware Supplier","article_publisher":"https:\/\/www.facebook.com\/qingdaohf","article_modified_time":"2025-11-13T01:06:56+00:00","og_image":[{"width":1000,"height":1000,"url":"https:\/\/qingdaohf.com\/wp-content\/uploads\/2023\/01\/loop-tie-4.jpg","type":"image\/jpeg"}],"twitter_card":"summary_large_image","twitter_misc":{"Ansl. lesetid":"2 minutter"},"schema":{"@context":"https:\/\/schema.org","@graph":[{"@type":"WebPage","@id":"https:\/\/qingdaohf.com\/product\/loop-tie\/","url":"https:\/\/qingdaohf.com\/product\/loop-tie\/","name":"Standard Loop Tie Heave Duty Loop Tie Waler Tie","isPartOf":{"@id":"https:\/\/qingdaohf.com\/bg\/#website"},"primaryImageOfPage":{"@id":"https:\/\/qingdaohf.com\/product\/loop-tie\/#primaryimage"},"image":{"@id":"https:\/\/qingdaohf.com\/product\/loop-tie\/#primaryimage"},"thumbnailUrl":"https:\/\/qingdaohf.com\/wp-content\/uploads\/2023\/01\/loop-tie-4.jpg","datePublished":"2023-01-14T07:32:43+00:00","dateModified":"2025-11-13T01:06:56+00:00","description":"Standard,Heavy Duty Loop Ties Manufactured from high strength steel. Is designed for securing and spacing modular type forms.","breadcrumb":{"@id":"https:\/\/qingdaohf.com\/product\/loop-tie\/#breadcrumb"},"inLanguage":"nb-NO","potentialAction":[{"@type":"ReadAction","target":["https:\/\/qingdaohf.com\/product\/loop-tie\/"]}]},{"@type":"ImageObject","inLanguage":"nb-NO","@id":"https:\/\/qingdaohf.com\/product\/loop-tie\/#primaryimage","url":"https:\/\/qingdaohf.com\/wp-content\/uploads\/2023\/01\/loop-tie-4.jpg","contentUrl":"https:\/\/qingdaohf.com\/wp-content\/uploads\/2023\/01\/loop-tie-4.jpg","width":1000,"height":1000,"caption":"loop tie"},{"@type":"BreadcrumbList","@id":"https:\/\/qingdaohf.com\/product\/loop-tie\/#breadcrumb","itemListElement":[{"@type":"ListItem","position":1,"name":"Home","item":"https:\/\/qingdaohf.com\/"},{"@type":"ListItem","position":2,"name":"Concrete Forming Accessories and Rigging Hardware","item":"https:\/\/qingdaohf.com\/bg\/?page_id=944"},{"@type":"ListItem","position":3,"name":"Standard Loop Tie Heave Duty Loop Tie Waler Tie"}]},{"@type":"WebSite","@id":"https:\/\/qingdaohf.com\/bg\/#website","url":"https:\/\/qingdaohf.com\/bg\/","name":"Concrete Form & Rigging Hardware Supplier","description":"","publisher":{"@id":"https:\/\/qingdaohf.com\/bg\/#organization"},"potentialAction":[{"@type":"SearchAction","target":{"@type":"EntryPoint","urlTemplate":"https:\/\/qingdaohf.com\/bg\/?s={search_term_string}"},"query-input":{"@type":"PropertyValueSpecification","valueRequired":true,"valueName":"search_term_string"}}],"inLanguage":"nb-NO"},{"@type":"Organization","@id":"https:\/\/qingdaohf.com\/bg\/#organization","name":"Qingdao H&F","url":"https:\/\/qingdaohf.com\/bg\/","logo":{"@type":"ImageObject","inLanguage":"nb-NO","@id":"https:\/\/qingdaohf.com\/bg\/#\/schema\/logo\/image\/","url":"https:\/\/qingdaohf.com\/wp-content\/uploads\/2022\/12\/cropped-HF-LOGO.png","contentUrl":"https:\/\/qingdaohf.com\/wp-content\/uploads\/2022\/12\/cropped-HF-LOGO.png","width":391,"height":249,"caption":"Qingdao H&F"},"image":{"@id":"https:\/\/qingdaohf.com\/bg\/#\/schema\/logo\/image\/"},"sameAs":["https:\/\/www.facebook.com\/qingdaohf"]}]}},"_links":{"self":[{"href":"https:\/\/qingdaohf.com\/nb\/wp-json\/wp\/v2\/product\/1710","targetHints":{"allow":["GET"]}}],"collection":[{"href":"https:\/\/qingdaohf.com\/nb\/wp-json\/wp\/v2\/product"}],"about":[{"href":"https:\/\/qingdaohf.com\/nb\/wp-json\/wp\/v2\/types\/product"}],"replies":[{"embeddable":true,"href":"https:\/\/qingdaohf.com\/nb\/wp-json\/wp\/v2\/comments?post=1710"}],"version-history":[{"count":2,"href":"https:\/\/qingdaohf.com\/nb\/wp-json\/wp\/v2\/product\/1710\/revisions"}],"predecessor-version":[{"id":10470,"href":"https:\/\/qingdaohf.com\/nb\/wp-json\/wp\/v2\/product\/1710\/revisions\/10470"}],"wp:featuredmedia":[{"embeddable":true,"href":"https:\/\/qingdaohf.com\/nb\/wp-json\/wp\/v2\/media\/2864"}],"wp:attachment":[{"href":"https:\/\/qingdaohf.com\/nb\/wp-json\/wp\/v2\/media?parent=1710"}],"wp:term":[{"taxonomy":"product_brand","embeddable":true,"href":"https:\/\/qingdaohf.com\/nb\/wp-json\/wp\/v2\/product_brand?post=1710"},{"taxonomy":"product_cat","embeddable":true,"href":"https:\/\/qingdaohf.com\/nb\/wp-json\/wp\/v2\/product_cat?post=1710"},{"taxonomy":"product_tag","embeddable":true,"href":"https:\/\/qingdaohf.com\/nb\/wp-json\/wp\/v2\/product_tag?post=1710"}],"curies":[{"name":"wp","href":"https:\/\/api.w.org\/{rel}","templated":true}]}}