{"id":1731,"date":"2024-06-24T14:06:56","date_gmt":"2024-06-24T06:06:56","guid":{"rendered":"http:\/\/qingdaohf.com\/?post_type=product&#038;p=1731"},"modified":"2025-11-13T09:03:15","modified_gmt":"2025-11-13T01:03:15","slug":"spreader-cleats","status":"publish","type":"product","link":"https:\/\/qingdaohf.com\/nb\/produkt\/lags-avstandsstykke\/","title":{"rendered":"Spredeklosser for betongplater"},"content":{"rendered":"<h2 data-pm-slice=\"1 1 []\">Betydningen av betongavstandsstykker i bygg- og anleggsbransjen<\/h2>\n<p>I den krevende verdenen av betongkonstruksjoner er presisjon og stabilitet avgj\u00f8rende for \u00e5 oppn\u00e5 resultater av h\u00f8y kvalitet. Avstandsstykker for betongplater spiller en avgj\u00f8rende rolle n\u00e5r det gjelder \u00e5 opprettholde jevn avstand mellom forskalingspanelene, noe som sikrer at den endelige konstruksjonen oppfyller de n\u00f8dvendige dimensjonene og styrkestandardene. Disse klossene gir viktig st\u00f8tte ved \u00e5 holde kryssfin\u00e9rforskalingen p\u00e5 plass, forhindre deformasjon og s\u00f8rge for en jevn betongst\u00f8p. Uansett om de brukes i store infrastrukturprosjekter eller mindre boligprosjekter, kan de riktige spredeklossene forbedre betongoverflatenes holdbarhet og finish betydelig.<\/p>\n<p>Hos Qingdao H&amp;F forst\u00e5r vi utfordringene som fagfolk i byggebransjen st\u00e5r overfor, og derfor tilbyr vi et utvalg av spredeklosser med h\u00f8y ytelse som er utformet for \u00e5 m\u00f8te de t\u00f8ffeste prosjektkravene. Med v\u00e5r forpliktelse til kvalitet, raske leveringssykluser og dedikerte kundeservice tilbyr vi en usl\u00e5elig kombinasjon av p\u00e5litelighet og effektivitet for dine anleggsbehov.<\/p>\n<p><img fetchpriority=\"high\" decoding=\"async\" class=\"alignnone wp-image-1732 size-full\" src=\"http:\/\/qingdaohf.com\/wp-content\/uploads\/2023\/01\/PLY-SPACER.png\" alt=\"PLY SPACER\" width=\"650\" height=\"458\" srcset=\"https:\/\/qingdaohf.com\/wp-content\/uploads\/2023\/01\/PLY-SPACER.png 650w, https:\/\/qingdaohf.com\/wp-content\/uploads\/2023\/01\/PLY-SPACER-300x211.png 300w, https:\/\/qingdaohf.com\/wp-content\/uploads\/2023\/01\/PLY-SPACER-600x423.png 600w\" sizes=\"(max-width: 650px) 100vw, 650px\" \/><\/p>\n<h2>Funksjoner og fordeler med betongavstandsstykker<\/h2>\n<p>Det er avgj\u00f8rende \u00e5 velge de riktige spredeklossene for \u00e5 optimalisere forskalingseffektiviteten og sikre en feilfri betongfinish. V\u00e5re betongavstandsstykker har en rekke funksjoner som gj\u00f8r dem uunnv\u00e6rlige i moderne byggeprosjekter.<\/p>\n<p>Holdbarhet er en av de viktigste egenskapene til v\u00e5re klosser. De er produsert av h\u00f8yfaste materialer som galvanisert st\u00e5l eller armert plast, og er motstandsdyktige mot korrosjon, deformasjon og de t\u00f8ffe forholdene ved betongarbeid. Dette sikrer lang levetid og konsistent ytelse p\u00e5 tvers av flere bruksomr\u00e5der, noe som gj\u00f8r dem til en kostnadseffektiv l\u00f8sning for entrepren\u00f8rer.<\/p>\n<p>En annen stor fordel er den n\u00f8yaktige avstanden de gir. Ujevn eller feilinnrettet forskaling kan f\u00f8re til strukturelle svakheter og d\u00e5rlig estetikk i den ferdige betongen. V\u00e5re spredeklosser garanterer jevn avstand mellom forskalingspanelene, noe som eliminerer variasjoner og sikrer jevne, konsekvente overflater.<\/p>\n<p>Enkel installasjon er ogs\u00e5 en bemerkelsesverdig fordel. V\u00e5re klosser er designet for rask og problemfri montering, og gj\u00f8r det mulig for arbeidere \u00e5 sette opp forskalingen med minimal innsats, noe som reduserer arbeidstiden og kostnadene. Den brukervennlige designen sikrer at selv mindre erfarne arbeidere kan oppn\u00e5 profesjonelle resultater uten behov for spesialverkt\u00f8y eller utstyr.<\/p>\n<h2>Velge riktig sprederkloss for ditt prosjekt<\/h2>\n<p>Det finnes ulike st\u00f8rrelser og materialer, og valg av spredeklosser avhenger av de spesifikke kravene som stilles til prosjektet. For tunge bruksomr\u00e5der, som bro- eller h\u00f8yhuskonstruksjoner, er st\u00e5lklosser ofte det foretrukne valget p\u00e5 grunn av deres eksepsjonelle b\u00e6reevne og slitestyrke. P\u00e5 den annen side er plastklosser et lett og kostnadseffektivt alternativ for prosjekter som ikke krever ekstrem styrke.<\/p>\n<p>Tykkelse og bredde er ogs\u00e5 viktige faktorer \u00e5 ta hensyn til. V\u00e5re spredeklosser er tilgjengelige i forskjellige dimensjoner for \u00e5 passe til ulike forskalingsoppsett, noe som sikrer kompatibilitet med ulike kryssfin\u00e9rtyper og betongtykkelser. V\u00e5rt team hos Qingdao H&amp;F gir deg ekspertveiledning for \u00e5 hjelpe deg med \u00e5 finne de beste klossene for dine unike konstruksjonsbehov.<\/p>\n<p>I tillegg er overholdelse av bransjestandarder en kritisk faktor. Alle v\u00e5re betongavstandsholdere gjennomg\u00e5r strenge kvalitetstester og leveres med detaljerte inspeksjonsrapporter. Dette sikrer at du f\u00e5r produkter som oppfyller sikkerhetsforskriftene og leverer konsistent ytelse, noe som reduserer risikoen for forskalingsfeil og forsinkelser i byggeprosessen.<\/p>\n<h2>Hvorfor velge Qingdao H&amp;F som leverand\u00f8r av tilbeh\u00f8r til betongforskaling?<\/h2>\n<p>Hos Qingdao H&amp;F gj\u00f8r vi mer enn bare \u00e5 levere byggematerialer - vi er opptatt av \u00e5 tilby l\u00f8sninger som tilf\u00f8rer prosjektene dine merverdi. V\u00e5r personlige kundeservice sikrer at du f\u00e5r personlig assistanse gjennom hele innkj\u00f8psprosessen, fra produktvalg til ettersalgssupport. I motsetning til andre leverand\u00f8rer som kanskje prioriterer volum fremfor kvalitet, fokuserer vi p\u00e5 \u00e5 levere produkter som oppfyller strenge kvalitetsstandarder.<\/p>\n<p>Hastighet er en annen fordel vi tilbyr. Vi vet at tid er en kritisk faktor i byggeprosessen, og forsinkelser kan f\u00f8re til \u00f8kte kostnader. Derfor garanterer vi raske leveringssykluser, slik at du f\u00e5r spredeklossene dine akkurat n\u00e5r du trenger dem. V\u00e5rt p\u00e5litelige logistikknettverk gj\u00f8r det mulig for oss \u00e5 oppfylle bestillinger effektivt, minimere nedetid og holde prosjektene dine i rute.<\/p>\n<p>I tillegg skiller vi oss ut ved at vi er opptatt av \u00e5penhet og tillit. Hvert parti med betongavstandsstykker ledsages av omfattende kvalitetsinspeksjonsrapporter, noe som gir deg full tillit til materialene du bruker. Dette niv\u00e5et av ansvarlighet sikrer at du kan oppfylle prosjektspesifikasjonene uten \u00e5 bekymre deg for produktets ytelse.<\/p>\n<h2>Konklusjon<\/h2>\n<p>Avstandsstykker for betongplater er uunnv\u00e6rlige komponenter for \u00e5 oppn\u00e5 presisjon og stabilitet i betongforskalinger. De forbedrer den strukturelle integriteten til prosjekter ved \u00e5 opprettholde jevn avstand, forhindre deformasjon av forskalingen og legge til rette for en jevn betongst\u00f8p. N\u00e5r du velger spredeklosser av h\u00f8y kvalitet fra Qingdao H&amp;F, drar du nytte av holdbarhet, enkel installasjon og overholdelse av bransjekrav.<\/p>\n<p>V\u00e5rt fokus p\u00e5 kvalitet, raske leveranser og personlig service gj\u00f8r oss til den ideelle partneren for dine behov for byggematerialer. Enten du trenger standardst\u00f8rrelser eller spesialtilpassede spesifikasjoner, har vi ekspertisen og ressursene som skal til for \u00e5 oppfylle dine krav. Kontakt oss i dag for \u00e5 f\u00e5 mer informasjon om v\u00e5rt utvalg av betongavstandsstykker og hvordan de kan \u00f8ke effektiviteten og p\u00e5liteligheten i byggeprosjektene dine.<\/p>\n<div class=\"ast-oembed-container\" style=\"height: 100%;\"><iframe title=\"HF Veggforankringssystem for betong\" width=\"500\" height=\"281\" src=\"https:\/\/www.youtube.com\/embed\/KNe3GjndsAs?feature=oembed\" frameborder=\"0\" allow=\"accelerometer; autoplay; clipboard-write; encrypted-media; gyroscope; picture-in-picture; web-share\" referrerpolicy=\"strict-origin-when-cross-origin\" allowfullscreen><\/iframe><\/div>\n<p>&nbsp;<\/p>","protected":false},"excerpt":{"rendered":"<p>Avstandsstykker for betongplater spiller en viktig rolle n\u00e5r det gjelder \u00e5 fremme n\u00f8yaktig justering og stabilitet i forskalingssystemer, spesielt i byggeprosjekter i betong. Avstandsstykkene er effektive avstandsstykker som hindrer kryssfiner i \u00e5 vri seg eller bevege seg under st\u00f8ping, noe som f\u00f8rer til strukturelt solide og jevne betongoverflater. Hos Qingdao H&amp;F leverer vi spredeklosser av h\u00f8y kvalitet i ulike materialer og dimensjoner som passer til ulike prosjektspesifikasjoner. V\u00e5r personlige kundeservice, rimelige priser og leveringstider garanterer deg den beste l\u00f8sningen som passer dine behov. Vi tilbyr ogs\u00e5 en grundig kvalitetsinspeksjonsrapport for varene v\u00e5re, noe som gir deg tillit til hver forsendelse.<\/p>","protected":false},"featured_media":2918,"comment_status":"open","ping_status":"closed","template":"","meta":{"site-sidebar-layout":"default","site-content-layout":"default","ast-site-content-layout":"default","site-content-style":"default","site-sidebar-style":"default","ast-global-header-display":"","ast-banner-title-visibility":"","ast-main-header-display":"","ast-hfb-above-header-display":"","ast-hfb-below-header-display":"","ast-hfb-mobile-header-display":"","site-post-title":"","ast-breadcrumbs-content":"","ast-featured-img":"","footer-sml-layout":"","theme-transparent-header-meta":"default","adv-header-id-meta":"","stick-header-meta":"default","header-above-stick-meta":"","header-main-stick-meta":"","header-below-stick-meta":"","astra-migrate-meta-layouts":"set","ast-page-background-enabled":"default","ast-page-background-meta":{"desktop":{"background-color":"","background-image":"","background-repeat":"repeat","background-position":"center center","background-size":"auto","background-attachment":"scroll","background-type":"","background-media":"","overlay-type":"","overlay-color":"","overlay-opacity":"","overlay-gradient":""},"tablet":{"background-color":"","background-image":"","background-repeat":"repeat","background-position":"center center","background-size":"auto","background-attachment":"scroll","background-type":"","background-media":"","overlay-type":"","overlay-color":"","overlay-opacity":"","overlay-gradient":""},"mobile":{"background-color":"","background-image":"","background-repeat":"repeat","background-position":"center center","background-size":"auto","background-attachment":"scroll","background-type":"","background-media":"","overlay-type":"","overlay-color":"","overlay-opacity":"","overlay-gradient":""}},"ast-content-background-meta":{"desktop":{"background-color":"var(--ast-global-color-5)","background-image":"","background-repeat":"repeat","background-position":"center center","background-size":"auto","background-attachment":"scroll","background-type":"","background-media":"","overlay-type":"","overlay-color":"","overlay-opacity":"","overlay-gradient":""},"tablet":{"background-color":"var(--ast-global-color-5)","background-image":"","background-repeat":"repeat","background-position":"center center","background-size":"auto","background-attachment":"scroll","background-type":"","background-media":"","overlay-type":"","overlay-color":"","overlay-opacity":"","overlay-gradient":""},"mobile":{"background-color":"var(--ast-global-color-5)","background-image":"","background-repeat":"repeat","background-position":"center center","background-size":"auto","background-attachment":"scroll","background-type":"","background-media":"","overlay-type":"","overlay-color":"","overlay-opacity":"","overlay-gradient":""}}},"product_brand":[],"product_cat":[28],"product_tag":[],"class_list":{"0":"post-1731","1":"product","2":"type-product","3":"status-publish","4":"has-post-thumbnail","6":"product_cat-concrete-forming","7":"desktop-align-left","8":"tablet-align-left","9":"mobile-align-left","10":"ast-product-gallery-layout-horizontal-slider","11":"ast-product-tabs-layout-horizontal","13":"first","14":"instock","15":"shipping-taxable","16":"purchasable","17":"product-type-simple"},"yoast_head":"<!-- This site is optimized with the Yoast SEO plugin v25.2 - https:\/\/yoast.com\/wordpress\/plugins\/seo\/ -->\n<title>Concrete Ply Spacer Spreader Cleats<\/title>\n<meta name=\"description\" content=\"Plywood form concrete ply spacer.3\/4&quot; ply spacer,1-1\/8&quot; ply spacer.\" \/>\n<meta name=\"robots\" content=\"index, follow, max-snippet:-1, max-image-preview:large, max-video-preview:-1\" \/>\n<link rel=\"canonical\" href=\"https:\/\/qingdaohf.com\/nb\/produkt\/lags-avstandsstykke\/\" \/>\n<meta property=\"og:locale\" content=\"nb_NO\" \/>\n<meta property=\"og:type\" content=\"article\" \/>\n<meta property=\"og:title\" content=\"Concrete Ply Spacer Spreader Cleats\" \/>\n<meta property=\"og:description\" content=\"Plywood form concrete ply spacer.3\/4&quot; ply spacer,1-1\/8&quot; ply spacer.\" \/>\n<meta property=\"og:url\" content=\"https:\/\/qingdaohf.com\/nb\/produkt\/lags-avstandsstykke\/\" \/>\n<meta property=\"og:site_name\" content=\"Concrete Form &amp; Rigging Hardware Supplier\" \/>\n<meta property=\"article:publisher\" content=\"https:\/\/www.facebook.com\/qingdaohf\" \/>\n<meta property=\"article:modified_time\" content=\"2025-11-13T01:03:15+00:00\" \/>\n<meta property=\"og:image\" content=\"https:\/\/qingdaohf.com\/wp-content\/uploads\/2023\/01\/PLY-SPACER-3.jpg\" \/>\n\t<meta property=\"og:image:width\" content=\"1000\" \/>\n\t<meta property=\"og:image:height\" content=\"1000\" \/>\n\t<meta property=\"og:image:type\" content=\"image\/jpeg\" \/>\n<meta name=\"twitter:card\" content=\"summary_large_image\" \/>\n<meta name=\"twitter:label1\" content=\"Ansl. lesetid\" \/>\n\t<meta name=\"twitter:data1\" content=\"4 minutter\" \/>\n<script type=\"application\/ld+json\" class=\"yoast-schema-graph\">{\"@context\":\"https:\/\/schema.org\",\"@graph\":[{\"@type\":\"WebPage\",\"@id\":\"https:\/\/qingdaohf.com\/product\/spreader-cleats\/\",\"url\":\"https:\/\/qingdaohf.com\/product\/spreader-cleats\/\",\"name\":\"Concrete Ply Spacer Spreader Cleats\",\"isPartOf\":{\"@id\":\"https:\/\/qingdaohf.com\/bg\/#website\"},\"primaryImageOfPage\":{\"@id\":\"https:\/\/qingdaohf.com\/product\/spreader-cleats\/#primaryimage\"},\"image\":{\"@id\":\"https:\/\/qingdaohf.com\/product\/spreader-cleats\/#primaryimage\"},\"thumbnailUrl\":\"https:\/\/qingdaohf.com\/wp-content\/uploads\/2023\/01\/PLY-SPACER-3.jpg\",\"datePublished\":\"2024-06-24T06:06:56+00:00\",\"dateModified\":\"2025-11-13T01:03:15+00:00\",\"description\":\"Plywood form concrete ply spacer.3\/4\\\" ply spacer,1-1\/8\\\" ply spacer.\",\"breadcrumb\":{\"@id\":\"https:\/\/qingdaohf.com\/product\/spreader-cleats\/#breadcrumb\"},\"inLanguage\":\"nb-NO\",\"potentialAction\":[{\"@type\":\"ReadAction\",\"target\":[\"https:\/\/qingdaohf.com\/product\/spreader-cleats\/\"]}]},{\"@type\":\"ImageObject\",\"inLanguage\":\"nb-NO\",\"@id\":\"https:\/\/qingdaohf.com\/product\/spreader-cleats\/#primaryimage\",\"url\":\"https:\/\/qingdaohf.com\/wp-content\/uploads\/2023\/01\/PLY-SPACER-3.jpg\",\"contentUrl\":\"https:\/\/qingdaohf.com\/wp-content\/uploads\/2023\/01\/PLY-SPACER-3.jpg\",\"width\":1000,\"height\":1000,\"caption\":\"PLY SPACER\"},{\"@type\":\"BreadcrumbList\",\"@id\":\"https:\/\/qingdaohf.com\/product\/spreader-cleats\/#breadcrumb\",\"itemListElement\":[{\"@type\":\"ListItem\",\"position\":1,\"name\":\"Home\",\"item\":\"https:\/\/qingdaohf.com\/\"},{\"@type\":\"ListItem\",\"position\":2,\"name\":\"Concrete Forming Accessories and Rigging Hardware\",\"item\":\"https:\/\/qingdaohf.com\/bg\/?page_id=944\"},{\"@type\":\"ListItem\",\"position\":3,\"name\":\"Concrete Ply Spacer Spreader Cleats\"}]},{\"@type\":\"WebSite\",\"@id\":\"https:\/\/qingdaohf.com\/bg\/#website\",\"url\":\"https:\/\/qingdaohf.com\/bg\/\",\"name\":\"Concrete Form & Rigging Hardware Supplier\",\"description\":\"\",\"publisher\":{\"@id\":\"https:\/\/qingdaohf.com\/bg\/#organization\"},\"potentialAction\":[{\"@type\":\"SearchAction\",\"target\":{\"@type\":\"EntryPoint\",\"urlTemplate\":\"https:\/\/qingdaohf.com\/bg\/?s={search_term_string}\"},\"query-input\":{\"@type\":\"PropertyValueSpecification\",\"valueRequired\":true,\"valueName\":\"search_term_string\"}}],\"inLanguage\":\"nb-NO\"},{\"@type\":\"Organization\",\"@id\":\"https:\/\/qingdaohf.com\/bg\/#organization\",\"name\":\"Qingdao H&F\",\"url\":\"https:\/\/qingdaohf.com\/bg\/\",\"logo\":{\"@type\":\"ImageObject\",\"inLanguage\":\"nb-NO\",\"@id\":\"https:\/\/qingdaohf.com\/bg\/#\/schema\/logo\/image\/\",\"url\":\"https:\/\/qingdaohf.com\/wp-content\/uploads\/2022\/12\/cropped-HF-LOGO.png\",\"contentUrl\":\"https:\/\/qingdaohf.com\/wp-content\/uploads\/2022\/12\/cropped-HF-LOGO.png\",\"width\":391,\"height\":249,\"caption\":\"Qingdao H&F\"},\"image\":{\"@id\":\"https:\/\/qingdaohf.com\/bg\/#\/schema\/logo\/image\/\"},\"sameAs\":[\"https:\/\/www.facebook.com\/qingdaohf\"]}]}<\/script>\n<!-- \/ Yoast SEO plugin. -->","yoast_head_json":{"title":"Concrete Ply Spacer Spreader Cleats","description":"Plywood form concrete ply spacer.3\/4\" ply spacer,1-1\/8\" ply spacer.","robots":{"index":"index","follow":"follow","max-snippet":"max-snippet:-1","max-image-preview":"max-image-preview:large","max-video-preview":"max-video-preview:-1"},"canonical":"https:\/\/qingdaohf.com\/nb\/produkt\/lags-avstandsstykke\/","og_locale":"nb_NO","og_type":"article","og_title":"Concrete Ply Spacer Spreader Cleats","og_description":"Plywood form concrete ply spacer.3\/4\" ply spacer,1-1\/8\" ply spacer.","og_url":"https:\/\/qingdaohf.com\/nb\/produkt\/lags-avstandsstykke\/","og_site_name":"Concrete Form &amp; Rigging Hardware Supplier","article_publisher":"https:\/\/www.facebook.com\/qingdaohf","article_modified_time":"2025-11-13T01:03:15+00:00","og_image":[{"width":1000,"height":1000,"url":"https:\/\/qingdaohf.com\/wp-content\/uploads\/2023\/01\/PLY-SPACER-3.jpg","type":"image\/jpeg"}],"twitter_card":"summary_large_image","twitter_misc":{"Ansl. lesetid":"4 minutter"},"schema":{"@context":"https:\/\/schema.org","@graph":[{"@type":"WebPage","@id":"https:\/\/qingdaohf.com\/product\/spreader-cleats\/","url":"https:\/\/qingdaohf.com\/product\/spreader-cleats\/","name":"Concrete Ply Spacer Spreader Cleats","isPartOf":{"@id":"https:\/\/qingdaohf.com\/bg\/#website"},"primaryImageOfPage":{"@id":"https:\/\/qingdaohf.com\/product\/spreader-cleats\/#primaryimage"},"image":{"@id":"https:\/\/qingdaohf.com\/product\/spreader-cleats\/#primaryimage"},"thumbnailUrl":"https:\/\/qingdaohf.com\/wp-content\/uploads\/2023\/01\/PLY-SPACER-3.jpg","datePublished":"2024-06-24T06:06:56+00:00","dateModified":"2025-11-13T01:03:15+00:00","description":"Plywood form concrete ply spacer.3\/4\" ply spacer,1-1\/8\" ply spacer.","breadcrumb":{"@id":"https:\/\/qingdaohf.com\/product\/spreader-cleats\/#breadcrumb"},"inLanguage":"nb-NO","potentialAction":[{"@type":"ReadAction","target":["https:\/\/qingdaohf.com\/product\/spreader-cleats\/"]}]},{"@type":"ImageObject","inLanguage":"nb-NO","@id":"https:\/\/qingdaohf.com\/product\/spreader-cleats\/#primaryimage","url":"https:\/\/qingdaohf.com\/wp-content\/uploads\/2023\/01\/PLY-SPACER-3.jpg","contentUrl":"https:\/\/qingdaohf.com\/wp-content\/uploads\/2023\/01\/PLY-SPACER-3.jpg","width":1000,"height":1000,"caption":"PLY SPACER"},{"@type":"BreadcrumbList","@id":"https:\/\/qingdaohf.com\/product\/spreader-cleats\/#breadcrumb","itemListElement":[{"@type":"ListItem","position":1,"name":"Home","item":"https:\/\/qingdaohf.com\/"},{"@type":"ListItem","position":2,"name":"Concrete Forming Accessories and Rigging Hardware","item":"https:\/\/qingdaohf.com\/bg\/?page_id=944"},{"@type":"ListItem","position":3,"name":"Concrete Ply Spacer Spreader Cleats"}]},{"@type":"WebSite","@id":"https:\/\/qingdaohf.com\/bg\/#website","url":"https:\/\/qingdaohf.com\/bg\/","name":"Concrete Form & Rigging Hardware Supplier","description":"","publisher":{"@id":"https:\/\/qingdaohf.com\/bg\/#organization"},"potentialAction":[{"@type":"SearchAction","target":{"@type":"EntryPoint","urlTemplate":"https:\/\/qingdaohf.com\/bg\/?s={search_term_string}"},"query-input":{"@type":"PropertyValueSpecification","valueRequired":true,"valueName":"search_term_string"}}],"inLanguage":"nb-NO"},{"@type":"Organization","@id":"https:\/\/qingdaohf.com\/bg\/#organization","name":"Qingdao H&F","url":"https:\/\/qingdaohf.com\/bg\/","logo":{"@type":"ImageObject","inLanguage":"nb-NO","@id":"https:\/\/qingdaohf.com\/bg\/#\/schema\/logo\/image\/","url":"https:\/\/qingdaohf.com\/wp-content\/uploads\/2022\/12\/cropped-HF-LOGO.png","contentUrl":"https:\/\/qingdaohf.com\/wp-content\/uploads\/2022\/12\/cropped-HF-LOGO.png","width":391,"height":249,"caption":"Qingdao H&F"},"image":{"@id":"https:\/\/qingdaohf.com\/bg\/#\/schema\/logo\/image\/"},"sameAs":["https:\/\/www.facebook.com\/qingdaohf"]}]}},"_links":{"self":[{"href":"https:\/\/qingdaohf.com\/nb\/wp-json\/wp\/v2\/product\/1731","targetHints":{"allow":["GET"]}}],"collection":[{"href":"https:\/\/qingdaohf.com\/nb\/wp-json\/wp\/v2\/product"}],"about":[{"href":"https:\/\/qingdaohf.com\/nb\/wp-json\/wp\/v2\/types\/product"}],"replies":[{"embeddable":true,"href":"https:\/\/qingdaohf.com\/nb\/wp-json\/wp\/v2\/comments?post=1731"}],"version-history":[{"count":5,"href":"https:\/\/qingdaohf.com\/nb\/wp-json\/wp\/v2\/product\/1731\/revisions"}],"predecessor-version":[{"id":9012,"href":"https:\/\/qingdaohf.com\/nb\/wp-json\/wp\/v2\/product\/1731\/revisions\/9012"}],"wp:featuredmedia":[{"embeddable":true,"href":"https:\/\/qingdaohf.com\/nb\/wp-json\/wp\/v2\/media\/2918"}],"wp:attachment":[{"href":"https:\/\/qingdaohf.com\/nb\/wp-json\/wp\/v2\/media?parent=1731"}],"wp:term":[{"taxonomy":"product_brand","embeddable":true,"href":"https:\/\/qingdaohf.com\/nb\/wp-json\/wp\/v2\/product_brand?post=1731"},{"taxonomy":"product_cat","embeddable":true,"href":"https:\/\/qingdaohf.com\/nb\/wp-json\/wp\/v2\/product_cat?post=1731"},{"taxonomy":"product_tag","embeddable":true,"href":"https:\/\/qingdaohf.com\/nb\/wp-json\/wp\/v2\/product_tag?post=1731"}],"curies":[{"name":"wp","href":"https:\/\/api.w.org\/{rel}","templated":true}]}}