{"id":2312,"date":"2023-02-21T17:34:53","date_gmt":"2023-02-21T09:34:53","guid":{"rendered":"http:\/\/qingdaohf.com\/?post_type=product&#038;p=2312"},"modified":"2025-11-13T09:06:16","modified_gmt":"2025-11-13T01:06:16","slug":"slab-bolster-dipped","status":"publish","type":"product","link":"https:\/\/qingdaohf.com\/nb\/produkt\/platebolster-dyppet\/","title":{"rendered":"Platebolster dyppet SBD"},"content":{"rendered":"<h2 data-pm-slice=\"1 1 []\">Hva er SBD (Slab Bolster Dipped)?<\/h2>\n<p>SBD (Slab Bolster Dipped) er et viktig armeringstilbeh\u00f8r i betongkonstruksjoner, designet for \u00e5 opprettholde n\u00f8yaktig avstand mellom armeringsjern og forskalingen. Den er produsert av h\u00f8yfast st\u00e5l og belagt med en dyppet overflate, noe som gir \u00f8kt holdbarhet og korrosjonsbestandighet. SBD brukes prim\u00e6rt i prosjekter med plattendekker, prefabrikerte elementer og tilt-up-prosjekter, og sikrer jevn betongdekning, noe som er avgj\u00f8rende for strukturell styrke og lang levetid. Det kontinuerlige b\u00e6resystemet forhindrer at betongen synker ned, og holder armeringen sikkert p\u00e5 plass under st\u00f8ping og herding.<\/p>\n<h2>De viktigste fordelene ved \u00e5 bruke SBD (Slab Bolster Dipped)<\/h2>\n<p>SBD spiller en uunnv\u00e6rlig rolle n\u00e5r det gjelder \u00e5 oppn\u00e5 overlegen betongytelse. En av de viktigste fordelene er motstandsdyktigheten mot rust og milj\u00f8skader, takket v\u00e6re det dyppede belegget. Dette ekstra beskyttelseslaget gj\u00f8r det spesielt godt egnet for fuktige eller kjemisk aggressive milj\u00f8er, der standard ubelagt st\u00e5l kan forringes over tid.<\/p>\n<p>En annen viktig fordel er evnen til \u00e5 opprettholde en konsekvent plassering av armeringsjern. Riktig avstand mellom armeringsjernene har direkte innvirkning p\u00e5 betongens b\u00e6reevne og motstand mot oppsprekking, noe som gj\u00f8r SBD til et p\u00e5litelig valg for prosjekter som krever h\u00f8y strukturell integritet. Uansett om SBD brukes i kommersielle, bolig- eller industriprosjekter, bidrar det til en jevn betongtykkelse og forhindrer forskyvninger under st\u00f8pingen.<\/p>\n<h2>Bruksomr\u00e5der for SBD (Slab Bolster Dipped)<\/h2>\n<p>Slab Bolster Dipped er allsidig og mye brukt i ulike byggeprosjekter. Det er spesielt effektivt i flatekonstruksjoner, som motorveier, broer og bygningsfundamenter, der n\u00f8yaktig armeringsh\u00f8yde er avgj\u00f8rende. Prefabrikker bruker ogs\u00e5 SBD for \u00e5 opprettholde jevn avstand mellom armeringslagene, noe som sikrer jevn produktkvalitet. I tilt-up-konstruksjoner bidrar SBD til \u00e5 st\u00f8tte platene f\u00f8r de l\u00f8ftes p\u00e5 plass, noe som gir stabilitet gjennom hele herdefasen.<\/p>\n<p>Den dyppede overflaten gj\u00f8r SBD egnet for milj\u00f8er som utsettes for fuktighet, avisingssalter eller aggressive kjemikalier. Denne egenskapen gj\u00f8r SBD til et foretrukket valg for infrastrukturprosjekter som tunneler, parkeringshus og marine bruksomr\u00e5der der korrosjonsbestandighet er en prioritet.<\/p>\n<h2>Hvorfor velge Qingdao H&amp;F for dine behov for dyppede platebolster?<\/h2>\n<p>Som et p\u00e5litelig handelsselskap er Qingdao H&amp;F dedikert til \u00e5 levere betongtilbeh\u00f8r av h\u00f8y kvalitet med uovertruffen kundest\u00f8tte. Vi skiller oss ut i bransjen ved \u00e5 tilby personlig kundeservice, noe som sikrer at hver enkelt kunde f\u00e5r skreddersydde l\u00f8sninger som passer til deres spesifikke prosjektkrav. V\u00e5re raske leveringssykluser betyr at du f\u00e5r de materialene du trenger uten un\u00f8dvendige forsinkelser, slik at prosjektene dine holder tidsplanen og budsjettet.<\/p>\n<p>Kvalitetssikring har h\u00f8yeste prioritet for oss. Vi leverer omfattende inspeksjonsrapporter, inkludert materialsertifiseringer og data fra ytelsestesting, slik at du kan v\u00e6re trygg p\u00e5 p\u00e5liteligheten til produktene v\u00e5re. I tillegg tilbyr vi konkurransedyktige priser uten \u00e5 g\u00e5 p\u00e5 kompromiss med kvaliteten, noe som gj\u00f8r oss til et kostnadseffektivt valg for entrepren\u00f8rer og leverand\u00f8rer som er p\u00e5 jakt etter p\u00e5litelig tilbeh\u00f8r til betongformer.<\/p>\n<p>Qingdao H&amp;F har et sterkt engasjement for kvalitet og kundetilfredshet, og er din foretrukne partner n\u00e5r det gjelder dyppede armeringsl\u00f8sninger. Kontakt oss i dag for \u00e5 l\u00e6re mer om hvordan vi kan st\u00f8tte dine byggeprosjekter med f\u00f8rsteklasses produkter og eksepsjonell service.<\/p>","protected":false},"excerpt":{"rendered":"<p data-pm-slice=\"1 1 []\">SBD (Slab Bolster Dipped) er et viktig tilbeh\u00f8r for armering av betong, som sikrer presis plassering av armeringsjern og optimal strukturell integritet. SBD har en dyppet overflate for overlegen korrosjonsbestandighet, og gir p\u00e5litelig st\u00f8tte for plattinger p\u00e5 grunn, prefabrikerte og tilt-up applikasjoner. Hos Qingdao H&amp;F garanterer vi f\u00f8rsteklasses kvalitet med ulike inspeksjonsrapporter, raske leveringssykluser og dedikert en-til-en-kundeservice for \u00e5 effektivisere kj\u00f8psopplevelsen din. V\u00e5re konkurransedyktige priser og v\u00e5r forpliktelse til \u00e5 levere det ypperste gj\u00f8r oss til en p\u00e5litelig partner for alle dine byggebehov.<\/p>","protected":false},"featured_media":8004,"comment_status":"open","ping_status":"closed","template":"","meta":{"site-sidebar-layout":"default","site-content-layout":"default","ast-site-content-layout":"default","site-content-style":"default","site-sidebar-style":"default","ast-global-header-display":"","ast-banner-title-visibility":"","ast-main-header-display":"","ast-hfb-above-header-display":"","ast-hfb-below-header-display":"","ast-hfb-mobile-header-display":"","site-post-title":"","ast-breadcrumbs-content":"","ast-featured-img":"","footer-sml-layout":"","theme-transparent-header-meta":"default","adv-header-id-meta":"","stick-header-meta":"default","header-above-stick-meta":"","header-main-stick-meta":"","header-below-stick-meta":"","astra-migrate-meta-layouts":"set","ast-page-background-enabled":"default","ast-page-background-meta":{"desktop":{"background-color":"","background-image":"","background-repeat":"repeat","background-position":"center center","background-size":"auto","background-attachment":"scroll","background-type":"","background-media":"","overlay-type":"","overlay-color":"","overlay-opacity":"","overlay-gradient":""},"tablet":{"background-color":"","background-image":"","background-repeat":"repeat","background-position":"center center","background-size":"auto","background-attachment":"scroll","background-type":"","background-media":"","overlay-type":"","overlay-color":"","overlay-opacity":"","overlay-gradient":""},"mobile":{"background-color":"","background-image":"","background-repeat":"repeat","background-position":"center center","background-size":"auto","background-attachment":"scroll","background-type":"","background-media":"","overlay-type":"","overlay-color":"","overlay-opacity":"","overlay-gradient":""}},"ast-content-background-meta":{"desktop":{"background-color":"var(--ast-global-color-5)","background-image":"","background-repeat":"repeat","background-position":"center center","background-size":"auto","background-attachment":"scroll","background-type":"","background-media":"","overlay-type":"","overlay-color":"","overlay-opacity":"","overlay-gradient":""},"tablet":{"background-color":"var(--ast-global-color-5)","background-image":"","background-repeat":"repeat","background-position":"center center","background-size":"auto","background-attachment":"scroll","background-type":"","background-media":"","overlay-type":"","overlay-color":"","overlay-opacity":"","overlay-gradient":""},"mobile":{"background-color":"var(--ast-global-color-5)","background-image":"","background-repeat":"repeat","background-position":"center center","background-size":"auto","background-attachment":"scroll","background-type":"","background-media":"","overlay-type":"","overlay-color":"","overlay-opacity":"","overlay-gradient":""}}},"product_brand":[],"product_cat":[35],"product_tag":[],"class_list":{"0":"post-2312","1":"product","2":"type-product","3":"status-publish","4":"has-post-thumbnail","6":"product_cat-concrete-rebar-support","7":"desktop-align-left","8":"tablet-align-left","9":"mobile-align-left","10":"ast-product-gallery-layout-horizontal-slider","11":"ast-product-tabs-layout-horizontal","13":"first","14":"instock","15":"shipping-taxable","16":"purchasable","17":"product-type-simple"},"yoast_head":"<!-- This site is optimized with the Yoast SEO plugin v25.2 - https:\/\/yoast.com\/wordpress\/plugins\/seo\/ -->\n<title>Slab Bolster Dipped SBD<\/title>\n<meta name=\"description\" content=\"Slab Bolster Dipped (SBD) is an essential accessory for concrete reinforcement, ensuring precise rebar placement and optimal structural integrity.\" \/>\n<meta name=\"robots\" content=\"index, follow, max-snippet:-1, max-image-preview:large, max-video-preview:-1\" \/>\n<link rel=\"canonical\" href=\"https:\/\/qingdaohf.com\/nb\/produkt\/platebolster-dyppet\/\" \/>\n<meta property=\"og:locale\" content=\"nb_NO\" \/>\n<meta property=\"og:type\" content=\"article\" \/>\n<meta property=\"og:title\" content=\"Slab Bolster Dipped SBD\" \/>\n<meta property=\"og:description\" content=\"Slab Bolster Dipped (SBD) is an essential accessory for concrete reinforcement, ensuring precise rebar placement and optimal structural integrity.\" \/>\n<meta property=\"og:url\" content=\"https:\/\/qingdaohf.com\/nb\/produkt\/platebolster-dyppet\/\" \/>\n<meta property=\"og:site_name\" content=\"Concrete Form &amp; Rigging Hardware Supplier\" \/>\n<meta property=\"article:publisher\" content=\"https:\/\/www.facebook.com\/qingdaohf\" \/>\n<meta property=\"article:modified_time\" content=\"2025-11-13T01:06:16+00:00\" \/>\n<meta property=\"og:image\" content=\"https:\/\/qingdaohf.com\/wp-content\/uploads\/2023\/02\/Slab-Bolster-Dipped-1-1.jpg\" \/>\n\t<meta property=\"og:image:width\" content=\"1000\" \/>\n\t<meta property=\"og:image:height\" content=\"1000\" \/>\n\t<meta property=\"og:image:type\" content=\"image\/jpeg\" \/>\n<meta name=\"twitter:card\" content=\"summary_large_image\" \/>\n<meta name=\"twitter:label1\" content=\"Ansl. lesetid\" \/>\n\t<meta name=\"twitter:data1\" content=\"3 minutter\" \/>\n<script type=\"application\/ld+json\" class=\"yoast-schema-graph\">{\"@context\":\"https:\/\/schema.org\",\"@graph\":[{\"@type\":\"WebPage\",\"@id\":\"https:\/\/qingdaohf.com\/product\/slab-bolster-dipped\/\",\"url\":\"https:\/\/qingdaohf.com\/product\/slab-bolster-dipped\/\",\"name\":\"Slab Bolster Dipped SBD\",\"isPartOf\":{\"@id\":\"https:\/\/qingdaohf.com\/bg\/#website\"},\"primaryImageOfPage\":{\"@id\":\"https:\/\/qingdaohf.com\/product\/slab-bolster-dipped\/#primaryimage\"},\"image\":{\"@id\":\"https:\/\/qingdaohf.com\/product\/slab-bolster-dipped\/#primaryimage\"},\"thumbnailUrl\":\"https:\/\/qingdaohf.com\/wp-content\/uploads\/2023\/02\/Slab-Bolster-Dipped-1-1.jpg\",\"datePublished\":\"2023-02-21T09:34:53+00:00\",\"dateModified\":\"2025-11-13T01:06:16+00:00\",\"description\":\"Slab Bolster Dipped (SBD) is an essential accessory for concrete reinforcement, ensuring precise rebar placement and optimal structural integrity.\",\"breadcrumb\":{\"@id\":\"https:\/\/qingdaohf.com\/product\/slab-bolster-dipped\/#breadcrumb\"},\"inLanguage\":\"nb-NO\",\"potentialAction\":[{\"@type\":\"ReadAction\",\"target\":[\"https:\/\/qingdaohf.com\/product\/slab-bolster-dipped\/\"]}]},{\"@type\":\"ImageObject\",\"inLanguage\":\"nb-NO\",\"@id\":\"https:\/\/qingdaohf.com\/product\/slab-bolster-dipped\/#primaryimage\",\"url\":\"https:\/\/qingdaohf.com\/wp-content\/uploads\/2023\/02\/Slab-Bolster-Dipped-1-1.jpg\",\"contentUrl\":\"https:\/\/qingdaohf.com\/wp-content\/uploads\/2023\/02\/Slab-Bolster-Dipped-1-1.jpg\",\"width\":1000,\"height\":1000,\"caption\":\"Slab Bolster Dipped\"},{\"@type\":\"BreadcrumbList\",\"@id\":\"https:\/\/qingdaohf.com\/product\/slab-bolster-dipped\/#breadcrumb\",\"itemListElement\":[{\"@type\":\"ListItem\",\"position\":1,\"name\":\"Home\",\"item\":\"https:\/\/qingdaohf.com\/\"},{\"@type\":\"ListItem\",\"position\":2,\"name\":\"Concrete Forming Accessories and Rigging Hardware\",\"item\":\"https:\/\/qingdaohf.com\/bg\/?page_id=944\"},{\"@type\":\"ListItem\",\"position\":3,\"name\":\"Slab Bolster Dipped SBD\"}]},{\"@type\":\"WebSite\",\"@id\":\"https:\/\/qingdaohf.com\/bg\/#website\",\"url\":\"https:\/\/qingdaohf.com\/bg\/\",\"name\":\"Concrete Form & Rigging Hardware Supplier\",\"description\":\"\",\"publisher\":{\"@id\":\"https:\/\/qingdaohf.com\/bg\/#organization\"},\"potentialAction\":[{\"@type\":\"SearchAction\",\"target\":{\"@type\":\"EntryPoint\",\"urlTemplate\":\"https:\/\/qingdaohf.com\/bg\/?s={search_term_string}\"},\"query-input\":{\"@type\":\"PropertyValueSpecification\",\"valueRequired\":true,\"valueName\":\"search_term_string\"}}],\"inLanguage\":\"nb-NO\"},{\"@type\":\"Organization\",\"@id\":\"https:\/\/qingdaohf.com\/bg\/#organization\",\"name\":\"Qingdao H&F\",\"url\":\"https:\/\/qingdaohf.com\/bg\/\",\"logo\":{\"@type\":\"ImageObject\",\"inLanguage\":\"nb-NO\",\"@id\":\"https:\/\/qingdaohf.com\/bg\/#\/schema\/logo\/image\/\",\"url\":\"https:\/\/qingdaohf.com\/wp-content\/uploads\/2022\/12\/cropped-HF-LOGO.png\",\"contentUrl\":\"https:\/\/qingdaohf.com\/wp-content\/uploads\/2022\/12\/cropped-HF-LOGO.png\",\"width\":391,\"height\":249,\"caption\":\"Qingdao H&F\"},\"image\":{\"@id\":\"https:\/\/qingdaohf.com\/bg\/#\/schema\/logo\/image\/\"},\"sameAs\":[\"https:\/\/www.facebook.com\/qingdaohf\"]}]}<\/script>\n<!-- \/ Yoast SEO plugin. -->","yoast_head_json":{"title":"Slab Bolster Dipped SBD","description":"Slab Bolster Dipped (SBD) is an essential accessory for concrete reinforcement, ensuring precise rebar placement and optimal structural integrity.","robots":{"index":"index","follow":"follow","max-snippet":"max-snippet:-1","max-image-preview":"max-image-preview:large","max-video-preview":"max-video-preview:-1"},"canonical":"https:\/\/qingdaohf.com\/nb\/produkt\/platebolster-dyppet\/","og_locale":"nb_NO","og_type":"article","og_title":"Slab Bolster Dipped SBD","og_description":"Slab Bolster Dipped (SBD) is an essential accessory for concrete reinforcement, ensuring precise rebar placement and optimal structural integrity.","og_url":"https:\/\/qingdaohf.com\/nb\/produkt\/platebolster-dyppet\/","og_site_name":"Concrete Form &amp; Rigging Hardware Supplier","article_publisher":"https:\/\/www.facebook.com\/qingdaohf","article_modified_time":"2025-11-13T01:06:16+00:00","og_image":[{"width":1000,"height":1000,"url":"https:\/\/qingdaohf.com\/wp-content\/uploads\/2023\/02\/Slab-Bolster-Dipped-1-1.jpg","type":"image\/jpeg"}],"twitter_card":"summary_large_image","twitter_misc":{"Ansl. lesetid":"3 minutter"},"schema":{"@context":"https:\/\/schema.org","@graph":[{"@type":"WebPage","@id":"https:\/\/qingdaohf.com\/product\/slab-bolster-dipped\/","url":"https:\/\/qingdaohf.com\/product\/slab-bolster-dipped\/","name":"Slab Bolster Dipped SBD","isPartOf":{"@id":"https:\/\/qingdaohf.com\/bg\/#website"},"primaryImageOfPage":{"@id":"https:\/\/qingdaohf.com\/product\/slab-bolster-dipped\/#primaryimage"},"image":{"@id":"https:\/\/qingdaohf.com\/product\/slab-bolster-dipped\/#primaryimage"},"thumbnailUrl":"https:\/\/qingdaohf.com\/wp-content\/uploads\/2023\/02\/Slab-Bolster-Dipped-1-1.jpg","datePublished":"2023-02-21T09:34:53+00:00","dateModified":"2025-11-13T01:06:16+00:00","description":"Slab Bolster Dipped (SBD) is an essential accessory for concrete reinforcement, ensuring precise rebar placement and optimal structural integrity.","breadcrumb":{"@id":"https:\/\/qingdaohf.com\/product\/slab-bolster-dipped\/#breadcrumb"},"inLanguage":"nb-NO","potentialAction":[{"@type":"ReadAction","target":["https:\/\/qingdaohf.com\/product\/slab-bolster-dipped\/"]}]},{"@type":"ImageObject","inLanguage":"nb-NO","@id":"https:\/\/qingdaohf.com\/product\/slab-bolster-dipped\/#primaryimage","url":"https:\/\/qingdaohf.com\/wp-content\/uploads\/2023\/02\/Slab-Bolster-Dipped-1-1.jpg","contentUrl":"https:\/\/qingdaohf.com\/wp-content\/uploads\/2023\/02\/Slab-Bolster-Dipped-1-1.jpg","width":1000,"height":1000,"caption":"Slab Bolster Dipped"},{"@type":"BreadcrumbList","@id":"https:\/\/qingdaohf.com\/product\/slab-bolster-dipped\/#breadcrumb","itemListElement":[{"@type":"ListItem","position":1,"name":"Home","item":"https:\/\/qingdaohf.com\/"},{"@type":"ListItem","position":2,"name":"Concrete Forming Accessories and Rigging Hardware","item":"https:\/\/qingdaohf.com\/bg\/?page_id=944"},{"@type":"ListItem","position":3,"name":"Slab Bolster Dipped SBD"}]},{"@type":"WebSite","@id":"https:\/\/qingdaohf.com\/bg\/#website","url":"https:\/\/qingdaohf.com\/bg\/","name":"Concrete Form & Rigging Hardware Supplier","description":"","publisher":{"@id":"https:\/\/qingdaohf.com\/bg\/#organization"},"potentialAction":[{"@type":"SearchAction","target":{"@type":"EntryPoint","urlTemplate":"https:\/\/qingdaohf.com\/bg\/?s={search_term_string}"},"query-input":{"@type":"PropertyValueSpecification","valueRequired":true,"valueName":"search_term_string"}}],"inLanguage":"nb-NO"},{"@type":"Organization","@id":"https:\/\/qingdaohf.com\/bg\/#organization","name":"Qingdao H&F","url":"https:\/\/qingdaohf.com\/bg\/","logo":{"@type":"ImageObject","inLanguage":"nb-NO","@id":"https:\/\/qingdaohf.com\/bg\/#\/schema\/logo\/image\/","url":"https:\/\/qingdaohf.com\/wp-content\/uploads\/2022\/12\/cropped-HF-LOGO.png","contentUrl":"https:\/\/qingdaohf.com\/wp-content\/uploads\/2022\/12\/cropped-HF-LOGO.png","width":391,"height":249,"caption":"Qingdao H&F"},"image":{"@id":"https:\/\/qingdaohf.com\/bg\/#\/schema\/logo\/image\/"},"sameAs":["https:\/\/www.facebook.com\/qingdaohf"]}]}},"_links":{"self":[{"href":"https:\/\/qingdaohf.com\/nb\/wp-json\/wp\/v2\/product\/2312","targetHints":{"allow":["GET"]}}],"collection":[{"href":"https:\/\/qingdaohf.com\/nb\/wp-json\/wp\/v2\/product"}],"about":[{"href":"https:\/\/qingdaohf.com\/nb\/wp-json\/wp\/v2\/types\/product"}],"replies":[{"embeddable":true,"href":"https:\/\/qingdaohf.com\/nb\/wp-json\/wp\/v2\/comments?post=2312"}],"version-history":[{"count":11,"href":"https:\/\/qingdaohf.com\/nb\/wp-json\/wp\/v2\/product\/2312\/revisions"}],"predecessor-version":[{"id":10248,"href":"https:\/\/qingdaohf.com\/nb\/wp-json\/wp\/v2\/product\/2312\/revisions\/10248"}],"wp:featuredmedia":[{"embeddable":true,"href":"https:\/\/qingdaohf.com\/nb\/wp-json\/wp\/v2\/media\/8004"}],"wp:attachment":[{"href":"https:\/\/qingdaohf.com\/nb\/wp-json\/wp\/v2\/media?parent=2312"}],"wp:term":[{"taxonomy":"product_brand","embeddable":true,"href":"https:\/\/qingdaohf.com\/nb\/wp-json\/wp\/v2\/product_brand?post=2312"},{"taxonomy":"product_cat","embeddable":true,"href":"https:\/\/qingdaohf.com\/nb\/wp-json\/wp\/v2\/product_cat?post=2312"},{"taxonomy":"product_tag","embeddable":true,"href":"https:\/\/qingdaohf.com\/nb\/wp-json\/wp\/v2\/product_tag?post=2312"}],"curies":[{"name":"wp","href":"https:\/\/api.w.org\/{rel}","templated":true}]}}