{"id":3452,"date":"2023-04-10T16:31:20","date_gmt":"2023-04-10T08:31:20","guid":{"rendered":"http:\/\/qingdaohf.com\/?post_type=product&#038;p=3452"},"modified":"2025-11-13T09:05:14","modified_gmt":"2025-11-13T01:05:14","slug":"paper-strip-nail","status":"publish","type":"product","link":"https:\/\/qingdaohf.com\/nb\/produkt\/papirstrimmel-spiker\/","title":{"rendered":"Paper Strip Nail Paper Collated Nails"},"content":{"rendered":"<p>Overlegne papirstripsspiker: V\u00e5re papirspiker er omhyggelig fremstilt av f\u00f8rsteklasses materialer, noe som sikrer enest\u00e5ende holdbarhet, styrke og ytelse. Hver spiker gjennomg\u00e5r strenge kvalitetskontroller og oppfyller og overg\u00e5r bransjestandardene for p\u00e5litelighet.<\/p>\n<p>Allsidige bruksomr\u00e5der: V\u00e5re papirstrimmelspiker er designet for \u00e5 utmerke seg i ulike bruksomr\u00e5der, og er ideelle for bygg- og anleggsbransjen, t\u00f8mrerbransjen, trebearbeiding og andre bransjer. De tilbyr en sikker og effektiv festel\u00f8sning for en lang rekke prosjekter.<\/p>\n<p>Personlig kundeservice: Kjernen i v\u00e5r virksomhet er v\u00e5r forpliktelse til personlig kundeservice. V\u00e5rt erfarne team jobber tett med hver enkelt kunde, forst\u00e5r deres unike behov og anbefaler de best egnede Paper Strip Nails for deres spesifikke bruksomr\u00e5der.<\/p>\n<p>Uovertruffen ettersalgssupport: V\u00e5rt engasjement strekker seg lenger enn til kj\u00f8psstedet. Vi er stolte av \u00e5 kunne tilby omfattende ettersalgssupport, og vi tar raskt tak i eventuelle sp\u00f8rsm\u00e5l eller bekymringer for \u00e5 sikre at du blir s\u00e5 forn\u00f8yd som mulig.<\/p>\n<p>Forbedrede fortjenestemarginer: Samtidig som vi opprettholder streng produktkvalitet, forst\u00e5r vi viktigheten av \u00e5 gi v\u00e5re kunder \u00f8kte fortjenestemarginer. V\u00e5re effektive produksjonsprosesser og strategiske partnerskap gj\u00f8r det mulig for oss \u00e5 tilby konkurransedyktige priser uten at det g\u00e5r p\u00e5 bekostning av kvaliteten.<\/p>\n<p>To ti\u00e5r med ekspertise: Med 20 \u00e5rs erfaring i riggbransjen besitter teamet v\u00e5rt omfattende kunnskap og ekspertise. Vi holder oss i forkant av utviklingen og trendene i bransjen, noe som gj\u00f8r oss i stand til \u00e5 tilby kundene v\u00e5re banebrytende l\u00f8sninger.<\/p>\n<p>P\u00e5litelig distribusjonsnettverk: Som en p\u00e5litelig distribut\u00f8r og grossist har vi et robust distribusjonsnettverk som sikrer rask og p\u00e5litelig levering av papirstrimmelspiker, uansett hvor du befinner deg.<\/p>\n<div class=\"ast-oembed-container\" style=\"height: 100%;\"><iframe title=\"betongform papirstrimmel spiker\" width=\"500\" height=\"375\" src=\"https:\/\/www.youtube.com\/embed\/33dy1pMdIBI?start=2&#038;feature=oembed\" frameborder=\"0\" allow=\"accelerometer; autoplay; clipboard-write; encrypted-media; gyroscope; picture-in-picture; web-share\" referrerpolicy=\"strict-origin-when-cross-origin\" allowfullscreen><\/iframe><\/div>\n<p><img fetchpriority=\"high\" decoding=\"async\" class=\"alignnone size-full wp-image-3460\" src=\"http:\/\/qingdaohf.com\/wp-content\/uploads\/2023\/04\/70-1.jpg\" alt=\"papirstrimmel spiker\" width=\"1200\" height=\"1296\" srcset=\"https:\/\/qingdaohf.com\/wp-content\/uploads\/2023\/04\/70-1.jpg 1200w, https:\/\/qingdaohf.com\/wp-content\/uploads\/2023\/04\/70-1-278x300.jpg 278w, https:\/\/qingdaohf.com\/wp-content\/uploads\/2023\/04\/70-1-948x1024.jpg 948w, https:\/\/qingdaohf.com\/wp-content\/uploads\/2023\/04\/70-1-768x829.jpg 768w, https:\/\/qingdaohf.com\/wp-content\/uploads\/2023\/04\/70-1-1000x1080.jpg 1000w\" sizes=\"(max-width: 1200px) 100vw, 1200px\" \/><\/p>\n<p>Hvorfor velge oss?<\/p>\n<p>Bevist p\u00e5litelighet: V\u00e5rt solide omd\u00f8mme er bygget p\u00e5 tilliten og lojaliteten til utallige forn\u00f8yde kunder. Vi prioriterer konsekvent kvalitet og p\u00e5litelighet, og s\u00f8rger for at v\u00e5re Paper Strip Nails overg\u00e5r dine forventninger.<\/p>\n<p>Sikkerhet f\u00f8rst: Sikkerhet er av st\u00f8rste viktighet for oss. V\u00e5re papirstrimmelspiker gjennomg\u00e5r grundige tester og overholder bransjens sikkerhetsstandarder, noe som gir deg den tryggheten du trenger for kritiske bruksomr\u00e5der.<\/p>\n<p>Skreddersydde l\u00f8sninger: Vi forst\u00e5r at hvert prosjekt har unike krav. Teamet v\u00e5rt samarbeider tett med deg for \u00e5 levere skreddersydde l\u00f8sninger som n\u00f8yaktig oppfyller dine behov, og som sikrer optimale resultater hver gang.<\/p>\n<p>Kundesentrert tiln\u00e6rming: Kundene v\u00e5re st\u00e5r i sentrum for virksomheten v\u00e5r. Vi er sv\u00e6rt stolte av v\u00e5r eksepsjonelle kundeservice, \u00e5pne kommunikasjon og v\u00e5rt engasjement for \u00e5 gj\u00f8re det lille ekstra for at du skal bli forn\u00f8yd.<\/p>","protected":false},"excerpt":{"rendered":"<p>Papirspiker, ogs\u00e5 kjent som b\u00e5ndspiker eller plastspiker, er en type festemiddel som brukes i bygg- og t\u00f8mrerbransjen. Disse spikrene er designet for \u00e5 brukes med pneumatiske spikerpistoler, som driver dem inn i tre eller andre materialer med stor hastighet og n\u00f8yaktighet.<\/p>","protected":false},"featured_media":3453,"comment_status":"open","ping_status":"closed","template":"","meta":{"site-sidebar-layout":"default","site-content-layout":"default","ast-site-content-layout":"","site-content-style":"default","site-sidebar-style":"default","ast-global-header-display":"","ast-banner-title-visibility":"","ast-main-header-display":"","ast-hfb-above-header-display":"","ast-hfb-below-header-display":"","ast-hfb-mobile-header-display":"","site-post-title":"","ast-breadcrumbs-content":"","ast-featured-img":"","footer-sml-layout":"","theme-transparent-header-meta":"default","adv-header-id-meta":"","stick-header-meta":"default","header-above-stick-meta":"","header-main-stick-meta":"","header-below-stick-meta":"","astra-migrate-meta-layouts":"default","ast-page-background-enabled":"default","ast-page-background-meta":{"desktop":{"background-color":"","background-image":"","background-repeat":"repeat","background-position":"center center","background-size":"auto","background-attachment":"scroll","background-type":"","background-media":"","overlay-type":"","overlay-color":"","overlay-opacity":"","overlay-gradient":""},"tablet":{"background-color":"","background-image":"","background-repeat":"repeat","background-position":"center center","background-size":"auto","background-attachment":"scroll","background-type":"","background-media":"","overlay-type":"","overlay-color":"","overlay-opacity":"","overlay-gradient":""},"mobile":{"background-color":"","background-image":"","background-repeat":"repeat","background-position":"center center","background-size":"auto","background-attachment":"scroll","background-type":"","background-media":"","overlay-type":"","overlay-color":"","overlay-opacity":"","overlay-gradient":""}},"ast-content-background-meta":{"desktop":{"background-color":"var(--ast-global-color-5)","background-image":"","background-repeat":"repeat","background-position":"center center","background-size":"auto","background-attachment":"scroll","background-type":"","background-media":"","overlay-type":"","overlay-color":"","overlay-opacity":"","overlay-gradient":""},"tablet":{"background-color":"var(--ast-global-color-5)","background-image":"","background-repeat":"repeat","background-position":"center center","background-size":"auto","background-attachment":"scroll","background-type":"","background-media":"","overlay-type":"","overlay-color":"","overlay-opacity":"","overlay-gradient":""},"mobile":{"background-color":"var(--ast-global-color-5)","background-image":"","background-repeat":"repeat","background-position":"center center","background-size":"auto","background-attachment":"scroll","background-type":"","background-media":"","overlay-type":"","overlay-color":"","overlay-opacity":"","overlay-gradient":""}}},"product_brand":[],"product_cat":[34],"product_tag":[],"class_list":{"0":"post-3452","1":"product","2":"type-product","3":"status-publish","4":"has-post-thumbnail","6":"product_cat-nail","7":"desktop-align-left","8":"tablet-align-left","9":"mobile-align-left","10":"ast-product-gallery-layout-horizontal-slider","11":"ast-product-tabs-layout-horizontal","13":"first","14":"instock","15":"shipping-taxable","16":"purchasable","17":"product-type-simple"},"yoast_head":"<!-- This site is optimized with the Yoast SEO plugin v25.2 - https:\/\/yoast.com\/wordpress\/plugins\/seo\/ -->\n<title>Paper Strip Nail Paper Collated Nails<\/title>\n<meta name=\"description\" content=\"Paper strip nails, also known as collated nails or plastic strip nails, are a type of fastener used in construction and carpentry.\" \/>\n<meta name=\"robots\" content=\"index, follow, max-snippet:-1, max-image-preview:large, max-video-preview:-1\" \/>\n<link rel=\"canonical\" href=\"https:\/\/qingdaohf.com\/nb\/produkt\/papirstrimmel-spiker\/\" \/>\n<meta property=\"og:locale\" content=\"nb_NO\" \/>\n<meta property=\"og:type\" content=\"article\" \/>\n<meta property=\"og:title\" content=\"Paper Strip Nail Paper Collated Nails\" \/>\n<meta property=\"og:description\" content=\"Paper strip nails, also known as collated nails or plastic strip nails, are a type of fastener used in construction and carpentry.\" \/>\n<meta property=\"og:url\" content=\"https:\/\/qingdaohf.com\/nb\/produkt\/papirstrimmel-spiker\/\" \/>\n<meta property=\"og:site_name\" content=\"Concrete Form &amp; Rigging Hardware Supplier\" \/>\n<meta property=\"article:publisher\" content=\"https:\/\/www.facebook.com\/qingdaohf\" \/>\n<meta property=\"article:modified_time\" content=\"2025-11-13T01:05:14+00:00\" \/>\n<meta property=\"og:image\" content=\"https:\/\/qingdaohf.com\/wp-content\/uploads\/2023\/04\/paper-strip-nail-3.jpg\" \/>\n\t<meta property=\"og:image:width\" content=\"800\" \/>\n\t<meta property=\"og:image:height\" content=\"800\" \/>\n\t<meta property=\"og:image:type\" content=\"image\/jpeg\" \/>\n<meta name=\"twitter:card\" content=\"summary_large_image\" \/>\n<meta name=\"twitter:label1\" content=\"Ansl. lesetid\" \/>\n\t<meta name=\"twitter:data1\" content=\"2 minutter\" \/>\n<script type=\"application\/ld+json\" class=\"yoast-schema-graph\">{\"@context\":\"https:\/\/schema.org\",\"@graph\":[{\"@type\":\"WebPage\",\"@id\":\"https:\/\/qingdaohf.com\/product\/paper-strip-nail\/\",\"url\":\"https:\/\/qingdaohf.com\/product\/paper-strip-nail\/\",\"name\":\"Paper Strip Nail Paper Collated Nails\",\"isPartOf\":{\"@id\":\"https:\/\/qingdaohf.com\/bg\/#website\"},\"primaryImageOfPage\":{\"@id\":\"https:\/\/qingdaohf.com\/product\/paper-strip-nail\/#primaryimage\"},\"image\":{\"@id\":\"https:\/\/qingdaohf.com\/product\/paper-strip-nail\/#primaryimage\"},\"thumbnailUrl\":\"https:\/\/qingdaohf.com\/wp-content\/uploads\/2023\/04\/paper-strip-nail-3.jpg\",\"datePublished\":\"2023-04-10T08:31:20+00:00\",\"dateModified\":\"2025-11-13T01:05:14+00:00\",\"description\":\"Paper strip nails, also known as collated nails or plastic strip nails, are a type of fastener used in construction and carpentry.\",\"breadcrumb\":{\"@id\":\"https:\/\/qingdaohf.com\/product\/paper-strip-nail\/#breadcrumb\"},\"inLanguage\":\"nb-NO\",\"potentialAction\":[{\"@type\":\"ReadAction\",\"target\":[\"https:\/\/qingdaohf.com\/product\/paper-strip-nail\/\"]}]},{\"@type\":\"ImageObject\",\"inLanguage\":\"nb-NO\",\"@id\":\"https:\/\/qingdaohf.com\/product\/paper-strip-nail\/#primaryimage\",\"url\":\"https:\/\/qingdaohf.com\/wp-content\/uploads\/2023\/04\/paper-strip-nail-3.jpg\",\"contentUrl\":\"https:\/\/qingdaohf.com\/wp-content\/uploads\/2023\/04\/paper-strip-nail-3.jpg\",\"width\":800,\"height\":800,\"caption\":\"paper strip nail\"},{\"@type\":\"BreadcrumbList\",\"@id\":\"https:\/\/qingdaohf.com\/product\/paper-strip-nail\/#breadcrumb\",\"itemListElement\":[{\"@type\":\"ListItem\",\"position\":1,\"name\":\"Home\",\"item\":\"https:\/\/qingdaohf.com\/\"},{\"@type\":\"ListItem\",\"position\":2,\"name\":\"Concrete Forming Accessories and Rigging Hardware\",\"item\":\"https:\/\/qingdaohf.com\/bg\/?page_id=944\"},{\"@type\":\"ListItem\",\"position\":3,\"name\":\"Paper Strip Nail Paper Collated Nails\"}]},{\"@type\":\"WebSite\",\"@id\":\"https:\/\/qingdaohf.com\/bg\/#website\",\"url\":\"https:\/\/qingdaohf.com\/bg\/\",\"name\":\"Concrete Form & Rigging Hardware Supplier\",\"description\":\"\",\"publisher\":{\"@id\":\"https:\/\/qingdaohf.com\/bg\/#organization\"},\"potentialAction\":[{\"@type\":\"SearchAction\",\"target\":{\"@type\":\"EntryPoint\",\"urlTemplate\":\"https:\/\/qingdaohf.com\/bg\/?s={search_term_string}\"},\"query-input\":{\"@type\":\"PropertyValueSpecification\",\"valueRequired\":true,\"valueName\":\"search_term_string\"}}],\"inLanguage\":\"nb-NO\"},{\"@type\":\"Organization\",\"@id\":\"https:\/\/qingdaohf.com\/bg\/#organization\",\"name\":\"Qingdao H&F\",\"url\":\"https:\/\/qingdaohf.com\/bg\/\",\"logo\":{\"@type\":\"ImageObject\",\"inLanguage\":\"nb-NO\",\"@id\":\"https:\/\/qingdaohf.com\/bg\/#\/schema\/logo\/image\/\",\"url\":\"https:\/\/qingdaohf.com\/wp-content\/uploads\/2022\/12\/cropped-HF-LOGO.png\",\"contentUrl\":\"https:\/\/qingdaohf.com\/wp-content\/uploads\/2022\/12\/cropped-HF-LOGO.png\",\"width\":391,\"height\":249,\"caption\":\"Qingdao H&F\"},\"image\":{\"@id\":\"https:\/\/qingdaohf.com\/bg\/#\/schema\/logo\/image\/\"},\"sameAs\":[\"https:\/\/www.facebook.com\/qingdaohf\"]}]}<\/script>\n<!-- \/ Yoast SEO plugin. -->","yoast_head_json":{"title":"Paper Strip Nail Paper Collated Nails","description":"Paper strip nails, also known as collated nails or plastic strip nails, are a type of fastener used in construction and carpentry.","robots":{"index":"index","follow":"follow","max-snippet":"max-snippet:-1","max-image-preview":"max-image-preview:large","max-video-preview":"max-video-preview:-1"},"canonical":"https:\/\/qingdaohf.com\/nb\/produkt\/papirstrimmel-spiker\/","og_locale":"nb_NO","og_type":"article","og_title":"Paper Strip Nail Paper Collated Nails","og_description":"Paper strip nails, also known as collated nails or plastic strip nails, are a type of fastener used in construction and carpentry.","og_url":"https:\/\/qingdaohf.com\/nb\/produkt\/papirstrimmel-spiker\/","og_site_name":"Concrete Form &amp; Rigging Hardware Supplier","article_publisher":"https:\/\/www.facebook.com\/qingdaohf","article_modified_time":"2025-11-13T01:05:14+00:00","og_image":[{"width":800,"height":800,"url":"https:\/\/qingdaohf.com\/wp-content\/uploads\/2023\/04\/paper-strip-nail-3.jpg","type":"image\/jpeg"}],"twitter_card":"summary_large_image","twitter_misc":{"Ansl. lesetid":"2 minutter"},"schema":{"@context":"https:\/\/schema.org","@graph":[{"@type":"WebPage","@id":"https:\/\/qingdaohf.com\/product\/paper-strip-nail\/","url":"https:\/\/qingdaohf.com\/product\/paper-strip-nail\/","name":"Paper Strip Nail Paper Collated Nails","isPartOf":{"@id":"https:\/\/qingdaohf.com\/bg\/#website"},"primaryImageOfPage":{"@id":"https:\/\/qingdaohf.com\/product\/paper-strip-nail\/#primaryimage"},"image":{"@id":"https:\/\/qingdaohf.com\/product\/paper-strip-nail\/#primaryimage"},"thumbnailUrl":"https:\/\/qingdaohf.com\/wp-content\/uploads\/2023\/04\/paper-strip-nail-3.jpg","datePublished":"2023-04-10T08:31:20+00:00","dateModified":"2025-11-13T01:05:14+00:00","description":"Paper strip nails, also known as collated nails or plastic strip nails, are a type of fastener used in construction and carpentry.","breadcrumb":{"@id":"https:\/\/qingdaohf.com\/product\/paper-strip-nail\/#breadcrumb"},"inLanguage":"nb-NO","potentialAction":[{"@type":"ReadAction","target":["https:\/\/qingdaohf.com\/product\/paper-strip-nail\/"]}]},{"@type":"ImageObject","inLanguage":"nb-NO","@id":"https:\/\/qingdaohf.com\/product\/paper-strip-nail\/#primaryimage","url":"https:\/\/qingdaohf.com\/wp-content\/uploads\/2023\/04\/paper-strip-nail-3.jpg","contentUrl":"https:\/\/qingdaohf.com\/wp-content\/uploads\/2023\/04\/paper-strip-nail-3.jpg","width":800,"height":800,"caption":"paper strip nail"},{"@type":"BreadcrumbList","@id":"https:\/\/qingdaohf.com\/product\/paper-strip-nail\/#breadcrumb","itemListElement":[{"@type":"ListItem","position":1,"name":"Home","item":"https:\/\/qingdaohf.com\/"},{"@type":"ListItem","position":2,"name":"Concrete Forming Accessories and Rigging Hardware","item":"https:\/\/qingdaohf.com\/bg\/?page_id=944"},{"@type":"ListItem","position":3,"name":"Paper Strip Nail Paper Collated Nails"}]},{"@type":"WebSite","@id":"https:\/\/qingdaohf.com\/bg\/#website","url":"https:\/\/qingdaohf.com\/bg\/","name":"Concrete Form & Rigging Hardware Supplier","description":"","publisher":{"@id":"https:\/\/qingdaohf.com\/bg\/#organization"},"potentialAction":[{"@type":"SearchAction","target":{"@type":"EntryPoint","urlTemplate":"https:\/\/qingdaohf.com\/bg\/?s={search_term_string}"},"query-input":{"@type":"PropertyValueSpecification","valueRequired":true,"valueName":"search_term_string"}}],"inLanguage":"nb-NO"},{"@type":"Organization","@id":"https:\/\/qingdaohf.com\/bg\/#organization","name":"Qingdao H&F","url":"https:\/\/qingdaohf.com\/bg\/","logo":{"@type":"ImageObject","inLanguage":"nb-NO","@id":"https:\/\/qingdaohf.com\/bg\/#\/schema\/logo\/image\/","url":"https:\/\/qingdaohf.com\/wp-content\/uploads\/2022\/12\/cropped-HF-LOGO.png","contentUrl":"https:\/\/qingdaohf.com\/wp-content\/uploads\/2022\/12\/cropped-HF-LOGO.png","width":391,"height":249,"caption":"Qingdao H&F"},"image":{"@id":"https:\/\/qingdaohf.com\/bg\/#\/schema\/logo\/image\/"},"sameAs":["https:\/\/www.facebook.com\/qingdaohf"]}]}},"_links":{"self":[{"href":"https:\/\/qingdaohf.com\/nb\/wp-json\/wp\/v2\/product\/3452","targetHints":{"allow":["GET"]}}],"collection":[{"href":"https:\/\/qingdaohf.com\/nb\/wp-json\/wp\/v2\/product"}],"about":[{"href":"https:\/\/qingdaohf.com\/nb\/wp-json\/wp\/v2\/types\/product"}],"replies":[{"embeddable":true,"href":"https:\/\/qingdaohf.com\/nb\/wp-json\/wp\/v2\/comments?post=3452"}],"version-history":[{"count":2,"href":"https:\/\/qingdaohf.com\/nb\/wp-json\/wp\/v2\/product\/3452\/revisions"}],"predecessor-version":[{"id":10434,"href":"https:\/\/qingdaohf.com\/nb\/wp-json\/wp\/v2\/product\/3452\/revisions\/10434"}],"wp:featuredmedia":[{"embeddable":true,"href":"https:\/\/qingdaohf.com\/nb\/wp-json\/wp\/v2\/media\/3453"}],"wp:attachment":[{"href":"https:\/\/qingdaohf.com\/nb\/wp-json\/wp\/v2\/media?parent=3452"}],"wp:term":[{"taxonomy":"product_brand","embeddable":true,"href":"https:\/\/qingdaohf.com\/nb\/wp-json\/wp\/v2\/product_brand?post=3452"},{"taxonomy":"product_cat","embeddable":true,"href":"https:\/\/qingdaohf.com\/nb\/wp-json\/wp\/v2\/product_cat?post=3452"},{"taxonomy":"product_tag","embeddable":true,"href":"https:\/\/qingdaohf.com\/nb\/wp-json\/wp\/v2\/product_tag?post=3452"}],"curies":[{"name":"wp","href":"https:\/\/api.w.org\/{rel}","templated":true}]}}