{"id":3549,"date":"2023-04-10T18:57:14","date_gmt":"2023-04-10T10:57:14","guid":{"rendered":"http:\/\/qingdaohf.com\/?post_type=product&#038;p=3549"},"modified":"2025-11-13T09:05:13","modified_gmt":"2025-11-13T01:05:13","slug":"anchor-chain","status":"publish","type":"product","link":"https:\/\/qingdaohf.com\/nb\/produkt\/ankerkjetting\/","title":{"rendered":"Marine ankerkjetting Fort\u00f8yningskjetting"},"content":{"rendered":"<h3><strong>Introduksjon til marine ankerkjettinger<\/strong><\/h3>\n<p>I en verden av marint utstyr er ankerkjettinger viktige komponenter som brukes til \u00e5 stabilisere og sikre fart\u00f8yer under dokking eller fort\u00f8yning. Kjettingene er et viktig bindeledd mellom fart\u00f8yet og forankringssystemet, og gir stabilitet selv under turbulente sj\u00f8forhold. Gitt ankerkjettingenes betydning, spesielt i fort\u00f8yningssammenheng, er det avgj\u00f8rende for kj\u00f8pere \u00e5 forst\u00e5 de ulike typene og fordelene de gir. Marine ankerkjettinger, ogs\u00e5 kjent som fort\u00f8yningskjettinger, deles prim\u00e6rt inn i to typer: ankerkjettinger med pigg og ankerkjettinger uten pigg. Disse typene varierer basert p\u00e5 design, holdbarhet og bruksomr\u00e5der, og hver av dem gir forskjellige fordeler n\u00e5r det gjelder fort\u00f8yningsl\u00f8sninger.<\/p>\n<h3><strong>Stud Link Anchor Chains: Struktur og bruksomr\u00e5der<\/strong><\/h3>\n<p><img fetchpriority=\"high\" decoding=\"async\" class=\"alignnone size-full wp-image-8170\" src=\"http:\/\/qingdaohf.com\/wp-content\/uploads\/2024\/10\/stud-link-anchor-chain_2.webp\" alt=\"ankerkjetting med knottelenker\" width=\"842\" height=\"1091\" srcset=\"https:\/\/qingdaohf.com\/wp-content\/uploads\/2024\/10\/stud-link-anchor-chain_2.webp 842w, https:\/\/qingdaohf.com\/wp-content\/uploads\/2024\/10\/stud-link-anchor-chain_2-232x300.webp 232w, https:\/\/qingdaohf.com\/wp-content\/uploads\/2024\/10\/stud-link-anchor-chain_2-790x1024.webp 790w, https:\/\/qingdaohf.com\/wp-content\/uploads\/2024\/10\/stud-link-anchor-chain_2-768x995.webp 768w, https:\/\/qingdaohf.com\/wp-content\/uploads\/2024\/10\/stud-link-anchor-chain_2-9x12.webp 9w\" sizes=\"(max-width: 842px) 100vw, 842px\" \/><\/p>\n<p>Ankerkjettinger med piggledd er allment anerkjent i den maritime industrien for sin robusthet og b\u00e6reevne. De har en metallstang, eller pigg, p\u00e5 tvers av hvert kjettingledd, noe som gir ekstra stabilitet. Denne konstruksjonen minimerer deformasjonen av kjettingleddene under belastning og gj\u00f8r kjettingen mer motstandsdyktig mot vridning, selv under h\u00f8y spenning. Denne holdbarheten gj\u00f8r piggkjettinger til et foretrukket valg for krevende marine bruksomr\u00e5der, s\u00e6rlig p\u00e5 st\u00f8rre fart\u00f8yer som krever betydelig holdekraft.<\/p>\n<p>Strukturen til en ankerkjetting med piggledd \u00f8ker ikke bare levetiden, men forbedrer ogs\u00e5 forholdet mellom styrke og vekt. Mange innkj\u00f8pere prioriterer denne typen ankerkjetting p\u00e5 grunn av deres evne til \u00e5 motst\u00e5 intense marine milj\u00f8er, inkludert fort\u00f8yningsforhold p\u00e5 dypt vann. Innkj\u00f8pere som vurderer piggkjettinger, prioriterer ofte produkttesting, ytelse under ekstreme forhold og overholdelse av marine sikkerhetsstandarder. Hos Qingdao H&amp;F forst\u00e5r vi disse bekymringene og tar hensyn til dem ved \u00e5 gjennomf\u00f8re grundige kvalitetsinspeksjoner, verifisere bevisbelastninger og levere sertifiserte testrapporter.<\/p>\n<p>For eksempel gjennomg\u00e5r ankerkjettingene v\u00e5re strenge tester som oppfyller eller overg\u00e5r marine sertifiseringsstandarder. Denne prosessen forsikrer kj\u00f8perne v\u00e5re om at hver kjetting er b\u00e5de holdbar og p\u00e5litelig, noe som til syvende og sist \u00f8ker sikkerheten p\u00e5 fart\u00f8yet. Med v\u00e5r dedikerte \u00e9n-til-\u00e9n-kundeservice s\u00f8rger vi for at kundene v\u00e5re forst\u00e5r disse tekniske spesifikasjonene fullt ut og velger den kjettingtypen som passer best til deres behov.<\/p>\n<h3><strong>Boltl\u00f8se ankerkjettinger: En fleksibel og lett l\u00f8sning<\/strong><\/h3>\n<p><img fetchpriority=\"high\" decoding=\"async\" class=\"alignnone size-full wp-image-8170\" src=\"http:\/\/qingdaohf.com\/wp-content\/uploads\/2024\/10\/stud-link-anchor-chain_2.webp\" alt=\"ankerkjetting med knottelenker\" width=\"842\" height=\"1091\" srcset=\"https:\/\/qingdaohf.com\/wp-content\/uploads\/2024\/10\/stud-link-anchor-chain_2.webp 842w, https:\/\/qingdaohf.com\/wp-content\/uploads\/2024\/10\/stud-link-anchor-chain_2-232x300.webp 232w, https:\/\/qingdaohf.com\/wp-content\/uploads\/2024\/10\/stud-link-anchor-chain_2-790x1024.webp 790w, https:\/\/qingdaohf.com\/wp-content\/uploads\/2024\/10\/stud-link-anchor-chain_2-768x995.webp 768w, https:\/\/qingdaohf.com\/wp-content\/uploads\/2024\/10\/stud-link-anchor-chain_2-9x12.webp 9w\" sizes=\"(max-width: 842px) 100vw, 842px\" \/><\/p>\n<p>Boltl\u00f8se ankerkjettinger er et annet popul\u00e6rt alternativ for fort\u00f8yning, og de er verdsatt for sin fleksibilitet og reduserte vekt. Disse kjettingene har ingen pigg p\u00e5 tvers av hvert ledd, noe som gir en enklere og smidigere design. Selv om kjettinger med piggledd er kjent for sin styrke, gir piggfrie ankerkjettinger st\u00f8rre tilpasningsevne, noe som gj\u00f8r dem ideelle for bruksomr\u00e5der der vekthensyn er avgj\u00f8rende, for eksempel p\u00e5 mindre fart\u00f8y eller installasjoner der redusert kjettingvekt gir funksjonelle fordeler.<\/p>\n<p>Frav\u00e6ret av en pigg i hvert ledd gj\u00f8r at kjettingen beveger seg med mindre motstand og gir overlegen fleksibilitet under varierende sj\u00f8forhold. For mange kj\u00f8pere er denne fleksibiliteten en avgj\u00f8rende faktor, s\u00e6rlig ved oppankring av mindre b\u00e5ter, der en tilpasningsdyktig ankerkjetting er sv\u00e6rt fordelaktig. En annen viktig fordel med piggfrie ankerkjettinger er at de krever mindre vedlikehold. Med f\u00e6rre strukturelle komponenter krever de mindre hyppige inspeksjoner og reparasjoner sammenlignet med kjettinger med piggledd, noe som gj\u00f8r dem til et kostnadseffektivt alternativ over tid.<\/p>\n<p>Hos Qingdao H&amp;F er vi klar over at piggfrie ankerkjettinger kan appellere til kj\u00f8pere som er ute etter effektivitet b\u00e5de n\u00e5r det gjelder ytelse og vedlikehold. V\u00e5r forpliktelse til raske leveringssykluser sikrer at disse kjettingene er lett tilgjengelige, og v\u00e5re omfattende kvalitetsinspeksjonsrapporter gir kj\u00f8perne all n\u00f8dvendig informasjon om holdbarhet, bevisbelastning og strukturell integritet. Ved \u00e5 velge en piggfri ankerkjetting fra oss kan du trygt investere i en kjettingl\u00f8sning som balanserer vekt, fleksibilitet og kostnadseffektivitet.<\/p>\n<h3><strong>Velge riktig ankerkjetting for dine behov<\/strong><\/h3>\n<p>N\u00e5r man skal velge mellom ankerkjettinger med og uten pigg, m\u00e5 man ta hensyn til en rekke faktorer, blant annet fart\u00f8yets st\u00f8rrelse, bruksomr\u00e5de og milj\u00f8forhold. Hver type har unike fordeler som gj\u00f8r den egnet for spesifikke situasjoner. St\u00f8rre fart\u00f8yer krever ofte ankerkjettinger med piggkobling p\u00e5 grunn av styrken og stabiliteten, mens mindre fart\u00f8yer eller fart\u00f8yer som krever lette kjettinger, kan ha mer nytte av en piggfri kjetting.<\/p>\n<p>Begge typer kjettinger er tilgjengelige i ulike spesifikasjoner for \u00e5 passe til ulike fart\u00f8yst\u00f8rrelser og fort\u00f8yningskrav. For eksempel er diameteren en avgj\u00f8rende faktor for kjettingens b\u00e6reevne og holdbarhet. Et typisk utvalg kan omfatte kjettinger med diametre som passer til ulike fart\u00f8ysklasser, noe som sikrer kompatibilitet og optimal ytelse. Hos Qingdao H&amp;F har vi et utvalg av ankerkjettinger som er utformet for \u00e5 m\u00f8te ulike kj\u00f8peres behov, med tilpassede alternativer som kan tilpasses spesifikke fart\u00f8yskrav.<\/p>\n<p>Utover kjedetype og -st\u00f8rrelse prioriterer innkj\u00f8perne ogs\u00e5 tilleggstjenester som kan lette innkj\u00f8psprosessen. Hos Qingdao H&amp;F skiller vi oss ut ved \u00e5 tilby personlig st\u00f8tte som er skreddersydd til hver enkelt kundes unike behov. Denne personlige servicen strekker seg fra innledende konsultasjon til assistanse etter kj\u00f8pet, og gir innkj\u00f8perne innsikt i kjedespesifikasjoner, belastningstesting og aktuelle sertifiseringer. Kundene v\u00e5re kan stole p\u00e5 at vi er opptatt av kvalitet, ettersom hvert produkt blir grundig testet og verifisert f\u00f8r forsendelse, noe som sikrer samsvar med internasjonale standarder og trygghet for kj\u00f8perne v\u00e5re.<\/p>\n<h3><strong>Konklusjon<\/strong><\/h3>\n<p>Marine ankerkjettinger, enten de er med eller uten pigg, er uunnv\u00e6rlige for \u00e5 sikre fart\u00f8yets stabilitet under fort\u00f8yning. Ankerkjettinger med piggkobling, med sin ekstra stabilitet og motstand mot deformasjon, er ideelle for st\u00f8rre fart\u00f8yer og krevende marine milj\u00f8er. Boltl\u00f8se ankerkjettinger er derimot fleksible, lettere og krever mindre vedlikehold, noe som gj\u00f8r dem egnet for en rekke bruksomr\u00e5der, s\u00e6rlig p\u00e5 mindre fart\u00f8yer.<\/p>\n<p>Qingdao H&amp;F, et betrodd navn innen handel med marint utstyr, har to ti\u00e5r med ekspertise og tilbyr p\u00e5litelige kjettinger av h\u00f8y kvalitet som er utformet for \u00e5 oppfylle de ulike kravene til innkj\u00f8pere i marineindustrien. Kjernen i v\u00e5re tjenester er v\u00e5r forpliktelse til kundeservice, raske leveringssykluser og omfattende kvalitetsinspeksjoner, noe som sikrer at hver kunde f\u00e5r en kjettingl\u00f8sning som oppfyller deres spesifikke behov.<\/p>\n<p>I en marin industri i rask endring er det uvurderlig \u00e5 ha en p\u00e5litelig handelspartner som kan forutse og oppfylle kundenes behov. Ved \u00e5 velge Qingdao H&amp;F f\u00e5r kj\u00f8perne ikke bare kvalitetsprodukter, men ogs\u00e5 et partnerskap som prioriterer deres suksess og tilfredshet.<\/p>","protected":false},"excerpt":{"rendered":"<div class=\"flex-shrink-0 flex flex-col relative items-end\">\n<div class=\"pt-0\">\n<div class=\"gizmo-bot-avatar flex h-8 w-8 items-center justify-center overflow-hidden rounded-full\">\n<div class=\"relative p-1 rounded-sm flex items-center justify-center bg-token-main-surface-primary text-token-text-primary h-8 w-8\">Marine ankerkjettinger, ofte kalt fort\u00f8yningskjettinger, spiller en viktig rolle n\u00e5r det gjelder \u00e5 sikre fart\u00f8yer under fort\u00f8yning. De finnes i to hovedtyper: ankerkjettinger med pigg og ankerkjettinger uten pigg. Qingdao H&amp;F har over 20 \u00e5rs erfaring med internasjonal handel og forst\u00e5r behovene og prioriteringene til innkj\u00f8pere av marint utstyr. V\u00e5r individuelle kundeservice sikrer skreddersydd st\u00f8tte, og v\u00e5re str\u00f8mlinjeformede prosesser garanterer raske leveringssykluser. Med en rekke kvalitetsinspeksjonsrapporter for alle v\u00e5re kjeder hjelper vi kundene med \u00e5 ta velinformerte kj\u00f8psbeslutninger, i visshet om at produktene de mottar er testet og verifisert med hensyn til kvalitet og ytelse.<\/div>\n<\/div>\n<\/div>\n<\/div>","protected":false},"featured_media":4709,"comment_status":"open","ping_status":"closed","template":"","meta":{"site-sidebar-layout":"default","site-content-layout":"default","ast-site-content-layout":"default","site-content-style":"default","site-sidebar-style":"default","ast-global-header-display":"","ast-banner-title-visibility":"","ast-main-header-display":"","ast-hfb-above-header-display":"","ast-hfb-below-header-display":"","ast-hfb-mobile-header-display":"","site-post-title":"","ast-breadcrumbs-content":"","ast-featured-img":"","footer-sml-layout":"","theme-transparent-header-meta":"default","adv-header-id-meta":"","stick-header-meta":"default","header-above-stick-meta":"","header-main-stick-meta":"","header-below-stick-meta":"","astra-migrate-meta-layouts":"set","ast-page-background-enabled":"default","ast-page-background-meta":{"desktop":{"background-color":"","background-image":"","background-repeat":"repeat","background-position":"center center","background-size":"auto","background-attachment":"scroll","background-type":"","background-media":"","overlay-type":"","overlay-color":"","overlay-opacity":"","overlay-gradient":""},"tablet":{"background-color":"","background-image":"","background-repeat":"repeat","background-position":"center center","background-size":"auto","background-attachment":"scroll","background-type":"","background-media":"","overlay-type":"","overlay-color":"","overlay-opacity":"","overlay-gradient":""},"mobile":{"background-color":"","background-image":"","background-repeat":"repeat","background-position":"center center","background-size":"auto","background-attachment":"scroll","background-type":"","background-media":"","overlay-type":"","overlay-color":"","overlay-opacity":"","overlay-gradient":""}},"ast-content-background-meta":{"desktop":{"background-color":"var(--ast-global-color-5)","background-image":"","background-repeat":"repeat","background-position":"center center","background-size":"auto","background-attachment":"scroll","background-type":"","background-media":"","overlay-type":"","overlay-color":"","overlay-opacity":"","overlay-gradient":""},"tablet":{"background-color":"var(--ast-global-color-5)","background-image":"","background-repeat":"repeat","background-position":"center center","background-size":"auto","background-attachment":"scroll","background-type":"","background-media":"","overlay-type":"","overlay-color":"","overlay-opacity":"","overlay-gradient":""},"mobile":{"background-color":"var(--ast-global-color-5)","background-image":"","background-repeat":"repeat","background-position":"center center","background-size":"auto","background-attachment":"scroll","background-type":"","background-media":"","overlay-type":"","overlay-color":"","overlay-opacity":"","overlay-gradient":""}}},"product_brand":[],"product_cat":[43,38],"product_tag":[],"class_list":{"0":"post-3549","1":"product","2":"type-product","3":"status-publish","4":"has-post-thumbnail","6":"product_cat-rigging-hardware","7":"product_cat-chain","8":"desktop-align-left","9":"tablet-align-left","10":"mobile-align-left","11":"ast-product-gallery-layout-horizontal-slider","12":"ast-product-tabs-layout-horizontal","14":"first","15":"instock","16":"shipping-taxable","17":"purchasable","18":"product-type-simple"},"yoast_head":"<!-- This site is optimized with the Yoast SEO plugin v25.2 - https:\/\/yoast.com\/wordpress\/plugins\/seo\/ -->\n<title>Marine Anchor Chain Mooring Chain<\/title>\n<meta name=\"description\" content=\"The anchor chain is an essential component of maritime equipment used in anchoring and securing a vessel.\" \/>\n<meta name=\"robots\" content=\"index, follow, max-snippet:-1, max-image-preview:large, max-video-preview:-1\" \/>\n<link rel=\"canonical\" href=\"https:\/\/qingdaohf.com\/nb\/produkt\/ankerkjetting\/\" \/>\n<meta property=\"og:locale\" content=\"nb_NO\" \/>\n<meta property=\"og:type\" content=\"article\" \/>\n<meta property=\"og:title\" content=\"Marine Anchor Chain Mooring Chain\" \/>\n<meta property=\"og:description\" content=\"The anchor chain is an essential component of maritime equipment used in anchoring and securing a vessel.\" \/>\n<meta property=\"og:url\" content=\"https:\/\/qingdaohf.com\/nb\/produkt\/ankerkjetting\/\" \/>\n<meta property=\"og:site_name\" content=\"Concrete Form &amp; Rigging Hardware Supplier\" \/>\n<meta property=\"article:publisher\" content=\"https:\/\/www.facebook.com\/qingdaohf\" \/>\n<meta property=\"article:modified_time\" content=\"2025-11-13T01:05:13+00:00\" \/>\n<meta property=\"og:image\" content=\"https:\/\/qingdaohf.com\/wp-content\/uploads\/2023\/04\/anchor-chain-2-2.jpg\" \/>\n\t<meta property=\"og:image:width\" content=\"1000\" \/>\n\t<meta property=\"og:image:height\" content=\"1000\" \/>\n\t<meta property=\"og:image:type\" content=\"image\/jpeg\" \/>\n<meta name=\"twitter:card\" content=\"summary_large_image\" \/>\n<meta name=\"twitter:label1\" content=\"Ansl. lesetid\" \/>\n\t<meta name=\"twitter:data1\" content=\"5 minutter\" \/>\n<script type=\"application\/ld+json\" class=\"yoast-schema-graph\">{\"@context\":\"https:\/\/schema.org\",\"@graph\":[{\"@type\":\"WebPage\",\"@id\":\"https:\/\/qingdaohf.com\/product\/anchor-chain\/\",\"url\":\"https:\/\/qingdaohf.com\/product\/anchor-chain\/\",\"name\":\"Marine Anchor Chain Mooring Chain\",\"isPartOf\":{\"@id\":\"https:\/\/qingdaohf.com\/bg\/#website\"},\"primaryImageOfPage\":{\"@id\":\"https:\/\/qingdaohf.com\/product\/anchor-chain\/#primaryimage\"},\"image\":{\"@id\":\"https:\/\/qingdaohf.com\/product\/anchor-chain\/#primaryimage\"},\"thumbnailUrl\":\"https:\/\/qingdaohf.com\/wp-content\/uploads\/2023\/04\/anchor-chain-2-2.jpg\",\"datePublished\":\"2023-04-10T10:57:14+00:00\",\"dateModified\":\"2025-11-13T01:05:13+00:00\",\"description\":\"The anchor chain is an essential component of maritime equipment used in anchoring and securing a vessel.\",\"breadcrumb\":{\"@id\":\"https:\/\/qingdaohf.com\/product\/anchor-chain\/#breadcrumb\"},\"inLanguage\":\"nb-NO\",\"potentialAction\":[{\"@type\":\"ReadAction\",\"target\":[\"https:\/\/qingdaohf.com\/product\/anchor-chain\/\"]}]},{\"@type\":\"ImageObject\",\"inLanguage\":\"nb-NO\",\"@id\":\"https:\/\/qingdaohf.com\/product\/anchor-chain\/#primaryimage\",\"url\":\"https:\/\/qingdaohf.com\/wp-content\/uploads\/2023\/04\/anchor-chain-2-2.jpg\",\"contentUrl\":\"https:\/\/qingdaohf.com\/wp-content\/uploads\/2023\/04\/anchor-chain-2-2.jpg\",\"width\":1000,\"height\":1000,\"caption\":\"anchor chain\"},{\"@type\":\"BreadcrumbList\",\"@id\":\"https:\/\/qingdaohf.com\/product\/anchor-chain\/#breadcrumb\",\"itemListElement\":[{\"@type\":\"ListItem\",\"position\":1,\"name\":\"Home\",\"item\":\"https:\/\/qingdaohf.com\/\"},{\"@type\":\"ListItem\",\"position\":2,\"name\":\"Concrete Forming Accessories and Rigging Hardware\",\"item\":\"https:\/\/qingdaohf.com\/bg\/?page_id=944\"},{\"@type\":\"ListItem\",\"position\":3,\"name\":\"Marine Anchor Chain Mooring Chain\"}]},{\"@type\":\"WebSite\",\"@id\":\"https:\/\/qingdaohf.com\/bg\/#website\",\"url\":\"https:\/\/qingdaohf.com\/bg\/\",\"name\":\"Concrete Form & Rigging Hardware Supplier\",\"description\":\"\",\"publisher\":{\"@id\":\"https:\/\/qingdaohf.com\/bg\/#organization\"},\"potentialAction\":[{\"@type\":\"SearchAction\",\"target\":{\"@type\":\"EntryPoint\",\"urlTemplate\":\"https:\/\/qingdaohf.com\/bg\/?s={search_term_string}\"},\"query-input\":{\"@type\":\"PropertyValueSpecification\",\"valueRequired\":true,\"valueName\":\"search_term_string\"}}],\"inLanguage\":\"nb-NO\"},{\"@type\":\"Organization\",\"@id\":\"https:\/\/qingdaohf.com\/bg\/#organization\",\"name\":\"Qingdao H&F\",\"url\":\"https:\/\/qingdaohf.com\/bg\/\",\"logo\":{\"@type\":\"ImageObject\",\"inLanguage\":\"nb-NO\",\"@id\":\"https:\/\/qingdaohf.com\/bg\/#\/schema\/logo\/image\/\",\"url\":\"https:\/\/qingdaohf.com\/wp-content\/uploads\/2022\/12\/cropped-HF-LOGO.png\",\"contentUrl\":\"https:\/\/qingdaohf.com\/wp-content\/uploads\/2022\/12\/cropped-HF-LOGO.png\",\"width\":391,\"height\":249,\"caption\":\"Qingdao H&F\"},\"image\":{\"@id\":\"https:\/\/qingdaohf.com\/bg\/#\/schema\/logo\/image\/\"},\"sameAs\":[\"https:\/\/www.facebook.com\/qingdaohf\"]}]}<\/script>\n<!-- \/ Yoast SEO plugin. -->","yoast_head_json":{"title":"Marine Anchor Chain Mooring Chain","description":"The anchor chain is an essential component of maritime equipment used in anchoring and securing a vessel.","robots":{"index":"index","follow":"follow","max-snippet":"max-snippet:-1","max-image-preview":"max-image-preview:large","max-video-preview":"max-video-preview:-1"},"canonical":"https:\/\/qingdaohf.com\/nb\/produkt\/ankerkjetting\/","og_locale":"nb_NO","og_type":"article","og_title":"Marine Anchor Chain Mooring Chain","og_description":"The anchor chain is an essential component of maritime equipment used in anchoring and securing a vessel.","og_url":"https:\/\/qingdaohf.com\/nb\/produkt\/ankerkjetting\/","og_site_name":"Concrete Form &amp; Rigging Hardware Supplier","article_publisher":"https:\/\/www.facebook.com\/qingdaohf","article_modified_time":"2025-11-13T01:05:13+00:00","og_image":[{"width":1000,"height":1000,"url":"https:\/\/qingdaohf.com\/wp-content\/uploads\/2023\/04\/anchor-chain-2-2.jpg","type":"image\/jpeg"}],"twitter_card":"summary_large_image","twitter_misc":{"Ansl. lesetid":"5 minutter"},"schema":{"@context":"https:\/\/schema.org","@graph":[{"@type":"WebPage","@id":"https:\/\/qingdaohf.com\/product\/anchor-chain\/","url":"https:\/\/qingdaohf.com\/product\/anchor-chain\/","name":"Marine Anchor Chain Mooring Chain","isPartOf":{"@id":"https:\/\/qingdaohf.com\/bg\/#website"},"primaryImageOfPage":{"@id":"https:\/\/qingdaohf.com\/product\/anchor-chain\/#primaryimage"},"image":{"@id":"https:\/\/qingdaohf.com\/product\/anchor-chain\/#primaryimage"},"thumbnailUrl":"https:\/\/qingdaohf.com\/wp-content\/uploads\/2023\/04\/anchor-chain-2-2.jpg","datePublished":"2023-04-10T10:57:14+00:00","dateModified":"2025-11-13T01:05:13+00:00","description":"The anchor chain is an essential component of maritime equipment used in anchoring and securing a vessel.","breadcrumb":{"@id":"https:\/\/qingdaohf.com\/product\/anchor-chain\/#breadcrumb"},"inLanguage":"nb-NO","potentialAction":[{"@type":"ReadAction","target":["https:\/\/qingdaohf.com\/product\/anchor-chain\/"]}]},{"@type":"ImageObject","inLanguage":"nb-NO","@id":"https:\/\/qingdaohf.com\/product\/anchor-chain\/#primaryimage","url":"https:\/\/qingdaohf.com\/wp-content\/uploads\/2023\/04\/anchor-chain-2-2.jpg","contentUrl":"https:\/\/qingdaohf.com\/wp-content\/uploads\/2023\/04\/anchor-chain-2-2.jpg","width":1000,"height":1000,"caption":"anchor chain"},{"@type":"BreadcrumbList","@id":"https:\/\/qingdaohf.com\/product\/anchor-chain\/#breadcrumb","itemListElement":[{"@type":"ListItem","position":1,"name":"Home","item":"https:\/\/qingdaohf.com\/"},{"@type":"ListItem","position":2,"name":"Concrete Forming Accessories and Rigging Hardware","item":"https:\/\/qingdaohf.com\/bg\/?page_id=944"},{"@type":"ListItem","position":3,"name":"Marine Anchor Chain Mooring Chain"}]},{"@type":"WebSite","@id":"https:\/\/qingdaohf.com\/bg\/#website","url":"https:\/\/qingdaohf.com\/bg\/","name":"Concrete Form & Rigging Hardware Supplier","description":"","publisher":{"@id":"https:\/\/qingdaohf.com\/bg\/#organization"},"potentialAction":[{"@type":"SearchAction","target":{"@type":"EntryPoint","urlTemplate":"https:\/\/qingdaohf.com\/bg\/?s={search_term_string}"},"query-input":{"@type":"PropertyValueSpecification","valueRequired":true,"valueName":"search_term_string"}}],"inLanguage":"nb-NO"},{"@type":"Organization","@id":"https:\/\/qingdaohf.com\/bg\/#organization","name":"Qingdao H&F","url":"https:\/\/qingdaohf.com\/bg\/","logo":{"@type":"ImageObject","inLanguage":"nb-NO","@id":"https:\/\/qingdaohf.com\/bg\/#\/schema\/logo\/image\/","url":"https:\/\/qingdaohf.com\/wp-content\/uploads\/2022\/12\/cropped-HF-LOGO.png","contentUrl":"https:\/\/qingdaohf.com\/wp-content\/uploads\/2022\/12\/cropped-HF-LOGO.png","width":391,"height":249,"caption":"Qingdao H&F"},"image":{"@id":"https:\/\/qingdaohf.com\/bg\/#\/schema\/logo\/image\/"},"sameAs":["https:\/\/www.facebook.com\/qingdaohf"]}]}},"_links":{"self":[{"href":"https:\/\/qingdaohf.com\/nb\/wp-json\/wp\/v2\/product\/3549","targetHints":{"allow":["GET"]}}],"collection":[{"href":"https:\/\/qingdaohf.com\/nb\/wp-json\/wp\/v2\/product"}],"about":[{"href":"https:\/\/qingdaohf.com\/nb\/wp-json\/wp\/v2\/types\/product"}],"replies":[{"embeddable":true,"href":"https:\/\/qingdaohf.com\/nb\/wp-json\/wp\/v2\/comments?post=3549"}],"version-history":[{"count":8,"href":"https:\/\/qingdaohf.com\/nb\/wp-json\/wp\/v2\/product\/3549\/revisions"}],"predecessor-version":[{"id":8096,"href":"https:\/\/qingdaohf.com\/nb\/wp-json\/wp\/v2\/product\/3549\/revisions\/8096"}],"wp:featuredmedia":[{"embeddable":true,"href":"https:\/\/qingdaohf.com\/nb\/wp-json\/wp\/v2\/media\/4709"}],"wp:attachment":[{"href":"https:\/\/qingdaohf.com\/nb\/wp-json\/wp\/v2\/media?parent=3549"}],"wp:term":[{"taxonomy":"product_brand","embeddable":true,"href":"https:\/\/qingdaohf.com\/nb\/wp-json\/wp\/v2\/product_brand?post=3549"},{"taxonomy":"product_cat","embeddable":true,"href":"https:\/\/qingdaohf.com\/nb\/wp-json\/wp\/v2\/product_cat?post=3549"},{"taxonomy":"product_tag","embeddable":true,"href":"https:\/\/qingdaohf.com\/nb\/wp-json\/wp\/v2\/product_tag?post=3549"}],"curies":[{"name":"wp","href":"https:\/\/api.w.org\/{rel}","templated":true}]}}