{"id":3822,"date":"2023-05-19T16:36:58","date_gmt":"2023-05-19T08:36:58","guid":{"rendered":"http:\/\/qingdaohf.com\/?post_type=product&#038;p=3822"},"modified":"2025-11-13T09:05:11","modified_gmt":"2025-11-13T01:05:11","slug":"g215-shackle","status":"publish","type":"product","link":"https:\/\/qingdaohf.com\/nb\/produkt\/g213-g215-galvanisert-sjakkel\/","title":{"rendered":"G215 Galvanisert sjakkel"},"content":{"rendered":"<p class=\"\" data-start=\"525\" data-end=\"1183\">G215 Sjakkel er en blanding av robust ingeni\u00f8rkunst og raffinert h\u00e5ndverk skreddersydd for en rekke industrielle bruksomr\u00e5der. Dette produktet er laget med stor oppmerksomhet p\u00e5 detaljer, og er utviklet for \u00e5 oppfylle strenge kvalitetskontrollstandarder samtidig som det tilbyr en praktisk l\u00f8sning for komplekse riggbehov. G215 Shackle er konstruert for \u00e5 v\u00e6re robust, og har en eksepsjonell balanse mellom b\u00e6restyrke og driftseffektivitet, noe som gj\u00f8r at den kan takle de ulike utfordringene som oppst\u00e5r i forbindelse med tunge oppgaver. Konstruksjonen gjenspeiler de nyeste fremskrittene innen materialvitenskap, noe som sikrer at hver enhet fungerer p\u00e5litelig under vanskelige forhold.<\/p>\n<h2 class=\"\" data-start=\"1185\" data-end=\"1223\">Spesifikasjoner og designdetaljer<\/h2>\n<p class=\"\" data-start=\"1224\" data-end=\"1898\">Dette riggtilbeh\u00f8ret er hovedsakelig konstruert av f\u00f8rsteklasses legert st\u00e5l, noe som ikke bare garanterer et utmerket forhold mellom styrke og vekt, men ogs\u00e5 gir overlegen motstand mot slitasje og korrosjon. G215 Sjakkel er designet med presisjon for \u00e5 kunne tilpasses spesifikke lastkapasiteter som passer til ulike operasjonelle krav. Dimensjonene og toleransene er grundig testet og raffinert, noe som sikrer at sjakkelen fungerer optimalt selv n\u00e5r den utsettes for gjentatte og store p\u00e5kjenninger. Konstruksjonen bak dette produktet omfatter avanserte designelementer som minimerer potensiell deformasjon under belastning, noe som \u00f8ker den generelle sikkerheten og driftssikkerheten.<\/p>\n<h2 class=\"\" data-start=\"1900\" data-end=\"1940\">Materialsammensetning og holdbarhet<\/h2>\n<p class=\"\" data-start=\"1941\" data-end=\"2764\">Kjernen i G215 Sjakkelens ytelse er den overlegne materialsammensetningen. Det h\u00f8yverdige legerte st\u00e5let som brukes i produksjonen, er valgt p\u00e5 grunn av sine eksepsjonelle mekaniske egenskaper, inkludert h\u00f8y strekkfasthet og motstand mot milj\u00f8forringelse. Dette materialvalget bidrar til sjakkelens imponerende holdbarhet og lange levetid, selv under skiftende v\u00e6rforhold og i t\u00f8ffe industrimilj\u00f8er. Takket v\u00e6re moderne metallurgiske teknikker oppfyller materialet ikke bare internasjonale standarder, men overg\u00e5r dem, noe som har gitt sjakkelen en rekke sertifiseringer som vitner om kvalitet og p\u00e5litelighet. De strenge kvalitetskontrolltestene, som utf\u00f8res av akkrediterte organer, bekrefter ytterligere sjakkelens evne til \u00e5 opprettholde ytelsesintegriteten over lengre bruksperioder.<\/p>\n<h2 class=\"\" data-start=\"2766\" data-end=\"2799\">Bruksomr\u00e5de og industri<\/h2>\n<p class=\"\" data-start=\"2800\" data-end=\"3604\">Allsidigheten til G215 Shackle kommer tydelig frem i det brede spekteret av bruksomr\u00e5der p\u00e5 tvers av ulike bransjer. Fagfolk innen bygg- og anleggsbransjen, marine operasjoner og tungt maskineri har funnet ut at den innovative designen tar hensyn til kritiske sikkerhetshensyn og driftskrav p\u00e5 en effektiv m\u00e5te. Den n\u00f8yaktige konstruksjonen muliggj\u00f8r s\u00f8ml\u00f8s integrering med andre riggkomponenter, noe som effektiviserer prosessene og reduserer risikoen for feil under intensive oppgaver. I situasjoner der p\u00e5litelighet er avgj\u00f8rende, skiller G215 sjakkel seg ut som et produkt som garanterer b\u00e5de sikkerhet og effektivitet. Produktets robuste konstruksjon og samsvar med globale standarder gir brukerne visshet om at det kan h\u00e5ndtere ulike utfordringer, fra rutineoperasjoner til de mest krevende industriprosjektene.<\/p>\n<p><img fetchpriority=\"high\" decoding=\"async\" class=\"alignnone size-full wp-image-3828\" src=\"http:\/\/qingdaohf.com\/wp-content\/uploads\/2023\/05\/G213-G215.jpg\" alt=\"G213 G215 sjakkel\" width=\"1000\" height=\"1281\" srcset=\"https:\/\/qingdaohf.com\/wp-content\/uploads\/2023\/05\/G213-G215.jpg 1000w, https:\/\/qingdaohf.com\/wp-content\/uploads\/2023\/05\/G213-G215-234x300.jpg 234w, https:\/\/qingdaohf.com\/wp-content\/uploads\/2023\/05\/G213-G215-799x1024.jpg 799w, https:\/\/qingdaohf.com\/wp-content\/uploads\/2023\/05\/G213-G215-768x984.jpg 768w\" sizes=\"(max-width: 1000px) 100vw, 1000px\" \/><\/p>\n<h2 class=\"\" data-start=\"3606\" data-end=\"3644\">Fordeler ved \u00e5 samarbeide med H&amp;F<\/h2>\n<p class=\"\" data-start=\"3645\" data-end=\"4834\">N\u00e5r det gjelder innkj\u00f8p av p\u00e5litelig riggutstyr, gir et samarbeid med H&amp;F klare fordeler som gj\u00f8r at selskapet skiller seg ut. Innkj\u00f8perne setter pris p\u00e5 den omfattende st\u00f8tten som tilbys, fra gratis varepr\u00f8ver til personlig kundeservice som tar hensyn til individuelle behov. H&amp;Fs engasjement for kvalitet og service kommer tydelig til uttrykk i d\u00f8r-til-d\u00f8r-leveringen, som sikrer at produktene kommer frem til rett tid og p\u00e5 en sikker m\u00e5te. Selv om mange av produktene kommer fra eksterne utviklere, har H&amp;F en streng inspeksjonsprosess og et kvalitetskontrollregime som garanterer at hver enhet oppfyller de n\u00f8dvendige sertifiseringene. Selskapets proaktive tiln\u00e6rming til kundeservice og engasjement for \u00e5 legge til rette for skreddersydde l\u00f8sninger bidrar til \u00e5 bygge varige relasjoner basert p\u00e5 tillit og gjensidig suksess. Kundene inviteres til \u00e5 oppleve en blanding av ekspertveiledning og innovative produkter som forenkler kompleksiteten i industriell rigging. Dette engasjementet gjenspeiles i alle aspekter av tjenesten, noe som sikrer at kundene ikke bare f\u00e5r et h\u00f8ykvalitetsprodukt som G215 Shackle, men ogs\u00e5 et omfattende st\u00f8ttesystem som forbedrer den generelle driftseffektiviteten.<\/p>\n<p class=\"\" data-start=\"4836\" data-end=\"5432\">Den detaljerte analysen av G215 Sjakkel fremhever den overlegne konstruksjonen, den eksepsjonelle materialkvaliteten og overholdelsen av strenge kvalitetsstandarder. Den presise utformingen gj\u00f8r den til et foretrukket valg for fagfolk i bransjer som krever p\u00e5litelighet og ytelse. De strategiske fordelene som H&amp;F tilbyr, inkludert personlig kundeservice og effektive leveringssystemer, forsterker dessuten verdien av \u00e5 velge dette produktet. Med vekt p\u00e5 sikkerhet, holdbarhet og kundesentrert support representerer G215 sjakkel en p\u00e5litelig l\u00f8sning for det moderne industrilandskapet.<\/p>","protected":false},"excerpt":{"rendered":"<p>G215 Sjakkel er et presisjonskonstruert tilbeh\u00f8r til riggutstyr, omhyggelig utformet for krevende bruksomr\u00e5der. Sjakkelen er konstruert av h\u00f8ykvalitets legert st\u00e5l og grundig testet for kvalitet og sikkerhet, og den har eksepsjonell holdbarhet og p\u00e5litelighet i krevende industrimilj\u00f8er. Den allsidige utformingen og den strenge overholdelsen av internasjonale sertifiseringer gj\u00f8r den til et ideelt valg for fagfolk som \u00f8nsker p\u00e5litelig ytelse og tilpassede l\u00f8sninger.<\/p>","protected":false},"featured_media":6333,"comment_status":"open","ping_status":"closed","template":"","meta":{"site-sidebar-layout":"default","site-content-layout":"default","ast-site-content-layout":"default","site-content-style":"default","site-sidebar-style":"default","ast-global-header-display":"","ast-banner-title-visibility":"","ast-main-header-display":"","ast-hfb-above-header-display":"","ast-hfb-below-header-display":"","ast-hfb-mobile-header-display":"","site-post-title":"","ast-breadcrumbs-content":"","ast-featured-img":"","footer-sml-layout":"","theme-transparent-header-meta":"default","adv-header-id-meta":"","stick-header-meta":"default","header-above-stick-meta":"","header-main-stick-meta":"","header-below-stick-meta":"","astra-migrate-meta-layouts":"set","ast-page-background-enabled":"default","ast-page-background-meta":{"desktop":{"background-color":"","background-image":"","background-repeat":"repeat","background-position":"center center","background-size":"auto","background-attachment":"scroll","background-type":"","background-media":"","overlay-type":"","overlay-color":"","overlay-opacity":"","overlay-gradient":""},"tablet":{"background-color":"","background-image":"","background-repeat":"repeat","background-position":"center center","background-size":"auto","background-attachment":"scroll","background-type":"","background-media":"","overlay-type":"","overlay-color":"","overlay-opacity":"","overlay-gradient":""},"mobile":{"background-color":"","background-image":"","background-repeat":"repeat","background-position":"center center","background-size":"auto","background-attachment":"scroll","background-type":"","background-media":"","overlay-type":"","overlay-color":"","overlay-opacity":"","overlay-gradient":""}},"ast-content-background-meta":{"desktop":{"background-color":"var(--ast-global-color-5)","background-image":"","background-repeat":"repeat","background-position":"center center","background-size":"auto","background-attachment":"scroll","background-type":"","background-media":"","overlay-type":"","overlay-color":"","overlay-opacity":"","overlay-gradient":""},"tablet":{"background-color":"var(--ast-global-color-5)","background-image":"","background-repeat":"repeat","background-position":"center center","background-size":"auto","background-attachment":"scroll","background-type":"","background-media":"","overlay-type":"","overlay-color":"","overlay-opacity":"","overlay-gradient":""},"mobile":{"background-color":"var(--ast-global-color-5)","background-image":"","background-repeat":"repeat","background-position":"center center","background-size":"auto","background-attachment":"scroll","background-type":"","background-media":"","overlay-type":"","overlay-color":"","overlay-opacity":"","overlay-gradient":""}}},"product_brand":[],"product_cat":[43,54],"product_tag":[],"class_list":{"0":"post-3822","1":"product","2":"type-product","3":"status-publish","4":"has-post-thumbnail","6":"product_cat-rigging-hardware","7":"product_cat-shackle","8":"desktop-align-left","9":"tablet-align-left","10":"mobile-align-left","11":"ast-product-gallery-layout-horizontal-slider","12":"ast-product-gallery-with-no-image","13":"ast-product-tabs-layout-horizontal","15":"first","16":"instock","17":"shipping-taxable","18":"purchasable","19":"product-type-simple"},"yoast_head":"<!-- This site is optimized with the Yoast SEO plugin v25.2 - https:\/\/yoast.com\/wordpress\/plugins\/seo\/ -->\n<title>G215 Galvanized Shackle<\/title>\n<meta name=\"description\" content=\"The G213 Galvanized Shackle and G215 Galvanized Shackle are two types of shackles commonly used in rigging and lifting operations. These shackles provide a secure connection point between various components such as chains, slings, and wire ropes.\" \/>\n<meta name=\"robots\" content=\"index, follow, max-snippet:-1, max-image-preview:large, max-video-preview:-1\" \/>\n<link rel=\"canonical\" href=\"https:\/\/qingdaohf.com\/nb\/produkt\/g213-g215-galvanisert-sjakkel\/\" \/>\n<meta property=\"og:locale\" content=\"nb_NO\" \/>\n<meta property=\"og:type\" content=\"article\" \/>\n<meta property=\"og:title\" content=\"G215 Galvanized Shackle\" \/>\n<meta property=\"og:description\" content=\"The G213 Galvanized Shackle and G215 Galvanized Shackle are two types of shackles commonly used in rigging and lifting operations. These shackles provide a secure connection point between various components such as chains, slings, and wire ropes.\" \/>\n<meta property=\"og:url\" content=\"https:\/\/qingdaohf.com\/nb\/produkt\/g213-g215-galvanisert-sjakkel\/\" \/>\n<meta property=\"og:site_name\" content=\"Concrete Form &amp; Rigging Hardware Supplier\" \/>\n<meta property=\"article:publisher\" content=\"https:\/\/www.facebook.com\/qingdaohf\" \/>\n<meta property=\"article:modified_time\" content=\"2025-11-13T01:05:11+00:00\" \/>\n<meta property=\"og:image\" content=\"https:\/\/qingdaohf.com\/wp-content\/uploads\/2023\/05\/shackle-G215.jpg\" \/>\n\t<meta property=\"og:image:width\" content=\"1000\" \/>\n\t<meta property=\"og:image:height\" content=\"1000\" \/>\n\t<meta property=\"og:image:type\" content=\"image\/jpeg\" \/>\n<meta name=\"twitter:card\" content=\"summary_large_image\" \/>\n<meta name=\"twitter:label1\" content=\"Ansl. lesetid\" \/>\n\t<meta name=\"twitter:data1\" content=\"4 minutter\" \/>\n<script type=\"application\/ld+json\" class=\"yoast-schema-graph\">{\"@context\":\"https:\/\/schema.org\",\"@graph\":[{\"@type\":\"WebPage\",\"@id\":\"https:\/\/qingdaohf.com\/product\/g215-shackle\/\",\"url\":\"https:\/\/qingdaohf.com\/product\/g215-shackle\/\",\"name\":\"G215 Galvanized Shackle\",\"isPartOf\":{\"@id\":\"https:\/\/qingdaohf.com\/bg\/#website\"},\"primaryImageOfPage\":{\"@id\":\"https:\/\/qingdaohf.com\/product\/g215-shackle\/#primaryimage\"},\"image\":{\"@id\":\"https:\/\/qingdaohf.com\/product\/g215-shackle\/#primaryimage\"},\"thumbnailUrl\":\"https:\/\/qingdaohf.com\/wp-content\/uploads\/2023\/05\/shackle-G215.jpg\",\"datePublished\":\"2023-05-19T08:36:58+00:00\",\"dateModified\":\"2025-11-13T01:05:11+00:00\",\"description\":\"The G213 Galvanized Shackle and G215 Galvanized Shackle are two types of shackles commonly used in rigging and lifting operations. These shackles provide a secure connection point between various components such as chains, slings, and wire ropes.\",\"breadcrumb\":{\"@id\":\"https:\/\/qingdaohf.com\/product\/g215-shackle\/#breadcrumb\"},\"inLanguage\":\"nb-NO\",\"potentialAction\":[{\"@type\":\"ReadAction\",\"target\":[\"https:\/\/qingdaohf.com\/product\/g215-shackle\/\"]}]},{\"@type\":\"ImageObject\",\"inLanguage\":\"nb-NO\",\"@id\":\"https:\/\/qingdaohf.com\/product\/g215-shackle\/#primaryimage\",\"url\":\"https:\/\/qingdaohf.com\/wp-content\/uploads\/2023\/05\/shackle-G215.jpg\",\"contentUrl\":\"https:\/\/qingdaohf.com\/wp-content\/uploads\/2023\/05\/shackle-G215.jpg\",\"width\":1000,\"height\":1000,\"caption\":\"shackle G215\"},{\"@type\":\"BreadcrumbList\",\"@id\":\"https:\/\/qingdaohf.com\/product\/g215-shackle\/#breadcrumb\",\"itemListElement\":[{\"@type\":\"ListItem\",\"position\":1,\"name\":\"Home\",\"item\":\"https:\/\/qingdaohf.com\/\"},{\"@type\":\"ListItem\",\"position\":2,\"name\":\"Concrete Forming Accessories and Rigging Hardware\",\"item\":\"https:\/\/qingdaohf.com\/bg\/?page_id=944\"},{\"@type\":\"ListItem\",\"position\":3,\"name\":\"G215 Galvanized Shackle\"}]},{\"@type\":\"WebSite\",\"@id\":\"https:\/\/qingdaohf.com\/bg\/#website\",\"url\":\"https:\/\/qingdaohf.com\/bg\/\",\"name\":\"Concrete Form & Rigging Hardware Supplier\",\"description\":\"\",\"publisher\":{\"@id\":\"https:\/\/qingdaohf.com\/bg\/#organization\"},\"potentialAction\":[{\"@type\":\"SearchAction\",\"target\":{\"@type\":\"EntryPoint\",\"urlTemplate\":\"https:\/\/qingdaohf.com\/bg\/?s={search_term_string}\"},\"query-input\":{\"@type\":\"PropertyValueSpecification\",\"valueRequired\":true,\"valueName\":\"search_term_string\"}}],\"inLanguage\":\"nb-NO\"},{\"@type\":\"Organization\",\"@id\":\"https:\/\/qingdaohf.com\/bg\/#organization\",\"name\":\"Qingdao H&F\",\"url\":\"https:\/\/qingdaohf.com\/bg\/\",\"logo\":{\"@type\":\"ImageObject\",\"inLanguage\":\"nb-NO\",\"@id\":\"https:\/\/qingdaohf.com\/bg\/#\/schema\/logo\/image\/\",\"url\":\"https:\/\/qingdaohf.com\/wp-content\/uploads\/2022\/12\/cropped-HF-LOGO.png\",\"contentUrl\":\"https:\/\/qingdaohf.com\/wp-content\/uploads\/2022\/12\/cropped-HF-LOGO.png\",\"width\":391,\"height\":249,\"caption\":\"Qingdao H&F\"},\"image\":{\"@id\":\"https:\/\/qingdaohf.com\/bg\/#\/schema\/logo\/image\/\"},\"sameAs\":[\"https:\/\/www.facebook.com\/qingdaohf\"]}]}<\/script>\n<!-- \/ Yoast SEO plugin. -->","yoast_head_json":{"title":"G215 Galvanized Shackle","description":"The G213 Galvanized Shackle and G215 Galvanized Shackle are two types of shackles commonly used in rigging and lifting operations. These shackles provide a secure connection point between various components such as chains, slings, and wire ropes.","robots":{"index":"index","follow":"follow","max-snippet":"max-snippet:-1","max-image-preview":"max-image-preview:large","max-video-preview":"max-video-preview:-1"},"canonical":"https:\/\/qingdaohf.com\/nb\/produkt\/g213-g215-galvanisert-sjakkel\/","og_locale":"nb_NO","og_type":"article","og_title":"G215 Galvanized Shackle","og_description":"The G213 Galvanized Shackle and G215 Galvanized Shackle are two types of shackles commonly used in rigging and lifting operations. These shackles provide a secure connection point between various components such as chains, slings, and wire ropes.","og_url":"https:\/\/qingdaohf.com\/nb\/produkt\/g213-g215-galvanisert-sjakkel\/","og_site_name":"Concrete Form &amp; Rigging Hardware Supplier","article_publisher":"https:\/\/www.facebook.com\/qingdaohf","article_modified_time":"2025-11-13T01:05:11+00:00","og_image":[{"width":1000,"height":1000,"url":"https:\/\/qingdaohf.com\/wp-content\/uploads\/2023\/05\/shackle-G215.jpg","type":"image\/jpeg"}],"twitter_card":"summary_large_image","twitter_misc":{"Ansl. lesetid":"4 minutter"},"schema":{"@context":"https:\/\/schema.org","@graph":[{"@type":"WebPage","@id":"https:\/\/qingdaohf.com\/product\/g215-shackle\/","url":"https:\/\/qingdaohf.com\/product\/g215-shackle\/","name":"G215 Galvanized Shackle","isPartOf":{"@id":"https:\/\/qingdaohf.com\/bg\/#website"},"primaryImageOfPage":{"@id":"https:\/\/qingdaohf.com\/product\/g215-shackle\/#primaryimage"},"image":{"@id":"https:\/\/qingdaohf.com\/product\/g215-shackle\/#primaryimage"},"thumbnailUrl":"https:\/\/qingdaohf.com\/wp-content\/uploads\/2023\/05\/shackle-G215.jpg","datePublished":"2023-05-19T08:36:58+00:00","dateModified":"2025-11-13T01:05:11+00:00","description":"The G213 Galvanized Shackle and G215 Galvanized Shackle are two types of shackles commonly used in rigging and lifting operations. These shackles provide a secure connection point between various components such as chains, slings, and wire ropes.","breadcrumb":{"@id":"https:\/\/qingdaohf.com\/product\/g215-shackle\/#breadcrumb"},"inLanguage":"nb-NO","potentialAction":[{"@type":"ReadAction","target":["https:\/\/qingdaohf.com\/product\/g215-shackle\/"]}]},{"@type":"ImageObject","inLanguage":"nb-NO","@id":"https:\/\/qingdaohf.com\/product\/g215-shackle\/#primaryimage","url":"https:\/\/qingdaohf.com\/wp-content\/uploads\/2023\/05\/shackle-G215.jpg","contentUrl":"https:\/\/qingdaohf.com\/wp-content\/uploads\/2023\/05\/shackle-G215.jpg","width":1000,"height":1000,"caption":"shackle G215"},{"@type":"BreadcrumbList","@id":"https:\/\/qingdaohf.com\/product\/g215-shackle\/#breadcrumb","itemListElement":[{"@type":"ListItem","position":1,"name":"Home","item":"https:\/\/qingdaohf.com\/"},{"@type":"ListItem","position":2,"name":"Concrete Forming Accessories and Rigging Hardware","item":"https:\/\/qingdaohf.com\/bg\/?page_id=944"},{"@type":"ListItem","position":3,"name":"G215 Galvanized Shackle"}]},{"@type":"WebSite","@id":"https:\/\/qingdaohf.com\/bg\/#website","url":"https:\/\/qingdaohf.com\/bg\/","name":"Concrete Form & Rigging Hardware Supplier","description":"","publisher":{"@id":"https:\/\/qingdaohf.com\/bg\/#organization"},"potentialAction":[{"@type":"SearchAction","target":{"@type":"EntryPoint","urlTemplate":"https:\/\/qingdaohf.com\/bg\/?s={search_term_string}"},"query-input":{"@type":"PropertyValueSpecification","valueRequired":true,"valueName":"search_term_string"}}],"inLanguage":"nb-NO"},{"@type":"Organization","@id":"https:\/\/qingdaohf.com\/bg\/#organization","name":"Qingdao H&F","url":"https:\/\/qingdaohf.com\/bg\/","logo":{"@type":"ImageObject","inLanguage":"nb-NO","@id":"https:\/\/qingdaohf.com\/bg\/#\/schema\/logo\/image\/","url":"https:\/\/qingdaohf.com\/wp-content\/uploads\/2022\/12\/cropped-HF-LOGO.png","contentUrl":"https:\/\/qingdaohf.com\/wp-content\/uploads\/2022\/12\/cropped-HF-LOGO.png","width":391,"height":249,"caption":"Qingdao H&F"},"image":{"@id":"https:\/\/qingdaohf.com\/bg\/#\/schema\/logo\/image\/"},"sameAs":["https:\/\/www.facebook.com\/qingdaohf"]}]}},"_links":{"self":[{"href":"https:\/\/qingdaohf.com\/nb\/wp-json\/wp\/v2\/product\/3822","targetHints":{"allow":["GET"]}}],"collection":[{"href":"https:\/\/qingdaohf.com\/nb\/wp-json\/wp\/v2\/product"}],"about":[{"href":"https:\/\/qingdaohf.com\/nb\/wp-json\/wp\/v2\/types\/product"}],"replies":[{"embeddable":true,"href":"https:\/\/qingdaohf.com\/nb\/wp-json\/wp\/v2\/comments?post=3822"}],"version-history":[{"count":2,"href":"https:\/\/qingdaohf.com\/nb\/wp-json\/wp\/v2\/product\/3822\/revisions"}],"predecessor-version":[{"id":9455,"href":"https:\/\/qingdaohf.com\/nb\/wp-json\/wp\/v2\/product\/3822\/revisions\/9455"}],"wp:featuredmedia":[{"embeddable":true,"href":"https:\/\/qingdaohf.com\/nb\/wp-json\/wp\/v2\/media\/6333"}],"wp:attachment":[{"href":"https:\/\/qingdaohf.com\/nb\/wp-json\/wp\/v2\/media?parent=3822"}],"wp:term":[{"taxonomy":"product_brand","embeddable":true,"href":"https:\/\/qingdaohf.com\/nb\/wp-json\/wp\/v2\/product_brand?post=3822"},{"taxonomy":"product_cat","embeddable":true,"href":"https:\/\/qingdaohf.com\/nb\/wp-json\/wp\/v2\/product_cat?post=3822"},{"taxonomy":"product_tag","embeddable":true,"href":"https:\/\/qingdaohf.com\/nb\/wp-json\/wp\/v2\/product_tag?post=3822"}],"curies":[{"name":"wp","href":"https:\/\/api.w.org\/{rel}","templated":true}]}}