{"id":4018,"date":"2023-05-25T17:17:08","date_gmt":"2023-05-25T09:17:08","guid":{"rendered":"http:\/\/qingdaohf.com\/?post_type=product&#038;p=4018"},"modified":"2025-11-13T09:04:44","modified_gmt":"2025-11-13T01:04:44","slug":"duplex-wire-rope-clip","status":"publish","type":"product","link":"https:\/\/qingdaohf.com\/nb\/produkt\/duplex-staltauklemme\/","title":{"rendered":"Rustfritt st\u00e5l Duplex Wire Rope Clip"},"content":{"rendered":"<div class=\"ast-oembed-container\" style=\"height: 100%;\"><iframe title=\"Duplex Wire Rope Clip\" width=\"500\" height=\"375\" src=\"https:\/\/www.youtube.com\/embed\/zOdHzdudyVo?feature=oembed\" frameborder=\"0\" allow=\"accelerometer; autoplay; clipboard-write; encrypted-media; gyroscope; picture-in-picture; web-share\" referrerpolicy=\"strict-origin-when-cross-origin\" allowfullscreen><\/iframe><\/div>\n<p>Duplex Wire Rope Clip Excellence: V\u00e5re duplex wireklemmer er konstruert til perfeksjon ved hjelp av f\u00f8rsteklasses materialer, noe som sikrer overlegen styrke, holdbarhet og sikkerhet. Hver enkelt klemme gjennomg\u00e5r strenge tester for \u00e5 oppfylle og overg\u00e5 bransjestandarder, noe som sikrer p\u00e5litelig ytelse i de mest krevende milj\u00f8er.<\/p>\n<p>Allsidige bruksomr\u00e5der: V\u00e5re Duplex Wire Rope Clips er designet for \u00e5 utmerke seg i et bredt spekter av bruksomr\u00e5der, og er ideelle for bygg- og anleggsbransjen, maritim sektor, olje- og gassektoren og ulike industrisektorer. De gir en sikker og effektiv riggl\u00f8sning for ulike prosjekter.<\/p>\n<p>Personlig kundeservice: Vi prioriterer personlig kundeservice. V\u00e5rt h\u00f8yt kvalifiserte team samarbeider tett med hver enkelt kunde for \u00e5 forst\u00e5 deres spesifikke behov og anbefale de mest egnede Duplex Wire Rope Clips for deres bruksomr\u00e5der.<\/p>\n<p>Uovertruffen kundest\u00f8tte etter salg: V\u00e5r forpliktelse overfor deg slutter ikke med et salg. Vi er stolte av \u00e5 kunne tilby omfattende ettersalgssupport, og vi tar raskt tak i eventuelle sp\u00f8rsm\u00e5l eller bekymringer du m\u00e5tte ha. Din tilfredshet er v\u00e5r h\u00f8yeste prioritet.<\/p>\n<p>Konkurransedyktige priser, forsterkede besparelser: Samtidig som vi opprettholder kompromissl\u00f8s produktkvalitet, tror vi p\u00e5 \u00e5 gi v\u00e5re kunder st\u00f8rre fortjenestemarginer. V\u00e5re effektive produksjonsprosesser og sterke leverand\u00f8rrelasjoner gj\u00f8r det mulig for oss \u00e5 tilby konkurransedyktige priser uten \u00e5 g\u00e5 p\u00e5 kompromiss med kvaliteten.<\/p>\n<p>Flere ti\u00e5r med ekspertise: Med 20 \u00e5rs erfaring i riggbransjen besitter teamet v\u00e5rt omfattende kunnskap og ekspertise. Vi holder oss oppdatert p\u00e5 de nyeste fremskrittene og bransjetrendene for \u00e5 kunne levere banebrytende l\u00f8sninger til kundene v\u00e5re.<\/p>\n<p>P\u00e5litelig distribusjonsnettverk: Som en velrenommert distribut\u00f8r og grossist har vi et robust distribusjonsnettverk som sikrer rask og p\u00e5litelig levering av dine Duplex Wire Rope Clips, uansett hvor du befinner deg.<\/p>\n<h3>Hvorfor velge oss?<\/h3>\n<p>Dokumenterte resultater: I \u00e5renes l\u00f8p har vi opparbeidet oss et solid omd\u00f8mme basert p\u00e5 tillit og lojalitet fra utallige forn\u00f8yde kunder. V\u00e5r konsekvente satsing p\u00e5 kvalitet og p\u00e5litelighet er hj\u00f8rnesteinen i v\u00e5r suksess.<\/p>\n<p>Sikkerhet som prioritet: Sikkerhet er avgj\u00f8rende for oss. V\u00e5re tosidige wireklemmer gjennomg\u00e5r strenge tester og er i samsvar med bransjens sikkerhetsstandarder, noe som gir deg den tilliten og tryggheten du trenger for dine kritiske bruksomr\u00e5der.<\/p>\n<p>Skreddersydde l\u00f8sninger: Vi vet at hvert prosjekt er unikt. Teamet v\u00e5rt samarbeider med deg for \u00e5 finne skreddersydde l\u00f8sninger som passer best til dine spesifikke behov, slik at vi sikrer optimale resultater hver gang.<\/p>\n<p>Kundesentrert tiln\u00e6rming: Kundene v\u00e5re st\u00e5r i sentrum for alt vi gj\u00f8r. Vi er stolte av v\u00e5r eksepsjonelle kundeservice, \u00e5pne kommunikasjon og vilje til \u00e5 gj\u00f8re det lille ekstra for \u00e5 sikre at du blir forn\u00f8yd.<\/p>","protected":false},"excerpt":{"rendered":"<p>Som direkte produsent og grossist tilbyr vi konkurransedyktige priser uten \u00e5 g\u00e5 p\u00e5 kompromiss med produktkvaliteten. V\u00e5re Duplex Wire Rope Clips tilbyr eksepsjonell p\u00e5litelighet og sikre festel\u00f8sninger for ulike bruksomr\u00e5der, noe som gj\u00f8r dem til et ideelt valg for dine ulike behov.<\/p>","protected":false},"featured_media":4020,"comment_status":"open","ping_status":"closed","template":"","meta":{"site-sidebar-layout":"default","site-content-layout":"default","ast-site-content-layout":"default","site-content-style":"default","site-sidebar-style":"default","ast-global-header-display":"","ast-banner-title-visibility":"","ast-main-header-display":"","ast-hfb-above-header-display":"","ast-hfb-below-header-display":"","ast-hfb-mobile-header-display":"","site-post-title":"","ast-breadcrumbs-content":"","ast-featured-img":"","footer-sml-layout":"","theme-transparent-header-meta":"default","adv-header-id-meta":"","stick-header-meta":"default","header-above-stick-meta":"","header-main-stick-meta":"","header-below-stick-meta":"","astra-migrate-meta-layouts":"set","ast-page-background-enabled":"default","ast-page-background-meta":{"desktop":{"background-color":"","background-image":"","background-repeat":"repeat","background-position":"center center","background-size":"auto","background-attachment":"scroll","background-type":"","background-media":"","overlay-type":"","overlay-color":"","overlay-opacity":"","overlay-gradient":""},"tablet":{"background-color":"","background-image":"","background-repeat":"repeat","background-position":"center center","background-size":"auto","background-attachment":"scroll","background-type":"","background-media":"","overlay-type":"","overlay-color":"","overlay-opacity":"","overlay-gradient":""},"mobile":{"background-color":"","background-image":"","background-repeat":"repeat","background-position":"center center","background-size":"auto","background-attachment":"scroll","background-type":"","background-media":"","overlay-type":"","overlay-color":"","overlay-opacity":"","overlay-gradient":""}},"ast-content-background-meta":{"desktop":{"background-color":"var(--ast-global-color-5)","background-image":"","background-repeat":"repeat","background-position":"center center","background-size":"auto","background-attachment":"scroll","background-type":"","background-media":"","overlay-type":"","overlay-color":"","overlay-opacity":"","overlay-gradient":""},"tablet":{"background-color":"var(--ast-global-color-5)","background-image":"","background-repeat":"repeat","background-position":"center center","background-size":"auto","background-attachment":"scroll","background-type":"","background-media":"","overlay-type":"","overlay-color":"","overlay-opacity":"","overlay-gradient":""},"mobile":{"background-color":"var(--ast-global-color-5)","background-image":"","background-repeat":"repeat","background-position":"center center","background-size":"auto","background-attachment":"scroll","background-type":"","background-media":"","overlay-type":"","overlay-color":"","overlay-opacity":"","overlay-gradient":""}}},"product_brand":[],"product_cat":[51,37,43],"product_tag":[],"class_list":{"0":"post-4018","1":"product","2":"type-product","3":"status-publish","4":"has-post-thumbnail","6":"product_cat-riggging-hardware","7":"product_cat-wire-rope","8":"product_cat-rigging-hardware","9":"desktop-align-left","10":"tablet-align-left","11":"mobile-align-left","12":"ast-product-gallery-layout-horizontal-slider","13":"ast-product-tabs-layout-horizontal","15":"first","16":"instock","17":"shipping-taxable","18":"purchasable","19":"product-type-simple"},"yoast_head":"<!-- This site is optimized with the Yoast SEO plugin v25.2 - https:\/\/yoast.com\/wordpress\/plugins\/seo\/ -->\n<title>Stainless Steel Duplex Wire Rope Clip<\/title>\n<meta name=\"description\" content=\"As a direct manufacturer and wholesaler, we offer competitive pricing without compromising on product quality.\" \/>\n<meta name=\"robots\" content=\"index, follow, max-snippet:-1, max-image-preview:large, max-video-preview:-1\" \/>\n<link rel=\"canonical\" href=\"https:\/\/qingdaohf.com\/nb\/produkt\/duplex-staltauklemme\/\" \/>\n<meta property=\"og:locale\" content=\"nb_NO\" \/>\n<meta property=\"og:type\" content=\"article\" \/>\n<meta property=\"og:title\" content=\"Stainless Steel Duplex Wire Rope Clip\" \/>\n<meta property=\"og:description\" content=\"As a direct manufacturer and wholesaler, we offer competitive pricing without compromising on product quality.\" \/>\n<meta property=\"og:url\" content=\"https:\/\/qingdaohf.com\/nb\/produkt\/duplex-staltauklemme\/\" \/>\n<meta property=\"og:site_name\" content=\"Concrete Form &amp; Rigging Hardware Supplier\" \/>\n<meta property=\"article:publisher\" content=\"https:\/\/www.facebook.com\/qingdaohf\" \/>\n<meta property=\"article:modified_time\" content=\"2025-11-13T01:04:44+00:00\" \/>\n<meta property=\"og:image\" content=\"https:\/\/qingdaohf.com\/wp-content\/uploads\/2023\/05\/duplex-wire-rope-clip-11.jpg\" \/>\n\t<meta property=\"og:image:width\" content=\"1000\" \/>\n\t<meta property=\"og:image:height\" content=\"1000\" \/>\n\t<meta property=\"og:image:type\" content=\"image\/jpeg\" \/>\n<meta name=\"twitter:card\" content=\"summary_large_image\" \/>\n<meta name=\"twitter:label1\" content=\"Ansl. lesetid\" \/>\n\t<meta name=\"twitter:data1\" content=\"2 minutter\" \/>\n<script type=\"application\/ld+json\" class=\"yoast-schema-graph\">{\"@context\":\"https:\/\/schema.org\",\"@graph\":[{\"@type\":\"WebPage\",\"@id\":\"https:\/\/qingdaohf.com\/product\/duplex-wire-rope-clip\/\",\"url\":\"https:\/\/qingdaohf.com\/product\/duplex-wire-rope-clip\/\",\"name\":\"Stainless Steel Duplex Wire Rope Clip\",\"isPartOf\":{\"@id\":\"https:\/\/qingdaohf.com\/bg\/#website\"},\"primaryImageOfPage\":{\"@id\":\"https:\/\/qingdaohf.com\/product\/duplex-wire-rope-clip\/#primaryimage\"},\"image\":{\"@id\":\"https:\/\/qingdaohf.com\/product\/duplex-wire-rope-clip\/#primaryimage\"},\"thumbnailUrl\":\"https:\/\/qingdaohf.com\/wp-content\/uploads\/2023\/05\/duplex-wire-rope-clip-11.jpg\",\"datePublished\":\"2023-05-25T09:17:08+00:00\",\"dateModified\":\"2025-11-13T01:04:44+00:00\",\"description\":\"As a direct manufacturer and wholesaler, we offer competitive pricing without compromising on product quality.\",\"breadcrumb\":{\"@id\":\"https:\/\/qingdaohf.com\/product\/duplex-wire-rope-clip\/#breadcrumb\"},\"inLanguage\":\"nb-NO\",\"potentialAction\":[{\"@type\":\"ReadAction\",\"target\":[\"https:\/\/qingdaohf.com\/product\/duplex-wire-rope-clip\/\"]}]},{\"@type\":\"ImageObject\",\"inLanguage\":\"nb-NO\",\"@id\":\"https:\/\/qingdaohf.com\/product\/duplex-wire-rope-clip\/#primaryimage\",\"url\":\"https:\/\/qingdaohf.com\/wp-content\/uploads\/2023\/05\/duplex-wire-rope-clip-11.jpg\",\"contentUrl\":\"https:\/\/qingdaohf.com\/wp-content\/uploads\/2023\/05\/duplex-wire-rope-clip-11.jpg\",\"width\":1000,\"height\":1000,\"caption\":\"duplex wire rope clip\"},{\"@type\":\"BreadcrumbList\",\"@id\":\"https:\/\/qingdaohf.com\/product\/duplex-wire-rope-clip\/#breadcrumb\",\"itemListElement\":[{\"@type\":\"ListItem\",\"position\":1,\"name\":\"Home\",\"item\":\"https:\/\/qingdaohf.com\/\"},{\"@type\":\"ListItem\",\"position\":2,\"name\":\"Concrete Forming Accessories and Rigging Hardware\",\"item\":\"https:\/\/qingdaohf.com\/bg\/?page_id=944\"},{\"@type\":\"ListItem\",\"position\":3,\"name\":\"Stainless Steel Duplex Wire Rope Clip\"}]},{\"@type\":\"WebSite\",\"@id\":\"https:\/\/qingdaohf.com\/bg\/#website\",\"url\":\"https:\/\/qingdaohf.com\/bg\/\",\"name\":\"Concrete Form & Rigging Hardware Supplier\",\"description\":\"\",\"publisher\":{\"@id\":\"https:\/\/qingdaohf.com\/bg\/#organization\"},\"potentialAction\":[{\"@type\":\"SearchAction\",\"target\":{\"@type\":\"EntryPoint\",\"urlTemplate\":\"https:\/\/qingdaohf.com\/bg\/?s={search_term_string}\"},\"query-input\":{\"@type\":\"PropertyValueSpecification\",\"valueRequired\":true,\"valueName\":\"search_term_string\"}}],\"inLanguage\":\"nb-NO\"},{\"@type\":\"Organization\",\"@id\":\"https:\/\/qingdaohf.com\/bg\/#organization\",\"name\":\"Qingdao H&F\",\"url\":\"https:\/\/qingdaohf.com\/bg\/\",\"logo\":{\"@type\":\"ImageObject\",\"inLanguage\":\"nb-NO\",\"@id\":\"https:\/\/qingdaohf.com\/bg\/#\/schema\/logo\/image\/\",\"url\":\"https:\/\/qingdaohf.com\/wp-content\/uploads\/2022\/12\/cropped-HF-LOGO.png\",\"contentUrl\":\"https:\/\/qingdaohf.com\/wp-content\/uploads\/2022\/12\/cropped-HF-LOGO.png\",\"width\":391,\"height\":249,\"caption\":\"Qingdao H&F\"},\"image\":{\"@id\":\"https:\/\/qingdaohf.com\/bg\/#\/schema\/logo\/image\/\"},\"sameAs\":[\"https:\/\/www.facebook.com\/qingdaohf\"]}]}<\/script>\n<!-- \/ Yoast SEO plugin. -->","yoast_head_json":{"title":"Stainless Steel Duplex Wire Rope Clip","description":"As a direct manufacturer and wholesaler, we offer competitive pricing without compromising on product quality.","robots":{"index":"index","follow":"follow","max-snippet":"max-snippet:-1","max-image-preview":"max-image-preview:large","max-video-preview":"max-video-preview:-1"},"canonical":"https:\/\/qingdaohf.com\/nb\/produkt\/duplex-staltauklemme\/","og_locale":"nb_NO","og_type":"article","og_title":"Stainless Steel Duplex Wire Rope Clip","og_description":"As a direct manufacturer and wholesaler, we offer competitive pricing without compromising on product quality.","og_url":"https:\/\/qingdaohf.com\/nb\/produkt\/duplex-staltauklemme\/","og_site_name":"Concrete Form &amp; Rigging Hardware Supplier","article_publisher":"https:\/\/www.facebook.com\/qingdaohf","article_modified_time":"2025-11-13T01:04:44+00:00","og_image":[{"width":1000,"height":1000,"url":"https:\/\/qingdaohf.com\/wp-content\/uploads\/2023\/05\/duplex-wire-rope-clip-11.jpg","type":"image\/jpeg"}],"twitter_card":"summary_large_image","twitter_misc":{"Ansl. lesetid":"2 minutter"},"schema":{"@context":"https:\/\/schema.org","@graph":[{"@type":"WebPage","@id":"https:\/\/qingdaohf.com\/product\/duplex-wire-rope-clip\/","url":"https:\/\/qingdaohf.com\/product\/duplex-wire-rope-clip\/","name":"Stainless Steel Duplex Wire Rope Clip","isPartOf":{"@id":"https:\/\/qingdaohf.com\/bg\/#website"},"primaryImageOfPage":{"@id":"https:\/\/qingdaohf.com\/product\/duplex-wire-rope-clip\/#primaryimage"},"image":{"@id":"https:\/\/qingdaohf.com\/product\/duplex-wire-rope-clip\/#primaryimage"},"thumbnailUrl":"https:\/\/qingdaohf.com\/wp-content\/uploads\/2023\/05\/duplex-wire-rope-clip-11.jpg","datePublished":"2023-05-25T09:17:08+00:00","dateModified":"2025-11-13T01:04:44+00:00","description":"As a direct manufacturer and wholesaler, we offer competitive pricing without compromising on product quality.","breadcrumb":{"@id":"https:\/\/qingdaohf.com\/product\/duplex-wire-rope-clip\/#breadcrumb"},"inLanguage":"nb-NO","potentialAction":[{"@type":"ReadAction","target":["https:\/\/qingdaohf.com\/product\/duplex-wire-rope-clip\/"]}]},{"@type":"ImageObject","inLanguage":"nb-NO","@id":"https:\/\/qingdaohf.com\/product\/duplex-wire-rope-clip\/#primaryimage","url":"https:\/\/qingdaohf.com\/wp-content\/uploads\/2023\/05\/duplex-wire-rope-clip-11.jpg","contentUrl":"https:\/\/qingdaohf.com\/wp-content\/uploads\/2023\/05\/duplex-wire-rope-clip-11.jpg","width":1000,"height":1000,"caption":"duplex wire rope clip"},{"@type":"BreadcrumbList","@id":"https:\/\/qingdaohf.com\/product\/duplex-wire-rope-clip\/#breadcrumb","itemListElement":[{"@type":"ListItem","position":1,"name":"Home","item":"https:\/\/qingdaohf.com\/"},{"@type":"ListItem","position":2,"name":"Concrete Forming Accessories and Rigging Hardware","item":"https:\/\/qingdaohf.com\/bg\/?page_id=944"},{"@type":"ListItem","position":3,"name":"Stainless Steel Duplex Wire Rope Clip"}]},{"@type":"WebSite","@id":"https:\/\/qingdaohf.com\/bg\/#website","url":"https:\/\/qingdaohf.com\/bg\/","name":"Concrete Form & Rigging Hardware Supplier","description":"","publisher":{"@id":"https:\/\/qingdaohf.com\/bg\/#organization"},"potentialAction":[{"@type":"SearchAction","target":{"@type":"EntryPoint","urlTemplate":"https:\/\/qingdaohf.com\/bg\/?s={search_term_string}"},"query-input":{"@type":"PropertyValueSpecification","valueRequired":true,"valueName":"search_term_string"}}],"inLanguage":"nb-NO"},{"@type":"Organization","@id":"https:\/\/qingdaohf.com\/bg\/#organization","name":"Qingdao H&F","url":"https:\/\/qingdaohf.com\/bg\/","logo":{"@type":"ImageObject","inLanguage":"nb-NO","@id":"https:\/\/qingdaohf.com\/bg\/#\/schema\/logo\/image\/","url":"https:\/\/qingdaohf.com\/wp-content\/uploads\/2022\/12\/cropped-HF-LOGO.png","contentUrl":"https:\/\/qingdaohf.com\/wp-content\/uploads\/2022\/12\/cropped-HF-LOGO.png","width":391,"height":249,"caption":"Qingdao H&F"},"image":{"@id":"https:\/\/qingdaohf.com\/bg\/#\/schema\/logo\/image\/"},"sameAs":["https:\/\/www.facebook.com\/qingdaohf"]}]}},"_links":{"self":[{"href":"https:\/\/qingdaohf.com\/nb\/wp-json\/wp\/v2\/product\/4018","targetHints":{"allow":["GET"]}}],"collection":[{"href":"https:\/\/qingdaohf.com\/nb\/wp-json\/wp\/v2\/product"}],"about":[{"href":"https:\/\/qingdaohf.com\/nb\/wp-json\/wp\/v2\/types\/product"}],"replies":[{"embeddable":true,"href":"https:\/\/qingdaohf.com\/nb\/wp-json\/wp\/v2\/comments?post=4018"}],"version-history":[{"count":2,"href":"https:\/\/qingdaohf.com\/nb\/wp-json\/wp\/v2\/product\/4018\/revisions"}],"predecessor-version":[{"id":6105,"href":"https:\/\/qingdaohf.com\/nb\/wp-json\/wp\/v2\/product\/4018\/revisions\/6105"}],"wp:featuredmedia":[{"embeddable":true,"href":"https:\/\/qingdaohf.com\/nb\/wp-json\/wp\/v2\/media\/4020"}],"wp:attachment":[{"href":"https:\/\/qingdaohf.com\/nb\/wp-json\/wp\/v2\/media?parent=4018"}],"wp:term":[{"taxonomy":"product_brand","embeddable":true,"href":"https:\/\/qingdaohf.com\/nb\/wp-json\/wp\/v2\/product_brand?post=4018"},{"taxonomy":"product_cat","embeddable":true,"href":"https:\/\/qingdaohf.com\/nb\/wp-json\/wp\/v2\/product_cat?post=4018"},{"taxonomy":"product_tag","embeddable":true,"href":"https:\/\/qingdaohf.com\/nb\/wp-json\/wp\/v2\/product_tag?post=4018"}],"curies":[{"name":"wp","href":"https:\/\/api.w.org\/{rel}","templated":true}]}}