{"id":5473,"date":"2023-10-23T14:14:46","date_gmt":"2023-10-23T06:14:46","guid":{"rendered":"http:\/\/qingdaohf.com\/?post_type=product&#038;p=5473"},"modified":"2025-11-13T09:04:02","modified_gmt":"2025-11-13T01:04:02","slug":"webbing-sling-oem","status":"publish","type":"product","link":"https:\/\/qingdaohf.com\/nb\/produkt\/bandstropp-oem\/","title":{"rendered":"B\u00e5ndstropp OEM"},"content":{"rendered":"<p><img fetchpriority=\"high\" decoding=\"async\" class=\"alignnone wp-image-5962 size-full\" src=\"http:\/\/qingdaohf.com\/wp-content\/uploads\/2023\/10\/HF-SLINGS-1-scaled.jpg\" alt=\"HF SLINGS \" width=\"1686\" height=\"1920\" srcset=\"https:\/\/qingdaohf.com\/wp-content\/uploads\/2023\/10\/HF-SLINGS-1-scaled.jpg 1686w, https:\/\/qingdaohf.com\/wp-content\/uploads\/2023\/10\/HF-SLINGS-1-264x300.jpg 264w, https:\/\/qingdaohf.com\/wp-content\/uploads\/2023\/10\/HF-SLINGS-1-899x1024.jpg 899w, https:\/\/qingdaohf.com\/wp-content\/uploads\/2023\/10\/HF-SLINGS-1-768x874.jpg 768w, https:\/\/qingdaohf.com\/wp-content\/uploads\/2023\/10\/HF-SLINGS-1-1349x1536.jpg 1349w, https:\/\/qingdaohf.com\/wp-content\/uploads\/2023\/10\/HF-SLINGS-1-1799x2048.jpg 1799w, https:\/\/qingdaohf.com\/wp-content\/uploads\/2023\/10\/HF-SLINGS-1-1000x1139.jpg 1000w\" sizes=\"(max-width: 1686px) 100vw, 1686px\" \/><\/p>\n<h3><strong>Kvalitetssikring:<\/strong><\/h3>\n<p>h\u00f8yeste kvalitet p\u00e5 stroppestropper er avgj\u00f8rende for sikkerhet og p\u00e5litelighet i ulike bruksomr\u00e5der.<\/p>\n<p>L\u00f8sning: Implementer strenge kvalitetskontrollprosesser, inkludert materialinspeksjoner, produksjonskontroller og tredjepartssertifiseringer.<\/p>\n<h3><strong>Tilpasningsalternativer:<\/strong><\/h3>\n<p>Problemstilling: Skreddersydde l\u00f8sninger er avgj\u00f8rende for \u00e5 oppfylle spesifikke prosjektkrav og bransjestandarder.<\/p>\n<p>L\u00f8sning: Tilby et bredt spekter av tilpasningsmuligheter, inkludert st\u00f8rrelse, lengde, lastekapasitet og fargekoding, for \u00e5 im\u00f8tekomme ulike kundebehov.<\/p>\n<h3><strong>Kostnadsmessig konkurranseevne:<\/strong><\/h3>\n<p>Problemstilling: \u00c5 finne den rette balansen mellom kvalitet og kostnad er avgj\u00f8rende for \u00e5 opprettholde konkurransekraften i markedet.<\/p>\n<p>L\u00f8sning: Optimaliser produksjonsprosessene, forhandle med leverand\u00f8rene og utnytt stordriftsfordelene for \u00e5 tilby kostnadseffektive OEM-l\u00f8sninger for stroppestropper.<\/p>\n<h3><strong>Levering i rett tid:<\/strong><\/h3>\n<p>Problemstilling: Det er avgj\u00f8rende \u00e5 overholde prosjektets tidsfrister. Forsinkelser i leveringen kan forstyrre driften og p\u00e5virke kundetilfredsheten.<\/p>\n<p>L\u00f8sning: Effektiviser produksjonsplanene, oppretthold et stort lager og etabler en effektiv logistikk for \u00e5 sikre levering i tide.<\/p>\n<h3><strong>Innovasjon og teknologi:<\/strong><\/h3>\n<p>Problemstilling: For \u00e5 kunne tilby banebrytende l\u00f8sninger er det avgj\u00f8rende \u00e5 ligge i forkant av teknologiske fremskritt og bransjeinnovasjoner.<\/p>\n<p>L\u00f8sningen: Invester i forskning og utvikling, samarbeid med bransjeeksperter og oppgrader produksjonsprosessene kontinuerlig for \u00e5 ta i bruk den nyeste teknologien.<\/p>\n<h3><strong>Milj\u00f8messig b\u00e6rekraft:<\/strong><\/h3>\n<p>Problemstilling: \u00d8kt vekt p\u00e5 b\u00e6rekraftig praksis krever en forpliktelse til milj\u00f8vennlige produksjonsprosesser og materialer.<\/p>\n<p>L\u00f8sning: Ta i bruk milj\u00f8ansvarlige innkj\u00f8ps-, produksjons- og avhendingspraksiser, og skaff relevante sertifiseringer for \u00e5 vise at du er opptatt av b\u00e6rekraft.<\/p>\n<p>&nbsp;<\/p>\n<h2><strong>Hvordan v\u00e5rt selskap oppfyller OEM-behov for stropper:<\/strong><\/h2>\n<p>V\u00e5rt firma st\u00f8tter OEM- og ODM-tjenester. M\u00f8t ethvert behov du trenger.<\/p>\n<h3><strong>Streng kvalitetskontroll:<\/strong><\/h3>\n<p>Selskapet v\u00e5rt f\u00f8lger strenge kvalitetskontrollprosesser, gjennomf\u00f8rer grundige materialinspeksjoner, kontroller underveis i prosessen og innhenter sertifiseringer fra anerkjente tredjepartsorganisasjoner.<\/p>\n<h3><strong>Allsidig tilpasning:<\/strong><\/h3>\n<p>Vi tilbyr et bredt spekter av tilpasningsmuligheter, slik at kundene kan spesifisere dimensjoner, lastekapasitet og andre parametere som sikrer at stroppene v\u00e5re passer perfekt til deres unike behov.<\/p>\n<h3><strong>Kostnadseffektive l\u00f8sninger:<\/strong><\/h3>\n<p>Gjennom strategiske leverand\u00f8rforhandlinger, prosessoptimalisering og utnyttelse av stordriftsfordeler kan vi konsekvent tilby OEM-l\u00f8sninger for b\u00e5ndstropper til konkurransedyktige priser, uten at det g\u00e5r p\u00e5 bekostning av kvaliteten.<\/p>\n<h3><strong>Rettidig og p\u00e5litelig levering:<\/strong><\/h3>\n<p>V\u00e5re str\u00f8mlinjeformede produksjonsplaner, omfattende lagerstyring og effektive logistikk sikrer at kundene v\u00e5re mottar sine bestillinger av stroppestropper i tide, noe som bidrar til at prosjektene deres blir en suksess.<\/p>\n<h3><strong>Engasjement for innovasjon:<\/strong><\/h3>\n<p>Selskapet v\u00e5rt prioriterer innovasjon ved \u00e5 investere i forskning og utvikling, samarbeide med bransjeeksperter og jevnlig oppdatere produksjonsprosessene v\u00e5re for \u00e5 ta i bruk de nyeste teknologiske fremskrittene.<\/p>\n<h3><strong>Milj\u00f8ansvar:<\/strong><\/h3>\n<p>Vi har forpliktet oss til milj\u00f8messig b\u00e6rekraft ved \u00e5 ta i bruk milj\u00f8vennlige innkj\u00f8psmetoder, implementere gr\u00f8nne produksjonsprosesser og oppn\u00e5 relevante sertifiseringer for \u00e5 vise at vi er dedikert til en gr\u00f8nnere fremtid.<\/p>\n<h3><strong>Levering i rett tid:<\/strong><\/h3>\n<p>Nettstedet vil legge vekt p\u00e5 v\u00e5r forpliktelse til \u00e5 levere i tide gjennom effektiv produksjonsplanlegging, lagerstyring og et p\u00e5litelig logistikknettverk, og vise tidligere eksempler p\u00e5 at vi har lykkes med \u00e5 overholde stramme tidsfrister for prosjekter.<\/p>\n<h3><strong>Innovasjon og teknologi:<\/strong><\/h3>\n<p>Nettstedet vil vise v\u00e5r satsing p\u00e5 innovasjon, med informasjon om v\u00e5re investeringer i forskning og utvikling, samarbeid med bransjeeksperter og regelmessige oppdateringer av produksjonsprosessene v\u00e5re for \u00e5 ta i bruk de nyeste teknologiene.<\/p>\n<h3><strong>Milj\u00f8messig b\u00e6rekraft:<\/strong><\/h3>\n<p>V\u00e5r forpliktelse til milj\u00f8ansvar vil bli fremhevet p\u00e5 nettstedet, der vi beskriver v\u00e5r milj\u00f8vennlige innkj\u00f8pspraksis, gr\u00f8nne produksjonsprosesser og sertifiseringer vi har f\u00e5tt for \u00e5 vise v\u00e5rt engasjement for b\u00e6rekraft.<\/p>\n<p>Ved \u00e5 ta opp disse kritiske sp\u00f8rsm\u00e5lene og presentere l\u00f8sningene v\u00e5re p\u00e5 en transparent m\u00e5te p\u00e5 nettstedet, vil selskapet v\u00e5rt effektivt demonstrere sin evne til \u00e5 m\u00f8te behovene til OEM-kj\u00f8pere av stroppeseil.<\/p>","protected":false},"excerpt":{"rendered":"<p>OEM-tjenestene v\u00e5re gj\u00f8r det mulig for deg \u00e5 definere den n\u00f8yaktige lastekapasiteten, lengden, bredden, materialet, fargekodingen og andre viktige parametere. Vi samarbeider tett med deg for \u00e5 sikre at stroppene vi leverer, passer perfekt til bruksomr\u00e5det ditt. Enten du trenger en kraftig industrislynge eller en spesialisert l\u00f8sning, kan vi tilpasse produktene v\u00e5re deretter.<\/p>","protected":false},"featured_media":5232,"comment_status":"open","ping_status":"closed","template":"","meta":{"site-sidebar-layout":"default","site-content-layout":"","ast-site-content-layout":"default","site-content-style":"default","site-sidebar-style":"default","ast-global-header-display":"","ast-banner-title-visibility":"","ast-main-header-display":"","ast-hfb-above-header-display":"","ast-hfb-below-header-display":"","ast-hfb-mobile-header-display":"","site-post-title":"","ast-breadcrumbs-content":"","ast-featured-img":"","footer-sml-layout":"","theme-transparent-header-meta":"default","adv-header-id-meta":"","stick-header-meta":"default","header-above-stick-meta":"","header-main-stick-meta":"","header-below-stick-meta":"","astra-migrate-meta-layouts":"set","ast-page-background-enabled":"default","ast-page-background-meta":{"desktop":{"background-color":"","background-image":"","background-repeat":"repeat","background-position":"center center","background-size":"auto","background-attachment":"scroll","background-type":"","background-media":"","overlay-type":"","overlay-color":"","overlay-opacity":"","overlay-gradient":""},"tablet":{"background-color":"","background-image":"","background-repeat":"repeat","background-position":"center center","background-size":"auto","background-attachment":"scroll","background-type":"","background-media":"","overlay-type":"","overlay-color":"","overlay-opacity":"","overlay-gradient":""},"mobile":{"background-color":"","background-image":"","background-repeat":"repeat","background-position":"center center","background-size":"auto","background-attachment":"scroll","background-type":"","background-media":"","overlay-type":"","overlay-color":"","overlay-opacity":"","overlay-gradient":""}},"ast-content-background-meta":{"desktop":{"background-color":"var(--ast-global-color-5)","background-image":"","background-repeat":"repeat","background-position":"center center","background-size":"auto","background-attachment":"scroll","background-type":"","background-media":"","overlay-type":"","overlay-color":"","overlay-opacity":"","overlay-gradient":""},"tablet":{"background-color":"var(--ast-global-color-5)","background-image":"","background-repeat":"repeat","background-position":"center center","background-size":"auto","background-attachment":"scroll","background-type":"","background-media":"","overlay-type":"","overlay-color":"","overlay-opacity":"","overlay-gradient":""},"mobile":{"background-color":"var(--ast-global-color-5)","background-image":"","background-repeat":"repeat","background-position":"center center","background-size":"auto","background-attachment":"scroll","background-type":"","background-media":"","overlay-type":"","overlay-color":"","overlay-opacity":"","overlay-gradient":""}}},"product_brand":[],"product_cat":[51,39],"product_tag":[],"class_list":{"0":"post-5473","1":"product","2":"type-product","3":"status-publish","4":"has-post-thumbnail","6":"product_cat-riggging-hardware","7":"product_cat-webbing-sling","8":"desktop-align-left","9":"tablet-align-left","10":"mobile-align-left","11":"ast-product-gallery-layout-horizontal-slider","12":"ast-product-tabs-layout-horizontal","14":"first","15":"instock","16":"shipping-taxable","17":"purchasable","18":"product-type-simple"},"yoast_head":"<!-- This site is optimized with the Yoast SEO plugin v25.2 - https:\/\/yoast.com\/wordpress\/plugins\/seo\/ -->\n<title>Webbing Sling OEM<\/title>\n<meta name=\"description\" content=\"Our OEM services allow you to define the precise load capacity, length, width, material, color coding, and any other essential parameters.\" \/>\n<meta name=\"robots\" content=\"index, follow, max-snippet:-1, max-image-preview:large, max-video-preview:-1\" \/>\n<link rel=\"canonical\" href=\"https:\/\/qingdaohf.com\/nb\/produkt\/bandstropp-oem\/\" \/>\n<meta property=\"og:locale\" content=\"nb_NO\" \/>\n<meta property=\"og:type\" content=\"article\" \/>\n<meta property=\"og:title\" content=\"Webbing Sling OEM\" \/>\n<meta property=\"og:description\" content=\"Our OEM services allow you to define the precise load capacity, length, width, material, color coding, and any other essential parameters.\" \/>\n<meta property=\"og:url\" content=\"https:\/\/qingdaohf.com\/nb\/produkt\/bandstropp-oem\/\" \/>\n<meta property=\"og:site_name\" content=\"Concrete Form &amp; Rigging Hardware Supplier\" \/>\n<meta property=\"article:publisher\" content=\"https:\/\/www.facebook.com\/qingdaohf\" \/>\n<meta property=\"article:modified_time\" content=\"2025-11-13T01:04:02+00:00\" \/>\n<meta property=\"og:image\" content=\"https:\/\/qingdaohf.com\/wp-content\/uploads\/2023\/10\/sling.jpg\" \/>\n\t<meta property=\"og:image:width\" content=\"1019\" \/>\n\t<meta property=\"og:image:height\" content=\"563\" \/>\n\t<meta property=\"og:image:type\" content=\"image\/jpeg\" \/>\n<meta name=\"twitter:card\" content=\"summary_large_image\" \/>\n<meta name=\"twitter:label1\" content=\"Ansl. lesetid\" \/>\n\t<meta name=\"twitter:data1\" content=\"3 minutter\" \/>\n<script type=\"application\/ld+json\" class=\"yoast-schema-graph\">{\"@context\":\"https:\/\/schema.org\",\"@graph\":[{\"@type\":\"WebPage\",\"@id\":\"https:\/\/qingdaohf.com\/product\/webbing-sling-oem\/\",\"url\":\"https:\/\/qingdaohf.com\/product\/webbing-sling-oem\/\",\"name\":\"Webbing Sling OEM\",\"isPartOf\":{\"@id\":\"https:\/\/qingdaohf.com\/bg\/#website\"},\"primaryImageOfPage\":{\"@id\":\"https:\/\/qingdaohf.com\/product\/webbing-sling-oem\/#primaryimage\"},\"image\":{\"@id\":\"https:\/\/qingdaohf.com\/product\/webbing-sling-oem\/#primaryimage\"},\"thumbnailUrl\":\"https:\/\/qingdaohf.com\/wp-content\/uploads\/2023\/04\/webbling-sling-2-1.jpg\",\"datePublished\":\"2023-10-23T06:14:46+00:00\",\"dateModified\":\"2025-11-13T01:04:02+00:00\",\"description\":\"Our OEM services allow you to define the precise load capacity, length, width, material, color coding, and any other essential parameters.\",\"breadcrumb\":{\"@id\":\"https:\/\/qingdaohf.com\/product\/webbing-sling-oem\/#breadcrumb\"},\"inLanguage\":\"nb-NO\",\"potentialAction\":[{\"@type\":\"ReadAction\",\"target\":[\"https:\/\/qingdaohf.com\/product\/webbing-sling-oem\/\"]}]},{\"@type\":\"ImageObject\",\"inLanguage\":\"nb-NO\",\"@id\":\"https:\/\/qingdaohf.com\/product\/webbing-sling-oem\/#primaryimage\",\"url\":\"https:\/\/qingdaohf.com\/wp-content\/uploads\/2023\/04\/webbling-sling-2-1.jpg\",\"contentUrl\":\"https:\/\/qingdaohf.com\/wp-content\/uploads\/2023\/04\/webbling-sling-2-1.jpg\",\"width\":1000,\"height\":1000,\"caption\":\"webbling sling\"},{\"@type\":\"BreadcrumbList\",\"@id\":\"https:\/\/qingdaohf.com\/product\/webbing-sling-oem\/#breadcrumb\",\"itemListElement\":[{\"@type\":\"ListItem\",\"position\":1,\"name\":\"Home\",\"item\":\"https:\/\/qingdaohf.com\/\"},{\"@type\":\"ListItem\",\"position\":2,\"name\":\"Concrete Forming Accessories and Rigging Hardware\",\"item\":\"https:\/\/qingdaohf.com\/bg\/?page_id=944\"},{\"@type\":\"ListItem\",\"position\":3,\"name\":\"Webbing Sling OEM\"}]},{\"@type\":\"WebSite\",\"@id\":\"https:\/\/qingdaohf.com\/bg\/#website\",\"url\":\"https:\/\/qingdaohf.com\/bg\/\",\"name\":\"Concrete Form & Rigging Hardware Supplier\",\"description\":\"\",\"publisher\":{\"@id\":\"https:\/\/qingdaohf.com\/bg\/#organization\"},\"potentialAction\":[{\"@type\":\"SearchAction\",\"target\":{\"@type\":\"EntryPoint\",\"urlTemplate\":\"https:\/\/qingdaohf.com\/bg\/?s={search_term_string}\"},\"query-input\":{\"@type\":\"PropertyValueSpecification\",\"valueRequired\":true,\"valueName\":\"search_term_string\"}}],\"inLanguage\":\"nb-NO\"},{\"@type\":\"Organization\",\"@id\":\"https:\/\/qingdaohf.com\/bg\/#organization\",\"name\":\"Qingdao H&F\",\"url\":\"https:\/\/qingdaohf.com\/bg\/\",\"logo\":{\"@type\":\"ImageObject\",\"inLanguage\":\"nb-NO\",\"@id\":\"https:\/\/qingdaohf.com\/bg\/#\/schema\/logo\/image\/\",\"url\":\"https:\/\/qingdaohf.com\/wp-content\/uploads\/2022\/12\/cropped-HF-LOGO.png\",\"contentUrl\":\"https:\/\/qingdaohf.com\/wp-content\/uploads\/2022\/12\/cropped-HF-LOGO.png\",\"width\":391,\"height\":249,\"caption\":\"Qingdao H&F\"},\"image\":{\"@id\":\"https:\/\/qingdaohf.com\/bg\/#\/schema\/logo\/image\/\"},\"sameAs\":[\"https:\/\/www.facebook.com\/qingdaohf\"]}]}<\/script>\n<!-- \/ Yoast SEO plugin. -->","yoast_head_json":{"title":"Webbing Sling OEM","description":"Our OEM services allow you to define the precise load capacity, length, width, material, color coding, and any other essential parameters.","robots":{"index":"index","follow":"follow","max-snippet":"max-snippet:-1","max-image-preview":"max-image-preview:large","max-video-preview":"max-video-preview:-1"},"canonical":"https:\/\/qingdaohf.com\/nb\/produkt\/bandstropp-oem\/","og_locale":"nb_NO","og_type":"article","og_title":"Webbing Sling OEM","og_description":"Our OEM services allow you to define the precise load capacity, length, width, material, color coding, and any other essential parameters.","og_url":"https:\/\/qingdaohf.com\/nb\/produkt\/bandstropp-oem\/","og_site_name":"Concrete Form &amp; Rigging Hardware Supplier","article_publisher":"https:\/\/www.facebook.com\/qingdaohf","article_modified_time":"2025-11-13T01:04:02+00:00","og_image":[{"width":1019,"height":563,"url":"https:\/\/qingdaohf.com\/wp-content\/uploads\/2023\/10\/sling.jpg","type":"image\/jpeg"}],"twitter_card":"summary_large_image","twitter_misc":{"Ansl. lesetid":"3 minutter"},"schema":{"@context":"https:\/\/schema.org","@graph":[{"@type":"WebPage","@id":"https:\/\/qingdaohf.com\/product\/webbing-sling-oem\/","url":"https:\/\/qingdaohf.com\/product\/webbing-sling-oem\/","name":"Webbing Sling OEM","isPartOf":{"@id":"https:\/\/qingdaohf.com\/bg\/#website"},"primaryImageOfPage":{"@id":"https:\/\/qingdaohf.com\/product\/webbing-sling-oem\/#primaryimage"},"image":{"@id":"https:\/\/qingdaohf.com\/product\/webbing-sling-oem\/#primaryimage"},"thumbnailUrl":"https:\/\/qingdaohf.com\/wp-content\/uploads\/2023\/04\/webbling-sling-2-1.jpg","datePublished":"2023-10-23T06:14:46+00:00","dateModified":"2025-11-13T01:04:02+00:00","description":"Our OEM services allow you to define the precise load capacity, length, width, material, color coding, and any other essential parameters.","breadcrumb":{"@id":"https:\/\/qingdaohf.com\/product\/webbing-sling-oem\/#breadcrumb"},"inLanguage":"nb-NO","potentialAction":[{"@type":"ReadAction","target":["https:\/\/qingdaohf.com\/product\/webbing-sling-oem\/"]}]},{"@type":"ImageObject","inLanguage":"nb-NO","@id":"https:\/\/qingdaohf.com\/product\/webbing-sling-oem\/#primaryimage","url":"https:\/\/qingdaohf.com\/wp-content\/uploads\/2023\/04\/webbling-sling-2-1.jpg","contentUrl":"https:\/\/qingdaohf.com\/wp-content\/uploads\/2023\/04\/webbling-sling-2-1.jpg","width":1000,"height":1000,"caption":"webbling sling"},{"@type":"BreadcrumbList","@id":"https:\/\/qingdaohf.com\/product\/webbing-sling-oem\/#breadcrumb","itemListElement":[{"@type":"ListItem","position":1,"name":"Home","item":"https:\/\/qingdaohf.com\/"},{"@type":"ListItem","position":2,"name":"Concrete Forming Accessories and Rigging Hardware","item":"https:\/\/qingdaohf.com\/bg\/?page_id=944"},{"@type":"ListItem","position":3,"name":"Webbing Sling OEM"}]},{"@type":"WebSite","@id":"https:\/\/qingdaohf.com\/bg\/#website","url":"https:\/\/qingdaohf.com\/bg\/","name":"Concrete Form & Rigging Hardware Supplier","description":"","publisher":{"@id":"https:\/\/qingdaohf.com\/bg\/#organization"},"potentialAction":[{"@type":"SearchAction","target":{"@type":"EntryPoint","urlTemplate":"https:\/\/qingdaohf.com\/bg\/?s={search_term_string}"},"query-input":{"@type":"PropertyValueSpecification","valueRequired":true,"valueName":"search_term_string"}}],"inLanguage":"nb-NO"},{"@type":"Organization","@id":"https:\/\/qingdaohf.com\/bg\/#organization","name":"Qingdao H&F","url":"https:\/\/qingdaohf.com\/bg\/","logo":{"@type":"ImageObject","inLanguage":"nb-NO","@id":"https:\/\/qingdaohf.com\/bg\/#\/schema\/logo\/image\/","url":"https:\/\/qingdaohf.com\/wp-content\/uploads\/2022\/12\/cropped-HF-LOGO.png","contentUrl":"https:\/\/qingdaohf.com\/wp-content\/uploads\/2022\/12\/cropped-HF-LOGO.png","width":391,"height":249,"caption":"Qingdao H&F"},"image":{"@id":"https:\/\/qingdaohf.com\/bg\/#\/schema\/logo\/image\/"},"sameAs":["https:\/\/www.facebook.com\/qingdaohf"]}]}},"_links":{"self":[{"href":"https:\/\/qingdaohf.com\/nb\/wp-json\/wp\/v2\/product\/5473","targetHints":{"allow":["GET"]}}],"collection":[{"href":"https:\/\/qingdaohf.com\/nb\/wp-json\/wp\/v2\/product"}],"about":[{"href":"https:\/\/qingdaohf.com\/nb\/wp-json\/wp\/v2\/types\/product"}],"replies":[{"embeddable":true,"href":"https:\/\/qingdaohf.com\/nb\/wp-json\/wp\/v2\/comments?post=5473"}],"version-history":[{"count":8,"href":"https:\/\/qingdaohf.com\/nb\/wp-json\/wp\/v2\/product\/5473\/revisions"}],"predecessor-version":[{"id":6943,"href":"https:\/\/qingdaohf.com\/nb\/wp-json\/wp\/v2\/product\/5473\/revisions\/6943"}],"wp:featuredmedia":[{"embeddable":true,"href":"https:\/\/qingdaohf.com\/nb\/wp-json\/wp\/v2\/media\/5232"}],"wp:attachment":[{"href":"https:\/\/qingdaohf.com\/nb\/wp-json\/wp\/v2\/media?parent=5473"}],"wp:term":[{"taxonomy":"product_brand","embeddable":true,"href":"https:\/\/qingdaohf.com\/nb\/wp-json\/wp\/v2\/product_brand?post=5473"},{"taxonomy":"product_cat","embeddable":true,"href":"https:\/\/qingdaohf.com\/nb\/wp-json\/wp\/v2\/product_cat?post=5473"},{"taxonomy":"product_tag","embeddable":true,"href":"https:\/\/qingdaohf.com\/nb\/wp-json\/wp\/v2\/product_tag?post=5473"}],"curies":[{"name":"wp","href":"https:\/\/api.w.org\/{rel}","templated":true}]}}