{"id":6357,"date":"2024-01-22T14:18:41","date_gmt":"2024-01-22T06:18:41","guid":{"rendered":"http:\/\/qingdaohf.com\/?post_type=product&#038;p=6357"},"modified":"2025-11-13T09:03:39","modified_gmt":"2025-11-13T01:03:39","slug":"polyester-strapping","status":"publish","type":"product","link":"https:\/\/qingdaohf.com\/nb\/produkt\/polyesterband\/","title":{"rendered":"Stropper av polyester"},"content":{"rendered":"<div class=\"ast-oembed-container\" style=\"height: 100%;\"><iframe title=\"Stropper av polyester\" width=\"500\" height=\"281\" src=\"https:\/\/www.youtube.com\/embed\/kUQ_vY_B6Zc?feature=oembed\" frameborder=\"0\" allow=\"accelerometer; autoplay; clipboard-write; encrypted-media; gyroscope; picture-in-picture; web-share\" referrerpolicy=\"strict-origin-when-cross-origin\" allowfullscreen><\/iframe><\/div>\n<p data-sourcepos=\"7:1-7:343\"><strong>1. Bruddstyrke:<\/strong> \ufe0f\u200dDet handler om holdekraft! S\u00f8rg for at stroppen du velger, har en bruddstyrke som overg\u00e5r de forventede belastningskravene dine. Vi tilbyr polyesterb\u00e5nd med ulike bruddstyrker, fra lette (500 lbs) til tunge (5 000+ lbs), slik at du kan finne den perfekte matchingen for ditt bruksomr\u00e5de.<\/p>\n<p data-sourcepos=\"9:1-9:326\"><strong>2. Materialspesifikasjoner:<\/strong> Ikke alle polyesterstropper er like gode. Ta hensyn til faktorer som tykkelse, bredde og t\u00f8yningsprosent for \u00e5 sikre at de er kompatible med dine spesifikke behov. Vi tilbyr detaljerte produktspesifikasjoner p\u00e5 nettstedet v\u00e5rt, inkludert datablad for nedlasting, for \u00e5 hjelpe deg med \u00e5 ta informerte beslutninger.<\/p>\n<p data-sourcepos=\"11:1-11:310\"><strong>3. V\u00e6rbestandighet:<\/strong> \ufe0f Lasten din skal ikke v\u00e6re prisgitt v\u00e6r og vind. Velg stropper med UV-bestandighet og vanntetting for \u00e5 beskytte forsendelsene dine mot sol, regn og andre t\u00f8ffe forhold. V\u00e5re stropper i polyester er spesialbehandlet for \u00e5 motst\u00e5 v\u00e6r og vind, noe som sikrer langvarig ytelse.<\/p>\n<p data-sourcepos=\"13:1-13:309\"><strong>4. Kostnadseffektivitet:<\/strong> La oss se det i \u00f8ynene, budsjett er viktig. Selv om kvalitet er viktigst, fortjener du konkurransedyktige priser. Vi tilbyr konkurransedyktige priser p\u00e5 alle v\u00e5re polyesterb\u00e5ndprodukter, uten at det g\u00e5r p\u00e5 bekostning av kvalitet eller ytelse. Vi har ogs\u00e5 kvantumsrabatter for enda st\u00f8rre besparelser.<\/p>\n<p data-sourcepos=\"15:1-15:247\"><strong>5. Kundeservice:<\/strong> I denne bransjen er tillit og st\u00f8tte helt avgj\u00f8rende. Vi er stolte av v\u00e5r eksepsjonelle kundeservice, med dedikerte kundeansvarlige og teknisk support som kan svare p\u00e5 sp\u00f8rsm\u00e5lene dine og veilede deg gjennom valgprosessen.<\/p>\n<p data-sourcepos=\"15:1-15:76\"><strong>Polyesterb\u00e5nd er perfekt for en rekke bruksomr\u00e5der, blant annet<\/strong><\/p>\n<ul data-sourcepos=\"17:1-21:0\">\n<li data-sourcepos=\"17:1-17:29\">Bunting av paller og kasser<\/li>\n<li data-sourcepos=\"18:1-18:34\">Sikring av maskiner og utstyr<\/li>\n<li data-sourcepos=\"19:1-19:35\">Innpakning av m\u00f8bler og hvitevarer<\/li>\n<li data-sourcepos=\"20:1-21:0\">Og mye mer!<\/li>\n<\/ul>","protected":false},"excerpt":{"rendered":"<p><strong>Sterk og p\u00e5litelig:<\/strong>\u00a0Holder tunge laster sikkert fast med h\u00f8y bruddstyrke.<\/p>\n<p><strong>Lett og fleksibel:<\/strong>\u00a0Enklere \u00e5 bruke og man\u00f8vrere enn st\u00e5lb\u00e5nd.<\/p>\n<p><strong>Rustfri og v\u00e6rbestandig:<\/strong>\u00a0Skader ikke varene dine og etterlater ikke rustflekker.<\/p>\n<p><strong>Kostnadseffektivt:<\/strong>\u00a0Ofte billigere enn st\u00e5lb\u00e5nd, og mindre utsatt for brudd.<\/p>\n<p><strong>Milj\u00f8vennlig:<\/strong>\u00a0Resirkulerbar og et mer b\u00e6rekraftig valg enn st\u00e5l.<\/p>\n<p>&nbsp;<\/p>","protected":false},"featured_media":6363,"comment_status":"open","ping_status":"closed","template":"","meta":{"site-sidebar-layout":"default","site-content-layout":"","ast-site-content-layout":"default","site-content-style":"default","site-sidebar-style":"default","ast-global-header-display":"","ast-banner-title-visibility":"","ast-main-header-display":"","ast-hfb-above-header-display":"","ast-hfb-below-header-display":"","ast-hfb-mobile-header-display":"","site-post-title":"","ast-breadcrumbs-content":"","ast-featured-img":"","footer-sml-layout":"","theme-transparent-header-meta":"default","adv-header-id-meta":"","stick-header-meta":"default","header-above-stick-meta":"","header-main-stick-meta":"","header-below-stick-meta":"","astra-migrate-meta-layouts":"set","ast-page-background-enabled":"default","ast-page-background-meta":{"desktop":{"background-color":"","background-image":"","background-repeat":"repeat","background-position":"center center","background-size":"auto","background-attachment":"scroll","background-type":"","background-media":"","overlay-type":"","overlay-color":"","overlay-opacity":"","overlay-gradient":""},"tablet":{"background-color":"","background-image":"","background-repeat":"repeat","background-position":"center center","background-size":"auto","background-attachment":"scroll","background-type":"","background-media":"","overlay-type":"","overlay-color":"","overlay-opacity":"","overlay-gradient":""},"mobile":{"background-color":"","background-image":"","background-repeat":"repeat","background-position":"center center","background-size":"auto","background-attachment":"scroll","background-type":"","background-media":"","overlay-type":"","overlay-color":"","overlay-opacity":"","overlay-gradient":""}},"ast-content-background-meta":{"desktop":{"background-color":"var(--ast-global-color-5)","background-image":"","background-repeat":"repeat","background-position":"center center","background-size":"auto","background-attachment":"scroll","background-type":"","background-media":"","overlay-type":"","overlay-color":"","overlay-opacity":"","overlay-gradient":""},"tablet":{"background-color":"var(--ast-global-color-5)","background-image":"","background-repeat":"repeat","background-position":"center center","background-size":"auto","background-attachment":"scroll","background-type":"","background-media":"","overlay-type":"","overlay-color":"","overlay-opacity":"","overlay-gradient":""},"mobile":{"background-color":"var(--ast-global-color-5)","background-image":"","background-repeat":"repeat","background-position":"center center","background-size":"auto","background-attachment":"scroll","background-type":"","background-media":"","overlay-type":"","overlay-color":"","overlay-opacity":"","overlay-gradient":""}}},"product_brand":[],"product_cat":[69],"product_tag":[],"class_list":{"0":"post-6357","1":"product","2":"type-product","3":"status-publish","4":"has-post-thumbnail","6":"product_cat-strapping","7":"desktop-align-left","8":"tablet-align-left","9":"mobile-align-left","10":"ast-product-gallery-layout-horizontal-slider","11":"ast-product-tabs-layout-horizontal","13":"first","14":"instock","15":"shipping-taxable","16":"purchasable","17":"product-type-simple"},"yoast_head":"<!-- This site is optimized with the Yoast SEO plugin v25.2 - https:\/\/yoast.com\/wordpress\/plugins\/seo\/ -->\n<title>Polyester Strapping<\/title>\n<meta name=\"robots\" content=\"index, follow, max-snippet:-1, max-image-preview:large, max-video-preview:-1\" \/>\n<link rel=\"canonical\" href=\"https:\/\/qingdaohf.com\/nb\/produkt\/polyesterband\/\" \/>\n<meta property=\"og:locale\" content=\"nb_NO\" \/>\n<meta property=\"og:type\" content=\"article\" \/>\n<meta property=\"og:title\" content=\"Polyester Strapping\" \/>\n<meta property=\"og:description\" content=\"Strong and reliable:\u00a0Holds heavy loads securely with high break strength.  Lightweight and flexible:\u00a0Easier to use and maneuver than steel strapping.  Rustproof and weatherproof:\u00a0Won&#039;t damage your goods or leave behind rusty stains.  Cost-effective:\u00a0Often cheaper than steel strapping, and less prone to breakage.  Eco-friendly:\u00a0Recyclable and a more sustainable choice than steel.  &nbsp;\" \/>\n<meta property=\"og:url\" content=\"https:\/\/qingdaohf.com\/nb\/produkt\/polyesterband\/\" \/>\n<meta property=\"og:site_name\" content=\"Concrete Form &amp; Rigging Hardware Supplier\" \/>\n<meta property=\"article:publisher\" content=\"https:\/\/www.facebook.com\/qingdaohf\" \/>\n<meta property=\"article:modified_time\" content=\"2025-11-13T01:03:39+00:00\" \/>\n<meta property=\"og:image\" content=\"https:\/\/qingdaohf.com\/wp-content\/uploads\/2024\/01\/Polyester-strapping-6.jpg\" \/>\n\t<meta property=\"og:image:width\" content=\"1000\" \/>\n\t<meta property=\"og:image:height\" content=\"1000\" \/>\n\t<meta property=\"og:image:type\" content=\"image\/jpeg\" \/>\n<meta name=\"twitter:card\" content=\"summary_large_image\" \/>\n<meta name=\"twitter:label1\" content=\"Ansl. lesetid\" \/>\n\t<meta name=\"twitter:data1\" content=\"2 minutter\" \/>\n<script type=\"application\/ld+json\" class=\"yoast-schema-graph\">{\"@context\":\"https:\/\/schema.org\",\"@graph\":[{\"@type\":\"WebPage\",\"@id\":\"https:\/\/qingdaohf.com\/product\/polyester-strapping\/\",\"url\":\"https:\/\/qingdaohf.com\/product\/polyester-strapping\/\",\"name\":\"Polyester Strapping\",\"isPartOf\":{\"@id\":\"https:\/\/qingdaohf.com\/bg\/#website\"},\"primaryImageOfPage\":{\"@id\":\"https:\/\/qingdaohf.com\/product\/polyester-strapping\/#primaryimage\"},\"image\":{\"@id\":\"https:\/\/qingdaohf.com\/product\/polyester-strapping\/#primaryimage\"},\"thumbnailUrl\":\"https:\/\/qingdaohf.com\/wp-content\/uploads\/2024\/01\/Polyester-strapping-6.jpg\",\"datePublished\":\"2024-01-22T06:18:41+00:00\",\"dateModified\":\"2025-11-13T01:03:39+00:00\",\"breadcrumb\":{\"@id\":\"https:\/\/qingdaohf.com\/product\/polyester-strapping\/#breadcrumb\"},\"inLanguage\":\"nb-NO\",\"potentialAction\":[{\"@type\":\"ReadAction\",\"target\":[\"https:\/\/qingdaohf.com\/product\/polyester-strapping\/\"]}]},{\"@type\":\"ImageObject\",\"inLanguage\":\"nb-NO\",\"@id\":\"https:\/\/qingdaohf.com\/product\/polyester-strapping\/#primaryimage\",\"url\":\"https:\/\/qingdaohf.com\/wp-content\/uploads\/2024\/01\/Polyester-strapping-6.jpg\",\"contentUrl\":\"https:\/\/qingdaohf.com\/wp-content\/uploads\/2024\/01\/Polyester-strapping-6.jpg\",\"width\":1000,\"height\":1000,\"caption\":\"Polyester strapping\"},{\"@type\":\"BreadcrumbList\",\"@id\":\"https:\/\/qingdaohf.com\/product\/polyester-strapping\/#breadcrumb\",\"itemListElement\":[{\"@type\":\"ListItem\",\"position\":1,\"name\":\"Home\",\"item\":\"https:\/\/qingdaohf.com\/\"},{\"@type\":\"ListItem\",\"position\":2,\"name\":\"Concrete Forming Accessories and Rigging Hardware\",\"item\":\"https:\/\/qingdaohf.com\/bg\/?page_id=944\"},{\"@type\":\"ListItem\",\"position\":3,\"name\":\"Polyester Strapping\"}]},{\"@type\":\"WebSite\",\"@id\":\"https:\/\/qingdaohf.com\/bg\/#website\",\"url\":\"https:\/\/qingdaohf.com\/bg\/\",\"name\":\"Concrete Form & Rigging Hardware Supplier\",\"description\":\"\",\"publisher\":{\"@id\":\"https:\/\/qingdaohf.com\/bg\/#organization\"},\"potentialAction\":[{\"@type\":\"SearchAction\",\"target\":{\"@type\":\"EntryPoint\",\"urlTemplate\":\"https:\/\/qingdaohf.com\/bg\/?s={search_term_string}\"},\"query-input\":{\"@type\":\"PropertyValueSpecification\",\"valueRequired\":true,\"valueName\":\"search_term_string\"}}],\"inLanguage\":\"nb-NO\"},{\"@type\":\"Organization\",\"@id\":\"https:\/\/qingdaohf.com\/bg\/#organization\",\"name\":\"Qingdao H&F\",\"url\":\"https:\/\/qingdaohf.com\/bg\/\",\"logo\":{\"@type\":\"ImageObject\",\"inLanguage\":\"nb-NO\",\"@id\":\"https:\/\/qingdaohf.com\/bg\/#\/schema\/logo\/image\/\",\"url\":\"https:\/\/qingdaohf.com\/wp-content\/uploads\/2022\/12\/cropped-HF-LOGO.png\",\"contentUrl\":\"https:\/\/qingdaohf.com\/wp-content\/uploads\/2022\/12\/cropped-HF-LOGO.png\",\"width\":391,\"height\":249,\"caption\":\"Qingdao H&F\"},\"image\":{\"@id\":\"https:\/\/qingdaohf.com\/bg\/#\/schema\/logo\/image\/\"},\"sameAs\":[\"https:\/\/www.facebook.com\/qingdaohf\"]}]}<\/script>\n<!-- \/ Yoast SEO plugin. -->","yoast_head_json":{"title":"Polyester Strapping","robots":{"index":"index","follow":"follow","max-snippet":"max-snippet:-1","max-image-preview":"max-image-preview:large","max-video-preview":"max-video-preview:-1"},"canonical":"https:\/\/qingdaohf.com\/nb\/produkt\/polyesterband\/","og_locale":"nb_NO","og_type":"article","og_title":"Polyester Strapping","og_description":"Strong and reliable:\u00a0Holds heavy loads securely with high break strength.  Lightweight and flexible:\u00a0Easier to use and maneuver than steel strapping.  Rustproof and weatherproof:\u00a0Won't damage your goods or leave behind rusty stains.  Cost-effective:\u00a0Often cheaper than steel strapping, and less prone to breakage.  Eco-friendly:\u00a0Recyclable and a more sustainable choice than steel.  &nbsp;","og_url":"https:\/\/qingdaohf.com\/nb\/produkt\/polyesterband\/","og_site_name":"Concrete Form &amp; Rigging Hardware Supplier","article_publisher":"https:\/\/www.facebook.com\/qingdaohf","article_modified_time":"2025-11-13T01:03:39+00:00","og_image":[{"width":1000,"height":1000,"url":"https:\/\/qingdaohf.com\/wp-content\/uploads\/2024\/01\/Polyester-strapping-6.jpg","type":"image\/jpeg"}],"twitter_card":"summary_large_image","twitter_misc":{"Ansl. lesetid":"2 minutter"},"schema":{"@context":"https:\/\/schema.org","@graph":[{"@type":"WebPage","@id":"https:\/\/qingdaohf.com\/product\/polyester-strapping\/","url":"https:\/\/qingdaohf.com\/product\/polyester-strapping\/","name":"Polyester Strapping","isPartOf":{"@id":"https:\/\/qingdaohf.com\/bg\/#website"},"primaryImageOfPage":{"@id":"https:\/\/qingdaohf.com\/product\/polyester-strapping\/#primaryimage"},"image":{"@id":"https:\/\/qingdaohf.com\/product\/polyester-strapping\/#primaryimage"},"thumbnailUrl":"https:\/\/qingdaohf.com\/wp-content\/uploads\/2024\/01\/Polyester-strapping-6.jpg","datePublished":"2024-01-22T06:18:41+00:00","dateModified":"2025-11-13T01:03:39+00:00","breadcrumb":{"@id":"https:\/\/qingdaohf.com\/product\/polyester-strapping\/#breadcrumb"},"inLanguage":"nb-NO","potentialAction":[{"@type":"ReadAction","target":["https:\/\/qingdaohf.com\/product\/polyester-strapping\/"]}]},{"@type":"ImageObject","inLanguage":"nb-NO","@id":"https:\/\/qingdaohf.com\/product\/polyester-strapping\/#primaryimage","url":"https:\/\/qingdaohf.com\/wp-content\/uploads\/2024\/01\/Polyester-strapping-6.jpg","contentUrl":"https:\/\/qingdaohf.com\/wp-content\/uploads\/2024\/01\/Polyester-strapping-6.jpg","width":1000,"height":1000,"caption":"Polyester strapping"},{"@type":"BreadcrumbList","@id":"https:\/\/qingdaohf.com\/product\/polyester-strapping\/#breadcrumb","itemListElement":[{"@type":"ListItem","position":1,"name":"Home","item":"https:\/\/qingdaohf.com\/"},{"@type":"ListItem","position":2,"name":"Concrete Forming Accessories and Rigging Hardware","item":"https:\/\/qingdaohf.com\/bg\/?page_id=944"},{"@type":"ListItem","position":3,"name":"Polyester Strapping"}]},{"@type":"WebSite","@id":"https:\/\/qingdaohf.com\/bg\/#website","url":"https:\/\/qingdaohf.com\/bg\/","name":"Concrete Form & Rigging Hardware Supplier","description":"","publisher":{"@id":"https:\/\/qingdaohf.com\/bg\/#organization"},"potentialAction":[{"@type":"SearchAction","target":{"@type":"EntryPoint","urlTemplate":"https:\/\/qingdaohf.com\/bg\/?s={search_term_string}"},"query-input":{"@type":"PropertyValueSpecification","valueRequired":true,"valueName":"search_term_string"}}],"inLanguage":"nb-NO"},{"@type":"Organization","@id":"https:\/\/qingdaohf.com\/bg\/#organization","name":"Qingdao H&F","url":"https:\/\/qingdaohf.com\/bg\/","logo":{"@type":"ImageObject","inLanguage":"nb-NO","@id":"https:\/\/qingdaohf.com\/bg\/#\/schema\/logo\/image\/","url":"https:\/\/qingdaohf.com\/wp-content\/uploads\/2022\/12\/cropped-HF-LOGO.png","contentUrl":"https:\/\/qingdaohf.com\/wp-content\/uploads\/2022\/12\/cropped-HF-LOGO.png","width":391,"height":249,"caption":"Qingdao H&F"},"image":{"@id":"https:\/\/qingdaohf.com\/bg\/#\/schema\/logo\/image\/"},"sameAs":["https:\/\/www.facebook.com\/qingdaohf"]}]}},"_links":{"self":[{"href":"https:\/\/qingdaohf.com\/nb\/wp-json\/wp\/v2\/product\/6357","targetHints":{"allow":["GET"]}}],"collection":[{"href":"https:\/\/qingdaohf.com\/nb\/wp-json\/wp\/v2\/product"}],"about":[{"href":"https:\/\/qingdaohf.com\/nb\/wp-json\/wp\/v2\/types\/product"}],"replies":[{"embeddable":true,"href":"https:\/\/qingdaohf.com\/nb\/wp-json\/wp\/v2\/comments?post=6357"}],"version-history":[{"count":4,"href":"https:\/\/qingdaohf.com\/nb\/wp-json\/wp\/v2\/product\/6357\/revisions"}],"predecessor-version":[{"id":6375,"href":"https:\/\/qingdaohf.com\/nb\/wp-json\/wp\/v2\/product\/6357\/revisions\/6375"}],"wp:featuredmedia":[{"embeddable":true,"href":"https:\/\/qingdaohf.com\/nb\/wp-json\/wp\/v2\/media\/6363"}],"wp:attachment":[{"href":"https:\/\/qingdaohf.com\/nb\/wp-json\/wp\/v2\/media?parent=6357"}],"wp:term":[{"taxonomy":"product_brand","embeddable":true,"href":"https:\/\/qingdaohf.com\/nb\/wp-json\/wp\/v2\/product_brand?post=6357"},{"taxonomy":"product_cat","embeddable":true,"href":"https:\/\/qingdaohf.com\/nb\/wp-json\/wp\/v2\/product_cat?post=6357"},{"taxonomy":"product_tag","embeddable":true,"href":"https:\/\/qingdaohf.com\/nb\/wp-json\/wp\/v2\/product_tag?post=6357"}],"curies":[{"name":"wp","href":"https:\/\/api.w.org\/{rel}","templated":true}]}}