{"id":6443,"date":"2024-02-02T14:30:53","date_gmt":"2024-02-02T06:30:53","guid":{"rendered":"http:\/\/qingdaohf.com\/?post_type=product&#038;p=6443"},"modified":"2025-11-13T09:03:39","modified_gmt":"2025-11-13T01:03:39","slug":"wholesale-d-shackle-chain-shackle-for-lifting","status":"publish","type":"product","link":"https:\/\/qingdaohf.com\/nb\/produkt\/engros-d-sjakkel-kjetting-sjakkel-for-lofting\/","title":{"rendered":"Engros D-sjakkel kjettingb\u00f8yle for l\u00f8fting"},"content":{"rendered":"<p>D-sjakler er viktige komponenter i rigg- og l\u00f8fteindustrien, og de er verdsatt for sin stabilitet og styrke i krevende bruksomr\u00e5der. Med sin karakteristiske U-form og sikre pinnelukking gir D-sjakler en p\u00e5litelig forbindelse for et bredt spekter av l\u00f8fte-, heise- og slepeoppgaver. Qingdao H&amp;Fs D-sjakler G210 og G2150 er noen av de mest popul\u00e6re modellene p\u00e5 markedet, og de er foretrukket av fagfolk i alle bransjer for sin styrke, holdbarhet og tilpasningsevne.<\/p>\n<p>Modellene G210 og G2150 er konstruert for \u00e5 h\u00e5ndtere tunge laster og samtidig opprettholde et h\u00f8yt niv\u00e5 av sikkerhet og stabilitet. G210-modellen, som er kjent for sin allsidighet og avrundede design, brukes ofte i oppsett som krever fleksibilitet. G2150, med sin ekstra kraftige konstruksjon, er derimot konstruert for \u00e5 t\u00e5le mer ekstreme bruksomr\u00e5der, og tilbyr forbedret b\u00e6reevne for h\u00f8yere arbeidsbelastningsgrenser (WLL). Hver modell er produsert i henhold til n\u00f8yaktige spesifikasjoner, noe som sikrer kompatibilitet med ulike riggsystemer og et h\u00f8yt ytelsesniv\u00e5 under press.<\/p>\n<p>Som en p\u00e5litelig grossist av D-sjakler er Qingdao H&amp;F forpliktet til \u00e5 tilby produkter av topp kvalitet som oppfyller de strenge kravene til fagfolk innen l\u00f8fting og rigging. Med en rekke st\u00f8rrelser og WLLer, fra 0,33 tonn til 150 tonn og st\u00f8rrelser fra 1\/4 tomme til 3 tommer, er v\u00e5rt lager designet for \u00e5 betjene kj\u00f8pere som s\u00f8ker p\u00e5litelige l\u00f8sninger for prosjekter i alle st\u00f8rrelser.<\/p>\n<h3>Fordelene med \u00e5 velge Qingdao H&amp;F: Skreddersydd service og effektiv levering<\/h3>\n<p>Hos Qingdao H&amp;F forst\u00e5r vi viktigheten av en s\u00f8ml\u00f8s og effektiv innkj\u00f8psopplevelse. Innkj\u00f8pere prioriterer kvalitet, hastighet og tillit til leverand\u00f8rene sine, og derfor har vi utviklet en kundesentrert tiln\u00e6rming til service. Hver kunde drar nytte av v\u00e5r individuelle kundeservice, der dedikert support s\u00f8rger for at de finner den sjakkelmodellen som passer best til deres spesifikke behov. Vi samarbeider tett med innkj\u00f8perne for \u00e5 forst\u00e5 prosjektkravene deres, og hjelper dem med \u00e5 velge mellom den allsidige G210 eller den kraftige G2150, som begge er anerkjent for sin p\u00e5litelighet i utfordrende milj\u00f8er.<\/p>\n<p>I tillegg til produktkvalitet legger servicemodellen v\u00e5r vekt p\u00e5 raske leveringssykluser og full \u00e5penhet, og vi leverer kvalitetsinspeksjonsrapporter med hver forsendelse. Disse rapportene beskriver spesifikasjonene, ytelsen og sikkerhetsstandardene for v\u00e5re sjakler, slik at kj\u00f8perne kan f\u00f8le seg trygge p\u00e5 kj\u00f8pet og forsikre seg om at produktet er klart til umiddelbar bruk. Ved \u00e5 sikre effektiv logistikk og en str\u00f8mlinjeformet serviceprosess minimerer Qingdao H&amp;F forsinkelser og hjelper kundene med \u00e5 opprettholde fremdriften i prosjektene sine.<\/p>\n<p>Kundenes tillit bygger p\u00e5 v\u00e5rt engasjement for \u00e5 levere produkter av h\u00f8y kvalitet, st\u00f8ttet av et responsivt team som forst\u00e5r hva som st\u00e5r p\u00e5 spill n\u00e5r det gjelder tunge l\u00f8ft. Med Qingdao H&amp;F opplever kj\u00f8perne en proaktiv tiln\u00e6rming til riggl\u00f8sninger, med fokus p\u00e5 effektivitet, kvalitet og p\u00e5litelighet.<\/p>\n<h3>G210 og G2150 D sjakler: En rekke arbeidsbelastningsgrenser og st\u00f8rrelser<\/h3>\n<p>Ulike prosjektbehov krever et bredt utvalg av st\u00f8rrelser og arbeidsbelastningsgrenser (WLL), og v\u00e5re sjakler G210 og G2150 tilbyr nettopp denne fleksibiliteten. Hver modell er tilgjengelig med arbeidsbelastninger fra 0,33 tonn til 150 tonn, slik at kj\u00f8perne kan velge sjakler som passer best til de spesifikke kravene til bruksomr\u00e5dene deres. Dette omfattende utvalget gj\u00f8r sjaklene v\u00e5re ideelle for b\u00e5de lettere riggingsoppgaver og de mest krevende lastb\u00e6rende bruksomr\u00e5dene, noe som sikrer tilpasningsevne uten at det g\u00e5r p\u00e5 bekostning av ytelsen.<\/p>\n<p>V\u00e5re sjakler G210 og G2150 finnes ogs\u00e5 i en rekke forskjellige st\u00f8rrelser, fra 1\/4 tomme til 3 tommer. G210-modellen, som har en mer kompakt design, egner seg for moderate l\u00f8fteoppgaver der det kreves fleksibilitet. G2150-modellen er konstruert for bruksomr\u00e5der med h\u00f8yere styrke og ekstra holdbarhet for \u00e5 t\u00e5le de mest intensive l\u00f8fteforholdene. Hver sjakkelst\u00f8rrelse gjennomg\u00e5r en n\u00f8ye kalibreringsprosess for \u00e5 sikre ensartet kvalitet og ytelse, slik at kj\u00f8perne kan stole p\u00e5 konsistente resultater uansett prosjektkrav.<\/p>\n<p>Med G210 og G2150 har kj\u00f8perne tilgang til sjakler som kan h\u00e5ndtere ulike riggingsutfordringer og gi p\u00e5litelig st\u00f8tte til komplekse prosjekter. Disse modellene har f\u00e5tt rykte p\u00e5 seg for \u00e5 levere enest\u00e5ende ytelse, noe som gj\u00f8r dem til det foretrukne valget for profesjonelle riggere.<\/p>\n<p><strong>G210 sjakkel<\/strong><\/p>\n<p><img fetchpriority=\"high\" decoding=\"async\" class=\"alignnone size-full wp-image-3813\" src=\"http:\/\/qingdaohf.com\/wp-content\/uploads\/2023\/05\/G209-G210-shackle.jpg\" alt=\"G209 G210 sjakkel\" width=\"1000\" height=\"1296\" srcset=\"https:\/\/qingdaohf.com\/wp-content\/uploads\/2023\/05\/G209-G210-shackle.jpg 1000w, https:\/\/qingdaohf.com\/wp-content\/uploads\/2023\/05\/G209-G210-shackle-231x300.jpg 231w, https:\/\/qingdaohf.com\/wp-content\/uploads\/2023\/05\/G209-G210-shackle-790x1024.jpg 790w, https:\/\/qingdaohf.com\/wp-content\/uploads\/2023\/05\/G209-G210-shackle-768x995.jpg 768w\" sizes=\"(max-width: 1000px) 100vw, 1000px\" \/><\/p>\n<p><strong>G2150 sjakkel<\/strong><\/p>\n<p>&nbsp;<\/p>\n<p><img decoding=\"async\" class=\"alignnone size-full wp-image-3817\" src=\"http:\/\/qingdaohf.com\/wp-content\/uploads\/2023\/05\/2150.jpg\" alt=\"2150 sjakkel\" width=\"1000\" height=\"950\" srcset=\"https:\/\/qingdaohf.com\/wp-content\/uploads\/2023\/05\/2150.jpg 1000w, https:\/\/qingdaohf.com\/wp-content\/uploads\/2023\/05\/2150-300x285.jpg 300w, https:\/\/qingdaohf.com\/wp-content\/uploads\/2023\/05\/2150-768x730.jpg 768w\" sizes=\"(max-width: 1000px) 100vw, 1000px\" \/><\/p>\n<h3>Kvalitets- og sikkerhetsstandarder: Grundig testing for p\u00e5litelig ytelse<\/h3>\n<p>Sikkerhet og kvalitet er grunnleggende aspekter ved produksjonsprosessen hos Qingdao H&amp;F. Hver eneste D-sjakkel av typen G210 og G2150 gjennomg\u00e5r streng kvalitetskontroll for \u00e5 sikre at de oppfyller internasjonale sikkerhetsstandarder. Vi vet at D-sjakler spiller en avgj\u00f8rende rolle i lastb\u00e6rende operasjoner, og derfor testes produktene v\u00e5re for \u00e5 sikre jevn ytelse under press. Fra den f\u00f8rste produksjonen til den endelige inspeksjonen har vi en grundig tiln\u00e6rming til kvalitetssikring, noe som resulterer i produkter som kj\u00f8perne kan stole p\u00e5.<\/p>\n<p>V\u00e5re D-sjakler er konstruert for \u00e5 motst\u00e5 slitasje, korrosjon og andre faktorer som kan svekke ytelsen i t\u00f8ffe milj\u00f8er. Enten de brukes i bygg- og anleggsbransjen, ved industrielle l\u00f8ft eller til sj\u00f8s, er v\u00e5re G210- og G2150-modeller konstruert for \u00e5 vare, og gir p\u00e5litelig styrke ved langvarig bruk. V\u00e5r forpliktelse til kvalitet strekker seg lenger enn selve produktet, ettersom vi tilbyr detaljerte kvalitetsinspeksjonsrapporter med hver forsendelse, noe som gir kj\u00f8perne full innsikt i spesifikasjonene og sikkerhetsstandardene for hver sjakkel de kj\u00f8per.<\/p>\n<p>Ved \u00e5 opprettholde h\u00f8ye standarder gjennom hele produksjonsprosessen og tilby tydelig og tilgjengelig produktinformasjon, fortsetter Qingdao H&amp;F \u00e5 sette en h\u00f8y standard for kvalitet og sikkerhet i riggutstyrsbransjen.<\/p>\n<h3>Konklusjon om D Sjakkel<\/h3>\n<p>Qingdao H&amp;Fs sjakler G210 og G2150 D tilbyr kj\u00f8pere robuste l\u00f8sninger for deres l\u00f8fte- og riggbehov. Disse modellene er designet med allsidighet og styrke, og oppfyller kravene i ulike bransjer, fra bygg og anlegg til maritim sektor. Kj\u00f8perne stoler p\u00e5 at v\u00e5re D-sjakler leverer konsekvent ytelse, st\u00f8ttet av v\u00e5r forpliktelse til kundefokusert service, rask levering og transparent kvalitetsrapportering. Med Qingdao H&amp;F investerer innkj\u00f8perne ikke bare i slitesterk, h\u00f8ytytende maskinvare, men ogs\u00e5 i et partnerskap som bygger p\u00e5 tillit, ekspertise og et engasjement for kundens suksess. Vi inviterer innkj\u00f8pere til \u00e5 oppdage forskjellen som v\u00e5re produkter og tjenester kan utgj\u00f8re n\u00e5r det gjelder \u00e5 oppn\u00e5 trygge og p\u00e5litelige riggoperasjoner.<\/p>","protected":false},"excerpt":{"rendered":"<p>V\u00e5re D-sjakler er tilgjengelige med en rekke arbeidsbelastningsgrenser (WLL) fra 0,33 til 150 tonn og st\u00f8rrelser fra 1\/4 tomme til 3 tommer, noe som gj\u00f8r dem egnet for bruk i bygg- og anleggsbransjen, til sj\u00f8s og i industrien. Vi er klar over hva innkj\u00f8perne er opptatt av, og s\u00f8rger for en s\u00f8ml\u00f8s kj\u00f8psopplevelse med personlig kundeservice, rask leveringssyklus og detaljerte kvalitetsinspeksjonsrapporter for hvert enkelt produkt. V\u00e5r forpliktelse er \u00e5 hjelpe innkj\u00f8perne med de p\u00e5litelige og h\u00f8ytytende produktene de trenger i krevende milj\u00f8er.<\/p>","protected":false},"featured_media":6470,"comment_status":"open","ping_status":"closed","template":"","meta":{"site-sidebar-layout":"default","site-content-layout":"","ast-site-content-layout":"default","site-content-style":"default","site-sidebar-style":"default","ast-global-header-display":"","ast-banner-title-visibility":"","ast-main-header-display":"","ast-hfb-above-header-display":"","ast-hfb-below-header-display":"","ast-hfb-mobile-header-display":"","site-post-title":"","ast-breadcrumbs-content":"","ast-featured-img":"","footer-sml-layout":"","theme-transparent-header-meta":"default","adv-header-id-meta":"","stick-header-meta":"default","header-above-stick-meta":"","header-main-stick-meta":"","header-below-stick-meta":"","astra-migrate-meta-layouts":"set","ast-page-background-enabled":"default","ast-page-background-meta":{"desktop":{"background-color":"","background-image":"","background-repeat":"repeat","background-position":"center center","background-size":"auto","background-attachment":"scroll","background-type":"","background-media":"","overlay-type":"","overlay-color":"","overlay-opacity":"","overlay-gradient":""},"tablet":{"background-color":"","background-image":"","background-repeat":"repeat","background-position":"center center","background-size":"auto","background-attachment":"scroll","background-type":"","background-media":"","overlay-type":"","overlay-color":"","overlay-opacity":"","overlay-gradient":""},"mobile":{"background-color":"","background-image":"","background-repeat":"repeat","background-position":"center center","background-size":"auto","background-attachment":"scroll","background-type":"","background-media":"","overlay-type":"","overlay-color":"","overlay-opacity":"","overlay-gradient":""}},"ast-content-background-meta":{"desktop":{"background-color":"var(--ast-global-color-5)","background-image":"","background-repeat":"repeat","background-position":"center center","background-size":"auto","background-attachment":"scroll","background-type":"","background-media":"","overlay-type":"","overlay-color":"","overlay-opacity":"","overlay-gradient":""},"tablet":{"background-color":"var(--ast-global-color-5)","background-image":"","background-repeat":"repeat","background-position":"center center","background-size":"auto","background-attachment":"scroll","background-type":"","background-media":"","overlay-type":"","overlay-color":"","overlay-opacity":"","overlay-gradient":""},"mobile":{"background-color":"var(--ast-global-color-5)","background-image":"","background-repeat":"repeat","background-position":"center center","background-size":"auto","background-attachment":"scroll","background-type":"","background-media":"","overlay-type":"","overlay-color":"","overlay-opacity":"","overlay-gradient":""}}},"product_brand":[],"product_cat":[51,54],"product_tag":[],"class_list":{"0":"post-6443","1":"product","2":"type-product","3":"status-publish","4":"has-post-thumbnail","6":"product_cat-riggging-hardware","7":"product_cat-shackle","8":"desktop-align-left","9":"tablet-align-left","10":"mobile-align-left","11":"ast-product-gallery-layout-horizontal-slider","12":"ast-product-tabs-layout-horizontal","14":"first","15":"instock","16":"shipping-taxable","17":"purchasable","18":"product-type-simple"},"yoast_head":"<!-- This site is optimized with the Yoast SEO plugin v25.2 - https:\/\/yoast.com\/wordpress\/plugins\/seo\/ -->\n<title>Wholesale D Shackle Chain Shackle for Lifting<\/title>\n<meta name=\"description\" content=\"Dee shackles, are engineered for durability and strength, ensuring dependable performance in diverse environments.\" \/>\n<meta name=\"robots\" content=\"index, follow, max-snippet:-1, max-image-preview:large, max-video-preview:-1\" \/>\n<link rel=\"canonical\" href=\"https:\/\/qingdaohf.com\/nb\/produkt\/engros-d-sjakkel-kjetting-sjakkel-for-lofting\/\" \/>\n<meta property=\"og:locale\" content=\"nb_NO\" \/>\n<meta property=\"og:type\" content=\"article\" \/>\n<meta property=\"og:title\" content=\"Wholesale D Shackle Chain Shackle for Lifting\" \/>\n<meta property=\"og:description\" content=\"Dee shackles, are engineered for durability and strength, ensuring dependable performance in diverse environments.\" \/>\n<meta property=\"og:url\" content=\"https:\/\/qingdaohf.com\/nb\/produkt\/engros-d-sjakkel-kjetting-sjakkel-for-lofting\/\" \/>\n<meta property=\"og:site_name\" content=\"Concrete Form &amp; Rigging Hardware Supplier\" \/>\n<meta property=\"article:publisher\" content=\"https:\/\/www.facebook.com\/qingdaohf\" \/>\n<meta property=\"article:modified_time\" content=\"2025-11-13T01:03:39+00:00\" \/>\n<meta property=\"og:image\" content=\"https:\/\/qingdaohf.com\/wp-content\/uploads\/2024\/02\/HF-SHACKLE-6.jpg\" \/>\n\t<meta property=\"og:image:width\" content=\"1000\" \/>\n\t<meta property=\"og:image:height\" content=\"1000\" \/>\n\t<meta property=\"og:image:type\" content=\"image\/jpeg\" \/>\n<meta name=\"twitter:card\" content=\"summary_large_image\" \/>\n<meta name=\"twitter:label1\" content=\"Ansl. lesetid\" \/>\n\t<meta name=\"twitter:data1\" content=\"5 minutter\" \/>\n<script type=\"application\/ld+json\" class=\"yoast-schema-graph\">{\"@context\":\"https:\/\/schema.org\",\"@graph\":[{\"@type\":\"WebPage\",\"@id\":\"https:\/\/qingdaohf.com\/product\/wholesale-d-shackle-chain-shackle-for-lifting\/\",\"url\":\"https:\/\/qingdaohf.com\/product\/wholesale-d-shackle-chain-shackle-for-lifting\/\",\"name\":\"Wholesale D Shackle Chain Shackle for Lifting\",\"isPartOf\":{\"@id\":\"https:\/\/qingdaohf.com\/bg\/#website\"},\"primaryImageOfPage\":{\"@id\":\"https:\/\/qingdaohf.com\/product\/wholesale-d-shackle-chain-shackle-for-lifting\/#primaryimage\"},\"image\":{\"@id\":\"https:\/\/qingdaohf.com\/product\/wholesale-d-shackle-chain-shackle-for-lifting\/#primaryimage\"},\"thumbnailUrl\":\"https:\/\/qingdaohf.com\/wp-content\/uploads\/2024\/02\/HF-SHACKLE-6.jpg\",\"datePublished\":\"2024-02-02T06:30:53+00:00\",\"dateModified\":\"2025-11-13T01:03:39+00:00\",\"description\":\"Dee shackles, are engineered for durability and strength, ensuring dependable performance in diverse environments.\",\"breadcrumb\":{\"@id\":\"https:\/\/qingdaohf.com\/product\/wholesale-d-shackle-chain-shackle-for-lifting\/#breadcrumb\"},\"inLanguage\":\"nb-NO\",\"potentialAction\":[{\"@type\":\"ReadAction\",\"target\":[\"https:\/\/qingdaohf.com\/product\/wholesale-d-shackle-chain-shackle-for-lifting\/\"]}]},{\"@type\":\"ImageObject\",\"inLanguage\":\"nb-NO\",\"@id\":\"https:\/\/qingdaohf.com\/product\/wholesale-d-shackle-chain-shackle-for-lifting\/#primaryimage\",\"url\":\"https:\/\/qingdaohf.com\/wp-content\/uploads\/2024\/02\/HF-SHACKLE-6.jpg\",\"contentUrl\":\"https:\/\/qingdaohf.com\/wp-content\/uploads\/2024\/02\/HF-SHACKLE-6.jpg\",\"width\":1000,\"height\":1000,\"caption\":\"D SHACKLE\"},{\"@type\":\"BreadcrumbList\",\"@id\":\"https:\/\/qingdaohf.com\/product\/wholesale-d-shackle-chain-shackle-for-lifting\/#breadcrumb\",\"itemListElement\":[{\"@type\":\"ListItem\",\"position\":1,\"name\":\"Home\",\"item\":\"https:\/\/qingdaohf.com\/\"},{\"@type\":\"ListItem\",\"position\":2,\"name\":\"Concrete Forming Accessories and Rigging Hardware\",\"item\":\"https:\/\/qingdaohf.com\/bg\/?page_id=944\"},{\"@type\":\"ListItem\",\"position\":3,\"name\":\"Wholesale D Shackle Chain Shackle for Lifting\"}]},{\"@type\":\"WebSite\",\"@id\":\"https:\/\/qingdaohf.com\/bg\/#website\",\"url\":\"https:\/\/qingdaohf.com\/bg\/\",\"name\":\"Concrete Form & Rigging Hardware Supplier\",\"description\":\"\",\"publisher\":{\"@id\":\"https:\/\/qingdaohf.com\/bg\/#organization\"},\"potentialAction\":[{\"@type\":\"SearchAction\",\"target\":{\"@type\":\"EntryPoint\",\"urlTemplate\":\"https:\/\/qingdaohf.com\/bg\/?s={search_term_string}\"},\"query-input\":{\"@type\":\"PropertyValueSpecification\",\"valueRequired\":true,\"valueName\":\"search_term_string\"}}],\"inLanguage\":\"nb-NO\"},{\"@type\":\"Organization\",\"@id\":\"https:\/\/qingdaohf.com\/bg\/#organization\",\"name\":\"Qingdao H&F\",\"url\":\"https:\/\/qingdaohf.com\/bg\/\",\"logo\":{\"@type\":\"ImageObject\",\"inLanguage\":\"nb-NO\",\"@id\":\"https:\/\/qingdaohf.com\/bg\/#\/schema\/logo\/image\/\",\"url\":\"https:\/\/qingdaohf.com\/wp-content\/uploads\/2022\/12\/cropped-HF-LOGO.png\",\"contentUrl\":\"https:\/\/qingdaohf.com\/wp-content\/uploads\/2022\/12\/cropped-HF-LOGO.png\",\"width\":391,\"height\":249,\"caption\":\"Qingdao H&F\"},\"image\":{\"@id\":\"https:\/\/qingdaohf.com\/bg\/#\/schema\/logo\/image\/\"},\"sameAs\":[\"https:\/\/www.facebook.com\/qingdaohf\"]}]}<\/script>\n<!-- \/ Yoast SEO plugin. -->","yoast_head_json":{"title":"Wholesale D Shackle Chain Shackle for Lifting","description":"Dee shackles, are engineered for durability and strength, ensuring dependable performance in diverse environments.","robots":{"index":"index","follow":"follow","max-snippet":"max-snippet:-1","max-image-preview":"max-image-preview:large","max-video-preview":"max-video-preview:-1"},"canonical":"https:\/\/qingdaohf.com\/nb\/produkt\/engros-d-sjakkel-kjetting-sjakkel-for-lofting\/","og_locale":"nb_NO","og_type":"article","og_title":"Wholesale D Shackle Chain Shackle for Lifting","og_description":"Dee shackles, are engineered for durability and strength, ensuring dependable performance in diverse environments.","og_url":"https:\/\/qingdaohf.com\/nb\/produkt\/engros-d-sjakkel-kjetting-sjakkel-for-lofting\/","og_site_name":"Concrete Form &amp; Rigging Hardware Supplier","article_publisher":"https:\/\/www.facebook.com\/qingdaohf","article_modified_time":"2025-11-13T01:03:39+00:00","og_image":[{"width":1000,"height":1000,"url":"https:\/\/qingdaohf.com\/wp-content\/uploads\/2024\/02\/HF-SHACKLE-6.jpg","type":"image\/jpeg"}],"twitter_card":"summary_large_image","twitter_misc":{"Ansl. lesetid":"5 minutter"},"schema":{"@context":"https:\/\/schema.org","@graph":[{"@type":"WebPage","@id":"https:\/\/qingdaohf.com\/product\/wholesale-d-shackle-chain-shackle-for-lifting\/","url":"https:\/\/qingdaohf.com\/product\/wholesale-d-shackle-chain-shackle-for-lifting\/","name":"Wholesale D Shackle Chain Shackle for Lifting","isPartOf":{"@id":"https:\/\/qingdaohf.com\/bg\/#website"},"primaryImageOfPage":{"@id":"https:\/\/qingdaohf.com\/product\/wholesale-d-shackle-chain-shackle-for-lifting\/#primaryimage"},"image":{"@id":"https:\/\/qingdaohf.com\/product\/wholesale-d-shackle-chain-shackle-for-lifting\/#primaryimage"},"thumbnailUrl":"https:\/\/qingdaohf.com\/wp-content\/uploads\/2024\/02\/HF-SHACKLE-6.jpg","datePublished":"2024-02-02T06:30:53+00:00","dateModified":"2025-11-13T01:03:39+00:00","description":"Dee shackles, are engineered for durability and strength, ensuring dependable performance in diverse environments.","breadcrumb":{"@id":"https:\/\/qingdaohf.com\/product\/wholesale-d-shackle-chain-shackle-for-lifting\/#breadcrumb"},"inLanguage":"nb-NO","potentialAction":[{"@type":"ReadAction","target":["https:\/\/qingdaohf.com\/product\/wholesale-d-shackle-chain-shackle-for-lifting\/"]}]},{"@type":"ImageObject","inLanguage":"nb-NO","@id":"https:\/\/qingdaohf.com\/product\/wholesale-d-shackle-chain-shackle-for-lifting\/#primaryimage","url":"https:\/\/qingdaohf.com\/wp-content\/uploads\/2024\/02\/HF-SHACKLE-6.jpg","contentUrl":"https:\/\/qingdaohf.com\/wp-content\/uploads\/2024\/02\/HF-SHACKLE-6.jpg","width":1000,"height":1000,"caption":"D SHACKLE"},{"@type":"BreadcrumbList","@id":"https:\/\/qingdaohf.com\/product\/wholesale-d-shackle-chain-shackle-for-lifting\/#breadcrumb","itemListElement":[{"@type":"ListItem","position":1,"name":"Home","item":"https:\/\/qingdaohf.com\/"},{"@type":"ListItem","position":2,"name":"Concrete Forming Accessories and Rigging Hardware","item":"https:\/\/qingdaohf.com\/bg\/?page_id=944"},{"@type":"ListItem","position":3,"name":"Wholesale D Shackle Chain Shackle for Lifting"}]},{"@type":"WebSite","@id":"https:\/\/qingdaohf.com\/bg\/#website","url":"https:\/\/qingdaohf.com\/bg\/","name":"Concrete Form & Rigging Hardware Supplier","description":"","publisher":{"@id":"https:\/\/qingdaohf.com\/bg\/#organization"},"potentialAction":[{"@type":"SearchAction","target":{"@type":"EntryPoint","urlTemplate":"https:\/\/qingdaohf.com\/bg\/?s={search_term_string}"},"query-input":{"@type":"PropertyValueSpecification","valueRequired":true,"valueName":"search_term_string"}}],"inLanguage":"nb-NO"},{"@type":"Organization","@id":"https:\/\/qingdaohf.com\/bg\/#organization","name":"Qingdao H&F","url":"https:\/\/qingdaohf.com\/bg\/","logo":{"@type":"ImageObject","inLanguage":"nb-NO","@id":"https:\/\/qingdaohf.com\/bg\/#\/schema\/logo\/image\/","url":"https:\/\/qingdaohf.com\/wp-content\/uploads\/2022\/12\/cropped-HF-LOGO.png","contentUrl":"https:\/\/qingdaohf.com\/wp-content\/uploads\/2022\/12\/cropped-HF-LOGO.png","width":391,"height":249,"caption":"Qingdao H&F"},"image":{"@id":"https:\/\/qingdaohf.com\/bg\/#\/schema\/logo\/image\/"},"sameAs":["https:\/\/www.facebook.com\/qingdaohf"]}]}},"_links":{"self":[{"href":"https:\/\/qingdaohf.com\/nb\/wp-json\/wp\/v2\/product\/6443","targetHints":{"allow":["GET"]}}],"collection":[{"href":"https:\/\/qingdaohf.com\/nb\/wp-json\/wp\/v2\/product"}],"about":[{"href":"https:\/\/qingdaohf.com\/nb\/wp-json\/wp\/v2\/types\/product"}],"replies":[{"embeddable":true,"href":"https:\/\/qingdaohf.com\/nb\/wp-json\/wp\/v2\/comments?post=6443"}],"version-history":[{"count":10,"href":"https:\/\/qingdaohf.com\/nb\/wp-json\/wp\/v2\/product\/6443\/revisions"}],"predecessor-version":[{"id":8212,"href":"https:\/\/qingdaohf.com\/nb\/wp-json\/wp\/v2\/product\/6443\/revisions\/8212"}],"wp:featuredmedia":[{"embeddable":true,"href":"https:\/\/qingdaohf.com\/nb\/wp-json\/wp\/v2\/media\/6470"}],"wp:attachment":[{"href":"https:\/\/qingdaohf.com\/nb\/wp-json\/wp\/v2\/media?parent=6443"}],"wp:term":[{"taxonomy":"product_brand","embeddable":true,"href":"https:\/\/qingdaohf.com\/nb\/wp-json\/wp\/v2\/product_brand?post=6443"},{"taxonomy":"product_cat","embeddable":true,"href":"https:\/\/qingdaohf.com\/nb\/wp-json\/wp\/v2\/product_cat?post=6443"},{"taxonomy":"product_tag","embeddable":true,"href":"https:\/\/qingdaohf.com\/nb\/wp-json\/wp\/v2\/product_tag?post=6443"}],"curies":[{"name":"wp","href":"https:\/\/api.w.org\/{rel}","templated":true}]}}