{"id":6479,"date":"2024-02-02T15:10:26","date_gmt":"2024-02-02T07:10:26","guid":{"rendered":"http:\/\/qingdaohf.com\/?post_type=product&#038;p=6479"},"modified":"2025-11-13T09:03:38","modified_gmt":"2025-11-13T01:03:38","slug":"screw-pin-shackle","status":"publish","type":"product","link":"https:\/\/qingdaohf.com\/nb\/produkt\/skruestift-sjakkel\/","title":{"rendered":"Skruestift sjakkel"},"content":{"rendered":"<p>Velkommen til v\u00e5r engrosforsyning av skruestiftsjakler! Som en ledende leverand\u00f8r i bransjen spesialiserer vi oss p\u00e5 \u00e5 levere sjakler av h\u00f8y kvalitet i galvanisert og rustfritt st\u00e5l. V\u00e5re sjakler er designet for ulike bruksomr\u00e5der, inkludert l\u00f8fting, tauing og rigging, noe som gj\u00f8r dem til allsidige verkt\u00f8y for dine prosjekter.<\/p>\n<p>Vi forst\u00e5r at innkj\u00f8pere som kj\u00f8per sjakler i store kvanta, ofte er bekymret for produktkvalitet, p\u00e5litelighet og pris. Derfor prioriterer vi \u00e5 levere overlegne produkter til konkurransedyktige priser for \u00e5 dekke dine grossistbehov.<\/p>\n<p>Sjaklene v\u00e5re gjennomg\u00e5r strenge kvalitetskontroller for \u00e5 sikre at de oppfyller bransjestandardene for styrke og holdbarhet. Enten du trenger sjakler til tunge l\u00f8ft eller marine bruksomr\u00e5der, har vi et omfattende utvalg som dekker dine behov. I tillegg er v\u00e5re galvaniserte og rustfrie st\u00e5lalternativer korrosjonsbestandige, noe som forlenger levetiden til utstyret ditt selv i t\u00f8ffe milj\u00f8er.<\/p>\n<p>Vi tilbyr ogs\u00e5 personlig kundeservice for \u00e5 hjelpe deg gjennom hele kj\u00f8psprosessen. Fra \u00e5 velge riktig sjakkel for dine spesifikke behov til \u00e5 s\u00f8rge for effektiv levering, er teamet v\u00e5rt dedikert til \u00e5 gi v\u00e5re grossistkunder en s\u00f8ml\u00f8s opplevelse.<\/p>\n<p>De vanligste arbeidsbelastningsgrensene (WLL) og st\u00f8rrelsene p\u00e5 sjakler med skruestiftsjakkel:<\/p>\n<p><strong>WLLs<\/strong>: 0,33 tonn, 0,5 tonn, 0,75 tonn, 1 tonn, 1,5 tonn, 2 tonn, 3,25 tonn, 4,75 tonn, 6,5 tonn, 8,5 tonn, 9,5 tonn, 12 tonn, 13,5 tonn, 17 tonn, 25 tonn, 35 tonn, 55 tonn, 85 tonn, 120 tonn, 150 tonn<\/p>\n<p><strong>St\u00f8rrelser<\/strong>: 1\/4 tomme, 3\/8 tomme, 1\/2 tomme, 5\/8 tomme, 3\/4 tomme, 7\/8 tomme, 1 tomme, 1-1\/4 tomme, 1-1\/2 tomme, 1-3\/4 tomme, 2 tomme, 2-1\/2 tomme, 3 tomme<\/p>\n<p>Samarbeid med oss n\u00e5r det gjelder dine behov for sjakler, og opplev p\u00e5liteligheten og kvaliteten som skiller oss fra andre i bransjen. Kontakt oss i dag for \u00e5 diskutere dine behov og dra nytte av v\u00e5re konkurransedyktige priser og eksepsjonelle service.<\/p>\n<p><a href=\"https:\/\/qingdaohf.com\/nb\/produkt\/g210-sjakkel\/\">G210 sjakkel<\/a><\/p>\n<p><img fetchpriority=\"high\" decoding=\"async\" class=\"alignnone size-full wp-image-3813\" src=\"http:\/\/qingdaohf.com\/wp-content\/uploads\/2023\/05\/G209-G210-shackle.jpg\" alt=\"G209 G210 sjakkel\" width=\"1000\" height=\"1296\" srcset=\"https:\/\/qingdaohf.com\/wp-content\/uploads\/2023\/05\/G209-G210-shackle.jpg 1000w, https:\/\/qingdaohf.com\/wp-content\/uploads\/2023\/05\/G209-G210-shackle-231x300.jpg 231w, https:\/\/qingdaohf.com\/wp-content\/uploads\/2023\/05\/G209-G210-shackle-790x1024.jpg 790w, https:\/\/qingdaohf.com\/wp-content\/uploads\/2023\/05\/G209-G210-shackle-768x995.jpg 768w\" sizes=\"(max-width: 1000px) 100vw, 1000px\" \/><\/p>\n<p><a href=\"https:\/\/qingdaohf.com\/nb\/produkt\/g2150-galvanisert-sjakkel\/\">G2150 sjakkel<\/a><\/p>\n<p>&nbsp;<\/p>","protected":false},"excerpt":{"rendered":"<p data-sourcepos=\"3:1-3:194\">Skruestiftsjakkel er en type metallkobling som brukes til \u00e5 koble sammen kjettinger, tauverk, kabler og annet riggutstyr. De er laget av smidd st\u00e5l eller legert st\u00e5l. Skruepinnen g\u00e5r gjennom hullene i baugen og strammes til for \u00e5 sikre sjakkelen.<\/p>\n<p data-sourcepos=\"5:1-5:141\">Skruesjakler er sterkere og sikrere enn andre typer sjakler, for eksempel boltesjakler eller snapsjakler. De er ogs\u00e5 enklere \u00e5 \u00e5pne og lukke, noe som gj\u00f8r dem til et popul\u00e6rt valg for bruksomr\u00e5der der det er behov for hyppige justeringer.<\/p>","protected":false},"featured_media":6471,"comment_status":"open","ping_status":"closed","template":"","meta":{"site-sidebar-layout":"default","site-content-layout":"","ast-site-content-layout":"default","site-content-style":"default","site-sidebar-style":"default","ast-global-header-display":"","ast-banner-title-visibility":"","ast-main-header-display":"","ast-hfb-above-header-display":"","ast-hfb-below-header-display":"","ast-hfb-mobile-header-display":"","site-post-title":"","ast-breadcrumbs-content":"","ast-featured-img":"","footer-sml-layout":"","theme-transparent-header-meta":"default","adv-header-id-meta":"","stick-header-meta":"default","header-above-stick-meta":"","header-main-stick-meta":"","header-below-stick-meta":"","astra-migrate-meta-layouts":"set","ast-page-background-enabled":"default","ast-page-background-meta":{"desktop":{"background-color":"","background-image":"","background-repeat":"repeat","background-position":"center center","background-size":"auto","background-attachment":"scroll","background-type":"","background-media":"","overlay-type":"","overlay-color":"","overlay-opacity":"","overlay-gradient":""},"tablet":{"background-color":"","background-image":"","background-repeat":"repeat","background-position":"center center","background-size":"auto","background-attachment":"scroll","background-type":"","background-media":"","overlay-type":"","overlay-color":"","overlay-opacity":"","overlay-gradient":""},"mobile":{"background-color":"","background-image":"","background-repeat":"repeat","background-position":"center center","background-size":"auto","background-attachment":"scroll","background-type":"","background-media":"","overlay-type":"","overlay-color":"","overlay-opacity":"","overlay-gradient":""}},"ast-content-background-meta":{"desktop":{"background-color":"var(--ast-global-color-5)","background-image":"","background-repeat":"repeat","background-position":"center center","background-size":"auto","background-attachment":"scroll","background-type":"","background-media":"","overlay-type":"","overlay-color":"","overlay-opacity":"","overlay-gradient":""},"tablet":{"background-color":"var(--ast-global-color-5)","background-image":"","background-repeat":"repeat","background-position":"center center","background-size":"auto","background-attachment":"scroll","background-type":"","background-media":"","overlay-type":"","overlay-color":"","overlay-opacity":"","overlay-gradient":""},"mobile":{"background-color":"var(--ast-global-color-5)","background-image":"","background-repeat":"repeat","background-position":"center center","background-size":"auto","background-attachment":"scroll","background-type":"","background-media":"","overlay-type":"","overlay-color":"","overlay-opacity":"","overlay-gradient":""}}},"product_brand":[],"product_cat":[51,54],"product_tag":[],"class_list":{"0":"post-6479","1":"product","2":"type-product","3":"status-publish","4":"has-post-thumbnail","6":"product_cat-riggging-hardware","7":"product_cat-shackle","8":"desktop-align-left","9":"tablet-align-left","10":"mobile-align-left","11":"ast-product-gallery-layout-horizontal-slider","12":"ast-product-tabs-layout-horizontal","14":"first","15":"instock","16":"shipping-taxable","17":"purchasable","18":"product-type-simple"},"yoast_head":"<!-- This site is optimized with the Yoast SEO plugin v25.2 - https:\/\/yoast.com\/wordpress\/plugins\/seo\/ -->\n<title>Screw Pin Shackle<\/title>\n<meta name=\"description\" content=\"Screw pin shackle is a type of metal connector that is used to link chains, ropes, cables, and other rigging hardware.\" \/>\n<meta name=\"robots\" content=\"index, follow, max-snippet:-1, max-image-preview:large, max-video-preview:-1\" \/>\n<link rel=\"canonical\" href=\"https:\/\/qingdaohf.com\/nb\/produkt\/skruestift-sjakkel\/\" \/>\n<meta property=\"og:locale\" content=\"nb_NO\" \/>\n<meta property=\"og:type\" content=\"article\" \/>\n<meta property=\"og:title\" content=\"Screw Pin Shackle\" \/>\n<meta property=\"og:description\" content=\"Screw pin shackle is a type of metal connector that is used to link chains, ropes, cables, and other rigging hardware.\" \/>\n<meta property=\"og:url\" content=\"https:\/\/qingdaohf.com\/nb\/produkt\/skruestift-sjakkel\/\" \/>\n<meta property=\"og:site_name\" content=\"Concrete Form &amp; Rigging Hardware Supplier\" \/>\n<meta property=\"article:publisher\" content=\"https:\/\/www.facebook.com\/qingdaohf\" \/>\n<meta property=\"article:modified_time\" content=\"2025-11-13T01:03:38+00:00\" \/>\n<meta property=\"og:image\" content=\"https:\/\/qingdaohf.com\/wp-content\/uploads\/2024\/02\/HF-SHACKLE-7.jpg\" \/>\n\t<meta property=\"og:image:width\" content=\"1000\" \/>\n\t<meta property=\"og:image:height\" content=\"1000\" \/>\n\t<meta property=\"og:image:type\" content=\"image\/jpeg\" \/>\n<meta name=\"twitter:card\" content=\"summary_large_image\" \/>\n<meta name=\"twitter:label1\" content=\"Ansl. lesetid\" \/>\n\t<meta name=\"twitter:data1\" content=\"2 minutter\" \/>\n<script type=\"application\/ld+json\" class=\"yoast-schema-graph\">{\"@context\":\"https:\/\/schema.org\",\"@graph\":[{\"@type\":\"WebPage\",\"@id\":\"https:\/\/qingdaohf.com\/product\/screw-pin-shackle\/\",\"url\":\"https:\/\/qingdaohf.com\/product\/screw-pin-shackle\/\",\"name\":\"Screw Pin Shackle\",\"isPartOf\":{\"@id\":\"https:\/\/qingdaohf.com\/bg\/#website\"},\"primaryImageOfPage\":{\"@id\":\"https:\/\/qingdaohf.com\/product\/screw-pin-shackle\/#primaryimage\"},\"image\":{\"@id\":\"https:\/\/qingdaohf.com\/product\/screw-pin-shackle\/#primaryimage\"},\"thumbnailUrl\":\"https:\/\/qingdaohf.com\/wp-content\/uploads\/2024\/02\/HF-SHACKLE-7.jpg\",\"datePublished\":\"2024-02-02T07:10:26+00:00\",\"dateModified\":\"2025-11-13T01:03:38+00:00\",\"description\":\"Screw pin shackle is a type of metal connector that is used to link chains, ropes, cables, and other rigging hardware.\",\"breadcrumb\":{\"@id\":\"https:\/\/qingdaohf.com\/product\/screw-pin-shackle\/#breadcrumb\"},\"inLanguage\":\"nb-NO\",\"potentialAction\":[{\"@type\":\"ReadAction\",\"target\":[\"https:\/\/qingdaohf.com\/product\/screw-pin-shackle\/\"]}]},{\"@type\":\"ImageObject\",\"inLanguage\":\"nb-NO\",\"@id\":\"https:\/\/qingdaohf.com\/product\/screw-pin-shackle\/#primaryimage\",\"url\":\"https:\/\/qingdaohf.com\/wp-content\/uploads\/2024\/02\/HF-SHACKLE-7.jpg\",\"contentUrl\":\"https:\/\/qingdaohf.com\/wp-content\/uploads\/2024\/02\/HF-SHACKLE-7.jpg\",\"width\":1000,\"height\":1000,\"caption\":\"Bow shackle\"},{\"@type\":\"BreadcrumbList\",\"@id\":\"https:\/\/qingdaohf.com\/product\/screw-pin-shackle\/#breadcrumb\",\"itemListElement\":[{\"@type\":\"ListItem\",\"position\":1,\"name\":\"Home\",\"item\":\"https:\/\/qingdaohf.com\/\"},{\"@type\":\"ListItem\",\"position\":2,\"name\":\"Concrete Forming Accessories and Rigging Hardware\",\"item\":\"https:\/\/qingdaohf.com\/bg\/?page_id=944\"},{\"@type\":\"ListItem\",\"position\":3,\"name\":\"Screw Pin Shackle\"}]},{\"@type\":\"WebSite\",\"@id\":\"https:\/\/qingdaohf.com\/bg\/#website\",\"url\":\"https:\/\/qingdaohf.com\/bg\/\",\"name\":\"Concrete Form & Rigging Hardware Supplier\",\"description\":\"\",\"publisher\":{\"@id\":\"https:\/\/qingdaohf.com\/bg\/#organization\"},\"potentialAction\":[{\"@type\":\"SearchAction\",\"target\":{\"@type\":\"EntryPoint\",\"urlTemplate\":\"https:\/\/qingdaohf.com\/bg\/?s={search_term_string}\"},\"query-input\":{\"@type\":\"PropertyValueSpecification\",\"valueRequired\":true,\"valueName\":\"search_term_string\"}}],\"inLanguage\":\"nb-NO\"},{\"@type\":\"Organization\",\"@id\":\"https:\/\/qingdaohf.com\/bg\/#organization\",\"name\":\"Qingdao H&F\",\"url\":\"https:\/\/qingdaohf.com\/bg\/\",\"logo\":{\"@type\":\"ImageObject\",\"inLanguage\":\"nb-NO\",\"@id\":\"https:\/\/qingdaohf.com\/bg\/#\/schema\/logo\/image\/\",\"url\":\"https:\/\/qingdaohf.com\/wp-content\/uploads\/2022\/12\/cropped-HF-LOGO.png\",\"contentUrl\":\"https:\/\/qingdaohf.com\/wp-content\/uploads\/2022\/12\/cropped-HF-LOGO.png\",\"width\":391,\"height\":249,\"caption\":\"Qingdao H&F\"},\"image\":{\"@id\":\"https:\/\/qingdaohf.com\/bg\/#\/schema\/logo\/image\/\"},\"sameAs\":[\"https:\/\/www.facebook.com\/qingdaohf\"]}]}<\/script>\n<!-- \/ Yoast SEO plugin. -->","yoast_head_json":{"title":"Screw Pin Shackle","description":"Screw pin shackle is a type of metal connector that is used to link chains, ropes, cables, and other rigging hardware.","robots":{"index":"index","follow":"follow","max-snippet":"max-snippet:-1","max-image-preview":"max-image-preview:large","max-video-preview":"max-video-preview:-1"},"canonical":"https:\/\/qingdaohf.com\/nb\/produkt\/skruestift-sjakkel\/","og_locale":"nb_NO","og_type":"article","og_title":"Screw Pin Shackle","og_description":"Screw pin shackle is a type of metal connector that is used to link chains, ropes, cables, and other rigging hardware.","og_url":"https:\/\/qingdaohf.com\/nb\/produkt\/skruestift-sjakkel\/","og_site_name":"Concrete Form &amp; Rigging Hardware Supplier","article_publisher":"https:\/\/www.facebook.com\/qingdaohf","article_modified_time":"2025-11-13T01:03:38+00:00","og_image":[{"width":1000,"height":1000,"url":"https:\/\/qingdaohf.com\/wp-content\/uploads\/2024\/02\/HF-SHACKLE-7.jpg","type":"image\/jpeg"}],"twitter_card":"summary_large_image","twitter_misc":{"Ansl. lesetid":"2 minutter"},"schema":{"@context":"https:\/\/schema.org","@graph":[{"@type":"WebPage","@id":"https:\/\/qingdaohf.com\/product\/screw-pin-shackle\/","url":"https:\/\/qingdaohf.com\/product\/screw-pin-shackle\/","name":"Screw Pin Shackle","isPartOf":{"@id":"https:\/\/qingdaohf.com\/bg\/#website"},"primaryImageOfPage":{"@id":"https:\/\/qingdaohf.com\/product\/screw-pin-shackle\/#primaryimage"},"image":{"@id":"https:\/\/qingdaohf.com\/product\/screw-pin-shackle\/#primaryimage"},"thumbnailUrl":"https:\/\/qingdaohf.com\/wp-content\/uploads\/2024\/02\/HF-SHACKLE-7.jpg","datePublished":"2024-02-02T07:10:26+00:00","dateModified":"2025-11-13T01:03:38+00:00","description":"Screw pin shackle is a type of metal connector that is used to link chains, ropes, cables, and other rigging hardware.","breadcrumb":{"@id":"https:\/\/qingdaohf.com\/product\/screw-pin-shackle\/#breadcrumb"},"inLanguage":"nb-NO","potentialAction":[{"@type":"ReadAction","target":["https:\/\/qingdaohf.com\/product\/screw-pin-shackle\/"]}]},{"@type":"ImageObject","inLanguage":"nb-NO","@id":"https:\/\/qingdaohf.com\/product\/screw-pin-shackle\/#primaryimage","url":"https:\/\/qingdaohf.com\/wp-content\/uploads\/2024\/02\/HF-SHACKLE-7.jpg","contentUrl":"https:\/\/qingdaohf.com\/wp-content\/uploads\/2024\/02\/HF-SHACKLE-7.jpg","width":1000,"height":1000,"caption":"Bow shackle"},{"@type":"BreadcrumbList","@id":"https:\/\/qingdaohf.com\/product\/screw-pin-shackle\/#breadcrumb","itemListElement":[{"@type":"ListItem","position":1,"name":"Home","item":"https:\/\/qingdaohf.com\/"},{"@type":"ListItem","position":2,"name":"Concrete Forming Accessories and Rigging Hardware","item":"https:\/\/qingdaohf.com\/bg\/?page_id=944"},{"@type":"ListItem","position":3,"name":"Screw Pin Shackle"}]},{"@type":"WebSite","@id":"https:\/\/qingdaohf.com\/bg\/#website","url":"https:\/\/qingdaohf.com\/bg\/","name":"Concrete Form & Rigging Hardware Supplier","description":"","publisher":{"@id":"https:\/\/qingdaohf.com\/bg\/#organization"},"potentialAction":[{"@type":"SearchAction","target":{"@type":"EntryPoint","urlTemplate":"https:\/\/qingdaohf.com\/bg\/?s={search_term_string}"},"query-input":{"@type":"PropertyValueSpecification","valueRequired":true,"valueName":"search_term_string"}}],"inLanguage":"nb-NO"},{"@type":"Organization","@id":"https:\/\/qingdaohf.com\/bg\/#organization","name":"Qingdao H&F","url":"https:\/\/qingdaohf.com\/bg\/","logo":{"@type":"ImageObject","inLanguage":"nb-NO","@id":"https:\/\/qingdaohf.com\/bg\/#\/schema\/logo\/image\/","url":"https:\/\/qingdaohf.com\/wp-content\/uploads\/2022\/12\/cropped-HF-LOGO.png","contentUrl":"https:\/\/qingdaohf.com\/wp-content\/uploads\/2022\/12\/cropped-HF-LOGO.png","width":391,"height":249,"caption":"Qingdao H&F"},"image":{"@id":"https:\/\/qingdaohf.com\/bg\/#\/schema\/logo\/image\/"},"sameAs":["https:\/\/www.facebook.com\/qingdaohf"]}]}},"_links":{"self":[{"href":"https:\/\/qingdaohf.com\/nb\/wp-json\/wp\/v2\/product\/6479","targetHints":{"allow":["GET"]}}],"collection":[{"href":"https:\/\/qingdaohf.com\/nb\/wp-json\/wp\/v2\/product"}],"about":[{"href":"https:\/\/qingdaohf.com\/nb\/wp-json\/wp\/v2\/types\/product"}],"replies":[{"embeddable":true,"href":"https:\/\/qingdaohf.com\/nb\/wp-json\/wp\/v2\/comments?post=6479"}],"version-history":[{"count":7,"href":"https:\/\/qingdaohf.com\/nb\/wp-json\/wp\/v2\/product\/6479\/revisions"}],"predecessor-version":[{"id":8213,"href":"https:\/\/qingdaohf.com\/nb\/wp-json\/wp\/v2\/product\/6479\/revisions\/8213"}],"wp:featuredmedia":[{"embeddable":true,"href":"https:\/\/qingdaohf.com\/nb\/wp-json\/wp\/v2\/media\/6471"}],"wp:attachment":[{"href":"https:\/\/qingdaohf.com\/nb\/wp-json\/wp\/v2\/media?parent=6479"}],"wp:term":[{"taxonomy":"product_brand","embeddable":true,"href":"https:\/\/qingdaohf.com\/nb\/wp-json\/wp\/v2\/product_brand?post=6479"},{"taxonomy":"product_cat","embeddable":true,"href":"https:\/\/qingdaohf.com\/nb\/wp-json\/wp\/v2\/product_cat?post=6479"},{"taxonomy":"product_tag","embeddable":true,"href":"https:\/\/qingdaohf.com\/nb\/wp-json\/wp\/v2\/product_tag?post=6479"}],"curies":[{"name":"wp","href":"https:\/\/api.w.org\/{rel}","templated":true}]}}