{"id":6496,"date":"2024-02-02T16:55:13","date_gmt":"2024-02-02T08:55:13","guid":{"rendered":"http:\/\/qingdaohf.com\/?post_type=product&#038;p=6496"},"modified":"2025-11-13T09:03:38","modified_gmt":"2025-11-13T01:03:38","slug":"round-pin-shackle","status":"publish","type":"product","link":"https:\/\/qingdaohf.com\/nb\/produkt\/sjakkel-med-rund-pinne\/","title":{"rendered":"Sjakkel med rund stift"},"content":{"rendered":"<p>Velkommen til v\u00e5r leverand\u00f8r av sjakler, din ultimate destinasjon for sjakler med runde pinner av f\u00f8rsteklasses kvalitet, laget av galvanisert og rustfritt st\u00e5l. Som bransjeledende spesialiserer vi oss p\u00e5 \u00e5 levere slitesterke sjakler designet for l\u00f8fting, tauing og rigging.<\/p>\n<p>V\u00e5re sjakler med runde pinner er omhyggelig utformet for \u00e5 oppfylle strenge kvalitetsstandarder, noe som sikrer p\u00e5litelighet og sikkerhet ved enhver bruk. Enten du jobber i byggebransjen, p\u00e5 sj\u00f8en eller i industrien, gir sjaklene v\u00e5re den styrken og holdbarheten som kreves for krevende oppgaver.<\/p>\n<p>En vanlig bekymring for kj\u00f8pere er \u00e5 sikre at sjakkelens materiale og konstruksjon oppfyller deres spesifikke behov. Med v\u00e5re alternativer i galvanisert og rustfritt st\u00e5l kan du stole p\u00e5 at sjaklene v\u00e5re er korrosjonsbestandige og konstruert for \u00e5 t\u00e5le t\u00f8ffe milj\u00f8er, noe som gir langvarig ytelse.<\/p>\n<p>I tillegg er det avgj\u00f8rende for sikker drift \u00e5 finne riktig st\u00f8rrelse og arbeidsbelastningsgrense (WLL). V\u00e5rt ekspertteam hjelper deg med \u00e5 velge riktig sjakkelst\u00f8rrelse og WLL som passer til dine l\u00f8fte- og riggbehov, slik at du f\u00e5r optimal ytelse og sikkerhet p\u00e5 jobben.<\/p>\n<p>De vanligste arbeidsbelastningsgrensene (WLL) og st\u00f8rrelsene p\u00e5 sjakler med runde pinner:<\/p>\n<p><strong>WLLs<\/strong>: 0,33 tonn, 0,5 tonn, 0,75 tonn, 1 tonn, 1,5 tonn, 2 tonn, 3,25 tonn, 4,75 tonn, 6,5 tonn, 8,5 tonn, 9,5 tonn, 12 tonn, 13,5 tonn, 17 tonn, 25 tonn, 35 tonn, 55 tonn, 85 tonn, 120 tonn, 150 tonn<\/p>\n<p><strong>St\u00f8rrelser<\/strong>: 1\/4 tomme, 3\/8 tomme, 1\/2 tomme, 5\/8 tomme, 3\/4 tomme, 7\/8 tomme, 1 tomme, 1-1\/4 tomme, 1-1\/2 tomme, 1-3\/4 tomme, 2 tomme, 2-1\/2 tomme, 3 tomme<\/p>\n<p>Samarbeid med oss for alle dine behov for sjakler og opplev uovertruffen kvalitet, p\u00e5litelighet og kundeservice. Se gjennom v\u00e5rt omfattende utvalg i dag, og l\u00f8ft dine l\u00f8fte-, slepe- og riggoperasjoner med selvtillit.<\/p>\n<p>Modell: <a href=\"http:\/\/qingdaohf.com\/nb\/product\/g213-g215-galvanized-shackle\/\">G213<\/a> <a href=\"http:\/\/qingdaohf.com\/nb\/product\/g213-g215-galvanized-shackle\/\">G215<\/a><\/p>","protected":false},"excerpt":{"rendered":"<p>En rundstiftet sjakkel er en maskinvarekomponent som brukes til \u00e5 koble sammen kjettinger, vaiere, tau og annet riggmateriale. Den best\u00e5r av en U-formet kropp med to \u00f8yer i endene og en rund pinne som g\u00e5r gjennom begge \u00f8ynene. Stiften festes med en splint eller en gjenget plugg.<\/p>\n<p>Sjakler med runde pinner er tilgjengelige i en rekke forskjellige st\u00f8rrelser og materialer, med arbeidsbelastninger fra noen f\u00e5 hundre pund til hundrevis av tonn.<\/p>","protected":false},"featured_media":6497,"comment_status":"open","ping_status":"closed","template":"","meta":{"site-sidebar-layout":"default","site-content-layout":"","ast-site-content-layout":"default","site-content-style":"default","site-sidebar-style":"default","ast-global-header-display":"","ast-banner-title-visibility":"","ast-main-header-display":"","ast-hfb-above-header-display":"","ast-hfb-below-header-display":"","ast-hfb-mobile-header-display":"","site-post-title":"","ast-breadcrumbs-content":"","ast-featured-img":"","footer-sml-layout":"","theme-transparent-header-meta":"default","adv-header-id-meta":"","stick-header-meta":"default","header-above-stick-meta":"","header-main-stick-meta":"","header-below-stick-meta":"","astra-migrate-meta-layouts":"set","ast-page-background-enabled":"default","ast-page-background-meta":{"desktop":{"background-color":"","background-image":"","background-repeat":"repeat","background-position":"center center","background-size":"auto","background-attachment":"scroll","background-type":"","background-media":"","overlay-type":"","overlay-color":"","overlay-opacity":"","overlay-gradient":""},"tablet":{"background-color":"","background-image":"","background-repeat":"repeat","background-position":"center center","background-size":"auto","background-attachment":"scroll","background-type":"","background-media":"","overlay-type":"","overlay-color":"","overlay-opacity":"","overlay-gradient":""},"mobile":{"background-color":"","background-image":"","background-repeat":"repeat","background-position":"center center","background-size":"auto","background-attachment":"scroll","background-type":"","background-media":"","overlay-type":"","overlay-color":"","overlay-opacity":"","overlay-gradient":""}},"ast-content-background-meta":{"desktop":{"background-color":"var(--ast-global-color-5)","background-image":"","background-repeat":"repeat","background-position":"center center","background-size":"auto","background-attachment":"scroll","background-type":"","background-media":"","overlay-type":"","overlay-color":"","overlay-opacity":"","overlay-gradient":""},"tablet":{"background-color":"var(--ast-global-color-5)","background-image":"","background-repeat":"repeat","background-position":"center center","background-size":"auto","background-attachment":"scroll","background-type":"","background-media":"","overlay-type":"","overlay-color":"","overlay-opacity":"","overlay-gradient":""},"mobile":{"background-color":"var(--ast-global-color-5)","background-image":"","background-repeat":"repeat","background-position":"center center","background-size":"auto","background-attachment":"scroll","background-type":"","background-media":"","overlay-type":"","overlay-color":"","overlay-opacity":"","overlay-gradient":""}}},"product_brand":[],"product_cat":[51,54],"product_tag":[],"class_list":{"0":"post-6496","1":"product","2":"type-product","3":"status-publish","4":"has-post-thumbnail","6":"product_cat-riggging-hardware","7":"product_cat-shackle","8":"desktop-align-left","9":"tablet-align-left","10":"mobile-align-left","11":"ast-product-gallery-layout-horizontal-slider","12":"ast-product-tabs-layout-horizontal","14":"first","15":"instock","16":"shipping-taxable","17":"purchasable","18":"product-type-simple"},"yoast_head":"<!-- This site is optimized with the Yoast SEO plugin v25.2 - https:\/\/yoast.com\/wordpress\/plugins\/seo\/ -->\n<title>Round Pin Shackle<\/title>\n<meta name=\"description\" content=\"Round pin shackles are available in a variety of sizes and materials, with working load limits ranging from a few hundred pounds to hundreds of tons.\" \/>\n<meta name=\"robots\" content=\"index, follow, max-snippet:-1, max-image-preview:large, max-video-preview:-1\" \/>\n<link rel=\"canonical\" href=\"https:\/\/qingdaohf.com\/nb\/produkt\/sjakkel-med-rund-pinne\/\" \/>\n<meta property=\"og:locale\" content=\"nb_NO\" \/>\n<meta property=\"og:type\" content=\"article\" \/>\n<meta property=\"og:title\" content=\"Round Pin Shackle\" \/>\n<meta property=\"og:description\" content=\"Round pin shackles are available in a variety of sizes and materials, with working load limits ranging from a few hundred pounds to hundreds of tons.\" \/>\n<meta property=\"og:url\" content=\"https:\/\/qingdaohf.com\/nb\/produkt\/sjakkel-med-rund-pinne\/\" \/>\n<meta property=\"og:site_name\" content=\"Concrete Form &amp; Rigging Hardware Supplier\" \/>\n<meta property=\"article:publisher\" content=\"https:\/\/www.facebook.com\/qingdaohf\" \/>\n<meta property=\"article:modified_time\" content=\"2025-11-13T01:03:38+00:00\" \/>\n<meta property=\"og:image\" content=\"https:\/\/qingdaohf.com\/wp-content\/uploads\/2024\/02\/Round-Pin-Shackle.jpg\" \/>\n\t<meta property=\"og:image:width\" content=\"1000\" \/>\n\t<meta property=\"og:image:height\" content=\"1000\" \/>\n\t<meta property=\"og:image:type\" content=\"image\/jpeg\" \/>\n<meta name=\"twitter:card\" content=\"summary_large_image\" \/>\n<meta name=\"twitter:label1\" content=\"Ansl. lesetid\" \/>\n\t<meta name=\"twitter:data1\" content=\"2 minutter\" \/>\n<script type=\"application\/ld+json\" class=\"yoast-schema-graph\">{\"@context\":\"https:\/\/schema.org\",\"@graph\":[{\"@type\":\"WebPage\",\"@id\":\"https:\/\/qingdaohf.com\/product\/round-pin-shackle\/\",\"url\":\"https:\/\/qingdaohf.com\/product\/round-pin-shackle\/\",\"name\":\"Round Pin Shackle\",\"isPartOf\":{\"@id\":\"https:\/\/qingdaohf.com\/bg\/#website\"},\"primaryImageOfPage\":{\"@id\":\"https:\/\/qingdaohf.com\/product\/round-pin-shackle\/#primaryimage\"},\"image\":{\"@id\":\"https:\/\/qingdaohf.com\/product\/round-pin-shackle\/#primaryimage\"},\"thumbnailUrl\":\"https:\/\/qingdaohf.com\/wp-content\/uploads\/2024\/02\/Round-Pin-Shackle.jpg\",\"datePublished\":\"2024-02-02T08:55:13+00:00\",\"dateModified\":\"2025-11-13T01:03:38+00:00\",\"description\":\"Round pin shackles are available in a variety of sizes and materials, with working load limits ranging from a few hundred pounds to hundreds of tons.\",\"breadcrumb\":{\"@id\":\"https:\/\/qingdaohf.com\/product\/round-pin-shackle\/#breadcrumb\"},\"inLanguage\":\"nb-NO\",\"potentialAction\":[{\"@type\":\"ReadAction\",\"target\":[\"https:\/\/qingdaohf.com\/product\/round-pin-shackle\/\"]}]},{\"@type\":\"ImageObject\",\"inLanguage\":\"nb-NO\",\"@id\":\"https:\/\/qingdaohf.com\/product\/round-pin-shackle\/#primaryimage\",\"url\":\"https:\/\/qingdaohf.com\/wp-content\/uploads\/2024\/02\/Round-Pin-Shackle.jpg\",\"contentUrl\":\"https:\/\/qingdaohf.com\/wp-content\/uploads\/2024\/02\/Round-Pin-Shackle.jpg\",\"width\":1000,\"height\":1000,\"caption\":\"Round Pin Shackle\"},{\"@type\":\"BreadcrumbList\",\"@id\":\"https:\/\/qingdaohf.com\/product\/round-pin-shackle\/#breadcrumb\",\"itemListElement\":[{\"@type\":\"ListItem\",\"position\":1,\"name\":\"Home\",\"item\":\"https:\/\/qingdaohf.com\/\"},{\"@type\":\"ListItem\",\"position\":2,\"name\":\"Concrete Forming Accessories and Rigging Hardware\",\"item\":\"https:\/\/qingdaohf.com\/bg\/?page_id=944\"},{\"@type\":\"ListItem\",\"position\":3,\"name\":\"Round Pin Shackle\"}]},{\"@type\":\"WebSite\",\"@id\":\"https:\/\/qingdaohf.com\/bg\/#website\",\"url\":\"https:\/\/qingdaohf.com\/bg\/\",\"name\":\"Concrete Form & Rigging Hardware Supplier\",\"description\":\"\",\"publisher\":{\"@id\":\"https:\/\/qingdaohf.com\/bg\/#organization\"},\"potentialAction\":[{\"@type\":\"SearchAction\",\"target\":{\"@type\":\"EntryPoint\",\"urlTemplate\":\"https:\/\/qingdaohf.com\/bg\/?s={search_term_string}\"},\"query-input\":{\"@type\":\"PropertyValueSpecification\",\"valueRequired\":true,\"valueName\":\"search_term_string\"}}],\"inLanguage\":\"nb-NO\"},{\"@type\":\"Organization\",\"@id\":\"https:\/\/qingdaohf.com\/bg\/#organization\",\"name\":\"Qingdao H&F\",\"url\":\"https:\/\/qingdaohf.com\/bg\/\",\"logo\":{\"@type\":\"ImageObject\",\"inLanguage\":\"nb-NO\",\"@id\":\"https:\/\/qingdaohf.com\/bg\/#\/schema\/logo\/image\/\",\"url\":\"https:\/\/qingdaohf.com\/wp-content\/uploads\/2022\/12\/cropped-HF-LOGO.png\",\"contentUrl\":\"https:\/\/qingdaohf.com\/wp-content\/uploads\/2022\/12\/cropped-HF-LOGO.png\",\"width\":391,\"height\":249,\"caption\":\"Qingdao H&F\"},\"image\":{\"@id\":\"https:\/\/qingdaohf.com\/bg\/#\/schema\/logo\/image\/\"},\"sameAs\":[\"https:\/\/www.facebook.com\/qingdaohf\"]}]}<\/script>\n<!-- \/ Yoast SEO plugin. -->","yoast_head_json":{"title":"Round Pin Shackle","description":"Round pin shackles are available in a variety of sizes and materials, with working load limits ranging from a few hundred pounds to hundreds of tons.","robots":{"index":"index","follow":"follow","max-snippet":"max-snippet:-1","max-image-preview":"max-image-preview:large","max-video-preview":"max-video-preview:-1"},"canonical":"https:\/\/qingdaohf.com\/nb\/produkt\/sjakkel-med-rund-pinne\/","og_locale":"nb_NO","og_type":"article","og_title":"Round Pin Shackle","og_description":"Round pin shackles are available in a variety of sizes and materials, with working load limits ranging from a few hundred pounds to hundreds of tons.","og_url":"https:\/\/qingdaohf.com\/nb\/produkt\/sjakkel-med-rund-pinne\/","og_site_name":"Concrete Form &amp; Rigging Hardware Supplier","article_publisher":"https:\/\/www.facebook.com\/qingdaohf","article_modified_time":"2025-11-13T01:03:38+00:00","og_image":[{"width":1000,"height":1000,"url":"https:\/\/qingdaohf.com\/wp-content\/uploads\/2024\/02\/Round-Pin-Shackle.jpg","type":"image\/jpeg"}],"twitter_card":"summary_large_image","twitter_misc":{"Ansl. lesetid":"2 minutter"},"schema":{"@context":"https:\/\/schema.org","@graph":[{"@type":"WebPage","@id":"https:\/\/qingdaohf.com\/product\/round-pin-shackle\/","url":"https:\/\/qingdaohf.com\/product\/round-pin-shackle\/","name":"Round Pin Shackle","isPartOf":{"@id":"https:\/\/qingdaohf.com\/bg\/#website"},"primaryImageOfPage":{"@id":"https:\/\/qingdaohf.com\/product\/round-pin-shackle\/#primaryimage"},"image":{"@id":"https:\/\/qingdaohf.com\/product\/round-pin-shackle\/#primaryimage"},"thumbnailUrl":"https:\/\/qingdaohf.com\/wp-content\/uploads\/2024\/02\/Round-Pin-Shackle.jpg","datePublished":"2024-02-02T08:55:13+00:00","dateModified":"2025-11-13T01:03:38+00:00","description":"Round pin shackles are available in a variety of sizes and materials, with working load limits ranging from a few hundred pounds to hundreds of tons.","breadcrumb":{"@id":"https:\/\/qingdaohf.com\/product\/round-pin-shackle\/#breadcrumb"},"inLanguage":"nb-NO","potentialAction":[{"@type":"ReadAction","target":["https:\/\/qingdaohf.com\/product\/round-pin-shackle\/"]}]},{"@type":"ImageObject","inLanguage":"nb-NO","@id":"https:\/\/qingdaohf.com\/product\/round-pin-shackle\/#primaryimage","url":"https:\/\/qingdaohf.com\/wp-content\/uploads\/2024\/02\/Round-Pin-Shackle.jpg","contentUrl":"https:\/\/qingdaohf.com\/wp-content\/uploads\/2024\/02\/Round-Pin-Shackle.jpg","width":1000,"height":1000,"caption":"Round Pin Shackle"},{"@type":"BreadcrumbList","@id":"https:\/\/qingdaohf.com\/product\/round-pin-shackle\/#breadcrumb","itemListElement":[{"@type":"ListItem","position":1,"name":"Home","item":"https:\/\/qingdaohf.com\/"},{"@type":"ListItem","position":2,"name":"Concrete Forming Accessories and Rigging Hardware","item":"https:\/\/qingdaohf.com\/bg\/?page_id=944"},{"@type":"ListItem","position":3,"name":"Round Pin Shackle"}]},{"@type":"WebSite","@id":"https:\/\/qingdaohf.com\/bg\/#website","url":"https:\/\/qingdaohf.com\/bg\/","name":"Concrete Form & Rigging Hardware Supplier","description":"","publisher":{"@id":"https:\/\/qingdaohf.com\/bg\/#organization"},"potentialAction":[{"@type":"SearchAction","target":{"@type":"EntryPoint","urlTemplate":"https:\/\/qingdaohf.com\/bg\/?s={search_term_string}"},"query-input":{"@type":"PropertyValueSpecification","valueRequired":true,"valueName":"search_term_string"}}],"inLanguage":"nb-NO"},{"@type":"Organization","@id":"https:\/\/qingdaohf.com\/bg\/#organization","name":"Qingdao H&F","url":"https:\/\/qingdaohf.com\/bg\/","logo":{"@type":"ImageObject","inLanguage":"nb-NO","@id":"https:\/\/qingdaohf.com\/bg\/#\/schema\/logo\/image\/","url":"https:\/\/qingdaohf.com\/wp-content\/uploads\/2022\/12\/cropped-HF-LOGO.png","contentUrl":"https:\/\/qingdaohf.com\/wp-content\/uploads\/2022\/12\/cropped-HF-LOGO.png","width":391,"height":249,"caption":"Qingdao H&F"},"image":{"@id":"https:\/\/qingdaohf.com\/bg\/#\/schema\/logo\/image\/"},"sameAs":["https:\/\/www.facebook.com\/qingdaohf"]}]}},"_links":{"self":[{"href":"https:\/\/qingdaohf.com\/nb\/wp-json\/wp\/v2\/product\/6496","targetHints":{"allow":["GET"]}}],"collection":[{"href":"https:\/\/qingdaohf.com\/nb\/wp-json\/wp\/v2\/product"}],"about":[{"href":"https:\/\/qingdaohf.com\/nb\/wp-json\/wp\/v2\/types\/product"}],"replies":[{"embeddable":true,"href":"https:\/\/qingdaohf.com\/nb\/wp-json\/wp\/v2\/comments?post=6496"}],"version-history":[{"count":3,"href":"https:\/\/qingdaohf.com\/nb\/wp-json\/wp\/v2\/product\/6496\/revisions"}],"predecessor-version":[{"id":6500,"href":"https:\/\/qingdaohf.com\/nb\/wp-json\/wp\/v2\/product\/6496\/revisions\/6500"}],"wp:featuredmedia":[{"embeddable":true,"href":"https:\/\/qingdaohf.com\/nb\/wp-json\/wp\/v2\/media\/6497"}],"wp:attachment":[{"href":"https:\/\/qingdaohf.com\/nb\/wp-json\/wp\/v2\/media?parent=6496"}],"wp:term":[{"taxonomy":"product_brand","embeddable":true,"href":"https:\/\/qingdaohf.com\/nb\/wp-json\/wp\/v2\/product_brand?post=6496"},{"taxonomy":"product_cat","embeddable":true,"href":"https:\/\/qingdaohf.com\/nb\/wp-json\/wp\/v2\/product_cat?post=6496"},{"taxonomy":"product_tag","embeddable":true,"href":"https:\/\/qingdaohf.com\/nb\/wp-json\/wp\/v2\/product_tag?post=6496"}],"curies":[{"name":"wp","href":"https:\/\/api.w.org\/{rel}","templated":true}]}}