{"id":7163,"date":"2024-05-20T13:42:36","date_gmt":"2024-05-20T05:42:36","guid":{"rendered":"http:\/\/qingdaohf.com\/?post_type=product&#038;p=7163"},"modified":"2025-11-13T09:03:16","modified_gmt":"2025-11-13T01:03:16","slug":"aluminum-form-wall-ties","status":"publish","type":"product","link":"https:\/\/qingdaohf.com\/nb\/produkt\/veggbindere-i-aluminiumsform\/","title":{"rendered":"Veggb\u00e5nd i aluminiumsform"},"content":{"rendered":"<p>Forskalingsbindere i aluminium spiller en viktig rolle i betongforskalingskonstruksjoner, spesielt n\u00e5r presisjon og holdbarhet er avgj\u00f8rende. Disse b\u00e5ndene holder forskalingen p\u00e5 plass under betongst\u00f8peprosessen, og s\u00f8rger for at formene opprettholder sin tiltenkte form og justering. Dermed bidrar de til \u00e5 garantere strukturell integritet og ensartethet i betongvegger og -s\u00f8yler. Forskalingsb\u00e5ndene kan v\u00e6re laget av ulike materialer, men aluminium skiller seg ut p\u00e5 grunn av sin kombinasjon av styrke, lav vekt og korrosjonsbestandighet. Hos Qingdao H&amp;F tilbyr vi h\u00f8ykvalitets aluminiumsb\u00e5nd som er skreddersydd for behovene i byggebransjen, slik at prosjektene dine kan fullf\u00f8res effektivt og trygt.<\/p>\n<h3><strong>Hvorfor aluminium til formb\u00e5nd?<\/strong><\/h3>\n<p>Bruken av aluminium i forskalingsb\u00e5nd har \u00f8kt kraftig p\u00e5 grunn av de unike egenskapene som gj\u00f8r det velegnet til krevende konstruksjonsmilj\u00f8er. Aluminium er lett, men likevel sterkt, noe som gj\u00f8r det enkelt \u00e5 h\u00e5ndtere p\u00e5 byggeplassen uten at det g\u00e5r p\u00e5 bekostning av ytelsen. Dette er spesielt fordelaktig n\u00e5r det er behov for store mengder b\u00e5nd, eller n\u00e5r arbeiderne m\u00e5 h\u00e5ndtere store arbeidsmengder. I motsetning til andre materialer som st\u00e5l, reduserer aluminiums letthet belastningen under h\u00e5ndtering og montering.<\/p>\n<p>Korrosjonsbestandighet er en annen viktig fordel. Forskalingsb\u00e5ndene utsettes for fuktighet og ulike kjemikalier i betongblandingen. Aluminium er naturlig motstandsdyktig mot rust og andre former for korrosjon, noe som forlenger levetiden til forskalingsb\u00e5ndene og reduserer behovet for hyppige utskiftninger. Denne holdbarheten betyr langsiktige kostnadsbesparelser for bedrifter, spesielt i store prosjekter der det er avgj\u00f8rende \u00e5 minimere nedetid og vedlikehold.<\/p>\n<h3><strong>Effektivitet og kostnadseffektivitet i bygg- og anleggsbransjen<\/strong><\/h3>\n<p>Effektivitet er hj\u00f8rnesteinen i vellykkede byggeprosjekter, og forskalingsb\u00e5nd bidrar til \u00e5 n\u00e5 dette m\u00e5let ved \u00e5 s\u00f8rge for at forskalingen holdes p\u00e5 plass, slik at kostbare feil unng\u00e5s. D\u00e5rlig justert eller svakt festet forskaling kan f\u00f8re til strukturelle problemer i betongen, noe som resulterer i forsinkelser, bortkastede materialer og potensielt usikre resultater. Forskalingsbindere i aluminium s\u00f8rger ikke bare for sikker forskaling, men forenkler ogs\u00e5 monterings- og demonteringsprosessene.<\/p>\n<p>Fordi forskalingsbindere i aluminium kan gjenbrukes, gir de betydelige kostnadsbesparelser over tid. Entrepren\u00f8rer st\u00e5r ofte overfor dilemmaet med \u00e5 balansere kortsiktige kostnader med langsiktige fordeler, og ved \u00e5 investere i slitesterke, gjenbrukbare forskalingsb\u00e5nd kan man redusere behovet for hyppige utskiftninger og senke de totale prosjektkostnadene. Fordi aluminiumsb\u00e5nd er lettere og enklere \u00e5 transportere, reduserer de dessuten logistikkostnadene og gj\u00f8r arbeidet p\u00e5 byggeplassen mer effektivt.<\/p>\n<div class=\"ast-oembed-container\" style=\"height: 100%;\"><iframe title=\"Tilbeh\u00f8r til betongforskaling - buet kile og rett kile\" width=\"500\" height=\"281\" src=\"https:\/\/www.youtube.com\/embed\/_He4pUDjl1U?feature=oembed\" frameborder=\"0\" allow=\"accelerometer; autoplay; clipboard-write; encrypted-media; gyroscope; picture-in-picture; web-share\" referrerpolicy=\"strict-origin-when-cross-origin\" allowfullscreen><\/iframe><\/div>\n<h3><strong>B\u00e6rekraft og milj\u00f8p\u00e5virkning<\/strong><\/h3>\n<p>I den moderne byggebransjen blir b\u00e6rekraft stadig viktigere, og aluminiumsformer er i tr\u00e5d med milj\u00f8vennlig praksis. Aluminium er sv\u00e6rt resirkulerbart, og mange aluminiumprodukter er laget av resirkulerte materialer. Dette reduserer behovet for nye r\u00e5materialer og minimerer milj\u00f8p\u00e5virkningen. P\u00e5 slutten av livssyklusen kan aluminiumsb\u00e5nd smeltes om og gjenbrukes uten \u00e5 miste sine iboende egenskaper, noe som gj\u00f8r dem til et b\u00e6rekraftig valg for bygg- og anleggsarbeidere som er opptatt av \u00e5 redusere sitt karbonavtrykk.<\/p>\n<p>Bruk av holdbare, gjenbrukbare materialer som aluminium reduserer dessuten avfallet som genereres p\u00e5 byggeplassen. Entrepren\u00f8rer kan gjenbruke aluminiumsb\u00e5nd i flere prosjekter, noe som reduserer mengden av kasserte materialer som ellers ville havnet p\u00e5 s\u00f8ppelfyllinger. Dette hjelper byggefirmaer med \u00e5 n\u00e5 globale b\u00e6rekraftsm\u00e5l og appellerer til kunder som prioriterer milj\u00f8ansvarlig praksis.<\/p>\n<h3><strong>Qingdao H&amp;Fs forpliktelse til kvalitet og service<\/strong><\/h3>\n<p>Hos Qingdao H&amp;F forst\u00e5r vi at fagfolk i byggebransjen trenger p\u00e5litelige materialer og eksepsjonell service for \u00e5 fullf\u00f8re prosjektene sine i tide og innenfor budsjettet. V\u00e5re aluminiumsb\u00e5nd er produsert med strenge kvalitetskontrollstandarder, noe som sikrer jevn ytelse og holdbarhet. Vi er stolte av \u00e5 kunne tilby ikke bare produkter av h\u00f8y kvalitet, men ogs\u00e5 konkurransedyktige priser, slik at kundene v\u00e5re kan dra nytte av b\u00e5de overkommelige priser og fremragende kvalitet.<\/p>\n<p>Vi vet at hvert prosjekt er unikt, og teamet v\u00e5rt tilbyr personlig kundeservice for \u00e5 sikre at du f\u00e5r de beste produktene for dine spesifikke behov. Fra \u00e5 hjelpe deg med \u00e5 velge riktig type aluminiumsformb\u00e5nd til \u00e5 gi deg l\u00f8pende st\u00f8tte gjennom hele prosjektet, er vi opptatt av \u00e5 gj\u00f8re kj\u00f8psopplevelsen din smidig og effektiv. Qingdao H&amp;F har tjent byggebransjen i 20 \u00e5r og har opparbeidet seg et rykte for p\u00e5litelighet, troverdighet og kundetilfredshet.<\/p>\n<h3><strong>Konklusjon: Hvorfor aluminiumsb\u00e5nd fra Qingdao H&amp;F?<\/strong><\/h3>\n<p>\u00c5 velge de riktige forskalingsb\u00e5ndene er avgj\u00f8rende for \u00e5 sikre at byggeprosjektene dine blir vellykkede, og forskalingsb\u00e5nd i aluminium tilbyr en kombinasjon av styrke, holdbarhet og kostnadseffektivitet som f\u00e5 andre materialer kan matche. Hos Qingdao H&amp;F tilbyr vi f\u00f8rsteklasses forskalingsb\u00e5nd i aluminium som oppfyller behovene til moderne bygg og anlegg, slik at prosjektene dine blir bygget for \u00e5 vare. Med v\u00e5rt fokus p\u00e5 kvalitet, konkurransedyktige priser og enest\u00e5ende kundeservice er vi din p\u00e5litelige partner n\u00e5r det gjelder \u00e5 oppn\u00e5 fremragende konstruksjon. Enten du jobber med et mindre prosjekt eller en st\u00f8rre infrastrukturutbygging, vil v\u00e5re forskalingsb\u00e5nd i aluminium hjelpe deg med \u00e5 oppn\u00e5 optimale resultater hver gang.<\/p>","protected":false},"excerpt":{"rendered":"<p><strong>Oppn\u00e5 presise betongveggdimensjoner og sikre strukturell integritet<\/strong> med aluminiumsformingsb\u00e5nd, en viktig komponent i aluminiumsformingssystemer. Disse b\u00e5ndene fungerer sammen med aluminiumsformstifter og aluminiumsformkiler for \u00e5 skape et robust og effektivt veggforskalingssystem. <strong>Veggtykkelse St\u00f8rrelser<\/strong> for \u00e5 passe til ulike betongveggkonstruksjoner. Vanlige st\u00f8rrelser inkluderer <strong>6\" - 24\"<\/strong>slik at du enkelt kan bygge vegger av ulik tykkelse.<\/p>","protected":false},"featured_media":7168,"comment_status":"open","ping_status":"closed","template":"","meta":{"site-sidebar-layout":"default","site-content-layout":"","ast-site-content-layout":"default","site-content-style":"default","site-sidebar-style":"default","ast-global-header-display":"","ast-banner-title-visibility":"","ast-main-header-display":"","ast-hfb-above-header-display":"","ast-hfb-below-header-display":"","ast-hfb-mobile-header-display":"","site-post-title":"","ast-breadcrumbs-content":"","ast-featured-img":"","footer-sml-layout":"","theme-transparent-header-meta":"default","adv-header-id-meta":"","stick-header-meta":"default","header-above-stick-meta":"","header-main-stick-meta":"","header-below-stick-meta":"","astra-migrate-meta-layouts":"set","ast-page-background-enabled":"default","ast-page-background-meta":{"desktop":{"background-color":"","background-image":"","background-repeat":"repeat","background-position":"center center","background-size":"auto","background-attachment":"scroll","background-type":"","background-media":"","overlay-type":"","overlay-color":"","overlay-opacity":"","overlay-gradient":""},"tablet":{"background-color":"","background-image":"","background-repeat":"repeat","background-position":"center center","background-size":"auto","background-attachment":"scroll","background-type":"","background-media":"","overlay-type":"","overlay-color":"","overlay-opacity":"","overlay-gradient":""},"mobile":{"background-color":"","background-image":"","background-repeat":"repeat","background-position":"center center","background-size":"auto","background-attachment":"scroll","background-type":"","background-media":"","overlay-type":"","overlay-color":"","overlay-opacity":"","overlay-gradient":""}},"ast-content-background-meta":{"desktop":{"background-color":"var(--ast-global-color-5)","background-image":"","background-repeat":"repeat","background-position":"center center","background-size":"auto","background-attachment":"scroll","background-type":"","background-media":"","overlay-type":"","overlay-color":"","overlay-opacity":"","overlay-gradient":""},"tablet":{"background-color":"var(--ast-global-color-5)","background-image":"","background-repeat":"repeat","background-position":"center center","background-size":"auto","background-attachment":"scroll","background-type":"","background-media":"","overlay-type":"","overlay-color":"","overlay-opacity":"","overlay-gradient":""},"mobile":{"background-color":"var(--ast-global-color-5)","background-image":"","background-repeat":"repeat","background-position":"center center","background-size":"auto","background-attachment":"scroll","background-type":"","background-media":"","overlay-type":"","overlay-color":"","overlay-opacity":"","overlay-gradient":""}}},"product_brand":[],"product_cat":[65],"product_tag":[],"class_list":{"0":"post-7163","1":"product","2":"type-product","3":"status-publish","4":"has-post-thumbnail","6":"product_cat-aluminum-form-tie","7":"desktop-align-left","8":"tablet-align-left","9":"mobile-align-left","10":"ast-product-gallery-layout-horizontal-slider","11":"ast-product-tabs-layout-horizontal","13":"first","14":"instock","15":"shipping-taxable","16":"purchasable","17":"product-type-simple"},"yoast_head":"<!-- This site is optimized with the Yoast SEO plugin v25.2 - https:\/\/yoast.com\/wordpress\/plugins\/seo\/ -->\n<title>Aluminum Form Wall Ties<\/title>\n<meta name=\"description\" content=\"Aluminum Form Wall Ties are available in a range of Wall Thickness Sizes to accommodate various concrete wall designs. Common sizes include 6\u201d - 24\u201d.\" \/>\n<meta name=\"robots\" content=\"index, follow, max-snippet:-1, max-image-preview:large, max-video-preview:-1\" \/>\n<link rel=\"canonical\" href=\"https:\/\/qingdaohf.com\/nb\/produkt\/veggbindere-i-aluminiumsform\/\" \/>\n<meta property=\"og:locale\" content=\"nb_NO\" \/>\n<meta property=\"og:type\" content=\"article\" \/>\n<meta property=\"og:title\" content=\"Aluminum Form Wall Ties\" \/>\n<meta property=\"og:description\" content=\"Aluminum Form Wall Ties are available in a range of Wall Thickness Sizes to accommodate various concrete wall designs. Common sizes include 6\u201d - 24\u201d.\" \/>\n<meta property=\"og:url\" content=\"https:\/\/qingdaohf.com\/nb\/produkt\/veggbindere-i-aluminiumsform\/\" \/>\n<meta property=\"og:site_name\" content=\"Concrete Form &amp; Rigging Hardware Supplier\" \/>\n<meta property=\"article:publisher\" content=\"https:\/\/www.facebook.com\/qingdaohf\" \/>\n<meta property=\"article:modified_time\" content=\"2025-11-13T01:03:16+00:00\" \/>\n<meta property=\"og:image\" content=\"https:\/\/qingdaohf.com\/wp-content\/uploads\/2024\/05\/Aluminum-Form-Wall-Ties-1.jpg\" \/>\n\t<meta property=\"og:image:width\" content=\"1000\" \/>\n\t<meta property=\"og:image:height\" content=\"1000\" \/>\n\t<meta property=\"og:image:type\" content=\"image\/jpeg\" \/>\n<meta name=\"twitter:card\" content=\"summary_large_image\" \/>\n<meta name=\"twitter:label1\" content=\"Ansl. lesetid\" \/>\n\t<meta name=\"twitter:data1\" content=\"4 minutter\" \/>\n<script type=\"application\/ld+json\" class=\"yoast-schema-graph\">{\"@context\":\"https:\/\/schema.org\",\"@graph\":[{\"@type\":\"WebPage\",\"@id\":\"https:\/\/qingdaohf.com\/product\/aluminum-form-wall-ties\/\",\"url\":\"https:\/\/qingdaohf.com\/product\/aluminum-form-wall-ties\/\",\"name\":\"Aluminum Form Wall Ties\",\"isPartOf\":{\"@id\":\"https:\/\/qingdaohf.com\/bg\/#website\"},\"primaryImageOfPage\":{\"@id\":\"https:\/\/qingdaohf.com\/product\/aluminum-form-wall-ties\/#primaryimage\"},\"image\":{\"@id\":\"https:\/\/qingdaohf.com\/product\/aluminum-form-wall-ties\/#primaryimage\"},\"thumbnailUrl\":\"https:\/\/qingdaohf.com\/wp-content\/uploads\/2024\/05\/Aluminum-Form-Wall-Ties-1.jpg\",\"datePublished\":\"2024-05-20T05:42:36+00:00\",\"dateModified\":\"2025-11-13T01:03:16+00:00\",\"description\":\"Aluminum Form Wall Ties are available in a range of Wall Thickness Sizes to accommodate various concrete wall designs. Common sizes include 6\u201d - 24\u201d.\",\"breadcrumb\":{\"@id\":\"https:\/\/qingdaohf.com\/product\/aluminum-form-wall-ties\/#breadcrumb\"},\"inLanguage\":\"nb-NO\",\"potentialAction\":[{\"@type\":\"ReadAction\",\"target\":[\"https:\/\/qingdaohf.com\/product\/aluminum-form-wall-ties\/\"]}]},{\"@type\":\"ImageObject\",\"inLanguage\":\"nb-NO\",\"@id\":\"https:\/\/qingdaohf.com\/product\/aluminum-form-wall-ties\/#primaryimage\",\"url\":\"https:\/\/qingdaohf.com\/wp-content\/uploads\/2024\/05\/Aluminum-Form-Wall-Ties-1.jpg\",\"contentUrl\":\"https:\/\/qingdaohf.com\/wp-content\/uploads\/2024\/05\/Aluminum-Form-Wall-Ties-1.jpg\",\"width\":1000,\"height\":1000,\"caption\":\"Aluminum Form Wall Ties\"},{\"@type\":\"BreadcrumbList\",\"@id\":\"https:\/\/qingdaohf.com\/product\/aluminum-form-wall-ties\/#breadcrumb\",\"itemListElement\":[{\"@type\":\"ListItem\",\"position\":1,\"name\":\"Home\",\"item\":\"https:\/\/qingdaohf.com\/\"},{\"@type\":\"ListItem\",\"position\":2,\"name\":\"Concrete Forming Accessories and Rigging Hardware\",\"item\":\"https:\/\/qingdaohf.com\/bg\/?page_id=944\"},{\"@type\":\"ListItem\",\"position\":3,\"name\":\"Aluminum Form Wall Ties\"}]},{\"@type\":\"WebSite\",\"@id\":\"https:\/\/qingdaohf.com\/bg\/#website\",\"url\":\"https:\/\/qingdaohf.com\/bg\/\",\"name\":\"Concrete Form & Rigging Hardware Supplier\",\"description\":\"\",\"publisher\":{\"@id\":\"https:\/\/qingdaohf.com\/bg\/#organization\"},\"potentialAction\":[{\"@type\":\"SearchAction\",\"target\":{\"@type\":\"EntryPoint\",\"urlTemplate\":\"https:\/\/qingdaohf.com\/bg\/?s={search_term_string}\"},\"query-input\":{\"@type\":\"PropertyValueSpecification\",\"valueRequired\":true,\"valueName\":\"search_term_string\"}}],\"inLanguage\":\"nb-NO\"},{\"@type\":\"Organization\",\"@id\":\"https:\/\/qingdaohf.com\/bg\/#organization\",\"name\":\"Qingdao H&F\",\"url\":\"https:\/\/qingdaohf.com\/bg\/\",\"logo\":{\"@type\":\"ImageObject\",\"inLanguage\":\"nb-NO\",\"@id\":\"https:\/\/qingdaohf.com\/bg\/#\/schema\/logo\/image\/\",\"url\":\"https:\/\/qingdaohf.com\/wp-content\/uploads\/2022\/12\/cropped-HF-LOGO.png\",\"contentUrl\":\"https:\/\/qingdaohf.com\/wp-content\/uploads\/2022\/12\/cropped-HF-LOGO.png\",\"width\":391,\"height\":249,\"caption\":\"Qingdao H&F\"},\"image\":{\"@id\":\"https:\/\/qingdaohf.com\/bg\/#\/schema\/logo\/image\/\"},\"sameAs\":[\"https:\/\/www.facebook.com\/qingdaohf\"]}]}<\/script>\n<!-- \/ Yoast SEO plugin. -->","yoast_head_json":{"title":"Aluminum Form Wall Ties","description":"Aluminum Form Wall Ties are available in a range of Wall Thickness Sizes to accommodate various concrete wall designs. Common sizes include 6\u201d - 24\u201d.","robots":{"index":"index","follow":"follow","max-snippet":"max-snippet:-1","max-image-preview":"max-image-preview:large","max-video-preview":"max-video-preview:-1"},"canonical":"https:\/\/qingdaohf.com\/nb\/produkt\/veggbindere-i-aluminiumsform\/","og_locale":"nb_NO","og_type":"article","og_title":"Aluminum Form Wall Ties","og_description":"Aluminum Form Wall Ties are available in a range of Wall Thickness Sizes to accommodate various concrete wall designs. Common sizes include 6\u201d - 24\u201d.","og_url":"https:\/\/qingdaohf.com\/nb\/produkt\/veggbindere-i-aluminiumsform\/","og_site_name":"Concrete Form &amp; Rigging Hardware Supplier","article_publisher":"https:\/\/www.facebook.com\/qingdaohf","article_modified_time":"2025-11-13T01:03:16+00:00","og_image":[{"width":1000,"height":1000,"url":"https:\/\/qingdaohf.com\/wp-content\/uploads\/2024\/05\/Aluminum-Form-Wall-Ties-1.jpg","type":"image\/jpeg"}],"twitter_card":"summary_large_image","twitter_misc":{"Ansl. lesetid":"4 minutter"},"schema":{"@context":"https:\/\/schema.org","@graph":[{"@type":"WebPage","@id":"https:\/\/qingdaohf.com\/product\/aluminum-form-wall-ties\/","url":"https:\/\/qingdaohf.com\/product\/aluminum-form-wall-ties\/","name":"Aluminum Form Wall Ties","isPartOf":{"@id":"https:\/\/qingdaohf.com\/bg\/#website"},"primaryImageOfPage":{"@id":"https:\/\/qingdaohf.com\/product\/aluminum-form-wall-ties\/#primaryimage"},"image":{"@id":"https:\/\/qingdaohf.com\/product\/aluminum-form-wall-ties\/#primaryimage"},"thumbnailUrl":"https:\/\/qingdaohf.com\/wp-content\/uploads\/2024\/05\/Aluminum-Form-Wall-Ties-1.jpg","datePublished":"2024-05-20T05:42:36+00:00","dateModified":"2025-11-13T01:03:16+00:00","description":"Aluminum Form Wall Ties are available in a range of Wall Thickness Sizes to accommodate various concrete wall designs. Common sizes include 6\u201d - 24\u201d.","breadcrumb":{"@id":"https:\/\/qingdaohf.com\/product\/aluminum-form-wall-ties\/#breadcrumb"},"inLanguage":"nb-NO","potentialAction":[{"@type":"ReadAction","target":["https:\/\/qingdaohf.com\/product\/aluminum-form-wall-ties\/"]}]},{"@type":"ImageObject","inLanguage":"nb-NO","@id":"https:\/\/qingdaohf.com\/product\/aluminum-form-wall-ties\/#primaryimage","url":"https:\/\/qingdaohf.com\/wp-content\/uploads\/2024\/05\/Aluminum-Form-Wall-Ties-1.jpg","contentUrl":"https:\/\/qingdaohf.com\/wp-content\/uploads\/2024\/05\/Aluminum-Form-Wall-Ties-1.jpg","width":1000,"height":1000,"caption":"Aluminum Form Wall Ties"},{"@type":"BreadcrumbList","@id":"https:\/\/qingdaohf.com\/product\/aluminum-form-wall-ties\/#breadcrumb","itemListElement":[{"@type":"ListItem","position":1,"name":"Home","item":"https:\/\/qingdaohf.com\/"},{"@type":"ListItem","position":2,"name":"Concrete Forming Accessories and Rigging Hardware","item":"https:\/\/qingdaohf.com\/bg\/?page_id=944"},{"@type":"ListItem","position":3,"name":"Aluminum Form Wall Ties"}]},{"@type":"WebSite","@id":"https:\/\/qingdaohf.com\/bg\/#website","url":"https:\/\/qingdaohf.com\/bg\/","name":"Concrete Form & Rigging Hardware Supplier","description":"","publisher":{"@id":"https:\/\/qingdaohf.com\/bg\/#organization"},"potentialAction":[{"@type":"SearchAction","target":{"@type":"EntryPoint","urlTemplate":"https:\/\/qingdaohf.com\/bg\/?s={search_term_string}"},"query-input":{"@type":"PropertyValueSpecification","valueRequired":true,"valueName":"search_term_string"}}],"inLanguage":"nb-NO"},{"@type":"Organization","@id":"https:\/\/qingdaohf.com\/bg\/#organization","name":"Qingdao H&F","url":"https:\/\/qingdaohf.com\/bg\/","logo":{"@type":"ImageObject","inLanguage":"nb-NO","@id":"https:\/\/qingdaohf.com\/bg\/#\/schema\/logo\/image\/","url":"https:\/\/qingdaohf.com\/wp-content\/uploads\/2022\/12\/cropped-HF-LOGO.png","contentUrl":"https:\/\/qingdaohf.com\/wp-content\/uploads\/2022\/12\/cropped-HF-LOGO.png","width":391,"height":249,"caption":"Qingdao H&F"},"image":{"@id":"https:\/\/qingdaohf.com\/bg\/#\/schema\/logo\/image\/"},"sameAs":["https:\/\/www.facebook.com\/qingdaohf"]}]}},"_links":{"self":[{"href":"https:\/\/qingdaohf.com\/nb\/wp-json\/wp\/v2\/product\/7163","targetHints":{"allow":["GET"]}}],"collection":[{"href":"https:\/\/qingdaohf.com\/nb\/wp-json\/wp\/v2\/product"}],"about":[{"href":"https:\/\/qingdaohf.com\/nb\/wp-json\/wp\/v2\/types\/product"}],"replies":[{"embeddable":true,"href":"https:\/\/qingdaohf.com\/nb\/wp-json\/wp\/v2\/comments?post=7163"}],"version-history":[{"count":3,"href":"https:\/\/qingdaohf.com\/nb\/wp-json\/wp\/v2\/product\/7163\/revisions"}],"predecessor-version":[{"id":8094,"href":"https:\/\/qingdaohf.com\/nb\/wp-json\/wp\/v2\/product\/7163\/revisions\/8094"}],"wp:featuredmedia":[{"embeddable":true,"href":"https:\/\/qingdaohf.com\/nb\/wp-json\/wp\/v2\/media\/7168"}],"wp:attachment":[{"href":"https:\/\/qingdaohf.com\/nb\/wp-json\/wp\/v2\/media?parent=7163"}],"wp:term":[{"taxonomy":"product_brand","embeddable":true,"href":"https:\/\/qingdaohf.com\/nb\/wp-json\/wp\/v2\/product_brand?post=7163"},{"taxonomy":"product_cat","embeddable":true,"href":"https:\/\/qingdaohf.com\/nb\/wp-json\/wp\/v2\/product_cat?post=7163"},{"taxonomy":"product_tag","embeddable":true,"href":"https:\/\/qingdaohf.com\/nb\/wp-json\/wp\/v2\/product_tag?post=7163"}],"curies":[{"name":"wp","href":"https:\/\/api.w.org\/{rel}","templated":true}]}}