{"id":7968,"date":"2024-09-30T14:05:29","date_gmt":"2024-09-30T06:05:29","guid":{"rendered":"http:\/\/qingdaohf.com\/?post_type=product&#038;p=7968"},"modified":"2025-11-13T09:03:13","modified_gmt":"2025-11-13T01:03:13","slug":"inside-corner","status":"publish","type":"product","link":"https:\/\/qingdaohf.com\/nb\/produkt\/innvendig-hjorne\/","title":{"rendered":"Innvendig hj\u00f8rne"},"content":{"rendered":"<p><img fetchpriority=\"high\" decoding=\"async\" class=\"alignnone size-full wp-image-3418\" src=\"http:\/\/qingdaohf.com\/wp-content\/uploads\/2023\/03\/47-2.jpg\" alt=\"\" width=\"1200\" height=\"176\" srcset=\"https:\/\/qingdaohf.com\/wp-content\/uploads\/2023\/03\/47-2.jpg 1200w, https:\/\/qingdaohf.com\/wp-content\/uploads\/2023\/03\/47-2-300x44.jpg 300w, https:\/\/qingdaohf.com\/wp-content\/uploads\/2023\/03\/47-2-1024x150.jpg 1024w, https:\/\/qingdaohf.com\/wp-content\/uploads\/2023\/03\/47-2-768x113.jpg 768w, https:\/\/qingdaohf.com\/wp-content\/uploads\/2023\/03\/47-2-1000x147.jpg 1000w\" sizes=\"(max-width: 1200px) 100vw, 1200px\" \/><\/p>\n<h3>Betydningen av innvendige hj\u00f8rner i bygg- og anleggsbransjen<\/h3>\n<p>N\u00e5r det gjelder konstruksjon, er hver eneste detalj viktig, og Inside Corner spiller en avgj\u00f8rende rolle for \u00e5 oppn\u00e5 b\u00e5de funksjonalitet og estetikk. Denne integrerte komponenten er utformet for \u00e5 oppfylle kravene til moderne byggeskikk, samtidig som den s\u00f8rger for at hj\u00f8rner, som ofte anses som utfordrende omr\u00e5der, f\u00e5r den oppmerksomheten de fortjener.<\/p>\n<p>Inside Corner fungerer som en bro mellom to vegger som krysser hverandre, og gir ikke bare st\u00f8tte, men ogs\u00e5 et polert utseende som l\u00f8fter hele designet. Den unike strukturen gj\u00f8r at den fordeler belastningen jevnt, noe som \u00f8ker holdbarheten til veggene den forbinder. Hvis man forst\u00e5r betydningen av slike komponenter, kan man oppn\u00e5 mer robuste og visuelt tiltalende resultater i ethvert byggeprosjekt.<\/p>\n<h3>Allsidighet og tilpasningsdyktighet<\/h3>\n<p>En av de viktigste fordelene med Inside Corner er allsidigheten. Enten det dreier seg om bolig- eller n\u00e6ringsbygg, kan dette produktet tilpasses ulike materialer, inkludert betong, tre og metall. Denne tilpasningsdyktigheten gj\u00f8r det til et ideelt valg for entrepren\u00f8rer og byggherrer som \u00f8nsker \u00e5 effektivisere prosessene sine uten \u00e5 g\u00e5 p\u00e5 kompromiss med kvaliteten.<\/p>\n<p>Installasjon er et annet kritisk aspekt der Inside Corner briljerer. Tradisjonelle hj\u00f8rnel\u00f8sninger krever ofte mye arbeid og tid, men dette produktet forenkler prosessen betydelig. Inside Corner er designet for enkel integrering og gir raskere montering, noe som gj\u00f8r det mulig \u00e5 holde tidsplanen. Dessuten minimerer den intuitive utformingen risikoen for feil under installasjonen, noe som er et vanlig problem i byggebransjen.<\/p>\n<h3>Forbedring av strukturell integritet og estetikk<\/h3>\n<p>Fra et sikkerhetsperspektiv kan bruk av Inside Corner bidra til den generelle stabiliteten i en konstruksjon. Hj\u00f8rner er ofte belastningspunkter, og det er avgj\u00f8rende for langsiktig ytelse \u00e5 forsterke disse omr\u00e5dene med en p\u00e5litelig l\u00f8sning. Ved \u00e5 h\u00e5ndtere stressbelastninger p\u00e5 en effektiv m\u00e5te reduserer dette produktet sannsynligheten for sprekker og andre strukturelle problemer, noe som sikrer et tryggere milj\u00f8 for beboerne.<\/p>\n<p>Estetisk sett gir Inside Corner et visuelt l\u00f8ft til et rom. Det gir et rent, ferdig utseende som kan utfylle ulike arkitektoniske stiler. I en tid der design er like viktig som funksjon, er denne oppmerksomheten p\u00e5 estetikk en betydelig fordel som ikke kan overses.<\/p>\n<p>B\u00e6rekraft er dessuten et \u00f8kende tema i byggebransjen, og Inside Corner er i tr\u00e5d med denne trenden. Mange produsenter produserer n\u00e5 disse komponentene av milj\u00f8vennlige materialer, noe som sikrer at byggebransjen kan utvikle seg uten at det g\u00e5r p\u00e5 bekostning av milj\u00f8et. Ved \u00e5 velge b\u00e6rekraftige alternativer kan byggherrer bidra til en sunnere planet, samtidig som de oppn\u00e5r den \u00f8nskede strukturelle integriteten.<\/p>\n<h3>Kostnadseffektivitet og langsiktige fordeler<\/h3>\n<p>N\u00e5r det gjelder kostnadseffektivitet, er Inside Corner et overbevisende alternativ. Selv om den opprinnelige investeringen kan virke beskjeden, gj\u00f8r de langsiktige besparelsene p\u00e5 grunn av reduserte l\u00f8nnskostnader, mindre materialsvinn og mindre vedlikehold det til et klokt valg for ethvert prosjekt. Produktets holdbarhet og effektivitet betyr at det betaler seg selv over tid, noe som gj\u00f8r det til en utmerket investering for b\u00e5de byggherrer og entrepren\u00f8rer.<\/p>\n<p>Et annet aspekt \u00e5 ta hensyn til er st\u00f8tten som tilbys av produsentene av Inside Corner. Mange anerkjente selskaper tilbyr omfattende kundeservice, inkludert detaljerte installasjonsveiledninger, teknisk support og til og med oppl\u00e6ring for team. Denne typen assistanse sikrer at selv de som er nye i byggebransjen, kan integrere dette produktet med selvtillit, noe som gj\u00f8r det enda mer attraktivt.<\/p>\n<h3>Konklusjon: Omfavnelse av innovasjon i byggepraksis<\/h3>\n<p>Etter hvert som vi dykker dypere ned i en verden av byggematerialer, blir det tydelig at det innvendige hj\u00f8rnet ikke bare er en enkel forbindelse, men et viktig element som p\u00e5virker et prosjekts suksess. De mange fordelene spenner fra strukturell integritet og estetisk forbedring til b\u00e6rekraft og kostnadsbesparelser. Dette produktet innkapsler essensen av moderne konstruksjon: effektivitet, p\u00e5litelighet og harmonisk design.<\/p>\n<p>Konklusjonen er at det innvendige hj\u00f8rnet er en uunnv\u00e6rlig komponent som ikke b\u00f8r undervurderes. Dets rolle n\u00e5r det gjelder \u00e5 oppn\u00e5 b\u00e5de styrke og skj\u00f8nnhet i hj\u00f8rner kan ikke overvurderes. Ved \u00e5 velge dette produktet kan byggherrer og entrepren\u00f8rer v\u00e6re sikre p\u00e5 at de investerer i en l\u00f8sning som gir langsiktige fordeler, noe som til syvende og sist f\u00f8rer til vellykkede konstruksjonsresultater. Enten du jobber med en liten renovering eller et stort prosjekt, kan bruk av Inside Corner l\u00f8fte arbeidet ditt betydelig og bidra til \u00e5 skape rom som ikke bare er funksjonelle, men ogs\u00e5 visuelt imponerende.<\/p>\n<p>\u00c5 ta i bruk Inside Corner i byggeprosessen er et skritt i retning av \u00f8kt kvalitet og effektivitet. Med sine bemerkelsesverdige egenskaper og fordeler skiller det seg ut som en viktig akt\u00f8r i byggelandskapet. Ved \u00e5 forst\u00e5 dets verdi og innlemme det i prosjektene kan du sikre at hj\u00f8rnene ikke bare er funksjonelle, men ogs\u00e5 bidrar til \u00e5 gj\u00f8re konstruksjonene vakre og sterke.<\/p>","protected":false},"excerpt":{"rendered":"<p>Inside Corner er en viktig komponent i konstruksjonen, designet for \u00e5 gi strukturell integritet og estetisk appell i hj\u00f8rner. Dette produktet er konstruert for holdbarhet og allsidighet, og egner seg for ulike bruksomr\u00e5der, noe som sikrer s\u00f8ml\u00f8s integrering med eksisterende strukturer. Den innovative designen gj\u00f8r det enkelt \u00e5 montere, samtidig som den forbedrer den generelle stabiliteten, noe som gj\u00f8r det til et verdifullt tilskudd til ethvert byggeprosjekt.<\/p>","protected":false},"featured_media":7979,"comment_status":"open","ping_status":"closed","template":"","meta":{"site-sidebar-layout":"default","site-content-layout":"","ast-site-content-layout":"default","site-content-style":"default","site-sidebar-style":"default","ast-global-header-display":"","ast-banner-title-visibility":"","ast-main-header-display":"","ast-hfb-above-header-display":"","ast-hfb-below-header-display":"","ast-hfb-mobile-header-display":"","site-post-title":"","ast-breadcrumbs-content":"","ast-featured-img":"","footer-sml-layout":"","theme-transparent-header-meta":"default","adv-header-id-meta":"","stick-header-meta":"default","header-above-stick-meta":"","header-main-stick-meta":"","header-below-stick-meta":"","astra-migrate-meta-layouts":"set","ast-page-background-enabled":"default","ast-page-background-meta":{"desktop":{"background-color":"","background-image":"","background-repeat":"repeat","background-position":"center center","background-size":"auto","background-attachment":"scroll","background-type":"","background-media":"","overlay-type":"","overlay-color":"","overlay-opacity":"","overlay-gradient":""},"tablet":{"background-color":"","background-image":"","background-repeat":"repeat","background-position":"center center","background-size":"auto","background-attachment":"scroll","background-type":"","background-media":"","overlay-type":"","overlay-color":"","overlay-opacity":"","overlay-gradient":""},"mobile":{"background-color":"","background-image":"","background-repeat":"repeat","background-position":"center center","background-size":"auto","background-attachment":"scroll","background-type":"","background-media":"","overlay-type":"","overlay-color":"","overlay-opacity":"","overlay-gradient":""}},"ast-content-background-meta":{"desktop":{"background-color":"var(--ast-global-color-5)","background-image":"","background-repeat":"repeat","background-position":"center center","background-size":"auto","background-attachment":"scroll","background-type":"","background-media":"","overlay-type":"","overlay-color":"","overlay-opacity":"","overlay-gradient":""},"tablet":{"background-color":"var(--ast-global-color-5)","background-image":"","background-repeat":"repeat","background-position":"center center","background-size":"auto","background-attachment":"scroll","background-type":"","background-media":"","overlay-type":"","overlay-color":"","overlay-opacity":"","overlay-gradient":""},"mobile":{"background-color":"var(--ast-global-color-5)","background-image":"","background-repeat":"repeat","background-position":"center center","background-size":"auto","background-attachment":"scroll","background-type":"","background-media":"","overlay-type":"","overlay-color":"","overlay-opacity":"","overlay-gradient":""}}},"product_brand":[],"product_cat":[29],"product_tag":[],"class_list":{"0":"post-7968","1":"product","2":"type-product","3":"status-publish","4":"has-post-thumbnail","6":"product_cat-formwork-system","7":"desktop-align-left","8":"tablet-align-left","9":"mobile-align-left","10":"ast-product-gallery-layout-horizontal-slider","11":"ast-product-tabs-layout-horizontal","13":"first","14":"instock","15":"shipping-taxable","16":"purchasable","17":"product-type-simple"},"yoast_head":"<!-- This site is optimized with the Yoast SEO plugin v25.2 - https:\/\/yoast.com\/wordpress\/plugins\/seo\/ -->\n<title>Inside Corner<\/title>\n<meta name=\"robots\" content=\"index, follow, max-snippet:-1, max-image-preview:large, max-video-preview:-1\" \/>\n<link rel=\"canonical\" href=\"https:\/\/qingdaohf.com\/nb\/produkt\/innvendig-hjorne\/\" \/>\n<meta property=\"og:locale\" content=\"nb_NO\" \/>\n<meta property=\"og:type\" content=\"article\" \/>\n<meta property=\"og:title\" content=\"Inside Corner\" \/>\n<meta property=\"og:description\" content=\"The Inside Corner is an essential component in construction, designed to provide structural integrity and aesthetic appeal in corners. Engineered for durability and versatility, this product is suitable for various applications, ensuring seamless integration with existing structures. Its innovative design facilitates easy installation while enhancing overall stability, making it a valuable addition to any building project.\" \/>\n<meta property=\"og:url\" content=\"https:\/\/qingdaohf.com\/nb\/produkt\/innvendig-hjorne\/\" \/>\n<meta property=\"og:site_name\" content=\"Concrete Form &amp; Rigging Hardware Supplier\" \/>\n<meta property=\"article:publisher\" content=\"https:\/\/www.facebook.com\/qingdaohf\" \/>\n<meta property=\"article:modified_time\" content=\"2025-11-13T01:03:13+00:00\" \/>\n<meta property=\"og:image\" content=\"https:\/\/qingdaohf.com\/wp-content\/uploads\/2024\/09\/concrete-INSIDE-CORNER-1.webp\" \/>\n\t<meta property=\"og:image:width\" content=\"1000\" \/>\n\t<meta property=\"og:image:height\" content=\"1000\" \/>\n\t<meta property=\"og:image:type\" content=\"image\/webp\" \/>\n<meta name=\"twitter:card\" content=\"summary_large_image\" \/>\n<meta name=\"twitter:label1\" content=\"Ansl. lesetid\" \/>\n\t<meta name=\"twitter:data1\" content=\"4 minutter\" \/>\n<script type=\"application\/ld+json\" class=\"yoast-schema-graph\">{\"@context\":\"https:\/\/schema.org\",\"@graph\":[{\"@type\":\"WebPage\",\"@id\":\"https:\/\/qingdaohf.com\/product\/inside-corner\/\",\"url\":\"https:\/\/qingdaohf.com\/product\/inside-corner\/\",\"name\":\"Inside Corner\",\"isPartOf\":{\"@id\":\"https:\/\/qingdaohf.com\/bg\/#website\"},\"primaryImageOfPage\":{\"@id\":\"https:\/\/qingdaohf.com\/product\/inside-corner\/#primaryimage\"},\"image\":{\"@id\":\"https:\/\/qingdaohf.com\/product\/inside-corner\/#primaryimage\"},\"thumbnailUrl\":\"https:\/\/qingdaohf.com\/wp-content\/uploads\/2024\/09\/concrete-INSIDE-CORNER-1.webp\",\"datePublished\":\"2024-09-30T06:05:29+00:00\",\"dateModified\":\"2025-11-13T01:03:13+00:00\",\"breadcrumb\":{\"@id\":\"https:\/\/qingdaohf.com\/product\/inside-corner\/#breadcrumb\"},\"inLanguage\":\"nb-NO\",\"potentialAction\":[{\"@type\":\"ReadAction\",\"target\":[\"https:\/\/qingdaohf.com\/product\/inside-corner\/\"]}]},{\"@type\":\"ImageObject\",\"inLanguage\":\"nb-NO\",\"@id\":\"https:\/\/qingdaohf.com\/product\/inside-corner\/#primaryimage\",\"url\":\"https:\/\/qingdaohf.com\/wp-content\/uploads\/2024\/09\/concrete-INSIDE-CORNER-1.webp\",\"contentUrl\":\"https:\/\/qingdaohf.com\/wp-content\/uploads\/2024\/09\/concrete-INSIDE-CORNER-1.webp\",\"width\":1000,\"height\":1000,\"caption\":\"INSIDE CORNER\"},{\"@type\":\"BreadcrumbList\",\"@id\":\"https:\/\/qingdaohf.com\/product\/inside-corner\/#breadcrumb\",\"itemListElement\":[{\"@type\":\"ListItem\",\"position\":1,\"name\":\"Home\",\"item\":\"https:\/\/qingdaohf.com\/\"},{\"@type\":\"ListItem\",\"position\":2,\"name\":\"Concrete Forming Accessories and Rigging Hardware\",\"item\":\"https:\/\/qingdaohf.com\/bg\/?page_id=944\"},{\"@type\":\"ListItem\",\"position\":3,\"name\":\"Inside Corner\"}]},{\"@type\":\"WebSite\",\"@id\":\"https:\/\/qingdaohf.com\/bg\/#website\",\"url\":\"https:\/\/qingdaohf.com\/bg\/\",\"name\":\"Concrete Form & Rigging Hardware Supplier\",\"description\":\"\",\"publisher\":{\"@id\":\"https:\/\/qingdaohf.com\/bg\/#organization\"},\"potentialAction\":[{\"@type\":\"SearchAction\",\"target\":{\"@type\":\"EntryPoint\",\"urlTemplate\":\"https:\/\/qingdaohf.com\/bg\/?s={search_term_string}\"},\"query-input\":{\"@type\":\"PropertyValueSpecification\",\"valueRequired\":true,\"valueName\":\"search_term_string\"}}],\"inLanguage\":\"nb-NO\"},{\"@type\":\"Organization\",\"@id\":\"https:\/\/qingdaohf.com\/bg\/#organization\",\"name\":\"Qingdao H&F\",\"url\":\"https:\/\/qingdaohf.com\/bg\/\",\"logo\":{\"@type\":\"ImageObject\",\"inLanguage\":\"nb-NO\",\"@id\":\"https:\/\/qingdaohf.com\/bg\/#\/schema\/logo\/image\/\",\"url\":\"https:\/\/qingdaohf.com\/wp-content\/uploads\/2022\/12\/cropped-HF-LOGO.png\",\"contentUrl\":\"https:\/\/qingdaohf.com\/wp-content\/uploads\/2022\/12\/cropped-HF-LOGO.png\",\"width\":391,\"height\":249,\"caption\":\"Qingdao H&F\"},\"image\":{\"@id\":\"https:\/\/qingdaohf.com\/bg\/#\/schema\/logo\/image\/\"},\"sameAs\":[\"https:\/\/www.facebook.com\/qingdaohf\"]}]}<\/script>\n<!-- \/ Yoast SEO plugin. -->","yoast_head_json":{"title":"Inside Corner","robots":{"index":"index","follow":"follow","max-snippet":"max-snippet:-1","max-image-preview":"max-image-preview:large","max-video-preview":"max-video-preview:-1"},"canonical":"https:\/\/qingdaohf.com\/nb\/produkt\/innvendig-hjorne\/","og_locale":"nb_NO","og_type":"article","og_title":"Inside Corner","og_description":"The Inside Corner is an essential component in construction, designed to provide structural integrity and aesthetic appeal in corners. Engineered for durability and versatility, this product is suitable for various applications, ensuring seamless integration with existing structures. Its innovative design facilitates easy installation while enhancing overall stability, making it a valuable addition to any building project.","og_url":"https:\/\/qingdaohf.com\/nb\/produkt\/innvendig-hjorne\/","og_site_name":"Concrete Form &amp; Rigging Hardware Supplier","article_publisher":"https:\/\/www.facebook.com\/qingdaohf","article_modified_time":"2025-11-13T01:03:13+00:00","og_image":[{"width":1000,"height":1000,"url":"https:\/\/qingdaohf.com\/wp-content\/uploads\/2024\/09\/concrete-INSIDE-CORNER-1.webp","type":"image\/webp"}],"twitter_card":"summary_large_image","twitter_misc":{"Ansl. lesetid":"4 minutter"},"schema":{"@context":"https:\/\/schema.org","@graph":[{"@type":"WebPage","@id":"https:\/\/qingdaohf.com\/product\/inside-corner\/","url":"https:\/\/qingdaohf.com\/product\/inside-corner\/","name":"Inside Corner","isPartOf":{"@id":"https:\/\/qingdaohf.com\/bg\/#website"},"primaryImageOfPage":{"@id":"https:\/\/qingdaohf.com\/product\/inside-corner\/#primaryimage"},"image":{"@id":"https:\/\/qingdaohf.com\/product\/inside-corner\/#primaryimage"},"thumbnailUrl":"https:\/\/qingdaohf.com\/wp-content\/uploads\/2024\/09\/concrete-INSIDE-CORNER-1.webp","datePublished":"2024-09-30T06:05:29+00:00","dateModified":"2025-11-13T01:03:13+00:00","breadcrumb":{"@id":"https:\/\/qingdaohf.com\/product\/inside-corner\/#breadcrumb"},"inLanguage":"nb-NO","potentialAction":[{"@type":"ReadAction","target":["https:\/\/qingdaohf.com\/product\/inside-corner\/"]}]},{"@type":"ImageObject","inLanguage":"nb-NO","@id":"https:\/\/qingdaohf.com\/product\/inside-corner\/#primaryimage","url":"https:\/\/qingdaohf.com\/wp-content\/uploads\/2024\/09\/concrete-INSIDE-CORNER-1.webp","contentUrl":"https:\/\/qingdaohf.com\/wp-content\/uploads\/2024\/09\/concrete-INSIDE-CORNER-1.webp","width":1000,"height":1000,"caption":"INSIDE CORNER"},{"@type":"BreadcrumbList","@id":"https:\/\/qingdaohf.com\/product\/inside-corner\/#breadcrumb","itemListElement":[{"@type":"ListItem","position":1,"name":"Home","item":"https:\/\/qingdaohf.com\/"},{"@type":"ListItem","position":2,"name":"Concrete Forming Accessories and Rigging Hardware","item":"https:\/\/qingdaohf.com\/bg\/?page_id=944"},{"@type":"ListItem","position":3,"name":"Inside Corner"}]},{"@type":"WebSite","@id":"https:\/\/qingdaohf.com\/bg\/#website","url":"https:\/\/qingdaohf.com\/bg\/","name":"Concrete Form & Rigging Hardware Supplier","description":"","publisher":{"@id":"https:\/\/qingdaohf.com\/bg\/#organization"},"potentialAction":[{"@type":"SearchAction","target":{"@type":"EntryPoint","urlTemplate":"https:\/\/qingdaohf.com\/bg\/?s={search_term_string}"},"query-input":{"@type":"PropertyValueSpecification","valueRequired":true,"valueName":"search_term_string"}}],"inLanguage":"nb-NO"},{"@type":"Organization","@id":"https:\/\/qingdaohf.com\/bg\/#organization","name":"Qingdao H&F","url":"https:\/\/qingdaohf.com\/bg\/","logo":{"@type":"ImageObject","inLanguage":"nb-NO","@id":"https:\/\/qingdaohf.com\/bg\/#\/schema\/logo\/image\/","url":"https:\/\/qingdaohf.com\/wp-content\/uploads\/2022\/12\/cropped-HF-LOGO.png","contentUrl":"https:\/\/qingdaohf.com\/wp-content\/uploads\/2022\/12\/cropped-HF-LOGO.png","width":391,"height":249,"caption":"Qingdao H&F"},"image":{"@id":"https:\/\/qingdaohf.com\/bg\/#\/schema\/logo\/image\/"},"sameAs":["https:\/\/www.facebook.com\/qingdaohf"]}]}},"_links":{"self":[{"href":"https:\/\/qingdaohf.com\/nb\/wp-json\/wp\/v2\/product\/7968","targetHints":{"allow":["GET"]}}],"collection":[{"href":"https:\/\/qingdaohf.com\/nb\/wp-json\/wp\/v2\/product"}],"about":[{"href":"https:\/\/qingdaohf.com\/nb\/wp-json\/wp\/v2\/types\/product"}],"replies":[{"embeddable":true,"href":"https:\/\/qingdaohf.com\/nb\/wp-json\/wp\/v2\/comments?post=7968"}],"version-history":[{"count":2,"href":"https:\/\/qingdaohf.com\/nb\/wp-json\/wp\/v2\/product\/7968\/revisions"}],"predecessor-version":[{"id":7982,"href":"https:\/\/qingdaohf.com\/nb\/wp-json\/wp\/v2\/product\/7968\/revisions\/7982"}],"wp:featuredmedia":[{"embeddable":true,"href":"https:\/\/qingdaohf.com\/nb\/wp-json\/wp\/v2\/media\/7979"}],"wp:attachment":[{"href":"https:\/\/qingdaohf.com\/nb\/wp-json\/wp\/v2\/media?parent=7968"}],"wp:term":[{"taxonomy":"product_brand","embeddable":true,"href":"https:\/\/qingdaohf.com\/nb\/wp-json\/wp\/v2\/product_brand?post=7968"},{"taxonomy":"product_cat","embeddable":true,"href":"https:\/\/qingdaohf.com\/nb\/wp-json\/wp\/v2\/product_cat?post=7968"},{"taxonomy":"product_tag","embeddable":true,"href":"https:\/\/qingdaohf.com\/nb\/wp-json\/wp\/v2\/product_tag?post=7968"}],"curies":[{"name":"wp","href":"https:\/\/api.w.org\/{rel}","templated":true}]}}