{"id":8102,"date":"2024-10-24T16:40:15","date_gmt":"2024-10-24T08:40:15","guid":{"rendered":"http:\/\/qingdaohf.com\/?post_type=product&#038;p=8102"},"modified":"2025-11-13T09:03:13","modified_gmt":"2025-11-13T01:03:13","slug":"1x19-wire-rope","status":"publish","type":"product","link":"https:\/\/qingdaohf.com\/nb\/produkt\/1x19-staltau\/","title":{"rendered":"1\u00d719 st\u00e5ltau"},"content":{"rendered":"<h3><strong>Omfattende oversikt over 1\u00d719 st\u00e5ltau<\/strong><\/h3>\n<p>1\u00d719 st\u00e5ltau er en h\u00f8yspesialisert st\u00e5lkabel som er utviklet for bruksomr\u00e5der som krever styrke, minimal strekk og stivhet. 1\u00d719-konstruksjonen best\u00e5r av 19 individuelle tr\u00e5der som er tvunnet til \u00e9n enkelt tr\u00e5d, og har utmerket strekkfasthet og lav fleksibilitet, noe som gj\u00f8r den til et optimalt valg for strekksystemer der strukturell integritet er avgj\u00f8rende. Denne typen st\u00e5ltau er mye brukt i ulike bransjer, blant annet i bygg- og anleggsbransjen, maritim sektor og arkitektbransjen, p\u00e5 grunn av sin evne til \u00e5 opprettholde stabilitet under belastning uten betydelig forlengelse.<\/p>\n<p>Det som kjennetegner 1\u00d719 st\u00e5ltau er konstruksjonen. De 19 tr\u00e5dene er tett viklet sammen til \u00e9n enkelt, solid tr\u00e5d. Denne konfigurasjonen skaper en kabel som utmerker seg i statiske bruksomr\u00e5der, der stabilitet og motstand mot strekk er viktigere enn fleksibilitet. Derfor brukes 1\u00d719 st\u00e5ltau ofte i fort\u00f8yningssystemer, rigging av b\u00e5ter, hengebroer og b\u00e6rende konstruksjoner, der presis stramming er avgj\u00f8rende for systemets integritet.<\/p>\n<h3><strong>Materialsammensetning og fordeler<\/strong><\/h3>\n<p>1\u00d719 st\u00e5ltau er vanligvis laget av enten rustfritt st\u00e5l eller galvanisert st\u00e5l, to materialer som er valgt p\u00e5 grunn av deres respektive styrke og motstandskraft mot milj\u00f8faktorer. St\u00e5ltau i rustfritt st\u00e5l er h\u00f8yt verdsatt for sin overlegne korrosjonsbestandighet, spesielt i milj\u00f8er der eksponering for fuktighet eller saltvann er vanlig. Dette gj\u00f8r 1\u00d719 st\u00e5ltau i rustfritt st\u00e5l til et godt valg i marine milj\u00f8er, der det ofte brukes til rigging, stag, livliner og fort\u00f8yningsliner.<\/p>\n<p>Galvanisert st\u00e5ltau er derimot en mer kostnadseffektiv l\u00f8sning, uten at det g\u00e5r p\u00e5 bekostning av holdbarheten. Sinkbelegget p\u00e5 galvanisert st\u00e5l bidrar til \u00e5 beskytte st\u00e5ltauet mot rust og korrosjon, noe som gj\u00f8r det egnet for industri- og anleggsarbeid der milj\u00f8et er mindre korrosivt, men hvor styrke fortsatt er avgj\u00f8rende. Selv om galvanisert st\u00e5ltau ikke er like korrosjonsbestandig som rustfritt st\u00e5l, er det ideelt for bruk utend\u00f8rs, for eksempel i bygningsst\u00f8tter, kraner og l\u00f8ftesystemer.<\/p>\n<p>B\u00e5de rustfritt st\u00e5l og galvanisert st\u00e5l i 1\u00d719-versjoner er konstruert for \u00e5 t\u00e5le h\u00f8y spenning, der den rustfrie st\u00e5lvarianten er bedre egnet for t\u00f8ffe milj\u00f8er, mens galvanisert st\u00e5l er et rimeligere alternativ under mindre krevende forhold.<\/p>\n<h3><strong>St\u00f8rrelser p\u00e5 1\u00d719 st\u00e5ltau: Fra presisjon til heavy duty<\/strong><\/h3>\n<p>En av de viktigste egenskapene til 1\u00d719 st\u00e5ltau er det store utvalget av tilgjengelige st\u00f8rrelser, som hver er utformet for \u00e5 oppfylle spesifikke behov i ulike bruksomr\u00e5der. Mindre st\u00f8rrelser, som 1\/16 tomme, 3\/32 tomme og 1\/8 tomme, brukes ofte til bruksomr\u00e5der som krever presisjon og hvor det visuelle inntrykket er minimalt. I disse mindre diametrene gir st\u00e5ltauet tilstrekkelig styrke samtidig som det er diskret, noe som gj\u00f8r det ideelt for arkitektoniske rekkverk, rigging av b\u00e5ter og andre strammesystemer.<\/p>\n<p>For eksempel brukes 1\/16\" 1\u00d719 st\u00e5ltau ofte i seilb\u00e5tstag og andre marine riggingsapplikasjoner p\u00e5 grunn av den h\u00f8ye strekkfastheten i forhold til den lille st\u00f8rrelsen. Korrosjonsbestandigheten, spesielt i rustfritt st\u00e5l, gj\u00f8r det uunnv\u00e6rlig i milj\u00f8er der eksponering for saltvann er en konstant utfordring. P\u00e5 samme m\u00e5te brukes 3\/32\" 1\u00d719 st\u00e5ltau ofte i strekksystemer for arkitektoniske prosjekter som rekkverk og kabelrekkverk, der det gir b\u00e5de strukturell integritet og et elegant, minimalistisk utseende.<\/p>\n<p>N\u00e5r man g\u00e5r opp til st\u00f8rre st\u00f8rrelser, for eksempel 1\/8 tomme og 5\/32 tomme, blir st\u00e5ltauet egnet for mer robuste bruksomr\u00e5der, for eksempel strukturelle st\u00f8tter i bygninger eller b\u00e6rende systemer i kraner og l\u00f8fteutstyr. St\u00e5ltauet 1\u00d719 p\u00e5 1\/8 tomme har en balanse mellom styrke og stivhet som gj\u00f8r det ideelt for b\u00e5de marine og industrielle bruksomr\u00e5der. Den tykkere diameteren gj\u00f8r at det t\u00e5ler tyngre belastninger, noe som gj\u00f8r det til et p\u00e5litelig valg for strekksystemer som krever minimal strekk under belastning.<\/p>\n<p>I den \u00f8vre enden av st\u00f8rrelsesskalaen er 3\/8 tommers 1\u00d719 st\u00e5ltau konstruert for tunge bruksomr\u00e5der, der betydelige belastninger m\u00e5 b\u00e6res uten forlengelse. Denne st\u00f8rrelsen brukes ofte i hengebroer, tunge fort\u00f8yningsliner og store byggeprosjekter der st\u00e5ltauets styrke og holdbarhet er avgj\u00f8rende for systemets sikkerhet og stabilitet. St\u00e5ltauet p\u00e5 3\/8 tommer er i stand til \u00e5 h\u00e5ndtere ekstreme belastninger samtidig som det opprettholder stivheten, noe som gj\u00f8r det uunnv\u00e6rlig i h\u00f8yspenningssituasjoner.<\/p>\n<h3><strong>Kjerner i 1\u00d719 st\u00e5ltau: Fiber vs. st\u00e5l<\/strong><\/h3>\n<p>Kjernen i et st\u00e5ltau spiller en avgj\u00f8rende rolle for st\u00e5ltauets ytelse, da den gir ekstra styrke og stabilitet til konstruksjonen. I 1\u00d719 st\u00e5ltau er de to vanligste kjernetypene fiberkjernen (FC) og den uavhengige st\u00e5ltaukjernen (IWRC). Hver kjernetype gir unike fordeler, avhengig av de spesifikke kravene til bruksomr\u00e5det.<\/p>\n<p>Fiberkjerner (FC) er vanligvis laget av syntetiske eller naturlige fibre, som gir st\u00e5ltauet en viss fleksibilitet. Selv om fiberkjerner ikke er like vanlig i 1\u00d719-konfigurasjoner, som er kjent for sin stivhet, kan de v\u00e6re fordelaktige i bruksomr\u00e5der der det er behov for en viss fleksibilitet eller der st\u00e5ltauet kan utsettes for st\u00f8tbelastninger. Fiberkjernen fungerer som en st\u00f8tpute, reduserer virkningen av plutselige krefter og beskytter tr\u00e5dene mot overdreven slitasje.<\/p>\n<p>Uavhengig st\u00e5ltaukjerne (IWRC) er mer vanlig i 1\u00d719 st\u00e5ltau, spesielt i st\u00f8rre st\u00f8rrelser som 1\/8 tommer, 5\/32 tommer og 3\/8 tommer. IWRC best\u00e5r av et mindre st\u00e5ltau i midten av hovedtauet, noe som gir betydelig styrke og holdbarhet til konstruksjonen. Denne typen kjerne er spesielt fordelaktig i h\u00f8yspenningsinstallasjoner der st\u00e5ltauet m\u00e5 t\u00e5le knusende krefter eller intense belastninger uten \u00e5 deformeres. St\u00e5lkjernen utfyller den naturlige stivheten i 1\u00d719-konstruksjonen, noe som sikrer at st\u00e5ltauet beholder sin form og ytelse under ekstreme forhold.<\/p>\n<h3><strong>Bruksomr\u00e5der for ulike 1\u00d719-st\u00f8rrelser av st\u00e5ltau<\/strong><\/h3>\n<p>Allsidigheten til 1\u00d719 st\u00e5ltau gjenspeiles i det brede spekteret av bruksomr\u00e5der p\u00e5 tvers av ulike bransjer. I marineindustrien brukes mindre st\u00f8rrelser som 1\/16 tomme og 3\/32 tomme ofte i rigg og stag til seilb\u00e5ter, der styrke og korrosjonsbestandighet er avgj\u00f8rende. Versjoner i rustfritt st\u00e5l av disse st\u00f8rrelsene er spesielt verdsatt for sin evne til \u00e5 t\u00e5le eksponering for saltvann og t\u00f8ffe marine milj\u00f8er.<\/p>\n<p>I arkitektonisk design brukes 1\/16\" og 1\/8\" 1\u00d719 st\u00e5ltau ofte i strekksystemer for kabelrekkverk, fasader og andre strukturelle elementer som krever b\u00e5de styrke og estetisk appell. St\u00e5ltauets rene, elegante utseende, kombinert med evnen til \u00e5 t\u00e5le store belastninger, gj\u00f8r det til et ideelt valg for moderne arkitektoniske prosjekter som prioriterer b\u00e5de form og funksjon.<\/p>\n<p>St\u00f8rre st\u00f8rrelser, som 1\/8 tomme, 5\/32 tomme og 3\/8 tomme, brukes i mer krevende bruksomr\u00e5der der h\u00f8yere belastninger m\u00e5 b\u00e6res. I bygg- og anleggsbransjen brukes disse st\u00e5ltauene ofte i b\u00e6rende konstruksjoner, hengebroer og b\u00e6rende systemer, der deres stivhet og styrke sikrer prosjektets stabilitet. Spesielt 3\/8 tommers 1\u00d719 st\u00e5ltau er mye brukt i krevende bruksomr\u00e5der, som fort\u00f8yningsliner og industrielt l\u00f8fteutstyr, der det er avgj\u00f8rende at st\u00e5ltauet opprettholder sin form under ekstreme spenninger.<\/p>\n<p>Bruk av 1\u00d719 st\u00e5ltau i kraner og heiser er et annet kritisk bruksomr\u00e5de, s\u00e6rlig i st\u00f8rre diametre. St\u00e5ltauets h\u00f8ye strekkfasthet, kombinert med det lave strekket, gj\u00f8r det ideelt for \u00e5 sikre jevne og kontrollerte l\u00f8fteoperasjoner. St\u00e5lkjernen i st\u00f8rre st\u00e5ltau \u00f8ker holdbarheten og motstandsdyktigheten mot knusing, noe som sikrer lang levetid i krevende industrimilj\u00f8er.<\/p>\n<h3><strong>Hvorfor 1\u00d719 st\u00e5ltau er det beste valget n\u00e5r det gjelder stivhet og styrke<\/strong><\/h3>\n<p>1\u00d719 st\u00e5ltau skiller seg ut i st\u00e5lkabelverdenen med sin balanse mellom stivhet, styrke og holdbarhet. Den tette konstruksjonen med 19 tr\u00e5der i \u00e9n enkelt tr\u00e5d s\u00f8rger for at st\u00e5ltauet opprettholder sin form under belastning, noe som gj\u00f8r det ideelt for statiske bruksomr\u00e5der der forlengelse m\u00e5 minimeres. Dette gj\u00f8r 1\u00d719 st\u00e5ltau til et foretrukket valg i bransjer som spenner fra marine og bygg og anlegg til arkitektur og industril\u00f8ft.<\/p>\n<p>Det finnes ulike st\u00f8rrelser, fra 1\/16 tomme til 3\/8 tomme, slik at brukerne kan velge den diameteren som passer best til deres spesifikke behov. Enten det dreier seg om presisjonsapplikasjoner som rigging av b\u00e5ter eller tunge bruksomr\u00e5der som hengebroer, gir 1\u00d719 st\u00e5ltau den n\u00f8dvendige styrken og stabiliteten. St\u00e5ltauets motstandskraft mot milj\u00f8faktorer, spesielt i rustfritt st\u00e5l, sikrer langvarig ytelse under krevende forhold.<\/p>\n<p>Til syvende og sist er 1\u00d719 st\u00e5ltau fortsatt en hj\u00f8rnestein i bransjer som krever h\u00f8ytytende strammesystemer. Den overlegne styrken, det lave strekkniv\u00e5et og det store utvalget av st\u00f8rrelser gj\u00f8r det til en uunnv\u00e6rlig komponent i b\u00e5de lette og tunge bruksomr\u00e5der, noe som gir p\u00e5litelighet og trygghet i selv de mest krevende milj\u00f8er.<\/p>","protected":false},"excerpt":{"rendered":"<p>1\u00d719 st\u00e5ltau, som best\u00e5r av 19 individuelle st\u00e5ltr\u00e5der som er tvunnet sammen til \u00e9n sterk kabel, er tilgjengelig i en rekke forskjellige st\u00f8rrelser, inkludert 1\/16 tomme, 3\/32 tomme, 1\/8 tomme, 5\/32 tomme og opp til st\u00f8rre diametre som 3\/8 tomme. St\u00e5ltauet er vanligvis laget av rustfritt st\u00e5l eller galvanisert st\u00e5l og er kjent for sin stivhet og h\u00f8ye strekkfasthet, med minimal forlengelse under belastning. Dette st\u00e5ltauet er ideelt for stramming og lastb\u00e6rende bruksomr\u00e5der i bygg- og anleggsbransjen, marineindustrien og arkitektbransjen, med alternativer for b\u00e5de fiber- og st\u00e5lkjerner.<\/p>","protected":false},"featured_media":8103,"comment_status":"open","ping_status":"closed","template":"","meta":{"site-sidebar-layout":"default","site-content-layout":"","ast-site-content-layout":"default","site-content-style":"default","site-sidebar-style":"default","ast-global-header-display":"","ast-banner-title-visibility":"","ast-main-header-display":"","ast-hfb-above-header-display":"","ast-hfb-below-header-display":"","ast-hfb-mobile-header-display":"","site-post-title":"","ast-breadcrumbs-content":"","ast-featured-img":"","footer-sml-layout":"","theme-transparent-header-meta":"default","adv-header-id-meta":"","stick-header-meta":"default","header-above-stick-meta":"","header-main-stick-meta":"","header-below-stick-meta":"","astra-migrate-meta-layouts":"set","ast-page-background-enabled":"default","ast-page-background-meta":{"desktop":{"background-color":"","background-image":"","background-repeat":"repeat","background-position":"center center","background-size":"auto","background-attachment":"scroll","background-type":"","background-media":"","overlay-type":"","overlay-color":"","overlay-opacity":"","overlay-gradient":""},"tablet":{"background-color":"","background-image":"","background-repeat":"repeat","background-position":"center center","background-size":"auto","background-attachment":"scroll","background-type":"","background-media":"","overlay-type":"","overlay-color":"","overlay-opacity":"","overlay-gradient":""},"mobile":{"background-color":"","background-image":"","background-repeat":"repeat","background-position":"center center","background-size":"auto","background-attachment":"scroll","background-type":"","background-media":"","overlay-type":"","overlay-color":"","overlay-opacity":"","overlay-gradient":""}},"ast-content-background-meta":{"desktop":{"background-color":"var(--ast-global-color-5)","background-image":"","background-repeat":"repeat","background-position":"center center","background-size":"auto","background-attachment":"scroll","background-type":"","background-media":"","overlay-type":"","overlay-color":"","overlay-opacity":"","overlay-gradient":""},"tablet":{"background-color":"var(--ast-global-color-5)","background-image":"","background-repeat":"repeat","background-position":"center center","background-size":"auto","background-attachment":"scroll","background-type":"","background-media":"","overlay-type":"","overlay-color":"","overlay-opacity":"","overlay-gradient":""},"mobile":{"background-color":"var(--ast-global-color-5)","background-image":"","background-repeat":"repeat","background-position":"center center","background-size":"auto","background-attachment":"scroll","background-type":"","background-media":"","overlay-type":"","overlay-color":"","overlay-opacity":"","overlay-gradient":""}}},"product_brand":[],"product_cat":[37],"product_tag":[89],"class_list":{"0":"post-8102","1":"product","2":"type-product","3":"status-publish","4":"has-post-thumbnail","6":"product_cat-wire-rope","7":"product_tag-wire-rope","8":"desktop-align-left","9":"tablet-align-left","10":"mobile-align-left","11":"ast-product-gallery-layout-horizontal-slider","12":"ast-product-gallery-with-no-image","13":"ast-product-tabs-layout-horizontal","15":"first","16":"instock","17":"shipping-taxable","18":"purchasable","19":"product-type-simple"},"yoast_head":"<!-- This site is optimized with the Yoast SEO plugin v25.2 - https:\/\/yoast.com\/wordpress\/plugins\/seo\/ -->\n<title>1x19 Wire Rope<\/title>\n<meta name=\"description\" content=\"1x19 wire rope, consisting of 19 individual steel strands twisted into a single, strong cable, is available in a variety of sizes, including 1\/16 inch, 3\/32 inch, 1\/8 inch, 5\/32 inch, and up to larger diameters like 3\/8 inch.\" \/>\n<meta name=\"robots\" content=\"index, follow, max-snippet:-1, max-image-preview:large, max-video-preview:-1\" \/>\n<link rel=\"canonical\" href=\"https:\/\/qingdaohf.com\/nb\/produkt\/1x19-staltau\/\" \/>\n<meta property=\"og:locale\" content=\"nb_NO\" \/>\n<meta property=\"og:type\" content=\"article\" \/>\n<meta property=\"og:title\" content=\"1x19 Wire Rope\" \/>\n<meta property=\"og:description\" content=\"1x19 wire rope, consisting of 19 individual steel strands twisted into a single, strong cable, is available in a variety of sizes, including 1\/16 inch, 3\/32 inch, 1\/8 inch, 5\/32 inch, and up to larger diameters like 3\/8 inch.\" \/>\n<meta property=\"og:url\" content=\"https:\/\/qingdaohf.com\/nb\/produkt\/1x19-staltau\/\" \/>\n<meta property=\"og:site_name\" content=\"Concrete Form &amp; Rigging Hardware Supplier\" \/>\n<meta property=\"article:publisher\" content=\"https:\/\/www.facebook.com\/qingdaohf\" \/>\n<meta property=\"article:modified_time\" content=\"2025-11-13T01:03:13+00:00\" \/>\n<meta property=\"og:image\" content=\"https:\/\/qingdaohf.com\/wp-content\/uploads\/2024\/10\/1x19s_2.webp\" \/>\n\t<meta property=\"og:image:width\" content=\"787\" \/>\n\t<meta property=\"og:image:height\" content=\"787\" \/>\n\t<meta property=\"og:image:type\" content=\"image\/webp\" \/>\n<meta name=\"twitter:card\" content=\"summary_large_image\" \/>\n<meta name=\"twitter:label1\" content=\"Ansl. lesetid\" \/>\n\t<meta name=\"twitter:data1\" content=\"7 minutter\" \/>\n<script type=\"application\/ld+json\" class=\"yoast-schema-graph\">{\"@context\":\"https:\/\/schema.org\",\"@graph\":[{\"@type\":\"WebPage\",\"@id\":\"https:\/\/qingdaohf.com\/product\/1x19-wire-rope\/\",\"url\":\"https:\/\/qingdaohf.com\/product\/1x19-wire-rope\/\",\"name\":\"1x19 Wire Rope\",\"isPartOf\":{\"@id\":\"https:\/\/qingdaohf.com\/bg\/#website\"},\"primaryImageOfPage\":{\"@id\":\"https:\/\/qingdaohf.com\/product\/1x19-wire-rope\/#primaryimage\"},\"image\":{\"@id\":\"https:\/\/qingdaohf.com\/product\/1x19-wire-rope\/#primaryimage\"},\"thumbnailUrl\":\"https:\/\/qingdaohf.com\/wp-content\/uploads\/2024\/10\/1x19s_2.webp\",\"datePublished\":\"2024-10-24T08:40:15+00:00\",\"dateModified\":\"2025-11-13T01:03:13+00:00\",\"description\":\"1x19 wire rope, consisting of 19 individual steel strands twisted into a single, strong cable, is available in a variety of sizes, including 1\/16 inch, 3\/32 inch, 1\/8 inch, 5\/32 inch, and up to larger diameters like 3\/8 inch.\",\"breadcrumb\":{\"@id\":\"https:\/\/qingdaohf.com\/product\/1x19-wire-rope\/#breadcrumb\"},\"inLanguage\":\"nb-NO\",\"potentialAction\":[{\"@type\":\"ReadAction\",\"target\":[\"https:\/\/qingdaohf.com\/product\/1x19-wire-rope\/\"]}]},{\"@type\":\"ImageObject\",\"inLanguage\":\"nb-NO\",\"@id\":\"https:\/\/qingdaohf.com\/product\/1x19-wire-rope\/#primaryimage\",\"url\":\"https:\/\/qingdaohf.com\/wp-content\/uploads\/2024\/10\/1x19s_2.webp\",\"contentUrl\":\"https:\/\/qingdaohf.com\/wp-content\/uploads\/2024\/10\/1x19s_2.webp\",\"width\":787,\"height\":787,\"caption\":\"1x19 wire rope\"},{\"@type\":\"BreadcrumbList\",\"@id\":\"https:\/\/qingdaohf.com\/product\/1x19-wire-rope\/#breadcrumb\",\"itemListElement\":[{\"@type\":\"ListItem\",\"position\":1,\"name\":\"Home\",\"item\":\"https:\/\/qingdaohf.com\/\"},{\"@type\":\"ListItem\",\"position\":2,\"name\":\"Concrete Forming Accessories and Rigging Hardware\",\"item\":\"https:\/\/qingdaohf.com\/bg\/?page_id=944\"},{\"@type\":\"ListItem\",\"position\":3,\"name\":\"1&#215;19 Wire Rope\"}]},{\"@type\":\"WebSite\",\"@id\":\"https:\/\/qingdaohf.com\/bg\/#website\",\"url\":\"https:\/\/qingdaohf.com\/bg\/\",\"name\":\"Concrete Form & Rigging Hardware Supplier\",\"description\":\"\",\"publisher\":{\"@id\":\"https:\/\/qingdaohf.com\/bg\/#organization\"},\"potentialAction\":[{\"@type\":\"SearchAction\",\"target\":{\"@type\":\"EntryPoint\",\"urlTemplate\":\"https:\/\/qingdaohf.com\/bg\/?s={search_term_string}\"},\"query-input\":{\"@type\":\"PropertyValueSpecification\",\"valueRequired\":true,\"valueName\":\"search_term_string\"}}],\"inLanguage\":\"nb-NO\"},{\"@type\":\"Organization\",\"@id\":\"https:\/\/qingdaohf.com\/bg\/#organization\",\"name\":\"Qingdao H&F\",\"url\":\"https:\/\/qingdaohf.com\/bg\/\",\"logo\":{\"@type\":\"ImageObject\",\"inLanguage\":\"nb-NO\",\"@id\":\"https:\/\/qingdaohf.com\/bg\/#\/schema\/logo\/image\/\",\"url\":\"https:\/\/qingdaohf.com\/wp-content\/uploads\/2022\/12\/cropped-HF-LOGO.png\",\"contentUrl\":\"https:\/\/qingdaohf.com\/wp-content\/uploads\/2022\/12\/cropped-HF-LOGO.png\",\"width\":391,\"height\":249,\"caption\":\"Qingdao H&F\"},\"image\":{\"@id\":\"https:\/\/qingdaohf.com\/bg\/#\/schema\/logo\/image\/\"},\"sameAs\":[\"https:\/\/www.facebook.com\/qingdaohf\"]}]}<\/script>\n<!-- \/ Yoast SEO plugin. -->","yoast_head_json":{"title":"1x19 Wire Rope","description":"1x19 wire rope, consisting of 19 individual steel strands twisted into a single, strong cable, is available in a variety of sizes, including 1\/16 inch, 3\/32 inch, 1\/8 inch, 5\/32 inch, and up to larger diameters like 3\/8 inch.","robots":{"index":"index","follow":"follow","max-snippet":"max-snippet:-1","max-image-preview":"max-image-preview:large","max-video-preview":"max-video-preview:-1"},"canonical":"https:\/\/qingdaohf.com\/nb\/produkt\/1x19-staltau\/","og_locale":"nb_NO","og_type":"article","og_title":"1x19 Wire Rope","og_description":"1x19 wire rope, consisting of 19 individual steel strands twisted into a single, strong cable, is available in a variety of sizes, including 1\/16 inch, 3\/32 inch, 1\/8 inch, 5\/32 inch, and up to larger diameters like 3\/8 inch.","og_url":"https:\/\/qingdaohf.com\/nb\/produkt\/1x19-staltau\/","og_site_name":"Concrete Form &amp; Rigging Hardware Supplier","article_publisher":"https:\/\/www.facebook.com\/qingdaohf","article_modified_time":"2025-11-13T01:03:13+00:00","og_image":[{"width":787,"height":787,"url":"https:\/\/qingdaohf.com\/wp-content\/uploads\/2024\/10\/1x19s_2.webp","type":"image\/webp"}],"twitter_card":"summary_large_image","twitter_misc":{"Ansl. lesetid":"7 minutter"},"schema":{"@context":"https:\/\/schema.org","@graph":[{"@type":"WebPage","@id":"https:\/\/qingdaohf.com\/product\/1x19-wire-rope\/","url":"https:\/\/qingdaohf.com\/product\/1x19-wire-rope\/","name":"1x19 Wire Rope","isPartOf":{"@id":"https:\/\/qingdaohf.com\/bg\/#website"},"primaryImageOfPage":{"@id":"https:\/\/qingdaohf.com\/product\/1x19-wire-rope\/#primaryimage"},"image":{"@id":"https:\/\/qingdaohf.com\/product\/1x19-wire-rope\/#primaryimage"},"thumbnailUrl":"https:\/\/qingdaohf.com\/wp-content\/uploads\/2024\/10\/1x19s_2.webp","datePublished":"2024-10-24T08:40:15+00:00","dateModified":"2025-11-13T01:03:13+00:00","description":"1x19 wire rope, consisting of 19 individual steel strands twisted into a single, strong cable, is available in a variety of sizes, including 1\/16 inch, 3\/32 inch, 1\/8 inch, 5\/32 inch, and up to larger diameters like 3\/8 inch.","breadcrumb":{"@id":"https:\/\/qingdaohf.com\/product\/1x19-wire-rope\/#breadcrumb"},"inLanguage":"nb-NO","potentialAction":[{"@type":"ReadAction","target":["https:\/\/qingdaohf.com\/product\/1x19-wire-rope\/"]}]},{"@type":"ImageObject","inLanguage":"nb-NO","@id":"https:\/\/qingdaohf.com\/product\/1x19-wire-rope\/#primaryimage","url":"https:\/\/qingdaohf.com\/wp-content\/uploads\/2024\/10\/1x19s_2.webp","contentUrl":"https:\/\/qingdaohf.com\/wp-content\/uploads\/2024\/10\/1x19s_2.webp","width":787,"height":787,"caption":"1x19 wire rope"},{"@type":"BreadcrumbList","@id":"https:\/\/qingdaohf.com\/product\/1x19-wire-rope\/#breadcrumb","itemListElement":[{"@type":"ListItem","position":1,"name":"Home","item":"https:\/\/qingdaohf.com\/"},{"@type":"ListItem","position":2,"name":"Concrete Forming Accessories and Rigging Hardware","item":"https:\/\/qingdaohf.com\/bg\/?page_id=944"},{"@type":"ListItem","position":3,"name":"1&#215;19 Wire Rope"}]},{"@type":"WebSite","@id":"https:\/\/qingdaohf.com\/bg\/#website","url":"https:\/\/qingdaohf.com\/bg\/","name":"Concrete Form & Rigging Hardware Supplier","description":"","publisher":{"@id":"https:\/\/qingdaohf.com\/bg\/#organization"},"potentialAction":[{"@type":"SearchAction","target":{"@type":"EntryPoint","urlTemplate":"https:\/\/qingdaohf.com\/bg\/?s={search_term_string}"},"query-input":{"@type":"PropertyValueSpecification","valueRequired":true,"valueName":"search_term_string"}}],"inLanguage":"nb-NO"},{"@type":"Organization","@id":"https:\/\/qingdaohf.com\/bg\/#organization","name":"Qingdao H&F","url":"https:\/\/qingdaohf.com\/bg\/","logo":{"@type":"ImageObject","inLanguage":"nb-NO","@id":"https:\/\/qingdaohf.com\/bg\/#\/schema\/logo\/image\/","url":"https:\/\/qingdaohf.com\/wp-content\/uploads\/2022\/12\/cropped-HF-LOGO.png","contentUrl":"https:\/\/qingdaohf.com\/wp-content\/uploads\/2022\/12\/cropped-HF-LOGO.png","width":391,"height":249,"caption":"Qingdao H&F"},"image":{"@id":"https:\/\/qingdaohf.com\/bg\/#\/schema\/logo\/image\/"},"sameAs":["https:\/\/www.facebook.com\/qingdaohf"]}]}},"_links":{"self":[{"href":"https:\/\/qingdaohf.com\/nb\/wp-json\/wp\/v2\/product\/8102","targetHints":{"allow":["GET"]}}],"collection":[{"href":"https:\/\/qingdaohf.com\/nb\/wp-json\/wp\/v2\/product"}],"about":[{"href":"https:\/\/qingdaohf.com\/nb\/wp-json\/wp\/v2\/types\/product"}],"replies":[{"embeddable":true,"href":"https:\/\/qingdaohf.com\/nb\/wp-json\/wp\/v2\/comments?post=8102"}],"version-history":[{"count":2,"href":"https:\/\/qingdaohf.com\/nb\/wp-json\/wp\/v2\/product\/8102\/revisions"}],"predecessor-version":[{"id":8105,"href":"https:\/\/qingdaohf.com\/nb\/wp-json\/wp\/v2\/product\/8102\/revisions\/8105"}],"wp:featuredmedia":[{"embeddable":true,"href":"https:\/\/qingdaohf.com\/nb\/wp-json\/wp\/v2\/media\/8103"}],"wp:attachment":[{"href":"https:\/\/qingdaohf.com\/nb\/wp-json\/wp\/v2\/media?parent=8102"}],"wp:term":[{"taxonomy":"product_brand","embeddable":true,"href":"https:\/\/qingdaohf.com\/nb\/wp-json\/wp\/v2\/product_brand?post=8102"},{"taxonomy":"product_cat","embeddable":true,"href":"https:\/\/qingdaohf.com\/nb\/wp-json\/wp\/v2\/product_cat?post=8102"},{"taxonomy":"product_tag","embeddable":true,"href":"https:\/\/qingdaohf.com\/nb\/wp-json\/wp\/v2\/product_tag?post=8102"}],"curies":[{"name":"wp","href":"https:\/\/api.w.org\/{rel}","templated":true}]}}