{"id":8178,"date":"2024-10-29T16:45:43","date_gmt":"2024-10-29T08:45:43","guid":{"rendered":"http:\/\/qingdaohf.com\/?post_type=product&#038;p=8178"},"modified":"2025-11-13T09:02:54","modified_gmt":"2025-11-13T01:02:54","slug":"studless-anchor-chain","status":"publish","type":"product","link":"https:\/\/qingdaohf.com\/nb\/produkt\/boltfri-ankerkjetting\/","title":{"rendered":"Ankerkjetting uten pigg"},"content":{"rendered":"<h3>De viktigste egenskapene til piggfrie ankerkjettinger: Bygget for styrke og utholdenhet<\/h3>\n<p><img fetchpriority=\"high\" decoding=\"async\" class=\"alignnone size-full wp-image-8169\" src=\"http:\/\/qingdaohf.com\/wp-content\/uploads\/2024\/10\/studless-anchor-chain_2.webp\" alt=\"Boltfri ankerkjetting\" width=\"831\" height=\"1087\" srcset=\"https:\/\/qingdaohf.com\/wp-content\/uploads\/2024\/10\/studless-anchor-chain_2.webp 831w, https:\/\/qingdaohf.com\/wp-content\/uploads\/2024\/10\/studless-anchor-chain_2-229x300.webp 229w, https:\/\/qingdaohf.com\/wp-content\/uploads\/2024\/10\/studless-anchor-chain_2-783x1024.webp 783w, https:\/\/qingdaohf.com\/wp-content\/uploads\/2024\/10\/studless-anchor-chain_2-768x1005.webp 768w, https:\/\/qingdaohf.com\/wp-content\/uploads\/2024\/10\/studless-anchor-chain_2-9x12.webp 9w\" sizes=\"(max-width: 831px) 100vw, 831px\" \/><\/p>\n<p>Boltl\u00f8se ankerkjettinger er en viktig del av marineindustrien, der de har en kritisk rolle n\u00e5r det gjelder \u00e5 sikre fart\u00f8y i en rekke ulike milj\u00f8er. De er konstruert med fokus p\u00e5 holdbarhet og funksjonalitet, noe som sikrer at de t\u00e5ler de strenge kravene som stilles ved fort\u00f8yning p\u00e5 \u00e5pent hav. I motsetning til de piggfrie kjettingene har de kjettingledd uten innvendige pigger, noe som gj\u00f8r dem lettere og ofte mer fleksible. Denne egenskapen er spesielt verdifull for bruksomr\u00e5der der det er \u00f8nskelig med redusert vekt og \u00f8kt fleksibilitet. Til tross for den lettere konstruksjonen er disse kjettingene fortsatt sv\u00e6rt sterke, og hvert enkelt ledd er konstruert for \u00e5 t\u00e5le enorme belastninger og h\u00f8ye strekkrefter som er typiske for marin forankring.<\/p>\n<p>Allsidigheten til piggfrie kjettinger gj\u00f8r dem egnet for ulike bruksomr\u00e5der, fra fort\u00f8yning av sm\u00e5b\u00e5ter til tunge industrielle bruksomr\u00e5der. Kjettingene er grundig testet for \u00e5 oppfylle internasjonale standarder, ettersom p\u00e5liteligheten er avgj\u00f8rende for sikkerheten til b\u00e5de fart\u00f8y og mannskap. P\u00e5 grunn av konstruksjonen har de ogs\u00e5 en imponerende motstand mot korrosjon og slitasje, noe som er avgj\u00f8rende i saltholdige og andre t\u00f8ffe milj\u00f8er. Konstruksjonen reduserer ogs\u00e5 risikoen for at kjettingen hekter seg fast, ettersom den ensartede konstruksjonen minimerer svake punkter. Denne egenskapen har f\u00f8rt til at piggfrie kjettinger i \u00f8kende grad foretrekkes av skipsingeni\u00f8rer og skipsoperat\u00f8rer som \u00f8nsker holdbarhet og p\u00e5litelighet i situasjoner med h\u00f8y belastning.<\/p>\n<h3>Fordelene ved \u00e5 velge piggfrie ankerkjettinger fra Qingdao H&amp;F<\/h3>\n<p>Hos Qingdao H&amp;F er vi opptatt av \u00e5 tilby kundene v\u00e5re piggfrie ankerkjettinger av h\u00f8y kvalitet som oppfyller strenge standarder for sikkerhet, styrke og holdbarhet. Kjettingene v\u00e5re gjennomg\u00e5r strenge kvalitetstester for \u00e5 sikre at de leverer optimal ytelse under ulike forhold. Prosessen omfatter blant annet belastningstesting, noe som er avgj\u00f8rende for \u00e5 bekrefte at hver kjetting t\u00e5ler den maksimale belastningen som forventes under bruk. Innkj\u00f8perne er stadig mer opptatt av pr\u00f8vebelastning, ettersom det har direkte innvirkning p\u00e5 kjettingens p\u00e5litelighet, s\u00e6rlig i utfordrende fort\u00f8yningssituasjoner.<\/p>\n<p>Det som skiller Qingdao H&amp;F fra andre, er v\u00e5r forpliktelse til kundetilfredshet og p\u00e5litelighet. Med over 20 \u00e5rs ekspertise innen B2B-handel tilbyr teamet v\u00e5rt personlig kundeservice som er skreddersydd til hver enkelt kundes unike behov. V\u00e5re erfarne fagfolk veileder kundene gjennom hvert trinn i kj\u00f8psprosessen, og s\u00f8rger for at de finner de ideelle kjedespesifikasjonene som passer til prosjektets krav. Vi forst\u00e5r at rask levering er avgj\u00f8rende i denne bransjen, og derfor legger vi vekt p\u00e5 rettidig logistikk for \u00e5 oppfylle v\u00e5re kunders planleggingsbehov uten kompromisser.<\/p>\n<p>I tillegg til v\u00e5re gode leveringsevner, st\u00f8ttes produktene v\u00e5re av omfattende kvalitetsinspeksjonsrapporter. Disse rapportene gir \u00e5penhet og trygghet, og hjelper kundene med \u00e5 ta informerte kj\u00f8psbeslutninger. Inspeksjonsprosessen evaluerer faktorer som materialsammensetning, strekkfasthet og korrosjonsbestandighet, som alle p\u00e5virker kjedens levetid og ytelse. Ved \u00e5 gi kundene v\u00e5re detaljerte inspeksjonsrapporter kan de trygt investere i produkter som oppfyller deres h\u00f8ye krav.<\/p>\n<h3>Velge de riktige spesifikasjonene: Hvorfor kjedediameter og pr\u00f8vingsbelastning er viktig<\/h3>\n<p>Ved valg av piggfrie ankerkjettinger er det to spesifikasjoner som er spesielt viktige: diameter og belastning. Diameteren p\u00e5 hvert kjettingledd, m\u00e5lt i tommer, p\u00e5virker b\u00e5de kjettingens vekt og dens b\u00e6reevne. Det er avgj\u00f8rende \u00e5 velge riktig diameter, ettersom det har direkte innvirkning p\u00e5 kjettingens ytelse ved fort\u00f8yning. For eksempel kan en diameter p\u00e5 1\/2 tomme v\u00e6re egnet for lette fart\u00f8yer, mens tunge industrielle bruksomr\u00e5der kan kreve kjettinger med en diameter p\u00e5 3\/4 tomme eller st\u00f8rre.<\/p>\n<p>En annen kritisk faktor er den maksimale belastningen kjettingen kan t\u00e5le uten permanent deformasjon. Dette er en avgj\u00f8rende faktor for kundene, ettersom den gir et klart m\u00e5l p\u00e5 kjettingens evne til \u00e5 h\u00e5ndtere store belastninger under virkelige forhold. Hos Qingdao H&amp;F tilbyr vi kjettinger som er testet for \u00e5 overg\u00e5 industristandarden, noe som gir kundene v\u00e5re \u00f8kt tillit til kjettingens ytelse. Testing av pr\u00f8vebelastning er ogs\u00e5 et verdifullt m\u00e5l p\u00e5 en kjedes sikkerhet, ettersom det sikrer at kjeden opprettholder sin integritet selv under plutselige, intense belastninger.<\/p>\n<p>Ved \u00e5 velge en piggfri ankerkjetting med passende diameter og belastning, kan kj\u00f8perne sikre optimal ytelse for sine spesifikke fort\u00f8yningsbehov. Teamet v\u00e5rt hos Qingdao H&amp;F er rustet til \u00e5 veilede kundene i valg av de ideelle spesifikasjonene, og vi bruker v\u00e5r inng\u00e5ende kunnskap om bransjestandarder og materialegenskaper til \u00e5 anbefale produkter som er i tr\u00e5d med hver enkelt kundes driftskrav.<\/p>\n<h3>Stol p\u00e5 en velpr\u00f8vd partner: Hvorfor Qingdao H&amp;F er det foretrukne valget<\/h3>\n<p>For de som s\u00f8ker piggfrie ankerkjettinger, er p\u00e5litelighet og leverand\u00f8rens erfaring avgj\u00f8rende. Qingdao H&amp;F har to ti\u00e5rs erfaring i B2B-sektoren og forst\u00e5r de komplekse behovene til marine og industrielle kunder. V\u00e5r dedikerte en-til-en-kundeservice betyr at hver enkelt kunde f\u00e5r personlig st\u00f8tte og hjelp til \u00e5 finne de beste l\u00f8sningene for sine fort\u00f8ynings- og forankringsbehov. V\u00e5re strenge testprotokoller sikrer dessuten at hvert eneste produkt oppfyller eller overg\u00e5r bransjestandardene for kvalitet og holdbarhet.<\/p>\n<p>Kvalitetsforpliktelsen slutter ikke med salget. Qingdao H&amp;F tilbyr ettersalgssupport og raske svar p\u00e5 kundeforesp\u00f8rsler, noe som bidrar til \u00e5 forbedre kundenes opplevelse ytterligere. Vi er stolte av v\u00e5r evne til \u00e5 bygge langsiktige relasjoner, og tilbyr en p\u00e5litelig kilde til piggfrie ankerkjettinger av h\u00f8y kvalitet som kundene kan stole p\u00e5. Gjennom v\u00e5r transparente kvalitetskontrollprosess og v\u00e5rt engasjement for rask levering har vi etablert et godt rykte i bransjen.<\/p>\n<p>Ved \u00e5 velge Qingdao H&amp;F f\u00e5r kundene ikke bare overlegen produktkvalitet, men ogs\u00e5 den tryggheten som f\u00f8lger med v\u00e5re omfattende inspeksjonsrapporter og ekspertveiledning. N\u00e5r vi ser fremover, vil vi fortsatt fokusere p\u00e5 \u00e5 hjelpe kundene v\u00e5re med \u00e5 oppn\u00e5 suksess ved \u00e5 tilby piggfrie ankerkjettinger av h\u00f8y kvalitet som gir b\u00e5de ytelse og trygghet.<\/p>","protected":false},"excerpt":{"rendered":"<p>Boltl\u00f8se ankerkjettinger er et p\u00e5litelig valg for kraftig fort\u00f8yning og ankring, og de er kjent for sin robuste struktur og slitestyrke under krevende marine forhold. Innkj\u00f8pere fokuserer vanligvis p\u00e5 faktorer som holdbarhet, belastning og kjettingens evne til \u00e5 motst\u00e5 h\u00f8ye p\u00e5kjenninger over tid. Qingdao H&amp;F er et B2B-handelsselskap med 20 \u00e5rs erfaring, og vi er stolte av \u00e5 kunne tilby konkurransedyktige priser, rask leveringssyklus og omfattende kvalitetsinspeksjonsrapporter. V\u00e5r personlige kundeservice sikrer en skreddersydd kj\u00f8psopplevelse, noe som gj\u00f8r oss til en p\u00e5litelig partner n\u00e5r det gjelder \u00e5 levere piggfrie ankerkjettinger av h\u00f8y kvalitet som oppfyller strenge bransjestandarder.<\/p>","protected":false},"featured_media":8171,"comment_status":"open","ping_status":"closed","template":"","meta":{"site-sidebar-layout":"default","site-content-layout":"","ast-site-content-layout":"default","site-content-style":"default","site-sidebar-style":"default","ast-global-header-display":"","ast-banner-title-visibility":"","ast-main-header-display":"","ast-hfb-above-header-display":"","ast-hfb-below-header-display":"","ast-hfb-mobile-header-display":"","site-post-title":"","ast-breadcrumbs-content":"","ast-featured-img":"","footer-sml-layout":"","theme-transparent-header-meta":"default","adv-header-id-meta":"","stick-header-meta":"default","header-above-stick-meta":"","header-main-stick-meta":"","header-below-stick-meta":"","astra-migrate-meta-layouts":"set","ast-page-background-enabled":"default","ast-page-background-meta":{"desktop":{"background-color":"","background-image":"","background-repeat":"repeat","background-position":"center center","background-size":"auto","background-attachment":"scroll","background-type":"","background-media":"","overlay-type":"","overlay-color":"","overlay-opacity":"","overlay-gradient":""},"tablet":{"background-color":"","background-image":"","background-repeat":"repeat","background-position":"center center","background-size":"auto","background-attachment":"scroll","background-type":"","background-media":"","overlay-type":"","overlay-color":"","overlay-opacity":"","overlay-gradient":""},"mobile":{"background-color":"","background-image":"","background-repeat":"repeat","background-position":"center center","background-size":"auto","background-attachment":"scroll","background-type":"","background-media":"","overlay-type":"","overlay-color":"","overlay-opacity":"","overlay-gradient":""}},"ast-content-background-meta":{"desktop":{"background-color":"var(--ast-global-color-5)","background-image":"","background-repeat":"repeat","background-position":"center center","background-size":"auto","background-attachment":"scroll","background-type":"","background-media":"","overlay-type":"","overlay-color":"","overlay-opacity":"","overlay-gradient":""},"tablet":{"background-color":"var(--ast-global-color-5)","background-image":"","background-repeat":"repeat","background-position":"center center","background-size":"auto","background-attachment":"scroll","background-type":"","background-media":"","overlay-type":"","overlay-color":"","overlay-opacity":"","overlay-gradient":""},"mobile":{"background-color":"var(--ast-global-color-5)","background-image":"","background-repeat":"repeat","background-position":"center center","background-size":"auto","background-attachment":"scroll","background-type":"","background-media":"","overlay-type":"","overlay-color":"","overlay-opacity":"","overlay-gradient":""}}},"product_brand":[],"product_cat":[38],"product_tag":[],"class_list":{"0":"post-8178","1":"product","2":"type-product","3":"status-publish","4":"has-post-thumbnail","6":"product_cat-chain","7":"desktop-align-left","8":"tablet-align-left","9":"mobile-align-left","10":"ast-product-gallery-layout-horizontal-slider","11":"ast-product-tabs-layout-horizontal","13":"first","14":"instock","15":"shipping-taxable","16":"purchasable","17":"product-type-simple"},"yoast_head":"<!-- This site is optimized with the Yoast SEO plugin v25.2 - https:\/\/yoast.com\/wordpress\/plugins\/seo\/ -->\n<title>Studless Anchor Chain<\/title>\n<meta name=\"description\" content=\"Studless anchor chains are a dependable choice for heavy-duty mooring and anchoring, known for their robust structure and resistance to wear in demanding marine conditions.\" \/>\n<meta name=\"robots\" content=\"index, follow, max-snippet:-1, max-image-preview:large, max-video-preview:-1\" \/>\n<link rel=\"canonical\" href=\"https:\/\/qingdaohf.com\/nb\/produkt\/boltfri-ankerkjetting\/\" \/>\n<meta property=\"og:locale\" content=\"nb_NO\" \/>\n<meta property=\"og:type\" content=\"article\" \/>\n<meta property=\"og:title\" content=\"Studless Anchor Chain\" \/>\n<meta property=\"og:description\" content=\"Studless anchor chains are a dependable choice for heavy-duty mooring and anchoring, known for their robust structure and resistance to wear in demanding marine conditions.\" \/>\n<meta property=\"og:url\" content=\"https:\/\/qingdaohf.com\/nb\/produkt\/boltfri-ankerkjetting\/\" \/>\n<meta property=\"og:site_name\" content=\"Concrete Form &amp; Rigging Hardware Supplier\" \/>\n<meta property=\"article:publisher\" content=\"https:\/\/www.facebook.com\/qingdaohf\" \/>\n<meta property=\"article:modified_time\" content=\"2025-11-13T01:02:54+00:00\" \/>\n<meta property=\"og:image\" content=\"https:\/\/qingdaohf.com\/wp-content\/uploads\/2024\/10\/marine-studless-chain_\u526f\u672c.jpg\" \/>\n\t<meta property=\"og:image:width\" content=\"1000\" \/>\n\t<meta property=\"og:image:height\" content=\"1000\" \/>\n\t<meta property=\"og:image:type\" content=\"image\/jpeg\" \/>\n<meta name=\"twitter:card\" content=\"summary_large_image\" \/>\n<meta name=\"twitter:label1\" content=\"Ansl. lesetid\" \/>\n\t<meta name=\"twitter:data1\" content=\"5 minutter\" \/>\n<script type=\"application\/ld+json\" class=\"yoast-schema-graph\">{\"@context\":\"https:\/\/schema.org\",\"@graph\":[{\"@type\":\"WebPage\",\"@id\":\"https:\/\/qingdaohf.com\/product\/studless-anchor-chain\/\",\"url\":\"https:\/\/qingdaohf.com\/product\/studless-anchor-chain\/\",\"name\":\"Studless Anchor Chain\",\"isPartOf\":{\"@id\":\"https:\/\/qingdaohf.com\/bg\/#website\"},\"primaryImageOfPage\":{\"@id\":\"https:\/\/qingdaohf.com\/product\/studless-anchor-chain\/#primaryimage\"},\"image\":{\"@id\":\"https:\/\/qingdaohf.com\/product\/studless-anchor-chain\/#primaryimage\"},\"thumbnailUrl\":\"https:\/\/qingdaohf.com\/wp-content\/uploads\/2024\/10\/marine-studless-chain_\u526f\u672c.jpg\",\"datePublished\":\"2024-10-29T08:45:43+00:00\",\"dateModified\":\"2025-11-13T01:02:54+00:00\",\"description\":\"Studless anchor chains are a dependable choice for heavy-duty mooring and anchoring, known for their robust structure and resistance to wear in demanding marine conditions.\",\"breadcrumb\":{\"@id\":\"https:\/\/qingdaohf.com\/product\/studless-anchor-chain\/#breadcrumb\"},\"inLanguage\":\"nb-NO\",\"potentialAction\":[{\"@type\":\"ReadAction\",\"target\":[\"https:\/\/qingdaohf.com\/product\/studless-anchor-chain\/\"]}]},{\"@type\":\"ImageObject\",\"inLanguage\":\"nb-NO\",\"@id\":\"https:\/\/qingdaohf.com\/product\/studless-anchor-chain\/#primaryimage\",\"url\":\"https:\/\/qingdaohf.com\/wp-content\/uploads\/2024\/10\/marine-studless-chain_\u526f\u672c.jpg\",\"contentUrl\":\"https:\/\/qingdaohf.com\/wp-content\/uploads\/2024\/10\/marine-studless-chain_\u526f\u672c.jpg\",\"width\":1000,\"height\":1000,\"caption\":\"studless chain\"},{\"@type\":\"BreadcrumbList\",\"@id\":\"https:\/\/qingdaohf.com\/product\/studless-anchor-chain\/#breadcrumb\",\"itemListElement\":[{\"@type\":\"ListItem\",\"position\":1,\"name\":\"Home\",\"item\":\"https:\/\/qingdaohf.com\/\"},{\"@type\":\"ListItem\",\"position\":2,\"name\":\"Concrete Forming Accessories and Rigging Hardware\",\"item\":\"https:\/\/qingdaohf.com\/bg\/?page_id=944\"},{\"@type\":\"ListItem\",\"position\":3,\"name\":\"Studless Anchor Chain\"}]},{\"@type\":\"WebSite\",\"@id\":\"https:\/\/qingdaohf.com\/bg\/#website\",\"url\":\"https:\/\/qingdaohf.com\/bg\/\",\"name\":\"Concrete Form & Rigging Hardware Supplier\",\"description\":\"\",\"publisher\":{\"@id\":\"https:\/\/qingdaohf.com\/bg\/#organization\"},\"potentialAction\":[{\"@type\":\"SearchAction\",\"target\":{\"@type\":\"EntryPoint\",\"urlTemplate\":\"https:\/\/qingdaohf.com\/bg\/?s={search_term_string}\"},\"query-input\":{\"@type\":\"PropertyValueSpecification\",\"valueRequired\":true,\"valueName\":\"search_term_string\"}}],\"inLanguage\":\"nb-NO\"},{\"@type\":\"Organization\",\"@id\":\"https:\/\/qingdaohf.com\/bg\/#organization\",\"name\":\"Qingdao H&F\",\"url\":\"https:\/\/qingdaohf.com\/bg\/\",\"logo\":{\"@type\":\"ImageObject\",\"inLanguage\":\"nb-NO\",\"@id\":\"https:\/\/qingdaohf.com\/bg\/#\/schema\/logo\/image\/\",\"url\":\"https:\/\/qingdaohf.com\/wp-content\/uploads\/2022\/12\/cropped-HF-LOGO.png\",\"contentUrl\":\"https:\/\/qingdaohf.com\/wp-content\/uploads\/2022\/12\/cropped-HF-LOGO.png\",\"width\":391,\"height\":249,\"caption\":\"Qingdao H&F\"},\"image\":{\"@id\":\"https:\/\/qingdaohf.com\/bg\/#\/schema\/logo\/image\/\"},\"sameAs\":[\"https:\/\/www.facebook.com\/qingdaohf\"]}]}<\/script>\n<!-- \/ Yoast SEO plugin. -->","yoast_head_json":{"title":"Studless Anchor Chain","description":"Studless anchor chains are a dependable choice for heavy-duty mooring and anchoring, known for their robust structure and resistance to wear in demanding marine conditions.","robots":{"index":"index","follow":"follow","max-snippet":"max-snippet:-1","max-image-preview":"max-image-preview:large","max-video-preview":"max-video-preview:-1"},"canonical":"https:\/\/qingdaohf.com\/nb\/produkt\/boltfri-ankerkjetting\/","og_locale":"nb_NO","og_type":"article","og_title":"Studless Anchor Chain","og_description":"Studless anchor chains are a dependable choice for heavy-duty mooring and anchoring, known for their robust structure and resistance to wear in demanding marine conditions.","og_url":"https:\/\/qingdaohf.com\/nb\/produkt\/boltfri-ankerkjetting\/","og_site_name":"Concrete Form &amp; Rigging Hardware Supplier","article_publisher":"https:\/\/www.facebook.com\/qingdaohf","article_modified_time":"2025-11-13T01:02:54+00:00","og_image":[{"width":1000,"height":1000,"url":"https:\/\/qingdaohf.com\/wp-content\/uploads\/2024\/10\/marine-studless-chain_\u526f\u672c.jpg","type":"image\/jpeg"}],"twitter_card":"summary_large_image","twitter_misc":{"Ansl. lesetid":"5 minutter"},"schema":{"@context":"https:\/\/schema.org","@graph":[{"@type":"WebPage","@id":"https:\/\/qingdaohf.com\/product\/studless-anchor-chain\/","url":"https:\/\/qingdaohf.com\/product\/studless-anchor-chain\/","name":"Studless Anchor Chain","isPartOf":{"@id":"https:\/\/qingdaohf.com\/bg\/#website"},"primaryImageOfPage":{"@id":"https:\/\/qingdaohf.com\/product\/studless-anchor-chain\/#primaryimage"},"image":{"@id":"https:\/\/qingdaohf.com\/product\/studless-anchor-chain\/#primaryimage"},"thumbnailUrl":"https:\/\/qingdaohf.com\/wp-content\/uploads\/2024\/10\/marine-studless-chain_\u526f\u672c.jpg","datePublished":"2024-10-29T08:45:43+00:00","dateModified":"2025-11-13T01:02:54+00:00","description":"Studless anchor chains are a dependable choice for heavy-duty mooring and anchoring, known for their robust structure and resistance to wear in demanding marine conditions.","breadcrumb":{"@id":"https:\/\/qingdaohf.com\/product\/studless-anchor-chain\/#breadcrumb"},"inLanguage":"nb-NO","potentialAction":[{"@type":"ReadAction","target":["https:\/\/qingdaohf.com\/product\/studless-anchor-chain\/"]}]},{"@type":"ImageObject","inLanguage":"nb-NO","@id":"https:\/\/qingdaohf.com\/product\/studless-anchor-chain\/#primaryimage","url":"https:\/\/qingdaohf.com\/wp-content\/uploads\/2024\/10\/marine-studless-chain_\u526f\u672c.jpg","contentUrl":"https:\/\/qingdaohf.com\/wp-content\/uploads\/2024\/10\/marine-studless-chain_\u526f\u672c.jpg","width":1000,"height":1000,"caption":"studless chain"},{"@type":"BreadcrumbList","@id":"https:\/\/qingdaohf.com\/product\/studless-anchor-chain\/#breadcrumb","itemListElement":[{"@type":"ListItem","position":1,"name":"Home","item":"https:\/\/qingdaohf.com\/"},{"@type":"ListItem","position":2,"name":"Concrete Forming Accessories and Rigging Hardware","item":"https:\/\/qingdaohf.com\/bg\/?page_id=944"},{"@type":"ListItem","position":3,"name":"Studless Anchor Chain"}]},{"@type":"WebSite","@id":"https:\/\/qingdaohf.com\/bg\/#website","url":"https:\/\/qingdaohf.com\/bg\/","name":"Concrete Form & Rigging Hardware Supplier","description":"","publisher":{"@id":"https:\/\/qingdaohf.com\/bg\/#organization"},"potentialAction":[{"@type":"SearchAction","target":{"@type":"EntryPoint","urlTemplate":"https:\/\/qingdaohf.com\/bg\/?s={search_term_string}"},"query-input":{"@type":"PropertyValueSpecification","valueRequired":true,"valueName":"search_term_string"}}],"inLanguage":"nb-NO"},{"@type":"Organization","@id":"https:\/\/qingdaohf.com\/bg\/#organization","name":"Qingdao H&F","url":"https:\/\/qingdaohf.com\/bg\/","logo":{"@type":"ImageObject","inLanguage":"nb-NO","@id":"https:\/\/qingdaohf.com\/bg\/#\/schema\/logo\/image\/","url":"https:\/\/qingdaohf.com\/wp-content\/uploads\/2022\/12\/cropped-HF-LOGO.png","contentUrl":"https:\/\/qingdaohf.com\/wp-content\/uploads\/2022\/12\/cropped-HF-LOGO.png","width":391,"height":249,"caption":"Qingdao H&F"},"image":{"@id":"https:\/\/qingdaohf.com\/bg\/#\/schema\/logo\/image\/"},"sameAs":["https:\/\/www.facebook.com\/qingdaohf"]}]}},"_links":{"self":[{"href":"https:\/\/qingdaohf.com\/nb\/wp-json\/wp\/v2\/product\/8178","targetHints":{"allow":["GET"]}}],"collection":[{"href":"https:\/\/qingdaohf.com\/nb\/wp-json\/wp\/v2\/product"}],"about":[{"href":"https:\/\/qingdaohf.com\/nb\/wp-json\/wp\/v2\/types\/product"}],"replies":[{"embeddable":true,"href":"https:\/\/qingdaohf.com\/nb\/wp-json\/wp\/v2\/comments?post=8178"}],"version-history":[{"count":1,"href":"https:\/\/qingdaohf.com\/nb\/wp-json\/wp\/v2\/product\/8178\/revisions"}],"predecessor-version":[{"id":8180,"href":"https:\/\/qingdaohf.com\/nb\/wp-json\/wp\/v2\/product\/8178\/revisions\/8180"}],"wp:featuredmedia":[{"embeddable":true,"href":"https:\/\/qingdaohf.com\/nb\/wp-json\/wp\/v2\/media\/8171"}],"wp:attachment":[{"href":"https:\/\/qingdaohf.com\/nb\/wp-json\/wp\/v2\/media?parent=8178"}],"wp:term":[{"taxonomy":"product_brand","embeddable":true,"href":"https:\/\/qingdaohf.com\/nb\/wp-json\/wp\/v2\/product_brand?post=8178"},{"taxonomy":"product_cat","embeddable":true,"href":"https:\/\/qingdaohf.com\/nb\/wp-json\/wp\/v2\/product_cat?post=8178"},{"taxonomy":"product_tag","embeddable":true,"href":"https:\/\/qingdaohf.com\/nb\/wp-json\/wp\/v2\/product_tag?post=8178"}],"curies":[{"name":"wp","href":"https:\/\/api.w.org\/{rel}","templated":true}]}}