{"id":8181,"date":"2024-10-29T16:52:37","date_gmt":"2024-10-29T08:52:37","guid":{"rendered":"http:\/\/qingdaohf.com\/?post_type=product&#038;p=8181"},"modified":"2025-11-13T09:02:54","modified_gmt":"2025-11-13T01:02:54","slug":"stud-link-chain","status":"publish","type":"product","link":"https:\/\/qingdaohf.com\/nb\/produkt\/piggkjede\/","title":{"rendered":"Stud Link ankerkjetting"},"content":{"rendered":"<p><img fetchpriority=\"high\" decoding=\"async\" class=\"alignnone size-full wp-image-8170\" src=\"http:\/\/qingdaohf.com\/wp-content\/uploads\/2024\/10\/stud-link-anchor-chain_2.webp\" alt=\"ankerkjetting med knottelenker\" width=\"842\" height=\"1091\" srcset=\"https:\/\/qingdaohf.com\/wp-content\/uploads\/2024\/10\/stud-link-anchor-chain_2.webp 842w, https:\/\/qingdaohf.com\/wp-content\/uploads\/2024\/10\/stud-link-anchor-chain_2-232x300.webp 232w, https:\/\/qingdaohf.com\/wp-content\/uploads\/2024\/10\/stud-link-anchor-chain_2-790x1024.webp 790w, https:\/\/qingdaohf.com\/wp-content\/uploads\/2024\/10\/stud-link-anchor-chain_2-768x995.webp 768w, https:\/\/qingdaohf.com\/wp-content\/uploads\/2024\/10\/stud-link-anchor-chain_2-9x12.webp 9w\" sizes=\"(max-width: 842px) 100vw, 842px\" \/><\/p>\n<p>I industrielle, maritime og offshore-milj\u00f8er er Bolt Link Chains anerkjent for sin holdbarhet og lasth\u00e5ndteringsevne, noe som gj\u00f8r dem ideelle for forankring, fort\u00f8yning og ulike tunge l\u00f8fteoppgaver. Disse kjettingene best\u00e5r av sammenkoblede ledd med pigger plassert p\u00e5 innsiden av hvert ledd, noe som gir strukturell stabilitet som bidrar til \u00e5 forhindre deformasjon under betydelig belastning. N\u00e5r du skal velge kjetting, m\u00e5 du fokusere p\u00e5 spesifikasjoner som diameter, belastning og generell materialkvalitet, ettersom disse faktorene har direkte innvirkning p\u00e5 sikkerhet og ytelse.<\/p>\n<p>Det er ikke bare viktig \u00e5 velge riktig piggkjetting, men hver enkelt kjedes spesifikasjoner m\u00e5 stemme overens med bransjekrav og forventede belastningsforhold. For eksempel spiller diameteren p\u00e5 kjettingleddene, som vanligvis er tilgjengelige i tommest\u00f8rrelser, en avgj\u00f8rende rolle n\u00e5r det gjelder \u00e5 bestemme kjedets styrke og egnethet for ulike bruksomr\u00e5der. Kjeder som oppfyller internasjonale standarder, for eksempel ISO 1704 og IACS-forskriftene, gir kj\u00f8perne visshet om at disse produktene er grundig testet med tanke p\u00e5 kvalitet og motstandskraft. Hos Qingdao H&amp;F anerkjenner vi behovet for b\u00e5de produkter med h\u00f8y ytelse og p\u00e5litelig service, og derfor f\u00f8lger det med detaljerte kvalitetsinspeksjonsrapporter for hver kjetting, inkludert pr\u00f8vebelastning, bruddbelastning og materialsammensetning. Ved \u00e5 fokusere p\u00e5 sikkerhet og effektivitet gir v\u00e5re Bolt Link Chains den tryggheten som trengs for driftssikkerhet i utfordrende milj\u00f8er.<\/p>\n<h3><strong>Styrke og holdbarhet for piggkjeder<\/strong><\/h3>\n<p>Stud Link Chains er laget av h\u00f8ykvalitetsst\u00e5l, noe som gir dem eksepsjonell strekkfasthet og korrosjonsbestandighet - to egenskaper som er avgj\u00f8rende for maritime og tungindustrielle bruksomr\u00e5der. Bolten i hvert ledd forhindrer kjededeformasjon ved \u00e5 opprettholde kjedens generelle form, selv under tung belastning. Denne konstruksjonsegenskapen bidrar ogs\u00e5 til \u00e5 redusere b\u00f8yespenninger, som er et vanlig problem i bruksomr\u00e5der med h\u00f8y belastning, og forlenger dermed kjettingens levetid.<\/p>\n<p>Hvert enkelt ledd er n\u00f8ye konstruert for \u00e5 t\u00e5le belastning uten \u00e5 gi etter for deformasjon eller utmattelse, noe som gj\u00f8r Bol Link Chains spesielt verdifulle i offshoreapplikasjoner der stabilitet og styrke er avgj\u00f8rende. Kjeder med st\u00f8rre diameter gir st\u00f8rre belastning, noe som betyr at de kan t\u00e5le betydelig vekt uten \u00e5 gi etter, noe som gj\u00f8r dem ideelle til fort\u00f8yningssystemer og ankerkjettinger.<\/p>\n<p>Hos Qingdao H&amp;F er vi opptatt av kvalitet, og vi gjennomf\u00f8rer blant annet en streng testprosess der kjettingene utsettes for pr\u00f8vebelastning og strekkfasthetsevalueringer f\u00f8r de sendes ut. Denne praksisen sikrer at hvert enkelt produkt oppfyller kravene og t\u00e5ler de utfordrende forholdene ved industriell bruk. V\u00e5r personlige kundeservice betyr ogs\u00e5 at kj\u00f8perne f\u00e5r kyndig veiledning i valg av kjettingst\u00f8rrelse og spesifikasjoner basert p\u00e5 spesifikke behov, noe som sikrer at alle kj\u00f8p er velinformerte.<\/p>\n<h3><strong>Bruksomr\u00e5der og kj\u00f8pshensyn for Bolt Link-kjeder<\/strong><\/h3>\n<p>Boltlenkekjettinger er mest brukt i maritime applikasjoner, spesielt som anker- og fort\u00f8yningskjettinger, p\u00e5 grunn av deres evne til \u00e5 t\u00e5le langvarig eksponering for sj\u00f8vann og r\u00f8ff h\u00e5ndtering. I tillegg til maritime bruksomr\u00e5der finner disse kjettingene ogs\u00e5 anvendelse innen bygg og anlegg, gruvedrift og industrimaskiner, der tunge laster m\u00e5 sikres og h\u00e5ndteres p\u00e5 en sv\u00e6rt p\u00e5litelig m\u00e5te. Valg av kjettingdiameter, tappdesign og materialer er imidlertid avgj\u00f8rende for \u00e5 oppfylle hver enkelt bransjes spesifikke krav.<\/p>\n<p>N\u00e5r man skal velge Stud Link-kjeder, er det flere ytelsesrelaterte egenskaper som prioriteres. For det f\u00f8rste materialstyrke: H\u00f8yfast st\u00e5l gir den n\u00f8dvendige holdbarheten for marine bruksomr\u00e5der, mens legert st\u00e5l kan v\u00e6re \u00e5 foretrekke p\u00e5 grunn av det forbedrede forholdet mellom styrke og vekt i konstruksjonen. For det andre er korrosjonsbestandighet avgj\u00f8rende i saltvannsmilj\u00f8er, ettersom ethvert kompromiss i materialkvaliteten kan f\u00f8re til tidlig nedbrytning av kjettingen og sikkerhetsrisiko. Innkj\u00f8perne b\u00f8r ogs\u00e5 vurdere kjettingens belastningsklasse for \u00e5 sikre at den kan h\u00e5ndtere de spesifikke vektbelastningene som forventes i deres virksomhet.<\/p>\n<p>Qingdao H&amp;F har raske leveringssykluser som gj\u00f8r det mulig for bedrifter \u00e5 opprettholde uavbrutt drift uten for mye nedetid. I tillegg tilbyr vi detaljerte inspeksjonsrapporter som gir kundene v\u00e5re en klar oversikt over hver kjedes kvalitetsparametere f\u00f8r forsendelse. Med denne \u00e5penheten kan kj\u00f8perne stole p\u00e5 at kjettingene v\u00e5re ikke bare oppfyller bransjestandardene, men ogs\u00e5 de unike kravene til hvert enkelt bruksomr\u00e5de, enten det dreier seg om offshore-rigger, industrielle l\u00f8ft eller havneoperasjoner.<\/p>\n<h3><strong>Konklusjon: Hvorfor velge Qingdao H&amp;Fs Stud Link Chains<\/strong><\/h3>\n<p>\u00c5 velge en Bolt Link Chain er en beslutning som er forankret i sikkerhet og funksjonalitet, ettersom disse kjedene m\u00e5 t\u00e5le ekstreme belastninger og utfordrende milj\u00f8er. Hos Qingdao H&amp;F g\u00e5r vi lenger enn bare \u00e5 levere kjettinger av h\u00f8y kvalitet ved \u00e5 tilby en omfattende serviceopplevelse som inkluderer ekspertr\u00e5dgivning, rask levering og produktgjennomsiktighet gjennom inspeksjonsrapporter. Alle v\u00e5re kjeder oppfyller strenge teststandarder, noe som sikrer v\u00e5re kj\u00f8pere kvalitet og holdbarhet ved hvert eneste kj\u00f8p.<\/p>\n<p>V\u00e5r forpliktelse til personlig kundeservice betyr at vi st\u00f8tter kundene i alle ledd, fra produktvalg til foresp\u00f8rsler etter salg, for \u00e5 sikre en best mulig kj\u00f8psopplevelse. Enten de brukes i maritime milj\u00f8er, industrielle l\u00f8ft eller andre milj\u00f8er med h\u00f8y belastning, leverer Qingdao H&amp;Fs Bolt Link Chains ikke bare kvalitet, men ogs\u00e5 den p\u00e5liteligheten og st\u00f8tten som enhver bedrift trenger for \u00e5 lykkes.<\/p>","protected":false},"excerpt":{"rendered":"<p>Et piggkjede gir robust styrke og stabilitet, og er ideelt for krevende bruksomr\u00e5der der holdbarhet og p\u00e5litelighet er avgj\u00f8rende. Innkj\u00f8pere prioriterer ofte faktorer som materialkvalitet, b\u00e6reevne og motstand mot t\u00f8ffe milj\u00f8er n\u00e5r de skal velge en Bolt Link Chain. Hos Qingdao H&amp;F prioriterer vi disse behovene ved \u00e5 sikre at alle kjettinger oppfyller strenge kvalitetsstandarder og levere detaljerte inspeksjonsrapporter, inkludert data om pr\u00f8vebelastning og strekkfasthet. Med v\u00e5r personlige kundeservice og effektive leveringssyklus leverer vi ikke bare produkter, men ogs\u00e5 p\u00e5litelige l\u00f8sninger som gj\u00f8r driften av virksomheten din smidigere og tryggere.<\/p>","protected":false},"featured_media":4678,"comment_status":"open","ping_status":"closed","template":"","meta":{"site-sidebar-layout":"default","site-content-layout":"","ast-site-content-layout":"default","site-content-style":"default","site-sidebar-style":"default","ast-global-header-display":"","ast-banner-title-visibility":"","ast-main-header-display":"","ast-hfb-above-header-display":"","ast-hfb-below-header-display":"","ast-hfb-mobile-header-display":"","site-post-title":"","ast-breadcrumbs-content":"","ast-featured-img":"","footer-sml-layout":"","theme-transparent-header-meta":"default","adv-header-id-meta":"","stick-header-meta":"default","header-above-stick-meta":"","header-main-stick-meta":"","header-below-stick-meta":"","astra-migrate-meta-layouts":"set","ast-page-background-enabled":"default","ast-page-background-meta":{"desktop":{"background-color":"","background-image":"","background-repeat":"repeat","background-position":"center center","background-size":"auto","background-attachment":"scroll","background-type":"","background-media":"","overlay-type":"","overlay-color":"","overlay-opacity":"","overlay-gradient":""},"tablet":{"background-color":"","background-image":"","background-repeat":"repeat","background-position":"center center","background-size":"auto","background-attachment":"scroll","background-type":"","background-media":"","overlay-type":"","overlay-color":"","overlay-opacity":"","overlay-gradient":""},"mobile":{"background-color":"","background-image":"","background-repeat":"repeat","background-position":"center center","background-size":"auto","background-attachment":"scroll","background-type":"","background-media":"","overlay-type":"","overlay-color":"","overlay-opacity":"","overlay-gradient":""}},"ast-content-background-meta":{"desktop":{"background-color":"var(--ast-global-color-5)","background-image":"","background-repeat":"repeat","background-position":"center center","background-size":"auto","background-attachment":"scroll","background-type":"","background-media":"","overlay-type":"","overlay-color":"","overlay-opacity":"","overlay-gradient":""},"tablet":{"background-color":"var(--ast-global-color-5)","background-image":"","background-repeat":"repeat","background-position":"center center","background-size":"auto","background-attachment":"scroll","background-type":"","background-media":"","overlay-type":"","overlay-color":"","overlay-opacity":"","overlay-gradient":""},"mobile":{"background-color":"var(--ast-global-color-5)","background-image":"","background-repeat":"repeat","background-position":"center center","background-size":"auto","background-attachment":"scroll","background-type":"","background-media":"","overlay-type":"","overlay-color":"","overlay-opacity":"","overlay-gradient":""}}},"product_brand":[],"product_cat":[38],"product_tag":[],"class_list":{"0":"post-8181","1":"product","2":"type-product","3":"status-publish","4":"has-post-thumbnail","6":"product_cat-chain","7":"desktop-align-left","8":"tablet-align-left","9":"mobile-align-left","10":"ast-product-gallery-layout-horizontal-slider","11":"ast-product-tabs-layout-horizontal","13":"first","14":"instock","15":"shipping-taxable","16":"purchasable","17":"product-type-simple"},"yoast_head":"<!-- This site is optimized with the Yoast SEO plugin v25.2 - https:\/\/yoast.com\/wordpress\/plugins\/seo\/ -->\n<title>Stud Link Anchor Chain<\/title>\n<meta name=\"robots\" content=\"index, follow, max-snippet:-1, max-image-preview:large, max-video-preview:-1\" \/>\n<link rel=\"canonical\" href=\"https:\/\/qingdaohf.com\/nb\/produkt\/piggkjede\/\" \/>\n<meta property=\"og:locale\" content=\"nb_NO\" \/>\n<meta property=\"og:type\" content=\"article\" \/>\n<meta property=\"og:title\" content=\"Stud Link Anchor Chain\" \/>\n<meta property=\"og:description\" content=\"A Stud Link Chain offers robust strength and stability, ideal for heavy-duty applications where durability and reliability are paramount. Buyers often prioritize factors like material quality, load-bearing capacity, and resistance to harsh environments when selecting a Stud Link Chain. At Qingdao H&amp;F, we prioritize these needs by ensuring every chain meets stringent quality standards and providing detailed inspection reports, including proof load and tensile strength data. With our one-on-one customer service approach and efficient delivery cycle, we deliver not just products but reliable solutions that enable smoother, safer operations for your business.\" \/>\n<meta property=\"og:url\" content=\"https:\/\/qingdaohf.com\/nb\/produkt\/piggkjede\/\" \/>\n<meta property=\"og:site_name\" content=\"Concrete Form &amp; Rigging Hardware Supplier\" \/>\n<meta property=\"article:publisher\" content=\"https:\/\/www.facebook.com\/qingdaohf\" \/>\n<meta property=\"article:modified_time\" content=\"2025-11-13T01:02:54+00:00\" \/>\n<meta property=\"og:image\" content=\"https:\/\/qingdaohf.com\/wp-content\/uploads\/2023\/04\/Marine-anchor-chain.jpg\" \/>\n\t<meta property=\"og:image:width\" content=\"1000\" \/>\n\t<meta property=\"og:image:height\" content=\"1000\" \/>\n\t<meta property=\"og:image:type\" content=\"image\/jpeg\" \/>\n<meta name=\"twitter:card\" content=\"summary_large_image\" \/>\n<meta name=\"twitter:label1\" content=\"Ansl. lesetid\" \/>\n\t<meta name=\"twitter:data1\" content=\"4 minutter\" \/>\n<script type=\"application\/ld+json\" class=\"yoast-schema-graph\">{\"@context\":\"https:\/\/schema.org\",\"@graph\":[{\"@type\":\"WebPage\",\"@id\":\"https:\/\/qingdaohf.com\/product\/stud-link-chain\/\",\"url\":\"https:\/\/qingdaohf.com\/product\/stud-link-chain\/\",\"name\":\"Stud Link Anchor Chain\",\"isPartOf\":{\"@id\":\"https:\/\/qingdaohf.com\/bg\/#website\"},\"primaryImageOfPage\":{\"@id\":\"https:\/\/qingdaohf.com\/product\/stud-link-chain\/#primaryimage\"},\"image\":{\"@id\":\"https:\/\/qingdaohf.com\/product\/stud-link-chain\/#primaryimage\"},\"thumbnailUrl\":\"https:\/\/qingdaohf.com\/wp-content\/uploads\/2023\/04\/Marine-anchor-chain.jpg\",\"datePublished\":\"2024-10-29T08:52:37+00:00\",\"dateModified\":\"2025-11-13T01:02:54+00:00\",\"breadcrumb\":{\"@id\":\"https:\/\/qingdaohf.com\/product\/stud-link-chain\/#breadcrumb\"},\"inLanguage\":\"nb-NO\",\"potentialAction\":[{\"@type\":\"ReadAction\",\"target\":[\"https:\/\/qingdaohf.com\/product\/stud-link-chain\/\"]}]},{\"@type\":\"ImageObject\",\"inLanguage\":\"nb-NO\",\"@id\":\"https:\/\/qingdaohf.com\/product\/stud-link-chain\/#primaryimage\",\"url\":\"https:\/\/qingdaohf.com\/wp-content\/uploads\/2023\/04\/Marine-anchor-chain.jpg\",\"contentUrl\":\"https:\/\/qingdaohf.com\/wp-content\/uploads\/2023\/04\/Marine-anchor-chain.jpg\",\"width\":1000,\"height\":1000,\"caption\":\"Marine anchor chain\"},{\"@type\":\"BreadcrumbList\",\"@id\":\"https:\/\/qingdaohf.com\/product\/stud-link-chain\/#breadcrumb\",\"itemListElement\":[{\"@type\":\"ListItem\",\"position\":1,\"name\":\"Home\",\"item\":\"https:\/\/qingdaohf.com\/\"},{\"@type\":\"ListItem\",\"position\":2,\"name\":\"Concrete Forming Accessories and Rigging Hardware\",\"item\":\"https:\/\/qingdaohf.com\/bg\/?page_id=944\"},{\"@type\":\"ListItem\",\"position\":3,\"name\":\"Stud Link Anchor Chain\"}]},{\"@type\":\"WebSite\",\"@id\":\"https:\/\/qingdaohf.com\/bg\/#website\",\"url\":\"https:\/\/qingdaohf.com\/bg\/\",\"name\":\"Concrete Form & Rigging Hardware Supplier\",\"description\":\"\",\"publisher\":{\"@id\":\"https:\/\/qingdaohf.com\/bg\/#organization\"},\"potentialAction\":[{\"@type\":\"SearchAction\",\"target\":{\"@type\":\"EntryPoint\",\"urlTemplate\":\"https:\/\/qingdaohf.com\/bg\/?s={search_term_string}\"},\"query-input\":{\"@type\":\"PropertyValueSpecification\",\"valueRequired\":true,\"valueName\":\"search_term_string\"}}],\"inLanguage\":\"nb-NO\"},{\"@type\":\"Organization\",\"@id\":\"https:\/\/qingdaohf.com\/bg\/#organization\",\"name\":\"Qingdao H&F\",\"url\":\"https:\/\/qingdaohf.com\/bg\/\",\"logo\":{\"@type\":\"ImageObject\",\"inLanguage\":\"nb-NO\",\"@id\":\"https:\/\/qingdaohf.com\/bg\/#\/schema\/logo\/image\/\",\"url\":\"https:\/\/qingdaohf.com\/wp-content\/uploads\/2022\/12\/cropped-HF-LOGO.png\",\"contentUrl\":\"https:\/\/qingdaohf.com\/wp-content\/uploads\/2022\/12\/cropped-HF-LOGO.png\",\"width\":391,\"height\":249,\"caption\":\"Qingdao H&F\"},\"image\":{\"@id\":\"https:\/\/qingdaohf.com\/bg\/#\/schema\/logo\/image\/\"},\"sameAs\":[\"https:\/\/www.facebook.com\/qingdaohf\"]}]}<\/script>\n<!-- \/ Yoast SEO plugin. -->","yoast_head_json":{"title":"Stud Link Anchor Chain","robots":{"index":"index","follow":"follow","max-snippet":"max-snippet:-1","max-image-preview":"max-image-preview:large","max-video-preview":"max-video-preview:-1"},"canonical":"https:\/\/qingdaohf.com\/nb\/produkt\/piggkjede\/","og_locale":"nb_NO","og_type":"article","og_title":"Stud Link Anchor Chain","og_description":"A Stud Link Chain offers robust strength and stability, ideal for heavy-duty applications where durability and reliability are paramount. Buyers often prioritize factors like material quality, load-bearing capacity, and resistance to harsh environments when selecting a Stud Link Chain. At Qingdao H&amp;F, we prioritize these needs by ensuring every chain meets stringent quality standards and providing detailed inspection reports, including proof load and tensile strength data. With our one-on-one customer service approach and efficient delivery cycle, we deliver not just products but reliable solutions that enable smoother, safer operations for your business.","og_url":"https:\/\/qingdaohf.com\/nb\/produkt\/piggkjede\/","og_site_name":"Concrete Form &amp; Rigging Hardware Supplier","article_publisher":"https:\/\/www.facebook.com\/qingdaohf","article_modified_time":"2025-11-13T01:02:54+00:00","og_image":[{"width":1000,"height":1000,"url":"https:\/\/qingdaohf.com\/wp-content\/uploads\/2023\/04\/Marine-anchor-chain.jpg","type":"image\/jpeg"}],"twitter_card":"summary_large_image","twitter_misc":{"Ansl. lesetid":"4 minutter"},"schema":{"@context":"https:\/\/schema.org","@graph":[{"@type":"WebPage","@id":"https:\/\/qingdaohf.com\/product\/stud-link-chain\/","url":"https:\/\/qingdaohf.com\/product\/stud-link-chain\/","name":"Stud Link Anchor Chain","isPartOf":{"@id":"https:\/\/qingdaohf.com\/bg\/#website"},"primaryImageOfPage":{"@id":"https:\/\/qingdaohf.com\/product\/stud-link-chain\/#primaryimage"},"image":{"@id":"https:\/\/qingdaohf.com\/product\/stud-link-chain\/#primaryimage"},"thumbnailUrl":"https:\/\/qingdaohf.com\/wp-content\/uploads\/2023\/04\/Marine-anchor-chain.jpg","datePublished":"2024-10-29T08:52:37+00:00","dateModified":"2025-11-13T01:02:54+00:00","breadcrumb":{"@id":"https:\/\/qingdaohf.com\/product\/stud-link-chain\/#breadcrumb"},"inLanguage":"nb-NO","potentialAction":[{"@type":"ReadAction","target":["https:\/\/qingdaohf.com\/product\/stud-link-chain\/"]}]},{"@type":"ImageObject","inLanguage":"nb-NO","@id":"https:\/\/qingdaohf.com\/product\/stud-link-chain\/#primaryimage","url":"https:\/\/qingdaohf.com\/wp-content\/uploads\/2023\/04\/Marine-anchor-chain.jpg","contentUrl":"https:\/\/qingdaohf.com\/wp-content\/uploads\/2023\/04\/Marine-anchor-chain.jpg","width":1000,"height":1000,"caption":"Marine anchor chain"},{"@type":"BreadcrumbList","@id":"https:\/\/qingdaohf.com\/product\/stud-link-chain\/#breadcrumb","itemListElement":[{"@type":"ListItem","position":1,"name":"Home","item":"https:\/\/qingdaohf.com\/"},{"@type":"ListItem","position":2,"name":"Concrete Forming Accessories and Rigging Hardware","item":"https:\/\/qingdaohf.com\/bg\/?page_id=944"},{"@type":"ListItem","position":3,"name":"Stud Link Anchor Chain"}]},{"@type":"WebSite","@id":"https:\/\/qingdaohf.com\/bg\/#website","url":"https:\/\/qingdaohf.com\/bg\/","name":"Concrete Form & Rigging Hardware Supplier","description":"","publisher":{"@id":"https:\/\/qingdaohf.com\/bg\/#organization"},"potentialAction":[{"@type":"SearchAction","target":{"@type":"EntryPoint","urlTemplate":"https:\/\/qingdaohf.com\/bg\/?s={search_term_string}"},"query-input":{"@type":"PropertyValueSpecification","valueRequired":true,"valueName":"search_term_string"}}],"inLanguage":"nb-NO"},{"@type":"Organization","@id":"https:\/\/qingdaohf.com\/bg\/#organization","name":"Qingdao H&F","url":"https:\/\/qingdaohf.com\/bg\/","logo":{"@type":"ImageObject","inLanguage":"nb-NO","@id":"https:\/\/qingdaohf.com\/bg\/#\/schema\/logo\/image\/","url":"https:\/\/qingdaohf.com\/wp-content\/uploads\/2022\/12\/cropped-HF-LOGO.png","contentUrl":"https:\/\/qingdaohf.com\/wp-content\/uploads\/2022\/12\/cropped-HF-LOGO.png","width":391,"height":249,"caption":"Qingdao H&F"},"image":{"@id":"https:\/\/qingdaohf.com\/bg\/#\/schema\/logo\/image\/"},"sameAs":["https:\/\/www.facebook.com\/qingdaohf"]}]}},"_links":{"self":[{"href":"https:\/\/qingdaohf.com\/nb\/wp-json\/wp\/v2\/product\/8181","targetHints":{"allow":["GET"]}}],"collection":[{"href":"https:\/\/qingdaohf.com\/nb\/wp-json\/wp\/v2\/product"}],"about":[{"href":"https:\/\/qingdaohf.com\/nb\/wp-json\/wp\/v2\/types\/product"}],"replies":[{"embeddable":true,"href":"https:\/\/qingdaohf.com\/nb\/wp-json\/wp\/v2\/comments?post=8181"}],"version-history":[{"count":2,"href":"https:\/\/qingdaohf.com\/nb\/wp-json\/wp\/v2\/product\/8181\/revisions"}],"predecessor-version":[{"id":8341,"href":"https:\/\/qingdaohf.com\/nb\/wp-json\/wp\/v2\/product\/8181\/revisions\/8341"}],"wp:featuredmedia":[{"embeddable":true,"href":"https:\/\/qingdaohf.com\/nb\/wp-json\/wp\/v2\/media\/4678"}],"wp:attachment":[{"href":"https:\/\/qingdaohf.com\/nb\/wp-json\/wp\/v2\/media?parent=8181"}],"wp:term":[{"taxonomy":"product_brand","embeddable":true,"href":"https:\/\/qingdaohf.com\/nb\/wp-json\/wp\/v2\/product_brand?post=8181"},{"taxonomy":"product_cat","embeddable":true,"href":"https:\/\/qingdaohf.com\/nb\/wp-json\/wp\/v2\/product_cat?post=8181"},{"taxonomy":"product_tag","embeddable":true,"href":"https:\/\/qingdaohf.com\/nb\/wp-json\/wp\/v2\/product_tag?post=8181"}],"curies":[{"name":"wp","href":"https:\/\/api.w.org\/{rel}","templated":true}]}}