{"id":8189,"date":"2024-11-05T13:59:31","date_gmt":"2024-11-05T05:59:31","guid":{"rendered":"http:\/\/qingdaohf.com\/?post_type=product&#038;p=8189"},"modified":"2025-11-13T09:02:54","modified_gmt":"2025-11-13T01:02:54","slug":"webbing-sling-1-ton","status":"publish","type":"product","link":"https:\/\/qingdaohf.com\/nb\/produkt\/bandstropp-1-tonn\/","title":{"rendered":"Flat Webbing Sling 1 Ton Polyester Double Duplex"},"content":{"rendered":"<h3><strong>P\u00e5litelig og allsidig 1-tonns l\u00f8fteseil for sikre og effektive l\u00f8ft<\/strong><\/h3>\n<p>B\u00e5ndslynger er uunnv\u00e6rlige i bransjer som er avhengige av l\u00f8ft og materialh\u00e5ndtering. Blant disse er 1-tonns stropper h\u00f8yt ansett for sin evne til \u00e5 h\u00e5ndtere moderate belastninger p\u00e5 en sikker og effektiv m\u00e5te. Denne typen l\u00f8fteseil er konstruert av syntetiske fibre av h\u00f8y kvalitet og er spesielt verdsatt for sin kombinasjon av styrke, holdbarhet og tilpasningsevne. Fra byggeplasser til lagerinnstillinger, 1-tonns stroppestropper oppfyller en rekke l\u00f8ftekrav p\u00e5 en enkel og p\u00e5litelig m\u00e5te.<\/p>\n<p>Utformingen av en 1-tonns stropp er spesielt optimalisert for \u00e5 balansere lastb\u00e6rende styrke med fleksibilitet. Denne balansen gj\u00f8r det mulig \u00e5 sikre lasten p\u00e5 en trygg m\u00e5te, selv under utfordrende forhold. Viktige faktorer som bruddstyrke, t\u00f8yning under belastning og UV-bestandighet er en integrert del av produksjonen av disse stroppene, og tar hensyn til b\u00e5de ytelse og lang levetid som kj\u00f8pere ser etter i l\u00f8fteutstyr. Materialene er dessuten valgt for \u00e5 motst\u00e5 slitasje og slitasje, noe som er avgj\u00f8rende for gjentatt bruk og sikkerhet.<\/p>\n<p>Qingdao H&amp;F tilbyr unike fordeler som ytterligere forbedrer opplevelsen av \u00e5 anskaffe stropper. Hver slynge gjennomg\u00e5r streng kvalitetskontroll, st\u00f8ttet av omfattende inspeksjonsrapporter, noe som garanterer p\u00e5litelig ytelse ved levering. I tillegg s\u00f8rger v\u00e5r personlige kundeservice for at hver enkelt kunde f\u00e5r personlig st\u00f8tte, enten det gjelder valg av riktig produkt eller sp\u00f8rsm\u00e5l om vedlikeholdstips. Med en rask leveringssyklus s\u00f8rger Qingdao H&amp;F for at disse h\u00f8ykvalitets stroppene er tilgjengelige akkurat n\u00e5r de trengs, noe som bidrar til s\u00f8ml\u00f8se prosjekttidslinjer.<\/p>\n<h3><strong>Konstruksjon og materialer av h\u00f8y kvalitet<\/strong><\/h3>\n<p>Materialene som brukes i v\u00e5re 1-tonns stropper er valgt ut p\u00e5 grunn av sin slitestyrke og fleksibilitet, egenskaper som bidrar direkte til b\u00e5de sikkerhet og enkel h\u00e5ndtering. Vanligvis er disse stroppene konstruert av syntetiske fibre som polyester eller nylon, som gir flere fordeler. Polyester er for eksempel sv\u00e6rt motstandsdyktig mot kjemikalier og UV-str\u00e5ler, noe som gj\u00f8r den egnet for utend\u00f8rs bruk. Nylonslynger, p\u00e5 den annen side, har overlegen t\u00f8ybarhet, en egenskap som kan v\u00e6re spesielt fordelaktig ved h\u00e5ndtering av visse typer last.<\/p>\n<p>Under produksjonen er det lagt stor vekt p\u00e5 veving og tetthet for \u00e5 sikre en jevn b\u00e6reevne. Bruddstyrken til disse stroppene testes grundig, noe som sikrer at hver enhet trygt kan h\u00e5ndtere laster p\u00e5 opptil 1 tonn uten kompromisser. Dette fokuset p\u00e5 kvalitet er i tr\u00e5d med innkj\u00f8pernes prim\u00e6re bekymringer, som er avhengige av disse stroppene for \u00e5 opprettholde lastens stabilitet og sikre operat\u00f8rens sikkerhet. Ved \u00e5 investere i slitesterke materialer og strenge produksjonsstandarder leverer Qingdao H&amp;F stropper som er konstruert for \u00e5 overg\u00e5 bransjens forventninger og st\u00f8tte langsiktig, p\u00e5litelig bruk.<\/p>\n<h3><strong>Bruksomr\u00e5der og fordeler i ulike bransjer<\/strong><\/h3>\n<p>Tilpasningsdyktigheten til en 1-tonns stropp gj\u00f8r den til et foretrukket valg i en rekke sektorer, inkludert bygg og anlegg, shipping, produksjon og lager. I motsetning til kjettinger eller st\u00e5ltau er stropper lettere og enklere \u00e5 man\u00f8vrere, noe som gir st\u00f8rre presisjon og mindre tretthet for den som h\u00e5ndterer dem. I bygg- og anleggsbransjen gj\u00f8r disse stroppene det lettere \u00e5 l\u00f8fte og posisjonere materialer, noe som gj\u00f8r dem avgj\u00f8rende for prosjekter som krever p\u00e5litelige l\u00f8ftel\u00f8sninger uten metallalternativenes store vekt. Det syntetiske stoffet som brukes i stroppene, reduserer ogs\u00e5 risikoen for riper eller skader p\u00e5 \u00f8mfintlige eller lakkerte overflater, noe som er en fordel i bransjer der det er viktig \u00e5 bevare materialet.<\/p>\n<p>Qingdao H&amp;Fs fokus p\u00e5 kvalitet og ytelse gjenspeiles i v\u00e5rt utvalg av stropper, som dekker mange ulike l\u00f8ftebehov. V\u00e5re 1-tonns l\u00f8fteseil er designet med funksjoner som \u00f8ker brukervennligheten og sikkerheten, for eksempel fargekodede kapasitetsindikatorer og forsterkede l\u00f8kker for \u00e5 forhindre slitasje p\u00e5 viktige belastningspunkter. I tillegg f\u00f8lger det med en kvalitetskontrollrapport for hver slynge, noe som gir tillit til at produktet vil fungere p\u00e5litelig under forventede forhold. Kundene v\u00e5re drar nytte av \u00e5 vite at produktet de kj\u00f8per oppfyller strenge kvalitetsstandarder, noe som bidrar til b\u00e5de sikkerhet og effektiv prosjektgjennomf\u00f8ring.<\/p>\n<h3><strong>Qingdao H&amp;Fs l\u00f8fte: service, hastighet og trygghet<\/strong><\/h3>\n<p>I tillegg til et produkt av h\u00f8y kvalitet, s\u00f8rger Qingdao H&amp;F for en eksepsjonell kj\u00f8psopplevelse. Vi vet at innkj\u00f8pere ikke bare prioriterer produktkvalitet, men ogs\u00e5 leverand\u00f8rens generelle p\u00e5litelighet. Derfor fokuserer vi p\u00e5 \u00e5 levere mer enn selve produktet, med tjenester som tar hensyn til kundenes individuelle behov og bekymringer. Ved \u00e5 tilby personlig kundeservice s\u00f8rger vi for at alle sp\u00f8rsm\u00e5l eller krav blir besvart raskt og effektivt, noe som skaper tillit og tilfredshet fra f\u00f8rste kontaktpunkt.<\/p>\n<p>V\u00e5r forpliktelse til \u00e5 v\u00e6re raske gjenspeiles i v\u00e5re raske leveringssykluser. Vi forst\u00e5r at timing er avgj\u00f8rende, og at enhver forsinkelse kan p\u00e5virke produktivitet og tidsplaner. Derfor samarbeider vi tett med v\u00e5re logistikkpartnere for \u00e5 opprettholde effektive forsendelsesprosesser, slik at kundene v\u00e5re kan v\u00e6re sikre p\u00e5 at seilstroppene kommer frem n\u00e5r de trenger dem. I tillegg s\u00f8rger v\u00e5r grundige kvalitetskontroll for at hver eneste stropp er klar til umiddelbar bruk, med rapporter som beskriver produktets samsvar med bransjestandardene. Denne forpliktelsen til kvalitet og service gj\u00f8r Qingdao H&amp;F til en foretrukket partner for bedrifter som er p\u00e5 utkikk etter p\u00e5litelige l\u00f8ftel\u00f8sninger.<\/p>\n<p>V\u00e5re 1-tonns stropper representerer en blanding av ytelse, sikkerhet og bekvemmelighet, designet for \u00e5 m\u00f8te de strenge kravene i moderne industri. Ved \u00e5 velge Qingdao H&amp;F investerer kj\u00f8perne i et partnerskap som verdsetter deres prioriteringer, fra produktintegritet til rask og oppmerksom service. Vi er stolte av \u00e5 levere ikke bare et produkt, men en komplett l\u00f8sning som er i tr\u00e5d med v\u00e5re kunders driftsbehov og kvalitetsstandarder.<\/p>","protected":false},"excerpt":{"rendered":"<p>V\u00e5re 1-tonns stropper kombinerer styrke og allsidighet for l\u00f8fte- og heiseoppgaver i ulike bransjer. Innkj\u00f8pere prioriterer ofte holdbarhet, sikkerhet og enkel h\u00e5ndtering, noe v\u00e5re stropper leverer. Disse stroppene er laget for \u00e5 t\u00e5le tung bruk, og s\u00f8rger for sikker l\u00f8fting samtidig som de opprettholder fleksibilitet for ulike bruksomr\u00e5der. Som handelsselskap tilbyr Qingdao H&amp;F klare fordeler, inkludert personlig kundeservice, rask leveringssyklus og omfattende kvalitetsinspeksjonsrapporter, noe som sikrer at hvert kj\u00f8p oppfyller strenge sikkerhets- og kvalitetsstandarder.<\/p>","protected":false},"featured_media":8190,"comment_status":"open","ping_status":"closed","template":"","meta":{"site-sidebar-layout":"default","site-content-layout":"","ast-site-content-layout":"default","site-content-style":"default","site-sidebar-style":"default","ast-global-header-display":"","ast-banner-title-visibility":"","ast-main-header-display":"","ast-hfb-above-header-display":"","ast-hfb-below-header-display":"","ast-hfb-mobile-header-display":"","site-post-title":"","ast-breadcrumbs-content":"","ast-featured-img":"","footer-sml-layout":"","theme-transparent-header-meta":"default","adv-header-id-meta":"","stick-header-meta":"default","header-above-stick-meta":"","header-main-stick-meta":"","header-below-stick-meta":"","astra-migrate-meta-layouts":"set","ast-page-background-enabled":"default","ast-page-background-meta":{"desktop":{"background-color":"","background-image":"","background-repeat":"repeat","background-position":"center center","background-size":"auto","background-attachment":"scroll","background-type":"","background-media":"","overlay-type":"","overlay-color":"","overlay-opacity":"","overlay-gradient":""},"tablet":{"background-color":"","background-image":"","background-repeat":"repeat","background-position":"center center","background-size":"auto","background-attachment":"scroll","background-type":"","background-media":"","overlay-type":"","overlay-color":"","overlay-opacity":"","overlay-gradient":""},"mobile":{"background-color":"","background-image":"","background-repeat":"repeat","background-position":"center center","background-size":"auto","background-attachment":"scroll","background-type":"","background-media":"","overlay-type":"","overlay-color":"","overlay-opacity":"","overlay-gradient":""}},"ast-content-background-meta":{"desktop":{"background-color":"var(--ast-global-color-5)","background-image":"","background-repeat":"repeat","background-position":"center center","background-size":"auto","background-attachment":"scroll","background-type":"","background-media":"","overlay-type":"","overlay-color":"","overlay-opacity":"","overlay-gradient":""},"tablet":{"background-color":"var(--ast-global-color-5)","background-image":"","background-repeat":"repeat","background-position":"center center","background-size":"auto","background-attachment":"scroll","background-type":"","background-media":"","overlay-type":"","overlay-color":"","overlay-opacity":"","overlay-gradient":""},"mobile":{"background-color":"var(--ast-global-color-5)","background-image":"","background-repeat":"repeat","background-position":"center center","background-size":"auto","background-attachment":"scroll","background-type":"","background-media":"","overlay-type":"","overlay-color":"","overlay-opacity":"","overlay-gradient":""}}},"product_brand":[],"product_cat":[39],"product_tag":[],"class_list":{"0":"post-8189","1":"product","2":"type-product","3":"status-publish","4":"has-post-thumbnail","6":"product_cat-webbing-sling","7":"desktop-align-left","8":"tablet-align-left","9":"mobile-align-left","10":"ast-product-gallery-layout-horizontal-slider","11":"ast-product-gallery-with-no-image","12":"ast-product-tabs-layout-horizontal","14":"first","15":"instock","16":"shipping-taxable","17":"purchasable","18":"product-type-simple"},"yoast_head":"<!-- This site is optimized with the Yoast SEO plugin v25.2 - https:\/\/yoast.com\/wordpress\/plugins\/seo\/ -->\n<title>Flat Webbing Sling 1 Ton Polyester Double Duplex<\/title>\n<meta name=\"robots\" content=\"index, follow, max-snippet:-1, max-image-preview:large, max-video-preview:-1\" \/>\n<link rel=\"canonical\" href=\"https:\/\/qingdaohf.com\/nb\/produkt\/bandstropp-1-tonn\/\" \/>\n<meta property=\"og:locale\" content=\"nb_NO\" \/>\n<meta property=\"og:type\" content=\"article\" \/>\n<meta property=\"og:title\" content=\"Flat Webbing Sling 1 Ton Polyester Double Duplex\" \/>\n<meta property=\"og:description\" content=\"Our 1-ton webbing sling combines strength and versatility for lifting and hoisting tasks across various industries. Buyers often prioritize durability, safety, and ease of handling, all of which our webbing slings deliver. Made to endure heavy-duty use, these slings ensure secure lifting while maintaining flexibility for different applications. As a trading company, Qingdao H&amp;F provides distinct advantages, including one-on-one customer service, a fast delivery cycle, and comprehensive quality inspection reports, ensuring that every purchase meets rigorous safety and quality standards.\" \/>\n<meta property=\"og:url\" content=\"https:\/\/qingdaohf.com\/nb\/produkt\/bandstropp-1-tonn\/\" \/>\n<meta property=\"og:site_name\" content=\"Concrete Form &amp; Rigging Hardware Supplier\" \/>\n<meta property=\"article:publisher\" content=\"https:\/\/www.facebook.com\/qingdaohf\" \/>\n<meta property=\"article:modified_time\" content=\"2025-11-13T01:02:54+00:00\" \/>\n<meta property=\"og:image\" content=\"https:\/\/qingdaohf.com\/wp-content\/uploads\/2024\/10\/1ton_1.webp\" \/>\n\t<meta property=\"og:image:width\" content=\"1000\" \/>\n\t<meta property=\"og:image:height\" content=\"1000\" \/>\n\t<meta property=\"og:image:type\" content=\"image\/webp\" \/>\n<meta name=\"twitter:card\" content=\"summary_large_image\" \/>\n<meta name=\"twitter:label1\" content=\"Ansl. lesetid\" \/>\n\t<meta name=\"twitter:data1\" content=\"4 minutter\" \/>\n<script type=\"application\/ld+json\" class=\"yoast-schema-graph\">{\"@context\":\"https:\/\/schema.org\",\"@graph\":[{\"@type\":\"WebPage\",\"@id\":\"https:\/\/qingdaohf.com\/product\/webbing-sling-1-ton\/\",\"url\":\"https:\/\/qingdaohf.com\/product\/webbing-sling-1-ton\/\",\"name\":\"Flat Webbing Sling 1 Ton Polyester Double Duplex\",\"isPartOf\":{\"@id\":\"https:\/\/qingdaohf.com\/bg\/#website\"},\"primaryImageOfPage\":{\"@id\":\"https:\/\/qingdaohf.com\/product\/webbing-sling-1-ton\/#primaryimage\"},\"image\":{\"@id\":\"https:\/\/qingdaohf.com\/product\/webbing-sling-1-ton\/#primaryimage\"},\"thumbnailUrl\":\"https:\/\/qingdaohf.com\/wp-content\/uploads\/2024\/10\/1ton_1.webp\",\"datePublished\":\"2024-11-05T05:59:31+00:00\",\"dateModified\":\"2025-11-13T01:02:54+00:00\",\"breadcrumb\":{\"@id\":\"https:\/\/qingdaohf.com\/product\/webbing-sling-1-ton\/#breadcrumb\"},\"inLanguage\":\"nb-NO\",\"potentialAction\":[{\"@type\":\"ReadAction\",\"target\":[\"https:\/\/qingdaohf.com\/product\/webbing-sling-1-ton\/\"]}]},{\"@type\":\"ImageObject\",\"inLanguage\":\"nb-NO\",\"@id\":\"https:\/\/qingdaohf.com\/product\/webbing-sling-1-ton\/#primaryimage\",\"url\":\"https:\/\/qingdaohf.com\/wp-content\/uploads\/2024\/10\/1ton_1.webp\",\"contentUrl\":\"https:\/\/qingdaohf.com\/wp-content\/uploads\/2024\/10\/1ton_1.webp\",\"width\":1000,\"height\":1000},{\"@type\":\"BreadcrumbList\",\"@id\":\"https:\/\/qingdaohf.com\/product\/webbing-sling-1-ton\/#breadcrumb\",\"itemListElement\":[{\"@type\":\"ListItem\",\"position\":1,\"name\":\"Home\",\"item\":\"https:\/\/qingdaohf.com\/\"},{\"@type\":\"ListItem\",\"position\":2,\"name\":\"Concrete Forming Accessories and Rigging Hardware\",\"item\":\"https:\/\/qingdaohf.com\/bg\/?page_id=944\"},{\"@type\":\"ListItem\",\"position\":3,\"name\":\"Flat Webbing Sling 1 Ton Polyester Double Duplex\"}]},{\"@type\":\"WebSite\",\"@id\":\"https:\/\/qingdaohf.com\/bg\/#website\",\"url\":\"https:\/\/qingdaohf.com\/bg\/\",\"name\":\"Concrete Form & Rigging Hardware Supplier\",\"description\":\"\",\"publisher\":{\"@id\":\"https:\/\/qingdaohf.com\/bg\/#organization\"},\"potentialAction\":[{\"@type\":\"SearchAction\",\"target\":{\"@type\":\"EntryPoint\",\"urlTemplate\":\"https:\/\/qingdaohf.com\/bg\/?s={search_term_string}\"},\"query-input\":{\"@type\":\"PropertyValueSpecification\",\"valueRequired\":true,\"valueName\":\"search_term_string\"}}],\"inLanguage\":\"nb-NO\"},{\"@type\":\"Organization\",\"@id\":\"https:\/\/qingdaohf.com\/bg\/#organization\",\"name\":\"Qingdao H&F\",\"url\":\"https:\/\/qingdaohf.com\/bg\/\",\"logo\":{\"@type\":\"ImageObject\",\"inLanguage\":\"nb-NO\",\"@id\":\"https:\/\/qingdaohf.com\/bg\/#\/schema\/logo\/image\/\",\"url\":\"https:\/\/qingdaohf.com\/wp-content\/uploads\/2022\/12\/cropped-HF-LOGO.png\",\"contentUrl\":\"https:\/\/qingdaohf.com\/wp-content\/uploads\/2022\/12\/cropped-HF-LOGO.png\",\"width\":391,\"height\":249,\"caption\":\"Qingdao H&F\"},\"image\":{\"@id\":\"https:\/\/qingdaohf.com\/bg\/#\/schema\/logo\/image\/\"},\"sameAs\":[\"https:\/\/www.facebook.com\/qingdaohf\"]}]}<\/script>\n<!-- \/ Yoast SEO plugin. -->","yoast_head_json":{"title":"Flat Webbing Sling 1 Ton Polyester Double Duplex","robots":{"index":"index","follow":"follow","max-snippet":"max-snippet:-1","max-image-preview":"max-image-preview:large","max-video-preview":"max-video-preview:-1"},"canonical":"https:\/\/qingdaohf.com\/nb\/produkt\/bandstropp-1-tonn\/","og_locale":"nb_NO","og_type":"article","og_title":"Flat Webbing Sling 1 Ton Polyester Double Duplex","og_description":"Our 1-ton webbing sling combines strength and versatility for lifting and hoisting tasks across various industries. Buyers often prioritize durability, safety, and ease of handling, all of which our webbing slings deliver. Made to endure heavy-duty use, these slings ensure secure lifting while maintaining flexibility for different applications. As a trading company, Qingdao H&amp;F provides distinct advantages, including one-on-one customer service, a fast delivery cycle, and comprehensive quality inspection reports, ensuring that every purchase meets rigorous safety and quality standards.","og_url":"https:\/\/qingdaohf.com\/nb\/produkt\/bandstropp-1-tonn\/","og_site_name":"Concrete Form &amp; Rigging Hardware Supplier","article_publisher":"https:\/\/www.facebook.com\/qingdaohf","article_modified_time":"2025-11-13T01:02:54+00:00","og_image":[{"width":1000,"height":1000,"url":"https:\/\/qingdaohf.com\/wp-content\/uploads\/2024\/10\/1ton_1.webp","type":"image\/webp"}],"twitter_card":"summary_large_image","twitter_misc":{"Ansl. lesetid":"4 minutter"},"schema":{"@context":"https:\/\/schema.org","@graph":[{"@type":"WebPage","@id":"https:\/\/qingdaohf.com\/product\/webbing-sling-1-ton\/","url":"https:\/\/qingdaohf.com\/product\/webbing-sling-1-ton\/","name":"Flat Webbing Sling 1 Ton Polyester Double Duplex","isPartOf":{"@id":"https:\/\/qingdaohf.com\/bg\/#website"},"primaryImageOfPage":{"@id":"https:\/\/qingdaohf.com\/product\/webbing-sling-1-ton\/#primaryimage"},"image":{"@id":"https:\/\/qingdaohf.com\/product\/webbing-sling-1-ton\/#primaryimage"},"thumbnailUrl":"https:\/\/qingdaohf.com\/wp-content\/uploads\/2024\/10\/1ton_1.webp","datePublished":"2024-11-05T05:59:31+00:00","dateModified":"2025-11-13T01:02:54+00:00","breadcrumb":{"@id":"https:\/\/qingdaohf.com\/product\/webbing-sling-1-ton\/#breadcrumb"},"inLanguage":"nb-NO","potentialAction":[{"@type":"ReadAction","target":["https:\/\/qingdaohf.com\/product\/webbing-sling-1-ton\/"]}]},{"@type":"ImageObject","inLanguage":"nb-NO","@id":"https:\/\/qingdaohf.com\/product\/webbing-sling-1-ton\/#primaryimage","url":"https:\/\/qingdaohf.com\/wp-content\/uploads\/2024\/10\/1ton_1.webp","contentUrl":"https:\/\/qingdaohf.com\/wp-content\/uploads\/2024\/10\/1ton_1.webp","width":1000,"height":1000},{"@type":"BreadcrumbList","@id":"https:\/\/qingdaohf.com\/product\/webbing-sling-1-ton\/#breadcrumb","itemListElement":[{"@type":"ListItem","position":1,"name":"Home","item":"https:\/\/qingdaohf.com\/"},{"@type":"ListItem","position":2,"name":"Concrete Forming Accessories and Rigging Hardware","item":"https:\/\/qingdaohf.com\/bg\/?page_id=944"},{"@type":"ListItem","position":3,"name":"Flat Webbing Sling 1 Ton Polyester Double Duplex"}]},{"@type":"WebSite","@id":"https:\/\/qingdaohf.com\/bg\/#website","url":"https:\/\/qingdaohf.com\/bg\/","name":"Concrete Form & Rigging Hardware Supplier","description":"","publisher":{"@id":"https:\/\/qingdaohf.com\/bg\/#organization"},"potentialAction":[{"@type":"SearchAction","target":{"@type":"EntryPoint","urlTemplate":"https:\/\/qingdaohf.com\/bg\/?s={search_term_string}"},"query-input":{"@type":"PropertyValueSpecification","valueRequired":true,"valueName":"search_term_string"}}],"inLanguage":"nb-NO"},{"@type":"Organization","@id":"https:\/\/qingdaohf.com\/bg\/#organization","name":"Qingdao H&F","url":"https:\/\/qingdaohf.com\/bg\/","logo":{"@type":"ImageObject","inLanguage":"nb-NO","@id":"https:\/\/qingdaohf.com\/bg\/#\/schema\/logo\/image\/","url":"https:\/\/qingdaohf.com\/wp-content\/uploads\/2022\/12\/cropped-HF-LOGO.png","contentUrl":"https:\/\/qingdaohf.com\/wp-content\/uploads\/2022\/12\/cropped-HF-LOGO.png","width":391,"height":249,"caption":"Qingdao H&F"},"image":{"@id":"https:\/\/qingdaohf.com\/bg\/#\/schema\/logo\/image\/"},"sameAs":["https:\/\/www.facebook.com\/qingdaohf"]}]}},"_links":{"self":[{"href":"https:\/\/qingdaohf.com\/nb\/wp-json\/wp\/v2\/product\/8189","targetHints":{"allow":["GET"]}}],"collection":[{"href":"https:\/\/qingdaohf.com\/nb\/wp-json\/wp\/v2\/product"}],"about":[{"href":"https:\/\/qingdaohf.com\/nb\/wp-json\/wp\/v2\/types\/product"}],"replies":[{"embeddable":true,"href":"https:\/\/qingdaohf.com\/nb\/wp-json\/wp\/v2\/comments?post=8189"}],"version-history":[{"count":2,"href":"https:\/\/qingdaohf.com\/nb\/wp-json\/wp\/v2\/product\/8189\/revisions"}],"predecessor-version":[{"id":8340,"href":"https:\/\/qingdaohf.com\/nb\/wp-json\/wp\/v2\/product\/8189\/revisions\/8340"}],"wp:featuredmedia":[{"embeddable":true,"href":"https:\/\/qingdaohf.com\/nb\/wp-json\/wp\/v2\/media\/8190"}],"wp:attachment":[{"href":"https:\/\/qingdaohf.com\/nb\/wp-json\/wp\/v2\/media?parent=8189"}],"wp:term":[{"taxonomy":"product_brand","embeddable":true,"href":"https:\/\/qingdaohf.com\/nb\/wp-json\/wp\/v2\/product_brand?post=8189"},{"taxonomy":"product_cat","embeddable":true,"href":"https:\/\/qingdaohf.com\/nb\/wp-json\/wp\/v2\/product_cat?post=8189"},{"taxonomy":"product_tag","embeddable":true,"href":"https:\/\/qingdaohf.com\/nb\/wp-json\/wp\/v2\/product_tag?post=8189"}],"curies":[{"name":"wp","href":"https:\/\/api.w.org\/{rel}","templated":true}]}}