{"id":8277,"date":"2024-11-05T14:01:41","date_gmt":"2024-11-05T06:01:41","guid":{"rendered":"http:\/\/qingdaohf.com\/?post_type=product&#038;p=8277"},"modified":"2025-11-13T09:02:53","modified_gmt":"2025-11-13T01:02:53","slug":"webbing-sling-2-ton","status":"publish","type":"product","link":"https:\/\/qingdaohf.com\/nb\/produkt\/bandstropp-2-tonn\/","title":{"rendered":"Flat Webbing Sling 2 Ton Polyester Double Duplex"},"content":{"rendered":"<div class=\"flex max-w-full flex-col flex-grow\">\n<div class=\"min-h-8 text-message flex w-full flex-col items-end gap-2 whitespace-normal break-words [.text-message+&amp;]:mt-5\" dir=\"auto\" data-message-author-role=\"assistant\" data-message-id=\"df1a8cb9-4730-4671-a7fd-4bac8c133d3f\" data-message-model-slug=\"gpt-4o\">\n<div class=\"flex w-full flex-col gap-1 empty:hidden first:pt-[3px]\">\n<div class=\"markdown prose w-full break-words dark:prose-invert light\">\n<h3><strong>Allsidig 2-tonns l\u00f8ftestropp for robuste l\u00f8ftel\u00f8sninger<\/strong><\/h3>\n<p>En 2-tonns stropp er et viktig verkt\u00f8y for sikker l\u00f8fting og h\u00e5ndtering av tunge laster i ulike bransjer. Seilet er konstruert av syntetiske fibre av h\u00f8y kvalitet og er b\u00e5de sterkt og fleksibelt, og kombinerer den n\u00f8dvendige holdbarheten for krevende forhold med brukervennlighet. Kapasiteten p\u00e5 2 tonn er egnet for mellomstore laster, noe som gj\u00f8r den sv\u00e6rt allsidig p\u00e5 tvers av sektorer som bygg og anlegg, lager, shipping og produksjon. Qingdao H&amp;Fs 2-tonns stroppestropper er en p\u00e5litelig l\u00f8sning som oppfyller ytelses- og sikkerhetsforventningene til fagfolk p\u00e5 ulike omr\u00e5der.<\/p>\n<p>I bransjer der tunge l\u00f8ft er en integrert del av hverdagen, er det avgj\u00f8rende at utstyret er sikkert og p\u00e5litelig. Den 2-tonns stroppen fra Qingdao H&amp;F er spesielt utviklet for \u00e5 gi optimal styrke uten at det g\u00e5r p\u00e5 bekostning av fleksibiliteten, noe som muliggj\u00f8r sikker og effektiv lasth\u00e5ndtering. Kj\u00f8perne ser etter en kombinasjon av h\u00f8y b\u00e6reevne, holdbarhet og slitestyrke, og alle disse egenskapene er n\u00f8ye integrert i utformingen av denne seilen. Med sin syntetiske konstruksjon er 2-tonns l\u00f8fteseilet lettere og mer h\u00e5ndterlig enn alternativer i metall, noe som reduserer sannsynligheten for at operat\u00f8ren blir tr\u00f8tt og \u00f8ker den generelle sikkerheten.<\/p>\n<p>Qingdao H&amp;F kompletterer den overlegne kvaliteten p\u00e5 sine stroppestropper med kundefokuserte tjenester. Hvert produkt gjennomg\u00e5r en grundig inspeksjon, ledsaget av omfattende kvalitetsrapporter for \u00e5 sikre at kj\u00f8perne har full tillit til kj\u00f8pet. V\u00e5r individuelle kundeservice sikrer at hver enkelt kj\u00f8pers unike behov blir oppfylt, og v\u00e5r effektive leveringsprosess garanterer at produktene kommer frem i tide, slik at arbeidsflyten i prosjektene kan fortsette uten avbrudd.<\/p>\n<h3><strong>Konstruksjon og materialkvalitet for langvarig ytelse<\/strong><\/h3>\n<p>Materialet i den 2-tonns stroppen er et av de viktigste kjennetegnene, og det er valgt for \u00e5 t\u00e5le gjentatt bruk under krevende forhold. De er vanligvis laget av polyester eller nylon, og hvert materiale har sine spesifikke fordeler. Polyesterstropper er for eksempel motstandsdyktige mot fuktighet og UV-str\u00e5ler, noe som gj\u00f8r dem ideelle for utend\u00f8rs bruk og langvarig bruk. Nylonslynger, som er kjent for sin elastisitet, gir utmerket st\u00f8tdemping, noe som er verdifullt ved h\u00e5ndtering av dynamiske belastninger. Uansett materiale gjennomg\u00e5r hver slynge en grundig testing for \u00e5 bekrefte at den kan b\u00e6re opptil 2 tonn p\u00e5 en trygg m\u00e5te.<\/p>\n<p>Produksjonsprosessene er n\u00f8ye kontrollert for \u00e5 sikre ensartethet og p\u00e5litelighet. Fra valg av fiber til den endelige vevingen er hvert steg tatt med tanke p\u00e5 holdbarhet, noe som sikrer at seilet forblir sterkt over tid. Forsterkede l\u00f8kker og slitesterk overflatebehandling forlenger produktets levetid ytterligere, noe som gir verdi til kj\u00f8pere som s\u00f8ker h\u00f8ytytende og kostnadseffektive l\u00f8ftel\u00f8sninger. Qingdao H&amp;F tilbyr et produkt som er testet for sikkerhet, p\u00e5litelighet og lang levetid, og som oppfyller de strenge kravene til bransjer som er avhengige av p\u00e5litelig l\u00f8fteutstyr.<\/p>\n<h3><strong>Bruksomr\u00e5der p\u00e5 tvers av ulike bransjer<\/strong><\/h3>\n<p>2-tonns stroppens tilpasningsdyktighet gj\u00f8r den verdifull p\u00e5 en rekke omr\u00e5der, blant annet innen logistikk, bygg og anlegg og industrielt vedlikehold. I bygg- og anleggsbransjen er denne kapasiteten for eksempel egnet til \u00e5 plassere bjelker, sikre tunge maskiner eller flytte viktige byggematerialer. Den lette, men robuste konstruksjonen til stroppene forenkler lasth\u00e5ndteringen i slike situasjoner, og i motsetning til st\u00e5lkjettinger minimerer det syntetiske materialet risikoen for overflateskader. Innenfor logistikk og lagerarbeid er kapasiteten p\u00e5 2 tonn egnet for forsendelser og materialer med middels vekt, noe som er ideelt for situasjoner som krever b\u00e5de laststabilitet og forsiktig h\u00e5ndtering.<\/p>\n<p>I tillegg til styrke og holdbarhet verdsetter kj\u00f8pere ofte fleksibiliteten som b\u00e5ndstropper gir sammenlignet med tradisjonelle l\u00f8ftekjettinger eller -tau. Det syntetiske materialet gj\u00f8r det enklere \u00e5 man\u00f8vrere, noe som gj\u00f8r det praktisk for l\u00f8fteoperasjoner i trange rom eller under unike lastkonfigurasjoner. Dessuten gir 2-tonns stroppestroppens design tryggere og mer stabile l\u00f8ft, noe som \u00f8ker operat\u00f8rens tillit og reduserer risikoen for ulykker eller materielle skader. Qingdao H&amp;Fs fokus p\u00e5 kvalitet og ytelse gj\u00f8r at alle l\u00f8fteseilene er praktiske, sikre og allsidige l\u00f8sninger som passer til ulike bransjer.<\/p>\n<h3><strong>Qingdao H&amp;Fs forpliktelse til service og kvalitetssikring<\/strong><\/h3>\n<p>Qingdao H&amp;F tilbyr ikke bare produkter av h\u00f8y kvalitet, men fokuserer ogs\u00e5 p\u00e5 \u00e5 levere en eksepsjonell kj\u00f8psopplevelse. Den 2-tonns stroppen leveres med en omfattende inspeksjonsrapport som sikrer \u00e5penhet om produktkvalitet og samsvar med bransjestandarder. Hver rapport beskriver kritiske ytelsesm\u00e5linger, noe som gir kj\u00f8perne tillit til investeringen. Ved \u00e5 verifisere lastkapasiteten og bekrefte produktets holdbarhet gir disse rapportene viktig innsikt for bedrifter som prioriterer sikre og effektive l\u00f8ftel\u00f8sninger.<\/p>\n<p>Qingdao H&amp;Fs engasjement for kundeservice bidrar dessuten til \u00e5 \u00f8ke verdien av v\u00e5re b\u00e5ndstropper. Med personlig st\u00f8tte hjelper teamet v\u00e5rt kundene med \u00e5 velge produkter som er skreddersydd til deres driftsbehov. Denne personlige servicen fortsetter ogs\u00e5 etter kj\u00f8pet, med veiledning om vedlikeholdsrutiner som forlenger produktenes levetid. I tillegg er v\u00e5re raske leveringssykluser tilpasset kundenes tidssensitive krav, slik at de f\u00e5r stroppene sine raskt og unng\u00e5r forsinkelser i driften.<\/p>\n<p>For innkj\u00f8pere som fokuserer p\u00e5 kvalitet, p\u00e5litelighet og effektiv service, tilbyr Qingdao H&amp;F en omfattende l\u00f8sning med sin 2-tonns stroppeslynge. Dette produktet er sterkt og fleksibelt, og det er samtidig dedikert til \u00e5 m\u00f8te kundenes logistiske og sikkerhetsmessige behov. Med hver stropp f\u00e5r kj\u00f8perne ikke bare et f\u00f8rsteklasses l\u00f8fteverkt\u00f8y, men ogs\u00e5 st\u00f8tte og forsikring fra et selskap som har forpliktet seg til \u00e5 levere det ypperste.<\/p>\n<\/div>\n<\/div>\n<\/div>\n<\/div>\n<div class=\"mb-2 flex gap-3 empty:hidden -ml-2\">\n<div class=\"items-center justify-start rounded-xl p-1 flex\">\n<div class=\"flex items-center\"><\/div>\n<\/div>\n<\/div>","protected":false},"excerpt":{"rendered":"<p>2-tonns stroppestroppen fra Qingdao H&amp;F er en p\u00e5litelig l\u00f8sning med h\u00f8y kapasitet for ulike l\u00f8fteoppgaver. Kj\u00f8pere prioriterer ofte faktorer som lastsikkerhet, holdbarhet og enkel h\u00e5ndtering, noe som denne stroppen gir. Den er laget av sterke syntetiske fibre og t\u00e5ler krevende forhold og gir p\u00e5litelig ytelse. Som handelsselskap tilbyr Qingdao H&amp;F betydelige fordeler, inkludert personlig kundeservice, raske leveringssykluser og detaljerte kvalitetsinspeksjonsrapporter, noe som sikrer at hvert produkt oppfyller strenge standarder og kj\u00f8pernes forventninger.<\/p>","protected":false},"featured_media":8196,"comment_status":"open","ping_status":"closed","template":"","meta":{"site-sidebar-layout":"default","site-content-layout":"","ast-site-content-layout":"default","site-content-style":"default","site-sidebar-style":"default","ast-global-header-display":"","ast-banner-title-visibility":"","ast-main-header-display":"","ast-hfb-above-header-display":"","ast-hfb-below-header-display":"","ast-hfb-mobile-header-display":"","site-post-title":"","ast-breadcrumbs-content":"","ast-featured-img":"","footer-sml-layout":"","theme-transparent-header-meta":"default","adv-header-id-meta":"","stick-header-meta":"default","header-above-stick-meta":"","header-main-stick-meta":"","header-below-stick-meta":"","astra-migrate-meta-layouts":"set","ast-page-background-enabled":"default","ast-page-background-meta":{"desktop":{"background-color":"","background-image":"","background-repeat":"repeat","background-position":"center center","background-size":"auto","background-attachment":"scroll","background-type":"","background-media":"","overlay-type":"","overlay-color":"","overlay-opacity":"","overlay-gradient":""},"tablet":{"background-color":"","background-image":"","background-repeat":"repeat","background-position":"center center","background-size":"auto","background-attachment":"scroll","background-type":"","background-media":"","overlay-type":"","overlay-color":"","overlay-opacity":"","overlay-gradient":""},"mobile":{"background-color":"","background-image":"","background-repeat":"repeat","background-position":"center center","background-size":"auto","background-attachment":"scroll","background-type":"","background-media":"","overlay-type":"","overlay-color":"","overlay-opacity":"","overlay-gradient":""}},"ast-content-background-meta":{"desktop":{"background-color":"var(--ast-global-color-5)","background-image":"","background-repeat":"repeat","background-position":"center center","background-size":"auto","background-attachment":"scroll","background-type":"","background-media":"","overlay-type":"","overlay-color":"","overlay-opacity":"","overlay-gradient":""},"tablet":{"background-color":"var(--ast-global-color-5)","background-image":"","background-repeat":"repeat","background-position":"center center","background-size":"auto","background-attachment":"scroll","background-type":"","background-media":"","overlay-type":"","overlay-color":"","overlay-opacity":"","overlay-gradient":""},"mobile":{"background-color":"var(--ast-global-color-5)","background-image":"","background-repeat":"repeat","background-position":"center center","background-size":"auto","background-attachment":"scroll","background-type":"","background-media":"","overlay-type":"","overlay-color":"","overlay-opacity":"","overlay-gradient":""}}},"product_brand":[],"product_cat":[39],"product_tag":[],"class_list":{"0":"post-8277","1":"product","2":"type-product","3":"status-publish","4":"has-post-thumbnail","6":"product_cat-webbing-sling","7":"desktop-align-left","8":"tablet-align-left","9":"mobile-align-left","10":"ast-product-gallery-layout-horizontal-slider","11":"ast-product-gallery-with-no-image","12":"ast-product-tabs-layout-horizontal","14":"first","15":"instock","16":"shipping-taxable","17":"purchasable","18":"product-type-simple"},"yoast_head":"<!-- This site is optimized with the Yoast SEO plugin v25.2 - https:\/\/yoast.com\/wordpress\/plugins\/seo\/ -->\n<title>Flat Webbing Sling 2 Ton Polyester Double Duplex<\/title>\n<meta name=\"robots\" content=\"index, follow, max-snippet:-1, max-image-preview:large, max-video-preview:-1\" \/>\n<link rel=\"canonical\" href=\"https:\/\/qingdaohf.com\/nb\/produkt\/bandstropp-2-tonn\/\" \/>\n<meta property=\"og:locale\" content=\"nb_NO\" \/>\n<meta property=\"og:type\" content=\"article\" \/>\n<meta property=\"og:title\" content=\"Flat Webbing Sling 2 Ton Polyester Double Duplex\" \/>\n<meta property=\"og:description\" content=\"The 2-ton webbing sling from Qingdao H&amp;F is a dependable, high-capacity solution for various lifting applications. Buyers often prioritize factors like load security, durability, and ease of handling, all of which this webbing sling provides. Crafted with strong synthetic fibers, it withstands demanding conditions, offering reliable performance. As a trading company, Qingdao H&amp;F delivers significant benefits, including one-to-one customer service, rapid delivery cycles, and detailed quality inspection reports, ensuring each product meets rigorous standards and buyer expectations.\" \/>\n<meta property=\"og:url\" content=\"https:\/\/qingdaohf.com\/nb\/produkt\/bandstropp-2-tonn\/\" \/>\n<meta property=\"og:site_name\" content=\"Concrete Form &amp; Rigging Hardware Supplier\" \/>\n<meta property=\"article:publisher\" content=\"https:\/\/www.facebook.com\/qingdaohf\" \/>\n<meta property=\"article:modified_time\" content=\"2025-11-13T01:02:53+00:00\" \/>\n<meta property=\"og:image\" content=\"https:\/\/qingdaohf.com\/wp-content\/uploads\/2024\/10\/2-ton_1.webp\" \/>\n\t<meta property=\"og:image:width\" content=\"1000\" \/>\n\t<meta property=\"og:image:height\" content=\"1000\" \/>\n\t<meta property=\"og:image:type\" content=\"image\/webp\" \/>\n<meta name=\"twitter:card\" content=\"summary_large_image\" \/>\n<meta name=\"twitter:label1\" content=\"Ansl. lesetid\" \/>\n\t<meta name=\"twitter:data1\" content=\"4 minutter\" \/>\n<script type=\"application\/ld+json\" class=\"yoast-schema-graph\">{\"@context\":\"https:\/\/schema.org\",\"@graph\":[{\"@type\":\"WebPage\",\"@id\":\"https:\/\/qingdaohf.com\/product\/webbing-sling-2-ton\/\",\"url\":\"https:\/\/qingdaohf.com\/product\/webbing-sling-2-ton\/\",\"name\":\"Flat Webbing Sling 2 Ton Polyester Double Duplex\",\"isPartOf\":{\"@id\":\"https:\/\/qingdaohf.com\/bg\/#website\"},\"primaryImageOfPage\":{\"@id\":\"https:\/\/qingdaohf.com\/product\/webbing-sling-2-ton\/#primaryimage\"},\"image\":{\"@id\":\"https:\/\/qingdaohf.com\/product\/webbing-sling-2-ton\/#primaryimage\"},\"thumbnailUrl\":\"https:\/\/qingdaohf.com\/wp-content\/uploads\/2024\/10\/2-ton_1.webp\",\"datePublished\":\"2024-11-05T06:01:41+00:00\",\"dateModified\":\"2025-11-13T01:02:53+00:00\",\"breadcrumb\":{\"@id\":\"https:\/\/qingdaohf.com\/product\/webbing-sling-2-ton\/#breadcrumb\"},\"inLanguage\":\"nb-NO\",\"potentialAction\":[{\"@type\":\"ReadAction\",\"target\":[\"https:\/\/qingdaohf.com\/product\/webbing-sling-2-ton\/\"]}]},{\"@type\":\"ImageObject\",\"inLanguage\":\"nb-NO\",\"@id\":\"https:\/\/qingdaohf.com\/product\/webbing-sling-2-ton\/#primaryimage\",\"url\":\"https:\/\/qingdaohf.com\/wp-content\/uploads\/2024\/10\/2-ton_1.webp\",\"contentUrl\":\"https:\/\/qingdaohf.com\/wp-content\/uploads\/2024\/10\/2-ton_1.webp\",\"width\":1000,\"height\":1000,\"caption\":\"webbing sling 2 ton\"},{\"@type\":\"BreadcrumbList\",\"@id\":\"https:\/\/qingdaohf.com\/product\/webbing-sling-2-ton\/#breadcrumb\",\"itemListElement\":[{\"@type\":\"ListItem\",\"position\":1,\"name\":\"Home\",\"item\":\"https:\/\/qingdaohf.com\/\"},{\"@type\":\"ListItem\",\"position\":2,\"name\":\"Concrete Forming Accessories and Rigging Hardware\",\"item\":\"https:\/\/qingdaohf.com\/bg\/?page_id=944\"},{\"@type\":\"ListItem\",\"position\":3,\"name\":\"Flat Webbing Sling 2 Ton Polyester Double Duplex\"}]},{\"@type\":\"WebSite\",\"@id\":\"https:\/\/qingdaohf.com\/bg\/#website\",\"url\":\"https:\/\/qingdaohf.com\/bg\/\",\"name\":\"Concrete Form & Rigging Hardware Supplier\",\"description\":\"\",\"publisher\":{\"@id\":\"https:\/\/qingdaohf.com\/bg\/#organization\"},\"potentialAction\":[{\"@type\":\"SearchAction\",\"target\":{\"@type\":\"EntryPoint\",\"urlTemplate\":\"https:\/\/qingdaohf.com\/bg\/?s={search_term_string}\"},\"query-input\":{\"@type\":\"PropertyValueSpecification\",\"valueRequired\":true,\"valueName\":\"search_term_string\"}}],\"inLanguage\":\"nb-NO\"},{\"@type\":\"Organization\",\"@id\":\"https:\/\/qingdaohf.com\/bg\/#organization\",\"name\":\"Qingdao H&F\",\"url\":\"https:\/\/qingdaohf.com\/bg\/\",\"logo\":{\"@type\":\"ImageObject\",\"inLanguage\":\"nb-NO\",\"@id\":\"https:\/\/qingdaohf.com\/bg\/#\/schema\/logo\/image\/\",\"url\":\"https:\/\/qingdaohf.com\/wp-content\/uploads\/2022\/12\/cropped-HF-LOGO.png\",\"contentUrl\":\"https:\/\/qingdaohf.com\/wp-content\/uploads\/2022\/12\/cropped-HF-LOGO.png\",\"width\":391,\"height\":249,\"caption\":\"Qingdao H&F\"},\"image\":{\"@id\":\"https:\/\/qingdaohf.com\/bg\/#\/schema\/logo\/image\/\"},\"sameAs\":[\"https:\/\/www.facebook.com\/qingdaohf\"]}]}<\/script>\n<!-- \/ Yoast SEO plugin. -->","yoast_head_json":{"title":"Flat Webbing Sling 2 Ton Polyester Double Duplex","robots":{"index":"index","follow":"follow","max-snippet":"max-snippet:-1","max-image-preview":"max-image-preview:large","max-video-preview":"max-video-preview:-1"},"canonical":"https:\/\/qingdaohf.com\/nb\/produkt\/bandstropp-2-tonn\/","og_locale":"nb_NO","og_type":"article","og_title":"Flat Webbing Sling 2 Ton Polyester Double Duplex","og_description":"The 2-ton webbing sling from Qingdao H&amp;F is a dependable, high-capacity solution for various lifting applications. Buyers often prioritize factors like load security, durability, and ease of handling, all of which this webbing sling provides. Crafted with strong synthetic fibers, it withstands demanding conditions, offering reliable performance. As a trading company, Qingdao H&amp;F delivers significant benefits, including one-to-one customer service, rapid delivery cycles, and detailed quality inspection reports, ensuring each product meets rigorous standards and buyer expectations.","og_url":"https:\/\/qingdaohf.com\/nb\/produkt\/bandstropp-2-tonn\/","og_site_name":"Concrete Form &amp; Rigging Hardware Supplier","article_publisher":"https:\/\/www.facebook.com\/qingdaohf","article_modified_time":"2025-11-13T01:02:53+00:00","og_image":[{"width":1000,"height":1000,"url":"https:\/\/qingdaohf.com\/wp-content\/uploads\/2024\/10\/2-ton_1.webp","type":"image\/webp"}],"twitter_card":"summary_large_image","twitter_misc":{"Ansl. lesetid":"4 minutter"},"schema":{"@context":"https:\/\/schema.org","@graph":[{"@type":"WebPage","@id":"https:\/\/qingdaohf.com\/product\/webbing-sling-2-ton\/","url":"https:\/\/qingdaohf.com\/product\/webbing-sling-2-ton\/","name":"Flat Webbing Sling 2 Ton Polyester Double Duplex","isPartOf":{"@id":"https:\/\/qingdaohf.com\/bg\/#website"},"primaryImageOfPage":{"@id":"https:\/\/qingdaohf.com\/product\/webbing-sling-2-ton\/#primaryimage"},"image":{"@id":"https:\/\/qingdaohf.com\/product\/webbing-sling-2-ton\/#primaryimage"},"thumbnailUrl":"https:\/\/qingdaohf.com\/wp-content\/uploads\/2024\/10\/2-ton_1.webp","datePublished":"2024-11-05T06:01:41+00:00","dateModified":"2025-11-13T01:02:53+00:00","breadcrumb":{"@id":"https:\/\/qingdaohf.com\/product\/webbing-sling-2-ton\/#breadcrumb"},"inLanguage":"nb-NO","potentialAction":[{"@type":"ReadAction","target":["https:\/\/qingdaohf.com\/product\/webbing-sling-2-ton\/"]}]},{"@type":"ImageObject","inLanguage":"nb-NO","@id":"https:\/\/qingdaohf.com\/product\/webbing-sling-2-ton\/#primaryimage","url":"https:\/\/qingdaohf.com\/wp-content\/uploads\/2024\/10\/2-ton_1.webp","contentUrl":"https:\/\/qingdaohf.com\/wp-content\/uploads\/2024\/10\/2-ton_1.webp","width":1000,"height":1000,"caption":"webbing sling 2 ton"},{"@type":"BreadcrumbList","@id":"https:\/\/qingdaohf.com\/product\/webbing-sling-2-ton\/#breadcrumb","itemListElement":[{"@type":"ListItem","position":1,"name":"Home","item":"https:\/\/qingdaohf.com\/"},{"@type":"ListItem","position":2,"name":"Concrete Forming Accessories and Rigging Hardware","item":"https:\/\/qingdaohf.com\/bg\/?page_id=944"},{"@type":"ListItem","position":3,"name":"Flat Webbing Sling 2 Ton Polyester Double Duplex"}]},{"@type":"WebSite","@id":"https:\/\/qingdaohf.com\/bg\/#website","url":"https:\/\/qingdaohf.com\/bg\/","name":"Concrete Form & Rigging Hardware Supplier","description":"","publisher":{"@id":"https:\/\/qingdaohf.com\/bg\/#organization"},"potentialAction":[{"@type":"SearchAction","target":{"@type":"EntryPoint","urlTemplate":"https:\/\/qingdaohf.com\/bg\/?s={search_term_string}"},"query-input":{"@type":"PropertyValueSpecification","valueRequired":true,"valueName":"search_term_string"}}],"inLanguage":"nb-NO"},{"@type":"Organization","@id":"https:\/\/qingdaohf.com\/bg\/#organization","name":"Qingdao H&F","url":"https:\/\/qingdaohf.com\/bg\/","logo":{"@type":"ImageObject","inLanguage":"nb-NO","@id":"https:\/\/qingdaohf.com\/bg\/#\/schema\/logo\/image\/","url":"https:\/\/qingdaohf.com\/wp-content\/uploads\/2022\/12\/cropped-HF-LOGO.png","contentUrl":"https:\/\/qingdaohf.com\/wp-content\/uploads\/2022\/12\/cropped-HF-LOGO.png","width":391,"height":249,"caption":"Qingdao H&F"},"image":{"@id":"https:\/\/qingdaohf.com\/bg\/#\/schema\/logo\/image\/"},"sameAs":["https:\/\/www.facebook.com\/qingdaohf"]}]}},"_links":{"self":[{"href":"https:\/\/qingdaohf.com\/nb\/wp-json\/wp\/v2\/product\/8277","targetHints":{"allow":["GET"]}}],"collection":[{"href":"https:\/\/qingdaohf.com\/nb\/wp-json\/wp\/v2\/product"}],"about":[{"href":"https:\/\/qingdaohf.com\/nb\/wp-json\/wp\/v2\/types\/product"}],"replies":[{"embeddable":true,"href":"https:\/\/qingdaohf.com\/nb\/wp-json\/wp\/v2\/comments?post=8277"}],"version-history":[{"count":3,"href":"https:\/\/qingdaohf.com\/nb\/wp-json\/wp\/v2\/product\/8277\/revisions"}],"predecessor-version":[{"id":8339,"href":"https:\/\/qingdaohf.com\/nb\/wp-json\/wp\/v2\/product\/8277\/revisions\/8339"}],"wp:featuredmedia":[{"embeddable":true,"href":"https:\/\/qingdaohf.com\/nb\/wp-json\/wp\/v2\/media\/8196"}],"wp:attachment":[{"href":"https:\/\/qingdaohf.com\/nb\/wp-json\/wp\/v2\/media?parent=8277"}],"wp:term":[{"taxonomy":"product_brand","embeddable":true,"href":"https:\/\/qingdaohf.com\/nb\/wp-json\/wp\/v2\/product_brand?post=8277"},{"taxonomy":"product_cat","embeddable":true,"href":"https:\/\/qingdaohf.com\/nb\/wp-json\/wp\/v2\/product_cat?post=8277"},{"taxonomy":"product_tag","embeddable":true,"href":"https:\/\/qingdaohf.com\/nb\/wp-json\/wp\/v2\/product_tag?post=8277"}],"curies":[{"name":"wp","href":"https:\/\/api.w.org\/{rel}","templated":true}]}}