{"id":8280,"date":"2024-11-05T16:43:34","date_gmt":"2024-11-05T08:43:34","guid":{"rendered":"http:\/\/qingdaohf.com\/?post_type=product&#038;p=8280"},"modified":"2025-11-13T09:02:53","modified_gmt":"2025-11-13T01:02:53","slug":"webbing-sling-3-ton","status":"publish","type":"product","link":"https:\/\/qingdaohf.com\/nb\/produkt\/bandstropp-3-tonn\/","title":{"rendered":"Flat Webbing Sling 3 Ton Polyester Double Duplex"},"content":{"rendered":"<h3><strong>P\u00e5litelig 3-tonns b\u00e5ndstropp for tunge l\u00f8fteoppgaver<\/strong><\/h3>\n<p>I materialh\u00e5ndteringsverdenen skiller 3-tonns b\u00e5ndstroppen seg ut som en robust l\u00f8sning for l\u00f8fting og sikring av tunge laster i ulike bransjer. Med en optimal balanse mellom styrke, fleksibilitet og sikkerhet er denne stroppen designet for \u00e5 m\u00f8te de strenge kravene som stilles i alt fra bygg og anlegg til logistikk. Den 3-tonns stroppen er konstruert av syntetiske fibre av h\u00f8y kvalitet og er konstruert for \u00e5 levere p\u00e5litelig ytelse, noe som gj\u00f8r den til en viktig ressurs for alle operasjoner som inneb\u00e6rer l\u00f8fting av betydelige vekter.<\/p>\n<p>Den \u00f8kende ettersp\u00f8rselen etter allsidige l\u00f8ftel\u00f8sninger har f\u00f8rt til en utbredt bruk av stroppestropper i kommersielle og industrielle milj\u00f8er. 3-tonns stroppen er spesielt utviklet for \u00e5 h\u00e5ndtere middels tunge laster, og gir operat\u00f8rene et p\u00e5litelig verkt\u00f8y for \u00e5 utf\u00f8re oppgavene sine p\u00e5 en effektiv og sikker m\u00e5te. Innkj\u00f8pere er ofte opptatt av lastsikkerhet og holdbarhet, noe som er avgj\u00f8rende n\u00e5r de skal velge l\u00f8fteutstyr. 3-tonns stroppen tar hensyn til disse bekymringene ved \u00e5 sikre at den t\u00e5ler krevende forhold samtidig som den opprettholder sin integritet og ytelse over tid.<\/p>\n<p>En av de fremtredende egenskapene til en 3-tonns stropp er konstruksjonen, som vanligvis best\u00e5r av h\u00f8yfaste polyester- eller nylonfibre. Disse materialene har flere fordeler, blant annet slitestyrke, UV-stabilitet og fuktbestandighet. Kombinasjonen av disse egenskapene sikrer at stroppen kan fungere godt selv i utfordrende utemilj\u00f8er, noe som gj\u00f8r den egnet for en rekke bruksomr\u00e5der.<\/p>\n<p>Hos Qingdao H&amp;F er vi stolte av \u00e5 kunne tilby ikke bare produkter av h\u00f8y kvalitet, men ogs\u00e5 eksepsjonell service. V\u00e5r forpliktelse til personlig kundeservice betyr at hver kunde f\u00e5r personlig oppmerksomhet som er skreddersydd til deres spesifikke behov. Denne tiln\u00e6rmingen skaper tillit og sikrer at kj\u00f8perne f\u00f8ler at de f\u00e5r st\u00f8tte gjennom hele kj\u00f8psreisen. I tillegg legger vi stor vekt p\u00e5 levering til rett tid, og v\u00e5re effektive logistikkprosesser garanterer at kundene f\u00e5r seilene sine uten un\u00f8dvendige forsinkelser. Sammen med omfattende kvalitetsinspeksjonsrapporter gir produktene v\u00e5re kj\u00f8perne trygghet og sikrer at de oppfyller de n\u00f8dvendige sikkerhets- og ytelsesstandardene.<\/p>\n<h3><strong>Konstruksjonskvalitet og materialytelse<\/strong><\/h3>\n<p>Kvaliteten p\u00e5 materialene som brukes i 3-tonns stroppen er avgj\u00f8rende for dens ytelse og levetid. N\u00e5r vi velger materialer for produksjon, fokuserer vi p\u00e5 holdbarhet og styrke. Polyester, som er kjent for sin lave t\u00f8yning og h\u00f8ye slitestyrke, er et popul\u00e6rt valg. Denne fiberen er spesielt effektiv n\u00e5r det gjelder \u00e5 opprettholde laststabilitet, noe som er avgj\u00f8rende for trygge l\u00f8fteoperasjoner. Nylon har derimot overlegen elastisitet, noe som kan absorbere st\u00f8tbelastninger under l\u00f8fting, en egenskap som kan v\u00e6re fordelaktig i ulike bruksomr\u00e5der.<\/p>\n<p>Alle aspekter av produksjonsprosessen er utformet for \u00e5 opprettholde de h\u00f8yeste standarder. Fra valg av fibre til veveteknikk gjennomg\u00e5r hver slynge strenge tester for \u00e5 bekrefte at den er i stand til \u00e5 h\u00e5ndtere belastninger p\u00e5 opptil 3 tonn p\u00e5 en sikker m\u00e5te. Forsterkede s\u00f8mmer og endebeslag av h\u00f8y kvalitet forbedrer seilets holdbarhet, noe som reduserer risikoen for slitasje og \u00f8ker levetiden. Med disse egenskapene er 3-tonns stroppen en verdifull investering for bedrifter som er p\u00e5 utkikk etter p\u00e5litelige l\u00f8ftel\u00f8sninger.<\/p>\n<p>Kvalitetssikring er av st\u00f8rste viktighet hos Qingdao H&amp;F, og kundene v\u00e5re kan forvente at hvert produkt leveres med en detaljert inspeksjonsrapport. Disse rapportene gir viktig informasjon om seilets ytelsesegenskaper, inkludert bruddstyrke og samsvar med bransjestandarder. Ved \u00e5 sikre at alle l\u00f8fteseil oppfyller disse kravene, hjelper vi kundene v\u00e5re med \u00e5 ta informerte beslutninger og prioritere sikkerhet og p\u00e5litelighet i l\u00f8fteoperasjonene sine.<\/p>\n<h3><strong>Allsidige bruksomr\u00e5der og bransjefordeler<\/strong><\/h3>\n<p>Allsidigheten til 3-tonns stroppen gj\u00f8r den til et ideelt valg for en lang rekke bruksomr\u00e5der i ulike bransjer. I byggebransjen kan denne stroppen for eksempel brukes til \u00e5 l\u00f8fte og flytte tunge materialer som st\u00e5lbjelker, betongblokker og maskiner. Den lave vekten p\u00e5 stroppene gj\u00f8r dem enklere \u00e5 h\u00e5ndtere enn tradisjonelle metallkjettinger, noe som minimerer tretthet hos operat\u00f8ren og \u00f8ker den generelle sikkerheten.<\/p>\n<p>Innenfor logistikk og lager er 3-tonns stroppen uvurderlig n\u00e5r det gjelder transport av varer og materialer. Seilens evne til \u00e5 l\u00f8fte tunge laster p\u00e5 en sikker m\u00e5te sikrer at driften g\u00e5r smidig og effektivt. Slingstroppens fleksibilitet gj\u00f8r at den kan brukes p\u00e5 trange steder der annet l\u00f8fteutstyr kan ha problemer. I tillegg er stroppen sk\u00e5nsom mot skader, noe som betyr at den trygt kan l\u00f8fte skj\u00f8re eller ferdige varer uten risiko for riper eller bulker.<\/p>\n<p>En annen viktig fordel med 3-tonns stroppestropper er at de er enkle \u00e5 vedlikeholde. I motsetning til kjettinger eller andre l\u00f8fteinnretninger av metall, krever stroppestropper minimalt med vedlikehold. Regelmessige inspeksjoner og riktig lagring kan forlenge levetiden betydelig, noe som gj\u00f8r dem til et kostnadseffektivt alternativ for bedrifter som fokuserer p\u00e5 driftseffektivitet.<\/p>\n<p>Qingdao H&amp;F anerkjenner de skiftende behovene i ulike bransjer, og v\u00e5r 3-tonns stroppeslynge er designet for \u00e5 m\u00f8te disse kravene. Enten det gjelder bygg og anlegg, logistikk eller produksjon, leverer denne stroppen den p\u00e5liteligheten og ytelsen som bedrifter trenger for \u00e5 lykkes. Muligheten til \u00e5 l\u00f8fte store laster trygt og effektivt kan \u00f8ke produktiviteten betydelig, slik at operat\u00f8rene kan fokusere p\u00e5 kjerneoppgavene sine uten \u00e5 bekymre seg for utstyrssvikt.<\/p>\n<h3><strong>Qingdao H&amp;F: Din partner innen kvalitet og service<\/strong><\/h3>\n<p>Hos Qingdao H&amp;F er vi opptatt av kvalitet og kundetilfredshet, noe som gj\u00f8r at vi skiller oss ut i det konkurranseutsatte landskapet av l\u00f8ftel\u00f8sninger. Den 3-tonns stroppen representerer v\u00e5r forpliktelse til \u00e5 tilby kundene produkter som ikke bare er holdbare og p\u00e5litelige, men som ogs\u00e5 st\u00f8ttes av eksepsjonell service. Med v\u00e5r personlige kundest\u00f8tte veileder vi kundene gjennom valgprosessen, slik at de kan velge riktig l\u00f8fteseil for sine spesifikke behov.<\/p>\n<p>V\u00e5rt fokus p\u00e5 raske leveringssykluser betyr at kundene kan stole p\u00e5 at vi gir dem tilgang til l\u00f8fteutstyret i tide. Vi forst\u00e5r hvor viktig det er \u00e5 ha de riktige verkt\u00f8yene til rett tid, og logistikkteamet v\u00e5rt jobber iherdig for \u00e5 oppfylle og overg\u00e5 disse forventningene. I tillegg gir v\u00e5re omfattende kvalitetsinspeksjonsrapporter kundene den \u00e5penheten de trenger for \u00e5 f\u00f8le seg trygge p\u00e5 kj\u00f8pet, noe som forsterker v\u00e5r forpliktelse til sikkerhet og ytelse.<\/p>\n<p>\u00c5 velge en 3-tonns l\u00f8fteseil fra Qingdao H&amp;F betyr \u00e5 investere i en l\u00f8ftel\u00f8sning av h\u00f8y kvalitet, st\u00f8ttet av et selskap som verdsetter kundene sine og prioriterer deres behov. Ved \u00e5 tilby p\u00e5litelige produkter og eksepsjonell service tar vi sikte p\u00e5 \u00e5 fremme langsiktige partnerskap bygget p\u00e5 tillit og p\u00e5litelighet. V\u00e5re kunder kan v\u00e6re trygge p\u00e5 at n\u00e5r de velger v\u00e5re stropper, utstyrer de seg med de beste verkt\u00f8yene som er tilgjengelige p\u00e5 markedet, noe som forbedrer deres driftseffektivitet og sikkerhetsstandarder.<\/p>","protected":false},"excerpt":{"rendered":"<p>Qingdao H&amp;Fs 3-tonns stropper er et viktig verkt\u00f8y for sikre og effektive l\u00f8ft i en rekke industrielle applikasjoner. Kj\u00f8pere \u00f8nsker ofte trygghet n\u00e5r det gjelder lastsikkerhet, holdbarhet og brukervennlighet for l\u00f8fteutstyr. Denne l\u00f8fteseilet oppfyller disse behovene, og har en sterk konstruksjon som er designet for \u00e5 h\u00e5ndtere tyngre laster p\u00e5 en p\u00e5litelig m\u00e5te. Som handelsselskap er vi stolte av \u00e5 levere eksepsjonell verdi gjennom personlig kundeservice, raske leveringssykluser og omfattende kvalitetsinspeksjonsrapporter, noe som sikrer at hvert enkelt produkt oppfyller de h\u00f8yeste standarder for sikkerhet og ytelse.<\/p>","protected":false},"featured_media":8197,"comment_status":"open","ping_status":"closed","template":"","meta":{"site-sidebar-layout":"default","site-content-layout":"","ast-site-content-layout":"default","site-content-style":"default","site-sidebar-style":"default","ast-global-header-display":"","ast-banner-title-visibility":"","ast-main-header-display":"","ast-hfb-above-header-display":"","ast-hfb-below-header-display":"","ast-hfb-mobile-header-display":"","site-post-title":"","ast-breadcrumbs-content":"","ast-featured-img":"","footer-sml-layout":"","theme-transparent-header-meta":"default","adv-header-id-meta":"","stick-header-meta":"default","header-above-stick-meta":"","header-main-stick-meta":"","header-below-stick-meta":"","astra-migrate-meta-layouts":"set","ast-page-background-enabled":"default","ast-page-background-meta":{"desktop":{"background-color":"","background-image":"","background-repeat":"repeat","background-position":"center center","background-size":"auto","background-attachment":"scroll","background-type":"","background-media":"","overlay-type":"","overlay-color":"","overlay-opacity":"","overlay-gradient":""},"tablet":{"background-color":"","background-image":"","background-repeat":"repeat","background-position":"center center","background-size":"auto","background-attachment":"scroll","background-type":"","background-media":"","overlay-type":"","overlay-color":"","overlay-opacity":"","overlay-gradient":""},"mobile":{"background-color":"","background-image":"","background-repeat":"repeat","background-position":"center center","background-size":"auto","background-attachment":"scroll","background-type":"","background-media":"","overlay-type":"","overlay-color":"","overlay-opacity":"","overlay-gradient":""}},"ast-content-background-meta":{"desktop":{"background-color":"var(--ast-global-color-5)","background-image":"","background-repeat":"repeat","background-position":"center center","background-size":"auto","background-attachment":"scroll","background-type":"","background-media":"","overlay-type":"","overlay-color":"","overlay-opacity":"","overlay-gradient":""},"tablet":{"background-color":"var(--ast-global-color-5)","background-image":"","background-repeat":"repeat","background-position":"center center","background-size":"auto","background-attachment":"scroll","background-type":"","background-media":"","overlay-type":"","overlay-color":"","overlay-opacity":"","overlay-gradient":""},"mobile":{"background-color":"var(--ast-global-color-5)","background-image":"","background-repeat":"repeat","background-position":"center center","background-size":"auto","background-attachment":"scroll","background-type":"","background-media":"","overlay-type":"","overlay-color":"","overlay-opacity":"","overlay-gradient":""}}},"product_brand":[],"product_cat":[39],"product_tag":[],"class_list":{"0":"post-8280","1":"product","2":"type-product","3":"status-publish","4":"has-post-thumbnail","6":"product_cat-webbing-sling","7":"desktop-align-left","8":"tablet-align-left","9":"mobile-align-left","10":"ast-product-gallery-layout-horizontal-slider","11":"ast-product-gallery-with-no-image","12":"ast-product-tabs-layout-horizontal","14":"first","15":"instock","16":"shipping-taxable","17":"purchasable","18":"product-type-simple"},"yoast_head":"<!-- This site is optimized with the Yoast SEO plugin v25.2 - https:\/\/yoast.com\/wordpress\/plugins\/seo\/ -->\n<title>Flat Webbing Sling 3 Ton Polyester Double Duplex<\/title>\n<meta name=\"robots\" content=\"index, follow, max-snippet:-1, max-image-preview:large, max-video-preview:-1\" \/>\n<link rel=\"canonical\" href=\"https:\/\/qingdaohf.com\/nb\/produkt\/bandstropp-3-tonn\/\" \/>\n<meta property=\"og:locale\" content=\"nb_NO\" \/>\n<meta property=\"og:type\" content=\"article\" \/>\n<meta property=\"og:title\" content=\"Flat Webbing Sling 3 Ton Polyester Double Duplex\" \/>\n<meta property=\"og:description\" content=\"The 3-ton webbing sling offered by Qingdao H&amp;F is an essential tool for safe and effective lifting in a variety of industrial applications. Buyers often seek assurance regarding load security, durability, and the ease of use of lifting equipment. This sling meets those needs, boasting a strong construction designed for handling heavier loads with reliability. As a trading company, we pride ourselves on delivering exceptional value through one-on-one customer service, rapid delivery cycles, and comprehensive quality inspection reports, ensuring that each product is up to the highest standards of safety and performance.\" \/>\n<meta property=\"og:url\" content=\"https:\/\/qingdaohf.com\/nb\/produkt\/bandstropp-3-tonn\/\" \/>\n<meta property=\"og:site_name\" content=\"Concrete Form &amp; Rigging Hardware Supplier\" \/>\n<meta property=\"article:publisher\" content=\"https:\/\/www.facebook.com\/qingdaohf\" \/>\n<meta property=\"article:modified_time\" content=\"2025-11-13T01:02:53+00:00\" \/>\n<meta property=\"og:image\" content=\"https:\/\/qingdaohf.com\/wp-content\/uploads\/2024\/10\/3-ton-webbing-sling_1.webp\" \/>\n\t<meta property=\"og:image:width\" content=\"1000\" \/>\n\t<meta property=\"og:image:height\" content=\"1000\" \/>\n\t<meta property=\"og:image:type\" content=\"image\/webp\" \/>\n<meta name=\"twitter:card\" content=\"summary_large_image\" \/>\n<meta name=\"twitter:label1\" content=\"Ansl. lesetid\" \/>\n\t<meta name=\"twitter:data1\" content=\"5 minutter\" \/>\n<script type=\"application\/ld+json\" class=\"yoast-schema-graph\">{\"@context\":\"https:\/\/schema.org\",\"@graph\":[{\"@type\":\"WebPage\",\"@id\":\"https:\/\/qingdaohf.com\/product\/webbing-sling-3-ton\/\",\"url\":\"https:\/\/qingdaohf.com\/product\/webbing-sling-3-ton\/\",\"name\":\"Flat Webbing Sling 3 Ton Polyester Double Duplex\",\"isPartOf\":{\"@id\":\"https:\/\/qingdaohf.com\/bg\/#website\"},\"primaryImageOfPage\":{\"@id\":\"https:\/\/qingdaohf.com\/product\/webbing-sling-3-ton\/#primaryimage\"},\"image\":{\"@id\":\"https:\/\/qingdaohf.com\/product\/webbing-sling-3-ton\/#primaryimage\"},\"thumbnailUrl\":\"https:\/\/qingdaohf.com\/wp-content\/uploads\/2024\/10\/3-ton-webbing-sling_1.webp\",\"datePublished\":\"2024-11-05T08:43:34+00:00\",\"dateModified\":\"2025-11-13T01:02:53+00:00\",\"breadcrumb\":{\"@id\":\"https:\/\/qingdaohf.com\/product\/webbing-sling-3-ton\/#breadcrumb\"},\"inLanguage\":\"nb-NO\",\"potentialAction\":[{\"@type\":\"ReadAction\",\"target\":[\"https:\/\/qingdaohf.com\/product\/webbing-sling-3-ton\/\"]}]},{\"@type\":\"ImageObject\",\"inLanguage\":\"nb-NO\",\"@id\":\"https:\/\/qingdaohf.com\/product\/webbing-sling-3-ton\/#primaryimage\",\"url\":\"https:\/\/qingdaohf.com\/wp-content\/uploads\/2024\/10\/3-ton-webbing-sling_1.webp\",\"contentUrl\":\"https:\/\/qingdaohf.com\/wp-content\/uploads\/2024\/10\/3-ton-webbing-sling_1.webp\",\"width\":1000,\"height\":1000,\"caption\":\"3 ton webbing sling_1\"},{\"@type\":\"BreadcrumbList\",\"@id\":\"https:\/\/qingdaohf.com\/product\/webbing-sling-3-ton\/#breadcrumb\",\"itemListElement\":[{\"@type\":\"ListItem\",\"position\":1,\"name\":\"Home\",\"item\":\"https:\/\/qingdaohf.com\/\"},{\"@type\":\"ListItem\",\"position\":2,\"name\":\"Concrete Forming Accessories and Rigging Hardware\",\"item\":\"https:\/\/qingdaohf.com\/bg\/?page_id=944\"},{\"@type\":\"ListItem\",\"position\":3,\"name\":\"Flat Webbing Sling 3 Ton Polyester Double Duplex\"}]},{\"@type\":\"WebSite\",\"@id\":\"https:\/\/qingdaohf.com\/bg\/#website\",\"url\":\"https:\/\/qingdaohf.com\/bg\/\",\"name\":\"Concrete Form & Rigging Hardware Supplier\",\"description\":\"\",\"publisher\":{\"@id\":\"https:\/\/qingdaohf.com\/bg\/#organization\"},\"potentialAction\":[{\"@type\":\"SearchAction\",\"target\":{\"@type\":\"EntryPoint\",\"urlTemplate\":\"https:\/\/qingdaohf.com\/bg\/?s={search_term_string}\"},\"query-input\":{\"@type\":\"PropertyValueSpecification\",\"valueRequired\":true,\"valueName\":\"search_term_string\"}}],\"inLanguage\":\"nb-NO\"},{\"@type\":\"Organization\",\"@id\":\"https:\/\/qingdaohf.com\/bg\/#organization\",\"name\":\"Qingdao H&F\",\"url\":\"https:\/\/qingdaohf.com\/bg\/\",\"logo\":{\"@type\":\"ImageObject\",\"inLanguage\":\"nb-NO\",\"@id\":\"https:\/\/qingdaohf.com\/bg\/#\/schema\/logo\/image\/\",\"url\":\"https:\/\/qingdaohf.com\/wp-content\/uploads\/2022\/12\/cropped-HF-LOGO.png\",\"contentUrl\":\"https:\/\/qingdaohf.com\/wp-content\/uploads\/2022\/12\/cropped-HF-LOGO.png\",\"width\":391,\"height\":249,\"caption\":\"Qingdao H&F\"},\"image\":{\"@id\":\"https:\/\/qingdaohf.com\/bg\/#\/schema\/logo\/image\/\"},\"sameAs\":[\"https:\/\/www.facebook.com\/qingdaohf\"]}]}<\/script>\n<!-- \/ Yoast SEO plugin. -->","yoast_head_json":{"title":"Flat Webbing Sling 3 Ton Polyester Double Duplex","robots":{"index":"index","follow":"follow","max-snippet":"max-snippet:-1","max-image-preview":"max-image-preview:large","max-video-preview":"max-video-preview:-1"},"canonical":"https:\/\/qingdaohf.com\/nb\/produkt\/bandstropp-3-tonn\/","og_locale":"nb_NO","og_type":"article","og_title":"Flat Webbing Sling 3 Ton Polyester Double Duplex","og_description":"The 3-ton webbing sling offered by Qingdao H&amp;F is an essential tool for safe and effective lifting in a variety of industrial applications. Buyers often seek assurance regarding load security, durability, and the ease of use of lifting equipment. This sling meets those needs, boasting a strong construction designed for handling heavier loads with reliability. As a trading company, we pride ourselves on delivering exceptional value through one-on-one customer service, rapid delivery cycles, and comprehensive quality inspection reports, ensuring that each product is up to the highest standards of safety and performance.","og_url":"https:\/\/qingdaohf.com\/nb\/produkt\/bandstropp-3-tonn\/","og_site_name":"Concrete Form &amp; Rigging Hardware Supplier","article_publisher":"https:\/\/www.facebook.com\/qingdaohf","article_modified_time":"2025-11-13T01:02:53+00:00","og_image":[{"width":1000,"height":1000,"url":"https:\/\/qingdaohf.com\/wp-content\/uploads\/2024\/10\/3-ton-webbing-sling_1.webp","type":"image\/webp"}],"twitter_card":"summary_large_image","twitter_misc":{"Ansl. lesetid":"5 minutter"},"schema":{"@context":"https:\/\/schema.org","@graph":[{"@type":"WebPage","@id":"https:\/\/qingdaohf.com\/product\/webbing-sling-3-ton\/","url":"https:\/\/qingdaohf.com\/product\/webbing-sling-3-ton\/","name":"Flat Webbing Sling 3 Ton Polyester Double Duplex","isPartOf":{"@id":"https:\/\/qingdaohf.com\/bg\/#website"},"primaryImageOfPage":{"@id":"https:\/\/qingdaohf.com\/product\/webbing-sling-3-ton\/#primaryimage"},"image":{"@id":"https:\/\/qingdaohf.com\/product\/webbing-sling-3-ton\/#primaryimage"},"thumbnailUrl":"https:\/\/qingdaohf.com\/wp-content\/uploads\/2024\/10\/3-ton-webbing-sling_1.webp","datePublished":"2024-11-05T08:43:34+00:00","dateModified":"2025-11-13T01:02:53+00:00","breadcrumb":{"@id":"https:\/\/qingdaohf.com\/product\/webbing-sling-3-ton\/#breadcrumb"},"inLanguage":"nb-NO","potentialAction":[{"@type":"ReadAction","target":["https:\/\/qingdaohf.com\/product\/webbing-sling-3-ton\/"]}]},{"@type":"ImageObject","inLanguage":"nb-NO","@id":"https:\/\/qingdaohf.com\/product\/webbing-sling-3-ton\/#primaryimage","url":"https:\/\/qingdaohf.com\/wp-content\/uploads\/2024\/10\/3-ton-webbing-sling_1.webp","contentUrl":"https:\/\/qingdaohf.com\/wp-content\/uploads\/2024\/10\/3-ton-webbing-sling_1.webp","width":1000,"height":1000,"caption":"3 ton webbing sling_1"},{"@type":"BreadcrumbList","@id":"https:\/\/qingdaohf.com\/product\/webbing-sling-3-ton\/#breadcrumb","itemListElement":[{"@type":"ListItem","position":1,"name":"Home","item":"https:\/\/qingdaohf.com\/"},{"@type":"ListItem","position":2,"name":"Concrete Forming Accessories and Rigging Hardware","item":"https:\/\/qingdaohf.com\/bg\/?page_id=944"},{"@type":"ListItem","position":3,"name":"Flat Webbing Sling 3 Ton Polyester Double Duplex"}]},{"@type":"WebSite","@id":"https:\/\/qingdaohf.com\/bg\/#website","url":"https:\/\/qingdaohf.com\/bg\/","name":"Concrete Form & Rigging Hardware Supplier","description":"","publisher":{"@id":"https:\/\/qingdaohf.com\/bg\/#organization"},"potentialAction":[{"@type":"SearchAction","target":{"@type":"EntryPoint","urlTemplate":"https:\/\/qingdaohf.com\/bg\/?s={search_term_string}"},"query-input":{"@type":"PropertyValueSpecification","valueRequired":true,"valueName":"search_term_string"}}],"inLanguage":"nb-NO"},{"@type":"Organization","@id":"https:\/\/qingdaohf.com\/bg\/#organization","name":"Qingdao H&F","url":"https:\/\/qingdaohf.com\/bg\/","logo":{"@type":"ImageObject","inLanguage":"nb-NO","@id":"https:\/\/qingdaohf.com\/bg\/#\/schema\/logo\/image\/","url":"https:\/\/qingdaohf.com\/wp-content\/uploads\/2022\/12\/cropped-HF-LOGO.png","contentUrl":"https:\/\/qingdaohf.com\/wp-content\/uploads\/2022\/12\/cropped-HF-LOGO.png","width":391,"height":249,"caption":"Qingdao H&F"},"image":{"@id":"https:\/\/qingdaohf.com\/bg\/#\/schema\/logo\/image\/"},"sameAs":["https:\/\/www.facebook.com\/qingdaohf"]}]}},"_links":{"self":[{"href":"https:\/\/qingdaohf.com\/nb\/wp-json\/wp\/v2\/product\/8280","targetHints":{"allow":["GET"]}}],"collection":[{"href":"https:\/\/qingdaohf.com\/nb\/wp-json\/wp\/v2\/product"}],"about":[{"href":"https:\/\/qingdaohf.com\/nb\/wp-json\/wp\/v2\/types\/product"}],"replies":[{"embeddable":true,"href":"https:\/\/qingdaohf.com\/nb\/wp-json\/wp\/v2\/comments?post=8280"}],"version-history":[{"count":2,"href":"https:\/\/qingdaohf.com\/nb\/wp-json\/wp\/v2\/product\/8280\/revisions"}],"predecessor-version":[{"id":8338,"href":"https:\/\/qingdaohf.com\/nb\/wp-json\/wp\/v2\/product\/8280\/revisions\/8338"}],"wp:featuredmedia":[{"embeddable":true,"href":"https:\/\/qingdaohf.com\/nb\/wp-json\/wp\/v2\/media\/8197"}],"wp:attachment":[{"href":"https:\/\/qingdaohf.com\/nb\/wp-json\/wp\/v2\/media?parent=8280"}],"wp:term":[{"taxonomy":"product_brand","embeddable":true,"href":"https:\/\/qingdaohf.com\/nb\/wp-json\/wp\/v2\/product_brand?post=8280"},{"taxonomy":"product_cat","embeddable":true,"href":"https:\/\/qingdaohf.com\/nb\/wp-json\/wp\/v2\/product_cat?post=8280"},{"taxonomy":"product_tag","embeddable":true,"href":"https:\/\/qingdaohf.com\/nb\/wp-json\/wp\/v2\/product_tag?post=8280"}],"curies":[{"name":"wp","href":"https:\/\/api.w.org\/{rel}","templated":true}]}}