{"id":8287,"date":"2024-11-05T17:56:32","date_gmt":"2024-11-05T09:56:32","guid":{"rendered":"http:\/\/qingdaohf.com\/?post_type=product&#038;p=8287"},"modified":"2025-11-13T09:02:53","modified_gmt":"2025-11-13T01:02:53","slug":"webbing-sling-6-ton","status":"publish","type":"product","link":"https:\/\/qingdaohf.com\/nb\/produkt\/bandstropp-6-tonn\/","title":{"rendered":"Flat Webbing Sling 6 Ton Polyester Double Duplex"},"content":{"rendered":"<div class=\"flex max-w-full flex-col flex-grow\">\n<div class=\"min-h-8 text-message flex w-full flex-col items-end gap-2 whitespace-normal break-words [.text-message+&amp;]:mt-5\" dir=\"auto\" data-message-author-role=\"assistant\" data-message-id=\"c70e5c25-1016-4fd4-95f4-df6f87317104\" data-message-model-slug=\"gpt-4o\">\n<div class=\"flex w-full flex-col gap-1 empty:hidden first:pt-[3px]\">\n<div class=\"markdown prose w-full break-words dark:prose-invert light\">\n<h4>Eksepsjonell b\u00e6reevne og konstruksjon av 6-tonns b\u00e5ndslynge<\/h4>\n<p>Qingdao H&amp;F 6-Ton Webbing Sling er konstruert for bruksomr\u00e5der der styrke, stabilitet og holdbarhet er avgj\u00f8rende. Denne stroppen er laget av h\u00f8yfast polyester og gir eksepsjonell b\u00e6reevne samtidig som den t\u00e5ler milj\u00f8messige utfordringer som UV-eksponering, slitasje og vanlig slitasje. Med en kapasitet p\u00e5 6 tonn egner den seg for en rekke krevende bransjer, inkludert bygg og anlegg, logistikk og industriell produksjon, der p\u00e5litelig l\u00f8fteutstyr er en n\u00f8dvendighet.<\/p>\n<p>Qingdao H&amp;F s\u00f8rger for at hver 6-tonns stropp oppfyller strenge kvalitetskrav. Seilet gjennomg\u00e5r strenge tester og leveres med en kvalitetsinspeksjonsrapport, noe som gir kj\u00f8perne tillit til at det er i samsvar med internasjonale sikkerhetsstandarder. For bransjer der p\u00e5litelighet ikke er til forhandling, gj\u00f8r kvalitetssikringen fra Qingdao H&amp;F denne stroppen til et p\u00e5litelig valg. Qingdao H&amp;Fs raske leveringssyklus gj\u00f8r det dessuten mulig for bedrifter \u00e5 sikre viktig utstyr til rett tid, noe som reduserer nedetid og sikrer effektiv drift.<\/p>\n<h4>Sikkerhetsstandarder og laststabilitet i l\u00f8fteapplikasjoner<\/h4>\n<p>Sikkerhet er alfa og omega ved l\u00f8fteoperasjoner, og utformingen av Qingdao H&amp;Fs 6-tonns b\u00e5ndstropp legger vekt p\u00e5 b\u00e5de lastsikkerhet og driftsstabilitet. Seilet er konstruert av et bredt b\u00e5ndstoff som fordeler vekten effektivt, noe som reduserer belastningen p\u00e5 lasten og minimerer risikoen for skader. Denne konstruksjonsegenskapen er avgj\u00f8rende for \u00e5 sikre smidige og trygge l\u00f8ft, spesielt ved h\u00e5ndtering av \u00f8mfintlige eller store gjenstander. Qingdao H&amp;Fs engasjement for sikkerhet kommer ogs\u00e5 til uttrykk i materialene som brukes, og hver slynge er utformet for \u00e5 oppfylle eller overg\u00e5 industrielle sikkerhetsstandarder, noe som bidrar til et sikkert arbeidsmilj\u00f8.<\/p>\n<p>I bruksomr\u00e5der som krever overholdelse av strenge sikkerhetsprotokoller, for eksempel innen bygg og anlegg og logistikk, gir 6-tonns stroppestroppen stabilitet og kontroll, noe som \u00f8ker operat\u00f8rens tillit. Qingdao H&amp;Fs engasjement for sikkerhet er i tr\u00e5d med bransjekravene, og hver enkelt stroppestropp er testet for \u00e5 bekrefte kapasitet og ytelse. Med garantien for at sikkerhetskravene overholdes, kan kj\u00f8perne stole p\u00e5 produktets evne til \u00e5 h\u00e5ndtere tunge laster uten at det g\u00e5r p\u00e5 bekostning av p\u00e5liteligheten. Kvalitetskontrolltiltakene som Qingdao H&amp;F har iverksatt, bekrefter ytterligere at produktet er egnet for kritiske l\u00f8fteoppgaver.<\/p>\n<h4>Qingdao H&amp;F: En p\u00e5litelig partner innen B2B-l\u00f8ftel\u00f8sninger<\/h4>\n<p>Qingdao H&amp;F er et B2B-handelsselskap med over to ti\u00e5r med erfaring, og forst\u00e5r viktigheten av p\u00e5litelige l\u00f8ftel\u00f8sninger av h\u00f8y kvalitet for bedrifter i ulike bransjer. Den 6-tonns l\u00f8ftestroppen er ledsaget av detaljerte inspeksjonsrapporter, slik at kj\u00f8perne kan verifisere produktkvalitet og samsvar. Disse rapportene understreker Qingdao H&amp;Fs forpliktelse til \u00e5penhet, noe som gir kundene trygghet for at hver slynge er grundig testet og klar til \u00e5 fungere under virkelige forhold.<\/p>\n<p>I tillegg til produktkvalitet legger Qingdao H&amp;F vekt p\u00e5 en kundesentrert tiln\u00e6rming med personlig service, personlige anbefalinger og responsiv support. Denne kundefokuserte servicemodellen forsterkes av en rask og p\u00e5litelig leveringssyklus som gj\u00f8r det mulig for bedrifter \u00e5 f\u00e5 tilgang til utstyret de trenger uten un\u00f8dvendige forsinkelser. Med levering fra lager til lager effektiviserer Qingdao H&amp;F anskaffelsesprosessen og s\u00f8rger for at kj\u00f8perne mottar produktene raskt og effektivt.<\/p>\n<p>Den 6-tonns b\u00e5ndstroppen fra Qingdao H&amp;F representerer selskapets forpliktelse til kvalitet, sikkerhet og service. Dette produktet gir kj\u00f8perne en l\u00f8ftel\u00f8sning som oppfyller de h\u00f8ye kravene som stilles i dagens industrimilj\u00f8er, og er et p\u00e5litelig alternativ for tunge bruksomr\u00e5der. Qingdao H&amp;Fs engasjement for b\u00e5de kvalitet og kundetilfredshet styrker selskapets posisjon som en p\u00e5litelig partner innen industrielle l\u00f8ftel\u00f8sninger.<\/p>\n<\/div>\n<\/div>\n<\/div>\n<\/div>","protected":false},"excerpt":{"rendered":"<p>6-tonns l\u00f8fteseil med overlegen styrke og holdbarhet, som dekker behovene til bransjer som krever sikre, kraftige l\u00f8ftel\u00f8sninger. Denne stroppen er designet for \u00e5 oppfylle de h\u00f8yeste standarder, og h\u00e5ndterer belastninger p\u00e5 opptil 6 tonn med konsekvent p\u00e5litelighet. Qingdao H&amp;F forst\u00e5r kj\u00f8pernes bekymring for produktets levetid, sikkerhet og samsvar, og som et B2B-handelsselskap med 20 \u00e5rs erfaring tilbyr vi personlig kundeservice, rask leveringssyklus og detaljerte kvalitetsinspeksjonsrapporter. Denne forpliktelsen sikrer at kundene f\u00e5r p\u00e5litelige produkter med grundig support og gjennomsiktig kvalitetssikring.<\/p>","protected":false},"featured_media":8194,"comment_status":"open","ping_status":"closed","template":"","meta":{"site-sidebar-layout":"default","site-content-layout":"","ast-site-content-layout":"default","site-content-style":"default","site-sidebar-style":"default","ast-global-header-display":"","ast-banner-title-visibility":"","ast-main-header-display":"","ast-hfb-above-header-display":"","ast-hfb-below-header-display":"","ast-hfb-mobile-header-display":"","site-post-title":"","ast-breadcrumbs-content":"","ast-featured-img":"","footer-sml-layout":"","theme-transparent-header-meta":"default","adv-header-id-meta":"","stick-header-meta":"default","header-above-stick-meta":"","header-main-stick-meta":"","header-below-stick-meta":"","astra-migrate-meta-layouts":"set","ast-page-background-enabled":"default","ast-page-background-meta":{"desktop":{"background-color":"","background-image":"","background-repeat":"repeat","background-position":"center center","background-size":"auto","background-attachment":"scroll","background-type":"","background-media":"","overlay-type":"","overlay-color":"","overlay-opacity":"","overlay-gradient":""},"tablet":{"background-color":"","background-image":"","background-repeat":"repeat","background-position":"center center","background-size":"auto","background-attachment":"scroll","background-type":"","background-media":"","overlay-type":"","overlay-color":"","overlay-opacity":"","overlay-gradient":""},"mobile":{"background-color":"","background-image":"","background-repeat":"repeat","background-position":"center center","background-size":"auto","background-attachment":"scroll","background-type":"","background-media":"","overlay-type":"","overlay-color":"","overlay-opacity":"","overlay-gradient":""}},"ast-content-background-meta":{"desktop":{"background-color":"var(--ast-global-color-5)","background-image":"","background-repeat":"repeat","background-position":"center center","background-size":"auto","background-attachment":"scroll","background-type":"","background-media":"","overlay-type":"","overlay-color":"","overlay-opacity":"","overlay-gradient":""},"tablet":{"background-color":"var(--ast-global-color-5)","background-image":"","background-repeat":"repeat","background-position":"center center","background-size":"auto","background-attachment":"scroll","background-type":"","background-media":"","overlay-type":"","overlay-color":"","overlay-opacity":"","overlay-gradient":""},"mobile":{"background-color":"var(--ast-global-color-5)","background-image":"","background-repeat":"repeat","background-position":"center center","background-size":"auto","background-attachment":"scroll","background-type":"","background-media":"","overlay-type":"","overlay-color":"","overlay-opacity":"","overlay-gradient":""}}},"product_brand":[],"product_cat":[39],"product_tag":[],"class_list":{"0":"post-8287","1":"product","2":"type-product","3":"status-publish","4":"has-post-thumbnail","6":"product_cat-webbing-sling","7":"desktop-align-left","8":"tablet-align-left","9":"mobile-align-left","10":"ast-product-gallery-layout-horizontal-slider","11":"ast-product-gallery-with-no-image","12":"ast-product-tabs-layout-horizontal","14":"first","15":"instock","16":"shipping-taxable","17":"purchasable","18":"product-type-simple"},"yoast_head":"<!-- This site is optimized with the Yoast SEO plugin v25.2 - https:\/\/yoast.com\/wordpress\/plugins\/seo\/ -->\n<title>Flat Webbing Sling 6 Ton Polyester Double Duplex<\/title>\n<meta name=\"robots\" content=\"index, follow, max-snippet:-1, max-image-preview:large, max-video-preview:-1\" \/>\n<link rel=\"canonical\" href=\"https:\/\/qingdaohf.com\/nb\/produkt\/bandstropp-6-tonn\/\" \/>\n<meta property=\"og:locale\" content=\"nb_NO\" \/>\n<meta property=\"og:type\" content=\"article\" \/>\n<meta property=\"og:title\" content=\"Flat Webbing Sling 6 Ton Polyester Double Duplex\" \/>\n<meta property=\"og:description\" content=\"6-Ton Webbing Sling offers superior strength and durability, catering to the needs of industries requiring secure, heavy-duty lifting solutions. Designed to meet the highest standards, this webbing sling handles loads up to 6 tons with consistent reliability. Qingdao H&amp;F understands buyers\u2019 concerns about product longevity, safety, and compliance, and as a B2B trading company with 20 years of experience, we offer one-on-one customer service, a fast delivery cycle, and detailed quality inspection reports. This commitment ensures clients receive dependable products with thorough support and transparent quality assurance.\" \/>\n<meta property=\"og:url\" content=\"https:\/\/qingdaohf.com\/nb\/produkt\/bandstropp-6-tonn\/\" \/>\n<meta property=\"og:site_name\" content=\"Concrete Form &amp; Rigging Hardware Supplier\" \/>\n<meta property=\"article:publisher\" content=\"https:\/\/www.facebook.com\/qingdaohf\" \/>\n<meta property=\"article:modified_time\" content=\"2025-11-13T01:02:53+00:00\" \/>\n<meta property=\"og:image\" content=\"https:\/\/qingdaohf.com\/wp-content\/uploads\/2024\/10\/6-ton-webbing-sling_1.webp\" \/>\n\t<meta property=\"og:image:width\" content=\"1000\" \/>\n\t<meta property=\"og:image:height\" content=\"1000\" \/>\n\t<meta property=\"og:image:type\" content=\"image\/webp\" \/>\n<meta name=\"twitter:card\" content=\"summary_large_image\" \/>\n<meta name=\"twitter:label1\" content=\"Ansl. lesetid\" \/>\n\t<meta name=\"twitter:data1\" content=\"3 minutter\" \/>\n<script type=\"application\/ld+json\" class=\"yoast-schema-graph\">{\"@context\":\"https:\/\/schema.org\",\"@graph\":[{\"@type\":\"WebPage\",\"@id\":\"https:\/\/qingdaohf.com\/product\/webbing-sling-6-ton\/\",\"url\":\"https:\/\/qingdaohf.com\/product\/webbing-sling-6-ton\/\",\"name\":\"Flat Webbing Sling 6 Ton Polyester Double Duplex\",\"isPartOf\":{\"@id\":\"https:\/\/qingdaohf.com\/bg\/#website\"},\"primaryImageOfPage\":{\"@id\":\"https:\/\/qingdaohf.com\/product\/webbing-sling-6-ton\/#primaryimage\"},\"image\":{\"@id\":\"https:\/\/qingdaohf.com\/product\/webbing-sling-6-ton\/#primaryimage\"},\"thumbnailUrl\":\"https:\/\/qingdaohf.com\/wp-content\/uploads\/2024\/10\/6-ton-webbing-sling_1.webp\",\"datePublished\":\"2024-11-05T09:56:32+00:00\",\"dateModified\":\"2025-11-13T01:02:53+00:00\",\"breadcrumb\":{\"@id\":\"https:\/\/qingdaohf.com\/product\/webbing-sling-6-ton\/#breadcrumb\"},\"inLanguage\":\"nb-NO\",\"potentialAction\":[{\"@type\":\"ReadAction\",\"target\":[\"https:\/\/qingdaohf.com\/product\/webbing-sling-6-ton\/\"]}]},{\"@type\":\"ImageObject\",\"inLanguage\":\"nb-NO\",\"@id\":\"https:\/\/qingdaohf.com\/product\/webbing-sling-6-ton\/#primaryimage\",\"url\":\"https:\/\/qingdaohf.com\/wp-content\/uploads\/2024\/10\/6-ton-webbing-sling_1.webp\",\"contentUrl\":\"https:\/\/qingdaohf.com\/wp-content\/uploads\/2024\/10\/6-ton-webbing-sling_1.webp\",\"width\":1000,\"height\":1000,\"caption\":\"6 ton webbing sling\"},{\"@type\":\"BreadcrumbList\",\"@id\":\"https:\/\/qingdaohf.com\/product\/webbing-sling-6-ton\/#breadcrumb\",\"itemListElement\":[{\"@type\":\"ListItem\",\"position\":1,\"name\":\"Home\",\"item\":\"https:\/\/qingdaohf.com\/\"},{\"@type\":\"ListItem\",\"position\":2,\"name\":\"Concrete Forming Accessories and Rigging Hardware\",\"item\":\"https:\/\/qingdaohf.com\/bg\/?page_id=944\"},{\"@type\":\"ListItem\",\"position\":3,\"name\":\"Flat Webbing Sling 6 Ton Polyester Double Duplex\"}]},{\"@type\":\"WebSite\",\"@id\":\"https:\/\/qingdaohf.com\/bg\/#website\",\"url\":\"https:\/\/qingdaohf.com\/bg\/\",\"name\":\"Concrete Form & Rigging Hardware Supplier\",\"description\":\"\",\"publisher\":{\"@id\":\"https:\/\/qingdaohf.com\/bg\/#organization\"},\"potentialAction\":[{\"@type\":\"SearchAction\",\"target\":{\"@type\":\"EntryPoint\",\"urlTemplate\":\"https:\/\/qingdaohf.com\/bg\/?s={search_term_string}\"},\"query-input\":{\"@type\":\"PropertyValueSpecification\",\"valueRequired\":true,\"valueName\":\"search_term_string\"}}],\"inLanguage\":\"nb-NO\"},{\"@type\":\"Organization\",\"@id\":\"https:\/\/qingdaohf.com\/bg\/#organization\",\"name\":\"Qingdao H&F\",\"url\":\"https:\/\/qingdaohf.com\/bg\/\",\"logo\":{\"@type\":\"ImageObject\",\"inLanguage\":\"nb-NO\",\"@id\":\"https:\/\/qingdaohf.com\/bg\/#\/schema\/logo\/image\/\",\"url\":\"https:\/\/qingdaohf.com\/wp-content\/uploads\/2022\/12\/cropped-HF-LOGO.png\",\"contentUrl\":\"https:\/\/qingdaohf.com\/wp-content\/uploads\/2022\/12\/cropped-HF-LOGO.png\",\"width\":391,\"height\":249,\"caption\":\"Qingdao H&F\"},\"image\":{\"@id\":\"https:\/\/qingdaohf.com\/bg\/#\/schema\/logo\/image\/\"},\"sameAs\":[\"https:\/\/www.facebook.com\/qingdaohf\"]}]}<\/script>\n<!-- \/ Yoast SEO plugin. -->","yoast_head_json":{"title":"Flat Webbing Sling 6 Ton Polyester Double Duplex","robots":{"index":"index","follow":"follow","max-snippet":"max-snippet:-1","max-image-preview":"max-image-preview:large","max-video-preview":"max-video-preview:-1"},"canonical":"https:\/\/qingdaohf.com\/nb\/produkt\/bandstropp-6-tonn\/","og_locale":"nb_NO","og_type":"article","og_title":"Flat Webbing Sling 6 Ton Polyester Double Duplex","og_description":"6-Ton Webbing Sling offers superior strength and durability, catering to the needs of industries requiring secure, heavy-duty lifting solutions. Designed to meet the highest standards, this webbing sling handles loads up to 6 tons with consistent reliability. Qingdao H&amp;F understands buyers\u2019 concerns about product longevity, safety, and compliance, and as a B2B trading company with 20 years of experience, we offer one-on-one customer service, a fast delivery cycle, and detailed quality inspection reports. This commitment ensures clients receive dependable products with thorough support and transparent quality assurance.","og_url":"https:\/\/qingdaohf.com\/nb\/produkt\/bandstropp-6-tonn\/","og_site_name":"Concrete Form &amp; Rigging Hardware Supplier","article_publisher":"https:\/\/www.facebook.com\/qingdaohf","article_modified_time":"2025-11-13T01:02:53+00:00","og_image":[{"width":1000,"height":1000,"url":"https:\/\/qingdaohf.com\/wp-content\/uploads\/2024\/10\/6-ton-webbing-sling_1.webp","type":"image\/webp"}],"twitter_card":"summary_large_image","twitter_misc":{"Ansl. lesetid":"3 minutter"},"schema":{"@context":"https:\/\/schema.org","@graph":[{"@type":"WebPage","@id":"https:\/\/qingdaohf.com\/product\/webbing-sling-6-ton\/","url":"https:\/\/qingdaohf.com\/product\/webbing-sling-6-ton\/","name":"Flat Webbing Sling 6 Ton Polyester Double Duplex","isPartOf":{"@id":"https:\/\/qingdaohf.com\/bg\/#website"},"primaryImageOfPage":{"@id":"https:\/\/qingdaohf.com\/product\/webbing-sling-6-ton\/#primaryimage"},"image":{"@id":"https:\/\/qingdaohf.com\/product\/webbing-sling-6-ton\/#primaryimage"},"thumbnailUrl":"https:\/\/qingdaohf.com\/wp-content\/uploads\/2024\/10\/6-ton-webbing-sling_1.webp","datePublished":"2024-11-05T09:56:32+00:00","dateModified":"2025-11-13T01:02:53+00:00","breadcrumb":{"@id":"https:\/\/qingdaohf.com\/product\/webbing-sling-6-ton\/#breadcrumb"},"inLanguage":"nb-NO","potentialAction":[{"@type":"ReadAction","target":["https:\/\/qingdaohf.com\/product\/webbing-sling-6-ton\/"]}]},{"@type":"ImageObject","inLanguage":"nb-NO","@id":"https:\/\/qingdaohf.com\/product\/webbing-sling-6-ton\/#primaryimage","url":"https:\/\/qingdaohf.com\/wp-content\/uploads\/2024\/10\/6-ton-webbing-sling_1.webp","contentUrl":"https:\/\/qingdaohf.com\/wp-content\/uploads\/2024\/10\/6-ton-webbing-sling_1.webp","width":1000,"height":1000,"caption":"6 ton webbing sling"},{"@type":"BreadcrumbList","@id":"https:\/\/qingdaohf.com\/product\/webbing-sling-6-ton\/#breadcrumb","itemListElement":[{"@type":"ListItem","position":1,"name":"Home","item":"https:\/\/qingdaohf.com\/"},{"@type":"ListItem","position":2,"name":"Concrete Forming Accessories and Rigging Hardware","item":"https:\/\/qingdaohf.com\/bg\/?page_id=944"},{"@type":"ListItem","position":3,"name":"Flat Webbing Sling 6 Ton Polyester Double Duplex"}]},{"@type":"WebSite","@id":"https:\/\/qingdaohf.com\/bg\/#website","url":"https:\/\/qingdaohf.com\/bg\/","name":"Concrete Form & Rigging Hardware Supplier","description":"","publisher":{"@id":"https:\/\/qingdaohf.com\/bg\/#organization"},"potentialAction":[{"@type":"SearchAction","target":{"@type":"EntryPoint","urlTemplate":"https:\/\/qingdaohf.com\/bg\/?s={search_term_string}"},"query-input":{"@type":"PropertyValueSpecification","valueRequired":true,"valueName":"search_term_string"}}],"inLanguage":"nb-NO"},{"@type":"Organization","@id":"https:\/\/qingdaohf.com\/bg\/#organization","name":"Qingdao H&F","url":"https:\/\/qingdaohf.com\/bg\/","logo":{"@type":"ImageObject","inLanguage":"nb-NO","@id":"https:\/\/qingdaohf.com\/bg\/#\/schema\/logo\/image\/","url":"https:\/\/qingdaohf.com\/wp-content\/uploads\/2022\/12\/cropped-HF-LOGO.png","contentUrl":"https:\/\/qingdaohf.com\/wp-content\/uploads\/2022\/12\/cropped-HF-LOGO.png","width":391,"height":249,"caption":"Qingdao H&F"},"image":{"@id":"https:\/\/qingdaohf.com\/bg\/#\/schema\/logo\/image\/"},"sameAs":["https:\/\/www.facebook.com\/qingdaohf"]}]}},"_links":{"self":[{"href":"https:\/\/qingdaohf.com\/nb\/wp-json\/wp\/v2\/product\/8287","targetHints":{"allow":["GET"]}}],"collection":[{"href":"https:\/\/qingdaohf.com\/nb\/wp-json\/wp\/v2\/product"}],"about":[{"href":"https:\/\/qingdaohf.com\/nb\/wp-json\/wp\/v2\/types\/product"}],"replies":[{"embeddable":true,"href":"https:\/\/qingdaohf.com\/nb\/wp-json\/wp\/v2\/comments?post=8287"}],"version-history":[{"count":2,"href":"https:\/\/qingdaohf.com\/nb\/wp-json\/wp\/v2\/product\/8287\/revisions"}],"predecessor-version":[{"id":8335,"href":"https:\/\/qingdaohf.com\/nb\/wp-json\/wp\/v2\/product\/8287\/revisions\/8335"}],"wp:featuredmedia":[{"embeddable":true,"href":"https:\/\/qingdaohf.com\/nb\/wp-json\/wp\/v2\/media\/8194"}],"wp:attachment":[{"href":"https:\/\/qingdaohf.com\/nb\/wp-json\/wp\/v2\/media?parent=8287"}],"wp:term":[{"taxonomy":"product_brand","embeddable":true,"href":"https:\/\/qingdaohf.com\/nb\/wp-json\/wp\/v2\/product_brand?post=8287"},{"taxonomy":"product_cat","embeddable":true,"href":"https:\/\/qingdaohf.com\/nb\/wp-json\/wp\/v2\/product_cat?post=8287"},{"taxonomy":"product_tag","embeddable":true,"href":"https:\/\/qingdaohf.com\/nb\/wp-json\/wp\/v2\/product_tag?post=8287"}],"curies":[{"name":"wp","href":"https:\/\/api.w.org\/{rel}","templated":true}]}}