{"id":8289,"date":"2024-11-05T17:58:14","date_gmt":"2024-11-05T09:58:14","guid":{"rendered":"http:\/\/qingdaohf.com\/?post_type=product&#038;p=8289"},"modified":"2025-11-13T09:02:52","modified_gmt":"2025-11-13T01:02:52","slug":"webbing-sling-8-ton","status":"publish","type":"product","link":"https:\/\/qingdaohf.com\/nb\/produkt\/stroppestropp-8-tonn\/","title":{"rendered":"Flat Webbing Sling 8 Ton Polyester Double Duplex"},"content":{"rendered":"<h4>Styrke og holdbarhet: N\u00f8kkelegenskaper ved 8-tonns stroppen<\/h4>\n<p>Qingdao H&amp;F 8-Ton Webbing Sling er konstruert for bransjer der sikre og p\u00e5litelige l\u00f8ftel\u00f8sninger er avgj\u00f8rende. Seilet er konstruert av h\u00f8ykvalitets polyester og har en robust styrke som gj\u00f8r det i stand til \u00e5 h\u00e5ndtere laster p\u00e5 opptil 8 tonn uten at det g\u00e5r p\u00e5 bekostning av ytelsen. Den slitesterke konstruksjonen sikrer lang levetid, selv ved hyppig bruk i utfordrende milj\u00f8er, noe som gj\u00f8r den til et verdifullt verkt\u00f8y for bransjer som bygg og anlegg, logistikk og produksjon.<\/p>\n<p>Hver 8-tonns slynge gjennomg\u00e5r grundige kvalitetstester for \u00e5 bekrefte b\u00e6reevnen og samsvar med sikkerhetsforskriftene. Qingdao H&amp;F leverer detaljerte kvalitetsinspeksjonsrapporter, slik at kj\u00f8perne kan g\u00e5 gjennom produktets sikkerhets- og ytelsesdata. Qingdao H&amp;F er kjent for sin p\u00e5litelighet og \u00e5penhet, og er dedikert til \u00e5 levere utstyr som oppfyller kravene til dagens industrielle virksomhet. Den raske leveringssyklusen vi tilbyr, sikrer at kj\u00f8perne raskt f\u00e5r tilgang til viktig l\u00f8fteutstyr, slik at prosjektene kan gjennomf\u00f8res etter planen.<\/p>\n<h4>Sikkerhetsdrevet design og sikker l\u00f8fteytelse<\/h4>\n<p>Sikkerhet er en viktig faktor ved alle l\u00f8fteoperasjoner, spesielt ved h\u00e5ndtering av tunge laster. Qingdao H&amp;Fs 8-tonns stroppestropp er konstruert med brede, fleksible stropper som fordeler vekten jevnt over lasten. Denne konstruksjonen minimerer trykkpunkter, noe som reduserer sannsynligheten for skader p\u00e5 b\u00e5de stroppen og lasten. Med laststabilitet som en prioritet bidrar denne stroppen til sikre l\u00f8ft, selv for store eller skj\u00f8re gjenstander, slik at operat\u00f8rene kan h\u00e5ndtere tunge laster p\u00e5 en trygg m\u00e5te.<\/p>\n<p>Denne stroppen er produsert for \u00e5 oppfylle strenge sikkerhetsstandarder, og egner seg godt for bransjer med strenge driftsprotokoller. Enten den brukes p\u00e5 industriomr\u00e5der, lagre eller skipsverft, gj\u00f8r den robuste konstruksjonen og den p\u00e5litelige ytelsen denne 8-tonns stroppen til et ideelt valg. Qingdao H&amp;Fs fokus p\u00e5 kvalitetskontroll og sikkerhetsoverensstemmelse gir kj\u00f8perne trygghet, i visshet om at hver slynge har best\u00e5tt en rekke kvalitetskontroller for \u00e5 sikre at den oppfyller kravene til belastning. Kvalitetsinspeksjonsrapportene som f\u00f8lger med hvert enkelt produkt, er et tydelig bevis p\u00e5 dette engasjementet for sikkerhet og p\u00e5litelighet.<\/p>\n<h4>Qingdao H&amp;F: Samarbeid med kundene for p\u00e5litelige og effektive l\u00f8sninger<\/h4>\n<p>Med 20 \u00e5rs erfaring som B2B-handelsselskap har Qingdao H&amp;F opparbeidet seg et rykte for \u00e5 levere p\u00e5litelige l\u00f8ftel\u00f8sninger som oppfyller de unike behovene til industrielle kj\u00f8pere. Den 8-tonns b\u00e5ndstroppen er en del av et mangfoldig produktsortiment, og hver vare ledsages av dokumentasjon p\u00e5 kvalitetskontroll for \u00e5 verifisere at den er i samsvar med bransjestandardene. Denne \u00e5penheten forsterker Qingdao H&amp;Fs forpliktelse til \u00e5 levere p\u00e5litelige produkter som kj\u00f8perne kan stole p\u00e5 n\u00e5r det gjelder krevende bruksomr\u00e5der.<\/p>\n<p>I tillegg til kvalitetsprodukter er Qingdao H&amp;F opptatt av \u00e5 tilby en smidig, kundesentrert kj\u00f8psopplevelse. V\u00e5r en-til-en-modell for kundeservice gj\u00f8r det mulig for kj\u00f8pere \u00e5 komme i direkte kontakt med kunnskapsrike representanter som forst\u00e5r deres behov, og som gir personlige anbefalinger for \u00e5 hjelpe kundene med \u00e5 velge det beste l\u00f8fteutstyret for deres bruksomr\u00e5der. Sammen med en rask leveringssyklus s\u00f8rger Qingdao H&amp;F for at kundene kan f\u00e5 tak i viktig utstyr uten forsinkelse, noe som bidrar til \u00e5 \u00f8ke prosjekteffektiviteten og minimere nedetiden.<\/p>\n<p>Ved \u00e5 levere b\u00e5ndstropper med h\u00f8y ytelse, sikre grundig kvalitetskontroll og prioritere kundeservice, har Qingdao H&amp;F blitt en betrodd partner for industrielle l\u00f8ftel\u00f8sninger. Den 8-tonns stroppen gjenspeiler dette engasjementet, og tilbyr den styrken, sikkerheten og p\u00e5liteligheten som dagens industrimilj\u00f8er krever. Qingdao H&amp;F tilbyr en sikker og p\u00e5litelig l\u00f8ftel\u00f8sning med den st\u00f8tten og \u00e5penheten som kundene forventer.<\/p>","protected":false},"excerpt":{"rendered":"<p>8-tonns l\u00f8fteseil er laget for \u00e5 h\u00e5ndtere store l\u00f8ftekrav, og tilbyr enest\u00e5ende styrke og p\u00e5litelighet for industrielle bruksomr\u00e5der. Denne stroppen er designet for \u00e5 im\u00f8tekomme kj\u00f8pernes bekymringer om lastsikkerhet, holdbarhet og overholdelse av sikkerhetsstandarder, og st\u00f8tter opptil 8 tonn med letthet. Som et etablert B2B-handelsselskap med 20 \u00e5rs erfaring tilbyr Qingdao H&amp;F personlig kundeservice, rask leveringssyklus og omfattende kvalitetsinspeksjonsrapporter. Disse fordelene understreker v\u00e5r forpliktelse til kvalitet og kundetilfredshet, noe som sikrer en s\u00f8ml\u00f8s kj\u00f8psopplevelse.<\/p>","protected":false},"featured_media":8193,"comment_status":"open","ping_status":"closed","template":"","meta":{"site-sidebar-layout":"default","site-content-layout":"","ast-site-content-layout":"default","site-content-style":"default","site-sidebar-style":"default","ast-global-header-display":"","ast-banner-title-visibility":"","ast-main-header-display":"","ast-hfb-above-header-display":"","ast-hfb-below-header-display":"","ast-hfb-mobile-header-display":"","site-post-title":"","ast-breadcrumbs-content":"","ast-featured-img":"","footer-sml-layout":"","theme-transparent-header-meta":"default","adv-header-id-meta":"","stick-header-meta":"default","header-above-stick-meta":"","header-main-stick-meta":"","header-below-stick-meta":"","astra-migrate-meta-layouts":"set","ast-page-background-enabled":"default","ast-page-background-meta":{"desktop":{"background-color":"","background-image":"","background-repeat":"repeat","background-position":"center center","background-size":"auto","background-attachment":"scroll","background-type":"","background-media":"","overlay-type":"","overlay-color":"","overlay-opacity":"","overlay-gradient":""},"tablet":{"background-color":"","background-image":"","background-repeat":"repeat","background-position":"center center","background-size":"auto","background-attachment":"scroll","background-type":"","background-media":"","overlay-type":"","overlay-color":"","overlay-opacity":"","overlay-gradient":""},"mobile":{"background-color":"","background-image":"","background-repeat":"repeat","background-position":"center center","background-size":"auto","background-attachment":"scroll","background-type":"","background-media":"","overlay-type":"","overlay-color":"","overlay-opacity":"","overlay-gradient":""}},"ast-content-background-meta":{"desktop":{"background-color":"var(--ast-global-color-5)","background-image":"","background-repeat":"repeat","background-position":"center center","background-size":"auto","background-attachment":"scroll","background-type":"","background-media":"","overlay-type":"","overlay-color":"","overlay-opacity":"","overlay-gradient":""},"tablet":{"background-color":"var(--ast-global-color-5)","background-image":"","background-repeat":"repeat","background-position":"center center","background-size":"auto","background-attachment":"scroll","background-type":"","background-media":"","overlay-type":"","overlay-color":"","overlay-opacity":"","overlay-gradient":""},"mobile":{"background-color":"var(--ast-global-color-5)","background-image":"","background-repeat":"repeat","background-position":"center center","background-size":"auto","background-attachment":"scroll","background-type":"","background-media":"","overlay-type":"","overlay-color":"","overlay-opacity":"","overlay-gradient":""}}},"product_brand":[],"product_cat":[39],"product_tag":[],"class_list":{"0":"post-8289","1":"product","2":"type-product","3":"status-publish","4":"has-post-thumbnail","6":"product_cat-webbing-sling","7":"desktop-align-left","8":"tablet-align-left","9":"mobile-align-left","10":"ast-product-gallery-layout-horizontal-slider","11":"ast-product-gallery-with-no-image","12":"ast-product-tabs-layout-horizontal","14":"first","15":"instock","16":"shipping-taxable","17":"purchasable","18":"product-type-simple"},"yoast_head":"<!-- This site is optimized with the Yoast SEO plugin v25.2 - https:\/\/yoast.com\/wordpress\/plugins\/seo\/ -->\n<title>Flat Webbing Sling 8 Ton Polyester Double Duplex<\/title>\n<meta name=\"robots\" content=\"index, follow, max-snippet:-1, max-image-preview:large, max-video-preview:-1\" \/>\n<link rel=\"canonical\" href=\"https:\/\/qingdaohf.com\/nb\/produkt\/stroppestropp-8-tonn\/\" \/>\n<meta property=\"og:locale\" content=\"nb_NO\" \/>\n<meta property=\"og:type\" content=\"article\" \/>\n<meta property=\"og:title\" content=\"Flat Webbing Sling 8 Ton Polyester Double Duplex\" \/>\n<meta property=\"og:description\" content=\"8-Ton Webbing Sling is crafted to handle substantial lifting demands, offering outstanding strength and reliability for industrial applications. Designed to address buyer concerns about load security, durability, and compliance with safety standards, this sling supports up to 8 tons with ease. As an established B2B trading company with 20 years of experience, Qingdao H&amp;F provides one-on-one customer service, a fast delivery cycle, and comprehensive quality inspection reports. These advantages underscore our commitment to quality and customer satisfaction, ensuring a seamless purchasing experience.\" \/>\n<meta property=\"og:url\" content=\"https:\/\/qingdaohf.com\/nb\/produkt\/stroppestropp-8-tonn\/\" \/>\n<meta property=\"og:site_name\" content=\"Concrete Form &amp; Rigging Hardware Supplier\" \/>\n<meta property=\"article:publisher\" content=\"https:\/\/www.facebook.com\/qingdaohf\" \/>\n<meta property=\"article:modified_time\" content=\"2025-11-13T01:02:52+00:00\" \/>\n<meta property=\"og:image\" content=\"https:\/\/qingdaohf.com\/wp-content\/uploads\/2024\/10\/8ton-sling_1.webp\" \/>\n\t<meta property=\"og:image:width\" content=\"1000\" \/>\n\t<meta property=\"og:image:height\" content=\"1000\" \/>\n\t<meta property=\"og:image:type\" content=\"image\/webp\" \/>\n<meta name=\"twitter:card\" content=\"summary_large_image\" \/>\n<meta name=\"twitter:label1\" content=\"Ansl. lesetid\" \/>\n\t<meta name=\"twitter:data1\" content=\"3 minutter\" \/>\n<script type=\"application\/ld+json\" class=\"yoast-schema-graph\">{\"@context\":\"https:\/\/schema.org\",\"@graph\":[{\"@type\":\"WebPage\",\"@id\":\"https:\/\/qingdaohf.com\/product\/webbing-sling-8-ton\/\",\"url\":\"https:\/\/qingdaohf.com\/product\/webbing-sling-8-ton\/\",\"name\":\"Flat Webbing Sling 8 Ton Polyester Double Duplex\",\"isPartOf\":{\"@id\":\"https:\/\/qingdaohf.com\/bg\/#website\"},\"primaryImageOfPage\":{\"@id\":\"https:\/\/qingdaohf.com\/product\/webbing-sling-8-ton\/#primaryimage\"},\"image\":{\"@id\":\"https:\/\/qingdaohf.com\/product\/webbing-sling-8-ton\/#primaryimage\"},\"thumbnailUrl\":\"https:\/\/qingdaohf.com\/wp-content\/uploads\/2024\/10\/8ton-sling_1.webp\",\"datePublished\":\"2024-11-05T09:58:14+00:00\",\"dateModified\":\"2025-11-13T01:02:52+00:00\",\"breadcrumb\":{\"@id\":\"https:\/\/qingdaohf.com\/product\/webbing-sling-8-ton\/#breadcrumb\"},\"inLanguage\":\"nb-NO\",\"potentialAction\":[{\"@type\":\"ReadAction\",\"target\":[\"https:\/\/qingdaohf.com\/product\/webbing-sling-8-ton\/\"]}]},{\"@type\":\"ImageObject\",\"inLanguage\":\"nb-NO\",\"@id\":\"https:\/\/qingdaohf.com\/product\/webbing-sling-8-ton\/#primaryimage\",\"url\":\"https:\/\/qingdaohf.com\/wp-content\/uploads\/2024\/10\/8ton-sling_1.webp\",\"contentUrl\":\"https:\/\/qingdaohf.com\/wp-content\/uploads\/2024\/10\/8ton-sling_1.webp\",\"width\":1000,\"height\":1000,\"caption\":\"8ton sling\"},{\"@type\":\"BreadcrumbList\",\"@id\":\"https:\/\/qingdaohf.com\/product\/webbing-sling-8-ton\/#breadcrumb\",\"itemListElement\":[{\"@type\":\"ListItem\",\"position\":1,\"name\":\"Home\",\"item\":\"https:\/\/qingdaohf.com\/\"},{\"@type\":\"ListItem\",\"position\":2,\"name\":\"Concrete Forming Accessories and Rigging Hardware\",\"item\":\"https:\/\/qingdaohf.com\/bg\/?page_id=944\"},{\"@type\":\"ListItem\",\"position\":3,\"name\":\"Flat Webbing Sling 8 Ton Polyester Double Duplex\"}]},{\"@type\":\"WebSite\",\"@id\":\"https:\/\/qingdaohf.com\/bg\/#website\",\"url\":\"https:\/\/qingdaohf.com\/bg\/\",\"name\":\"Concrete Form & Rigging Hardware Supplier\",\"description\":\"\",\"publisher\":{\"@id\":\"https:\/\/qingdaohf.com\/bg\/#organization\"},\"potentialAction\":[{\"@type\":\"SearchAction\",\"target\":{\"@type\":\"EntryPoint\",\"urlTemplate\":\"https:\/\/qingdaohf.com\/bg\/?s={search_term_string}\"},\"query-input\":{\"@type\":\"PropertyValueSpecification\",\"valueRequired\":true,\"valueName\":\"search_term_string\"}}],\"inLanguage\":\"nb-NO\"},{\"@type\":\"Organization\",\"@id\":\"https:\/\/qingdaohf.com\/bg\/#organization\",\"name\":\"Qingdao H&F\",\"url\":\"https:\/\/qingdaohf.com\/bg\/\",\"logo\":{\"@type\":\"ImageObject\",\"inLanguage\":\"nb-NO\",\"@id\":\"https:\/\/qingdaohf.com\/bg\/#\/schema\/logo\/image\/\",\"url\":\"https:\/\/qingdaohf.com\/wp-content\/uploads\/2022\/12\/cropped-HF-LOGO.png\",\"contentUrl\":\"https:\/\/qingdaohf.com\/wp-content\/uploads\/2022\/12\/cropped-HF-LOGO.png\",\"width\":391,\"height\":249,\"caption\":\"Qingdao H&F\"},\"image\":{\"@id\":\"https:\/\/qingdaohf.com\/bg\/#\/schema\/logo\/image\/\"},\"sameAs\":[\"https:\/\/www.facebook.com\/qingdaohf\"]}]}<\/script>\n<!-- \/ Yoast SEO plugin. -->","yoast_head_json":{"title":"Flat Webbing Sling 8 Ton Polyester Double Duplex","robots":{"index":"index","follow":"follow","max-snippet":"max-snippet:-1","max-image-preview":"max-image-preview:large","max-video-preview":"max-video-preview:-1"},"canonical":"https:\/\/qingdaohf.com\/nb\/produkt\/stroppestropp-8-tonn\/","og_locale":"nb_NO","og_type":"article","og_title":"Flat Webbing Sling 8 Ton Polyester Double Duplex","og_description":"8-Ton Webbing Sling is crafted to handle substantial lifting demands, offering outstanding strength and reliability for industrial applications. Designed to address buyer concerns about load security, durability, and compliance with safety standards, this sling supports up to 8 tons with ease. As an established B2B trading company with 20 years of experience, Qingdao H&amp;F provides one-on-one customer service, a fast delivery cycle, and comprehensive quality inspection reports. These advantages underscore our commitment to quality and customer satisfaction, ensuring a seamless purchasing experience.","og_url":"https:\/\/qingdaohf.com\/nb\/produkt\/stroppestropp-8-tonn\/","og_site_name":"Concrete Form &amp; Rigging Hardware Supplier","article_publisher":"https:\/\/www.facebook.com\/qingdaohf","article_modified_time":"2025-11-13T01:02:52+00:00","og_image":[{"width":1000,"height":1000,"url":"https:\/\/qingdaohf.com\/wp-content\/uploads\/2024\/10\/8ton-sling_1.webp","type":"image\/webp"}],"twitter_card":"summary_large_image","twitter_misc":{"Ansl. lesetid":"3 minutter"},"schema":{"@context":"https:\/\/schema.org","@graph":[{"@type":"WebPage","@id":"https:\/\/qingdaohf.com\/product\/webbing-sling-8-ton\/","url":"https:\/\/qingdaohf.com\/product\/webbing-sling-8-ton\/","name":"Flat Webbing Sling 8 Ton Polyester Double Duplex","isPartOf":{"@id":"https:\/\/qingdaohf.com\/bg\/#website"},"primaryImageOfPage":{"@id":"https:\/\/qingdaohf.com\/product\/webbing-sling-8-ton\/#primaryimage"},"image":{"@id":"https:\/\/qingdaohf.com\/product\/webbing-sling-8-ton\/#primaryimage"},"thumbnailUrl":"https:\/\/qingdaohf.com\/wp-content\/uploads\/2024\/10\/8ton-sling_1.webp","datePublished":"2024-11-05T09:58:14+00:00","dateModified":"2025-11-13T01:02:52+00:00","breadcrumb":{"@id":"https:\/\/qingdaohf.com\/product\/webbing-sling-8-ton\/#breadcrumb"},"inLanguage":"nb-NO","potentialAction":[{"@type":"ReadAction","target":["https:\/\/qingdaohf.com\/product\/webbing-sling-8-ton\/"]}]},{"@type":"ImageObject","inLanguage":"nb-NO","@id":"https:\/\/qingdaohf.com\/product\/webbing-sling-8-ton\/#primaryimage","url":"https:\/\/qingdaohf.com\/wp-content\/uploads\/2024\/10\/8ton-sling_1.webp","contentUrl":"https:\/\/qingdaohf.com\/wp-content\/uploads\/2024\/10\/8ton-sling_1.webp","width":1000,"height":1000,"caption":"8ton sling"},{"@type":"BreadcrumbList","@id":"https:\/\/qingdaohf.com\/product\/webbing-sling-8-ton\/#breadcrumb","itemListElement":[{"@type":"ListItem","position":1,"name":"Home","item":"https:\/\/qingdaohf.com\/"},{"@type":"ListItem","position":2,"name":"Concrete Forming Accessories and Rigging Hardware","item":"https:\/\/qingdaohf.com\/bg\/?page_id=944"},{"@type":"ListItem","position":3,"name":"Flat Webbing Sling 8 Ton Polyester Double Duplex"}]},{"@type":"WebSite","@id":"https:\/\/qingdaohf.com\/bg\/#website","url":"https:\/\/qingdaohf.com\/bg\/","name":"Concrete Form & Rigging Hardware Supplier","description":"","publisher":{"@id":"https:\/\/qingdaohf.com\/bg\/#organization"},"potentialAction":[{"@type":"SearchAction","target":{"@type":"EntryPoint","urlTemplate":"https:\/\/qingdaohf.com\/bg\/?s={search_term_string}"},"query-input":{"@type":"PropertyValueSpecification","valueRequired":true,"valueName":"search_term_string"}}],"inLanguage":"nb-NO"},{"@type":"Organization","@id":"https:\/\/qingdaohf.com\/bg\/#organization","name":"Qingdao H&F","url":"https:\/\/qingdaohf.com\/bg\/","logo":{"@type":"ImageObject","inLanguage":"nb-NO","@id":"https:\/\/qingdaohf.com\/bg\/#\/schema\/logo\/image\/","url":"https:\/\/qingdaohf.com\/wp-content\/uploads\/2022\/12\/cropped-HF-LOGO.png","contentUrl":"https:\/\/qingdaohf.com\/wp-content\/uploads\/2022\/12\/cropped-HF-LOGO.png","width":391,"height":249,"caption":"Qingdao H&F"},"image":{"@id":"https:\/\/qingdaohf.com\/bg\/#\/schema\/logo\/image\/"},"sameAs":["https:\/\/www.facebook.com\/qingdaohf"]}]}},"_links":{"self":[{"href":"https:\/\/qingdaohf.com\/nb\/wp-json\/wp\/v2\/product\/8289","targetHints":{"allow":["GET"]}}],"collection":[{"href":"https:\/\/qingdaohf.com\/nb\/wp-json\/wp\/v2\/product"}],"about":[{"href":"https:\/\/qingdaohf.com\/nb\/wp-json\/wp\/v2\/types\/product"}],"replies":[{"embeddable":true,"href":"https:\/\/qingdaohf.com\/nb\/wp-json\/wp\/v2\/comments?post=8289"}],"version-history":[{"count":2,"href":"https:\/\/qingdaohf.com\/nb\/wp-json\/wp\/v2\/product\/8289\/revisions"}],"predecessor-version":[{"id":8334,"href":"https:\/\/qingdaohf.com\/nb\/wp-json\/wp\/v2\/product\/8289\/revisions\/8334"}],"wp:featuredmedia":[{"embeddable":true,"href":"https:\/\/qingdaohf.com\/nb\/wp-json\/wp\/v2\/media\/8193"}],"wp:attachment":[{"href":"https:\/\/qingdaohf.com\/nb\/wp-json\/wp\/v2\/media?parent=8289"}],"wp:term":[{"taxonomy":"product_brand","embeddable":true,"href":"https:\/\/qingdaohf.com\/nb\/wp-json\/wp\/v2\/product_brand?post=8289"},{"taxonomy":"product_cat","embeddable":true,"href":"https:\/\/qingdaohf.com\/nb\/wp-json\/wp\/v2\/product_cat?post=8289"},{"taxonomy":"product_tag","embeddable":true,"href":"https:\/\/qingdaohf.com\/nb\/wp-json\/wp\/v2\/product_tag?post=8289"}],"curies":[{"name":"wp","href":"https:\/\/api.w.org\/{rel}","templated":true}]}}