{"id":8310,"date":"2024-11-07T14:33:56","date_gmt":"2024-11-07T06:33:56","guid":{"rendered":"http:\/\/qingdaohf.com\/?post_type=product&#038;p=8310"},"modified":"2025-11-13T09:02:52","modified_gmt":"2025-11-13T01:02:52","slug":"spek-anchor-stockless-anchor","status":"publish","type":"product","link":"https:\/\/qingdaohf.com\/nb\/produkt\/spek-anker-lagerlost-anker\/","title":{"rendered":"Spek Anchor Stockless Anchor"},"content":{"rendered":"<h3>Oversikt og unik design av Spek-ankrene<\/h3>\n<p>Spek-ankeret er en mye brukt ankertype i marine- og offshoreindustrien, og er valgt p\u00e5 grunn av sin s\u00e6regne design som legger vekt p\u00e5 stabilitet og holdbarhet. Spekankeret er en av de mer tradisjonelle ankertypene og har etablert et rykte for \u00e5 v\u00e6re effektivt under en rekke ulike sj\u00f8forhold, f\u00f8rst og fremst p\u00e5 grunn av sin evne til \u00e5 grave seg raskt ned i ulike havbunner. Sammenlignet med andre ankere gir Spek Anchor en struktur som gj\u00f8r at ankeret raskt setter seg fast n\u00e5r det settes ut, noe som er sv\u00e6rt \u00f8nskelig for fart\u00f8y som trenger p\u00e5litelig holdekraft uten langvarige forankringsprosedyrer.<\/p>\n<p>Denne ankertypen har en spesialdesignet fluke og skaft, som begge er optimalisert for \u00e5 motst\u00e5 rotasjonskrefter for\u00e5rsaket av endringer i vannbevegelser. Denne unike formen minimerer ikke bare slep, men opprettholder ogs\u00e5 stabiliteten under plutselige endringer i str\u00f8mmen, noe som gir trygghet for b\u00e5tf\u00f8rere som er avhengige av jevn holdekraft. Spek-ankerets geometri inkluderer en bred flukevinkel og et vektet skaft, noe som bidrar til \u00e5 opprettholde en gunstig inngangsvinkel i havbunnen. Denne egenskapen gj\u00f8r at ankeret raskt setter seg og fester seg i sand eller gj\u00f8rmete underlag, noe som gj\u00f8r det allsidig i ulike marine milj\u00f8er.<\/p>\n<p>Qingdao H&amp;F leverer Spek-ankre som oppfyller disse kritiske ytelsesstandardene, samtidig som vi \u00f8ker kundevennligheten gjennom ekstra st\u00f8tte og kvalitetssikring. Vi tilbyr en rekke kvalitetsinspeksjonsrapporter for \u00e5 validere den strukturelle integriteten og ytelsen til hvert enkelt anker, noe som sikrer samsvar med strenge sj\u00f8sikkerhetsforskrifter. Ved \u00e5 tilby personlig kundest\u00f8tte hjelper vi kundene med \u00e5 velge den optimale ankerst\u00f8rrelsen og -typen for deres spesifikke bruksomr\u00e5der. V\u00e5r p\u00e5litelige og raske leveringsprosess sikrer dessuten at kundene mottar produktene i tide, noe som reduserer potensielle forsinkelser i driften.<\/p>\n<p><img fetchpriority=\"high\" decoding=\"async\" class=\"alignnone wp-image-8317 size-full\" src=\"http:\/\/qingdaohf.com\/wp-content\/uploads\/2024\/11\/spek-anchor-1.jpg\" alt=\"\" width=\"640\" height=\"640\" srcset=\"https:\/\/qingdaohf.com\/wp-content\/uploads\/2024\/11\/spek-anchor-1.jpg 640w, https:\/\/qingdaohf.com\/wp-content\/uploads\/2024\/11\/spek-anchor-1-300x300.jpg 300w, https:\/\/qingdaohf.com\/wp-content\/uploads\/2024\/11\/spek-anchor-1-150x150.jpg 150w, https:\/\/qingdaohf.com\/wp-content\/uploads\/2024\/11\/spek-anchor-1-12x12.jpg 12w, https:\/\/qingdaohf.com\/wp-content\/uploads\/2024\/11\/spek-anchor-1-500x500.jpg 500w, https:\/\/qingdaohf.com\/wp-content\/uploads\/2024\/11\/spek-anchor-1-100x100.jpg 100w\" sizes=\"(max-width: 640px) 100vw, 640px\" \/> <img decoding=\"async\" class=\"alignnone wp-image-8318 size-full\" src=\"http:\/\/qingdaohf.com\/wp-content\/uploads\/2024\/11\/spek-anchor-1.png\" alt=\"\" width=\"598\" height=\"727\" srcset=\"https:\/\/qingdaohf.com\/wp-content\/uploads\/2024\/11\/spek-anchor-1.png 598w, https:\/\/qingdaohf.com\/wp-content\/uploads\/2024\/11\/spek-anchor-1-247x300.png 247w, https:\/\/qingdaohf.com\/wp-content\/uploads\/2024\/11\/spek-anchor-1-10x12.png 10w\" sizes=\"(max-width: 598px) 100vw, 598px\" \/><\/p>\n<h3>Spek-ankerets bruksomr\u00e5der og allsidighet i ulike marine milj\u00f8er<\/h3>\n<p>Spek-ankeret velges ofte til kommersielle skip, offshorerigger og andre st\u00f8rre fart\u00f8yer p\u00e5 grunn av sin imponerende holdekapasitet og tilpasningsevne. Ankeret er spesielt effektivt for st\u00f8rre fart\u00f8yer der sikker fort\u00f8yning er avgj\u00f8rende for \u00e5 opprettholde stabiliteten under lengre opphold. I moderat til kraftig sj\u00f8 er Spek-ankeret en fordel p\u00e5 grunn av sin motstand mot sideveis bevegelser og sin evne til \u00e5 holde seg fast selv i skiftende str\u00f8mforhold. Disse egenskapene gj\u00f8r det til et foretrukket valg i situasjoner der det er behov for sikker forankring til tross for uforutsigbare milj\u00f8forhold.<\/p>\n<p>For innkj\u00f8pere i marine- og offshoresektoren er holdbarhet, enkel utplassering og kostnadseffektivitet n\u00f8kkelfaktorer. Spek Anchor er ikke bare enkelt \u00e5 bruke, men reduserer ogs\u00e5 slitasjen p\u00e5 ankerkjettingen og tilh\u00f8rende utstyr ved \u00e5 minimere plutselige rykk og st\u00f8t som kan oppst\u00e5 med mindre stabile ankertyper. Fart\u00f8y som navigerer i omr\u00e5der med sand-, gj\u00f8rme- eller til og med steinbunn, drar nytte av Spek Anchor-ankerets raske og p\u00e5litelige innstilling, ettersom det tilpasser seg godt til ulike typer underlag.<\/p>\n<p>Hos Qingdao H&amp;F legger vi vekt p\u00e5 \u00e5 levere produkter som oppfyller disse driftsbehovene, samtidig som vi tilbyr fordeler som forbedrer kj\u00f8psopplevelsen. V\u00e5r forpliktelse til raske leveringssykluser sikrer at kundene raskt kan integrere nytt utstyr uten lange ventetider. I tillegg gjennomf\u00f8rer vi grundige tester for hvert Spek Anchor, og leverer detaljerte inspeksjonsrapporter som bekrefter ankerets holdbarhet, vekt og ytelsesparametere. Dette niv\u00e5et av kvalitetskontroll er spesielt viktig for innkj\u00f8pere som m\u00e5 overholde maritime sikkerhetsstandarder og krever tydelig dokumentasjon for \u00e5 verifisere utstyrets p\u00e5litelighet.<\/p>\n<h3>Fordelene med \u00e5 velge Spek Anchors fra Qingdao H&amp;F<\/h3>\n<p>\u00c5 velge et Spek Anchor fra Qingdao H&amp;F betyr \u00e5 investere i mer enn bare et produkt; det betyr \u00e5 f\u00e5 en p\u00e5litelig partner innen innkj\u00f8p av marint utstyr. Qingdao H&amp;F har over 20 \u00e5rs erfaring med internasjonal handel, og har opparbeidet seg et rykte for p\u00e5litelighet og engasjement for kundetilfredshet. Vi forst\u00e5r de operasjonelle kravene i den maritime industrien, og vi tar sikte p\u00e5 \u00e5 im\u00f8tekomme disse ved \u00e5 s\u00f8rge for at hvert anker ikke bare oppfyller strenge kvalitetsstandarder, men ogs\u00e5 er i tr\u00e5d med kundenes spesifikke krav til bruksomr\u00e5der.<\/p>\n<p>V\u00e5r modell for personlig kundeservice skiller oss fra andre leverand\u00f8rer ved at vi har en personlig tiln\u00e6rming til hver enkelt transaksjon. Fra f\u00f8rste henvendelse til levering f\u00e5r kundene dedikert hjelp fra v\u00e5re kunnskapsrike medarbeidere, som gir veiledning basert p\u00e5 bransjestandarder og bruksspesifikke krav. Vi gir for eksempel r\u00e5d om valg av riktig vekt og st\u00f8rrelse p\u00e5 Spek Anchor basert p\u00e5 fart\u00f8ystype og typiske sj\u00f8forhold, slik at kundene kan ta velinformerte beslutninger som forbedrer driftssikkerheten og effektiviteten.<\/p>\n<p>V\u00e5r forpliktelse til \u00e5penhet understrekes ytterligere av v\u00e5r omfattende kvalitetssikringsprosess. Alle Spek Anchor-anker gjennomg\u00e5r omfattende testing for \u00e5 verifisere faktorer som strekkfasthet, vektkonsistens og korrosjonsbestandighet. Disse testprosessene dokumenteres i detaljerte inspeksjonsrapporter som vi deler med kundene v\u00e5re, slik at de kan stole p\u00e5 produktets holdbarhet og ytelse. V\u00e5r effektive logistikk og leveringsalternativer fra lager til lager gj\u00f8r det dessuten mulig \u00e5 levere produktene til rett tid, noe som bidrar til \u00e5 minimere avbrudd i kundenes drift og maksimere bekvemmeligheten.<\/p>\n<p>Qingdao H&amp;Fs fokus p\u00e5 fremragende service og produktkvalitet gj\u00f8r oss til et ideelt valg for innkj\u00f8pere som ikke bare \u00f8nsker robuste og p\u00e5litelige ankere, men ogs\u00e5 en s\u00f8ml\u00f8s kj\u00f8psopplevelse.<\/p>","protected":false},"excerpt":{"rendered":"<p>Spek Anchor, som er en viktig brikke i marine applikasjoner, er h\u00f8yt verdsatt av kj\u00f8pere som s\u00f8ker en balanse mellom p\u00e5litelighet og effektiv ytelse under ulike havforhold. Spek-ankeret er kjent for sin robuste holdekraft og stabilitet, og er spesielt godt egnet for fart\u00f8y i moderat til grov sj\u00f8. Hos Qingdao H&amp;F g\u00e5r vi et skritt videre ved \u00e5 tilby individuell kundeservice for \u00e5 sikre at hver enkelt kunde f\u00e5r veiledning som er skreddersydd til deres spesifikke behov. V\u00e5r raske leveringssyklus reduserer nedetiden, mens v\u00e5rt utvalg av kvalitetsinspeksjonsrapporter gir kj\u00f8perne \u00f8kt tillit til produktenes p\u00e5litelighet og holdbarhet. For fagfolk i skipsindustrien sikrer v\u00e5rt fokus p\u00e5 eksepsjonell service og str\u00f8mlinjeformede prosesser en s\u00f8ml\u00f8s kj\u00f8psopplevelse.<\/p>","protected":false},"featured_media":8311,"comment_status":"open","ping_status":"closed","template":"","meta":{"site-sidebar-layout":"default","site-content-layout":"","ast-site-content-layout":"default","site-content-style":"default","site-sidebar-style":"default","ast-global-header-display":"","ast-banner-title-visibility":"","ast-main-header-display":"","ast-hfb-above-header-display":"","ast-hfb-below-header-display":"","ast-hfb-mobile-header-display":"","site-post-title":"","ast-breadcrumbs-content":"","ast-featured-img":"","footer-sml-layout":"","theme-transparent-header-meta":"default","adv-header-id-meta":"","stick-header-meta":"default","header-above-stick-meta":"","header-main-stick-meta":"","header-below-stick-meta":"","astra-migrate-meta-layouts":"set","ast-page-background-enabled":"default","ast-page-background-meta":{"desktop":{"background-color":"","background-image":"","background-repeat":"repeat","background-position":"center center","background-size":"auto","background-attachment":"scroll","background-type":"","background-media":"","overlay-type":"","overlay-color":"","overlay-opacity":"","overlay-gradient":""},"tablet":{"background-color":"","background-image":"","background-repeat":"repeat","background-position":"center center","background-size":"auto","background-attachment":"scroll","background-type":"","background-media":"","overlay-type":"","overlay-color":"","overlay-opacity":"","overlay-gradient":""},"mobile":{"background-color":"","background-image":"","background-repeat":"repeat","background-position":"center center","background-size":"auto","background-attachment":"scroll","background-type":"","background-media":"","overlay-type":"","overlay-color":"","overlay-opacity":"","overlay-gradient":""}},"ast-content-background-meta":{"desktop":{"background-color":"var(--ast-global-color-5)","background-image":"","background-repeat":"repeat","background-position":"center center","background-size":"auto","background-attachment":"scroll","background-type":"","background-media":"","overlay-type":"","overlay-color":"","overlay-opacity":"","overlay-gradient":""},"tablet":{"background-color":"var(--ast-global-color-5)","background-image":"","background-repeat":"repeat","background-position":"center center","background-size":"auto","background-attachment":"scroll","background-type":"","background-media":"","overlay-type":"","overlay-color":"","overlay-opacity":"","overlay-gradient":""},"mobile":{"background-color":"var(--ast-global-color-5)","background-image":"","background-repeat":"repeat","background-position":"center center","background-size":"auto","background-attachment":"scroll","background-type":"","background-media":"","overlay-type":"","overlay-color":"","overlay-opacity":"","overlay-gradient":""}}},"product_brand":[],"product_cat":[74],"product_tag":[],"class_list":{"0":"post-8310","1":"product","2":"type-product","3":"status-publish","4":"has-post-thumbnail","6":"product_cat-boat-anchor","7":"desktop-align-left","8":"tablet-align-left","9":"mobile-align-left","10":"ast-product-gallery-layout-horizontal-slider","11":"ast-product-tabs-layout-horizontal","13":"first","14":"instock","15":"shipping-taxable","16":"purchasable","17":"product-type-simple"},"yoast_head":"<!-- This site is optimized with the Yoast SEO plugin v25.2 - https:\/\/yoast.com\/wordpress\/plugins\/seo\/ -->\n<title>Spek Anchor Stockless Anchor<\/title>\n<meta name=\"robots\" content=\"index, follow, max-snippet:-1, max-image-preview:large, max-video-preview:-1\" \/>\n<link rel=\"canonical\" href=\"https:\/\/qingdaohf.com\/nb\/produkt\/spek-anker-lagerlost-anker\/\" \/>\n<meta property=\"og:locale\" content=\"nb_NO\" \/>\n<meta property=\"og:type\" content=\"article\" \/>\n<meta property=\"og:title\" content=\"Spek Anchor Stockless Anchor\" \/>\n<meta property=\"og:description\" content=\"The Spek Anchor, a staple in marine applications, is highly valued by buyers seeking a balance of reliability and efficient performance in diverse ocean conditions. Known for its robust holding power and stability, the Spek Anchor is particularly well-suited for vessels in moderate to rough seas. At Qingdao H&amp;F, we go a step further by providing one-on-one customer service to ensure each client receives guidance tailored to their specific requirements. Our fast delivery cycle reduces downtime, while our range of quality inspection reports offers buyers added confidence in product reliability and durability. For marine industry professionals, our focus on exceptional service and streamlined processes ensures a seamless purchasing experience.\" \/>\n<meta property=\"og:url\" content=\"https:\/\/qingdaohf.com\/nb\/produkt\/spek-anker-lagerlost-anker\/\" \/>\n<meta property=\"og:site_name\" content=\"Concrete Form &amp; Rigging Hardware Supplier\" \/>\n<meta property=\"article:publisher\" content=\"https:\/\/www.facebook.com\/qingdaohf\" \/>\n<meta property=\"article:modified_time\" content=\"2025-11-13T01:02:52+00:00\" \/>\n<meta property=\"og:image\" content=\"https:\/\/qingdaohf.com\/wp-content\/uploads\/2024\/11\/spek-anchor.jpg\" \/>\n\t<meta property=\"og:image:width\" content=\"1000\" \/>\n\t<meta property=\"og:image:height\" content=\"1000\" \/>\n\t<meta property=\"og:image:type\" content=\"image\/jpeg\" \/>\n<meta name=\"twitter:card\" content=\"summary_large_image\" \/>\n<meta name=\"twitter:label1\" content=\"Ansl. lesetid\" \/>\n\t<meta name=\"twitter:data1\" content=\"5 minutter\" \/>\n<script type=\"application\/ld+json\" class=\"yoast-schema-graph\">{\"@context\":\"https:\/\/schema.org\",\"@graph\":[{\"@type\":\"WebPage\",\"@id\":\"https:\/\/qingdaohf.com\/product\/spek-anchor-stockless-anchor\/\",\"url\":\"https:\/\/qingdaohf.com\/product\/spek-anchor-stockless-anchor\/\",\"name\":\"Spek Anchor Stockless Anchor\",\"isPartOf\":{\"@id\":\"https:\/\/qingdaohf.com\/bg\/#website\"},\"primaryImageOfPage\":{\"@id\":\"https:\/\/qingdaohf.com\/product\/spek-anchor-stockless-anchor\/#primaryimage\"},\"image\":{\"@id\":\"https:\/\/qingdaohf.com\/product\/spek-anchor-stockless-anchor\/#primaryimage\"},\"thumbnailUrl\":\"https:\/\/qingdaohf.com\/wp-content\/uploads\/2024\/11\/spek-anchor.jpg\",\"datePublished\":\"2024-11-07T06:33:56+00:00\",\"dateModified\":\"2025-11-13T01:02:52+00:00\",\"breadcrumb\":{\"@id\":\"https:\/\/qingdaohf.com\/product\/spek-anchor-stockless-anchor\/#breadcrumb\"},\"inLanguage\":\"nb-NO\",\"potentialAction\":[{\"@type\":\"ReadAction\",\"target\":[\"https:\/\/qingdaohf.com\/product\/spek-anchor-stockless-anchor\/\"]}]},{\"@type\":\"ImageObject\",\"inLanguage\":\"nb-NO\",\"@id\":\"https:\/\/qingdaohf.com\/product\/spek-anchor-stockless-anchor\/#primaryimage\",\"url\":\"https:\/\/qingdaohf.com\/wp-content\/uploads\/2024\/11\/spek-anchor.jpg\",\"contentUrl\":\"https:\/\/qingdaohf.com\/wp-content\/uploads\/2024\/11\/spek-anchor.jpg\",\"width\":1000,\"height\":1000,\"caption\":\"spek anchor\"},{\"@type\":\"BreadcrumbList\",\"@id\":\"https:\/\/qingdaohf.com\/product\/spek-anchor-stockless-anchor\/#breadcrumb\",\"itemListElement\":[{\"@type\":\"ListItem\",\"position\":1,\"name\":\"Home\",\"item\":\"https:\/\/qingdaohf.com\/\"},{\"@type\":\"ListItem\",\"position\":2,\"name\":\"Concrete Forming Accessories and Rigging Hardware\",\"item\":\"https:\/\/qingdaohf.com\/bg\/?page_id=944\"},{\"@type\":\"ListItem\",\"position\":3,\"name\":\"Spek Anchor Stockless Anchor\"}]},{\"@type\":\"WebSite\",\"@id\":\"https:\/\/qingdaohf.com\/bg\/#website\",\"url\":\"https:\/\/qingdaohf.com\/bg\/\",\"name\":\"Concrete Form & Rigging Hardware Supplier\",\"description\":\"\",\"publisher\":{\"@id\":\"https:\/\/qingdaohf.com\/bg\/#organization\"},\"potentialAction\":[{\"@type\":\"SearchAction\",\"target\":{\"@type\":\"EntryPoint\",\"urlTemplate\":\"https:\/\/qingdaohf.com\/bg\/?s={search_term_string}\"},\"query-input\":{\"@type\":\"PropertyValueSpecification\",\"valueRequired\":true,\"valueName\":\"search_term_string\"}}],\"inLanguage\":\"nb-NO\"},{\"@type\":\"Organization\",\"@id\":\"https:\/\/qingdaohf.com\/bg\/#organization\",\"name\":\"Qingdao H&F\",\"url\":\"https:\/\/qingdaohf.com\/bg\/\",\"logo\":{\"@type\":\"ImageObject\",\"inLanguage\":\"nb-NO\",\"@id\":\"https:\/\/qingdaohf.com\/bg\/#\/schema\/logo\/image\/\",\"url\":\"https:\/\/qingdaohf.com\/wp-content\/uploads\/2022\/12\/cropped-HF-LOGO.png\",\"contentUrl\":\"https:\/\/qingdaohf.com\/wp-content\/uploads\/2022\/12\/cropped-HF-LOGO.png\",\"width\":391,\"height\":249,\"caption\":\"Qingdao H&F\"},\"image\":{\"@id\":\"https:\/\/qingdaohf.com\/bg\/#\/schema\/logo\/image\/\"},\"sameAs\":[\"https:\/\/www.facebook.com\/qingdaohf\"]}]}<\/script>\n<!-- \/ Yoast SEO plugin. -->","yoast_head_json":{"title":"Spek Anchor Stockless Anchor","robots":{"index":"index","follow":"follow","max-snippet":"max-snippet:-1","max-image-preview":"max-image-preview:large","max-video-preview":"max-video-preview:-1"},"canonical":"https:\/\/qingdaohf.com\/nb\/produkt\/spek-anker-lagerlost-anker\/","og_locale":"nb_NO","og_type":"article","og_title":"Spek Anchor Stockless Anchor","og_description":"The Spek Anchor, a staple in marine applications, is highly valued by buyers seeking a balance of reliability and efficient performance in diverse ocean conditions. Known for its robust holding power and stability, the Spek Anchor is particularly well-suited for vessels in moderate to rough seas. At Qingdao H&amp;F, we go a step further by providing one-on-one customer service to ensure each client receives guidance tailored to their specific requirements. Our fast delivery cycle reduces downtime, while our range of quality inspection reports offers buyers added confidence in product reliability and durability. For marine industry professionals, our focus on exceptional service and streamlined processes ensures a seamless purchasing experience.","og_url":"https:\/\/qingdaohf.com\/nb\/produkt\/spek-anker-lagerlost-anker\/","og_site_name":"Concrete Form &amp; Rigging Hardware Supplier","article_publisher":"https:\/\/www.facebook.com\/qingdaohf","article_modified_time":"2025-11-13T01:02:52+00:00","og_image":[{"width":1000,"height":1000,"url":"https:\/\/qingdaohf.com\/wp-content\/uploads\/2024\/11\/spek-anchor.jpg","type":"image\/jpeg"}],"twitter_card":"summary_large_image","twitter_misc":{"Ansl. lesetid":"5 minutter"},"schema":{"@context":"https:\/\/schema.org","@graph":[{"@type":"WebPage","@id":"https:\/\/qingdaohf.com\/product\/spek-anchor-stockless-anchor\/","url":"https:\/\/qingdaohf.com\/product\/spek-anchor-stockless-anchor\/","name":"Spek Anchor Stockless Anchor","isPartOf":{"@id":"https:\/\/qingdaohf.com\/bg\/#website"},"primaryImageOfPage":{"@id":"https:\/\/qingdaohf.com\/product\/spek-anchor-stockless-anchor\/#primaryimage"},"image":{"@id":"https:\/\/qingdaohf.com\/product\/spek-anchor-stockless-anchor\/#primaryimage"},"thumbnailUrl":"https:\/\/qingdaohf.com\/wp-content\/uploads\/2024\/11\/spek-anchor.jpg","datePublished":"2024-11-07T06:33:56+00:00","dateModified":"2025-11-13T01:02:52+00:00","breadcrumb":{"@id":"https:\/\/qingdaohf.com\/product\/spek-anchor-stockless-anchor\/#breadcrumb"},"inLanguage":"nb-NO","potentialAction":[{"@type":"ReadAction","target":["https:\/\/qingdaohf.com\/product\/spek-anchor-stockless-anchor\/"]}]},{"@type":"ImageObject","inLanguage":"nb-NO","@id":"https:\/\/qingdaohf.com\/product\/spek-anchor-stockless-anchor\/#primaryimage","url":"https:\/\/qingdaohf.com\/wp-content\/uploads\/2024\/11\/spek-anchor.jpg","contentUrl":"https:\/\/qingdaohf.com\/wp-content\/uploads\/2024\/11\/spek-anchor.jpg","width":1000,"height":1000,"caption":"spek anchor"},{"@type":"BreadcrumbList","@id":"https:\/\/qingdaohf.com\/product\/spek-anchor-stockless-anchor\/#breadcrumb","itemListElement":[{"@type":"ListItem","position":1,"name":"Home","item":"https:\/\/qingdaohf.com\/"},{"@type":"ListItem","position":2,"name":"Concrete Forming Accessories and Rigging Hardware","item":"https:\/\/qingdaohf.com\/bg\/?page_id=944"},{"@type":"ListItem","position":3,"name":"Spek Anchor Stockless Anchor"}]},{"@type":"WebSite","@id":"https:\/\/qingdaohf.com\/bg\/#website","url":"https:\/\/qingdaohf.com\/bg\/","name":"Concrete Form & Rigging Hardware Supplier","description":"","publisher":{"@id":"https:\/\/qingdaohf.com\/bg\/#organization"},"potentialAction":[{"@type":"SearchAction","target":{"@type":"EntryPoint","urlTemplate":"https:\/\/qingdaohf.com\/bg\/?s={search_term_string}"},"query-input":{"@type":"PropertyValueSpecification","valueRequired":true,"valueName":"search_term_string"}}],"inLanguage":"nb-NO"},{"@type":"Organization","@id":"https:\/\/qingdaohf.com\/bg\/#organization","name":"Qingdao H&F","url":"https:\/\/qingdaohf.com\/bg\/","logo":{"@type":"ImageObject","inLanguage":"nb-NO","@id":"https:\/\/qingdaohf.com\/bg\/#\/schema\/logo\/image\/","url":"https:\/\/qingdaohf.com\/wp-content\/uploads\/2022\/12\/cropped-HF-LOGO.png","contentUrl":"https:\/\/qingdaohf.com\/wp-content\/uploads\/2022\/12\/cropped-HF-LOGO.png","width":391,"height":249,"caption":"Qingdao H&F"},"image":{"@id":"https:\/\/qingdaohf.com\/bg\/#\/schema\/logo\/image\/"},"sameAs":["https:\/\/www.facebook.com\/qingdaohf"]}]}},"_links":{"self":[{"href":"https:\/\/qingdaohf.com\/nb\/wp-json\/wp\/v2\/product\/8310","targetHints":{"allow":["GET"]}}],"collection":[{"href":"https:\/\/qingdaohf.com\/nb\/wp-json\/wp\/v2\/product"}],"about":[{"href":"https:\/\/qingdaohf.com\/nb\/wp-json\/wp\/v2\/types\/product"}],"replies":[{"embeddable":true,"href":"https:\/\/qingdaohf.com\/nb\/wp-json\/wp\/v2\/comments?post=8310"}],"version-history":[{"count":1,"href":"https:\/\/qingdaohf.com\/nb\/wp-json\/wp\/v2\/product\/8310\/revisions"}],"predecessor-version":[{"id":8319,"href":"https:\/\/qingdaohf.com\/nb\/wp-json\/wp\/v2\/product\/8310\/revisions\/8319"}],"wp:featuredmedia":[{"embeddable":true,"href":"https:\/\/qingdaohf.com\/nb\/wp-json\/wp\/v2\/media\/8311"}],"wp:attachment":[{"href":"https:\/\/qingdaohf.com\/nb\/wp-json\/wp\/v2\/media?parent=8310"}],"wp:term":[{"taxonomy":"product_brand","embeddable":true,"href":"https:\/\/qingdaohf.com\/nb\/wp-json\/wp\/v2\/product_brand?post=8310"},{"taxonomy":"product_cat","embeddable":true,"href":"https:\/\/qingdaohf.com\/nb\/wp-json\/wp\/v2\/product_cat?post=8310"},{"taxonomy":"product_tag","embeddable":true,"href":"https:\/\/qingdaohf.com\/nb\/wp-json\/wp\/v2\/product_tag?post=8310"}],"curies":[{"name":"wp","href":"https:\/\/api.w.org\/{rel}","templated":true}]}}