{"id":8428,"date":"2024-11-29T16:45:52","date_gmt":"2024-11-29T08:45:52","guid":{"rendered":"http:\/\/qingdaohf.com\/?post_type=product&#038;p=8428"},"modified":"2025-11-13T09:02:51","modified_gmt":"2025-11-13T01:02:51","slug":"boat-steering-wheel","status":"publish","type":"product","link":"https:\/\/qingdaohf.com\/nb\/produkt\/batratt\/","title":{"rendered":"Ratt til b\u00e5t"},"content":{"rendered":"<h4>Betydningen av et p\u00e5litelig ratt p\u00e5 b\u00e5ten<\/h4>\n<p>Rattet er mer enn en enkel kontrollmekanisme for en b\u00e5t; det er hjertet i navigasjon og man\u00f8vrerbarhet. Rattets design og funksjonalitet har direkte innvirkning p\u00e5 f\u00f8rerens evne til \u00e5 h\u00e5ndtere fart\u00f8yet under ulike vannforhold. Enten du seiler i ro og mak eller navigerer i utfordrende str\u00f8mmer, s\u00f8rger et ratt av h\u00f8y kvalitet for presis kontroll, noe som bidrar til sikkerhet og effektivitet.<\/p>\n<p>N\u00e5r b\u00e5teiere skal velge ratt, prioriterer de ofte materialer som t\u00e5ler marine milj\u00f8er, inkludert eksponering for saltvann, fuktighet og UV-str\u00e5ler. Vanlige materialer som rustfritt st\u00e5l, aluminium og plast av marin kvalitet har varierende grad av holdbarhet og korrosjonsbestandighet. Ergonomi er en annen viktig faktor, ettersom rattets form, grep og st\u00f8rrelse kan p\u00e5virke komforten ved langvarig bruk. \u00c5 velge riktig ratt er ikke bare viktig for ytelsen, men ogs\u00e5 for \u00e5 forbedre den generelle b\u00e5topplevelsen.<\/p>\n<h4>Typer av b\u00e5tratt<\/h4>\n<p>Det finnes ulike typer b\u00e5tratt, og hver av dem passer til bestemte fart\u00f8yskategorier og brukerpreferanser. Klassiske ratt i rustfritt st\u00e5l er fortsatt en favoritt blant b\u00e5tf\u00f8rere p\u00e5 grunn av sin tidl\u00f8se design, eksepsjonelle styrke og motstandskraft mot v\u00e6r og vind. Disse rattene har ofte en polert overflate, noe som gir roret en sofistikert touch.<\/p>\n<p>For de som \u00f8nsker lettvektsalternativer, tilbyr hjul laget av aluminium eller komposittmaterialer utmerket ytelse. Aluminiumsmodeller er verdsatt for sin balanse mellom styrke og vekt, noe som gj\u00f8r dem egnet for mindre b\u00e5ter eller fritidsb\u00e5ter. Kompositthjul er derimot ideelle for moderne b\u00e5tf\u00f8rere som prioriterer kostnadseffektivitet uten \u00e5 g\u00e5 p\u00e5 kompromiss med holdbarheten.<\/p>\n<p>Ratt i tre passer for entusiaster som setter pris p\u00e5 tradisjonell estetikk og h\u00e5ndverk. Ratt i tre utstr\u00e5ler ofte en klassisk sjarm sammen med vintage- eller luksusyachter, selv om de krever mer vedlikehold enn sine motstykker i metall eller plast. Hver type har unike form\u00e5l, slik at b\u00e5teiere kan velge ut fra funksjonelle behov og stilistiske preferanser.<\/p>\n<h4>Hvorfor velge v\u00e5re b\u00e5tratt<\/h4>\n<p>\u00c5 velge riktig leverand\u00f8r av b\u00e5tratt er like viktig som \u00e5 velge selve produktet. I v\u00e5rt handelsselskap prioriterer vi \u00e5 levere verdi og p\u00e5litelighet gjennom v\u00e5rt omfattende utvalg av maritimt tilbeh\u00f8r. V\u00e5re ratt gjennomg\u00e5r strenge kvalitetskontroller, noe som sikrer at de overholder bransjestandardene og gir kundene v\u00e5re trygghet.<\/p>\n<p>V\u00e5r individuelle kundeservice skiller oss ut i markedet, ettersom vi samarbeider tett med kundene for \u00e5 forst\u00e5 deres unike behov. Denne personlige tiln\u00e6rmingen bidrar til at vi kan anbefale ratt som er skreddersydd til b\u00e5ttype, driftsforhold og budsjett. V\u00e5r str\u00f8mlinjeformede logistikk sikrer dessuten en rask leveringssyklus, noe som minimerer nedetiden for b\u00e5de b\u00e5tf\u00f8rere og distribut\u00f8rer.<\/p>\n<p>Holdbarheten til v\u00e5re ratt er et bevis p\u00e5 v\u00e5r forpliktelse til \u00e5 levere det ypperste. De er produsert av f\u00f8rsteklasses materialer og er utformet for \u00e5 t\u00e5le langvarig eksponering for marine milj\u00f8er, samtidig som de opprettholder optimal ytelse. Med en kombinasjon av estetikk, funksjonalitet og p\u00e5litelighet innfrir produktene v\u00e5re forventningene til b\u00e5de fritidsbrukere og profesjonelle brukere.<\/p>\n<h4>Rollen til innovasjon i rattdesign<\/h4>\n<p>Moderne fremskritt innen design av b\u00e5tratt har introdusert funksjoner som \u00f8ker brukervennligheten og komforten. Mange modeller har n\u00e5 sklisikre h\u00e5ndtak, noe som gir bedre kontroll selv under v\u00e5te forhold. I tillegg gir hjul med justerbare vippefunksjoner fleksibilitet, slik at de kan tilpasses f\u00f8rere av ulik h\u00f8yde og med ulike preferanser.<\/p>\n<p>Innovative materialer spiller ogs\u00e5 en viktig rolle n\u00e5r det gjelder \u00e5 forbedre rattets motstandskraft og levetid. Rustfritt st\u00e5l av marinekvalitet med ekstra belegg gir overlegen motstand mot gropdannelse og rust, mens UV-stabilisert plast forhindrer falming og sprekkdannelse i sollys. Disse fremskrittene sikrer ikke bare produktets levetid, men bidrar ogs\u00e5 til \u00f8kt sikkerhet og komfort for f\u00f8reren.<\/p>\n<p>En annen viktig innovasjon er integreringen av multifunksjonelle kontroller direkte i rattet. Slik design gj\u00f8r det mulig for f\u00f8reren \u00e5 f\u00e5 tilgang til kritiske funksjoner, som gasspjeldkontroll eller elektroniske skjermer, uten \u00e5 ta hendene fra rattet. Disse funksjonene effektiviserer b\u00e5topplevelsen, gj\u00f8r navigeringen mer intuitiv og reduserer sannsynligheten for at f\u00f8reren blir tr\u00f8tt.<\/p>\n<h4>Sikre langsiktig verdi<\/h4>\n<p>\u00c5 investere i et b\u00e5tratt av h\u00f8y kvalitet er en beslutning som l\u00f8nner seg i det lange l\u00f8p. Utover den umiddelbare funksjonaliteten \u00f8ker disse produktene fart\u00f8yets samlede verdi, spesielt n\u00e5r de kombineres med en anerkjent leverand\u00f8r. V\u00e5re ratt er designet med tanke p\u00e5 lang levetid og gir en optimal balanse mellom ytelse, holdbarhet og estetikk.<\/p>\n<p>Kundene kan stole p\u00e5 at selskapet v\u00e5rt ikke bare leverer eksepsjonelle produkter, men ogs\u00e5 omfattende st\u00f8tte gjennom hele kj\u00f8psprosessen. Fra innledende konsultasjoner til ettersalgsservice - vi streber etter \u00e5 bygge varige relasjoner med kundene v\u00e5re. Denne forpliktelsen til \u00e5 levere det ypperste har gjort oss til en p\u00e5litelig partner p\u00e5 markedet for marint tilbeh\u00f8r.<\/p>\n<p>Ved \u00e5 prioritere kvalitet, innovasjon og kundetilfredshet har vi som m\u00e5l \u00e5 overg\u00e5 forventningene til kundene v\u00e5re. Enten du er b\u00e5tentusiast eller profesjonell sj\u00f8mann, representerer v\u00e5re b\u00e5tratt en blanding av praktisk funksjonalitet og stil, noe som sikrer overlegen ytelse p\u00e5 vannet.<\/p>","protected":false},"excerpt":{"rendered":"<p>B\u00e5tratt spiller en avgj\u00f8rende rolle i \u00e5 sikre jevn navigering og kontroll p\u00e5 vannet, noe som gj\u00f8r dem til en kritisk komponent for ethvert fart\u00f8y. N\u00e5r kj\u00f8pere skal velge ratt, legger de ofte vekt p\u00e5 faktorer som materialets holdbarhet, ergonomisk design, kompatibilitet med ulike marine systemer og korrosjonsbestandighet. V\u00e5rt handelsselskap tilbyr b\u00e5tratt av h\u00f8y kvalitet som oppfyller disse kravene, kombinert med personlig kundeservice som sikrer skreddersydde anbefalinger. I tillegg garanterer vi rask levering og tilbyr grundige kvalitetsinspeksjonsrapporter, slik at du kan f\u00f8le deg trygg ved hvert eneste kj\u00f8p.<\/p>","protected":false},"featured_media":8429,"comment_status":"open","ping_status":"closed","template":"","meta":{"site-sidebar-layout":"default","site-content-layout":"","ast-site-content-layout":"default","site-content-style":"default","site-sidebar-style":"default","ast-global-header-display":"","ast-banner-title-visibility":"","ast-main-header-display":"","ast-hfb-above-header-display":"","ast-hfb-below-header-display":"","ast-hfb-mobile-header-display":"","site-post-title":"","ast-breadcrumbs-content":"","ast-featured-img":"","footer-sml-layout":"","theme-transparent-header-meta":"default","adv-header-id-meta":"","stick-header-meta":"default","header-above-stick-meta":"","header-main-stick-meta":"","header-below-stick-meta":"","astra-migrate-meta-layouts":"set","ast-page-background-enabled":"default","ast-page-background-meta":{"desktop":{"background-color":"","background-image":"","background-repeat":"repeat","background-position":"center center","background-size":"auto","background-attachment":"scroll","background-type":"","background-media":"","overlay-type":"","overlay-color":"","overlay-opacity":"","overlay-gradient":""},"tablet":{"background-color":"","background-image":"","background-repeat":"repeat","background-position":"center center","background-size":"auto","background-attachment":"scroll","background-type":"","background-media":"","overlay-type":"","overlay-color":"","overlay-opacity":"","overlay-gradient":""},"mobile":{"background-color":"","background-image":"","background-repeat":"repeat","background-position":"center center","background-size":"auto","background-attachment":"scroll","background-type":"","background-media":"","overlay-type":"","overlay-color":"","overlay-opacity":"","overlay-gradient":""}},"ast-content-background-meta":{"desktop":{"background-color":"var(--ast-global-color-5)","background-image":"","background-repeat":"repeat","background-position":"center center","background-size":"auto","background-attachment":"scroll","background-type":"","background-media":"","overlay-type":"","overlay-color":"","overlay-opacity":"","overlay-gradient":""},"tablet":{"background-color":"var(--ast-global-color-5)","background-image":"","background-repeat":"repeat","background-position":"center center","background-size":"auto","background-attachment":"scroll","background-type":"","background-media":"","overlay-type":"","overlay-color":"","overlay-opacity":"","overlay-gradient":""},"mobile":{"background-color":"var(--ast-global-color-5)","background-image":"","background-repeat":"repeat","background-position":"center center","background-size":"auto","background-attachment":"scroll","background-type":"","background-media":"","overlay-type":"","overlay-color":"","overlay-opacity":"","overlay-gradient":""}}},"product_brand":[],"product_cat":[44],"product_tag":[],"class_list":{"0":"post-8428","1":"product","2":"type-product","3":"status-publish","4":"has-post-thumbnail","6":"product_cat-stainless-steel-poduct","7":"desktop-align-left","8":"tablet-align-left","9":"mobile-align-left","10":"ast-product-gallery-layout-horizontal-slider","11":"ast-product-tabs-layout-horizontal","13":"first","14":"instock","15":"shipping-taxable","16":"purchasable","17":"product-type-simple"},"yoast_head":"<!-- This site is optimized with the Yoast SEO plugin v25.2 - https:\/\/yoast.com\/wordpress\/plugins\/seo\/ -->\n<title>Boat Steering Wheel<\/title>\n<meta name=\"robots\" content=\"index, follow, max-snippet:-1, max-image-preview:large, max-video-preview:-1\" \/>\n<link rel=\"canonical\" href=\"https:\/\/qingdaohf.com\/nb\/produkt\/batratt\/\" \/>\n<meta property=\"og:locale\" content=\"nb_NO\" \/>\n<meta property=\"og:type\" content=\"article\" \/>\n<meta property=\"og:title\" content=\"Boat Steering Wheel\" \/>\n<meta property=\"og:description\" content=\"Boat steering wheels play a pivotal role in ensuring smooth navigation and control on water, making them a critical component for any vessel. Buyers often prioritize factors such as material durability, ergonomic design, compatibility with various marine systems, and corrosion resistance when selecting a steering wheel. Our trading company offers high-quality boat steering wheels that address these concerns, coupled with one-to-one customer service, ensuring tailored recommendations. Additionally, we guarantee a fast delivery cycle and provide thorough quality inspection reports to offer peace of mind with every purchase.\" \/>\n<meta property=\"og:url\" content=\"https:\/\/qingdaohf.com\/nb\/produkt\/batratt\/\" \/>\n<meta property=\"og:site_name\" content=\"Concrete Form &amp; Rigging Hardware Supplier\" \/>\n<meta property=\"article:publisher\" content=\"https:\/\/www.facebook.com\/qingdaohf\" \/>\n<meta property=\"article:modified_time\" content=\"2025-11-13T01:02:51+00:00\" \/>\n<meta property=\"og:image\" content=\"https:\/\/qingdaohf.com\/wp-content\/uploads\/2024\/11\/boat-steering-wheel-5.jpg\" \/>\n\t<meta property=\"og:image:width\" content=\"1000\" \/>\n\t<meta property=\"og:image:height\" content=\"1000\" \/>\n\t<meta property=\"og:image:type\" content=\"image\/jpeg\" \/>\n<meta name=\"twitter:card\" content=\"summary_large_image\" \/>\n<meta name=\"twitter:label1\" content=\"Ansl. lesetid\" \/>\n\t<meta name=\"twitter:data1\" content=\"4 minutter\" \/>\n<script type=\"application\/ld+json\" class=\"yoast-schema-graph\">{\"@context\":\"https:\/\/schema.org\",\"@graph\":[{\"@type\":\"WebPage\",\"@id\":\"https:\/\/qingdaohf.com\/product\/boat-steering-wheel\/\",\"url\":\"https:\/\/qingdaohf.com\/product\/boat-steering-wheel\/\",\"name\":\"Boat Steering Wheel\",\"isPartOf\":{\"@id\":\"https:\/\/qingdaohf.com\/bg\/#website\"},\"primaryImageOfPage\":{\"@id\":\"https:\/\/qingdaohf.com\/product\/boat-steering-wheel\/#primaryimage\"},\"image\":{\"@id\":\"https:\/\/qingdaohf.com\/product\/boat-steering-wheel\/#primaryimage\"},\"thumbnailUrl\":\"https:\/\/qingdaohf.com\/wp-content\/uploads\/2024\/11\/boat-steering-wheel-5.jpg\",\"datePublished\":\"2024-11-29T08:45:52+00:00\",\"dateModified\":\"2025-11-13T01:02:51+00:00\",\"breadcrumb\":{\"@id\":\"https:\/\/qingdaohf.com\/product\/boat-steering-wheel\/#breadcrumb\"},\"inLanguage\":\"nb-NO\",\"potentialAction\":[{\"@type\":\"ReadAction\",\"target\":[\"https:\/\/qingdaohf.com\/product\/boat-steering-wheel\/\"]}]},{\"@type\":\"ImageObject\",\"inLanguage\":\"nb-NO\",\"@id\":\"https:\/\/qingdaohf.com\/product\/boat-steering-wheel\/#primaryimage\",\"url\":\"https:\/\/qingdaohf.com\/wp-content\/uploads\/2024\/11\/boat-steering-wheel-5.jpg\",\"contentUrl\":\"https:\/\/qingdaohf.com\/wp-content\/uploads\/2024\/11\/boat-steering-wheel-5.jpg\",\"width\":1000,\"height\":1000,\"caption\":\"boat steering wheel\"},{\"@type\":\"BreadcrumbList\",\"@id\":\"https:\/\/qingdaohf.com\/product\/boat-steering-wheel\/#breadcrumb\",\"itemListElement\":[{\"@type\":\"ListItem\",\"position\":1,\"name\":\"Home\",\"item\":\"https:\/\/qingdaohf.com\/\"},{\"@type\":\"ListItem\",\"position\":2,\"name\":\"Concrete Forming Accessories and Rigging Hardware\",\"item\":\"https:\/\/qingdaohf.com\/bg\/?page_id=944\"},{\"@type\":\"ListItem\",\"position\":3,\"name\":\"Boat Steering Wheel\"}]},{\"@type\":\"WebSite\",\"@id\":\"https:\/\/qingdaohf.com\/bg\/#website\",\"url\":\"https:\/\/qingdaohf.com\/bg\/\",\"name\":\"Concrete Form & Rigging Hardware Supplier\",\"description\":\"\",\"publisher\":{\"@id\":\"https:\/\/qingdaohf.com\/bg\/#organization\"},\"potentialAction\":[{\"@type\":\"SearchAction\",\"target\":{\"@type\":\"EntryPoint\",\"urlTemplate\":\"https:\/\/qingdaohf.com\/bg\/?s={search_term_string}\"},\"query-input\":{\"@type\":\"PropertyValueSpecification\",\"valueRequired\":true,\"valueName\":\"search_term_string\"}}],\"inLanguage\":\"nb-NO\"},{\"@type\":\"Organization\",\"@id\":\"https:\/\/qingdaohf.com\/bg\/#organization\",\"name\":\"Qingdao H&F\",\"url\":\"https:\/\/qingdaohf.com\/bg\/\",\"logo\":{\"@type\":\"ImageObject\",\"inLanguage\":\"nb-NO\",\"@id\":\"https:\/\/qingdaohf.com\/bg\/#\/schema\/logo\/image\/\",\"url\":\"https:\/\/qingdaohf.com\/wp-content\/uploads\/2022\/12\/cropped-HF-LOGO.png\",\"contentUrl\":\"https:\/\/qingdaohf.com\/wp-content\/uploads\/2022\/12\/cropped-HF-LOGO.png\",\"width\":391,\"height\":249,\"caption\":\"Qingdao H&F\"},\"image\":{\"@id\":\"https:\/\/qingdaohf.com\/bg\/#\/schema\/logo\/image\/\"},\"sameAs\":[\"https:\/\/www.facebook.com\/qingdaohf\"]}]}<\/script>\n<!-- \/ Yoast SEO plugin. -->","yoast_head_json":{"title":"Boat Steering Wheel","robots":{"index":"index","follow":"follow","max-snippet":"max-snippet:-1","max-image-preview":"max-image-preview:large","max-video-preview":"max-video-preview:-1"},"canonical":"https:\/\/qingdaohf.com\/nb\/produkt\/batratt\/","og_locale":"nb_NO","og_type":"article","og_title":"Boat Steering Wheel","og_description":"Boat steering wheels play a pivotal role in ensuring smooth navigation and control on water, making them a critical component for any vessel. Buyers often prioritize factors such as material durability, ergonomic design, compatibility with various marine systems, and corrosion resistance when selecting a steering wheel. Our trading company offers high-quality boat steering wheels that address these concerns, coupled with one-to-one customer service, ensuring tailored recommendations. Additionally, we guarantee a fast delivery cycle and provide thorough quality inspection reports to offer peace of mind with every purchase.","og_url":"https:\/\/qingdaohf.com\/nb\/produkt\/batratt\/","og_site_name":"Concrete Form &amp; Rigging Hardware Supplier","article_publisher":"https:\/\/www.facebook.com\/qingdaohf","article_modified_time":"2025-11-13T01:02:51+00:00","og_image":[{"width":1000,"height":1000,"url":"https:\/\/qingdaohf.com\/wp-content\/uploads\/2024\/11\/boat-steering-wheel-5.jpg","type":"image\/jpeg"}],"twitter_card":"summary_large_image","twitter_misc":{"Ansl. lesetid":"4 minutter"},"schema":{"@context":"https:\/\/schema.org","@graph":[{"@type":"WebPage","@id":"https:\/\/qingdaohf.com\/product\/boat-steering-wheel\/","url":"https:\/\/qingdaohf.com\/product\/boat-steering-wheel\/","name":"Boat Steering Wheel","isPartOf":{"@id":"https:\/\/qingdaohf.com\/bg\/#website"},"primaryImageOfPage":{"@id":"https:\/\/qingdaohf.com\/product\/boat-steering-wheel\/#primaryimage"},"image":{"@id":"https:\/\/qingdaohf.com\/product\/boat-steering-wheel\/#primaryimage"},"thumbnailUrl":"https:\/\/qingdaohf.com\/wp-content\/uploads\/2024\/11\/boat-steering-wheel-5.jpg","datePublished":"2024-11-29T08:45:52+00:00","dateModified":"2025-11-13T01:02:51+00:00","breadcrumb":{"@id":"https:\/\/qingdaohf.com\/product\/boat-steering-wheel\/#breadcrumb"},"inLanguage":"nb-NO","potentialAction":[{"@type":"ReadAction","target":["https:\/\/qingdaohf.com\/product\/boat-steering-wheel\/"]}]},{"@type":"ImageObject","inLanguage":"nb-NO","@id":"https:\/\/qingdaohf.com\/product\/boat-steering-wheel\/#primaryimage","url":"https:\/\/qingdaohf.com\/wp-content\/uploads\/2024\/11\/boat-steering-wheel-5.jpg","contentUrl":"https:\/\/qingdaohf.com\/wp-content\/uploads\/2024\/11\/boat-steering-wheel-5.jpg","width":1000,"height":1000,"caption":"boat steering wheel"},{"@type":"BreadcrumbList","@id":"https:\/\/qingdaohf.com\/product\/boat-steering-wheel\/#breadcrumb","itemListElement":[{"@type":"ListItem","position":1,"name":"Home","item":"https:\/\/qingdaohf.com\/"},{"@type":"ListItem","position":2,"name":"Concrete Forming Accessories and Rigging Hardware","item":"https:\/\/qingdaohf.com\/bg\/?page_id=944"},{"@type":"ListItem","position":3,"name":"Boat Steering Wheel"}]},{"@type":"WebSite","@id":"https:\/\/qingdaohf.com\/bg\/#website","url":"https:\/\/qingdaohf.com\/bg\/","name":"Concrete Form & Rigging Hardware Supplier","description":"","publisher":{"@id":"https:\/\/qingdaohf.com\/bg\/#organization"},"potentialAction":[{"@type":"SearchAction","target":{"@type":"EntryPoint","urlTemplate":"https:\/\/qingdaohf.com\/bg\/?s={search_term_string}"},"query-input":{"@type":"PropertyValueSpecification","valueRequired":true,"valueName":"search_term_string"}}],"inLanguage":"nb-NO"},{"@type":"Organization","@id":"https:\/\/qingdaohf.com\/bg\/#organization","name":"Qingdao H&F","url":"https:\/\/qingdaohf.com\/bg\/","logo":{"@type":"ImageObject","inLanguage":"nb-NO","@id":"https:\/\/qingdaohf.com\/bg\/#\/schema\/logo\/image\/","url":"https:\/\/qingdaohf.com\/wp-content\/uploads\/2022\/12\/cropped-HF-LOGO.png","contentUrl":"https:\/\/qingdaohf.com\/wp-content\/uploads\/2022\/12\/cropped-HF-LOGO.png","width":391,"height":249,"caption":"Qingdao H&F"},"image":{"@id":"https:\/\/qingdaohf.com\/bg\/#\/schema\/logo\/image\/"},"sameAs":["https:\/\/www.facebook.com\/qingdaohf"]}]}},"_links":{"self":[{"href":"https:\/\/qingdaohf.com\/nb\/wp-json\/wp\/v2\/product\/8428","targetHints":{"allow":["GET"]}}],"collection":[{"href":"https:\/\/qingdaohf.com\/nb\/wp-json\/wp\/v2\/product"}],"about":[{"href":"https:\/\/qingdaohf.com\/nb\/wp-json\/wp\/v2\/types\/product"}],"replies":[{"embeddable":true,"href":"https:\/\/qingdaohf.com\/nb\/wp-json\/wp\/v2\/comments?post=8428"}],"version-history":[{"count":1,"href":"https:\/\/qingdaohf.com\/nb\/wp-json\/wp\/v2\/product\/8428\/revisions"}],"predecessor-version":[{"id":8436,"href":"https:\/\/qingdaohf.com\/nb\/wp-json\/wp\/v2\/product\/8428\/revisions\/8436"}],"wp:featuredmedia":[{"embeddable":true,"href":"https:\/\/qingdaohf.com\/nb\/wp-json\/wp\/v2\/media\/8429"}],"wp:attachment":[{"href":"https:\/\/qingdaohf.com\/nb\/wp-json\/wp\/v2\/media?parent=8428"}],"wp:term":[{"taxonomy":"product_brand","embeddable":true,"href":"https:\/\/qingdaohf.com\/nb\/wp-json\/wp\/v2\/product_brand?post=8428"},{"taxonomy":"product_cat","embeddable":true,"href":"https:\/\/qingdaohf.com\/nb\/wp-json\/wp\/v2\/product_cat?post=8428"},{"taxonomy":"product_tag","embeddable":true,"href":"https:\/\/qingdaohf.com\/nb\/wp-json\/wp\/v2\/product_tag?post=8428"}],"curies":[{"name":"wp","href":"https:\/\/api.w.org\/{rel}","templated":true}]}}