{"id":8601,"date":"2024-12-27T17:18:28","date_gmt":"2024-12-27T09:18:28","guid":{"rendered":"http:\/\/qingdaohf.com\/?post_type=product&#038;p=8601"},"modified":"2025-11-13T09:02:22","modified_gmt":"2025-11-13T01:02:22","slug":"formwork-water-stop","status":"publish","type":"product","link":"https:\/\/qingdaohf.com\/nb\/produkt\/forskaling-vannstopp\/","title":{"rendered":"Vannstopp for forskaling"},"content":{"rendered":"<p class=\"whitespace-pre-wrap break-words\">Vannstoppere til forskaling er avgj\u00f8rende for vanntetting og opprettholdelse av strukturell integritet i betongkonstruksjoner. Disse komponentene fungerer sammen med forskalingstilbeh\u00f8r som trekkstag og vingemuttere for \u00e5 forhindre vanninntrenging og beskytte betongkonstruksjoner. La oss se n\u00e6rmere p\u00e5 hvordan disse elementene fungerer sammen, og hvorfor de er viktige for byggeprosjektene dine.<\/p>\n<h2 class=\"font-600 text-xl font-bold\">Forst\u00e5else av vannstoppere i forskaling<\/h2>\n<p class=\"whitespace-pre-wrap break-words\">N\u00e5r du bygger med betong, vil du uunng\u00e5elig st\u00f8te p\u00e5 fuger mellom ulike seksjoner - disse oppst\u00e5r p\u00e5 grunn av praktiske n\u00f8dvendigheter som byggepauser eller bruk av separate st\u00f8peformer. Siden betong er naturlig por\u00f8s, kan disse skj\u00f8tene bli svake punkter der vann kan trenge inn. Det er her vannstoppere kommer inn i bildet.<\/p>\n<p class=\"whitespace-pre-wrap break-words\">Vannstoppere er laget av materialer som kan b\u00f8ye seg og bevege seg med betongen - vanligvis PVC, gummi eller spesielle hydrofile forbindelser. Det er viktig \u00e5 velge et materiale som opprettholder sin effektivitet etter hvert som betongen setter seg og reagerer p\u00e5 endringer i omgivelsene. Du m\u00e5 installere disse f\u00f8r du st\u00f8per betongen, slik at du skaper en fysisk barriere mot vanninfiltrasjon. Dette er spesielt viktig for konstruksjoner som kjellere, tunneler og demninger, der vanntrykk er et konstant problem.<\/p>\n<h2 class=\"font-600 text-xl font-bold\">Rollen til forankringsstag i forskalingsapplikasjoner<\/h2>\n<p><img fetchpriority=\"high\" decoding=\"async\" class=\"alignnone wp-image-8579 size-full\" src=\"http:\/\/qingdaohf.com\/wp-content\/uploads\/2024\/12\/tie-rod-92.webp\" alt=\"trekkstangsystem\" width=\"1000\" height=\"1000\" srcset=\"https:\/\/qingdaohf.com\/wp-content\/uploads\/2024\/12\/tie-rod-92.webp 1000w, https:\/\/qingdaohf.com\/wp-content\/uploads\/2024\/12\/tie-rod-92-300x300.webp 300w, https:\/\/qingdaohf.com\/wp-content\/uploads\/2024\/12\/tie-rod-92-150x150.webp 150w, https:\/\/qingdaohf.com\/wp-content\/uploads\/2024\/12\/tie-rod-92-768x768.webp 768w, https:\/\/qingdaohf.com\/wp-content\/uploads\/2024\/12\/tie-rod-92-12x12.webp 12w, https:\/\/qingdaohf.com\/wp-content\/uploads\/2024\/12\/tie-rod-92-500x500.webp 500w, https:\/\/qingdaohf.com\/wp-content\/uploads\/2024\/12\/tie-rod-92-100x100.webp 100w\" sizes=\"(max-width: 1000px) 100vw, 1000px\" \/><\/p>\n<p class=\"whitespace-pre-wrap break-words\">Ankerstag (eller forskalingsstag) er betongkonstruksjonens ukjente helter. Disse st\u00e5lkomponentene holder forskalingspanelene st\u00f8dig mens betongen st\u00f8pes og herdes. Ved \u00e5 tres gjennom panelene og festes med vingemuttere i hver ende, s\u00f8rger de for spenningen som trengs for \u00e5 holde alt stabilt under det enorme trykket fra den v\u00e5te betongen.<\/p>\n<p class=\"whitespace-pre-wrap break-words\">Forholdet mellom vannstoppere og dragstag er avgj\u00f8rende - de m\u00e5 fungere s\u00f8ml\u00f8st sammen. Mens stagene holder forskalingen p\u00e5 plass, s\u00f8rger vannstoppene for at fugene er tette. N\u00e5r denne kombinasjonen fungerer som den skal, unng\u00e5r man vanninfiltrasjon og kostbare fremtidige reparasjoner. Etter at betongen har stivnet, fjerner arbeiderne trekkstengene og vingemutterne, og etterlater seg vanntette fuger.<\/p>\n<h2 class=\"font-600 text-xl font-bold\">Betydningen av vingemuttere i forskalingskonstruksjoner<\/h2>\n<p class=\"whitespace-pre-wrap break-words\">Vingemuttere kan virke enkle, men de er avgj\u00f8rende for finjustering av forskalingsinstallasjonen. Utformingen gj\u00f8r det mulig for arbeiderne \u00e5 justere strekkstagspenningen for h\u00e5nd, noe som gj\u00f8r det enkelt \u00e5 opprettholde riktig justering av panelene under st\u00f8ping av betong. Denne presise kontrollen bidrar til \u00e5 forhindre panelbevegelser som kan svekke den endelige konstruksjonen.<\/p>\n<p class=\"whitespace-pre-wrap break-words\">Disse komponentene spiller ogs\u00e5 en n\u00f8kkelrolle for vannstoppernes effektivitet. N\u00e5r strekkstagene er riktig strammet med vingemuttere, holder de forskalingspanelene og vannstopperne n\u00f8yaktig der de skal v\u00e6re. Uten riktig justering av vingemutterne kan bevegelser under st\u00f8pingen skape hull som gj\u00f8r det mulig for vann \u00e5 trenge inn.<\/p>\n<h2 class=\"font-600 text-xl font-bold\">Fordelene med vannstoppere i forskalingen ved vanntetting av betong<\/h2>\n<p class=\"whitespace-pre-wrap break-words\">For konstruksjoner som utsettes for konstant fuktp\u00e5virkning - som fundamenter og underjordiske tunneler - er riktig vanntetting ikke til forhandling. Vannstoppere har flere viktige fordeler:<\/p>\n<p class=\"whitespace-pre-wrap break-words\">Strukturell beskyttelse: Ved \u00e5 forhindre vanninfiltrasjon i skj\u00f8tene bidrar vannstoppere til \u00e5 unng\u00e5 vanlige problemer som armeringskorrosjon og nedbrytning av betong, noe som kan true den strukturelle integriteten.<\/p>\n<p class=\"whitespace-pre-wrap break-words\">Kostnadsfordeler: Selv om den f\u00f8rste investeringen i vanntetting av h\u00f8y kvalitet kan virke betydelig, er det langt billigere enn \u00e5 m\u00e5tte reparere vannskader senere. Ved \u00e5 gj\u00f8re vanntettingen riktig under byggingen eliminerer du behovet for kostbare reparasjoner senere.<\/p>\n<p class=\"whitespace-pre-wrap break-words\">Forbedret levetid: Konstruksjoner med riktig installert vannstopp holder vanligvis lenger, spesielt i utfordrende milj\u00f8er med h\u00f8yt vanntrykk eller korrosive forhold.<\/p>\n<p class=\"whitespace-pre-wrap break-words\">Overholdelse av lover og regler: Mange byggeforskrifter krever bruk av vannstoppere, s\u00e6rlig for kritisk infrastruktur. Ved \u00e5 bruke dem kan du sikre at prosjektet ditt oppfyller alle n\u00f8dvendige sikkerhets- og p\u00e5litelighetsstandarder.<\/p>\n<p class=\"whitespace-pre-wrap break-words\">Milj\u00f8messig ansvar: Effektiv vanntetting beskytter ikke bare konstruksjonen, men ogs\u00e5 det omkringliggende milj\u00f8et mot potensiell forurensning gjennom lekkasjer.<\/p>\n<h2 class=\"font-600 text-xl font-bold\">Hvorfor velge oss for dine behov for vannstopp i forskalingen?<\/h2>\n<p class=\"whitespace-pre-wrap break-words\">V\u00e5rt selskap har spesialisert seg p\u00e5 \u00e5 tilby forskalingsl\u00f8sninger av h\u00f8y kvalitet til fagfolk i byggebransjen. Vi forst\u00e5r at hvert prosjekt har unike utfordringer, og derfor tilbyr vi personlig st\u00f8tte for \u00e5 hjelpe deg med \u00e5 velge de riktige produktene.<\/p>\n<p class=\"whitespace-pre-wrap break-words\">Vi er stolte av raske leveringstider og omfattende kvalitetsdokumentasjon. Enten du leder et stort infrastrukturprosjekt eller en mindre utbygging, kan teamet v\u00e5rt tilby den ekspertisen og st\u00f8tten du trenger gjennom hele prosjektet.<\/p>\n<h2 class=\"font-600 text-xl font-bold\">Konklusjon<\/h2>\n<p class=\"whitespace-pre-wrap break-words\">En vellykket betongkonstruksjon avhenger ofte av at detaljene er i orden - spesielt n\u00e5r det gjelder vanntetting. Effektiv bruk av vannstoppere, sammen med riktig installerte stag og vingemuttere, bidrar til \u00e5 sikre at konstruksjonene dine forblir vanntette og holdbare. Ved \u00e5 samarbeide med en p\u00e5litelig leverand\u00f8r som oss f\u00e5r du kvalitetsproduktene og st\u00f8tten du trenger for \u00e5 fullf\u00f8re prosjektene dine p\u00e5 en vellykket m\u00e5te.<\/p>","protected":false},"excerpt":{"rendered":"<p>Vannstoppere til forskaling er avgj\u00f8rende for \u00e5 skape vanntette barrierer i betongkonstruksjoner, og forhindrer vannlekkasje gjennom skj\u00f8ter i betongkonstruksjoner. Disse produktene er utformet for \u00e5 brukes sammen med annet forskalingstilbeh\u00f8r, som for eksempel stag og vingemuttere, for \u00e5 sikre en s\u00f8ml\u00f8s og holdbar byggeprosess. Som handelsselskap tilbyr vi personlig kundeservice, raske leveringssykluser og ulike kvalitetsinspeksjonsrapporter for \u00e5 sikre kundene v\u00e5re den h\u00f8yeste standarden. Enten du trenger r\u00e5d om produktspesifikasjoner eller levering i rett tid, er vi opptatt av \u00e5 m\u00f8te dine behov med effektivitet og p\u00e5litelighet.<\/p>","protected":false},"featured_media":8599,"comment_status":"open","ping_status":"closed","template":"","meta":{"site-sidebar-layout":"default","site-content-layout":"","ast-site-content-layout":"default","site-content-style":"default","site-sidebar-style":"default","ast-global-header-display":"","ast-banner-title-visibility":"","ast-main-header-display":"","ast-hfb-above-header-display":"","ast-hfb-below-header-display":"","ast-hfb-mobile-header-display":"","site-post-title":"","ast-breadcrumbs-content":"","ast-featured-img":"","footer-sml-layout":"","theme-transparent-header-meta":"default","adv-header-id-meta":"","stick-header-meta":"default","header-above-stick-meta":"","header-main-stick-meta":"","header-below-stick-meta":"","astra-migrate-meta-layouts":"set","ast-page-background-enabled":"default","ast-page-background-meta":{"desktop":{"background-color":"","background-image":"","background-repeat":"repeat","background-position":"center center","background-size":"auto","background-attachment":"scroll","background-type":"","background-media":"","overlay-type":"","overlay-color":"","overlay-opacity":"","overlay-gradient":""},"tablet":{"background-color":"","background-image":"","background-repeat":"repeat","background-position":"center center","background-size":"auto","background-attachment":"scroll","background-type":"","background-media":"","overlay-type":"","overlay-color":"","overlay-opacity":"","overlay-gradient":""},"mobile":{"background-color":"","background-image":"","background-repeat":"repeat","background-position":"center center","background-size":"auto","background-attachment":"scroll","background-type":"","background-media":"","overlay-type":"","overlay-color":"","overlay-opacity":"","overlay-gradient":""}},"ast-content-background-meta":{"desktop":{"background-color":"var(--ast-global-color-5)","background-image":"","background-repeat":"repeat","background-position":"center center","background-size":"auto","background-attachment":"scroll","background-type":"","background-media":"","overlay-type":"","overlay-color":"","overlay-opacity":"","overlay-gradient":""},"tablet":{"background-color":"var(--ast-global-color-5)","background-image":"","background-repeat":"repeat","background-position":"center center","background-size":"auto","background-attachment":"scroll","background-type":"","background-media":"","overlay-type":"","overlay-color":"","overlay-opacity":"","overlay-gradient":""},"mobile":{"background-color":"var(--ast-global-color-5)","background-image":"","background-repeat":"repeat","background-position":"center center","background-size":"auto","background-attachment":"scroll","background-type":"","background-media":"","overlay-type":"","overlay-color":"","overlay-opacity":"","overlay-gradient":""}}},"product_brand":[],"product_cat":[79],"product_tag":[],"class_list":{"0":"post-8601","1":"product","2":"type-product","3":"status-publish","4":"has-post-thumbnail","6":"product_cat-tie-rod-system","7":"desktop-align-left","8":"tablet-align-left","9":"mobile-align-left","10":"ast-product-gallery-layout-horizontal-slider","11":"ast-product-tabs-layout-horizontal","13":"first","14":"instock","15":"shipping-taxable","16":"purchasable","17":"product-type-simple"},"yoast_head":"<!-- This site is optimized with the Yoast SEO plugin v25.2 - https:\/\/yoast.com\/wordpress\/plugins\/seo\/ -->\n<title>Formwork Water Stop<\/title>\n<meta name=\"description\" content=\"Formwork water stop products are essential for creating waterproof barriers in concrete construction, preventing water leakage through joints in concrete structures.\" \/>\n<meta name=\"robots\" content=\"index, follow, max-snippet:-1, max-image-preview:large, max-video-preview:-1\" \/>\n<link rel=\"canonical\" href=\"https:\/\/qingdaohf.com\/nb\/produkt\/forskaling-vannstopp\/\" \/>\n<meta property=\"og:locale\" content=\"nb_NO\" \/>\n<meta property=\"og:type\" content=\"article\" \/>\n<meta property=\"og:title\" content=\"Formwork Water Stop\" \/>\n<meta property=\"og:description\" content=\"Formwork water stop products are essential for creating waterproof barriers in concrete construction, preventing water leakage through joints in concrete structures.\" \/>\n<meta property=\"og:url\" content=\"https:\/\/qingdaohf.com\/nb\/produkt\/forskaling-vannstopp\/\" \/>\n<meta property=\"og:site_name\" content=\"Concrete Form &amp; Rigging Hardware Supplier\" \/>\n<meta property=\"article:publisher\" content=\"https:\/\/www.facebook.com\/qingdaohf\" \/>\n<meta property=\"article:modified_time\" content=\"2025-11-13T01:02:22+00:00\" \/>\n<meta property=\"og:image\" content=\"https:\/\/qingdaohf.com\/wp-content\/uploads\/2024\/12\/tie-rod-water-stop-9.jpg\" \/>\n\t<meta property=\"og:image:width\" content=\"1000\" \/>\n\t<meta property=\"og:image:height\" content=\"1000\" \/>\n\t<meta property=\"og:image:type\" content=\"image\/jpeg\" \/>\n<meta name=\"twitter:card\" content=\"summary_large_image\" \/>\n<meta name=\"twitter:label1\" content=\"Ansl. lesetid\" \/>\n\t<meta name=\"twitter:data1\" content=\"4 minutter\" \/>\n<script type=\"application\/ld+json\" class=\"yoast-schema-graph\">{\"@context\":\"https:\/\/schema.org\",\"@graph\":[{\"@type\":\"WebPage\",\"@id\":\"https:\/\/qingdaohf.com\/product\/formwork-water-stop\/\",\"url\":\"https:\/\/qingdaohf.com\/product\/formwork-water-stop\/\",\"name\":\"Formwork Water Stop\",\"isPartOf\":{\"@id\":\"https:\/\/qingdaohf.com\/bg\/#website\"},\"primaryImageOfPage\":{\"@id\":\"https:\/\/qingdaohf.com\/product\/formwork-water-stop\/#primaryimage\"},\"image\":{\"@id\":\"https:\/\/qingdaohf.com\/product\/formwork-water-stop\/#primaryimage\"},\"thumbnailUrl\":\"https:\/\/qingdaohf.com\/wp-content\/uploads\/2024\/12\/tie-rod-water-stop-9.jpg\",\"datePublished\":\"2024-12-27T09:18:28+00:00\",\"dateModified\":\"2025-11-13T01:02:22+00:00\",\"description\":\"Formwork water stop products are essential for creating waterproof barriers in concrete construction, preventing water leakage through joints in concrete structures.\",\"breadcrumb\":{\"@id\":\"https:\/\/qingdaohf.com\/product\/formwork-water-stop\/#breadcrumb\"},\"inLanguage\":\"nb-NO\",\"potentialAction\":[{\"@type\":\"ReadAction\",\"target\":[\"https:\/\/qingdaohf.com\/product\/formwork-water-stop\/\"]}]},{\"@type\":\"ImageObject\",\"inLanguage\":\"nb-NO\",\"@id\":\"https:\/\/qingdaohf.com\/product\/formwork-water-stop\/#primaryimage\",\"url\":\"https:\/\/qingdaohf.com\/wp-content\/uploads\/2024\/12\/tie-rod-water-stop-9.jpg\",\"contentUrl\":\"https:\/\/qingdaohf.com\/wp-content\/uploads\/2024\/12\/tie-rod-water-stop-9.jpg\",\"width\":1000,\"height\":1000},{\"@type\":\"BreadcrumbList\",\"@id\":\"https:\/\/qingdaohf.com\/product\/formwork-water-stop\/#breadcrumb\",\"itemListElement\":[{\"@type\":\"ListItem\",\"position\":1,\"name\":\"Home\",\"item\":\"https:\/\/qingdaohf.com\/\"},{\"@type\":\"ListItem\",\"position\":2,\"name\":\"Concrete Forming Accessories and Rigging Hardware\",\"item\":\"https:\/\/qingdaohf.com\/bg\/?page_id=944\"},{\"@type\":\"ListItem\",\"position\":3,\"name\":\"Formwork Water Stop\"}]},{\"@type\":\"WebSite\",\"@id\":\"https:\/\/qingdaohf.com\/bg\/#website\",\"url\":\"https:\/\/qingdaohf.com\/bg\/\",\"name\":\"Concrete Form & Rigging Hardware Supplier\",\"description\":\"\",\"publisher\":{\"@id\":\"https:\/\/qingdaohf.com\/bg\/#organization\"},\"potentialAction\":[{\"@type\":\"SearchAction\",\"target\":{\"@type\":\"EntryPoint\",\"urlTemplate\":\"https:\/\/qingdaohf.com\/bg\/?s={search_term_string}\"},\"query-input\":{\"@type\":\"PropertyValueSpecification\",\"valueRequired\":true,\"valueName\":\"search_term_string\"}}],\"inLanguage\":\"nb-NO\"},{\"@type\":\"Organization\",\"@id\":\"https:\/\/qingdaohf.com\/bg\/#organization\",\"name\":\"Qingdao H&F\",\"url\":\"https:\/\/qingdaohf.com\/bg\/\",\"logo\":{\"@type\":\"ImageObject\",\"inLanguage\":\"nb-NO\",\"@id\":\"https:\/\/qingdaohf.com\/bg\/#\/schema\/logo\/image\/\",\"url\":\"https:\/\/qingdaohf.com\/wp-content\/uploads\/2022\/12\/cropped-HF-LOGO.png\",\"contentUrl\":\"https:\/\/qingdaohf.com\/wp-content\/uploads\/2022\/12\/cropped-HF-LOGO.png\",\"width\":391,\"height\":249,\"caption\":\"Qingdao H&F\"},\"image\":{\"@id\":\"https:\/\/qingdaohf.com\/bg\/#\/schema\/logo\/image\/\"},\"sameAs\":[\"https:\/\/www.facebook.com\/qingdaohf\"]}]}<\/script>\n<!-- \/ Yoast SEO plugin. -->","yoast_head_json":{"title":"Formwork Water Stop","description":"Formwork water stop products are essential for creating waterproof barriers in concrete construction, preventing water leakage through joints in concrete structures.","robots":{"index":"index","follow":"follow","max-snippet":"max-snippet:-1","max-image-preview":"max-image-preview:large","max-video-preview":"max-video-preview:-1"},"canonical":"https:\/\/qingdaohf.com\/nb\/produkt\/forskaling-vannstopp\/","og_locale":"nb_NO","og_type":"article","og_title":"Formwork Water Stop","og_description":"Formwork water stop products are essential for creating waterproof barriers in concrete construction, preventing water leakage through joints in concrete structures.","og_url":"https:\/\/qingdaohf.com\/nb\/produkt\/forskaling-vannstopp\/","og_site_name":"Concrete Form &amp; Rigging Hardware Supplier","article_publisher":"https:\/\/www.facebook.com\/qingdaohf","article_modified_time":"2025-11-13T01:02:22+00:00","og_image":[{"width":1000,"height":1000,"url":"https:\/\/qingdaohf.com\/wp-content\/uploads\/2024\/12\/tie-rod-water-stop-9.jpg","type":"image\/jpeg"}],"twitter_card":"summary_large_image","twitter_misc":{"Ansl. lesetid":"4 minutter"},"schema":{"@context":"https:\/\/schema.org","@graph":[{"@type":"WebPage","@id":"https:\/\/qingdaohf.com\/product\/formwork-water-stop\/","url":"https:\/\/qingdaohf.com\/product\/formwork-water-stop\/","name":"Formwork Water Stop","isPartOf":{"@id":"https:\/\/qingdaohf.com\/bg\/#website"},"primaryImageOfPage":{"@id":"https:\/\/qingdaohf.com\/product\/formwork-water-stop\/#primaryimage"},"image":{"@id":"https:\/\/qingdaohf.com\/product\/formwork-water-stop\/#primaryimage"},"thumbnailUrl":"https:\/\/qingdaohf.com\/wp-content\/uploads\/2024\/12\/tie-rod-water-stop-9.jpg","datePublished":"2024-12-27T09:18:28+00:00","dateModified":"2025-11-13T01:02:22+00:00","description":"Formwork water stop products are essential for creating waterproof barriers in concrete construction, preventing water leakage through joints in concrete structures.","breadcrumb":{"@id":"https:\/\/qingdaohf.com\/product\/formwork-water-stop\/#breadcrumb"},"inLanguage":"nb-NO","potentialAction":[{"@type":"ReadAction","target":["https:\/\/qingdaohf.com\/product\/formwork-water-stop\/"]}]},{"@type":"ImageObject","inLanguage":"nb-NO","@id":"https:\/\/qingdaohf.com\/product\/formwork-water-stop\/#primaryimage","url":"https:\/\/qingdaohf.com\/wp-content\/uploads\/2024\/12\/tie-rod-water-stop-9.jpg","contentUrl":"https:\/\/qingdaohf.com\/wp-content\/uploads\/2024\/12\/tie-rod-water-stop-9.jpg","width":1000,"height":1000},{"@type":"BreadcrumbList","@id":"https:\/\/qingdaohf.com\/product\/formwork-water-stop\/#breadcrumb","itemListElement":[{"@type":"ListItem","position":1,"name":"Home","item":"https:\/\/qingdaohf.com\/"},{"@type":"ListItem","position":2,"name":"Concrete Forming Accessories and Rigging Hardware","item":"https:\/\/qingdaohf.com\/bg\/?page_id=944"},{"@type":"ListItem","position":3,"name":"Formwork Water Stop"}]},{"@type":"WebSite","@id":"https:\/\/qingdaohf.com\/bg\/#website","url":"https:\/\/qingdaohf.com\/bg\/","name":"Concrete Form & Rigging Hardware Supplier","description":"","publisher":{"@id":"https:\/\/qingdaohf.com\/bg\/#organization"},"potentialAction":[{"@type":"SearchAction","target":{"@type":"EntryPoint","urlTemplate":"https:\/\/qingdaohf.com\/bg\/?s={search_term_string}"},"query-input":{"@type":"PropertyValueSpecification","valueRequired":true,"valueName":"search_term_string"}}],"inLanguage":"nb-NO"},{"@type":"Organization","@id":"https:\/\/qingdaohf.com\/bg\/#organization","name":"Qingdao H&F","url":"https:\/\/qingdaohf.com\/bg\/","logo":{"@type":"ImageObject","inLanguage":"nb-NO","@id":"https:\/\/qingdaohf.com\/bg\/#\/schema\/logo\/image\/","url":"https:\/\/qingdaohf.com\/wp-content\/uploads\/2022\/12\/cropped-HF-LOGO.png","contentUrl":"https:\/\/qingdaohf.com\/wp-content\/uploads\/2022\/12\/cropped-HF-LOGO.png","width":391,"height":249,"caption":"Qingdao H&F"},"image":{"@id":"https:\/\/qingdaohf.com\/bg\/#\/schema\/logo\/image\/"},"sameAs":["https:\/\/www.facebook.com\/qingdaohf"]}]}},"_links":{"self":[{"href":"https:\/\/qingdaohf.com\/nb\/wp-json\/wp\/v2\/product\/8601","targetHints":{"allow":["GET"]}}],"collection":[{"href":"https:\/\/qingdaohf.com\/nb\/wp-json\/wp\/v2\/product"}],"about":[{"href":"https:\/\/qingdaohf.com\/nb\/wp-json\/wp\/v2\/types\/product"}],"replies":[{"embeddable":true,"href":"https:\/\/qingdaohf.com\/nb\/wp-json\/wp\/v2\/comments?post=8601"}],"version-history":[{"count":1,"href":"https:\/\/qingdaohf.com\/nb\/wp-json\/wp\/v2\/product\/8601\/revisions"}],"predecessor-version":[{"id":8602,"href":"https:\/\/qingdaohf.com\/nb\/wp-json\/wp\/v2\/product\/8601\/revisions\/8602"}],"wp:featuredmedia":[{"embeddable":true,"href":"https:\/\/qingdaohf.com\/nb\/wp-json\/wp\/v2\/media\/8599"}],"wp:attachment":[{"href":"https:\/\/qingdaohf.com\/nb\/wp-json\/wp\/v2\/media?parent=8601"}],"wp:term":[{"taxonomy":"product_brand","embeddable":true,"href":"https:\/\/qingdaohf.com\/nb\/wp-json\/wp\/v2\/product_brand?post=8601"},{"taxonomy":"product_cat","embeddable":true,"href":"https:\/\/qingdaohf.com\/nb\/wp-json\/wp\/v2\/product_cat?post=8601"},{"taxonomy":"product_tag","embeddable":true,"href":"https:\/\/qingdaohf.com\/nb\/wp-json\/wp\/v2\/product_tag?post=8601"}],"curies":[{"name":"wp","href":"https:\/\/api.w.org\/{rel}","templated":true}]}}