{"id":9082,"date":"2025-03-18T13:48:34","date_gmt":"2025-03-18T05:48:34","guid":{"rendered":"http:\/\/qingdaohf.com\/?post_type=product&#038;p=9082"},"modified":"2025-11-13T09:02:19","modified_gmt":"2025-11-13T01:02:19","slug":"colorful-stone-coated-metal-roof-tile","status":"publish","type":"product","link":"https:\/\/qingdaohf.com\/nb\/produkt\/fargerik-steinbelagt-takstein-av-metall\/","title":{"rendered":"Fargerike steinbelagte takstein av metall"},"content":{"rendered":"<h2 data-start=\"604\" data-end=\"645\">Uovertruffen visuell appell og holdbarhet<\/h2>\n<p data-start=\"647\" data-end=\"1256\">V\u00e5re fargerike steinbelagte metalltakstein er en perfekt blanding av estetisk raffinement og robust ytelse. Disse taksteinene er laget ved hjelp av toppmoderne produksjonsprosesser og gir et sl\u00e5ende utseende som minner om naturstein. Den innovative belegningsteknologien kombinerer livlige fargetoner med en strukturert overflate, noe som gir et tiltalende design som forbedrer bolig- og n\u00e6ringsbygg. Byggherrer og arkitekter beundrer flisens evne til \u00e5 forvandle enhver bygning til et moderne kunstverk, mens entrepren\u00f8rer setter pris p\u00e5 dens evne til \u00e5 motst\u00e5 de t\u00f8ffeste v\u00e6rforhold.<\/p>\n<p data-start=\"1258\" data-end=\"1809\">Flisene utstr\u00e5ler en s\u00e6regen sjarm som harmonerer med ulike arkitektoniske stiler. Hvert panel har en omhyggelig konstruert overflate som motst\u00e5r falming, korrosjon og skader fra ultrafiolette str\u00e5ler. N\u00e5r solen treffer overflaten, trer flisens rike farger og naturtro tekstur tydelig frem og innbyr til beundring fra forbipasserende. Utformingen er ikke bare visuelt tiltalende, men forsterker ogs\u00e5 den strukturelle styrken, slik at hver installasjon forblir sikker selv under kraftig nedb\u00f8r, sterk vind og ekstreme temperatursvingninger.<\/p>\n<p data-start=\"1811\" data-end=\"2300\">V\u00e5r omfattende ekspertise innen tilbeh\u00f8r til betongformer og riggutstyr spiller en viktig rolle i v\u00e5r designfilosofi. Vi bruker den samme presisjonen og oppmerksomheten p\u00e5 detaljer i alle aspekter av produksjonen, noe som sikrer at Colorful Stone Coated Metal Roof Tile oppfyller og overg\u00e5r bransjestandardene. Denne forpliktelsen til kvalitet gj\u00f8r det mulig for oss \u00e5 integrere avanserte st\u00f8ttesystemer og installasjonsteknikker, noe som gj\u00f8r takl\u00f8sningen v\u00e5r til en bransjestandard for holdbarhet og estetikk.<\/p>\n<h2 data-start=\"2302\" data-end=\"2351\">Presisjonsteknikk og overlegen ytelse<\/h2>\n<p data-start=\"2353\" data-end=\"2828\">V\u00e5r Colorful Stone Coated Metal Roof Tile er konstruert for \u00e5 v\u00e6re fremragende, og tilbyr en l\u00f8sning med h\u00f8y ytelse som oppfyller kravene til moderne bygg. Designere og ingeni\u00f8rer samarbeider tett under utviklingsprosessen for \u00e5 sikre at hver takstein fungerer feilfritt under varierende forhold. Ved hjelp av avanserte belegningsteknikker og f\u00f8rsteklasses materialer skapes en overflate som aktivt avviser vann, motst\u00e5r kjemiske skader og minimerer vedlikeholdsarbeidet.<\/p>\n<p data-start=\"2830\" data-end=\"3255\">Handelsselskapet v\u00e5rt utnytter dyp bransjekunnskap til \u00e5 innlemme innovative funksjoner i hver eneste flis. Integreringen av tilbeh\u00f8r til betongformer og ekspertise innen riggutstyr forbedrer installasjonsprosessen, noe som f\u00f8rer til bedre lastfordeling og \u00f8kt strukturell stabilitet. Disse tekniske fordelene sikrer at flisene leverer konsistent ytelse selv n\u00e5r de utsettes for store ytre p\u00e5kjenninger.<\/p>\n<p data-start=\"3257\" data-end=\"3874\">De grundige kvalitetskontrollprosedyrene vi gjennomf\u00f8rer, garanterer at hvert parti av Colorful Stone-belagte metalltakstein oppfyller strenge ytelseskrav. V\u00e5rt ingeni\u00f8rteam gjennomf\u00f8rer en rekke omfattende tester for \u00e5 validere faktorer som slagfasthet, termisk ekspansjon og vindstyrke. Slike grundige vurderinger forsikrer kundene v\u00e5re om at produktet ikke bare oppfyller, men ofte overg\u00e5r forventningene i dagens krevende byggemilj\u00f8er. Vi leverer et produkt som aktivt bidrar til \u00e5 skape tillit i hvert eneste prosjekt, og som gj\u00f8r det til et p\u00e5litelig valg for b\u00e5de byggherrer og renovat\u00f8rer.<\/p>\n<h2 data-start=\"3876\" data-end=\"3927\">Effektiv installasjon og omfattende support<\/h2>\n<p data-start=\"3929\" data-end=\"4372\">En av de mange fordelene med v\u00e5re fargerike steinbelagte metalltakstein er at de er enkle \u00e5 montere og at vi tilbyr en st\u00f8ttestruktur til v\u00e5re kunder. V\u00e5r designprosess legger ikke bare vekt p\u00e5 produktets holdbarhet, men ogs\u00e5 p\u00e5 enkelhet og effektivitet under installasjonsfasen. Takket v\u00e6re produktets lette vekt og presisjonskonstruerte sammenkoblingssystemer kan entrepren\u00f8rer glede seg over en str\u00f8mlinjeformet prosess som minimerer utfordringene p\u00e5 byggeplassen.<\/p>\n<p data-start=\"4374\" data-end=\"4956\">Selskapets forpliktelse til \u00e5 yte f\u00f8rsteklasses kundeservice l\u00f8fter installasjonsopplevelsen til nye h\u00f8yder. Vi tilbyr individuelle konsultasjoner for \u00e5 im\u00f8tekomme individuelle prosjektkrav og gir skreddersydde r\u00e5d som sikrer en s\u00f8ml\u00f8s integrering i eksisterende strukturer. V\u00e5rt tekniske team samarbeider tett med kundene gjennom alle faser, fra den f\u00f8rste planleggingen til den endelige installasjonen, og s\u00f8rger for at ingen detaljer g\u00e5r ubemerket hen. Vi investerer i omfattende kvalitetsinspeksjonsrapporter som f\u00f8lger med hver leveranse, og som viser at de strenge sikkerhets- og ytelsesstandardene er overholdt.<\/p>\n<p data-start=\"4958\" data-end=\"5542\">Den robuste forsyningskjeden v\u00e5r st\u00f8tter en rask leveringssyklus, slik at kundene kan opprettholde prosjektets tidslinjer uten un\u00f8dvendige forsinkelser. Den raske oml\u00f8pshastigheten kombinert med v\u00e5r strenge kvalitetskontroll bidrar til \u00e5 minimere nedetid og optimalisere arbeidseffektiviteten. Denne praktiske tiln\u00e6rmingen er et godt eksempel p\u00e5 hvordan v\u00e5r ekspertise innen tilbeh\u00f8r til betongformer og riggutstyr gjennomsyrer alle aspekter av virksomheten v\u00e5r. Vi forst\u00e5r nyansene i byggelogistikken og utformer produktene og tjenestene v\u00e5re slik at de aktivt effektiviserer prosessene og sparer tid og ressurser for v\u00e5re verdsatte kunder.<\/p>\n<h2 data-start=\"5544\" data-end=\"5602\">Ledende bransjekompetanse og b\u00e6rekraftig bygging<\/h2>\n<p data-start=\"5604\" data-end=\"6053\">B\u00e6rekraft spiller en sentral rolle i v\u00e5r tiln\u00e6rming til \u00e5 skape Colorful Stone Coated Metal Roof Tile. Vi designer hvert eneste produkt med tanke p\u00e5 milj\u00f8vennlig praksis og energieffektivitet. Takl\u00f8sningen v\u00e5r bidrar til \u00e5 redusere energiforbruket ved \u00e5 reflektere varme og dermed redusere kj\u00f8lekostnadene for bygninger. Denne milj\u00f8bevisste designen er ikke bare bra for planeten, men gir ogs\u00e5 langsiktige kostnadsbesparelser for eiendomseiere.<\/p>\n<p data-start=\"6055\" data-end=\"6581\">Selskapet v\u00e5rt er stolt av sin bransjeekspertise og en lang tradisjon for \u00e5 levere produkter som im\u00f8tekommer moderne arkitektoniske og konstruksjonsmessige behov. Vi kombinerer de beste ingeni\u00f8rmetodene med banebrytende teknologi for \u00e5 produsere en takstein som er i tr\u00e5d med dagens trender innen b\u00e6rekraftige byggematerialer. Integreringen av b\u00e6rekraftige prosesser og r\u00e5materialer av h\u00f8y kvalitet sikrer at hver eneste Colorful Stone Coated Metal Roof Tile er et bevis p\u00e5 holdbarhet, effektivitet og ansvarlig produksjonspraksis.<\/p>\n<p data-start=\"6583\" data-end=\"7067\">V\u00e5rt aktive engasjement i beslektede sektorer, som tilbeh\u00f8r til betongforskaling og riggutstyr, gir produktutvalget v\u00e5rt et ekstra lag med troverdighet. Vi investerer kontinuerlig i forskning og utvikling for \u00e5 finne innovative l\u00f8sninger som driver utviklingen innen konstruksjon og produksjon fremover. Denne kontinuerlige satsingen p\u00e5 innovasjon sikrer at taksteinene v\u00e5re ikke bare har eksepsjonell ytelse, men ogs\u00e5 bidrar aktivt til utviklingen av b\u00e6rekraftig byggepraksis.<\/p>\n<p data-start=\"7069\" data-end=\"7559\">De energibesparende egenskapene og det lave vedlikeholdsbehovet til v\u00e5rt produkt gj\u00f8r det til et foretrukket valg blant milj\u00f8bevisste byggherrer. Vi mener at b\u00e6rekraft og h\u00f8y ytelse kan eksistere side om side, og v\u00e5r Colorful Stone Coated Metal Roof Tile gjenspeiler denne filosofien i hver eneste detalj. Ved \u00e5 levere et produkt som b\u00e5de er funksjonelt og milj\u00f8vennlig, hjelper vi kundene v\u00e5re med \u00e5 n\u00e5 sine m\u00e5l for gr\u00f8nne bygg, samtidig som vi opprettholder de h\u00f8yeste kvalitetsstandardene.<\/p>\n<h2 data-start=\"7561\" data-end=\"7617\">Omfattende produktst\u00f8tte og bransjeledelse<\/h2>\n<p data-start=\"7619\" data-end=\"8211\">Vi arbeider kontinuerlig for \u00e5 gi kundene v\u00e5re ikke bare et f\u00f8rsteklasses produkt, men ogs\u00e5 enest\u00e5ende st\u00f8tte gjennom hele prosjektets livssyklus. Handelsselskapet v\u00e5rt er stolt av \u00e5 kunne tilby dedikert kundeservice som svarer raskt p\u00e5 alle sp\u00f8rsm\u00e5l og tekniske utfordringer. Den personlige servicen vi yter, har gitt oss et rykte for p\u00e5litelighet og et sterkt engasjement for v\u00e5re kunders suksess. Vi s\u00f8rger for at hver enkelt kunde f\u00e5r et produkt som passer til deres spesifikke behov, noe som underbygges av v\u00e5rt omfattende utvalg av kvalitetsinspeksjonsrapporter og ytelsessertifiseringer.<\/p>\n<p data-start=\"8213\" data-end=\"8821\">Colorful Stone Coated Metal Roof Tile er en syntese av estetisk briljans og robust ingeni\u00f8rkunst, og oppfyller de h\u00f8ye forventningene i dagens konkurranseutsatte byggemarked. Teamet v\u00e5rt samarbeider aktivt med kunder og bransjeeksperter for kontinuerlig \u00e5 forbedre og videreutvikle produkttilbudet v\u00e5rt. Vi forst\u00e5r at vellykkede byggeprosjekter avhenger av b\u00e5de innovative materialer og kyndig veiledning. Derfor har vi et omfattende st\u00f8ttesystem som omfatter detaljert produktinformasjon, installasjonsveiledninger og l\u00f8pende teknisk assistanse som hjelper kundene v\u00e5re med \u00e5 oppn\u00e5 feilfri utf\u00f8relse.<\/p>\n<p data-start=\"8823\" data-end=\"9446\">Vi investerer mye tid og ressurser i oppl\u00e6ring av v\u00e5rt tekniske supportteam for \u00e5 sikre at de holder seg oppdatert p\u00e5 trender og innovasjoner i byggebransjen. Denne proaktive tiln\u00e6rmingen gj\u00f8r oss i stand til \u00e5 gi innsiktsfulle r\u00e5d fra den virkelige verden som tar for seg de praktiske utfordringene byggherrer, arkitekter og ingeni\u00f8rer st\u00e5r overfor. Ved \u00e5 integrere v\u00e5r dype ekspertise innen tilbeh\u00f8r til betongforskalinger og riggutstyr kan vi aktivt tilby l\u00f8sninger som bidrar til tryggere og mer effektive byggemetoder. Produktdesignet v\u00e5rt gjenspeiler denne integrerte kunnskapen, noe som gj\u00f8r det til en viktig ressurs i det moderne byggelandskapet.<\/p>\n<p data-start=\"9448\" data-end=\"9977\">Kombinasjonen av v\u00e5r aktive st\u00f8tte, bransjeledende produktdesign og urokkelige forpliktelse til b\u00e6rekraft gj\u00f8r Colorful Stone Coated Metal Roof Tile til en bransjeleder. Vi leverer ikke bare en takl\u00f8sning, men ogs\u00e5 et l\u00f8fte om kvalitet, ytelse og milj\u00f8forvaltning som kommer kundene v\u00e5re og lokalsamfunnene de tjener til gode. V\u00e5rt engasjement for kvalitet er tydelig i alle aspekter av v\u00e5re produkter og tjenester, noe som skaper tillit og langvarige partnerskap i hele byggebransjen.<\/p>\n<p data-start=\"9979\" data-end=\"10789\" data-is-last-node=\"\" data-is-only-node=\"\">V\u00e5r Colorful Stone Coated Metal Roof Tile representerer et gjennombrudd innen taktekkingsteknologi som forener sl\u00e5ende estetikk med uovertruffen holdbarhet og ytelse. Den tilbyr en aktiv l\u00f8sning p\u00e5 de daglige utfordringene som moderne byggefirmaer og eiendomsbesittere st\u00e5r overfor. Produktet skiller seg ut i et konkurranseutsatt marked takket v\u00e6re sin innovative design, energieffektivitet og robuste ytelse under ekstreme forhold. Sammen med v\u00e5r eksepsjonelle kundeservice, raske levering og strenge kvalitetskontroll er det et eksempel p\u00e5 det beste byggevarebransjen har \u00e5 by p\u00e5. Vi arbeider kontinuerlig med \u00e5 forbedre og fornye produktene v\u00e5re, slik at vi kan sikre at de er i tr\u00e5d med de stadig nye behovene innen b\u00e6rekraftig bygging, samtidig som vi setter nye standarder for kvalitet og effektivitet.<\/p>","protected":false},"excerpt":{"rendered":"<p>Opplev den transformerende effekten av v\u00e5re fargerike steinbelagte metalltakstein, som er utviklet for moderne konstruksjonsutfordringer og kresne kj\u00f8pere. Denne innovative takl\u00f8sningen utmerker seg med holdbarhet, v\u00e6rbestandighet og et fantastisk visuelt uttrykk, samtidig som den tar hensyn til viktige aspekter som installasjonseffektivitet og langsiktig ytelse. V\u00e5rt handelsselskap skiller seg ut ved \u00e5 tilby personlig kundeservice, rask leveringssyklus og omfattende kvalitetsinspeksjonsrapporter, noe som sikrer at hvert prosjekt oppfyller de h\u00f8yeste standarder for fortreffelighet.<\/p>","protected":false},"featured_media":9083,"comment_status":"open","ping_status":"closed","template":"","meta":{"site-sidebar-layout":"default","site-content-layout":"","ast-site-content-layout":"default","site-content-style":"default","site-sidebar-style":"default","ast-global-header-display":"","ast-banner-title-visibility":"","ast-main-header-display":"","ast-hfb-above-header-display":"","ast-hfb-below-header-display":"","ast-hfb-mobile-header-display":"","site-post-title":"","ast-breadcrumbs-content":"","ast-featured-img":"","footer-sml-layout":"","theme-transparent-header-meta":"default","adv-header-id-meta":"","stick-header-meta":"default","header-above-stick-meta":"","header-main-stick-meta":"","header-below-stick-meta":"","astra-migrate-meta-layouts":"set","ast-page-background-enabled":"default","ast-page-background-meta":{"desktop":{"background-color":"","background-image":"","background-repeat":"repeat","background-position":"center center","background-size":"auto","background-attachment":"scroll","background-type":"","background-media":"","overlay-type":"","overlay-color":"","overlay-opacity":"","overlay-gradient":""},"tablet":{"background-color":"","background-image":"","background-repeat":"repeat","background-position":"center center","background-size":"auto","background-attachment":"scroll","background-type":"","background-media":"","overlay-type":"","overlay-color":"","overlay-opacity":"","overlay-gradient":""},"mobile":{"background-color":"","background-image":"","background-repeat":"repeat","background-position":"center center","background-size":"auto","background-attachment":"scroll","background-type":"","background-media":"","overlay-type":"","overlay-color":"","overlay-opacity":"","overlay-gradient":""}},"ast-content-background-meta":{"desktop":{"background-color":"var(--ast-global-color-5)","background-image":"","background-repeat":"repeat","background-position":"center center","background-size":"auto","background-attachment":"scroll","background-type":"","background-media":"","overlay-type":"","overlay-color":"","overlay-opacity":"","overlay-gradient":""},"tablet":{"background-color":"var(--ast-global-color-5)","background-image":"","background-repeat":"repeat","background-position":"center center","background-size":"auto","background-attachment":"scroll","background-type":"","background-media":"","overlay-type":"","overlay-color":"","overlay-opacity":"","overlay-gradient":""},"mobile":{"background-color":"var(--ast-global-color-5)","background-image":"","background-repeat":"repeat","background-position":"center center","background-size":"auto","background-attachment":"scroll","background-type":"","background-media":"","overlay-type":"","overlay-color":"","overlay-opacity":"","overlay-gradient":""}}},"product_brand":[],"product_cat":[50],"product_tag":[],"class_list":{"0":"post-9082","1":"product","2":"type-product","3":"status-publish","4":"has-post-thumbnail","6":"product_cat-concrete-form-accessories","7":"desktop-align-left","8":"tablet-align-left","9":"mobile-align-left","10":"ast-product-gallery-layout-horizontal-slider","11":"ast-product-tabs-layout-horizontal","13":"first","14":"instock","15":"shipping-taxable","16":"purchasable","17":"product-type-simple"},"yoast_head":"<!-- This site is optimized with the Yoast SEO plugin v25.2 - https:\/\/yoast.com\/wordpress\/plugins\/seo\/ -->\n<title>Colorful Stone Coated Metal Roof Tile<\/title>\n<meta name=\"robots\" content=\"index, follow, max-snippet:-1, max-image-preview:large, max-video-preview:-1\" \/>\n<link rel=\"canonical\" href=\"https:\/\/qingdaohf.com\/nb\/produkt\/fargerik-steinbelagt-takstein-av-metall\/\" \/>\n<meta property=\"og:locale\" content=\"nb_NO\" \/>\n<meta property=\"og:type\" content=\"article\" \/>\n<meta property=\"og:title\" content=\"Colorful Stone Coated Metal Roof Tile\" \/>\n<meta property=\"og:description\" content=\"Experience the transformative impact of our Colorful Stone Coated Metal Roof Tile, crafted for modern construction challenges and discerning buyers alike. This innovative roofing solution excels in durability, weather resistance, and stunning visual appeal while addressing key concerns such as installation efficiency and long-term performance. Our trading company stands out by offering one-to-one customer service, a fast delivery cycle, and comprehensive quality inspection reports, ensuring that every project meets the highest standards of excellence.\" \/>\n<meta property=\"og:url\" content=\"https:\/\/qingdaohf.com\/nb\/produkt\/fargerik-steinbelagt-takstein-av-metall\/\" \/>\n<meta property=\"og:site_name\" content=\"Concrete Form &amp; Rigging Hardware Supplier\" \/>\n<meta property=\"article:publisher\" content=\"https:\/\/www.facebook.com\/qingdaohf\" \/>\n<meta property=\"article:modified_time\" content=\"2025-11-13T01:02:19+00:00\" \/>\n<meta property=\"og:image\" content=\"https:\/\/qingdaohf.com\/wp-content\/uploads\/2025\/03\/Metal-Roof-Tile-1.webp\" \/>\n\t<meta property=\"og:image:width\" content=\"1000\" \/>\n\t<meta property=\"og:image:height\" content=\"1000\" \/>\n\t<meta property=\"og:image:type\" content=\"image\/webp\" \/>\n<meta name=\"twitter:card\" content=\"summary_large_image\" \/>\n<meta name=\"twitter:label1\" content=\"Ansl. lesetid\" \/>\n\t<meta name=\"twitter:data1\" content=\"7 minutter\" \/>\n<script type=\"application\/ld+json\" class=\"yoast-schema-graph\">{\"@context\":\"https:\/\/schema.org\",\"@graph\":[{\"@type\":\"WebPage\",\"@id\":\"https:\/\/qingdaohf.com\/product\/colorful-stone-coated-metal-roof-tile\/\",\"url\":\"https:\/\/qingdaohf.com\/product\/colorful-stone-coated-metal-roof-tile\/\",\"name\":\"Colorful Stone Coated Metal Roof Tile\",\"isPartOf\":{\"@id\":\"https:\/\/qingdaohf.com\/bg\/#website\"},\"primaryImageOfPage\":{\"@id\":\"https:\/\/qingdaohf.com\/product\/colorful-stone-coated-metal-roof-tile\/#primaryimage\"},\"image\":{\"@id\":\"https:\/\/qingdaohf.com\/product\/colorful-stone-coated-metal-roof-tile\/#primaryimage\"},\"thumbnailUrl\":\"https:\/\/qingdaohf.com\/wp-content\/uploads\/2025\/03\/Metal-Roof-Tile-1.webp\",\"datePublished\":\"2025-03-18T05:48:34+00:00\",\"dateModified\":\"2025-11-13T01:02:19+00:00\",\"breadcrumb\":{\"@id\":\"https:\/\/qingdaohf.com\/product\/colorful-stone-coated-metal-roof-tile\/#breadcrumb\"},\"inLanguage\":\"nb-NO\",\"potentialAction\":[{\"@type\":\"ReadAction\",\"target\":[\"https:\/\/qingdaohf.com\/product\/colorful-stone-coated-metal-roof-tile\/\"]}]},{\"@type\":\"ImageObject\",\"inLanguage\":\"nb-NO\",\"@id\":\"https:\/\/qingdaohf.com\/product\/colorful-stone-coated-metal-roof-tile\/#primaryimage\",\"url\":\"https:\/\/qingdaohf.com\/wp-content\/uploads\/2025\/03\/Metal-Roof-Tile-1.webp\",\"contentUrl\":\"https:\/\/qingdaohf.com\/wp-content\/uploads\/2025\/03\/Metal-Roof-Tile-1.webp\",\"width\":1000,\"height\":1000,\"caption\":\"Metal Roof Tile\"},{\"@type\":\"BreadcrumbList\",\"@id\":\"https:\/\/qingdaohf.com\/product\/colorful-stone-coated-metal-roof-tile\/#breadcrumb\",\"itemListElement\":[{\"@type\":\"ListItem\",\"position\":1,\"name\":\"Home\",\"item\":\"https:\/\/qingdaohf.com\/\"},{\"@type\":\"ListItem\",\"position\":2,\"name\":\"Concrete Forming Accessories and Rigging Hardware\",\"item\":\"https:\/\/qingdaohf.com\/bg\/?page_id=944\"},{\"@type\":\"ListItem\",\"position\":3,\"name\":\"Colorful Stone Coated Metal Roof Tile\"}]},{\"@type\":\"WebSite\",\"@id\":\"https:\/\/qingdaohf.com\/bg\/#website\",\"url\":\"https:\/\/qingdaohf.com\/bg\/\",\"name\":\"Concrete Form & Rigging Hardware Supplier\",\"description\":\"\",\"publisher\":{\"@id\":\"https:\/\/qingdaohf.com\/bg\/#organization\"},\"potentialAction\":[{\"@type\":\"SearchAction\",\"target\":{\"@type\":\"EntryPoint\",\"urlTemplate\":\"https:\/\/qingdaohf.com\/bg\/?s={search_term_string}\"},\"query-input\":{\"@type\":\"PropertyValueSpecification\",\"valueRequired\":true,\"valueName\":\"search_term_string\"}}],\"inLanguage\":\"nb-NO\"},{\"@type\":\"Organization\",\"@id\":\"https:\/\/qingdaohf.com\/bg\/#organization\",\"name\":\"Qingdao H&F\",\"url\":\"https:\/\/qingdaohf.com\/bg\/\",\"logo\":{\"@type\":\"ImageObject\",\"inLanguage\":\"nb-NO\",\"@id\":\"https:\/\/qingdaohf.com\/bg\/#\/schema\/logo\/image\/\",\"url\":\"https:\/\/qingdaohf.com\/wp-content\/uploads\/2022\/12\/cropped-HF-LOGO.png\",\"contentUrl\":\"https:\/\/qingdaohf.com\/wp-content\/uploads\/2022\/12\/cropped-HF-LOGO.png\",\"width\":391,\"height\":249,\"caption\":\"Qingdao H&F\"},\"image\":{\"@id\":\"https:\/\/qingdaohf.com\/bg\/#\/schema\/logo\/image\/\"},\"sameAs\":[\"https:\/\/www.facebook.com\/qingdaohf\"]}]}<\/script>\n<!-- \/ Yoast SEO plugin. -->","yoast_head_json":{"title":"Colorful Stone Coated Metal Roof Tile","robots":{"index":"index","follow":"follow","max-snippet":"max-snippet:-1","max-image-preview":"max-image-preview:large","max-video-preview":"max-video-preview:-1"},"canonical":"https:\/\/qingdaohf.com\/nb\/produkt\/fargerik-steinbelagt-takstein-av-metall\/","og_locale":"nb_NO","og_type":"article","og_title":"Colorful Stone Coated Metal Roof Tile","og_description":"Experience the transformative impact of our Colorful Stone Coated Metal Roof Tile, crafted for modern construction challenges and discerning buyers alike. This innovative roofing solution excels in durability, weather resistance, and stunning visual appeal while addressing key concerns such as installation efficiency and long-term performance. Our trading company stands out by offering one-to-one customer service, a fast delivery cycle, and comprehensive quality inspection reports, ensuring that every project meets the highest standards of excellence.","og_url":"https:\/\/qingdaohf.com\/nb\/produkt\/fargerik-steinbelagt-takstein-av-metall\/","og_site_name":"Concrete Form &amp; Rigging Hardware Supplier","article_publisher":"https:\/\/www.facebook.com\/qingdaohf","article_modified_time":"2025-11-13T01:02:19+00:00","og_image":[{"width":1000,"height":1000,"url":"https:\/\/qingdaohf.com\/wp-content\/uploads\/2025\/03\/Metal-Roof-Tile-1.webp","type":"image\/webp"}],"twitter_card":"summary_large_image","twitter_misc":{"Ansl. lesetid":"7 minutter"},"schema":{"@context":"https:\/\/schema.org","@graph":[{"@type":"WebPage","@id":"https:\/\/qingdaohf.com\/product\/colorful-stone-coated-metal-roof-tile\/","url":"https:\/\/qingdaohf.com\/product\/colorful-stone-coated-metal-roof-tile\/","name":"Colorful Stone Coated Metal Roof Tile","isPartOf":{"@id":"https:\/\/qingdaohf.com\/bg\/#website"},"primaryImageOfPage":{"@id":"https:\/\/qingdaohf.com\/product\/colorful-stone-coated-metal-roof-tile\/#primaryimage"},"image":{"@id":"https:\/\/qingdaohf.com\/product\/colorful-stone-coated-metal-roof-tile\/#primaryimage"},"thumbnailUrl":"https:\/\/qingdaohf.com\/wp-content\/uploads\/2025\/03\/Metal-Roof-Tile-1.webp","datePublished":"2025-03-18T05:48:34+00:00","dateModified":"2025-11-13T01:02:19+00:00","breadcrumb":{"@id":"https:\/\/qingdaohf.com\/product\/colorful-stone-coated-metal-roof-tile\/#breadcrumb"},"inLanguage":"nb-NO","potentialAction":[{"@type":"ReadAction","target":["https:\/\/qingdaohf.com\/product\/colorful-stone-coated-metal-roof-tile\/"]}]},{"@type":"ImageObject","inLanguage":"nb-NO","@id":"https:\/\/qingdaohf.com\/product\/colorful-stone-coated-metal-roof-tile\/#primaryimage","url":"https:\/\/qingdaohf.com\/wp-content\/uploads\/2025\/03\/Metal-Roof-Tile-1.webp","contentUrl":"https:\/\/qingdaohf.com\/wp-content\/uploads\/2025\/03\/Metal-Roof-Tile-1.webp","width":1000,"height":1000,"caption":"Metal Roof Tile"},{"@type":"BreadcrumbList","@id":"https:\/\/qingdaohf.com\/product\/colorful-stone-coated-metal-roof-tile\/#breadcrumb","itemListElement":[{"@type":"ListItem","position":1,"name":"Home","item":"https:\/\/qingdaohf.com\/"},{"@type":"ListItem","position":2,"name":"Concrete Forming Accessories and Rigging Hardware","item":"https:\/\/qingdaohf.com\/bg\/?page_id=944"},{"@type":"ListItem","position":3,"name":"Colorful Stone Coated Metal Roof Tile"}]},{"@type":"WebSite","@id":"https:\/\/qingdaohf.com\/bg\/#website","url":"https:\/\/qingdaohf.com\/bg\/","name":"Concrete Form & Rigging Hardware Supplier","description":"","publisher":{"@id":"https:\/\/qingdaohf.com\/bg\/#organization"},"potentialAction":[{"@type":"SearchAction","target":{"@type":"EntryPoint","urlTemplate":"https:\/\/qingdaohf.com\/bg\/?s={search_term_string}"},"query-input":{"@type":"PropertyValueSpecification","valueRequired":true,"valueName":"search_term_string"}}],"inLanguage":"nb-NO"},{"@type":"Organization","@id":"https:\/\/qingdaohf.com\/bg\/#organization","name":"Qingdao H&F","url":"https:\/\/qingdaohf.com\/bg\/","logo":{"@type":"ImageObject","inLanguage":"nb-NO","@id":"https:\/\/qingdaohf.com\/bg\/#\/schema\/logo\/image\/","url":"https:\/\/qingdaohf.com\/wp-content\/uploads\/2022\/12\/cropped-HF-LOGO.png","contentUrl":"https:\/\/qingdaohf.com\/wp-content\/uploads\/2022\/12\/cropped-HF-LOGO.png","width":391,"height":249,"caption":"Qingdao H&F"},"image":{"@id":"https:\/\/qingdaohf.com\/bg\/#\/schema\/logo\/image\/"},"sameAs":["https:\/\/www.facebook.com\/qingdaohf"]}]}},"_links":{"self":[{"href":"https:\/\/qingdaohf.com\/nb\/wp-json\/wp\/v2\/product\/9082","targetHints":{"allow":["GET"]}}],"collection":[{"href":"https:\/\/qingdaohf.com\/nb\/wp-json\/wp\/v2\/product"}],"about":[{"href":"https:\/\/qingdaohf.com\/nb\/wp-json\/wp\/v2\/types\/product"}],"replies":[{"embeddable":true,"href":"https:\/\/qingdaohf.com\/nb\/wp-json\/wp\/v2\/comments?post=9082"}],"version-history":[{"count":2,"href":"https:\/\/qingdaohf.com\/nb\/wp-json\/wp\/v2\/product\/9082\/revisions"}],"predecessor-version":[{"id":9380,"href":"https:\/\/qingdaohf.com\/nb\/wp-json\/wp\/v2\/product\/9082\/revisions\/9380"}],"wp:featuredmedia":[{"embeddable":true,"href":"https:\/\/qingdaohf.com\/nb\/wp-json\/wp\/v2\/media\/9083"}],"wp:attachment":[{"href":"https:\/\/qingdaohf.com\/nb\/wp-json\/wp\/v2\/media?parent=9082"}],"wp:term":[{"taxonomy":"product_brand","embeddable":true,"href":"https:\/\/qingdaohf.com\/nb\/wp-json\/wp\/v2\/product_brand?post=9082"},{"taxonomy":"product_cat","embeddable":true,"href":"https:\/\/qingdaohf.com\/nb\/wp-json\/wp\/v2\/product_cat?post=9082"},{"taxonomy":"product_tag","embeddable":true,"href":"https:\/\/qingdaohf.com\/nb\/wp-json\/wp\/v2\/product_tag?post=9082"}],"curies":[{"name":"wp","href":"https:\/\/api.w.org\/{rel}","templated":true}]}}