{"id":2127,"date":"2023-02-10T11:45:19","date_gmt":"2023-02-10T03:45:19","guid":{"rendered":"http:\/\/qingdaohf.com\/?post_type=product&#038;p=2127"},"modified":"2025-11-13T09:06:36","modified_gmt":"2025-11-13T01:06:36","slug":"brick-tie","status":"publish","type":"product","link":"https:\/\/qingdaohf.com\/nl\/product\/bakstenen-band\/","title":{"rendered":"Roestvrij staal bakstenen muur banden voor de bouw Forming"},"content":{"rendered":"<p>&nbsp;<\/p>\n<p><img fetchpriority=\"high\" decoding=\"async\" class=\"alignnone size-full wp-image-2732\" src=\"http:\/\/qingdaohf.com\/wp-content\/uploads\/2023\/02\/brick-tie-1.jpg\" alt=\"bakstenen band\" width=\"1200\" height=\"648\" srcset=\"https:\/\/qingdaohf.com\/wp-content\/uploads\/2023\/02\/brick-tie-1.jpg 1200w, https:\/\/qingdaohf.com\/wp-content\/uploads\/2023\/02\/brick-tie-1-1000x540.jpg 1000w, https:\/\/qingdaohf.com\/wp-content\/uploads\/2023\/02\/brick-tie-1-300x162.jpg 300w, https:\/\/qingdaohf.com\/wp-content\/uploads\/2023\/02\/brick-tie-1-1024x553.jpg 1024w, https:\/\/qingdaohf.com\/wp-content\/uploads\/2023\/02\/brick-tie-1-768x415.jpg 768w\" sizes=\"(max-width: 1200px) 100vw, 1200px\" \/><\/p>\n<p>Welkom bij Qingdao H&amp;F, een gerenommeerd B2B-handelsbedrijf met meer dan 20 jaar ervaring, dat trots dienst doet als toonaangevende fabrikant, leverancier en distributeur van Betonvormende Accessoires en Rigging Hardware. Onze fabriek in China staat garant voor eersteklas roestvrijstalen baksteenbanden, inclusief baksteenbanden en baksteenbanden voor metselwerk, die in grote hoeveelheden verkrijgbaar zijn tegen concurrerende groothandelsprijzen. Met een sterke toewijding aan kwaliteit en klanttevredenheid, bieden wij aanpassingsopties, gratis monsters en uitstekende \u00e9\u00e9n-op-\u00e9\u00e9n service om aan uw unieke bouwbehoeften te voldoen.<\/p>\n<div class=\"ast-oembed-container\" style=\"height: 100%;\"><iframe title=\"Bakstenen muurankers voor de bouw\" width=\"500\" height=\"281\" src=\"https:\/\/www.youtube.com\/embed\/73JqOQyHVuM?feature=oembed\" frameborder=\"0\" allow=\"accelerometer; autoplay; clipboard-write; encrypted-media; gyroscope; picture-in-picture; web-share\" referrerpolicy=\"strict-origin-when-cross-origin\" allowfullscreen><\/iframe><\/div>\n<h2>Waarom voor ons kiezen?<\/h2>\n<h3>Vertrouwde fabrikant met co\u00f6peratieve fabriek:<\/h3>\n<p>Bij Qingdao H&amp;F komt onze sterke reputatie als betrouwbare fabrikant voort uit onze ervaring van twee decennia en de steun van onze co\u00f6peratieve fabriek. Wij zorgen ervoor dat elke baksteenband met precisie wordt vervaardigd en aan de hoogste industrienormen voldoet.<\/p>\n<h3>Breed assortiment producten:<\/h3>\n<p>Als toonaangevende leverancier en verkoper in de branche bieden wij een uitgebreid assortiment betonbekistingsaccessoires en rigging hardware, met speciale aandacht voor roestvrijstalen baksteenbanden. Van baksteenbinders tot metselsteenbinders, onze producten voldoen aan verschillende constructievereisten.<\/p>\n<h3>Groot- en distributiediensten:<\/h3>\n<p>Wij zijn er trots op een betrouwbare groothandelaar en distributeur te zijn, die grote hoeveelheden bakstenen banden voor betonnen muren aanbiedt aan bedrijven en aannemers. Ons naadloze distributienetwerk garandeert een snelle levering op uw projectlocatie.<\/p>\n<h3>Kwaliteitsgarantie en Beschikbaarheid in bulk:<\/h3>\n<p>Wij geven bij elke stap voorrang aan kwaliteit en voeren grondige kwaliteitscontroles uit om u de beste producten te kunnen leveren. Onze baksteenbanden zijn in bulk verkrijgbaar, zodat u verzekerd bent van een ononderbroken levering voor grootschalige projecten.<\/p>\n<h3>Aanpassingsopties en gratis monsters:<\/h3>\n<p>Wij zijn ons bewust van de uiteenlopende behoeften van onze klanten en bieden daarom aanpassingsopties om baksteenbanden aan te passen aan uw specifieke projectvereisten. Vraag gratis monsters aan om de kwaliteit en geschiktheid van ons product te beoordelen voordat u tot aankoop overgaat.<\/p>\n<h3>Effici\u00ebnte inkoop en \u00e9\u00e9n-op-\u00e9\u00e9n service:<\/h3>\n<p>Met onze sterke inkoopmogelijkheden kopen wij eersteklas materialen in om duurzame roestvrijstalen baksteenbanden te maken. Ons toegewijde team biedt persoonlijke \u00e9\u00e9n-op-\u00e9\u00e9n service en begeleidt u bij het selectie- en aanpassingsproces.<\/p>\n<h2>Conclusie over Brick Ties<\/h2>\n<p>Qingdao H&amp;F is een betrouwbaar bedrijf met uitgebreide ervaring in de industrie als het gaat om het vinden van roestvrijstalen baksteenbanden van hoge kwaliteit voor betonnen muren. Als fabrikant, fabriek, leverancier, groothandelaar, dealer en distributeur zijn we er trots op dat we aanpasbare producten tegen concurrerende groothandelsprijzen kunnen aanbieden. Met een sterke focus op klanttevredenheid nodigen wij u uit om onze toewijding aan uitmuntendheid te ervaren door middel van gratis monsters en effici\u00ebnte \u00e9\u00e9n-op-\u00e9\u00e9n service. Laat ons uw partner zijn voor eersteklas baksteenbanden voor uw bouwprojecten. Neem vandaag nog contact met ons op om ons uitgebreide assortiment te verkennen en de perfecte oplossingen voor uw behoeften te vinden.<\/p>\n<p>&nbsp;<\/p>","protected":false},"excerpt":{"rendered":"<p>Bakstenen banden zijn kleine architecturale elementen die worden gebruikt om twee bakstenen muren over een smalle spouw met elkaar te verbinden of om een bakstenen muur aan een houten of stalen frame vast te maken.<\/p>","protected":false},"featured_media":2483,"comment_status":"open","ping_status":"closed","template":"","meta":{"site-sidebar-layout":"default","site-content-layout":"default","ast-site-content-layout":"","site-content-style":"default","site-sidebar-style":"default","ast-global-header-display":"","ast-banner-title-visibility":"","ast-main-header-display":"","ast-hfb-above-header-display":"","ast-hfb-below-header-display":"","ast-hfb-mobile-header-display":"","site-post-title":"","ast-breadcrumbs-content":"","ast-featured-img":"","footer-sml-layout":"","theme-transparent-header-meta":"default","adv-header-id-meta":"","stick-header-meta":"default","header-above-stick-meta":"","header-main-stick-meta":"","header-below-stick-meta":"","astra-migrate-meta-layouts":"default","ast-page-background-enabled":"default","ast-page-background-meta":{"desktop":{"background-color":"","background-image":"","background-repeat":"repeat","background-position":"center center","background-size":"auto","background-attachment":"scroll","background-type":"","background-media":"","overlay-type":"","overlay-color":"","overlay-opacity":"","overlay-gradient":""},"tablet":{"background-color":"","background-image":"","background-repeat":"repeat","background-position":"center center","background-size":"auto","background-attachment":"scroll","background-type":"","background-media":"","overlay-type":"","overlay-color":"","overlay-opacity":"","overlay-gradient":""},"mobile":{"background-color":"","background-image":"","background-repeat":"repeat","background-position":"center center","background-size":"auto","background-attachment":"scroll","background-type":"","background-media":"","overlay-type":"","overlay-color":"","overlay-opacity":"","overlay-gradient":""}},"ast-content-background-meta":{"desktop":{"background-color":"var(--ast-global-color-5)","background-image":"","background-repeat":"repeat","background-position":"center center","background-size":"auto","background-attachment":"scroll","background-type":"","background-media":"","overlay-type":"","overlay-color":"","overlay-opacity":"","overlay-gradient":""},"tablet":{"background-color":"var(--ast-global-color-5)","background-image":"","background-repeat":"repeat","background-position":"center center","background-size":"auto","background-attachment":"scroll","background-type":"","background-media":"","overlay-type":"","overlay-color":"","overlay-opacity":"","overlay-gradient":""},"mobile":{"background-color":"var(--ast-global-color-5)","background-image":"","background-repeat":"repeat","background-position":"center center","background-size":"auto","background-attachment":"scroll","background-type":"","background-media":"","overlay-type":"","overlay-color":"","overlay-opacity":"","overlay-gradient":""}}},"product_brand":[],"product_cat":[20,29],"product_tag":[],"class_list":{"0":"post-2127","1":"product","2":"type-product","3":"status-publish","4":"has-post-thumbnail","6":"product_cat-concrete-wall-tie","7":"product_cat-formwork-system","8":"desktop-align-left","9":"tablet-align-left","10":"mobile-align-left","11":"ast-product-gallery-layout-horizontal-slider","12":"ast-product-tabs-layout-horizontal","14":"first","15":"instock","16":"shipping-taxable","17":"purchasable","18":"product-type-simple"},"yoast_head":"<!-- This site is optimized with the Yoast SEO plugin v25.2 - https:\/\/yoast.com\/wordpress\/plugins\/seo\/ -->\n<title>Stainless Steel Brick Wall Ties for Construction Forming<\/title>\n<meta name=\"description\" content=\"Brick ties are small architectural elements that are used to connect two brick walls across a narrow cavity or to bind a brick wall to a wood or steel frame.\" \/>\n<meta name=\"robots\" content=\"index, follow, max-snippet:-1, max-image-preview:large, max-video-preview:-1\" \/>\n<link rel=\"canonical\" href=\"https:\/\/qingdaohf.com\/nl\/product\/bakstenen-band\/\" \/>\n<meta property=\"og:locale\" content=\"nl_NL\" \/>\n<meta property=\"og:type\" content=\"article\" \/>\n<meta property=\"og:title\" content=\"Stainless Steel Brick Wall Ties for Construction Forming\" \/>\n<meta property=\"og:description\" content=\"Brick ties are small architectural elements that are used to connect two brick walls across a narrow cavity or to bind a brick wall to a wood or steel frame.\" \/>\n<meta property=\"og:url\" content=\"https:\/\/qingdaohf.com\/nl\/product\/bakstenen-band\/\" \/>\n<meta property=\"og:site_name\" content=\"Concrete Form &amp; Rigging Hardware Supplier\" \/>\n<meta property=\"article:publisher\" content=\"https:\/\/www.facebook.com\/qingdaohf\" \/>\n<meta property=\"article:modified_time\" content=\"2025-11-13T01:06:36+00:00\" \/>\n<meta property=\"og:image\" content=\"https:\/\/qingdaohf.com\/wp-content\/uploads\/2023\/02\/\u767d\u5e95\u56fe5.jpg\" \/>\n\t<meta property=\"og:image:width\" content=\"1000\" \/>\n\t<meta property=\"og:image:height\" content=\"1000\" \/>\n\t<meta property=\"og:image:type\" content=\"image\/jpeg\" \/>\n<meta name=\"twitter:card\" content=\"summary_large_image\" \/>\n<meta name=\"twitter:label1\" content=\"Geschatte leestijd\" \/>\n\t<meta name=\"twitter:data1\" content=\"3 minuten\" \/>\n<script type=\"application\/ld+json\" class=\"yoast-schema-graph\">{\"@context\":\"https:\/\/schema.org\",\"@graph\":[{\"@type\":\"WebPage\",\"@id\":\"https:\/\/qingdaohf.com\/product\/brick-tie\/\",\"url\":\"https:\/\/qingdaohf.com\/product\/brick-tie\/\",\"name\":\"Stainless Steel Brick Wall Ties for Construction Forming\",\"isPartOf\":{\"@id\":\"https:\/\/qingdaohf.com\/bg\/#website\"},\"primaryImageOfPage\":{\"@id\":\"https:\/\/qingdaohf.com\/product\/brick-tie\/#primaryimage\"},\"image\":{\"@id\":\"https:\/\/qingdaohf.com\/product\/brick-tie\/#primaryimage\"},\"thumbnailUrl\":\"https:\/\/qingdaohf.com\/wp-content\/uploads\/2023\/02\/\u767d\u5e95\u56fe5.jpg\",\"datePublished\":\"2023-02-10T03:45:19+00:00\",\"dateModified\":\"2025-11-13T01:06:36+00:00\",\"description\":\"Brick ties are small architectural elements that are used to connect two brick walls across a narrow cavity or to bind a brick wall to a wood or steel frame.\",\"breadcrumb\":{\"@id\":\"https:\/\/qingdaohf.com\/product\/brick-tie\/#breadcrumb\"},\"inLanguage\":\"nl-NL\",\"potentialAction\":[{\"@type\":\"ReadAction\",\"target\":[\"https:\/\/qingdaohf.com\/product\/brick-tie\/\"]}]},{\"@type\":\"ImageObject\",\"inLanguage\":\"nl-NL\",\"@id\":\"https:\/\/qingdaohf.com\/product\/brick-tie\/#primaryimage\",\"url\":\"https:\/\/qingdaohf.com\/wp-content\/uploads\/2023\/02\/\u767d\u5e95\u56fe5.jpg\",\"contentUrl\":\"https:\/\/qingdaohf.com\/wp-content\/uploads\/2023\/02\/\u767d\u5e95\u56fe5.jpg\",\"width\":1000,\"height\":1000},{\"@type\":\"BreadcrumbList\",\"@id\":\"https:\/\/qingdaohf.com\/product\/brick-tie\/#breadcrumb\",\"itemListElement\":[{\"@type\":\"ListItem\",\"position\":1,\"name\":\"Home\",\"item\":\"https:\/\/qingdaohf.com\/\"},{\"@type\":\"ListItem\",\"position\":2,\"name\":\"Concrete Forming Accessories and Rigging Hardware\",\"item\":\"https:\/\/qingdaohf.com\/bg\/?page_id=944\"},{\"@type\":\"ListItem\",\"position\":3,\"name\":\"Stainless Steel Brick Wall Ties for Construction Forming\"}]},{\"@type\":\"WebSite\",\"@id\":\"https:\/\/qingdaohf.com\/bg\/#website\",\"url\":\"https:\/\/qingdaohf.com\/bg\/\",\"name\":\"Concrete Form & Rigging Hardware Supplier\",\"description\":\"\",\"publisher\":{\"@id\":\"https:\/\/qingdaohf.com\/bg\/#organization\"},\"potentialAction\":[{\"@type\":\"SearchAction\",\"target\":{\"@type\":\"EntryPoint\",\"urlTemplate\":\"https:\/\/qingdaohf.com\/bg\/?s={search_term_string}\"},\"query-input\":{\"@type\":\"PropertyValueSpecification\",\"valueRequired\":true,\"valueName\":\"search_term_string\"}}],\"inLanguage\":\"nl-NL\"},{\"@type\":\"Organization\",\"@id\":\"https:\/\/qingdaohf.com\/bg\/#organization\",\"name\":\"Qingdao H&F\",\"url\":\"https:\/\/qingdaohf.com\/bg\/\",\"logo\":{\"@type\":\"ImageObject\",\"inLanguage\":\"nl-NL\",\"@id\":\"https:\/\/qingdaohf.com\/bg\/#\/schema\/logo\/image\/\",\"url\":\"https:\/\/qingdaohf.com\/wp-content\/uploads\/2022\/12\/cropped-HF-LOGO.png\",\"contentUrl\":\"https:\/\/qingdaohf.com\/wp-content\/uploads\/2022\/12\/cropped-HF-LOGO.png\",\"width\":391,\"height\":249,\"caption\":\"Qingdao H&F\"},\"image\":{\"@id\":\"https:\/\/qingdaohf.com\/bg\/#\/schema\/logo\/image\/\"},\"sameAs\":[\"https:\/\/www.facebook.com\/qingdaohf\"]}]}<\/script>\n<!-- \/ Yoast SEO plugin. -->","yoast_head_json":{"title":"Stainless Steel Brick Wall Ties for Construction Forming","description":"Brick ties are small architectural elements that are used to connect two brick walls across a narrow cavity or to bind a brick wall to a wood or steel frame.","robots":{"index":"index","follow":"follow","max-snippet":"max-snippet:-1","max-image-preview":"max-image-preview:large","max-video-preview":"max-video-preview:-1"},"canonical":"https:\/\/qingdaohf.com\/nl\/product\/bakstenen-band\/","og_locale":"nl_NL","og_type":"article","og_title":"Stainless Steel Brick Wall Ties for Construction Forming","og_description":"Brick ties are small architectural elements that are used to connect two brick walls across a narrow cavity or to bind a brick wall to a wood or steel frame.","og_url":"https:\/\/qingdaohf.com\/nl\/product\/bakstenen-band\/","og_site_name":"Concrete Form &amp; Rigging Hardware Supplier","article_publisher":"https:\/\/www.facebook.com\/qingdaohf","article_modified_time":"2025-11-13T01:06:36+00:00","og_image":[{"width":1000,"height":1000,"url":"https:\/\/qingdaohf.com\/wp-content\/uploads\/2023\/02\/\u767d\u5e95\u56fe5.jpg","type":"image\/jpeg"}],"twitter_card":"summary_large_image","twitter_misc":{"Geschatte leestijd":"3 minuten"},"schema":{"@context":"https:\/\/schema.org","@graph":[{"@type":"WebPage","@id":"https:\/\/qingdaohf.com\/product\/brick-tie\/","url":"https:\/\/qingdaohf.com\/product\/brick-tie\/","name":"Stainless Steel Brick Wall Ties for Construction Forming","isPartOf":{"@id":"https:\/\/qingdaohf.com\/bg\/#website"},"primaryImageOfPage":{"@id":"https:\/\/qingdaohf.com\/product\/brick-tie\/#primaryimage"},"image":{"@id":"https:\/\/qingdaohf.com\/product\/brick-tie\/#primaryimage"},"thumbnailUrl":"https:\/\/qingdaohf.com\/wp-content\/uploads\/2023\/02\/\u767d\u5e95\u56fe5.jpg","datePublished":"2023-02-10T03:45:19+00:00","dateModified":"2025-11-13T01:06:36+00:00","description":"Brick ties are small architectural elements that are used to connect two brick walls across a narrow cavity or to bind a brick wall to a wood or steel frame.","breadcrumb":{"@id":"https:\/\/qingdaohf.com\/product\/brick-tie\/#breadcrumb"},"inLanguage":"nl-NL","potentialAction":[{"@type":"ReadAction","target":["https:\/\/qingdaohf.com\/product\/brick-tie\/"]}]},{"@type":"ImageObject","inLanguage":"nl-NL","@id":"https:\/\/qingdaohf.com\/product\/brick-tie\/#primaryimage","url":"https:\/\/qingdaohf.com\/wp-content\/uploads\/2023\/02\/\u767d\u5e95\u56fe5.jpg","contentUrl":"https:\/\/qingdaohf.com\/wp-content\/uploads\/2023\/02\/\u767d\u5e95\u56fe5.jpg","width":1000,"height":1000},{"@type":"BreadcrumbList","@id":"https:\/\/qingdaohf.com\/product\/brick-tie\/#breadcrumb","itemListElement":[{"@type":"ListItem","position":1,"name":"Home","item":"https:\/\/qingdaohf.com\/"},{"@type":"ListItem","position":2,"name":"Concrete Forming Accessories and Rigging Hardware","item":"https:\/\/qingdaohf.com\/bg\/?page_id=944"},{"@type":"ListItem","position":3,"name":"Stainless Steel Brick Wall Ties for Construction Forming"}]},{"@type":"WebSite","@id":"https:\/\/qingdaohf.com\/bg\/#website","url":"https:\/\/qingdaohf.com\/bg\/","name":"Concrete Form & Rigging Hardware Supplier","description":"","publisher":{"@id":"https:\/\/qingdaohf.com\/bg\/#organization"},"potentialAction":[{"@type":"SearchAction","target":{"@type":"EntryPoint","urlTemplate":"https:\/\/qingdaohf.com\/bg\/?s={search_term_string}"},"query-input":{"@type":"PropertyValueSpecification","valueRequired":true,"valueName":"search_term_string"}}],"inLanguage":"nl-NL"},{"@type":"Organization","@id":"https:\/\/qingdaohf.com\/bg\/#organization","name":"Qingdao H&F","url":"https:\/\/qingdaohf.com\/bg\/","logo":{"@type":"ImageObject","inLanguage":"nl-NL","@id":"https:\/\/qingdaohf.com\/bg\/#\/schema\/logo\/image\/","url":"https:\/\/qingdaohf.com\/wp-content\/uploads\/2022\/12\/cropped-HF-LOGO.png","contentUrl":"https:\/\/qingdaohf.com\/wp-content\/uploads\/2022\/12\/cropped-HF-LOGO.png","width":391,"height":249,"caption":"Qingdao H&F"},"image":{"@id":"https:\/\/qingdaohf.com\/bg\/#\/schema\/logo\/image\/"},"sameAs":["https:\/\/www.facebook.com\/qingdaohf"]}]}},"_links":{"self":[{"href":"https:\/\/qingdaohf.com\/nl\/wp-json\/wp\/v2\/product\/2127","targetHints":{"allow":["GET"]}}],"collection":[{"href":"https:\/\/qingdaohf.com\/nl\/wp-json\/wp\/v2\/product"}],"about":[{"href":"https:\/\/qingdaohf.com\/nl\/wp-json\/wp\/v2\/types\/product"}],"replies":[{"embeddable":true,"href":"https:\/\/qingdaohf.com\/nl\/wp-json\/wp\/v2\/comments?post=2127"}],"version-history":[{"count":2,"href":"https:\/\/qingdaohf.com\/nl\/wp-json\/wp\/v2\/product\/2127\/revisions"}],"predecessor-version":[{"id":10459,"href":"https:\/\/qingdaohf.com\/nl\/wp-json\/wp\/v2\/product\/2127\/revisions\/10459"}],"wp:featuredmedia":[{"embeddable":true,"href":"https:\/\/qingdaohf.com\/nl\/wp-json\/wp\/v2\/media\/2483"}],"wp:attachment":[{"href":"https:\/\/qingdaohf.com\/nl\/wp-json\/wp\/v2\/media?parent=2127"}],"wp:term":[{"taxonomy":"product_brand","embeddable":true,"href":"https:\/\/qingdaohf.com\/nl\/wp-json\/wp\/v2\/product_brand?post=2127"},{"taxonomy":"product_cat","embeddable":true,"href":"https:\/\/qingdaohf.com\/nl\/wp-json\/wp\/v2\/product_cat?post=2127"},{"taxonomy":"product_tag","embeddable":true,"href":"https:\/\/qingdaohf.com\/nl\/wp-json\/wp\/v2\/product_tag?post=2127"}],"curies":[{"name":"wp","href":"https:\/\/api.w.org\/{rel}","templated":true}]}}