{"id":8287,"date":"2024-11-05T17:56:32","date_gmt":"2024-11-05T09:56:32","guid":{"rendered":"http:\/\/qingdaohf.com\/?post_type=product&#038;p=8287"},"modified":"2025-11-13T09:02:53","modified_gmt":"2025-11-13T01:02:53","slug":"webbing-sling-6-ton","status":"publish","type":"product","link":"https:\/\/qingdaohf.com\/nl\/product\/hijsband-6-ton\/","title":{"rendered":"Flat Webbing Sling 6 Ton Polyester Double Duplex"},"content":{"rendered":"<div class=\"flex max-w-full flex-col flex-grow\">\n<div class=\"min-h-8 text-message flex w-full flex-col items-end gap-2 whitespace-normal break-words [.text-message+&amp;]:mt-5\" dir=\"auto\" data-message-author-role=\"assistant\" data-message-id=\"c70e5c25-1016-4fd4-95f4-df6f87317104\" data-message-model-slug=\"gpt-4o\">\n<div class=\"flex w-full flex-col gap-1 empty:hidden first:pt-[3px]\">\n<div class=\"markdown prose w-full break-words dark:prose-invert light\">\n<h4>Uitzonderlijk draagvermogen en constructie van de 6-tons Webbing Sling<\/h4>\n<p>De Qingdao H&amp;F 6-Ton Webbing Sling is ontworpen voor toepassingen waar sterkte, stabiliteit en duurzaamheid van cruciaal belang zijn. Gemaakt van polyester met een hoge sterkte, biedt deze hijsband een uitzonderlijk draagvermogen terwijl hij bestand is tegen omgevingsinvloeden zoals blootstelling aan UV-straling, schuren en regelmatige slijtage. De capaciteit van 6 ton maakt hem geschikt voor een reeks veeleisende industrie\u00ebn, waaronder de bouw, logistiek en industri\u00eble productie, waar betrouwbare hijsmiddelen een noodzaak zijn.<\/p>\n<p>Qingdao H&amp;F zorgt ervoor dat elke 6-tons hijsband aan strenge kwaliteitseisen voldoet. De strop ondergaat strenge tests en wordt geleverd met een kwaliteitsinspectierapport, zodat kopers erop kunnen vertrouwen dat de strop voldoet aan de internationale veiligheidsnormen. Voor industrie\u00ebn waar betrouwbaarheid onontbeerlijk is, maakt de kwaliteitsgarantie van Qingdao H&amp;F deze strop tot een betrouwbare keuze. Bovendien stelt de snelle leveringscyclus van Qingdao H&amp;F bedrijven in staat om essenti\u00eble apparatuur op tijd te leveren, zodat de uitvaltijd wordt beperkt en de bedrijfsvoering effici\u00ebnt verloopt.<\/p>\n<h4>Veiligheidsnormen en laststabiliteit in hijstoepassingen<\/h4>\n<p>Veiligheid is van het grootste belang bij hijswerkzaamheden, en het ontwerp van de Qingdao H&amp;F 6-tons strop benadrukt zowel de veiligheid van de lading als de operationele stabiliteit. Deze strop is gemaakt van een brede weefselband en verdeelt het gewicht effectief, waardoor de belasting op de lading wordt verminderd en de kans op schade wordt geminimaliseerd. Deze ontwerpeigenschap is essentieel voor een soepele, veilige hefhandeling, vooral bij het hanteren van delicate of omvangrijke voorwerpen. Qingdao H&amp;F's toewijding aan veiligheid blijkt ook uit de gebruikte materialen, waarbij elke strop gemaakt is om aan de industri\u00eble veiligheidsnormen te voldoen of deze te overtreffen, en zo een veilige werkomgeving te ondersteunen.<\/p>\n<p>In toepassingen die strikte veiligheidsprotocollen vereisen, zoals de bouw en logistiek, biedt de 6-tons strop stabiliteit en controle, wat het vertrouwen van de operator vergroot. Qingdao H&amp;F's toewijding aan veiligheid komt overeen met de eisen van de industrie, en elke hijsband wordt getest om de capaciteit en prestaties te bevestigen. Met de zekerheid van veiligheidsnaleving kunnen kopers erop vertrouwen dat het product zware lasten aankan zonder aan betrouwbaarheid in te boeten. De kwaliteitscontrolemaatregelen die Qingdao H&amp;F heeft ge\u00efmplementeerd, bevestigen nog eens dat het product geschikt is voor kritieke hijstaken.<\/p>\n<h4>Qingdao H&amp;F: Een betrouwbare partner in B2B hijsoplossingen<\/h4>\n<p>Als B2B-handelsbedrijf met meer dan twintig jaar ervaring begrijpt Qingdao H&amp;F het belang van betrouwbare hijsoplossingen van hoge kwaliteit voor bedrijven in verschillende bedrijfstakken. De 6 ton weefslinger gaat vergezeld van gedetailleerde inspectierapporten, zodat kopers de kwaliteit en naleving van het product kunnen controleren. Deze rapporten onderstrepen de toewijding van Qingdao H&amp;F aan transparantie, waardoor klanten gerust kunnen zijn dat elke strop grondig getest is en klaar is om te presteren in de praktijk.<\/p>\n<p>Naast productkwaliteit benadrukt Qingdao H&amp;F een klantgerichte aanpak met \u00e9\u00e9n-op-\u00e9\u00e9n service, het geven van persoonlijke aanbevelingen en responsieve ondersteuning. Dit klantgerichte servicemodel wordt versterkt door een snelle, betrouwbare leveringscyclus waardoor bedrijven zonder onnodige vertragingen toegang krijgen tot de apparatuur die ze nodig hebben. Met levering van magazijn tot magazijn stroomlijnt Qingdao H&amp;F het inkoopproces, zodat kopers hun producten snel en effici\u00ebnt ontvangen.<\/p>\n<p>De 6-tons strop van Qingdao H&amp;F vertegenwoordigt de toewijding van het bedrijf aan kwaliteit, veiligheid en service. Dit product biedt kopers een hijsoplossing die voldoet aan de hoge normen van de hedendaagse industri\u00eble omgevingen, en biedt een betrouwbare optie voor zware toepassingen. De toewijding van Qingdao H&amp;F aan zowel kwaliteit als klanttevredenheid versterkt haar positie als betrouwbare partner in industri\u00eble hefoplossingen.<\/p>\n<\/div>\n<\/div>\n<\/div>\n<\/div>","protected":false},"excerpt":{"rendered":"<p>6-Ton Webbing Sling biedt superieure sterkte en duurzaamheid, en voldoet aan de behoeften van industrie\u00ebn die veilige, heavy-duty hijsoplossingen nodig hebben. Ontworpen om aan de hoogste normen te voldoen, verwerkt deze hijsband lasten tot 6 ton met consistente betrouwbaarheid. Qingdao H&amp;F begrijpt dat kopers zich zorgen maken over de levensduur, veiligheid en naleving van producten, en als B2B handelsbedrijf met 20 jaar ervaring bieden wij \u00e9\u00e9n-op-\u00e9\u00e9n klantenservice, een snelle leveringscyclus en gedetailleerde kwaliteitsinspectierapporten. Deze toewijding zorgt ervoor dat klanten betrouwbare producten ontvangen met grondige ondersteuning en transparante kwaliteitsgarantie.<\/p>","protected":false},"featured_media":8194,"comment_status":"open","ping_status":"closed","template":"","meta":{"site-sidebar-layout":"default","site-content-layout":"","ast-site-content-layout":"default","site-content-style":"default","site-sidebar-style":"default","ast-global-header-display":"","ast-banner-title-visibility":"","ast-main-header-display":"","ast-hfb-above-header-display":"","ast-hfb-below-header-display":"","ast-hfb-mobile-header-display":"","site-post-title":"","ast-breadcrumbs-content":"","ast-featured-img":"","footer-sml-layout":"","theme-transparent-header-meta":"default","adv-header-id-meta":"","stick-header-meta":"default","header-above-stick-meta":"","header-main-stick-meta":"","header-below-stick-meta":"","astra-migrate-meta-layouts":"set","ast-page-background-enabled":"default","ast-page-background-meta":{"desktop":{"background-color":"","background-image":"","background-repeat":"repeat","background-position":"center center","background-size":"auto","background-attachment":"scroll","background-type":"","background-media":"","overlay-type":"","overlay-color":"","overlay-opacity":"","overlay-gradient":""},"tablet":{"background-color":"","background-image":"","background-repeat":"repeat","background-position":"center center","background-size":"auto","background-attachment":"scroll","background-type":"","background-media":"","overlay-type":"","overlay-color":"","overlay-opacity":"","overlay-gradient":""},"mobile":{"background-color":"","background-image":"","background-repeat":"repeat","background-position":"center center","background-size":"auto","background-attachment":"scroll","background-type":"","background-media":"","overlay-type":"","overlay-color":"","overlay-opacity":"","overlay-gradient":""}},"ast-content-background-meta":{"desktop":{"background-color":"var(--ast-global-color-5)","background-image":"","background-repeat":"repeat","background-position":"center center","background-size":"auto","background-attachment":"scroll","background-type":"","background-media":"","overlay-type":"","overlay-color":"","overlay-opacity":"","overlay-gradient":""},"tablet":{"background-color":"var(--ast-global-color-5)","background-image":"","background-repeat":"repeat","background-position":"center center","background-size":"auto","background-attachment":"scroll","background-type":"","background-media":"","overlay-type":"","overlay-color":"","overlay-opacity":"","overlay-gradient":""},"mobile":{"background-color":"var(--ast-global-color-5)","background-image":"","background-repeat":"repeat","background-position":"center center","background-size":"auto","background-attachment":"scroll","background-type":"","background-media":"","overlay-type":"","overlay-color":"","overlay-opacity":"","overlay-gradient":""}}},"product_brand":[],"product_cat":[39],"product_tag":[],"class_list":{"0":"post-8287","1":"product","2":"type-product","3":"status-publish","4":"has-post-thumbnail","6":"product_cat-webbing-sling","7":"desktop-align-left","8":"tablet-align-left","9":"mobile-align-left","10":"ast-product-gallery-layout-horizontal-slider","11":"ast-product-gallery-with-no-image","12":"ast-product-tabs-layout-horizontal","14":"first","15":"instock","16":"shipping-taxable","17":"purchasable","18":"product-type-simple"},"yoast_head":"<!-- This site is optimized with the Yoast SEO plugin v25.2 - https:\/\/yoast.com\/wordpress\/plugins\/seo\/ -->\n<title>Flat Webbing Sling 6 Ton Polyester Double Duplex<\/title>\n<meta name=\"robots\" content=\"index, follow, max-snippet:-1, max-image-preview:large, max-video-preview:-1\" \/>\n<link rel=\"canonical\" href=\"https:\/\/qingdaohf.com\/nl\/product\/hijsband-6-ton\/\" \/>\n<meta property=\"og:locale\" content=\"nl_NL\" \/>\n<meta property=\"og:type\" content=\"article\" \/>\n<meta property=\"og:title\" content=\"Flat Webbing Sling 6 Ton Polyester Double Duplex\" \/>\n<meta property=\"og:description\" content=\"6-Ton Webbing Sling offers superior strength and durability, catering to the needs of industries requiring secure, heavy-duty lifting solutions. Designed to meet the highest standards, this webbing sling handles loads up to 6 tons with consistent reliability. Qingdao H&amp;F understands buyers\u2019 concerns about product longevity, safety, and compliance, and as a B2B trading company with 20 years of experience, we offer one-on-one customer service, a fast delivery cycle, and detailed quality inspection reports. This commitment ensures clients receive dependable products with thorough support and transparent quality assurance.\" \/>\n<meta property=\"og:url\" content=\"https:\/\/qingdaohf.com\/nl\/product\/hijsband-6-ton\/\" \/>\n<meta property=\"og:site_name\" content=\"Concrete Form &amp; Rigging Hardware Supplier\" \/>\n<meta property=\"article:publisher\" content=\"https:\/\/www.facebook.com\/qingdaohf\" \/>\n<meta property=\"article:modified_time\" content=\"2025-11-13T01:02:53+00:00\" \/>\n<meta property=\"og:image\" content=\"https:\/\/qingdaohf.com\/wp-content\/uploads\/2024\/10\/6-ton-webbing-sling_1.webp\" \/>\n\t<meta property=\"og:image:width\" content=\"1000\" \/>\n\t<meta property=\"og:image:height\" content=\"1000\" \/>\n\t<meta property=\"og:image:type\" content=\"image\/webp\" \/>\n<meta name=\"twitter:card\" content=\"summary_large_image\" \/>\n<meta name=\"twitter:label1\" content=\"Geschatte leestijd\" \/>\n\t<meta name=\"twitter:data1\" content=\"3 minuten\" \/>\n<script type=\"application\/ld+json\" class=\"yoast-schema-graph\">{\"@context\":\"https:\/\/schema.org\",\"@graph\":[{\"@type\":\"WebPage\",\"@id\":\"https:\/\/qingdaohf.com\/product\/webbing-sling-6-ton\/\",\"url\":\"https:\/\/qingdaohf.com\/product\/webbing-sling-6-ton\/\",\"name\":\"Flat Webbing Sling 6 Ton Polyester Double Duplex\",\"isPartOf\":{\"@id\":\"https:\/\/qingdaohf.com\/bg\/#website\"},\"primaryImageOfPage\":{\"@id\":\"https:\/\/qingdaohf.com\/product\/webbing-sling-6-ton\/#primaryimage\"},\"image\":{\"@id\":\"https:\/\/qingdaohf.com\/product\/webbing-sling-6-ton\/#primaryimage\"},\"thumbnailUrl\":\"https:\/\/qingdaohf.com\/wp-content\/uploads\/2024\/10\/6-ton-webbing-sling_1.webp\",\"datePublished\":\"2024-11-05T09:56:32+00:00\",\"dateModified\":\"2025-11-13T01:02:53+00:00\",\"breadcrumb\":{\"@id\":\"https:\/\/qingdaohf.com\/product\/webbing-sling-6-ton\/#breadcrumb\"},\"inLanguage\":\"nl-NL\",\"potentialAction\":[{\"@type\":\"ReadAction\",\"target\":[\"https:\/\/qingdaohf.com\/product\/webbing-sling-6-ton\/\"]}]},{\"@type\":\"ImageObject\",\"inLanguage\":\"nl-NL\",\"@id\":\"https:\/\/qingdaohf.com\/product\/webbing-sling-6-ton\/#primaryimage\",\"url\":\"https:\/\/qingdaohf.com\/wp-content\/uploads\/2024\/10\/6-ton-webbing-sling_1.webp\",\"contentUrl\":\"https:\/\/qingdaohf.com\/wp-content\/uploads\/2024\/10\/6-ton-webbing-sling_1.webp\",\"width\":1000,\"height\":1000,\"caption\":\"6 ton webbing sling\"},{\"@type\":\"BreadcrumbList\",\"@id\":\"https:\/\/qingdaohf.com\/product\/webbing-sling-6-ton\/#breadcrumb\",\"itemListElement\":[{\"@type\":\"ListItem\",\"position\":1,\"name\":\"Home\",\"item\":\"https:\/\/qingdaohf.com\/\"},{\"@type\":\"ListItem\",\"position\":2,\"name\":\"Concrete Forming Accessories and Rigging Hardware\",\"item\":\"https:\/\/qingdaohf.com\/bg\/?page_id=944\"},{\"@type\":\"ListItem\",\"position\":3,\"name\":\"Flat Webbing Sling 6 Ton Polyester Double Duplex\"}]},{\"@type\":\"WebSite\",\"@id\":\"https:\/\/qingdaohf.com\/bg\/#website\",\"url\":\"https:\/\/qingdaohf.com\/bg\/\",\"name\":\"Concrete Form & Rigging Hardware Supplier\",\"description\":\"\",\"publisher\":{\"@id\":\"https:\/\/qingdaohf.com\/bg\/#organization\"},\"potentialAction\":[{\"@type\":\"SearchAction\",\"target\":{\"@type\":\"EntryPoint\",\"urlTemplate\":\"https:\/\/qingdaohf.com\/bg\/?s={search_term_string}\"},\"query-input\":{\"@type\":\"PropertyValueSpecification\",\"valueRequired\":true,\"valueName\":\"search_term_string\"}}],\"inLanguage\":\"nl-NL\"},{\"@type\":\"Organization\",\"@id\":\"https:\/\/qingdaohf.com\/bg\/#organization\",\"name\":\"Qingdao H&F\",\"url\":\"https:\/\/qingdaohf.com\/bg\/\",\"logo\":{\"@type\":\"ImageObject\",\"inLanguage\":\"nl-NL\",\"@id\":\"https:\/\/qingdaohf.com\/bg\/#\/schema\/logo\/image\/\",\"url\":\"https:\/\/qingdaohf.com\/wp-content\/uploads\/2022\/12\/cropped-HF-LOGO.png\",\"contentUrl\":\"https:\/\/qingdaohf.com\/wp-content\/uploads\/2022\/12\/cropped-HF-LOGO.png\",\"width\":391,\"height\":249,\"caption\":\"Qingdao H&F\"},\"image\":{\"@id\":\"https:\/\/qingdaohf.com\/bg\/#\/schema\/logo\/image\/\"},\"sameAs\":[\"https:\/\/www.facebook.com\/qingdaohf\"]}]}<\/script>\n<!-- \/ Yoast SEO plugin. -->","yoast_head_json":{"title":"Flat Webbing Sling 6 Ton Polyester Double Duplex","robots":{"index":"index","follow":"follow","max-snippet":"max-snippet:-1","max-image-preview":"max-image-preview:large","max-video-preview":"max-video-preview:-1"},"canonical":"https:\/\/qingdaohf.com\/nl\/product\/hijsband-6-ton\/","og_locale":"nl_NL","og_type":"article","og_title":"Flat Webbing Sling 6 Ton Polyester Double Duplex","og_description":"6-Ton Webbing Sling offers superior strength and durability, catering to the needs of industries requiring secure, heavy-duty lifting solutions. Designed to meet the highest standards, this webbing sling handles loads up to 6 tons with consistent reliability. Qingdao H&amp;F understands buyers\u2019 concerns about product longevity, safety, and compliance, and as a B2B trading company with 20 years of experience, we offer one-on-one customer service, a fast delivery cycle, and detailed quality inspection reports. This commitment ensures clients receive dependable products with thorough support and transparent quality assurance.","og_url":"https:\/\/qingdaohf.com\/nl\/product\/hijsband-6-ton\/","og_site_name":"Concrete Form &amp; Rigging Hardware Supplier","article_publisher":"https:\/\/www.facebook.com\/qingdaohf","article_modified_time":"2025-11-13T01:02:53+00:00","og_image":[{"width":1000,"height":1000,"url":"https:\/\/qingdaohf.com\/wp-content\/uploads\/2024\/10\/6-ton-webbing-sling_1.webp","type":"image\/webp"}],"twitter_card":"summary_large_image","twitter_misc":{"Geschatte leestijd":"3 minuten"},"schema":{"@context":"https:\/\/schema.org","@graph":[{"@type":"WebPage","@id":"https:\/\/qingdaohf.com\/product\/webbing-sling-6-ton\/","url":"https:\/\/qingdaohf.com\/product\/webbing-sling-6-ton\/","name":"Flat Webbing Sling 6 Ton Polyester Double Duplex","isPartOf":{"@id":"https:\/\/qingdaohf.com\/bg\/#website"},"primaryImageOfPage":{"@id":"https:\/\/qingdaohf.com\/product\/webbing-sling-6-ton\/#primaryimage"},"image":{"@id":"https:\/\/qingdaohf.com\/product\/webbing-sling-6-ton\/#primaryimage"},"thumbnailUrl":"https:\/\/qingdaohf.com\/wp-content\/uploads\/2024\/10\/6-ton-webbing-sling_1.webp","datePublished":"2024-11-05T09:56:32+00:00","dateModified":"2025-11-13T01:02:53+00:00","breadcrumb":{"@id":"https:\/\/qingdaohf.com\/product\/webbing-sling-6-ton\/#breadcrumb"},"inLanguage":"nl-NL","potentialAction":[{"@type":"ReadAction","target":["https:\/\/qingdaohf.com\/product\/webbing-sling-6-ton\/"]}]},{"@type":"ImageObject","inLanguage":"nl-NL","@id":"https:\/\/qingdaohf.com\/product\/webbing-sling-6-ton\/#primaryimage","url":"https:\/\/qingdaohf.com\/wp-content\/uploads\/2024\/10\/6-ton-webbing-sling_1.webp","contentUrl":"https:\/\/qingdaohf.com\/wp-content\/uploads\/2024\/10\/6-ton-webbing-sling_1.webp","width":1000,"height":1000,"caption":"6 ton webbing sling"},{"@type":"BreadcrumbList","@id":"https:\/\/qingdaohf.com\/product\/webbing-sling-6-ton\/#breadcrumb","itemListElement":[{"@type":"ListItem","position":1,"name":"Home","item":"https:\/\/qingdaohf.com\/"},{"@type":"ListItem","position":2,"name":"Concrete Forming Accessories and Rigging Hardware","item":"https:\/\/qingdaohf.com\/bg\/?page_id=944"},{"@type":"ListItem","position":3,"name":"Flat Webbing Sling 6 Ton Polyester Double Duplex"}]},{"@type":"WebSite","@id":"https:\/\/qingdaohf.com\/bg\/#website","url":"https:\/\/qingdaohf.com\/bg\/","name":"Concrete Form & Rigging Hardware Supplier","description":"","publisher":{"@id":"https:\/\/qingdaohf.com\/bg\/#organization"},"potentialAction":[{"@type":"SearchAction","target":{"@type":"EntryPoint","urlTemplate":"https:\/\/qingdaohf.com\/bg\/?s={search_term_string}"},"query-input":{"@type":"PropertyValueSpecification","valueRequired":true,"valueName":"search_term_string"}}],"inLanguage":"nl-NL"},{"@type":"Organization","@id":"https:\/\/qingdaohf.com\/bg\/#organization","name":"Qingdao H&F","url":"https:\/\/qingdaohf.com\/bg\/","logo":{"@type":"ImageObject","inLanguage":"nl-NL","@id":"https:\/\/qingdaohf.com\/bg\/#\/schema\/logo\/image\/","url":"https:\/\/qingdaohf.com\/wp-content\/uploads\/2022\/12\/cropped-HF-LOGO.png","contentUrl":"https:\/\/qingdaohf.com\/wp-content\/uploads\/2022\/12\/cropped-HF-LOGO.png","width":391,"height":249,"caption":"Qingdao H&F"},"image":{"@id":"https:\/\/qingdaohf.com\/bg\/#\/schema\/logo\/image\/"},"sameAs":["https:\/\/www.facebook.com\/qingdaohf"]}]}},"_links":{"self":[{"href":"https:\/\/qingdaohf.com\/nl\/wp-json\/wp\/v2\/product\/8287","targetHints":{"allow":["GET"]}}],"collection":[{"href":"https:\/\/qingdaohf.com\/nl\/wp-json\/wp\/v2\/product"}],"about":[{"href":"https:\/\/qingdaohf.com\/nl\/wp-json\/wp\/v2\/types\/product"}],"replies":[{"embeddable":true,"href":"https:\/\/qingdaohf.com\/nl\/wp-json\/wp\/v2\/comments?post=8287"}],"version-history":[{"count":2,"href":"https:\/\/qingdaohf.com\/nl\/wp-json\/wp\/v2\/product\/8287\/revisions"}],"predecessor-version":[{"id":8335,"href":"https:\/\/qingdaohf.com\/nl\/wp-json\/wp\/v2\/product\/8287\/revisions\/8335"}],"wp:featuredmedia":[{"embeddable":true,"href":"https:\/\/qingdaohf.com\/nl\/wp-json\/wp\/v2\/media\/8194"}],"wp:attachment":[{"href":"https:\/\/qingdaohf.com\/nl\/wp-json\/wp\/v2\/media?parent=8287"}],"wp:term":[{"taxonomy":"product_brand","embeddable":true,"href":"https:\/\/qingdaohf.com\/nl\/wp-json\/wp\/v2\/product_brand?post=8287"},{"taxonomy":"product_cat","embeddable":true,"href":"https:\/\/qingdaohf.com\/nl\/wp-json\/wp\/v2\/product_cat?post=8287"},{"taxonomy":"product_tag","embeddable":true,"href":"https:\/\/qingdaohf.com\/nl\/wp-json\/wp\/v2\/product_tag?post=8287"}],"curies":[{"name":"wp","href":"https:\/\/api.w.org\/{rel}","templated":true}]}}