{"id":8903,"date":"2025-02-08T11:51:31","date_gmt":"2025-02-08T03:51:31","guid":{"rendered":"http:\/\/qingdaohf.com\/?post_type=product&#038;p=8903"},"modified":"2025-11-13T09:02:19","modified_gmt":"2025-11-13T01:02:19","slug":"rebar-osha-caps","status":"publish","type":"product","link":"https:\/\/qingdaohf.com\/nl\/product\/wapening-osha-doppen\/","title":{"rendered":"Wapeningsstaal OSHA Kappen"},"content":{"rendered":"<h2 class=\"text-2xl font-bold mt-1 text-text-200\">Inleiding tot OSHA wapening<\/h2>\n<p class=\"whitespace-pre-wrap break-words\">Laten we eerlijk zijn - veiligheid op de bouwplaats is niet glamoureus, maar wel cruciaal. Dat is waar onze Rebar OSHA Caps van pas komen. Deze vierkante beschermers zijn niet zomaar plastic afdekkingen - ze zijn uw eerste verdedigingslinie tegen de gevaren van blootliggend betonstaal. Ze zijn stevig gebouwd en slim ontworpen, en gaan verder dan de basisveiligheidsvereisten om u echte gemoedsrust te geven op de bouwplaats.<\/p>\n<p><img fetchpriority=\"high\" decoding=\"async\" class=\"alignnone size-medium wp-image-8907\" src=\"http:\/\/qingdaohf.com\/wp-content\/uploads\/2025\/02\/rebar-cap-17-300x169.webp\" alt=\"\" width=\"300\" height=\"169\" srcset=\"https:\/\/qingdaohf.com\/wp-content\/uploads\/2025\/02\/rebar-cap-17-300x169.webp 300w, https:\/\/qingdaohf.com\/wp-content\/uploads\/2025\/02\/rebar-cap-17-1024x576.webp 1024w, https:\/\/qingdaohf.com\/wp-content\/uploads\/2025\/02\/rebar-cap-17-768x432.webp 768w, https:\/\/qingdaohf.com\/wp-content\/uploads\/2025\/02\/rebar-cap-17-1536x864.webp 1536w, https:\/\/qingdaohf.com\/wp-content\/uploads\/2025\/02\/rebar-cap-17-2048x1152.webp 2048w, https:\/\/qingdaohf.com\/wp-content\/uploads\/2025\/02\/rebar-cap-17-18x10.webp 18w, https:\/\/qingdaohf.com\/wp-content\/uploads\/2025\/02\/rebar-cap-17-1000x563.webp 1000w\" sizes=\"(max-width: 300px) 100vw, 300px\" \/> <img decoding=\"async\" class=\"alignnone size-medium wp-image-8908\" src=\"http:\/\/qingdaohf.com\/wp-content\/uploads\/2025\/02\/rebar-cap-19-300x169.webp\" alt=\"\" width=\"300\" height=\"169\" srcset=\"https:\/\/qingdaohf.com\/wp-content\/uploads\/2025\/02\/rebar-cap-19-300x169.webp 300w, https:\/\/qingdaohf.com\/wp-content\/uploads\/2025\/02\/rebar-cap-19-1024x576.webp 1024w, https:\/\/qingdaohf.com\/wp-content\/uploads\/2025\/02\/rebar-cap-19-768x432.webp 768w, https:\/\/qingdaohf.com\/wp-content\/uploads\/2025\/02\/rebar-cap-19-1536x864.webp 1536w, https:\/\/qingdaohf.com\/wp-content\/uploads\/2025\/02\/rebar-cap-19-2048x1152.webp 2048w, https:\/\/qingdaohf.com\/wp-content\/uploads\/2025\/02\/rebar-cap-19-18x10.webp 18w, https:\/\/qingdaohf.com\/wp-content\/uploads\/2025\/02\/rebar-cap-19-1000x563.webp 1000w\" sizes=\"(max-width: 300px) 100vw, 300px\" \/> <img decoding=\"async\" class=\"alignnone size-medium wp-image-8909\" src=\"http:\/\/qingdaohf.com\/wp-content\/uploads\/2025\/02\/rebar-cap-20-300x169.webp\" alt=\"\" width=\"300\" height=\"169\" srcset=\"https:\/\/qingdaohf.com\/wp-content\/uploads\/2025\/02\/rebar-cap-20-300x169.webp 300w, https:\/\/qingdaohf.com\/wp-content\/uploads\/2025\/02\/rebar-cap-20-1024x576.webp 1024w, https:\/\/qingdaohf.com\/wp-content\/uploads\/2025\/02\/rebar-cap-20-768x432.webp 768w, https:\/\/qingdaohf.com\/wp-content\/uploads\/2025\/02\/rebar-cap-20-1536x864.webp 1536w, https:\/\/qingdaohf.com\/wp-content\/uploads\/2025\/02\/rebar-cap-20-2048x1152.webp 2048w, https:\/\/qingdaohf.com\/wp-content\/uploads\/2025\/02\/rebar-cap-20-18x10.webp 18w, https:\/\/qingdaohf.com\/wp-content\/uploads\/2025\/02\/rebar-cap-20-1000x563.webp 1000w\" sizes=\"(max-width: 300px) 100vw, 300px\" \/><\/p>\n<h3 class=\"text-xl font-bold text-text-200 mt-1 -mb-0.5\">Overzicht van veiligheidsvoordelen<\/h3>\n<p class=\"whitespace-pre-wrap break-words\">De rekensom is eenvoudig: blootliggende wapeningsuiteinden zijn gevaarlijk, en ongelukken gebeuren snel. Onze kappen pakken dit frontaal aan door een stevige barri\u00e8re te vormen tussen werklui en die scherpe metalen uiteinden. Als uw bemanning goed afgedekte wapeningsstaven ziet, weten ze dat er iemand achter hen staat. Het gaat hier niet alleen om het afvinken van veiligheidsvereisten - het gaat erom dat iedereen aan het eind van de dag veilig naar huis gaat.<\/p>\n<p class=\"whitespace-pre-wrap break-words\">Bedenk wat dit betekent voor de tijdlijn van uw project. Minder ongevallen betekent minder stilstand en soepelere werkzaamheden. Uw veiligheidsstatus verbetert, de kosten dalen en de productiviteit blijft hoog. Slimme projectmanagers weten dat investeren in hoogwaardige veiligheidsuitrusting zichzelf vele malen terugbetaalt.<\/p>\n\n<table id=\"tablepress-30\" class=\"tablepress tablepress-id-30\">\n<thead>\n<tr class=\"row-1\">\n\t<th class=\"column-1\">Product<\/th><th class=\"column-2\">BESCHRIJVING<\/th><th class=\"column-3\">PART#<\/th><th class=\"column-4\">PCS\/CTN<\/th><th class=\"column-5\">GEWICHT\/ELKAAR<\/th>\n<\/tr>\n<\/thead>\n<tbody class=\"row-striping row-hover\">\n<tr class=\"row-2\">\n\t<td class=\"column-1\"><img loading=\"lazy\" decoding=\"async\" src=\"http:\/\/qingdaohf.com\/wp-content\/uploads\/2023\/02\/CAP-2-1-300x300.jpg\" alt=\"OSHA pet\" width=\"300\" height=\"300\" class=\"alignnone size-medium wp-image-5529\" srcset=\"https:\/\/qingdaohf.com\/wp-content\/uploads\/2023\/02\/CAP-2-1-300x300.jpg 300w, https:\/\/qingdaohf.com\/wp-content\/uploads\/2023\/02\/CAP-2-1-150x150.jpg 150w, https:\/\/qingdaohf.com\/wp-content\/uploads\/2023\/02\/CAP-2-1-768x768.jpg 768w, https:\/\/qingdaohf.com\/wp-content\/uploads\/2023\/02\/CAP-2-1-500x500.jpg 500w, https:\/\/qingdaohf.com\/wp-content\/uploads\/2023\/02\/CAP-2-1-100x100.jpg 100w, https:\/\/qingdaohf.com\/wp-content\/uploads\/2023\/02\/CAP-2-1.jpg 1000w\" sizes=\"(max-width: 300px) 100vw, 300px\" \/><\/td><td class=\"column-2\">Staafkap OSHA Tot #8 bar<\/td><td class=\"column-3\">PC110<\/td><td class=\"column-4\">100<\/td><td class=\"column-5\">0.56<\/td>\n<\/tr>\n<tr class=\"row-3\">\n\t<td class=\"column-1\"><img loading=\"lazy\" decoding=\"async\" src=\"http:\/\/qingdaohf.com\/wp-content\/uploads\/2023\/02\/CAP-2-1-300x300.jpg\" alt=\"OSHA pet\" width=\"300\" height=\"300\" class=\"alignnone size-medium wp-image-5529\" srcset=\"https:\/\/qingdaohf.com\/wp-content\/uploads\/2023\/02\/CAP-2-1-300x300.jpg 300w, https:\/\/qingdaohf.com\/wp-content\/uploads\/2023\/02\/CAP-2-1-150x150.jpg 150w, https:\/\/qingdaohf.com\/wp-content\/uploads\/2023\/02\/CAP-2-1-768x768.jpg 768w, https:\/\/qingdaohf.com\/wp-content\/uploads\/2023\/02\/CAP-2-1-500x500.jpg 500w, https:\/\/qingdaohf.com\/wp-content\/uploads\/2023\/02\/CAP-2-1-100x100.jpg 100w, https:\/\/qingdaohf.com\/wp-content\/uploads\/2023\/02\/CAP-2-1.jpg 1000w\" sizes=\"(max-width: 300px) 100vw, 300px\" \/><\/td><td class=\"column-2\">Staafkap OSHA #9 bar en meer<\/td><td class=\"column-3\">PC200<\/td><td class=\"column-4\">50<\/td><td class=\"column-5\">0.72<\/td>\n<\/tr>\n<tr class=\"row-4\">\n\t<td class=\"column-1\"><img loading=\"lazy\" decoding=\"async\" src=\"http:\/\/qingdaohf.com\/wp-content\/uploads\/2023\/02\/Mushroom-Rebar-Cap-7-300x300.jpg\" alt=\"Paddestoel Wapening Kap\" width=\"300\" height=\"300\" class=\"alignnone size-medium wp-image-3195\" srcset=\"https:\/\/qingdaohf.com\/wp-content\/uploads\/2023\/02\/Mushroom-Rebar-Cap-7-300x300.jpg 300w, https:\/\/qingdaohf.com\/wp-content\/uploads\/2023\/02\/Mushroom-Rebar-Cap-7-150x150.jpg 150w, https:\/\/qingdaohf.com\/wp-content\/uploads\/2023\/02\/Mushroom-Rebar-Cap-7-768x768.jpg 768w, https:\/\/qingdaohf.com\/wp-content\/uploads\/2023\/02\/Mushroom-Rebar-Cap-7-500x500.jpg 500w, https:\/\/qingdaohf.com\/wp-content\/uploads\/2023\/02\/Mushroom-Rebar-Cap-7-100x100.jpg 100w, https:\/\/qingdaohf.com\/wp-content\/uploads\/2023\/02\/Mushroom-Rebar-Cap-7.jpg 1000w\" sizes=\"(max-width: 300px) 100vw, 300px\" \/><\/td><td class=\"column-2\">Klein wapendopje #3-#8<\/td><td class=\"column-3\">A10<\/td><td class=\"column-4\">100<\/td><td class=\"column-5\">7<\/td>\n<\/tr>\n<tr class=\"row-5\">\n\t<td class=\"column-1\"><img loading=\"lazy\" decoding=\"async\" src=\"http:\/\/qingdaohf.com\/wp-content\/uploads\/2023\/02\/Mushroom-Rebar-Cap-7-300x300.jpg\" alt=\"Paddestoel Wapening Kap\" width=\"300\" height=\"300\" class=\"alignnone size-medium wp-image-3195\" srcset=\"https:\/\/qingdaohf.com\/wp-content\/uploads\/2023\/02\/Mushroom-Rebar-Cap-7-300x300.jpg 300w, https:\/\/qingdaohf.com\/wp-content\/uploads\/2023\/02\/Mushroom-Rebar-Cap-7-150x150.jpg 150w, https:\/\/qingdaohf.com\/wp-content\/uploads\/2023\/02\/Mushroom-Rebar-Cap-7-768x768.jpg 768w, https:\/\/qingdaohf.com\/wp-content\/uploads\/2023\/02\/Mushroom-Rebar-Cap-7-500x500.jpg 500w, https:\/\/qingdaohf.com\/wp-content\/uploads\/2023\/02\/Mushroom-Rebar-Cap-7-100x100.jpg 100w, https:\/\/qingdaohf.com\/wp-content\/uploads\/2023\/02\/Mushroom-Rebar-Cap-7.jpg 1000w\" sizes=\"(max-width: 300px) 100vw, 300px\" \/><\/td><td class=\"column-2\">Grote wapeningsdop #9-#18<\/td><td class=\"column-3\">A20<\/td><td class=\"column-4\">250<\/td><td class=\"column-5\">26<\/td>\n<\/tr>\n<\/tbody>\n<\/table>\n<!-- #tablepress-30 from cache -->\n<h3 class=\"text-xl font-bold text-text-200 mt-1 -mb-0.5\">Technische uitmuntendheid en materiaalintegriteit<\/h3>\n<p class=\"whitespace-pre-wrap break-words\">We hebben deze doppen niet zomaar in elkaar gegooid - we hebben op de details gelet. Het polymeermengsel dat we gebruiken is geen standaard plastic - het is speciaal gekozen om alles aan te kunnen wat er op uw werkterrein bij komt kijken, van verzengende hitte tot ijzige kou. Deze doppen blijven zitten en blijven sterk.<\/p>\n<p class=\"whitespace-pre-wrap break-words\">De vierkante vorm is ook niet willekeurig. Onze technici hebben ontelbare uren besteed aan het perfectioneren van het ontwerp, zodat deze doppen stevig vastzitten en niet verschuiven, zelfs niet als alles eromheen trilt en beweegt. Ze zijn ook in een handomdraai te installeren - want het laatste wat u nodig hebt is tijd verspillen aan het worstelen met veiligheidsuitrusting.<\/p>\n<div class=\"ast-oembed-container\" style=\"height: 100%;\"><iframe title=\"Wapening Cap Kwaliteitstest\" width=\"500\" height=\"281\" src=\"https:\/\/www.youtube.com\/embed\/XM52zOtdu4w?feature=oembed\" frameborder=\"0\" allow=\"accelerometer; autoplay; clipboard-write; encrypted-media; gyroscope; picture-in-picture; web-share\" referrerpolicy=\"strict-origin-when-cross-origin\" allowfullscreen><\/iframe><\/div>","protected":false},"excerpt":{"rendered":"<p>OSHA Caps zijn een superieur veiligheidsproduct dat over blootliggende wapeningsuiteinden glijdt en de gevaren op locatie aanzienlijk vermindert. Ze hebben een vierkante vorm en voldoen aan strenge industriespecificaties, zodat ze aan de veiligheidsvoorschriften voldoen en tegelijkertijd extreem duurzaam zijn. Rebar Mushroom Caps zijn rond van vorm en worden voor speciale toepassingen gebruikt. Als betrouwbaar handelsbedrijf zijn we trots op onze \u00e9\u00e9n-op-\u00e9\u00e9n klantenservice, snelle leveringen en uitgebreide kwaliteitsinspectierapporten. Wij begrijpen dat kopers waarde hechten aan duurzaamheid, installatiegemak en naleving van de regelgeving - onze producten zijn gebouwd met deze fundamentele overwegingen in gedachten, en bieden verbeterde veiligheid, betrouwbaarheid en prestaties op elk project.<\/p>","protected":false},"featured_media":5529,"comment_status":"open","ping_status":"closed","template":"","meta":{"site-sidebar-layout":"default","site-content-layout":"","ast-site-content-layout":"default","site-content-style":"default","site-sidebar-style":"default","ast-global-header-display":"","ast-banner-title-visibility":"","ast-main-header-display":"","ast-hfb-above-header-display":"","ast-hfb-below-header-display":"","ast-hfb-mobile-header-display":"","site-post-title":"","ast-breadcrumbs-content":"","ast-featured-img":"","footer-sml-layout":"","theme-transparent-header-meta":"default","adv-header-id-meta":"","stick-header-meta":"default","header-above-stick-meta":"","header-main-stick-meta":"","header-below-stick-meta":"","astra-migrate-meta-layouts":"set","ast-page-background-enabled":"default","ast-page-background-meta":{"desktop":{"background-color":"","background-image":"","background-repeat":"repeat","background-position":"center center","background-size":"auto","background-attachment":"scroll","background-type":"","background-media":"","overlay-type":"","overlay-color":"","overlay-opacity":"","overlay-gradient":""},"tablet":{"background-color":"","background-image":"","background-repeat":"repeat","background-position":"center center","background-size":"auto","background-attachment":"scroll","background-type":"","background-media":"","overlay-type":"","overlay-color":"","overlay-opacity":"","overlay-gradient":""},"mobile":{"background-color":"","background-image":"","background-repeat":"repeat","background-position":"center center","background-size":"auto","background-attachment":"scroll","background-type":"","background-media":"","overlay-type":"","overlay-color":"","overlay-opacity":"","overlay-gradient":""}},"ast-content-background-meta":{"desktop":{"background-color":"var(--ast-global-color-5)","background-image":"","background-repeat":"repeat","background-position":"center center","background-size":"auto","background-attachment":"scroll","background-type":"","background-media":"","overlay-type":"","overlay-color":"","overlay-opacity":"","overlay-gradient":""},"tablet":{"background-color":"var(--ast-global-color-5)","background-image":"","background-repeat":"repeat","background-position":"center center","background-size":"auto","background-attachment":"scroll","background-type":"","background-media":"","overlay-type":"","overlay-color":"","overlay-opacity":"","overlay-gradient":""},"mobile":{"background-color":"var(--ast-global-color-5)","background-image":"","background-repeat":"repeat","background-position":"center center","background-size":"auto","background-attachment":"scroll","background-type":"","background-media":"","overlay-type":"","overlay-color":"","overlay-opacity":"","overlay-gradient":""}}},"product_brand":[],"product_cat":[35],"product_tag":[],"class_list":{"0":"post-8903","1":"product","2":"type-product","3":"status-publish","4":"has-post-thumbnail","6":"product_cat-concrete-rebar-support","7":"desktop-align-left","8":"tablet-align-left","9":"mobile-align-left","10":"ast-product-gallery-layout-horizontal-slider","11":"ast-product-tabs-layout-horizontal","13":"first","14":"instock","15":"shipping-taxable","16":"purchasable","17":"product-type-simple"},"yoast_head":"<!-- This site is optimized with the Yoast SEO plugin v25.2 - https:\/\/yoast.com\/wordpress\/plugins\/seo\/ -->\n<title>Rebar OSHA Caps<\/title>\n<meta name=\"description\" content=\"OSHA Caps are a superior safety product that slips over exposed rebar ends and significantly reduces on-site hazards.\" \/>\n<meta name=\"robots\" content=\"index, follow, max-snippet:-1, max-image-preview:large, max-video-preview:-1\" \/>\n<link rel=\"canonical\" href=\"https:\/\/qingdaohf.com\/nl\/product\/wapening-osha-doppen\/\" \/>\n<meta property=\"og:locale\" content=\"nl_NL\" \/>\n<meta property=\"og:type\" content=\"article\" \/>\n<meta property=\"og:title\" content=\"Rebar OSHA Caps\" \/>\n<meta property=\"og:description\" content=\"OSHA Caps are a superior safety product that slips over exposed rebar ends and significantly reduces on-site hazards.\" \/>\n<meta property=\"og:url\" content=\"https:\/\/qingdaohf.com\/nl\/product\/wapening-osha-doppen\/\" \/>\n<meta property=\"og:site_name\" content=\"Concrete Form &amp; Rigging Hardware Supplier\" \/>\n<meta property=\"article:publisher\" content=\"https:\/\/www.facebook.com\/qingdaohf\" \/>\n<meta property=\"article:modified_time\" content=\"2025-11-13T01:02:19+00:00\" \/>\n<meta property=\"og:image\" content=\"https:\/\/qingdaohf.com\/wp-content\/uploads\/2023\/02\/CAP-2-1.jpg\" \/>\n\t<meta property=\"og:image:width\" content=\"1000\" \/>\n\t<meta property=\"og:image:height\" content=\"1000\" \/>\n\t<meta property=\"og:image:type\" content=\"image\/jpeg\" \/>\n<meta name=\"twitter:card\" content=\"summary_large_image\" \/>\n<meta name=\"twitter:label1\" content=\"Geschatte leestijd\" \/>\n\t<meta name=\"twitter:data1\" content=\"3 minuten\" \/>\n<script type=\"application\/ld+json\" class=\"yoast-schema-graph\">{\"@context\":\"https:\/\/schema.org\",\"@graph\":[{\"@type\":\"WebPage\",\"@id\":\"https:\/\/qingdaohf.com\/product\/rebar-osha-caps\/\",\"url\":\"https:\/\/qingdaohf.com\/product\/rebar-osha-caps\/\",\"name\":\"Rebar OSHA Caps\",\"isPartOf\":{\"@id\":\"https:\/\/qingdaohf.com\/bg\/#website\"},\"primaryImageOfPage\":{\"@id\":\"https:\/\/qingdaohf.com\/product\/rebar-osha-caps\/#primaryimage\"},\"image\":{\"@id\":\"https:\/\/qingdaohf.com\/product\/rebar-osha-caps\/#primaryimage\"},\"thumbnailUrl\":\"https:\/\/qingdaohf.com\/wp-content\/uploads\/2023\/02\/CAP-2-1.jpg\",\"datePublished\":\"2025-02-08T03:51:31+00:00\",\"dateModified\":\"2025-11-13T01:02:19+00:00\",\"description\":\"OSHA Caps are a superior safety product that slips over exposed rebar ends and significantly reduces on-site hazards.\",\"breadcrumb\":{\"@id\":\"https:\/\/qingdaohf.com\/product\/rebar-osha-caps\/#breadcrumb\"},\"inLanguage\":\"nl-NL\",\"potentialAction\":[{\"@type\":\"ReadAction\",\"target\":[\"https:\/\/qingdaohf.com\/product\/rebar-osha-caps\/\"]}]},{\"@type\":\"ImageObject\",\"inLanguage\":\"nl-NL\",\"@id\":\"https:\/\/qingdaohf.com\/product\/rebar-osha-caps\/#primaryimage\",\"url\":\"https:\/\/qingdaohf.com\/wp-content\/uploads\/2023\/02\/CAP-2-1.jpg\",\"contentUrl\":\"https:\/\/qingdaohf.com\/wp-content\/uploads\/2023\/02\/CAP-2-1.jpg\",\"width\":1000,\"height\":1000,\"caption\":\"OSHA Cap\"},{\"@type\":\"BreadcrumbList\",\"@id\":\"https:\/\/qingdaohf.com\/product\/rebar-osha-caps\/#breadcrumb\",\"itemListElement\":[{\"@type\":\"ListItem\",\"position\":1,\"name\":\"Home\",\"item\":\"https:\/\/qingdaohf.com\/\"},{\"@type\":\"ListItem\",\"position\":2,\"name\":\"Concrete Forming Accessories and Rigging Hardware\",\"item\":\"https:\/\/qingdaohf.com\/bg\/?page_id=944\"},{\"@type\":\"ListItem\",\"position\":3,\"name\":\"Rebar OSHA Caps\"}]},{\"@type\":\"WebSite\",\"@id\":\"https:\/\/qingdaohf.com\/bg\/#website\",\"url\":\"https:\/\/qingdaohf.com\/bg\/\",\"name\":\"Concrete Form & Rigging Hardware Supplier\",\"description\":\"\",\"publisher\":{\"@id\":\"https:\/\/qingdaohf.com\/bg\/#organization\"},\"potentialAction\":[{\"@type\":\"SearchAction\",\"target\":{\"@type\":\"EntryPoint\",\"urlTemplate\":\"https:\/\/qingdaohf.com\/bg\/?s={search_term_string}\"},\"query-input\":{\"@type\":\"PropertyValueSpecification\",\"valueRequired\":true,\"valueName\":\"search_term_string\"}}],\"inLanguage\":\"nl-NL\"},{\"@type\":\"Organization\",\"@id\":\"https:\/\/qingdaohf.com\/bg\/#organization\",\"name\":\"Qingdao H&F\",\"url\":\"https:\/\/qingdaohf.com\/bg\/\",\"logo\":{\"@type\":\"ImageObject\",\"inLanguage\":\"nl-NL\",\"@id\":\"https:\/\/qingdaohf.com\/bg\/#\/schema\/logo\/image\/\",\"url\":\"https:\/\/qingdaohf.com\/wp-content\/uploads\/2022\/12\/cropped-HF-LOGO.png\",\"contentUrl\":\"https:\/\/qingdaohf.com\/wp-content\/uploads\/2022\/12\/cropped-HF-LOGO.png\",\"width\":391,\"height\":249,\"caption\":\"Qingdao H&F\"},\"image\":{\"@id\":\"https:\/\/qingdaohf.com\/bg\/#\/schema\/logo\/image\/\"},\"sameAs\":[\"https:\/\/www.facebook.com\/qingdaohf\"]}]}<\/script>\n<!-- \/ Yoast SEO plugin. -->","yoast_head_json":{"title":"Rebar OSHA Caps","description":"OSHA Caps are a superior safety product that slips over exposed rebar ends and significantly reduces on-site hazards.","robots":{"index":"index","follow":"follow","max-snippet":"max-snippet:-1","max-image-preview":"max-image-preview:large","max-video-preview":"max-video-preview:-1"},"canonical":"https:\/\/qingdaohf.com\/nl\/product\/wapening-osha-doppen\/","og_locale":"nl_NL","og_type":"article","og_title":"Rebar OSHA Caps","og_description":"OSHA Caps are a superior safety product that slips over exposed rebar ends and significantly reduces on-site hazards.","og_url":"https:\/\/qingdaohf.com\/nl\/product\/wapening-osha-doppen\/","og_site_name":"Concrete Form &amp; Rigging Hardware Supplier","article_publisher":"https:\/\/www.facebook.com\/qingdaohf","article_modified_time":"2025-11-13T01:02:19+00:00","og_image":[{"width":1000,"height":1000,"url":"https:\/\/qingdaohf.com\/wp-content\/uploads\/2023\/02\/CAP-2-1.jpg","type":"image\/jpeg"}],"twitter_card":"summary_large_image","twitter_misc":{"Geschatte leestijd":"3 minuten"},"schema":{"@context":"https:\/\/schema.org","@graph":[{"@type":"WebPage","@id":"https:\/\/qingdaohf.com\/product\/rebar-osha-caps\/","url":"https:\/\/qingdaohf.com\/product\/rebar-osha-caps\/","name":"Rebar OSHA Caps","isPartOf":{"@id":"https:\/\/qingdaohf.com\/bg\/#website"},"primaryImageOfPage":{"@id":"https:\/\/qingdaohf.com\/product\/rebar-osha-caps\/#primaryimage"},"image":{"@id":"https:\/\/qingdaohf.com\/product\/rebar-osha-caps\/#primaryimage"},"thumbnailUrl":"https:\/\/qingdaohf.com\/wp-content\/uploads\/2023\/02\/CAP-2-1.jpg","datePublished":"2025-02-08T03:51:31+00:00","dateModified":"2025-11-13T01:02:19+00:00","description":"OSHA Caps are a superior safety product that slips over exposed rebar ends and significantly reduces on-site hazards.","breadcrumb":{"@id":"https:\/\/qingdaohf.com\/product\/rebar-osha-caps\/#breadcrumb"},"inLanguage":"nl-NL","potentialAction":[{"@type":"ReadAction","target":["https:\/\/qingdaohf.com\/product\/rebar-osha-caps\/"]}]},{"@type":"ImageObject","inLanguage":"nl-NL","@id":"https:\/\/qingdaohf.com\/product\/rebar-osha-caps\/#primaryimage","url":"https:\/\/qingdaohf.com\/wp-content\/uploads\/2023\/02\/CAP-2-1.jpg","contentUrl":"https:\/\/qingdaohf.com\/wp-content\/uploads\/2023\/02\/CAP-2-1.jpg","width":1000,"height":1000,"caption":"OSHA Cap"},{"@type":"BreadcrumbList","@id":"https:\/\/qingdaohf.com\/product\/rebar-osha-caps\/#breadcrumb","itemListElement":[{"@type":"ListItem","position":1,"name":"Home","item":"https:\/\/qingdaohf.com\/"},{"@type":"ListItem","position":2,"name":"Concrete Forming Accessories and Rigging Hardware","item":"https:\/\/qingdaohf.com\/bg\/?page_id=944"},{"@type":"ListItem","position":3,"name":"Rebar OSHA Caps"}]},{"@type":"WebSite","@id":"https:\/\/qingdaohf.com\/bg\/#website","url":"https:\/\/qingdaohf.com\/bg\/","name":"Concrete Form & Rigging Hardware Supplier","description":"","publisher":{"@id":"https:\/\/qingdaohf.com\/bg\/#organization"},"potentialAction":[{"@type":"SearchAction","target":{"@type":"EntryPoint","urlTemplate":"https:\/\/qingdaohf.com\/bg\/?s={search_term_string}"},"query-input":{"@type":"PropertyValueSpecification","valueRequired":true,"valueName":"search_term_string"}}],"inLanguage":"nl-NL"},{"@type":"Organization","@id":"https:\/\/qingdaohf.com\/bg\/#organization","name":"Qingdao H&F","url":"https:\/\/qingdaohf.com\/bg\/","logo":{"@type":"ImageObject","inLanguage":"nl-NL","@id":"https:\/\/qingdaohf.com\/bg\/#\/schema\/logo\/image\/","url":"https:\/\/qingdaohf.com\/wp-content\/uploads\/2022\/12\/cropped-HF-LOGO.png","contentUrl":"https:\/\/qingdaohf.com\/wp-content\/uploads\/2022\/12\/cropped-HF-LOGO.png","width":391,"height":249,"caption":"Qingdao H&F"},"image":{"@id":"https:\/\/qingdaohf.com\/bg\/#\/schema\/logo\/image\/"},"sameAs":["https:\/\/www.facebook.com\/qingdaohf"]}]}},"_links":{"self":[{"href":"https:\/\/qingdaohf.com\/nl\/wp-json\/wp\/v2\/product\/8903","targetHints":{"allow":["GET"]}}],"collection":[{"href":"https:\/\/qingdaohf.com\/nl\/wp-json\/wp\/v2\/product"}],"about":[{"href":"https:\/\/qingdaohf.com\/nl\/wp-json\/wp\/v2\/types\/product"}],"replies":[{"embeddable":true,"href":"https:\/\/qingdaohf.com\/nl\/wp-json\/wp\/v2\/comments?post=8903"}],"version-history":[{"count":3,"href":"https:\/\/qingdaohf.com\/nl\/wp-json\/wp\/v2\/product\/8903\/revisions"}],"predecessor-version":[{"id":8911,"href":"https:\/\/qingdaohf.com\/nl\/wp-json\/wp\/v2\/product\/8903\/revisions\/8911"}],"wp:featuredmedia":[{"embeddable":true,"href":"https:\/\/qingdaohf.com\/nl\/wp-json\/wp\/v2\/media\/5529"}],"wp:attachment":[{"href":"https:\/\/qingdaohf.com\/nl\/wp-json\/wp\/v2\/media?parent=8903"}],"wp:term":[{"taxonomy":"product_brand","embeddable":true,"href":"https:\/\/qingdaohf.com\/nl\/wp-json\/wp\/v2\/product_brand?post=8903"},{"taxonomy":"product_cat","embeddable":true,"href":"https:\/\/qingdaohf.com\/nl\/wp-json\/wp\/v2\/product_cat?post=8903"},{"taxonomy":"product_tag","embeddable":true,"href":"https:\/\/qingdaohf.com\/nl\/wp-json\/wp\/v2\/product_tag?post=8903"}],"curies":[{"name":"wp","href":"https:\/\/api.w.org\/{rel}","templated":true}]}}