{"id":1708,"date":"2023-01-14T15:15:32","date_gmt":"2023-01-14T07:15:32","guid":{"rendered":"http:\/\/qingdaohf.com\/?post_type=product&#038;p=1708"},"modified":"2025-11-13T09:06:57","modified_gmt":"2025-11-13T01:06:57","slug":"snap-tie-wedge","status":"publish","type":"product","link":"https:\/\/qingdaohf.com\/pl\/produkt\/klin-z-wiazaniem-zatrzaskowym\/","title":{"rendered":"Snap Tie Wedge"},"content":{"rendered":"<p>Klin zatrzaskowy jest elementem stosowanym podczas formowania betonu w celu przymocowania opaski zatrzaskowej do szalunku. Opaska zaciskowa to metalowy pr\u0119t z wygi\u0119tymi ko\u0144cami, kt\u00f3ry przechodzi przez szalunek, aby utrzyma\u0107 razem dwie strony formy. Klin mocuj\u0105cy to ma\u0142y plastikowy lub metalowy klin, kt\u00f3ry jest wk\u0142adany do ko\u0144ca opaski mocuj\u0105cej po jej przej\u015bciu przez szalunek.<\/p>\n<p>Klin zatrzaskowy zosta\u0142 zaprojektowany tak, aby mocno trzyma\u0107 opask\u0119 zatrzaskow\u0105 i zapobiega\u0107 jej wysuni\u0119ciu si\u0119 z szalunku podczas wylewania i wi\u0105zania betonu. S\u0142u\u017cy r\u00f3wnie\u017c do zapewnienia, \u017ce opaska zaciskowa jest odpowiednio wyr\u00f3wnana i rozmieszczona w celu uzyskania po\u017c\u0105danego kszta\u0142tu i wyko\u0144czenia powierzchni betonowej.<\/p>\n<p>Klin zatrzaskowy jest zwykle wykonany z trwa\u0142ego materia\u0142u wielokrotnego u\u017cytku, takiego jak plastik lub metal, i jest dost\u0119pny w r\u00f3\u017cnych rozmiarach i kszta\u0142tach, aby pasowa\u0142 do r\u00f3\u017cnych typ\u00f3w opasek zatrzaskowych i konfiguracji szalunk\u00f3w. Jest to niezb\u0119dny element w procesie formowania betonu, a jego w\u0142a\u015bciwe u\u017cycie i umieszczenie ma kluczowe znaczenie dla powodzenia projektu.<\/p>\n<p><img fetchpriority=\"high\" decoding=\"async\" class=\"alignnone wp-image-8654 size-full\" src=\"http:\/\/qingdaohf.com\/wp-content\/uploads\/2025\/01\/snap-tie-wedge.webp\" alt=\"klin z wi\u0105zaniem zatrzaskowym\" width=\"1000\" height=\"1000\" srcset=\"https:\/\/qingdaohf.com\/wp-content\/uploads\/2025\/01\/snap-tie-wedge.webp 1000w, https:\/\/qingdaohf.com\/wp-content\/uploads\/2025\/01\/snap-tie-wedge-300x300.webp 300w, https:\/\/qingdaohf.com\/wp-content\/uploads\/2025\/01\/snap-tie-wedge-150x150.webp 150w, https:\/\/qingdaohf.com\/wp-content\/uploads\/2025\/01\/snap-tie-wedge-768x768.webp 768w, https:\/\/qingdaohf.com\/wp-content\/uploads\/2025\/01\/snap-tie-wedge-12x12.webp 12w, https:\/\/qingdaohf.com\/wp-content\/uploads\/2025\/01\/snap-tie-wedge-500x500.webp 500w, https:\/\/qingdaohf.com\/wp-content\/uploads\/2025\/01\/snap-tie-wedge-100x100.webp 100w\" sizes=\"(max-width: 1000px) 100vw, 1000px\" \/><\/p>\n<h2><a href=\"https:\/\/qingdaohf.com\/pl\/produkt\/krawat-zatrzaskowy\/\">Opaska betonowa Snpa<\/a><\/h2>\n<p>\u2460 Ko\u0144c\u00f3wka 4-3\/4\" z plastikowym sto\u017ckiem i sze\u015bciok\u0105tnym \u0142bem * rozmiar \u015bcianki od 6\" do 72\"<\/p>\n<p>\u2461 Ko\u0144c\u00f3wka 8-1\/4\" z plastikowym sto\u017ckiem i sze\u015bciok\u0105tnym \u0142bem * rozmiar \u015bcianki od 6\" do 72\"<\/p>\n<p><img decoding=\"async\" src=\"http:\/\/qingdaohf.com\/wp-content\/uploads\/2023\/07\/Snap-Tie-with-Steel-Washer-4.jpg\" sizes=\"(max-width: 1000px) 100vw, 1000px\" srcset=\"http:\/\/qingdaohf.com\/wp-content\/uploads\/2023\/07\/Snap-Tie-with-Steel-Washer-4.jpg 1000w, http:\/\/qingdaohf.com\/wp-content\/uploads\/2023\/07\/Snap-Tie-with-Steel-Washer-4-300x300.jpg 300w, http:\/\/qingdaohf.com\/wp-content\/uploads\/2023\/07\/Snap-Tie-with-Steel-Washer-4-150x150.jpg 150w, http:\/\/qingdaohf.com\/wp-content\/uploads\/2023\/07\/Snap-Tie-with-Steel-Washer-4-768x768.jpg 768w, http:\/\/qingdaohf.com\/wp-content\/uploads\/2023\/07\/Snap-Tie-with-Steel-Washer-4-500x500.jpg 500w, http:\/\/qingdaohf.com\/wp-content\/uploads\/2023\/07\/Snap-Tie-with-Steel-Washer-4-100x100.jpg 100w\" alt=\"\" width=\"1000\" height=\"1000\" \/><br \/>\n<img decoding=\"async\" src=\"http:\/\/qingdaohf.com\/wp-content\/uploads\/2023\/01\/snap.jpg\" sizes=\"(max-width: 1000px) 100vw, 1000px\" srcset=\"http:\/\/qingdaohf.com\/wp-content\/uploads\/2023\/01\/snap.jpg 1000w, http:\/\/qingdaohf.com\/wp-content\/uploads\/2023\/01\/snap-300x300.jpg 300w, http:\/\/qingdaohf.com\/wp-content\/uploads\/2023\/01\/snap-150x150.jpg 150w, http:\/\/qingdaohf.com\/wp-content\/uploads\/2023\/01\/snap-768x768.jpg 768w, http:\/\/qingdaohf.com\/wp-content\/uploads\/2023\/01\/snap-500x500.jpg 500w, http:\/\/qingdaohf.com\/wp-content\/uploads\/2023\/01\/snap-100x100.jpg 100w\" alt=\"krawat zatrzaskowy\" width=\"1000\" height=\"1000\" \/><\/p>\n<h2>Zatrzask klinowy i wspornik Jahn A Wspornik Jahn C<\/h2>\n<p><span style=\"font-size: 16px;\">Opaski zaciskowe s\u0105 powszechnie stosowane w szalunkach pionowych, takich jak \u015bciany, s\u0142upy i belki. Zapewniaj\u0105 one szybki i skuteczny spos\u00f3b zabezpieczenia szalunku i mog\u0105 by\u0107 \u0142atwo usuni\u0119te po utwardzeniu betonu. Nale\u017cy jednak zachowa\u0107 ostro\u017cno\u015b\u0107 podczas usuwania opasek, aby zapobiec uszkodzeniu powierzchni betonu.<\/span><\/p>","protected":false},"excerpt":{"rendered":"<p>Kliny zatrzaskowe sprawiaj\u0105, \u017ce monta\u017c szalunk\u00f3w betonowych i \u015bcian jest \u0142atwiejszy i bardziej wydajny ni\u017c kiedykolwiek wcze\u015bniej dzi\u0119ki tym wysokowytrzyma\u0142ym, ocynkowanym stalowym klinom zatrzaskowym.<\/p>\n<p>Zaprojektowane tak, aby by\u0142y odporne na korozj\u0119 i wytrzymywa\u0142y zar\u00f3wno standardowe, jak i ci\u0119\u017ckie opaski zatrzaskowe, kliny te doskonale nadaj\u0105 si\u0119 do projekt\u00f3w komercyjnych i mieszkaniowych i mog\u0105 by\u0107 wielokrotnie u\u017cywane bez utraty wydajno\u015bci.<\/p>\n<p>&nbsp;<\/p>","protected":false},"featured_media":5017,"comment_status":"open","ping_status":"closed","template":"","meta":{"site-sidebar-layout":"default","site-content-layout":"default","ast-site-content-layout":"default","site-content-style":"default","site-sidebar-style":"default","ast-global-header-display":"","ast-banner-title-visibility":"","ast-main-header-display":"","ast-hfb-above-header-display":"","ast-hfb-below-header-display":"","ast-hfb-mobile-header-display":"","site-post-title":"","ast-breadcrumbs-content":"","ast-featured-img":"","footer-sml-layout":"","theme-transparent-header-meta":"default","adv-header-id-meta":"","stick-header-meta":"default","header-above-stick-meta":"","header-main-stick-meta":"","header-below-stick-meta":"","astra-migrate-meta-layouts":"set","ast-page-background-enabled":"default","ast-page-background-meta":{"desktop":{"background-color":"","background-image":"","background-repeat":"repeat","background-position":"center center","background-size":"auto","background-attachment":"scroll","background-type":"","background-media":"","overlay-type":"","overlay-color":"","overlay-opacity":"","overlay-gradient":""},"tablet":{"background-color":"","background-image":"","background-repeat":"repeat","background-position":"center center","background-size":"auto","background-attachment":"scroll","background-type":"","background-media":"","overlay-type":"","overlay-color":"","overlay-opacity":"","overlay-gradient":""},"mobile":{"background-color":"","background-image":"","background-repeat":"repeat","background-position":"center center","background-size":"auto","background-attachment":"scroll","background-type":"","background-media":"","overlay-type":"","overlay-color":"","overlay-opacity":"","overlay-gradient":""}},"ast-content-background-meta":{"desktop":{"background-color":"var(--ast-global-color-5)","background-image":"","background-repeat":"repeat","background-position":"center center","background-size":"auto","background-attachment":"scroll","background-type":"","background-media":"","overlay-type":"","overlay-color":"","overlay-opacity":"","overlay-gradient":""},"tablet":{"background-color":"var(--ast-global-color-5)","background-image":"","background-repeat":"repeat","background-position":"center center","background-size":"auto","background-attachment":"scroll","background-type":"","background-media":"","overlay-type":"","overlay-color":"","overlay-opacity":"","overlay-gradient":""},"mobile":{"background-color":"var(--ast-global-color-5)","background-image":"","background-repeat":"repeat","background-position":"center center","background-size":"auto","background-attachment":"scroll","background-type":"","background-media":"","overlay-type":"","overlay-color":"","overlay-opacity":"","overlay-gradient":""}}},"product_brand":[],"product_cat":[50,20,63,28],"product_tag":[],"class_list":{"0":"post-1708","1":"product","2":"type-product","3":"status-publish","4":"has-post-thumbnail","6":"product_cat-concrete-form-accessories","7":"product_cat-concrete-wall-tie","8":"product_cat-concrete-snap-tie","9":"product_cat-concrete-forming","10":"desktop-align-left","11":"tablet-align-left","12":"mobile-align-left","13":"ast-product-gallery-layout-horizontal-slider","14":"ast-product-tabs-layout-horizontal","16":"first","17":"instock","18":"featured","19":"shipping-taxable","20":"purchasable","21":"product-type-simple"},"yoast_head":"<!-- This site is optimized with the Yoast SEO plugin v25.2 - https:\/\/yoast.com\/wordpress\/plugins\/seo\/ -->\n<title>Snap Tie Wedge<\/title>\n<meta name=\"description\" content=\"Snap Tie Wedge make the installation of concrete formwork and walls easier and more efficient than ever with this high-strength snap tie wedges.\" \/>\n<meta name=\"robots\" content=\"index, follow, max-snippet:-1, max-image-preview:large, max-video-preview:-1\" \/>\n<link rel=\"canonical\" href=\"https:\/\/qingdaohf.com\/pl\/produkt\/klin-z-wiazaniem-zatrzaskowym\/\" \/>\n<meta property=\"og:locale\" content=\"pl_PL\" \/>\n<meta property=\"og:type\" content=\"article\" \/>\n<meta property=\"og:title\" content=\"Snap Tie Wedge\" \/>\n<meta property=\"og:description\" content=\"Snap Tie Wedge make the installation of concrete formwork and walls easier and more efficient than ever with this high-strength, galvanized steel snap tie wedges.\" \/>\n<meta property=\"og:url\" content=\"https:\/\/qingdaohf.com\/pl\/produkt\/klin-z-wiazaniem-zatrzaskowym\/\" \/>\n<meta property=\"og:site_name\" content=\"Concrete Form &amp; Rigging Hardware Supplier\" \/>\n<meta property=\"article:publisher\" content=\"https:\/\/www.facebook.com\/qingdaohf\" \/>\n<meta property=\"article:modified_time\" content=\"2025-11-13T01:06:57+00:00\" \/>\n<meta property=\"og:image\" content=\"https:\/\/qingdaohf.com\/wp-content\/uploads\/2023\/01\/snap-tie-wedge-8.jpg\" \/>\n\t<meta property=\"og:image:width\" content=\"1000\" \/>\n\t<meta property=\"og:image:height\" content=\"1000\" \/>\n\t<meta property=\"og:image:type\" content=\"image\/jpeg\" \/>\n<meta name=\"twitter:card\" content=\"summary_large_image\" \/>\n<meta name=\"twitter:label1\" content=\"Szacowany czas czytania\" \/>\n\t<meta name=\"twitter:data1\" content=\"3 minuty\" \/>\n<script type=\"application\/ld+json\" class=\"yoast-schema-graph\">{\"@context\":\"https:\/\/schema.org\",\"@graph\":[{\"@type\":\"WebPage\",\"@id\":\"https:\/\/qingdaohf.com\/product\/snap-tie-wedge\/\",\"url\":\"https:\/\/qingdaohf.com\/product\/snap-tie-wedge\/\",\"name\":\"Snap Tie Wedge\",\"isPartOf\":{\"@id\":\"https:\/\/qingdaohf.com\/bg\/#website\"},\"primaryImageOfPage\":{\"@id\":\"https:\/\/qingdaohf.com\/product\/snap-tie-wedge\/#primaryimage\"},\"image\":{\"@id\":\"https:\/\/qingdaohf.com\/product\/snap-tie-wedge\/#primaryimage\"},\"thumbnailUrl\":\"https:\/\/qingdaohf.com\/wp-content\/uploads\/2023\/01\/snap-tie-wedge-8.jpg\",\"datePublished\":\"2023-01-14T07:15:32+00:00\",\"dateModified\":\"2025-11-13T01:06:57+00:00\",\"description\":\"Snap Tie Wedge make the installation of concrete formwork and walls easier and more efficient than ever with this high-strength snap tie wedges.\",\"breadcrumb\":{\"@id\":\"https:\/\/qingdaohf.com\/product\/snap-tie-wedge\/#breadcrumb\"},\"inLanguage\":\"pl-PL\",\"potentialAction\":[{\"@type\":\"ReadAction\",\"target\":[\"https:\/\/qingdaohf.com\/product\/snap-tie-wedge\/\"]}]},{\"@type\":\"ImageObject\",\"inLanguage\":\"pl-PL\",\"@id\":\"https:\/\/qingdaohf.com\/product\/snap-tie-wedge\/#primaryimage\",\"url\":\"https:\/\/qingdaohf.com\/wp-content\/uploads\/2023\/01\/snap-tie-wedge-8.jpg\",\"contentUrl\":\"https:\/\/qingdaohf.com\/wp-content\/uploads\/2023\/01\/snap-tie-wedge-8.jpg\",\"width\":1000,\"height\":1000,\"caption\":\"snap tie wedge\"},{\"@type\":\"BreadcrumbList\",\"@id\":\"https:\/\/qingdaohf.com\/product\/snap-tie-wedge\/#breadcrumb\",\"itemListElement\":[{\"@type\":\"ListItem\",\"position\":1,\"name\":\"Home\",\"item\":\"https:\/\/qingdaohf.com\/\"},{\"@type\":\"ListItem\",\"position\":2,\"name\":\"Concrete Forming Accessories and Rigging Hardware\",\"item\":\"https:\/\/qingdaohf.com\/bg\/?page_id=944\"},{\"@type\":\"ListItem\",\"position\":3,\"name\":\"Snap Tie Wedge\"}]},{\"@type\":\"WebSite\",\"@id\":\"https:\/\/qingdaohf.com\/bg\/#website\",\"url\":\"https:\/\/qingdaohf.com\/bg\/\",\"name\":\"Concrete Form & Rigging Hardware Supplier\",\"description\":\"\",\"publisher\":{\"@id\":\"https:\/\/qingdaohf.com\/bg\/#organization\"},\"potentialAction\":[{\"@type\":\"SearchAction\",\"target\":{\"@type\":\"EntryPoint\",\"urlTemplate\":\"https:\/\/qingdaohf.com\/bg\/?s={search_term_string}\"},\"query-input\":{\"@type\":\"PropertyValueSpecification\",\"valueRequired\":true,\"valueName\":\"search_term_string\"}}],\"inLanguage\":\"pl-PL\"},{\"@type\":\"Organization\",\"@id\":\"https:\/\/qingdaohf.com\/bg\/#organization\",\"name\":\"Qingdao H&F\",\"url\":\"https:\/\/qingdaohf.com\/bg\/\",\"logo\":{\"@type\":\"ImageObject\",\"inLanguage\":\"pl-PL\",\"@id\":\"https:\/\/qingdaohf.com\/bg\/#\/schema\/logo\/image\/\",\"url\":\"https:\/\/qingdaohf.com\/wp-content\/uploads\/2022\/12\/cropped-HF-LOGO.png\",\"contentUrl\":\"https:\/\/qingdaohf.com\/wp-content\/uploads\/2022\/12\/cropped-HF-LOGO.png\",\"width\":391,\"height\":249,\"caption\":\"Qingdao H&F\"},\"image\":{\"@id\":\"https:\/\/qingdaohf.com\/bg\/#\/schema\/logo\/image\/\"},\"sameAs\":[\"https:\/\/www.facebook.com\/qingdaohf\"]}]}<\/script>\n<!-- \/ Yoast SEO plugin. -->","yoast_head_json":{"title":"Snap Tie Wedge","description":"Snap Tie Wedge make the installation of concrete formwork and walls easier and more efficient than ever with this high-strength snap tie wedges.","robots":{"index":"index","follow":"follow","max-snippet":"max-snippet:-1","max-image-preview":"max-image-preview:large","max-video-preview":"max-video-preview:-1"},"canonical":"https:\/\/qingdaohf.com\/pl\/produkt\/klin-z-wiazaniem-zatrzaskowym\/","og_locale":"pl_PL","og_type":"article","og_title":"Snap Tie Wedge","og_description":"Snap Tie Wedge make the installation of concrete formwork and walls easier and more efficient than ever with this high-strength, galvanized steel snap tie wedges.","og_url":"https:\/\/qingdaohf.com\/pl\/produkt\/klin-z-wiazaniem-zatrzaskowym\/","og_site_name":"Concrete Form &amp; Rigging Hardware Supplier","article_publisher":"https:\/\/www.facebook.com\/qingdaohf","article_modified_time":"2025-11-13T01:06:57+00:00","og_image":[{"width":1000,"height":1000,"url":"https:\/\/qingdaohf.com\/wp-content\/uploads\/2023\/01\/snap-tie-wedge-8.jpg","type":"image\/jpeg"}],"twitter_card":"summary_large_image","twitter_misc":{"Szacowany czas czytania":"3 minuty"},"schema":{"@context":"https:\/\/schema.org","@graph":[{"@type":"WebPage","@id":"https:\/\/qingdaohf.com\/product\/snap-tie-wedge\/","url":"https:\/\/qingdaohf.com\/product\/snap-tie-wedge\/","name":"Snap Tie Wedge","isPartOf":{"@id":"https:\/\/qingdaohf.com\/bg\/#website"},"primaryImageOfPage":{"@id":"https:\/\/qingdaohf.com\/product\/snap-tie-wedge\/#primaryimage"},"image":{"@id":"https:\/\/qingdaohf.com\/product\/snap-tie-wedge\/#primaryimage"},"thumbnailUrl":"https:\/\/qingdaohf.com\/wp-content\/uploads\/2023\/01\/snap-tie-wedge-8.jpg","datePublished":"2023-01-14T07:15:32+00:00","dateModified":"2025-11-13T01:06:57+00:00","description":"Snap Tie Wedge make the installation of concrete formwork and walls easier and more efficient than ever with this high-strength snap tie wedges.","breadcrumb":{"@id":"https:\/\/qingdaohf.com\/product\/snap-tie-wedge\/#breadcrumb"},"inLanguage":"pl-PL","potentialAction":[{"@type":"ReadAction","target":["https:\/\/qingdaohf.com\/product\/snap-tie-wedge\/"]}]},{"@type":"ImageObject","inLanguage":"pl-PL","@id":"https:\/\/qingdaohf.com\/product\/snap-tie-wedge\/#primaryimage","url":"https:\/\/qingdaohf.com\/wp-content\/uploads\/2023\/01\/snap-tie-wedge-8.jpg","contentUrl":"https:\/\/qingdaohf.com\/wp-content\/uploads\/2023\/01\/snap-tie-wedge-8.jpg","width":1000,"height":1000,"caption":"snap tie wedge"},{"@type":"BreadcrumbList","@id":"https:\/\/qingdaohf.com\/product\/snap-tie-wedge\/#breadcrumb","itemListElement":[{"@type":"ListItem","position":1,"name":"Home","item":"https:\/\/qingdaohf.com\/"},{"@type":"ListItem","position":2,"name":"Concrete Forming Accessories and Rigging Hardware","item":"https:\/\/qingdaohf.com\/bg\/?page_id=944"},{"@type":"ListItem","position":3,"name":"Snap Tie Wedge"}]},{"@type":"WebSite","@id":"https:\/\/qingdaohf.com\/bg\/#website","url":"https:\/\/qingdaohf.com\/bg\/","name":"Concrete Form & Rigging Hardware Supplier","description":"","publisher":{"@id":"https:\/\/qingdaohf.com\/bg\/#organization"},"potentialAction":[{"@type":"SearchAction","target":{"@type":"EntryPoint","urlTemplate":"https:\/\/qingdaohf.com\/bg\/?s={search_term_string}"},"query-input":{"@type":"PropertyValueSpecification","valueRequired":true,"valueName":"search_term_string"}}],"inLanguage":"pl-PL"},{"@type":"Organization","@id":"https:\/\/qingdaohf.com\/bg\/#organization","name":"Qingdao H&F","url":"https:\/\/qingdaohf.com\/bg\/","logo":{"@type":"ImageObject","inLanguage":"pl-PL","@id":"https:\/\/qingdaohf.com\/bg\/#\/schema\/logo\/image\/","url":"https:\/\/qingdaohf.com\/wp-content\/uploads\/2022\/12\/cropped-HF-LOGO.png","contentUrl":"https:\/\/qingdaohf.com\/wp-content\/uploads\/2022\/12\/cropped-HF-LOGO.png","width":391,"height":249,"caption":"Qingdao H&F"},"image":{"@id":"https:\/\/qingdaohf.com\/bg\/#\/schema\/logo\/image\/"},"sameAs":["https:\/\/www.facebook.com\/qingdaohf"]}]}},"_links":{"self":[{"href":"https:\/\/qingdaohf.com\/pl\/wp-json\/wp\/v2\/product\/1708","targetHints":{"allow":["GET"]}}],"collection":[{"href":"https:\/\/qingdaohf.com\/pl\/wp-json\/wp\/v2\/product"}],"about":[{"href":"https:\/\/qingdaohf.com\/pl\/wp-json\/wp\/v2\/types\/product"}],"replies":[{"embeddable":true,"href":"https:\/\/qingdaohf.com\/pl\/wp-json\/wp\/v2\/comments?post=1708"}],"version-history":[{"count":39,"href":"https:\/\/qingdaohf.com\/pl\/wp-json\/wp\/v2\/product\/1708\/revisions"}],"predecessor-version":[{"id":10242,"href":"https:\/\/qingdaohf.com\/pl\/wp-json\/wp\/v2\/product\/1708\/revisions\/10242"}],"wp:featuredmedia":[{"embeddable":true,"href":"https:\/\/qingdaohf.com\/pl\/wp-json\/wp\/v2\/media\/5017"}],"wp:attachment":[{"href":"https:\/\/qingdaohf.com\/pl\/wp-json\/wp\/v2\/media?parent=1708"}],"wp:term":[{"taxonomy":"product_brand","embeddable":true,"href":"https:\/\/qingdaohf.com\/pl\/wp-json\/wp\/v2\/product_brand?post=1708"},{"taxonomy":"product_cat","embeddable":true,"href":"https:\/\/qingdaohf.com\/pl\/wp-json\/wp\/v2\/product_cat?post=1708"},{"taxonomy":"product_tag","embeddable":true,"href":"https:\/\/qingdaohf.com\/pl\/wp-json\/wp\/v2\/product_tag?post=1708"}],"curies":[{"name":"wp","href":"https:\/\/api.w.org\/{rel}","templated":true}]}}