{"id":1731,"date":"2024-06-24T14:06:56","date_gmt":"2024-06-24T06:06:56","guid":{"rendered":"http:\/\/qingdaohf.com\/?post_type=product&#038;p=1731"},"modified":"2025-11-13T09:03:15","modified_gmt":"2025-11-13T01:03:15","slug":"spreader-cleats","status":"publish","type":"product","link":"https:\/\/qingdaohf.com\/pl\/produkt\/przekladka-warstwowa\/","title":{"rendered":"Podk\u0142adki dystansowe do betonu"},"content":{"rendered":"<h2 data-pm-slice=\"1 1 []\">Znaczenie podk\u0142adek dystansowych do betonu w budownictwie<\/h2>\n<p>W wymagaj\u0105cym \u015bwiecie konstrukcji betonowych precyzja i stabilno\u015b\u0107 maj\u0105 kluczowe znaczenie dla osi\u0105gni\u0119cia wysokiej jako\u015bci rezultat\u00f3w. Klamry rozporowe do sklejki betonowej odgrywaj\u0105 kluczow\u0105 rol\u0119 w utrzymywaniu jednolitych odst\u0119p\u00f3w mi\u0119dzy panelami szalunkowymi, zapewniaj\u0105c, \u017ce ostateczna konstrukcja spe\u0142nia wymagane wymiary i standardy wytrzyma\u0142o\u015bci. Klamry te zapewniaj\u0105 niezb\u0119dne wsparcie, zabezpieczaj\u0105c szalunek ze sklejki na miejscu, zapobiegaj\u0105c odkszta\u0142ceniom i umo\u017cliwiaj\u0105c r\u00f3wnomierne wylewanie betonu. Niezale\u017cnie od tego, czy s\u0105 stosowane w du\u017cych projektach infrastrukturalnych, czy w mniejszych konstrukcjach mieszkalnych, odpowiednie kliny rozporowe mog\u0105 znacznie zwi\u0119kszy\u0107 trwa\u0142o\u015b\u0107 i wyko\u0144czenie powierzchni betonowych.<\/p>\n<p>W Qingdao H&amp;F rozumiemy wyzwania stoj\u0105ce przed profesjonalistami budowlanymi, dlatego oferujemy szereg wysokowydajnych knag rozpieraj\u0105cych zaprojektowanych tak, aby sprosta\u0107 najtrudniejszym wymaganiom projektowym. Dzi\u0119ki naszemu zaanga\u017cowaniu w jako\u015b\u0107, szybkim cyklom dostaw i dedykowanej obs\u0142udze klienta, zapewniamy bezkonkurencyjne po\u0142\u0105czenie niezawodno\u015bci i wydajno\u015bci dla Twoich potrzeb budowlanych.<\/p>\n<p><img fetchpriority=\"high\" decoding=\"async\" class=\"alignnone wp-image-1732 size-full\" src=\"http:\/\/qingdaohf.com\/wp-content\/uploads\/2023\/01\/PLY-SPACER.png\" alt=\"PLY SPACER\" width=\"650\" height=\"458\" srcset=\"https:\/\/qingdaohf.com\/wp-content\/uploads\/2023\/01\/PLY-SPACER.png 650w, https:\/\/qingdaohf.com\/wp-content\/uploads\/2023\/01\/PLY-SPACER-300x211.png 300w, https:\/\/qingdaohf.com\/wp-content\/uploads\/2023\/01\/PLY-SPACER-600x423.png 600w\" sizes=\"(max-width: 650px) 100vw, 650px\" \/><\/p>\n<h2>Cechy i zalety podk\u0142adek dystansowych do betonu<\/h2>\n<p>Wyb\u00f3r odpowiednich klin\u00f3w rozporowych ma kluczowe znaczenie dla optymalizacji wydajno\u015bci deskowania i zapewnienia nieskazitelnego wyko\u0144czenia betonu. Nasze podk\u0142adki dystansowe do betonu s\u0105 wyposa\u017cone w szereg funkcji, kt\u00f3re czyni\u0105 je niezb\u0119dnymi w nowoczesnych projektach budowlanych.<\/p>\n<p>Trwa\u0142o\u015b\u0107 to jedna z kluczowych cech naszych knag. Wykonane z materia\u0142\u00f3w o wysokiej wytrzyma\u0142o\u015bci, takich jak stal galwanizowana lub wzmocnione tworzywo sztuczne, s\u0105 odporne na korozj\u0119, odkszta\u0142cenia i trudne warunki pracy z betonem. Zapewnia to d\u0142ug\u0105 \u017cywotno\u015b\u0107 i sta\u0142\u0105 wydajno\u015b\u0107 przy wielu zastosowaniach, co czyni je op\u0142acalnym rozwi\u0105zaniem dla wykonawc\u00f3w.<\/p>\n<p>Kolejn\u0105 wa\u017cn\u0105 zalet\u0105 jest precyzyjny rozstaw szalunk\u00f3w. Nier\u00f3wne lub \u017ale ustawione deskowanie mo\u017ce prowadzi\u0107 do s\u0142abo\u015bci strukturalnych i niskiej estetyki gotowego betonu. Nasze knagi rozpieraj\u0105ce gwarantuj\u0105 r\u00f3wnomiern\u0105 separacj\u0119 mi\u0119dzy panelami szalunkowymi, eliminuj\u0105c r\u00f3\u017cnice i zapewniaj\u0105c g\u0142adkie, sp\u00f3jne powierzchnie.<\/p>\n<p>\u0141atwo\u015b\u0107 instalacji jest r\u00f3wnie\u017c godn\u0105 uwagi zalet\u0105. Zaprojektowane z my\u015bl\u0105 o szybkiej i bezproblemowej aplikacji, nasze knagi umo\u017cliwiaj\u0105 pracownikom ustawianie szalunk\u00f3w przy minimalnym wysi\u0142ku, redukuj\u0105c czas pracy i koszty. Ich przyjazna dla u\u017cytkownika konstrukcja zapewnia, \u017ce nawet mniej do\u015bwiadczeni pracownicy mog\u0105 osi\u0105gn\u0105\u0107 profesjonalne wyniki bez konieczno\u015bci stosowania specjalistycznych narz\u0119dzi lub sprz\u0119tu.<\/p>\n<h2>Wyb\u00f3r odpowiednich rozpieraczy dla danego projektu<\/h2>\n<p>Ze wzgl\u0119du na dost\u0119pno\u015b\u0107 r\u00f3\u017cnych rozmiar\u00f3w i materia\u0142\u00f3w, wyb\u00f3r odpowiednich knag rozpieraj\u0105cych zale\u017cy od konkretnych wymaga\u0144 danego projektu. W przypadku ci\u0119\u017ckich zastosowa\u0144, takich jak budowa most\u00f3w lub wie\u017cowc\u00f3w, stalowe knagi s\u0105 cz\u0119sto preferowanym wyborem ze wzgl\u0119du na ich wyj\u0105tkow\u0105 no\u015bno\u015b\u0107 i odporno\u015b\u0107 na zu\u017cycie. Z drugiej strony, plastikowe knagi stanowi\u0105 lekk\u0105 i ekonomiczn\u0105 alternatyw\u0119 dla projekt\u00f3w, kt\u00f3re nie wymagaj\u0105 ekstremalnej wytrzyma\u0142o\u015bci.<\/p>\n<p>Wa\u017cnym czynnikiem s\u0105 r\u00f3wnie\u017c specyfikacje grubo\u015bci i szeroko\u015bci. Nasze knagi rozporowe s\u0105 dost\u0119pne w r\u00f3\u017cnych wymiarach, aby dostosowa\u0107 si\u0119 do r\u00f3\u017cnych konfiguracji szalunk\u00f3w, zapewniaj\u0105c kompatybilno\u015b\u0107 z r\u00f3\u017cnymi rodzajami sklejki i grubo\u015bciami betonu. Nasz zesp\u00f3\u0142 w Qingdao H&amp;F zapewnia fachowe wskaz\u00f3wki, kt\u00f3re pomog\u0105 Ci okre\u015bli\u0107 najlepsze knagi dla Twoich unikalnych potrzeb budowlanych.<\/p>\n<p>Dodatkowo, zgodno\u015b\u0107 z normami bran\u017cowymi jest czynnikiem krytycznym. Wszystkie nasze podk\u0142adki dystansowe do betonu przechodz\u0105 rygorystyczne testy jako\u015bci i s\u0105 dostarczane ze szczeg\u00f3\u0142owymi raportami z inspekcji. Gwarantuje to, \u017ce otrzymujesz produkty, kt\u00f3re spe\u0142niaj\u0105 przepisy bezpiecze\u0144stwa i zapewniaj\u0105 sta\u0142\u0105 wydajno\u015b\u0107, zmniejszaj\u0105c ryzyko awarii szalunk\u00f3w i op\u00f3\u017anie\u0144 w budowie.<\/p>\n<h2>Dlaczego warto wybra\u0107 Qingdao H&amp;F dla akcesori\u00f3w do szalunk\u00f3w betonowych?<\/h2>\n<p>W Qingdao H&amp;F wykraczamy poza dostarczanie materia\u0142\u00f3w budowlanych - naszym celem jest dostarczanie rozwi\u0105za\u0144, kt\u00f3re dodaj\u0105 warto\u015bci Twoim projektom. Nasza indywidualna obs\u0142uga klienta zapewnia spersonalizowan\u0105 pomoc w ca\u0142ym procesie zakupu, od wyboru produktu po wsparcie posprzeda\u017cowe. W przeciwie\u0144stwie do innych dostawc\u00f3w, kt\u00f3rzy mog\u0105 przedk\u0142ada\u0107 ilo\u015b\u0107 nad jako\u015b\u0107, my koncentrujemy si\u0119 na dostarczaniu produkt\u00f3w spe\u0142niaj\u0105cych rygorystyczne standardy jako\u015bci.<\/p>\n<p>Szybko\u015b\u0107 to nasza kolejna zaleta. Rozumiemy, \u017ce czas jest krytycznym czynnikiem w budownictwie, a op\u00f3\u017anienia mog\u0105 prowadzi\u0107 do wzrostu koszt\u00f3w. W\u0142a\u015bnie dlatego gwarantujemy szybkie cykle dostaw, zapewniaj\u0105c, \u017ce otrzymasz rozpieracze dok\u0142adnie wtedy, gdy ich potrzebujesz. Nasza niezawodna sie\u0107 logistyczna pozwala nam skutecznie realizowa\u0107 zam\u00f3wienia, minimalizuj\u0105c przestoje i utrzymuj\u0105c projekty zgodnie z harmonogramem.<\/p>\n<p>Co wi\u0119cej, wyr\u00f3\u017cnia nas nasze zaanga\u017cowanie na rzecz przejrzysto\u015bci i zaufania. Ka\u017cdej partii podk\u0142adek dystansowych do betonu towarzysz\u0105 kompleksowe raporty z kontroli jako\u015bci, co daje pe\u0142ne zaufanie do u\u017cywanych materia\u0142\u00f3w. Ten poziom odpowiedzialno\u015bci gwarantuje, \u017ce mo\u017cesz spe\u0142ni\u0107 specyfikacje projektu bez obaw o wydajno\u015b\u0107 produktu.<\/p>\n<h2>Wnioski<\/h2>\n<p>Podk\u0142adki dystansowe do betonu s\u0105 niezb\u0119dnymi elementami zapewniaj\u0105cymi precyzj\u0119 i stabilno\u015b\u0107 szalunk\u00f3w betonowych. Zwi\u0119kszaj\u0105 one integralno\u015b\u0107 strukturaln\u0105 projekt\u00f3w, utrzymuj\u0105c jednolite odst\u0119py, zapobiegaj\u0105c deformacji szalunku i u\u0142atwiaj\u0105c p\u0142ynne wylewanie betonu. Wyb\u00f3r wysokiej jako\u015bci \u0142\u0105cznik\u00f3w rozporowych od Qingdao H&amp;F oznacza skorzystanie z trwa\u0142o\u015bci, \u0142atwo\u015bci instalacji i zgodno\u015bci z przepisami bran\u017cowymi.<\/p>\n<p>Nasze zaanga\u017cowanie w jako\u015b\u0107, szybkie dostawy i spersonalizowan\u0105 obs\u0142ug\u0119 sprawiaj\u0105, \u017ce jeste\u015bmy idealnym partnerem dla Twoich potrzeb w zakresie materia\u0142\u00f3w budowlanych. Niezale\u017cnie od tego, czy potrzebujesz standardowych rozmiar\u00f3w, czy niestandardowych specyfikacji, posiadamy wiedz\u0119 i zasoby, aby sprosta\u0107 Twoim wymaganiom. Skontaktuj si\u0119 z nami ju\u017c dzi\u015b, aby dowiedzie\u0107 si\u0119 wi\u0119cej o naszym asortymencie podk\u0142adek dystansowych do betonu i o tym, jak mog\u0105 one zwi\u0119kszy\u0107 wydajno\u015b\u0107 i niezawodno\u015b\u0107 Twoich projekt\u00f3w budowlanych.<\/p>\n<div class=\"ast-oembed-container\" style=\"height: 100%;\"><iframe title=\"System betonowych kotew \u015bciennych HF\" width=\"500\" height=\"281\" src=\"https:\/\/www.youtube.com\/embed\/KNe3GjndsAs?feature=oembed\" frameborder=\"0\" allow=\"accelerometer; autoplay; clipboard-write; encrypted-media; gyroscope; picture-in-picture; web-share\" referrerpolicy=\"strict-origin-when-cross-origin\" allowfullscreen><\/iframe><\/div>\n<p>&nbsp;<\/p>","protected":false},"excerpt":{"rendered":"<p>Kliny dystansowe do sklejki betonowej odgrywaj\u0105 znacz\u0105c\u0105 rol\u0119 w promowaniu dok\u0142adnego wyr\u00f3wnania i stabilno\u015bci w systemach szalunkowych, zw\u0142aszcza w projektach budowlanych z betonu. Knagi s\u0105 skutecznymi przek\u0142adkami, kt\u00f3re zapobiegaj\u0105 wypaczaniu lub przemieszczaniu si\u0119 sklejki podczas wylewania, prowadz\u0105c do strukturalnie solidnych i r\u00f3wnych powierzchni betonowych. W Qingdao H&amp;F dostarczamy wysokiej jako\u015bci knagi rozpieraj\u0105ce z r\u00f3\u017cnych materia\u0142\u00f3w i w r\u00f3\u017cnych wymiarach, aby dopasowa\u0107 je do r\u00f3\u017cnych specyfikacji projektu. Nasza spersonalizowana obs\u0142uga klienta, uczciwe ceny i zobowi\u0105zania dotycz\u0105ce czasu realizacji gwarantuj\u0105 najlepsze rozwi\u0105zanie dostosowane do Twoich potrzeb. Zapewniamy r\u00f3wnie\u017c szczeg\u00f3\u0142owy raport z kontroli jako\u015bci naszych towar\u00f3w, daj\u0105c pewno\u015b\u0107 przy ka\u017cdej wysy\u0142ce.<\/p>","protected":false},"featured_media":2918,"comment_status":"open","ping_status":"closed","template":"","meta":{"site-sidebar-layout":"default","site-content-layout":"default","ast-site-content-layout":"default","site-content-style":"default","site-sidebar-style":"default","ast-global-header-display":"","ast-banner-title-visibility":"","ast-main-header-display":"","ast-hfb-above-header-display":"","ast-hfb-below-header-display":"","ast-hfb-mobile-header-display":"","site-post-title":"","ast-breadcrumbs-content":"","ast-featured-img":"","footer-sml-layout":"","theme-transparent-header-meta":"default","adv-header-id-meta":"","stick-header-meta":"default","header-above-stick-meta":"","header-main-stick-meta":"","header-below-stick-meta":"","astra-migrate-meta-layouts":"set","ast-page-background-enabled":"default","ast-page-background-meta":{"desktop":{"background-color":"","background-image":"","background-repeat":"repeat","background-position":"center center","background-size":"auto","background-attachment":"scroll","background-type":"","background-media":"","overlay-type":"","overlay-color":"","overlay-opacity":"","overlay-gradient":""},"tablet":{"background-color":"","background-image":"","background-repeat":"repeat","background-position":"center center","background-size":"auto","background-attachment":"scroll","background-type":"","background-media":"","overlay-type":"","overlay-color":"","overlay-opacity":"","overlay-gradient":""},"mobile":{"background-color":"","background-image":"","background-repeat":"repeat","background-position":"center center","background-size":"auto","background-attachment":"scroll","background-type":"","background-media":"","overlay-type":"","overlay-color":"","overlay-opacity":"","overlay-gradient":""}},"ast-content-background-meta":{"desktop":{"background-color":"var(--ast-global-color-5)","background-image":"","background-repeat":"repeat","background-position":"center center","background-size":"auto","background-attachment":"scroll","background-type":"","background-media":"","overlay-type":"","overlay-color":"","overlay-opacity":"","overlay-gradient":""},"tablet":{"background-color":"var(--ast-global-color-5)","background-image":"","background-repeat":"repeat","background-position":"center center","background-size":"auto","background-attachment":"scroll","background-type":"","background-media":"","overlay-type":"","overlay-color":"","overlay-opacity":"","overlay-gradient":""},"mobile":{"background-color":"var(--ast-global-color-5)","background-image":"","background-repeat":"repeat","background-position":"center center","background-size":"auto","background-attachment":"scroll","background-type":"","background-media":"","overlay-type":"","overlay-color":"","overlay-opacity":"","overlay-gradient":""}}},"product_brand":[],"product_cat":[28],"product_tag":[],"class_list":{"0":"post-1731","1":"product","2":"type-product","3":"status-publish","4":"has-post-thumbnail","6":"product_cat-concrete-forming","7":"desktop-align-left","8":"tablet-align-left","9":"mobile-align-left","10":"ast-product-gallery-layout-horizontal-slider","11":"ast-product-tabs-layout-horizontal","13":"first","14":"instock","15":"shipping-taxable","16":"purchasable","17":"product-type-simple"},"yoast_head":"<!-- This site is optimized with the Yoast SEO plugin v25.2 - https:\/\/yoast.com\/wordpress\/plugins\/seo\/ -->\n<title>Concrete Ply Spacer Spreader Cleats<\/title>\n<meta name=\"description\" content=\"Plywood form concrete ply spacer.3\/4&quot; ply spacer,1-1\/8&quot; ply spacer.\" \/>\n<meta name=\"robots\" content=\"index, follow, max-snippet:-1, max-image-preview:large, max-video-preview:-1\" \/>\n<link rel=\"canonical\" href=\"https:\/\/qingdaohf.com\/pl\/produkt\/przekladka-warstwowa\/\" \/>\n<meta property=\"og:locale\" content=\"pl_PL\" \/>\n<meta property=\"og:type\" content=\"article\" \/>\n<meta property=\"og:title\" content=\"Concrete Ply Spacer Spreader Cleats\" \/>\n<meta property=\"og:description\" content=\"Plywood form concrete ply spacer.3\/4&quot; ply spacer,1-1\/8&quot; ply spacer.\" \/>\n<meta property=\"og:url\" content=\"https:\/\/qingdaohf.com\/pl\/produkt\/przekladka-warstwowa\/\" \/>\n<meta property=\"og:site_name\" content=\"Concrete Form &amp; Rigging Hardware Supplier\" \/>\n<meta property=\"article:publisher\" content=\"https:\/\/www.facebook.com\/qingdaohf\" \/>\n<meta property=\"article:modified_time\" content=\"2025-11-13T01:03:15+00:00\" \/>\n<meta property=\"og:image\" content=\"https:\/\/qingdaohf.com\/wp-content\/uploads\/2023\/01\/PLY-SPACER-3.jpg\" \/>\n\t<meta property=\"og:image:width\" content=\"1000\" \/>\n\t<meta property=\"og:image:height\" content=\"1000\" \/>\n\t<meta property=\"og:image:type\" content=\"image\/jpeg\" \/>\n<meta name=\"twitter:card\" content=\"summary_large_image\" \/>\n<meta name=\"twitter:label1\" content=\"Szacowany czas czytania\" \/>\n\t<meta name=\"twitter:data1\" content=\"4 minuty\" \/>\n<script type=\"application\/ld+json\" class=\"yoast-schema-graph\">{\"@context\":\"https:\/\/schema.org\",\"@graph\":[{\"@type\":\"WebPage\",\"@id\":\"https:\/\/qingdaohf.com\/product\/spreader-cleats\/\",\"url\":\"https:\/\/qingdaohf.com\/product\/spreader-cleats\/\",\"name\":\"Concrete Ply Spacer Spreader Cleats\",\"isPartOf\":{\"@id\":\"https:\/\/qingdaohf.com\/bg\/#website\"},\"primaryImageOfPage\":{\"@id\":\"https:\/\/qingdaohf.com\/product\/spreader-cleats\/#primaryimage\"},\"image\":{\"@id\":\"https:\/\/qingdaohf.com\/product\/spreader-cleats\/#primaryimage\"},\"thumbnailUrl\":\"https:\/\/qingdaohf.com\/wp-content\/uploads\/2023\/01\/PLY-SPACER-3.jpg\",\"datePublished\":\"2024-06-24T06:06:56+00:00\",\"dateModified\":\"2025-11-13T01:03:15+00:00\",\"description\":\"Plywood form concrete ply spacer.3\/4\\\" ply spacer,1-1\/8\\\" ply spacer.\",\"breadcrumb\":{\"@id\":\"https:\/\/qingdaohf.com\/product\/spreader-cleats\/#breadcrumb\"},\"inLanguage\":\"pl-PL\",\"potentialAction\":[{\"@type\":\"ReadAction\",\"target\":[\"https:\/\/qingdaohf.com\/product\/spreader-cleats\/\"]}]},{\"@type\":\"ImageObject\",\"inLanguage\":\"pl-PL\",\"@id\":\"https:\/\/qingdaohf.com\/product\/spreader-cleats\/#primaryimage\",\"url\":\"https:\/\/qingdaohf.com\/wp-content\/uploads\/2023\/01\/PLY-SPACER-3.jpg\",\"contentUrl\":\"https:\/\/qingdaohf.com\/wp-content\/uploads\/2023\/01\/PLY-SPACER-3.jpg\",\"width\":1000,\"height\":1000,\"caption\":\"PLY SPACER\"},{\"@type\":\"BreadcrumbList\",\"@id\":\"https:\/\/qingdaohf.com\/product\/spreader-cleats\/#breadcrumb\",\"itemListElement\":[{\"@type\":\"ListItem\",\"position\":1,\"name\":\"Home\",\"item\":\"https:\/\/qingdaohf.com\/\"},{\"@type\":\"ListItem\",\"position\":2,\"name\":\"Concrete Forming Accessories and Rigging Hardware\",\"item\":\"https:\/\/qingdaohf.com\/bg\/?page_id=944\"},{\"@type\":\"ListItem\",\"position\":3,\"name\":\"Concrete Ply Spacer Spreader Cleats\"}]},{\"@type\":\"WebSite\",\"@id\":\"https:\/\/qingdaohf.com\/bg\/#website\",\"url\":\"https:\/\/qingdaohf.com\/bg\/\",\"name\":\"Concrete Form & Rigging Hardware Supplier\",\"description\":\"\",\"publisher\":{\"@id\":\"https:\/\/qingdaohf.com\/bg\/#organization\"},\"potentialAction\":[{\"@type\":\"SearchAction\",\"target\":{\"@type\":\"EntryPoint\",\"urlTemplate\":\"https:\/\/qingdaohf.com\/bg\/?s={search_term_string}\"},\"query-input\":{\"@type\":\"PropertyValueSpecification\",\"valueRequired\":true,\"valueName\":\"search_term_string\"}}],\"inLanguage\":\"pl-PL\"},{\"@type\":\"Organization\",\"@id\":\"https:\/\/qingdaohf.com\/bg\/#organization\",\"name\":\"Qingdao H&F\",\"url\":\"https:\/\/qingdaohf.com\/bg\/\",\"logo\":{\"@type\":\"ImageObject\",\"inLanguage\":\"pl-PL\",\"@id\":\"https:\/\/qingdaohf.com\/bg\/#\/schema\/logo\/image\/\",\"url\":\"https:\/\/qingdaohf.com\/wp-content\/uploads\/2022\/12\/cropped-HF-LOGO.png\",\"contentUrl\":\"https:\/\/qingdaohf.com\/wp-content\/uploads\/2022\/12\/cropped-HF-LOGO.png\",\"width\":391,\"height\":249,\"caption\":\"Qingdao H&F\"},\"image\":{\"@id\":\"https:\/\/qingdaohf.com\/bg\/#\/schema\/logo\/image\/\"},\"sameAs\":[\"https:\/\/www.facebook.com\/qingdaohf\"]}]}<\/script>\n<!-- \/ Yoast SEO plugin. -->","yoast_head_json":{"title":"Concrete Ply Spacer Spreader Cleats","description":"Plywood form concrete ply spacer.3\/4\" ply spacer,1-1\/8\" ply spacer.","robots":{"index":"index","follow":"follow","max-snippet":"max-snippet:-1","max-image-preview":"max-image-preview:large","max-video-preview":"max-video-preview:-1"},"canonical":"https:\/\/qingdaohf.com\/pl\/produkt\/przekladka-warstwowa\/","og_locale":"pl_PL","og_type":"article","og_title":"Concrete Ply Spacer Spreader Cleats","og_description":"Plywood form concrete ply spacer.3\/4\" ply spacer,1-1\/8\" ply spacer.","og_url":"https:\/\/qingdaohf.com\/pl\/produkt\/przekladka-warstwowa\/","og_site_name":"Concrete Form &amp; Rigging Hardware Supplier","article_publisher":"https:\/\/www.facebook.com\/qingdaohf","article_modified_time":"2025-11-13T01:03:15+00:00","og_image":[{"width":1000,"height":1000,"url":"https:\/\/qingdaohf.com\/wp-content\/uploads\/2023\/01\/PLY-SPACER-3.jpg","type":"image\/jpeg"}],"twitter_card":"summary_large_image","twitter_misc":{"Szacowany czas czytania":"4 minuty"},"schema":{"@context":"https:\/\/schema.org","@graph":[{"@type":"WebPage","@id":"https:\/\/qingdaohf.com\/product\/spreader-cleats\/","url":"https:\/\/qingdaohf.com\/product\/spreader-cleats\/","name":"Concrete Ply Spacer Spreader Cleats","isPartOf":{"@id":"https:\/\/qingdaohf.com\/bg\/#website"},"primaryImageOfPage":{"@id":"https:\/\/qingdaohf.com\/product\/spreader-cleats\/#primaryimage"},"image":{"@id":"https:\/\/qingdaohf.com\/product\/spreader-cleats\/#primaryimage"},"thumbnailUrl":"https:\/\/qingdaohf.com\/wp-content\/uploads\/2023\/01\/PLY-SPACER-3.jpg","datePublished":"2024-06-24T06:06:56+00:00","dateModified":"2025-11-13T01:03:15+00:00","description":"Plywood form concrete ply spacer.3\/4\" ply spacer,1-1\/8\" ply spacer.","breadcrumb":{"@id":"https:\/\/qingdaohf.com\/product\/spreader-cleats\/#breadcrumb"},"inLanguage":"pl-PL","potentialAction":[{"@type":"ReadAction","target":["https:\/\/qingdaohf.com\/product\/spreader-cleats\/"]}]},{"@type":"ImageObject","inLanguage":"pl-PL","@id":"https:\/\/qingdaohf.com\/product\/spreader-cleats\/#primaryimage","url":"https:\/\/qingdaohf.com\/wp-content\/uploads\/2023\/01\/PLY-SPACER-3.jpg","contentUrl":"https:\/\/qingdaohf.com\/wp-content\/uploads\/2023\/01\/PLY-SPACER-3.jpg","width":1000,"height":1000,"caption":"PLY SPACER"},{"@type":"BreadcrumbList","@id":"https:\/\/qingdaohf.com\/product\/spreader-cleats\/#breadcrumb","itemListElement":[{"@type":"ListItem","position":1,"name":"Home","item":"https:\/\/qingdaohf.com\/"},{"@type":"ListItem","position":2,"name":"Concrete Forming Accessories and Rigging Hardware","item":"https:\/\/qingdaohf.com\/bg\/?page_id=944"},{"@type":"ListItem","position":3,"name":"Concrete Ply Spacer Spreader Cleats"}]},{"@type":"WebSite","@id":"https:\/\/qingdaohf.com\/bg\/#website","url":"https:\/\/qingdaohf.com\/bg\/","name":"Concrete Form & Rigging Hardware Supplier","description":"","publisher":{"@id":"https:\/\/qingdaohf.com\/bg\/#organization"},"potentialAction":[{"@type":"SearchAction","target":{"@type":"EntryPoint","urlTemplate":"https:\/\/qingdaohf.com\/bg\/?s={search_term_string}"},"query-input":{"@type":"PropertyValueSpecification","valueRequired":true,"valueName":"search_term_string"}}],"inLanguage":"pl-PL"},{"@type":"Organization","@id":"https:\/\/qingdaohf.com\/bg\/#organization","name":"Qingdao H&F","url":"https:\/\/qingdaohf.com\/bg\/","logo":{"@type":"ImageObject","inLanguage":"pl-PL","@id":"https:\/\/qingdaohf.com\/bg\/#\/schema\/logo\/image\/","url":"https:\/\/qingdaohf.com\/wp-content\/uploads\/2022\/12\/cropped-HF-LOGO.png","contentUrl":"https:\/\/qingdaohf.com\/wp-content\/uploads\/2022\/12\/cropped-HF-LOGO.png","width":391,"height":249,"caption":"Qingdao H&F"},"image":{"@id":"https:\/\/qingdaohf.com\/bg\/#\/schema\/logo\/image\/"},"sameAs":["https:\/\/www.facebook.com\/qingdaohf"]}]}},"_links":{"self":[{"href":"https:\/\/qingdaohf.com\/pl\/wp-json\/wp\/v2\/product\/1731","targetHints":{"allow":["GET"]}}],"collection":[{"href":"https:\/\/qingdaohf.com\/pl\/wp-json\/wp\/v2\/product"}],"about":[{"href":"https:\/\/qingdaohf.com\/pl\/wp-json\/wp\/v2\/types\/product"}],"replies":[{"embeddable":true,"href":"https:\/\/qingdaohf.com\/pl\/wp-json\/wp\/v2\/comments?post=1731"}],"version-history":[{"count":5,"href":"https:\/\/qingdaohf.com\/pl\/wp-json\/wp\/v2\/product\/1731\/revisions"}],"predecessor-version":[{"id":9012,"href":"https:\/\/qingdaohf.com\/pl\/wp-json\/wp\/v2\/product\/1731\/revisions\/9012"}],"wp:featuredmedia":[{"embeddable":true,"href":"https:\/\/qingdaohf.com\/pl\/wp-json\/wp\/v2\/media\/2918"}],"wp:attachment":[{"href":"https:\/\/qingdaohf.com\/pl\/wp-json\/wp\/v2\/media?parent=1731"}],"wp:term":[{"taxonomy":"product_brand","embeddable":true,"href":"https:\/\/qingdaohf.com\/pl\/wp-json\/wp\/v2\/product_brand?post=1731"},{"taxonomy":"product_cat","embeddable":true,"href":"https:\/\/qingdaohf.com\/pl\/wp-json\/wp\/v2\/product_cat?post=1731"},{"taxonomy":"product_tag","embeddable":true,"href":"https:\/\/qingdaohf.com\/pl\/wp-json\/wp\/v2\/product_tag?post=1731"}],"curies":[{"name":"wp","href":"https:\/\/api.w.org\/{rel}","templated":true}]}}