{"id":2056,"date":"2023-02-07T17:01:21","date_gmt":"2023-02-07T09:01:21","guid":{"rendered":"http:\/\/qingdaohf.com\/?post_type=product&#038;p=2056"},"modified":"2025-11-13T09:06:37","modified_gmt":"2025-11-13T01:06:37","slug":"coil-rods","status":"publish","type":"product","link":"https:\/\/qingdaohf.com\/pl\/produkt\/prety-cewki\/","title":{"rendered":"Pr\u0119ty do szalunk\u00f3w"},"content":{"rendered":"<h1 class=\"font-600 text-2xl font-bold\">Zasadnicza rola pr\u0119t\u00f3w cewek szalunkowych w budownictwie<\/h1>\n<p class=\"whitespace-pre-wrap break-words\">Porozmawiajmy o pr\u0119tach zbrojeniowych - s\u0105 one podstaw\u0105 ka\u017cdego solidnego systemu szalunkowego. Zbudowane z wytrzyma\u0142ej, wysokowytrzyma\u0142ej stali, pr\u0119ty te radz\u0105 sobie z ogromnym naciskiem mokrego betonu jak mistrzowie. Utrzymuj\u0105 wszystko stabilnie i na miejscu podczas wi\u0105zania betonu, niezale\u017cnie od tego, czy budujesz drapacze chmur, mosty czy domy.<\/p>\n<p class=\"whitespace-pre-wrap break-words\">Dr\u0105\u017cki te s\u0105 cz\u0119\u015bci\u0105 tego, co nazywamy systemem dr\u0105\u017ck\u00f3w kierowniczych, kt\u00f3ry \u0142\u0105czy ograniczniki wody, dr\u0105\u017cki kierownicze i nakr\u0119tki motylkowe w jedn\u0105 p\u0142ynnie dzia\u0142aj\u0105c\u0105 jednostk\u0119. Ka\u017cdy element wykonuje swoj\u0105 w\u0142asn\u0105 prac\u0119, ale razem sprawiaj\u0105, \u017ce nowoczesna konstrukcja dzia\u0142a jak w zegarku.<\/p>\n<p class=\"whitespace-pre-wrap break-words\">Gwiazd\u0105 pokazu jest sam pr\u0119t cewki z gwintowanymi ko\u0144cami, kt\u00f3re sprawiaj\u0105, \u017ce konfiguracja i demonta\u017c s\u0105 dziecinnie proste. Chcesz dostosowa\u0107 si\u0119 do r\u00f3\u017cnych potrzeb projektowych? \u017baden problem - te dr\u0105\u017cki pasuj\u0105 do wszystkich rodzaj\u00f3w akcesori\u00f3w. Od wylewania betonu na du\u017c\u0105 wysoko\u015b\u0107 po tworzenie szczeg\u00f3\u0142owych element\u00f3w architektonicznych, pr\u0119ty gwintowane zapewniaj\u0105 niezawodne rezultaty za ka\u017cdym razem.<\/p>\n<p><img fetchpriority=\"high\" decoding=\"async\" class=\"alignnone wp-image-8579 size-full\" src=\"http:\/\/qingdaohf.com\/wp-content\/uploads\/2024\/12\/tie-rod-92.webp\" alt=\"system dr\u0105\u017ck\u00f3w kierowniczych\" width=\"1000\" height=\"1000\" srcset=\"https:\/\/qingdaohf.com\/wp-content\/uploads\/2024\/12\/tie-rod-92.webp 1000w, https:\/\/qingdaohf.com\/wp-content\/uploads\/2024\/12\/tie-rod-92-300x300.webp 300w, https:\/\/qingdaohf.com\/wp-content\/uploads\/2024\/12\/tie-rod-92-150x150.webp 150w, https:\/\/qingdaohf.com\/wp-content\/uploads\/2024\/12\/tie-rod-92-768x768.webp 768w, https:\/\/qingdaohf.com\/wp-content\/uploads\/2024\/12\/tie-rod-92-12x12.webp 12w, https:\/\/qingdaohf.com\/wp-content\/uploads\/2024\/12\/tie-rod-92-500x500.webp 500w, https:\/\/qingdaohf.com\/wp-content\/uploads\/2024\/12\/tie-rod-92-100x100.webp 100w\" sizes=\"(max-width: 1000px) 100vw, 1000px\" \/><\/p>\n<h1 class=\"font-600 text-2xl font-bold\">Rozpakowywanie systemu dr\u0105\u017ck\u00f3w kierowniczych: Ograniczniki wody, dr\u0105\u017cki kierownicze i nakr\u0119tki skrzyde\u0142kowe<\/h1>\n<p class=\"whitespace-pre-wrap break-words\">Pomy\u015bl o systemie dr\u0105\u017ck\u00f3w kierowniczych jak o szwajcarskim scyzoryku na wyzwania budowlane. We\u017amy na przyk\u0142ad ograniczniki wody - s\u0105 one kluczowe podczas budowania rzeczy, kt\u00f3re musz\u0105 pozosta\u0107 suche, takich jak piwnice i \u015bciany oporowe. Uszczelniaj\u0105 one \u015bcie\u017ck\u0119 wok\u00f3\u0142 ci\u0119gna, utrzymuj\u0105c wod\u0119 tam, gdzie jej miejsce - poza konstrukcj\u0105.<\/p>\n<p class=\"whitespace-pre-wrap break-words\">Pr\u0119ty \u015bci\u0105gaj\u0105ce \u0142\u0105cz\u0105 si\u0119 z nakr\u0119tkami motylkowymi, aby mocno zablokowa\u0107 szalunek. Pr\u0119ty rozci\u0105gaj\u0105 si\u0119 w poprzek paneli szalunkowych, utrzymuj\u0105c je w odpowiedniej odleg\u0142o\u015bci od siebie i wytrzymuj\u0105c nacisk betonu. Nakr\u0119tki motylkowe u\u0142atwiaj\u0105 ustawienie idealnego dopasowania podczas konfiguracji i roz\u0142\u0105czenie wszystkiego, gdy beton jest ju\u017c gotowy.<\/p>\n<p class=\"whitespace-pre-wrap break-words\">W Qingdao H&amp;F mamy obsesj\u0119 na punkcie prawid\u0142owego gwintowania naszych pr\u0119t\u00f3w. Dlaczego? Poniewa\u017c doskona\u0142e gwintowanie oznacza, \u017ce wszystko pasuje do siebie p\u0142ynnie - ograniczniki wody, nakr\u0119tki motylkowe, wszystko. Dok\u0142adnie testujemy ka\u017cdy pojedynczy element, dzi\u0119ki czemu wiesz, \u017ce poradzi sobie z ka\u017cdym wyzwaniem.<\/p>\n<h1 class=\"font-600 text-2xl font-bold\">Dlaczego warto wybra\u0107 Qingdao H&amp;F dla pr\u0119t\u00f3w cewek szalunkowych?<\/h1>\n<p class=\"whitespace-pre-wrap break-words\">Kupuj\u0105c pr\u0119ty gwintowane, potrzebujesz czego\u015b wi\u0119cej ni\u017c tylko dobrych produkt\u00f3w - potrzebujesz ca\u0142ego pakietu, aby dzia\u0142a\u0142 p\u0142ynnie. I tu w\u0142a\u015bnie b\u0142yszczymy.<\/p>\n<p class=\"whitespace-pre-wrap break-words\">Ka\u017cdemu klientowi zapewniamy kontakt z w\u0142asnym ekspertem. Potrzebujesz niestandardowych d\u0142ugo\u015bci? Specjalnego gwintowania? Okre\u015blonych akcesori\u00f3w? Tw\u00f3j dedykowany profesjonalista sprawi, \u017ce tak si\u0119 stanie. Zrozumie dok\u0142adnie, czego potrzebujesz i upewni si\u0119, \u017ce to otrzymasz.<\/p>\n<p class=\"whitespace-pre-wrap break-words\">Czas to pieni\u0105dz w budownictwie i rozumiemy to. Nikt nie chce, aby jego projekt by\u0142 wstrzymywany w oczekiwaniu na materia\u0142y. Dlatego zbudowali\u015bmy nasz system dostaw, aby by\u0142 szybki i niezawodny. Dysponujemy po\u0142\u0105czeniami i systemami, kt\u00f3re pozwalaj\u0105 nam dostarcza\u0107 materia\u0142y tam, gdzie powinny si\u0119 znale\u017a\u0107, dok\u0142adnie wtedy, kiedy powinny.<\/p>\n<p class=\"whitespace-pre-wrap break-words\">Jako\u015b\u0107 nie jest czym\u015b, z czym si\u0119 obnosimy. Ka\u017cdy pr\u0119t gwintowany jest dostarczany ze szczeg\u00f3\u0142owymi raportami z inspekcji, kt\u00f3re dok\u0142adnie opisuj\u0105 jego dzia\u0142anie. Od wytrzyma\u0142o\u015bci po precyzj\u0119 gwintowania - wszystko jest tam czarno na bia\u0142ym. Testujemy wszystko pod k\u0105tem standard\u00f3w bran\u017cowych, poniewa\u017c wiemy, \u017ce tego w\u0142a\u015bnie potrzebujesz.<\/p>\n<p class=\"whitespace-pre-wrap break-words\">Niezale\u017cnie od tego, czy masz do czynienia z ogromnym projektem infrastrukturalnym, czy z czym\u015b mniejszym i specjalistycznym, nasze pr\u0119ty w kr\u0119gach poradz\u0105 sobie z tym. Dodajmy do tego nasz\u0105 koncentracj\u0119 na zadowoleniu klient\u00f3w, a zobaczysz, dlaczego budowniczowie ufaj\u0105 Qingdao H&amp;F.<\/p>","protected":false},"excerpt":{"rendered":"<p>Pr\u0119ty do szalunk\u00f3w s\u0105 integraln\u0105 cz\u0119\u015bci\u0105 nowoczesnego budownictwa, zapewniaj\u0105c bezpieczny i wydajny monta\u017c szalunk\u00f3w betonowych. Kupuj\u0105cy cz\u0119sto priorytetowo traktuj\u0105 trwa\u0142o\u015b\u0107, kompatybilno\u015b\u0107 z systemami szalunkowymi i dost\u0119pno\u015b\u0107 akcesori\u00f3w do zatrzymywania wody. W Qingdao H&amp;F rozumiemy te obawy. Dzi\u0119ki naszej indywidualnej obs\u0142udze klienta zapewniamy szczeg\u00f3\u0142owe raporty z kontroli jako\u015bci, szybkie cykle dostaw i konfigurowalne rozwi\u0105zania dostosowane do potrzeb budowlanych. Niezale\u017cnie od tego, czy poszukujesz pr\u0119t\u00f3w w kr\u0119gach do infrastruktury na du\u017c\u0105 skal\u0119, czy do mniejszych projekt\u00f3w, jeste\u015bmy zobowi\u0105zani do oferowania niezawodno\u015bci i precyzji.<\/p>\n<p>&nbsp;<\/p>","protected":false},"featured_media":2710,"comment_status":"open","ping_status":"closed","template":"","meta":{"site-sidebar-layout":"default","site-content-layout":"default","ast-site-content-layout":"default","site-content-style":"default","site-sidebar-style":"default","ast-global-header-display":"","ast-banner-title-visibility":"","ast-main-header-display":"","ast-hfb-above-header-display":"","ast-hfb-below-header-display":"","ast-hfb-mobile-header-display":"","site-post-title":"","ast-breadcrumbs-content":"","ast-featured-img":"","footer-sml-layout":"","theme-transparent-header-meta":"default","adv-header-id-meta":"","stick-header-meta":"default","header-above-stick-meta":"","header-main-stick-meta":"","header-below-stick-meta":"","astra-migrate-meta-layouts":"set","ast-page-background-enabled":"default","ast-page-background-meta":{"desktop":{"background-color":"","background-image":"","background-repeat":"repeat","background-position":"center center","background-size":"auto","background-attachment":"scroll","background-type":"","background-media":"","overlay-type":"","overlay-color":"","overlay-opacity":"","overlay-gradient":""},"tablet":{"background-color":"","background-image":"","background-repeat":"repeat","background-position":"center center","background-size":"auto","background-attachment":"scroll","background-type":"","background-media":"","overlay-type":"","overlay-color":"","overlay-opacity":"","overlay-gradient":""},"mobile":{"background-color":"","background-image":"","background-repeat":"repeat","background-position":"center center","background-size":"auto","background-attachment":"scroll","background-type":"","background-media":"","overlay-type":"","overlay-color":"","overlay-opacity":"","overlay-gradient":""}},"ast-content-background-meta":{"desktop":{"background-color":"var(--ast-global-color-5)","background-image":"","background-repeat":"repeat","background-position":"center center","background-size":"auto","background-attachment":"scroll","background-type":"","background-media":"","overlay-type":"","overlay-color":"","overlay-opacity":"","overlay-gradient":""},"tablet":{"background-color":"var(--ast-global-color-5)","background-image":"","background-repeat":"repeat","background-position":"center center","background-size":"auto","background-attachment":"scroll","background-type":"","background-media":"","overlay-type":"","overlay-color":"","overlay-opacity":"","overlay-gradient":""},"mobile":{"background-color":"var(--ast-global-color-5)","background-image":"","background-repeat":"repeat","background-position":"center center","background-size":"auto","background-attachment":"scroll","background-type":"","background-media":"","overlay-type":"","overlay-color":"","overlay-opacity":"","overlay-gradient":""}}},"product_brand":[],"product_cat":[79],"product_tag":[],"class_list":{"0":"post-2056","1":"product","2":"type-product","3":"status-publish","4":"has-post-thumbnail","6":"product_cat-tie-rod-system","7":"desktop-align-left","8":"tablet-align-left","9":"mobile-align-left","10":"ast-product-gallery-layout-horizontal-slider","11":"ast-product-tabs-layout-horizontal","13":"first","14":"instock","15":"shipping-taxable","16":"purchasable","17":"product-type-simple"},"yoast_head":"<!-- This site is optimized with the Yoast SEO plugin v25.2 - https:\/\/yoast.com\/wordpress\/plugins\/seo\/ -->\n<title>Formwork Coil Rods<\/title>\n<meta name=\"description\" content=\"Coil rods are used in concrete forming applications. Their loose threads design curtails dust and dirt accumulation.\" \/>\n<meta name=\"robots\" content=\"index, follow, max-snippet:-1, max-image-preview:large, max-video-preview:-1\" \/>\n<link rel=\"canonical\" href=\"https:\/\/qingdaohf.com\/pl\/produkt\/prety-cewki\/\" \/>\n<meta property=\"og:locale\" content=\"pl_PL\" \/>\n<meta property=\"og:type\" content=\"article\" \/>\n<meta property=\"og:title\" content=\"Formwork Coil Rods\" \/>\n<meta property=\"og:description\" content=\"Coil rods are used in concrete forming applications. Their loose threads design curtails dust and dirt accumulation.\" \/>\n<meta property=\"og:url\" content=\"https:\/\/qingdaohf.com\/pl\/produkt\/prety-cewki\/\" \/>\n<meta property=\"og:site_name\" content=\"Concrete Form &amp; Rigging Hardware Supplier\" \/>\n<meta property=\"article:publisher\" content=\"https:\/\/www.facebook.com\/qingdaohf\" \/>\n<meta property=\"article:modified_time\" content=\"2025-11-13T01:06:37+00:00\" \/>\n<meta property=\"og:image\" content=\"https:\/\/qingdaohf.com\/wp-content\/uploads\/2023\/02\/Coil-Rod-1.jpg\" \/>\n\t<meta property=\"og:image:width\" content=\"1000\" \/>\n\t<meta property=\"og:image:height\" content=\"1000\" \/>\n\t<meta property=\"og:image:type\" content=\"image\/jpeg\" \/>\n<meta name=\"twitter:card\" content=\"summary_large_image\" \/>\n<meta name=\"twitter:label1\" content=\"Szacowany czas czytania\" \/>\n\t<meta name=\"twitter:data1\" content=\"3 minuty\" \/>\n<script type=\"application\/ld+json\" class=\"yoast-schema-graph\">{\"@context\":\"https:\/\/schema.org\",\"@graph\":[{\"@type\":\"WebPage\",\"@id\":\"https:\/\/qingdaohf.com\/product\/coil-rods\/\",\"url\":\"https:\/\/qingdaohf.com\/product\/coil-rods\/\",\"name\":\"Formwork Coil Rods\",\"isPartOf\":{\"@id\":\"https:\/\/qingdaohf.com\/bg\/#website\"},\"primaryImageOfPage\":{\"@id\":\"https:\/\/qingdaohf.com\/product\/coil-rods\/#primaryimage\"},\"image\":{\"@id\":\"https:\/\/qingdaohf.com\/product\/coil-rods\/#primaryimage\"},\"thumbnailUrl\":\"https:\/\/qingdaohf.com\/wp-content\/uploads\/2023\/02\/Coil-Rod-1.jpg\",\"datePublished\":\"2023-02-07T09:01:21+00:00\",\"dateModified\":\"2025-11-13T01:06:37+00:00\",\"description\":\"Coil rods are used in concrete forming applications. Their loose threads design curtails dust and dirt accumulation.\",\"breadcrumb\":{\"@id\":\"https:\/\/qingdaohf.com\/product\/coil-rods\/#breadcrumb\"},\"inLanguage\":\"pl-PL\",\"potentialAction\":[{\"@type\":\"ReadAction\",\"target\":[\"https:\/\/qingdaohf.com\/product\/coil-rods\/\"]}]},{\"@type\":\"ImageObject\",\"inLanguage\":\"pl-PL\",\"@id\":\"https:\/\/qingdaohf.com\/product\/coil-rods\/#primaryimage\",\"url\":\"https:\/\/qingdaohf.com\/wp-content\/uploads\/2023\/02\/Coil-Rod-1.jpg\",\"contentUrl\":\"https:\/\/qingdaohf.com\/wp-content\/uploads\/2023\/02\/Coil-Rod-1.jpg\",\"width\":1000,\"height\":1000,\"caption\":\"Coil Rod\"},{\"@type\":\"BreadcrumbList\",\"@id\":\"https:\/\/qingdaohf.com\/product\/coil-rods\/#breadcrumb\",\"itemListElement\":[{\"@type\":\"ListItem\",\"position\":1,\"name\":\"Home\",\"item\":\"https:\/\/qingdaohf.com\/\"},{\"@type\":\"ListItem\",\"position\":2,\"name\":\"Concrete Forming Accessories and Rigging Hardware\",\"item\":\"https:\/\/qingdaohf.com\/bg\/?page_id=944\"},{\"@type\":\"ListItem\",\"position\":3,\"name\":\"Formwork Coil Rods\"}]},{\"@type\":\"WebSite\",\"@id\":\"https:\/\/qingdaohf.com\/bg\/#website\",\"url\":\"https:\/\/qingdaohf.com\/bg\/\",\"name\":\"Concrete Form & Rigging Hardware Supplier\",\"description\":\"\",\"publisher\":{\"@id\":\"https:\/\/qingdaohf.com\/bg\/#organization\"},\"potentialAction\":[{\"@type\":\"SearchAction\",\"target\":{\"@type\":\"EntryPoint\",\"urlTemplate\":\"https:\/\/qingdaohf.com\/bg\/?s={search_term_string}\"},\"query-input\":{\"@type\":\"PropertyValueSpecification\",\"valueRequired\":true,\"valueName\":\"search_term_string\"}}],\"inLanguage\":\"pl-PL\"},{\"@type\":\"Organization\",\"@id\":\"https:\/\/qingdaohf.com\/bg\/#organization\",\"name\":\"Qingdao H&F\",\"url\":\"https:\/\/qingdaohf.com\/bg\/\",\"logo\":{\"@type\":\"ImageObject\",\"inLanguage\":\"pl-PL\",\"@id\":\"https:\/\/qingdaohf.com\/bg\/#\/schema\/logo\/image\/\",\"url\":\"https:\/\/qingdaohf.com\/wp-content\/uploads\/2022\/12\/cropped-HF-LOGO.png\",\"contentUrl\":\"https:\/\/qingdaohf.com\/wp-content\/uploads\/2022\/12\/cropped-HF-LOGO.png\",\"width\":391,\"height\":249,\"caption\":\"Qingdao H&F\"},\"image\":{\"@id\":\"https:\/\/qingdaohf.com\/bg\/#\/schema\/logo\/image\/\"},\"sameAs\":[\"https:\/\/www.facebook.com\/qingdaohf\"]}]}<\/script>\n<!-- \/ Yoast SEO plugin. -->","yoast_head_json":{"title":"Formwork Coil Rods","description":"Coil rods are used in concrete forming applications. Their loose threads design curtails dust and dirt accumulation.","robots":{"index":"index","follow":"follow","max-snippet":"max-snippet:-1","max-image-preview":"max-image-preview:large","max-video-preview":"max-video-preview:-1"},"canonical":"https:\/\/qingdaohf.com\/pl\/produkt\/prety-cewki\/","og_locale":"pl_PL","og_type":"article","og_title":"Formwork Coil Rods","og_description":"Coil rods are used in concrete forming applications. Their loose threads design curtails dust and dirt accumulation.","og_url":"https:\/\/qingdaohf.com\/pl\/produkt\/prety-cewki\/","og_site_name":"Concrete Form &amp; Rigging Hardware Supplier","article_publisher":"https:\/\/www.facebook.com\/qingdaohf","article_modified_time":"2025-11-13T01:06:37+00:00","og_image":[{"width":1000,"height":1000,"url":"https:\/\/qingdaohf.com\/wp-content\/uploads\/2023\/02\/Coil-Rod-1.jpg","type":"image\/jpeg"}],"twitter_card":"summary_large_image","twitter_misc":{"Szacowany czas czytania":"3 minuty"},"schema":{"@context":"https:\/\/schema.org","@graph":[{"@type":"WebPage","@id":"https:\/\/qingdaohf.com\/product\/coil-rods\/","url":"https:\/\/qingdaohf.com\/product\/coil-rods\/","name":"Formwork Coil Rods","isPartOf":{"@id":"https:\/\/qingdaohf.com\/bg\/#website"},"primaryImageOfPage":{"@id":"https:\/\/qingdaohf.com\/product\/coil-rods\/#primaryimage"},"image":{"@id":"https:\/\/qingdaohf.com\/product\/coil-rods\/#primaryimage"},"thumbnailUrl":"https:\/\/qingdaohf.com\/wp-content\/uploads\/2023\/02\/Coil-Rod-1.jpg","datePublished":"2023-02-07T09:01:21+00:00","dateModified":"2025-11-13T01:06:37+00:00","description":"Coil rods are used in concrete forming applications. Their loose threads design curtails dust and dirt accumulation.","breadcrumb":{"@id":"https:\/\/qingdaohf.com\/product\/coil-rods\/#breadcrumb"},"inLanguage":"pl-PL","potentialAction":[{"@type":"ReadAction","target":["https:\/\/qingdaohf.com\/product\/coil-rods\/"]}]},{"@type":"ImageObject","inLanguage":"pl-PL","@id":"https:\/\/qingdaohf.com\/product\/coil-rods\/#primaryimage","url":"https:\/\/qingdaohf.com\/wp-content\/uploads\/2023\/02\/Coil-Rod-1.jpg","contentUrl":"https:\/\/qingdaohf.com\/wp-content\/uploads\/2023\/02\/Coil-Rod-1.jpg","width":1000,"height":1000,"caption":"Coil Rod"},{"@type":"BreadcrumbList","@id":"https:\/\/qingdaohf.com\/product\/coil-rods\/#breadcrumb","itemListElement":[{"@type":"ListItem","position":1,"name":"Home","item":"https:\/\/qingdaohf.com\/"},{"@type":"ListItem","position":2,"name":"Concrete Forming Accessories and Rigging Hardware","item":"https:\/\/qingdaohf.com\/bg\/?page_id=944"},{"@type":"ListItem","position":3,"name":"Formwork Coil Rods"}]},{"@type":"WebSite","@id":"https:\/\/qingdaohf.com\/bg\/#website","url":"https:\/\/qingdaohf.com\/bg\/","name":"Concrete Form & Rigging Hardware Supplier","description":"","publisher":{"@id":"https:\/\/qingdaohf.com\/bg\/#organization"},"potentialAction":[{"@type":"SearchAction","target":{"@type":"EntryPoint","urlTemplate":"https:\/\/qingdaohf.com\/bg\/?s={search_term_string}"},"query-input":{"@type":"PropertyValueSpecification","valueRequired":true,"valueName":"search_term_string"}}],"inLanguage":"pl-PL"},{"@type":"Organization","@id":"https:\/\/qingdaohf.com\/bg\/#organization","name":"Qingdao H&F","url":"https:\/\/qingdaohf.com\/bg\/","logo":{"@type":"ImageObject","inLanguage":"pl-PL","@id":"https:\/\/qingdaohf.com\/bg\/#\/schema\/logo\/image\/","url":"https:\/\/qingdaohf.com\/wp-content\/uploads\/2022\/12\/cropped-HF-LOGO.png","contentUrl":"https:\/\/qingdaohf.com\/wp-content\/uploads\/2022\/12\/cropped-HF-LOGO.png","width":391,"height":249,"caption":"Qingdao H&F"},"image":{"@id":"https:\/\/qingdaohf.com\/bg\/#\/schema\/logo\/image\/"},"sameAs":["https:\/\/www.facebook.com\/qingdaohf"]}]}},"_links":{"self":[{"href":"https:\/\/qingdaohf.com\/pl\/wp-json\/wp\/v2\/product\/2056","targetHints":{"allow":["GET"]}}],"collection":[{"href":"https:\/\/qingdaohf.com\/pl\/wp-json\/wp\/v2\/product"}],"about":[{"href":"https:\/\/qingdaohf.com\/pl\/wp-json\/wp\/v2\/types\/product"}],"replies":[{"embeddable":true,"href":"https:\/\/qingdaohf.com\/pl\/wp-json\/wp\/v2\/comments?post=2056"}],"version-history":[{"count":3,"href":"https:\/\/qingdaohf.com\/pl\/wp-json\/wp\/v2\/product\/2056\/revisions"}],"predecessor-version":[{"id":8605,"href":"https:\/\/qingdaohf.com\/pl\/wp-json\/wp\/v2\/product\/2056\/revisions\/8605"}],"wp:featuredmedia":[{"embeddable":true,"href":"https:\/\/qingdaohf.com\/pl\/wp-json\/wp\/v2\/media\/2710"}],"wp:attachment":[{"href":"https:\/\/qingdaohf.com\/pl\/wp-json\/wp\/v2\/media?parent=2056"}],"wp:term":[{"taxonomy":"product_brand","embeddable":true,"href":"https:\/\/qingdaohf.com\/pl\/wp-json\/wp\/v2\/product_brand?post=2056"},{"taxonomy":"product_cat","embeddable":true,"href":"https:\/\/qingdaohf.com\/pl\/wp-json\/wp\/v2\/product_cat?post=2056"},{"taxonomy":"product_tag","embeddable":true,"href":"https:\/\/qingdaohf.com\/pl\/wp-json\/wp\/v2\/product_tag?post=2056"}],"curies":[{"name":"wp","href":"https:\/\/api.w.org\/{rel}","templated":true}]}}