{"id":2076,"date":"2023-02-08T16:18:02","date_gmt":"2023-02-08T08:18:02","guid":{"rendered":"http:\/\/qingdaohf.com\/?post_type=product&#038;p=2076"},"modified":"2025-11-13T09:06:36","modified_gmt":"2025-11-13T01:06:36","slug":"concrete-form-pins","status":"publish","type":"product","link":"https:\/\/qingdaohf.com\/pl\/produkt\/szpilki-do-form-betonowych\/","title":{"rendered":"Ko\u0142ki do form betonowych"},"content":{"rendered":"<div class=\"ast-oembed-container\" style=\"height: 100%;\"><iframe title=\"Stalowy s\u0142upek betonowy\" width=\"500\" height=\"281\" src=\"https:\/\/www.youtube.com\/embed\/kDArajRbFtQ?feature=oembed\" frameborder=\"0\" allow=\"accelerometer; autoplay; clipboard-write; encrypted-media; gyroscope; picture-in-picture; web-share\" referrerpolicy=\"strict-origin-when-cross-origin\" allowfullscreen><\/iframe><\/div>\n<p>W pogoni za najwy\u017cszej jako\u015bci materia\u0142ami budowlanymi rozumiemy, \u017ce wymagasz doskona\u0142o\u015bci i niezawodno\u015bci. W tym miejscu wkracza Qingdao H&amp;F - zaufany partner we wszystkich potrzebach budowlanych, oferuj\u0105cy najlepsze okr\u0105g\u0142e gwo\u017adzie stalowe poparte 20-letnim do\u015bwiadczeniem w bran\u017cy.<\/p>\n<p><strong>1. Niezr\u00f3wnana trwa\u0142o\u015b\u0107 i wytrzyma\u0142o\u015b\u0107:<\/strong> Zdajemy sobie spraw\u0119, \u017ce w przypadku okr\u0105g\u0142ych gwo\u017adzi stalowych trwa\u0142o\u015b\u0107 i wytrzyma\u0142o\u015b\u0107 nie podlegaj\u0105 negocjacjom. Nasza wsp\u00f3\u0142pracuj\u0105ca fabryka, specjalizuj\u0105ca si\u0119 w akcesoriach do formowania betonu i sprz\u0119cie do podwieszania, precyzyjnie wykonuje te paliki z wysokiej jako\u015bci stali. Gwarantuje to solidno\u015b\u0107 i odporno\u015b\u0107, kt\u00f3rych wymagaj\u0105 Twoje projekty.<\/p>\n<p><strong>2. Sp\u00f3jno\u015b\u0107, kt\u00f3rej mo\u017cna zaufa\u0107:<\/strong> Sp\u00f3jno\u015b\u0107 i zapewnienie jako\u015bci s\u0105 najwa\u017cniejsze. Ka\u017cdy okr\u0105g\u0142y gw\u00f3\u017ad\u017a stalowy przechodzi rygorystyczn\u0105 kontrol\u0119, a do ka\u017cdego zam\u00f3wienia do\u0142\u0105czamy kompleksowy raport z kontroli jako\u015bci. Gwarantuje to, \u017ce za ka\u017cdym razem otrzymasz produkty spe\u0142niaj\u0105ce najwy\u017csze standardy bran\u017cowe.<\/p>\n<p><strong>3. Dostosowane do potrzeb u\u017cytkownika:<\/strong> Twoje projekty s\u0105 unikalne, a opcje dostosowywania maj\u0105 kluczowe znaczenie. Oferujemy elastyczno\u015b\u0107 w dostosowywaniu okr\u0105g\u0142ych stalowych gwo\u017adzi do precyzyjnych wymiar\u00f3w i specyfikacji, zapewniaj\u0105c ich p\u0142ynn\u0105 integracj\u0119 z Twoimi przedsi\u0119wzi\u0119ciami.<\/p>\n<p><strong>4. Konkurencyjne ceny:<\/strong> Rozumiemy, \u017ce cho\u0107 jako\u015b\u0107 jest kluczowa, liczy si\u0119 r\u00f3wnie\u017c konkurencyjna cena. Nasze wydajne procesy produkcyjne umo\u017cliwiaj\u0105 nam oferowanie okr\u0105g\u0142ych stalowych gwo\u017adzi w cenach, kt\u00f3re pasuj\u0105 do Twojego bud\u017cetu, bez uszczerbku dla jako\u015bci.<\/p>\n<p><strong>5. Szybka dost\u0119pno\u015b\u0107 i wygoda:<\/strong> Tw\u00f3j czas jest bezcenny, a posiadanie \u0142atwo dost\u0119pnych produkt\u00f3w ma kluczowe znaczenie. Utrzymujemy optymalny poziom zapas\u00f3w, zapewniaj\u0105c szybki dost\u0119p do okr\u0105g\u0142ych gwo\u017adzi stalowych i skracaj\u0105c czas przestoju projektu.<\/p>\n<p><strong>6. Do\u015bwiadcz naszego zaanga\u017cowania:<\/strong> Odkryj r\u00f3\u017cnic\u0119 z Qingdao H&amp;F. Oferujemy mo\u017cliwo\u015b\u0107 zam\u00f3wienia bezp\u0142atnych pr\u00f3bek naszych okr\u0105g\u0142ych gwo\u017adzi stalowych, dzi\u0119ki czemu mo\u017cna osobi\u015bcie przekona\u0107 si\u0119 o ich jako\u015bci. Ponadto nasza indywidualna obs\u0142uga klienta zapewnia wskaz\u00f3wki i wsparcie, kt\u00f3rych potrzebujesz podczas ca\u0142ej podr\u00f3\u017cy zakupowej.<\/p>\n<p>Jeste\u015bmy czym\u015b wi\u0119cej ni\u017c tylko dostawc\u0105 lub hurtownikiem; jeste\u015bmy dedykowanym partnerem w pozyskiwaniu wysokiej jako\u015bci okr\u0105g\u0142ych stalowych gwo\u017adzi luzem. Dzi\u0119ki naszemu do\u015bwiadczeniu, konkurencyjnym cenom i niezachwianemu zaanga\u017cowaniu w zadowolenie klienta, Qingdao H&amp;F jest zaufanym \u017ar\u00f3d\u0142em dla wszystkich wymaga\u0144 zwi\u0105zanych z budow\u0105 i formowaniem betonu.<\/p>\n<p>Wybierz nas, aby uzyska\u0107 p\u0142ynne do\u015bwiadczenie, kt\u00f3re idealnie pasuje do Twoich unikalnych wymaga\u0144 projektowych. Poznaj zalety wsp\u00f3\u0142pracy z renomowan\u0105 firm\u0105 szczyc\u0105c\u0105 si\u0119 dwiema dekadami doskona\u0142o\u015bci w bran\u017cy. Twoje poszukiwania najwy\u017cszej klasy okr\u0105g\u0142ych stalowych gwo\u017adzi ko\u0144cz\u0105 si\u0119 tutaj - skontaktuj si\u0119 z nami ju\u017c dzi\u015b i wznie\u015b swoje projekty budowlane na nowy poziom.<\/p>\n<p><img fetchpriority=\"high\" decoding=\"async\" class=\"alignnone wp-image-5536\" src=\"http:\/\/qingdaohf.com\/wp-content\/uploads\/2023\/02\/round-steel-stake-1.jpg\" alt=\"okr\u0105g\u0142y ko\u0142ek stalowy\" width=\"1200\" height=\"1200\" srcset=\"https:\/\/qingdaohf.com\/wp-content\/uploads\/2023\/02\/round-steel-stake-1.jpg 1000w, https:\/\/qingdaohf.com\/wp-content\/uploads\/2023\/02\/round-steel-stake-1-300x300.jpg 300w, https:\/\/qingdaohf.com\/wp-content\/uploads\/2023\/02\/round-steel-stake-1-150x150.jpg 150w, https:\/\/qingdaohf.com\/wp-content\/uploads\/2023\/02\/round-steel-stake-1-768x768.jpg 768w, https:\/\/qingdaohf.com\/wp-content\/uploads\/2023\/02\/round-steel-stake-1-500x500.jpg 500w, https:\/\/qingdaohf.com\/wp-content\/uploads\/2023\/02\/round-steel-stake-1-100x100.jpg 100w\" sizes=\"(max-width: 1200px) 100vw, 1200px\" \/><\/p>\n<p><img decoding=\"async\" class=\"alignnone size-full wp-image-2789\" src=\"http:\/\/qingdaohf.com\/wp-content\/uploads\/2023\/02\/\u672a\u6807\u9898-1.jpg\" alt=\"\" width=\"1200\" height=\"1200\" srcset=\"https:\/\/qingdaohf.com\/wp-content\/uploads\/2023\/02\/\u672a\u6807\u9898-1.jpg 1200w, https:\/\/qingdaohf.com\/wp-content\/uploads\/2023\/02\/\u672a\u6807\u9898-1-500x500.jpg 500w, https:\/\/qingdaohf.com\/wp-content\/uploads\/2023\/02\/\u672a\u6807\u9898-1-100x100.jpg 100w, https:\/\/qingdaohf.com\/wp-content\/uploads\/2023\/02\/\u672a\u6807\u9898-1-1000x1000.jpg 1000w, https:\/\/qingdaohf.com\/wp-content\/uploads\/2023\/02\/\u672a\u6807\u9898-1-300x300.jpg 300w, https:\/\/qingdaohf.com\/wp-content\/uploads\/2023\/02\/\u672a\u6807\u9898-1-1024x1024.jpg 1024w, https:\/\/qingdaohf.com\/wp-content\/uploads\/2023\/02\/\u672a\u6807\u9898-1-150x150.jpg 150w, https:\/\/qingdaohf.com\/wp-content\/uploads\/2023\/02\/\u672a\u6807\u9898-1-768x768.jpg 768w\" sizes=\"(max-width: 1200px) 100vw, 1200px\" \/><\/p>\n<div class=\"flex-1 overflow-hidden\">\n<div class=\"react-scroll-to-bottom--css-kwokg-79elbk h-full dark:bg-gray-800\">\n<div class=\"react-scroll-to-bottom--css-kwokg-1n7m0yu\">\n<div class=\"flex flex-col items-center text-sm dark:bg-gray-800\">\n<div class=\"w-full border-b border-black\/10 dark:border-gray-900\/50 text-gray-800 dark:text-gray-100 group bg-gray-50 dark:bg-[#444654]\">\n<div class=\"text-base gap-4 md:gap-6 m-auto md:max-w-2xl lg:max-w-2xl xl:max-w-3xl p-4 md:py-6 flex lg:px-0\">\n<div class=\"relative flex w-[calc(100%-50px)] flex-col gap-1 md:gap-3 lg:w-[calc(100%-115px)]\">\n<div class=\"flex flex-grow flex-col gap-3\">\n<div class=\"min-h-[20px] flex flex-col items-start gap-4 whitespace-pre-wrap\">\n<div class=\"markdown prose w-full break-words dark:prose-invert light\">\n<p>&nbsp;<\/p>\n<\/div>\n<\/div>\n<\/div>\n<\/div>\n<\/div>\n<\/div>\n<\/div>\n<\/div>\n<\/div>\n<\/div>","protected":false},"excerpt":{"rendered":"<p>Stalowe szpilki 12-48\u2033 do form betonowych. Ko\u0142ki do formowania betonu utrzymuj\u0105 formy betonowe na miejscu i maj\u0105 otwory w wielu miejscach, aby umo\u017cliwi\u0107 szybkie wbijanie gwo\u017adzi.<\/p>\n<p>Okr\u0105g\u0142e s\u0142upki stalowe s\u0105 najcz\u0119\u015bciej stosowanym rodzajem s\u0142upk\u00f3w u\u017cywanych do formowania betonu. Zazwyczaj s\u0105 one wykonane ze stali o wysokiej wytrzyma\u0142o\u015bci i s\u0105 dost\u0119pne w r\u00f3\u017cnych \u015brednicach i d\u0142ugo\u015bciach. Okr\u0105g\u0142e paliki stalowe s\u0105 \u0142atwe w monta\u017cu i demonta\u017cu oraz zapewniaj\u0105 doskona\u0142\u0105 stabilno\u015b\u0107 i wsparcie dla szalunk\u00f3w.<\/p>","protected":false},"featured_media":2791,"comment_status":"open","ping_status":"closed","template":"","meta":{"site-sidebar-layout":"default","site-content-layout":"default","ast-site-content-layout":"default","site-content-style":"default","site-sidebar-style":"default","ast-global-header-display":"","ast-banner-title-visibility":"","ast-main-header-display":"","ast-hfb-above-header-display":"","ast-hfb-below-header-display":"","ast-hfb-mobile-header-display":"","site-post-title":"","ast-breadcrumbs-content":"","ast-featured-img":"","footer-sml-layout":"","theme-transparent-header-meta":"default","adv-header-id-meta":"","stick-header-meta":"default","header-above-stick-meta":"","header-main-stick-meta":"","header-below-stick-meta":"","astra-migrate-meta-layouts":"set","ast-page-background-enabled":"default","ast-page-background-meta":{"desktop":{"background-color":"","background-image":"","background-repeat":"repeat","background-position":"center center","background-size":"auto","background-attachment":"scroll","background-type":"","background-media":"","overlay-type":"","overlay-color":"","overlay-opacity":"","overlay-gradient":""},"tablet":{"background-color":"","background-image":"","background-repeat":"repeat","background-position":"center center","background-size":"auto","background-attachment":"scroll","background-type":"","background-media":"","overlay-type":"","overlay-color":"","overlay-opacity":"","overlay-gradient":""},"mobile":{"background-color":"","background-image":"","background-repeat":"repeat","background-position":"center center","background-size":"auto","background-attachment":"scroll","background-type":"","background-media":"","overlay-type":"","overlay-color":"","overlay-opacity":"","overlay-gradient":""}},"ast-content-background-meta":{"desktop":{"background-color":"var(--ast-global-color-5)","background-image":"","background-repeat":"repeat","background-position":"center center","background-size":"auto","background-attachment":"scroll","background-type":"","background-media":"","overlay-type":"","overlay-color":"","overlay-opacity":"","overlay-gradient":""},"tablet":{"background-color":"var(--ast-global-color-5)","background-image":"","background-repeat":"repeat","background-position":"center center","background-size":"auto","background-attachment":"scroll","background-type":"","background-media":"","overlay-type":"","overlay-color":"","overlay-opacity":"","overlay-gradient":""},"mobile":{"background-color":"var(--ast-global-color-5)","background-image":"","background-repeat":"repeat","background-position":"center center","background-size":"auto","background-attachment":"scroll","background-type":"","background-media":"","overlay-type":"","overlay-color":"","overlay-opacity":"","overlay-gradient":""}}},"product_brand":[],"product_cat":[28,53],"product_tag":[],"class_list":{"0":"post-2076","1":"product","2":"type-product","3":"status-publish","4":"has-post-thumbnail","6":"product_cat-concrete-forming","7":"product_cat-steel-stake","8":"desktop-align-left","9":"tablet-align-left","10":"mobile-align-left","11":"ast-product-gallery-layout-horizontal-slider","12":"ast-product-tabs-layout-horizontal","14":"first","15":"instock","16":"shipping-taxable","17":"purchasable","18":"product-type-simple"},"yoast_head":"<!-- This site is optimized with the Yoast SEO plugin v25.2 - https:\/\/yoast.com\/wordpress\/plugins\/seo\/ -->\n<title>Concrete Form Pins<\/title>\n<meta name=\"description\" content=\"12&quot;-48&quot; Round Steel Stake These forming stakes hold concrete forms in place and have holes in many spots to allow for quick nailing.\" \/>\n<meta name=\"robots\" content=\"index, follow, max-snippet:-1, max-image-preview:large, max-video-preview:-1\" \/>\n<link rel=\"canonical\" href=\"https:\/\/qingdaohf.com\/pl\/produkt\/szpilki-do-form-betonowych\/\" \/>\n<meta property=\"og:locale\" content=\"pl_PL\" \/>\n<meta property=\"og:type\" content=\"article\" \/>\n<meta property=\"og:title\" content=\"Concrete Form Pins\" \/>\n<meta property=\"og:description\" content=\"12&quot;-48&quot; Round Steel Stake These forming stakes hold concrete forms in place and have holes in many spots to allow for quick nailing.\" \/>\n<meta property=\"og:url\" content=\"https:\/\/qingdaohf.com\/pl\/produkt\/szpilki-do-form-betonowych\/\" \/>\n<meta property=\"og:site_name\" content=\"Concrete Form &amp; Rigging Hardware Supplier\" \/>\n<meta property=\"article:publisher\" content=\"https:\/\/www.facebook.com\/qingdaohf\" \/>\n<meta property=\"article:modified_time\" content=\"2025-11-13T01:06:36+00:00\" \/>\n<meta property=\"og:image\" content=\"https:\/\/qingdaohf.com\/wp-content\/uploads\/2023\/02\/steel-stake-1-1.jpg\" \/>\n\t<meta property=\"og:image:width\" content=\"1000\" \/>\n\t<meta property=\"og:image:height\" content=\"1000\" \/>\n\t<meta property=\"og:image:type\" content=\"image\/jpeg\" \/>\n<meta name=\"twitter:card\" content=\"summary_large_image\" \/>\n<meta name=\"twitter:label1\" content=\"Szacowany czas czytania\" \/>\n\t<meta name=\"twitter:data1\" content=\"3 minuty\" \/>\n<script type=\"application\/ld+json\" class=\"yoast-schema-graph\">{\"@context\":\"https:\/\/schema.org\",\"@graph\":[{\"@type\":\"WebPage\",\"@id\":\"https:\/\/qingdaohf.com\/product\/concrete-form-pins\/\",\"url\":\"https:\/\/qingdaohf.com\/product\/concrete-form-pins\/\",\"name\":\"Concrete Form Pins\",\"isPartOf\":{\"@id\":\"https:\/\/qingdaohf.com\/bg\/#website\"},\"primaryImageOfPage\":{\"@id\":\"https:\/\/qingdaohf.com\/product\/concrete-form-pins\/#primaryimage\"},\"image\":{\"@id\":\"https:\/\/qingdaohf.com\/product\/concrete-form-pins\/#primaryimage\"},\"thumbnailUrl\":\"https:\/\/qingdaohf.com\/wp-content\/uploads\/2023\/02\/steel-stake-1-1.jpg\",\"datePublished\":\"2023-02-08T08:18:02+00:00\",\"dateModified\":\"2025-11-13T01:06:36+00:00\",\"description\":\"12\\\"-48\\\" Round Steel Stake These forming stakes hold concrete forms in place and have holes in many spots to allow for quick nailing.\",\"breadcrumb\":{\"@id\":\"https:\/\/qingdaohf.com\/product\/concrete-form-pins\/#breadcrumb\"},\"inLanguage\":\"pl-PL\",\"potentialAction\":[{\"@type\":\"ReadAction\",\"target\":[\"https:\/\/qingdaohf.com\/product\/concrete-form-pins\/\"]}]},{\"@type\":\"ImageObject\",\"inLanguage\":\"pl-PL\",\"@id\":\"https:\/\/qingdaohf.com\/product\/concrete-form-pins\/#primaryimage\",\"url\":\"https:\/\/qingdaohf.com\/wp-content\/uploads\/2023\/02\/steel-stake-1-1.jpg\",\"contentUrl\":\"https:\/\/qingdaohf.com\/wp-content\/uploads\/2023\/02\/steel-stake-1-1.jpg\",\"width\":1000,\"height\":1000,\"caption\":\"round steel stake\"},{\"@type\":\"BreadcrumbList\",\"@id\":\"https:\/\/qingdaohf.com\/product\/concrete-form-pins\/#breadcrumb\",\"itemListElement\":[{\"@type\":\"ListItem\",\"position\":1,\"name\":\"Home\",\"item\":\"https:\/\/qingdaohf.com\/\"},{\"@type\":\"ListItem\",\"position\":2,\"name\":\"Concrete Forming Accessories and Rigging Hardware\",\"item\":\"https:\/\/qingdaohf.com\/bg\/?page_id=944\"},{\"@type\":\"ListItem\",\"position\":3,\"name\":\"Concrete Form Pins\"}]},{\"@type\":\"WebSite\",\"@id\":\"https:\/\/qingdaohf.com\/bg\/#website\",\"url\":\"https:\/\/qingdaohf.com\/bg\/\",\"name\":\"Concrete Form & Rigging Hardware Supplier\",\"description\":\"\",\"publisher\":{\"@id\":\"https:\/\/qingdaohf.com\/bg\/#organization\"},\"potentialAction\":[{\"@type\":\"SearchAction\",\"target\":{\"@type\":\"EntryPoint\",\"urlTemplate\":\"https:\/\/qingdaohf.com\/bg\/?s={search_term_string}\"},\"query-input\":{\"@type\":\"PropertyValueSpecification\",\"valueRequired\":true,\"valueName\":\"search_term_string\"}}],\"inLanguage\":\"pl-PL\"},{\"@type\":\"Organization\",\"@id\":\"https:\/\/qingdaohf.com\/bg\/#organization\",\"name\":\"Qingdao H&F\",\"url\":\"https:\/\/qingdaohf.com\/bg\/\",\"logo\":{\"@type\":\"ImageObject\",\"inLanguage\":\"pl-PL\",\"@id\":\"https:\/\/qingdaohf.com\/bg\/#\/schema\/logo\/image\/\",\"url\":\"https:\/\/qingdaohf.com\/wp-content\/uploads\/2022\/12\/cropped-HF-LOGO.png\",\"contentUrl\":\"https:\/\/qingdaohf.com\/wp-content\/uploads\/2022\/12\/cropped-HF-LOGO.png\",\"width\":391,\"height\":249,\"caption\":\"Qingdao H&F\"},\"image\":{\"@id\":\"https:\/\/qingdaohf.com\/bg\/#\/schema\/logo\/image\/\"},\"sameAs\":[\"https:\/\/www.facebook.com\/qingdaohf\"]}]}<\/script>\n<!-- \/ Yoast SEO plugin. -->","yoast_head_json":{"title":"Concrete Form Pins","description":"12\"-48\" Round Steel Stake These forming stakes hold concrete forms in place and have holes in many spots to allow for quick nailing.","robots":{"index":"index","follow":"follow","max-snippet":"max-snippet:-1","max-image-preview":"max-image-preview:large","max-video-preview":"max-video-preview:-1"},"canonical":"https:\/\/qingdaohf.com\/pl\/produkt\/szpilki-do-form-betonowych\/","og_locale":"pl_PL","og_type":"article","og_title":"Concrete Form Pins","og_description":"12\"-48\" Round Steel Stake These forming stakes hold concrete forms in place and have holes in many spots to allow for quick nailing.","og_url":"https:\/\/qingdaohf.com\/pl\/produkt\/szpilki-do-form-betonowych\/","og_site_name":"Concrete Form &amp; Rigging Hardware Supplier","article_publisher":"https:\/\/www.facebook.com\/qingdaohf","article_modified_time":"2025-11-13T01:06:36+00:00","og_image":[{"width":1000,"height":1000,"url":"https:\/\/qingdaohf.com\/wp-content\/uploads\/2023\/02\/steel-stake-1-1.jpg","type":"image\/jpeg"}],"twitter_card":"summary_large_image","twitter_misc":{"Szacowany czas czytania":"3 minuty"},"schema":{"@context":"https:\/\/schema.org","@graph":[{"@type":"WebPage","@id":"https:\/\/qingdaohf.com\/product\/concrete-form-pins\/","url":"https:\/\/qingdaohf.com\/product\/concrete-form-pins\/","name":"Concrete Form Pins","isPartOf":{"@id":"https:\/\/qingdaohf.com\/bg\/#website"},"primaryImageOfPage":{"@id":"https:\/\/qingdaohf.com\/product\/concrete-form-pins\/#primaryimage"},"image":{"@id":"https:\/\/qingdaohf.com\/product\/concrete-form-pins\/#primaryimage"},"thumbnailUrl":"https:\/\/qingdaohf.com\/wp-content\/uploads\/2023\/02\/steel-stake-1-1.jpg","datePublished":"2023-02-08T08:18:02+00:00","dateModified":"2025-11-13T01:06:36+00:00","description":"12\"-48\" Round Steel Stake These forming stakes hold concrete forms in place and have holes in many spots to allow for quick nailing.","breadcrumb":{"@id":"https:\/\/qingdaohf.com\/product\/concrete-form-pins\/#breadcrumb"},"inLanguage":"pl-PL","potentialAction":[{"@type":"ReadAction","target":["https:\/\/qingdaohf.com\/product\/concrete-form-pins\/"]}]},{"@type":"ImageObject","inLanguage":"pl-PL","@id":"https:\/\/qingdaohf.com\/product\/concrete-form-pins\/#primaryimage","url":"https:\/\/qingdaohf.com\/wp-content\/uploads\/2023\/02\/steel-stake-1-1.jpg","contentUrl":"https:\/\/qingdaohf.com\/wp-content\/uploads\/2023\/02\/steel-stake-1-1.jpg","width":1000,"height":1000,"caption":"round steel stake"},{"@type":"BreadcrumbList","@id":"https:\/\/qingdaohf.com\/product\/concrete-form-pins\/#breadcrumb","itemListElement":[{"@type":"ListItem","position":1,"name":"Home","item":"https:\/\/qingdaohf.com\/"},{"@type":"ListItem","position":2,"name":"Concrete Forming Accessories and Rigging Hardware","item":"https:\/\/qingdaohf.com\/bg\/?page_id=944"},{"@type":"ListItem","position":3,"name":"Concrete Form Pins"}]},{"@type":"WebSite","@id":"https:\/\/qingdaohf.com\/bg\/#website","url":"https:\/\/qingdaohf.com\/bg\/","name":"Concrete Form & Rigging Hardware Supplier","description":"","publisher":{"@id":"https:\/\/qingdaohf.com\/bg\/#organization"},"potentialAction":[{"@type":"SearchAction","target":{"@type":"EntryPoint","urlTemplate":"https:\/\/qingdaohf.com\/bg\/?s={search_term_string}"},"query-input":{"@type":"PropertyValueSpecification","valueRequired":true,"valueName":"search_term_string"}}],"inLanguage":"pl-PL"},{"@type":"Organization","@id":"https:\/\/qingdaohf.com\/bg\/#organization","name":"Qingdao H&F","url":"https:\/\/qingdaohf.com\/bg\/","logo":{"@type":"ImageObject","inLanguage":"pl-PL","@id":"https:\/\/qingdaohf.com\/bg\/#\/schema\/logo\/image\/","url":"https:\/\/qingdaohf.com\/wp-content\/uploads\/2022\/12\/cropped-HF-LOGO.png","contentUrl":"https:\/\/qingdaohf.com\/wp-content\/uploads\/2022\/12\/cropped-HF-LOGO.png","width":391,"height":249,"caption":"Qingdao H&F"},"image":{"@id":"https:\/\/qingdaohf.com\/bg\/#\/schema\/logo\/image\/"},"sameAs":["https:\/\/www.facebook.com\/qingdaohf"]}]}},"_links":{"self":[{"href":"https:\/\/qingdaohf.com\/pl\/wp-json\/wp\/v2\/product\/2076","targetHints":{"allow":["GET"]}}],"collection":[{"href":"https:\/\/qingdaohf.com\/pl\/wp-json\/wp\/v2\/product"}],"about":[{"href":"https:\/\/qingdaohf.com\/pl\/wp-json\/wp\/v2\/types\/product"}],"replies":[{"embeddable":true,"href":"https:\/\/qingdaohf.com\/pl\/wp-json\/wp\/v2\/comments?post=2076"}],"version-history":[{"count":16,"href":"https:\/\/qingdaohf.com\/pl\/wp-json\/wp\/v2\/product\/2076\/revisions"}],"predecessor-version":[{"id":9251,"href":"https:\/\/qingdaohf.com\/pl\/wp-json\/wp\/v2\/product\/2076\/revisions\/9251"}],"wp:featuredmedia":[{"embeddable":true,"href":"https:\/\/qingdaohf.com\/pl\/wp-json\/wp\/v2\/media\/2791"}],"wp:attachment":[{"href":"https:\/\/qingdaohf.com\/pl\/wp-json\/wp\/v2\/media?parent=2076"}],"wp:term":[{"taxonomy":"product_brand","embeddable":true,"href":"https:\/\/qingdaohf.com\/pl\/wp-json\/wp\/v2\/product_brand?post=2076"},{"taxonomy":"product_cat","embeddable":true,"href":"https:\/\/qingdaohf.com\/pl\/wp-json\/wp\/v2\/product_cat?post=2076"},{"taxonomy":"product_tag","embeddable":true,"href":"https:\/\/qingdaohf.com\/pl\/wp-json\/wp\/v2\/product_tag?post=2076"}],"curies":[{"name":"wp","href":"https:\/\/api.w.org\/{rel}","templated":true}]}}