{"id":2132,"date":"2023-02-10T17:41:17","date_gmt":"2023-02-10T09:41:17","guid":{"rendered":"http:\/\/qingdaohf.com\/?post_type=product&#038;p=2132"},"modified":"2025-11-13T09:06:19","modified_gmt":"2025-11-13T01:06:19","slug":"formwork-tie-rod","status":"publish","type":"product","link":"https:\/\/qingdaohf.com\/pl\/produkt\/sciag-szalunkowy\/","title":{"rendered":"Pr\u0119t \u015bci\u0105gaj\u0105cy do szalunk\u00f3w betonowych"},"content":{"rendered":"<div class=\"ast-oembed-container\" style=\"height: 100%;\"><iframe title=\"Nakr\u0119tka \u015bci\u0105gaj\u0105ca do szalunk\u00f3w betonowych i pr\u0119t \u015bci\u0105gaj\u0105cy\" width=\"500\" height=\"281\" src=\"https:\/\/www.youtube.com\/embed\/RQCaJFwWa88?feature=oembed\" frameborder=\"0\" allow=\"accelerometer; autoplay; clipboard-write; encrypted-media; gyroscope; picture-in-picture; web-share\" referrerpolicy=\"strict-origin-when-cross-origin\" allowfullscreen><\/iframe><\/div>\n<h2 class=\"font-600 text-2xl font-bold\">Zasadnicza rola \u015bci\u0105g\u00f3w szalunkowych<\/h2>\n<p class=\"whitespace-pre-wrap break-words\">Pomy\u015bl o systemach \u015bci\u0105g\u00f3w jako o niedocenianych bohaterach konstrukcji betonowych. Te wytrzyma\u0142e elementy utrzymuj\u0105 panele szalunkowe w miejscu podczas wylewania i utwardzania betonu. Bez nich trudno by\u0142oby utrzyma\u0107 precyzyjny kszta\u0142t i wytrzyma\u0142o\u015b\u0107 konstrukcji.<\/p>\n<p class=\"whitespace-pre-wrap break-words\">Co sprawia, \u017ce te pr\u0119ty s\u0105 wyj\u0105tkowe? S\u0105 one wytrzyma\u0142e - zazwyczaj wykonane z wysokiej jako\u015bci stali - aby sprosta\u0107 intensywnym naciskom zwi\u0105zanym z budow\u0105. Szczeg\u00f3lnie docenisz ich wytrzyma\u0142o\u015b\u0107 podczas pracy nad du\u017cymi projektami infrastrukturalnymi lub z\u0142o\u017conymi projektami architektonicznymi, w kt\u00f3rych nie ma miejsca na b\u0142\u0119dy.<\/p>\n<p><img fetchpriority=\"high\" decoding=\"async\" class=\"alignnone size-full wp-image-2990\" src=\"http:\/\/qingdaohf.com\/wp-content\/uploads\/2023\/02\/Tie-Nut.jpg\" alt=\"Nakr\u0119tka mocuj\u0105ca\" width=\"1204\" height=\"1008\" srcset=\"https:\/\/qingdaohf.com\/wp-content\/uploads\/2023\/02\/Tie-Nut.jpg 1204w, https:\/\/qingdaohf.com\/wp-content\/uploads\/2023\/02\/Tie-Nut-300x251.jpg 300w, https:\/\/qingdaohf.com\/wp-content\/uploads\/2023\/02\/Tie-Nut-1024x857.jpg 1024w, https:\/\/qingdaohf.com\/wp-content\/uploads\/2023\/02\/Tie-Nut-768x643.jpg 768w, https:\/\/qingdaohf.com\/wp-content\/uploads\/2023\/02\/Tie-Nut-1000x837.jpg 1000w\" sizes=\"(max-width: 1204px) 100vw, 1204px\" \/><\/p>\n<h2 class=\"font-600 text-2xl font-bold\">Integracja systemu dr\u0105\u017ck\u00f3w kierowniczych z blokadami wodnymi i nakr\u0119tkami skrzyde\u0142kowymi<\/h2>\n<p class=\"whitespace-pre-wrap break-words\">Dr\u0105\u017cki \u015bci\u0105gaj\u0105ce nie dzia\u0142aj\u0105 samodzielnie. \u0141\u0105cz\u0105 si\u0119 z ogranicznikami wody i nakr\u0119tkami motylkowymi, tworz\u0105c kompletne rozwi\u0105zanie szalunkowe, kt\u00f3re jest wi\u0119ksze ni\u017c suma jego cz\u0119\u015bci.<\/p>\n<p class=\"whitespace-pre-wrap break-words\">Zatyczki do wody s\u0105 strategicznie rozmieszczone wzd\u0142u\u017c pr\u0119t\u00f3w \u0142\u0105cz\u0105cych, aby zablokowa\u0107 przedostawanie si\u0119 wody przez z\u0142\u0105cza lub otwory w betonie. Ma to najwi\u0119ksze znaczenie w przypadku konstrukcji takich jak \u015bciany oporowe i piwnice, gdzie infiltracja wody mo\u017ce oznacza\u0107 k\u0142opoty w przysz\u0142o\u015bci.<\/p>\n<p class=\"whitespace-pre-wrap break-words\">Nakr\u0119tki motylkowe uzupe\u0142niaj\u0105 system, blokuj\u0105c \u015bci\u0105gi do paneli szalunkowych. Zosta\u0142y one zaprojektowane z my\u015bl\u0105 o \u0142atwej obs\u0142udze - mo\u017cna dokonywa\u0107 precyzyjnych regulacji podczas konfiguracji i szybko je usun\u0105\u0107 po zwi\u0105zaniu betonu.<\/p>\n<h2 class=\"font-600 text-2xl font-bold\">Kluczowe zalety system\u00f3w \u015bci\u0105g\u00f3w szalunkowych<\/h2>\n<p class=\"whitespace-pre-wrap break-words\">Poza samym utrzymywaniem element\u00f3w razem, systemy dr\u0105\u017ck\u00f3w kierowniczych zapewniaj\u0105, \u017ce gotowa konstrukcja jest dok\u0142adnie zgodna ze specyfikacj\u0105. Precyzja ta op\u0142aca si\u0119 poprzez zmniejszenie liczby usterek i ograniczenie kosztownych poprawek po zako\u0144czeniu budowy.<\/p>\n<p class=\"whitespace-pre-wrap break-words\">Po dodaniu do mieszanki element\u00f3w zatrzymuj\u0105cych wod\u0119, nie tylko budujesz, ale tak\u017ce chronisz. Komponenty te blokuj\u0105 przedostawanie si\u0119 wody i korozj\u0119 wewn\u0119trznych wzmocnie\u0144, dzi\u0119ki czemu konstrukcja jest trwalsza i dzia\u0142a lepiej w czasie.<\/p>\n<p class=\"whitespace-pre-wrap break-words\">W Qingdao H&amp;F wk\u0142adamy wiele wysi\u0142ku w tworzenie system\u00f3w dr\u0105\u017ck\u00f3w kierowniczych, kt\u00f3re zapewniaj\u0105 te korzy\u015bci. Ka\u017cdy produkt przechodzi rygorystyczne testy, aby upewni\u0107 si\u0119, \u017ce spe\u0142ni wymagania Twojego projektu.<\/p>\n<h2 class=\"font-600 text-2xl font-bold\">Dlaczego warto wybra\u0107 Qingdao H&amp;F dla system\u00f3w dr\u0105\u017ck\u00f3w kierowniczych?<\/h2>\n<p class=\"whitespace-pre-wrap break-words\">Szukasz zaufanego dostawcy dr\u0105\u017ck\u00f3w kierowniczych? W Qingdao H&amp;F jeste\u015bmy dumni z tego, \u017ce dok\u0142adamy wszelkich stara\u0144. Nasza indywidualna obs\u0142uga oznacza, \u017ce otrzymujesz spersonalizowan\u0105 uwag\u0119, niezale\u017cnie od tego, czy pracujesz nad ma\u0142ym projektem, czy nad ogromnym rozwojem.<\/p>\n<p class=\"whitespace-pre-wrap break-words\">Wiemy, \u017ce budowa na nikogo nie czeka. Dlatego stworzyli\u015bmy wydajny system dostaw, aby szybko dostarcza\u0107 dr\u0105\u017cki kierownicze, ograniczniki przep\u0142ywu wody i nakr\u0119tki motylkowe, pomagaj\u0105c dotrzyma\u0107 harmonogramu.<\/p>\n<p class=\"whitespace-pre-wrap break-words\">Jako\u015b\u0107 nie jest tutaj tylko modnym s\u0142owem - jest wbudowana we wszystko, co robimy. Ka\u017cdy produkt przechodzi dok\u0142adne testy i jest dostarczany ze szczeg\u00f3\u0142owymi raportami z inspekcji. Daje to pewno\u015b\u0107, \u017ce nasze rozwi\u0105zania sprawdz\u0105 si\u0119 w najwa\u017cniejszych sytuacjach.<\/p>\n<p class=\"whitespace-pre-wrap break-words\">Opr\u00f3cz doskona\u0142ych produkt\u00f3w oferujemy wsparcie, na kt\u00f3re mo\u017cna liczy\u0107. Nasz zesp\u00f3\u0142 stara si\u0119 zrozumie\u0107 Twoje potrzeby i dostarczy\u0107 rozwi\u0105zania, kt\u00f3re do nich pasuj\u0105. Takie podej\u015bcie sprawi\u0142o, \u017ce stali\u015bmy si\u0119 partnerem dla budowniczych na ca\u0142ym \u015bwiecie.<\/p>\n<h2 class=\"font-600 text-2xl font-bold\">Zwi\u0119kszenie wydajno\u015bci konstrukcji dzi\u0119ki systemom dr\u0105\u017ck\u00f3w kierowniczych<\/h2>\n<p class=\"whitespace-pre-wrap break-words\">Pi\u0119kno dobrze zaprojektowanego systemu \u015bci\u0105g\u00f3w polega na tym, \u017ce radzi on sobie z wieloma wyzwaniami jednocze\u015bnie. Utrzymuje szalunek w jednej linii, jednocze\u015bnie zapobiegaj\u0105c problemom z wod\u0105, usprawniaj\u0105c ca\u0142y proces budowy.<\/p>\n<p class=\"whitespace-pre-wrap break-words\">Wyb\u00f3r odpowiedniego systemu ma realny wp\u0142yw na powodzenie projektu. Wsp\u00f3\u0142pracuj\u0105c z Qingdao H&amp;F, zyskujesz co\u015b wi\u0119cej ni\u017c tylko wysokowydajne produkty - otrzymujesz wsparcie zespo\u0142u, kt\u00f3ry zna si\u0119 na rzeczy i dba o Tw\u00f3j sukces.<\/p>\n<h2 class=\"font-600 text-2xl font-bold\">Wnioski<\/h2>\n<p class=\"whitespace-pre-wrap break-words\">\u015aci\u0105gi maj\u0105 fundamentalne znaczenie w nowoczesnym budownictwie, zapewniaj\u0105c precyzj\u0119 i wytrzyma\u0142o\u015b\u0107 potrzebn\u0105 do tworzenia solidnych konstrukcji betonowych. Wsp\u00f3\u0142pracuj\u0105c z ogranicznikami wody i nakr\u0119tkami motylkowymi, tworz\u0105 kompletne rozwi\u0105zanie do monta\u017cu szalunk\u00f3w. Wybieraj\u0105c Qingdao H&amp;F, wybierasz produkty i us\u0142ugi, kt\u00f3re pomog\u0105 Ci zrealizowa\u0107 Tw\u00f3j projekt.<\/p>\n<p class=\"whitespace-pre-wrap break-words\">Dzi\u0119ki ponad dwudziestoletniemu do\u015bwiadczeniu w handlu zagranicznym, zbudowali\u015bmy nasz\u0105 reputacj\u0119 na dostarczaniu wysokiej jako\u015bci system\u00f3w dr\u0105\u017ck\u00f3w kierowniczych. Niezale\u017cnie od tego, czy walczysz z wod\u0105, czy d\u0105\u017cysz do idealnego wyr\u00f3wnania, mamy rozwi\u0105zania, kt\u00f3re dzia\u0142aj\u0105. Zobacz, co wyr\u00f3\u017cnia Qingdao H&amp;F - porozmawiajmy o Twoim kolejnym projekcie.<\/p>\n<p>&nbsp;<\/p>","protected":false},"excerpt":{"rendered":"<p data-pm-slice=\"1 1 []\">\u015aci\u0105gi szalunkowe s\u0105 niezb\u0119dne w budownictwie, zapewniaj\u0105c stabilno\u015b\u0107 strukturaln\u0105 i wyr\u00f3wnanie podczas wylewania betonu. Nabywcy cz\u0119sto poszukuj\u0105 trwa\u0142ych system\u00f3w \u015bci\u0105g\u00f3w, kt\u00f3re p\u0142ynnie integruj\u0105 si\u0119 z ogranicznikami wody i nakr\u0119tkami motylkowymi, oferuj\u0105c maksymaln\u0105 wydajno\u015b\u0107 i niezawodno\u015b\u0107. W Qingdao H&amp;F spe\u0142niamy te potrzeby dzi\u0119ki indywidualnej obs\u0142udze klienta, szybkiej dostawie i szczeg\u00f3\u0142owym raportom z kontroli jako\u015bci, zapewniaj\u0105c zaufanie do ka\u017cdego zakupu.<\/p>","protected":false},"featured_media":8607,"comment_status":"open","ping_status":"closed","template":"","meta":{"site-sidebar-layout":"default","site-content-layout":"default","ast-site-content-layout":"default","site-content-style":"default","site-sidebar-style":"default","ast-global-header-display":"","ast-banner-title-visibility":"","ast-main-header-display":"","ast-hfb-above-header-display":"","ast-hfb-below-header-display":"","ast-hfb-mobile-header-display":"","site-post-title":"","ast-breadcrumbs-content":"","ast-featured-img":"","footer-sml-layout":"","theme-transparent-header-meta":"default","adv-header-id-meta":"","stick-header-meta":"default","header-above-stick-meta":"","header-main-stick-meta":"","header-below-stick-meta":"","astra-migrate-meta-layouts":"set","ast-page-background-enabled":"default","ast-page-background-meta":{"desktop":{"background-color":"","background-image":"","background-repeat":"repeat","background-position":"center center","background-size":"auto","background-attachment":"scroll","background-type":"","background-media":"","overlay-type":"","overlay-color":"","overlay-opacity":"","overlay-gradient":""},"tablet":{"background-color":"","background-image":"","background-repeat":"repeat","background-position":"center center","background-size":"auto","background-attachment":"scroll","background-type":"","background-media":"","overlay-type":"","overlay-color":"","overlay-opacity":"","overlay-gradient":""},"mobile":{"background-color":"","background-image":"","background-repeat":"repeat","background-position":"center center","background-size":"auto","background-attachment":"scroll","background-type":"","background-media":"","overlay-type":"","overlay-color":"","overlay-opacity":"","overlay-gradient":""}},"ast-content-background-meta":{"desktop":{"background-color":"var(--ast-global-color-5)","background-image":"","background-repeat":"repeat","background-position":"center center","background-size":"auto","background-attachment":"scroll","background-type":"","background-media":"","overlay-type":"","overlay-color":"","overlay-opacity":"","overlay-gradient":""},"tablet":{"background-color":"var(--ast-global-color-5)","background-image":"","background-repeat":"repeat","background-position":"center center","background-size":"auto","background-attachment":"scroll","background-type":"","background-media":"","overlay-type":"","overlay-color":"","overlay-opacity":"","overlay-gradient":""},"mobile":{"background-color":"var(--ast-global-color-5)","background-image":"","background-repeat":"repeat","background-position":"center center","background-size":"auto","background-attachment":"scroll","background-type":"","background-media":"","overlay-type":"","overlay-color":"","overlay-opacity":"","overlay-gradient":""}}},"product_brand":[],"product_cat":[79],"product_tag":[],"class_list":{"0":"post-2132","1":"product","2":"type-product","3":"status-publish","4":"has-post-thumbnail","6":"product_cat-tie-rod-system","7":"desktop-align-left","8":"tablet-align-left","9":"mobile-align-left","10":"ast-product-gallery-layout-horizontal-slider","11":"ast-product-tabs-layout-horizontal","13":"first","14":"instock","15":"shipping-taxable","16":"purchasable","17":"product-type-simple"},"yoast_head":"<!-- This site is optimized with the Yoast SEO plugin v25.2 - https:\/\/yoast.com\/wordpress\/plugins\/seo\/ -->\n<title>Concrete Formwork Tie Rod<\/title>\n<meta name=\"description\" content=\"Tie rod is reinforced straight steel rebar of large diameter with high strength and high dimensional accuracy external thread .\" \/>\n<meta name=\"robots\" content=\"index, follow, max-snippet:-1, max-image-preview:large, max-video-preview:-1\" \/>\n<link rel=\"canonical\" href=\"https:\/\/qingdaohf.com\/pl\/produkt\/sciag-szalunkowy\/\" \/>\n<meta property=\"og:locale\" content=\"pl_PL\" \/>\n<meta property=\"og:type\" content=\"article\" \/>\n<meta property=\"og:title\" content=\"Concrete Formwork Tie Rod\" \/>\n<meta property=\"og:description\" content=\"Tie rod is reinforced straight steel rebar of large diameter with high strength and high dimensional accuracy external thread .\" \/>\n<meta property=\"og:url\" content=\"https:\/\/qingdaohf.com\/pl\/produkt\/sciag-szalunkowy\/\" \/>\n<meta property=\"og:site_name\" content=\"Concrete Form &amp; Rigging Hardware Supplier\" \/>\n<meta property=\"article:publisher\" content=\"https:\/\/www.facebook.com\/qingdaohf\" \/>\n<meta property=\"article:modified_time\" content=\"2025-11-13T01:06:19+00:00\" \/>\n<meta property=\"og:image\" content=\"https:\/\/qingdaohf.com\/wp-content\/uploads\/2023\/02\/tie-rod-system.webp\" \/>\n\t<meta property=\"og:image:width\" content=\"1000\" \/>\n\t<meta property=\"og:image:height\" content=\"1000\" \/>\n\t<meta property=\"og:image:type\" content=\"image\/webp\" \/>\n<meta name=\"twitter:card\" content=\"summary_large_image\" \/>\n<meta name=\"twitter:label1\" content=\"Szacowany czas czytania\" \/>\n\t<meta name=\"twitter:data1\" content=\"4 minuty\" \/>\n<script type=\"application\/ld+json\" class=\"yoast-schema-graph\">{\"@context\":\"https:\/\/schema.org\",\"@graph\":[{\"@type\":\"WebPage\",\"@id\":\"https:\/\/qingdaohf.com\/product\/formwork-tie-rod\/\",\"url\":\"https:\/\/qingdaohf.com\/product\/formwork-tie-rod\/\",\"name\":\"Concrete Formwork Tie Rod\",\"isPartOf\":{\"@id\":\"https:\/\/qingdaohf.com\/bg\/#website\"},\"primaryImageOfPage\":{\"@id\":\"https:\/\/qingdaohf.com\/product\/formwork-tie-rod\/#primaryimage\"},\"image\":{\"@id\":\"https:\/\/qingdaohf.com\/product\/formwork-tie-rod\/#primaryimage\"},\"thumbnailUrl\":\"https:\/\/qingdaohf.com\/wp-content\/uploads\/2023\/02\/tie-rod-system.webp\",\"datePublished\":\"2023-02-10T09:41:17+00:00\",\"dateModified\":\"2025-11-13T01:06:19+00:00\",\"description\":\"Tie rod is reinforced straight steel rebar of large diameter with high strength and high dimensional accuracy external thread .\",\"breadcrumb\":{\"@id\":\"https:\/\/qingdaohf.com\/product\/formwork-tie-rod\/#breadcrumb\"},\"inLanguage\":\"pl-PL\",\"potentialAction\":[{\"@type\":\"ReadAction\",\"target\":[\"https:\/\/qingdaohf.com\/product\/formwork-tie-rod\/\"]}]},{\"@type\":\"ImageObject\",\"inLanguage\":\"pl-PL\",\"@id\":\"https:\/\/qingdaohf.com\/product\/formwork-tie-rod\/#primaryimage\",\"url\":\"https:\/\/qingdaohf.com\/wp-content\/uploads\/2023\/02\/tie-rod-system.webp\",\"contentUrl\":\"https:\/\/qingdaohf.com\/wp-content\/uploads\/2023\/02\/tie-rod-system.webp\",\"width\":1000,\"height\":1000,\"caption\":\"tie rod system\"},{\"@type\":\"BreadcrumbList\",\"@id\":\"https:\/\/qingdaohf.com\/product\/formwork-tie-rod\/#breadcrumb\",\"itemListElement\":[{\"@type\":\"ListItem\",\"position\":1,\"name\":\"Home\",\"item\":\"https:\/\/qingdaohf.com\/\"},{\"@type\":\"ListItem\",\"position\":2,\"name\":\"Concrete Forming Accessories and Rigging Hardware\",\"item\":\"https:\/\/qingdaohf.com\/bg\/?page_id=944\"},{\"@type\":\"ListItem\",\"position\":3,\"name\":\"Concrete Formwork Tie Rod\"}]},{\"@type\":\"WebSite\",\"@id\":\"https:\/\/qingdaohf.com\/bg\/#website\",\"url\":\"https:\/\/qingdaohf.com\/bg\/\",\"name\":\"Concrete Form & Rigging Hardware Supplier\",\"description\":\"\",\"publisher\":{\"@id\":\"https:\/\/qingdaohf.com\/bg\/#organization\"},\"potentialAction\":[{\"@type\":\"SearchAction\",\"target\":{\"@type\":\"EntryPoint\",\"urlTemplate\":\"https:\/\/qingdaohf.com\/bg\/?s={search_term_string}\"},\"query-input\":{\"@type\":\"PropertyValueSpecification\",\"valueRequired\":true,\"valueName\":\"search_term_string\"}}],\"inLanguage\":\"pl-PL\"},{\"@type\":\"Organization\",\"@id\":\"https:\/\/qingdaohf.com\/bg\/#organization\",\"name\":\"Qingdao H&F\",\"url\":\"https:\/\/qingdaohf.com\/bg\/\",\"logo\":{\"@type\":\"ImageObject\",\"inLanguage\":\"pl-PL\",\"@id\":\"https:\/\/qingdaohf.com\/bg\/#\/schema\/logo\/image\/\",\"url\":\"https:\/\/qingdaohf.com\/wp-content\/uploads\/2022\/12\/cropped-HF-LOGO.png\",\"contentUrl\":\"https:\/\/qingdaohf.com\/wp-content\/uploads\/2022\/12\/cropped-HF-LOGO.png\",\"width\":391,\"height\":249,\"caption\":\"Qingdao H&F\"},\"image\":{\"@id\":\"https:\/\/qingdaohf.com\/bg\/#\/schema\/logo\/image\/\"},\"sameAs\":[\"https:\/\/www.facebook.com\/qingdaohf\"]}]}<\/script>\n<!-- \/ Yoast SEO plugin. -->","yoast_head_json":{"title":"Concrete Formwork Tie Rod","description":"Tie rod is reinforced straight steel rebar of large diameter with high strength and high dimensional accuracy external thread .","robots":{"index":"index","follow":"follow","max-snippet":"max-snippet:-1","max-image-preview":"max-image-preview:large","max-video-preview":"max-video-preview:-1"},"canonical":"https:\/\/qingdaohf.com\/pl\/produkt\/sciag-szalunkowy\/","og_locale":"pl_PL","og_type":"article","og_title":"Concrete Formwork Tie Rod","og_description":"Tie rod is reinforced straight steel rebar of large diameter with high strength and high dimensional accuracy external thread .","og_url":"https:\/\/qingdaohf.com\/pl\/produkt\/sciag-szalunkowy\/","og_site_name":"Concrete Form &amp; Rigging Hardware Supplier","article_publisher":"https:\/\/www.facebook.com\/qingdaohf","article_modified_time":"2025-11-13T01:06:19+00:00","og_image":[{"width":1000,"height":1000,"url":"https:\/\/qingdaohf.com\/wp-content\/uploads\/2023\/02\/tie-rod-system.webp","type":"image\/webp"}],"twitter_card":"summary_large_image","twitter_misc":{"Szacowany czas czytania":"4 minuty"},"schema":{"@context":"https:\/\/schema.org","@graph":[{"@type":"WebPage","@id":"https:\/\/qingdaohf.com\/product\/formwork-tie-rod\/","url":"https:\/\/qingdaohf.com\/product\/formwork-tie-rod\/","name":"Concrete Formwork Tie Rod","isPartOf":{"@id":"https:\/\/qingdaohf.com\/bg\/#website"},"primaryImageOfPage":{"@id":"https:\/\/qingdaohf.com\/product\/formwork-tie-rod\/#primaryimage"},"image":{"@id":"https:\/\/qingdaohf.com\/product\/formwork-tie-rod\/#primaryimage"},"thumbnailUrl":"https:\/\/qingdaohf.com\/wp-content\/uploads\/2023\/02\/tie-rod-system.webp","datePublished":"2023-02-10T09:41:17+00:00","dateModified":"2025-11-13T01:06:19+00:00","description":"Tie rod is reinforced straight steel rebar of large diameter with high strength and high dimensional accuracy external thread .","breadcrumb":{"@id":"https:\/\/qingdaohf.com\/product\/formwork-tie-rod\/#breadcrumb"},"inLanguage":"pl-PL","potentialAction":[{"@type":"ReadAction","target":["https:\/\/qingdaohf.com\/product\/formwork-tie-rod\/"]}]},{"@type":"ImageObject","inLanguage":"pl-PL","@id":"https:\/\/qingdaohf.com\/product\/formwork-tie-rod\/#primaryimage","url":"https:\/\/qingdaohf.com\/wp-content\/uploads\/2023\/02\/tie-rod-system.webp","contentUrl":"https:\/\/qingdaohf.com\/wp-content\/uploads\/2023\/02\/tie-rod-system.webp","width":1000,"height":1000,"caption":"tie rod system"},{"@type":"BreadcrumbList","@id":"https:\/\/qingdaohf.com\/product\/formwork-tie-rod\/#breadcrumb","itemListElement":[{"@type":"ListItem","position":1,"name":"Home","item":"https:\/\/qingdaohf.com\/"},{"@type":"ListItem","position":2,"name":"Concrete Forming Accessories and Rigging Hardware","item":"https:\/\/qingdaohf.com\/bg\/?page_id=944"},{"@type":"ListItem","position":3,"name":"Concrete Formwork Tie Rod"}]},{"@type":"WebSite","@id":"https:\/\/qingdaohf.com\/bg\/#website","url":"https:\/\/qingdaohf.com\/bg\/","name":"Concrete Form & Rigging Hardware Supplier","description":"","publisher":{"@id":"https:\/\/qingdaohf.com\/bg\/#organization"},"potentialAction":[{"@type":"SearchAction","target":{"@type":"EntryPoint","urlTemplate":"https:\/\/qingdaohf.com\/bg\/?s={search_term_string}"},"query-input":{"@type":"PropertyValueSpecification","valueRequired":true,"valueName":"search_term_string"}}],"inLanguage":"pl-PL"},{"@type":"Organization","@id":"https:\/\/qingdaohf.com\/bg\/#organization","name":"Qingdao H&F","url":"https:\/\/qingdaohf.com\/bg\/","logo":{"@type":"ImageObject","inLanguage":"pl-PL","@id":"https:\/\/qingdaohf.com\/bg\/#\/schema\/logo\/image\/","url":"https:\/\/qingdaohf.com\/wp-content\/uploads\/2022\/12\/cropped-HF-LOGO.png","contentUrl":"https:\/\/qingdaohf.com\/wp-content\/uploads\/2022\/12\/cropped-HF-LOGO.png","width":391,"height":249,"caption":"Qingdao H&F"},"image":{"@id":"https:\/\/qingdaohf.com\/bg\/#\/schema\/logo\/image\/"},"sameAs":["https:\/\/www.facebook.com\/qingdaohf"]}]}},"_links":{"self":[{"href":"https:\/\/qingdaohf.com\/pl\/wp-json\/wp\/v2\/product\/2132","targetHints":{"allow":["GET"]}}],"collection":[{"href":"https:\/\/qingdaohf.com\/pl\/wp-json\/wp\/v2\/product"}],"about":[{"href":"https:\/\/qingdaohf.com\/pl\/wp-json\/wp\/v2\/types\/product"}],"replies":[{"embeddable":true,"href":"https:\/\/qingdaohf.com\/pl\/wp-json\/wp\/v2\/comments?post=2132"}],"version-history":[{"count":4,"href":"https:\/\/qingdaohf.com\/pl\/wp-json\/wp\/v2\/product\/2132\/revisions"}],"predecessor-version":[{"id":3498,"href":"https:\/\/qingdaohf.com\/pl\/wp-json\/wp\/v2\/product\/2132\/revisions\/3498"}],"wp:featuredmedia":[{"embeddable":true,"href":"https:\/\/qingdaohf.com\/pl\/wp-json\/wp\/v2\/media\/8607"}],"wp:attachment":[{"href":"https:\/\/qingdaohf.com\/pl\/wp-json\/wp\/v2\/media?parent=2132"}],"wp:term":[{"taxonomy":"product_brand","embeddable":true,"href":"https:\/\/qingdaohf.com\/pl\/wp-json\/wp\/v2\/product_brand?post=2132"},{"taxonomy":"product_cat","embeddable":true,"href":"https:\/\/qingdaohf.com\/pl\/wp-json\/wp\/v2\/product_cat?post=2132"},{"taxonomy":"product_tag","embeddable":true,"href":"https:\/\/qingdaohf.com\/pl\/wp-json\/wp\/v2\/product_tag?post=2132"}],"curies":[{"name":"wp","href":"https:\/\/api.w.org\/{rel}","templated":true}]}}