{"id":2195,"date":"2023-02-14T17:51:08","date_gmt":"2023-02-14T09:51:08","guid":{"rendered":"http:\/\/qingdaohf.com\/?post_type=product&#038;p=2195"},"modified":"2025-11-13T09:06:18","modified_gmt":"2025-11-13T01:06:18","slug":"danforth-anchor","status":"publish","type":"product","link":"https:\/\/qingdaohf.com\/pl\/produkt\/kotwica-danforth\/","title":{"rendered":"Kotwica Danforth"},"content":{"rendered":"<p>Kotwica jest skonstruowana z trzonem na koronie, kt\u00f3ry s\u0142u\u017cy jako punkt obrotu dla \u0142opatek. Z\u0119by maj\u0105 kszta\u0142t szerokich, spiczastych ostrzy, kt\u00f3re s\u0105 przymocowane zawiasowo do trzonu. Zazwyczaj s\u0105 to dwie \u0142opatki, kt\u00f3re mog\u0105 si\u0119 obraca\u0107 i wbija\u0107 w dno morskie, gdy kotwica jest ustawiona.<\/p>\n<p>Jedn\u0105 z charakterystycznych cech kotwicy Danforth jest jej lekka i kompaktowa konstrukcja, dzi\u0119ki czemu jest \u0142atwa w obs\u0142udze i przechowywaniu na pok\u0142adzie \u0142odzi. Jest ona cz\u0119sto wykonana ze stali o wysokiej wytrzyma\u0142o\u015bci, zapewniaj\u0105cej trwa\u0142o\u015b\u0107 i odporno\u015b\u0107 na korozj\u0119.<\/p>\n<p>\u0141apy kotwicy Danforth s\u0105 zaprojektowane tak, aby penetrowa\u0107 r\u00f3\u017cne rodzaje dna morskiego, w tym piasek, b\u0142oto i \u017cwir. Kiedy kotwica jest rzucana, opiera si\u0119 na swoich wypustkach, aby zag\u0142\u0119bi\u0107 si\u0119 w dno morskie i zapewni\u0107 bezpieczne mocowanie. Ostre ko\u0144c\u00f3wki i szerokie ostrza \u0142opatek pomagaj\u0105 zwi\u0119kszy\u0107 si\u0142\u0119 trzymania kotwicy, szczeg\u00f3lnie na piaszczystym lub mulistym dnie.<\/p>\n<p>Aby zwi\u0119kszy\u0107 stabilno\u015b\u0107 i zapobiec przewr\u00f3ceniu si\u0119 kotwicy, kotwica Danforth posiada trzpie\u0144 na koronie. Trzpie\u0144 ten zapewnia, \u017ce kotwica pozostaje w prawid\u0142owej orientacji, aby zmaksymalizowa\u0107 jej zdolno\u015b\u0107 utrzymywania.<\/p>\n<p>Kotwica Danforth jest powszechnie stosowana w \u017ceglarstwie rekreacyjnym, na \u017cagl\u00f3wkach i mniejszych jednostkach p\u0142ywaj\u0105cych. Jest preferowana ze wzgl\u0119du na swoj\u0105 si\u0142\u0119 trzymania, \u0142atw\u0105 obs\u0142ug\u0119 i zdolno\u015b\u0107 do resetowania si\u0119 w przypadku zmiany wiatru lub pr\u0105du. Mo\u017ce jednak nie by\u0107 tak skuteczna w obszarach skalistych lub silnie zachwaszczonych, gdzie jej z\u0119by mog\u0105 si\u0119 zapl\u0105ta\u0107.<\/p>\n<p><img fetchpriority=\"high\" decoding=\"async\" class=\"alignnone wp-image-8305 size-full\" src=\"http:\/\/qingdaohf.com\/wp-content\/uploads\/2023\/02\/danforth-anchor-1.png\" alt=\"danforth-anchor \" width=\"600\" height=\"519\" srcset=\"https:\/\/qingdaohf.com\/wp-content\/uploads\/2023\/02\/danforth-anchor-1.png 600w, https:\/\/qingdaohf.com\/wp-content\/uploads\/2023\/02\/danforth-anchor-1-300x260.png 300w, https:\/\/qingdaohf.com\/wp-content\/uploads\/2023\/02\/danforth-anchor-1-14x12.png 14w\" sizes=\"(max-width: 600px) 100vw, 600px\" \/> <img decoding=\"async\" class=\"alignnone wp-image-8306 size-full\" src=\"http:\/\/qingdaohf.com\/wp-content\/uploads\/2023\/02\/danforth-anchor-2.png\" alt=\"danforth-anchor \" width=\"582\" height=\"661\" srcset=\"https:\/\/qingdaohf.com\/wp-content\/uploads\/2023\/02\/danforth-anchor-2.png 582w, https:\/\/qingdaohf.com\/wp-content\/uploads\/2023\/02\/danforth-anchor-2-264x300.png 264w, https:\/\/qingdaohf.com\/wp-content\/uploads\/2023\/02\/danforth-anchor-2-11x12.png 11w\" sizes=\"(max-width: 582px) 100vw, 582px\" \/><\/p>\n<p>&nbsp;<\/p>\n<p><img decoding=\"async\" class=\"alignnone size-full wp-image-3881\" src=\"http:\/\/qingdaohf.com\/wp-content\/uploads\/2023\/02\/Danforth-Anchor-1.jpg\" alt=\"Kotwica Danforth\" width=\"750\" height=\"562\" srcset=\"https:\/\/qingdaohf.com\/wp-content\/uploads\/2023\/02\/Danforth-Anchor-1.jpg 750w, https:\/\/qingdaohf.com\/wp-content\/uploads\/2023\/02\/Danforth-Anchor-1-300x225.jpg 300w\" sizes=\"(max-width: 750px) 100vw, 750px\" \/> <img loading=\"lazy\" decoding=\"async\" class=\"alignnone size-full wp-image-3882\" src=\"http:\/\/qingdaohf.com\/wp-content\/uploads\/2023\/02\/Danforth-Anchor-2.jpg\" alt=\"Kotwica Danforth\" width=\"750\" height=\"562\" srcset=\"https:\/\/qingdaohf.com\/wp-content\/uploads\/2023\/02\/Danforth-Anchor-2.jpg 750w, https:\/\/qingdaohf.com\/wp-content\/uploads\/2023\/02\/Danforth-Anchor-2-300x225.jpg 300w\" sizes=\"(max-width: 750px) 100vw, 750px\" \/><\/p>","protected":false},"excerpt":{"rendered":"<p>Kotwica Danforth jest powszechnie znanym i popularnym rodzajem kotwicy u\u017cywanej w \u017ceglarstwie i na morzu. Jej nazwa pochodzi od jej wynalazcy, Richarda Danfortha, kt\u00f3ry opracowa\u0142 ten projekt w po\u0142owie XX wieku. Kotwica Danforth jest znana z doskona\u0142ej si\u0142y trzymania i wszechstronno\u015bci w r\u00f3\u017cnych warunkach dna morskiego.<\/p>","protected":false},"featured_media":3880,"comment_status":"open","ping_status":"closed","template":"","meta":{"site-sidebar-layout":"default","site-content-layout":"default","ast-site-content-layout":"default","site-content-style":"default","site-sidebar-style":"default","ast-global-header-display":"","ast-banner-title-visibility":"","ast-main-header-display":"","ast-hfb-above-header-display":"","ast-hfb-below-header-display":"","ast-hfb-mobile-header-display":"","site-post-title":"","ast-breadcrumbs-content":"","ast-featured-img":"","footer-sml-layout":"","theme-transparent-header-meta":"default","adv-header-id-meta":"","stick-header-meta":"default","header-above-stick-meta":"","header-main-stick-meta":"","header-below-stick-meta":"","astra-migrate-meta-layouts":"set","ast-page-background-enabled":"default","ast-page-background-meta":{"desktop":{"background-color":"","background-image":"","background-repeat":"repeat","background-position":"center center","background-size":"auto","background-attachment":"scroll","background-type":"","background-media":"","overlay-type":"","overlay-color":"","overlay-opacity":"","overlay-gradient":""},"tablet":{"background-color":"","background-image":"","background-repeat":"repeat","background-position":"center center","background-size":"auto","background-attachment":"scroll","background-type":"","background-media":"","overlay-type":"","overlay-color":"","overlay-opacity":"","overlay-gradient":""},"mobile":{"background-color":"","background-image":"","background-repeat":"repeat","background-position":"center center","background-size":"auto","background-attachment":"scroll","background-type":"","background-media":"","overlay-type":"","overlay-color":"","overlay-opacity":"","overlay-gradient":""}},"ast-content-background-meta":{"desktop":{"background-color":"var(--ast-global-color-5)","background-image":"","background-repeat":"repeat","background-position":"center center","background-size":"auto","background-attachment":"scroll","background-type":"","background-media":"","overlay-type":"","overlay-color":"","overlay-opacity":"","overlay-gradient":""},"tablet":{"background-color":"var(--ast-global-color-5)","background-image":"","background-repeat":"repeat","background-position":"center center","background-size":"auto","background-attachment":"scroll","background-type":"","background-media":"","overlay-type":"","overlay-color":"","overlay-opacity":"","overlay-gradient":""},"mobile":{"background-color":"var(--ast-global-color-5)","background-image":"","background-repeat":"repeat","background-position":"center center","background-size":"auto","background-attachment":"scroll","background-type":"","background-media":"","overlay-type":"","overlay-color":"","overlay-opacity":"","overlay-gradient":""}}},"product_brand":[],"product_cat":[74,43],"product_tag":[],"class_list":{"0":"post-2195","1":"product","2":"type-product","3":"status-publish","4":"has-post-thumbnail","6":"product_cat-boat-anchor","7":"product_cat-rigging-hardware","8":"desktop-align-left","9":"tablet-align-left","10":"mobile-align-left","11":"ast-product-gallery-layout-horizontal-slider","12":"ast-product-tabs-layout-horizontal","14":"first","15":"instock","16":"shipping-taxable","17":"purchasable","18":"product-type-simple"},"yoast_head":"<!-- This site is optimized with the Yoast SEO plugin v25.2 - https:\/\/yoast.com\/wordpress\/plugins\/seo\/ -->\n<title>Danforth Anchor<\/title>\n<meta name=\"description\" content=\"The Danforth Anchor is a widely recognized and popular type of anchor used in boating and maritime activities. The Danforth Anchor is a widely recognized and popular type of anchor used in boating and maritime activities.\" \/>\n<meta name=\"robots\" content=\"index, follow, max-snippet:-1, max-image-preview:large, max-video-preview:-1\" \/>\n<link rel=\"canonical\" href=\"https:\/\/qingdaohf.com\/pl\/produkt\/kotwica-danforth\/\" \/>\n<meta property=\"og:locale\" content=\"pl_PL\" \/>\n<meta property=\"og:type\" content=\"article\" \/>\n<meta property=\"og:title\" content=\"Danforth Anchor\" \/>\n<meta property=\"og:description\" content=\"The Danforth Anchor is a widely recognized and popular type of anchor used in boating and maritime activities. The Danforth Anchor is a widely recognized and popular type of anchor used in boating and maritime activities.\" \/>\n<meta property=\"og:url\" content=\"https:\/\/qingdaohf.com\/pl\/produkt\/kotwica-danforth\/\" \/>\n<meta property=\"og:site_name\" content=\"Concrete Form &amp; Rigging Hardware Supplier\" \/>\n<meta property=\"article:publisher\" content=\"https:\/\/www.facebook.com\/qingdaohf\" \/>\n<meta property=\"article:modified_time\" content=\"2025-11-13T01:06:18+00:00\" \/>\n<meta property=\"og:image\" content=\"https:\/\/qingdaohf.com\/wp-content\/uploads\/2023\/02\/Danforth-Anchor-8.jpg\" \/>\n\t<meta property=\"og:image:width\" content=\"1000\" \/>\n\t<meta property=\"og:image:height\" content=\"1000\" \/>\n\t<meta property=\"og:image:type\" content=\"image\/jpeg\" \/>\n<meta name=\"twitter:card\" content=\"summary_large_image\" \/>\n<meta name=\"twitter:label1\" content=\"Szacowany czas czytania\" \/>\n\t<meta name=\"twitter:data1\" content=\"3 minuty\" \/>\n<script type=\"application\/ld+json\" class=\"yoast-schema-graph\">{\"@context\":\"https:\/\/schema.org\",\"@graph\":[{\"@type\":\"WebPage\",\"@id\":\"https:\/\/qingdaohf.com\/product\/danforth-anchor\/\",\"url\":\"https:\/\/qingdaohf.com\/product\/danforth-anchor\/\",\"name\":\"Danforth Anchor\",\"isPartOf\":{\"@id\":\"https:\/\/qingdaohf.com\/bg\/#website\"},\"primaryImageOfPage\":{\"@id\":\"https:\/\/qingdaohf.com\/product\/danforth-anchor\/#primaryimage\"},\"image\":{\"@id\":\"https:\/\/qingdaohf.com\/product\/danforth-anchor\/#primaryimage\"},\"thumbnailUrl\":\"https:\/\/qingdaohf.com\/wp-content\/uploads\/2023\/02\/Danforth-Anchor-8.jpg\",\"datePublished\":\"2023-02-14T09:51:08+00:00\",\"dateModified\":\"2025-11-13T01:06:18+00:00\",\"description\":\"The Danforth Anchor is a widely recognized and popular type of anchor used in boating and maritime activities. The Danforth Anchor is a widely recognized and popular type of anchor used in boating and maritime activities.\",\"breadcrumb\":{\"@id\":\"https:\/\/qingdaohf.com\/product\/danforth-anchor\/#breadcrumb\"},\"inLanguage\":\"pl-PL\",\"potentialAction\":[{\"@type\":\"ReadAction\",\"target\":[\"https:\/\/qingdaohf.com\/product\/danforth-anchor\/\"]}]},{\"@type\":\"ImageObject\",\"inLanguage\":\"pl-PL\",\"@id\":\"https:\/\/qingdaohf.com\/product\/danforth-anchor\/#primaryimage\",\"url\":\"https:\/\/qingdaohf.com\/wp-content\/uploads\/2023\/02\/Danforth-Anchor-8.jpg\",\"contentUrl\":\"https:\/\/qingdaohf.com\/wp-content\/uploads\/2023\/02\/Danforth-Anchor-8.jpg\",\"width\":1000,\"height\":1000,\"caption\":\"Danforth Anchor\"},{\"@type\":\"BreadcrumbList\",\"@id\":\"https:\/\/qingdaohf.com\/product\/danforth-anchor\/#breadcrumb\",\"itemListElement\":[{\"@type\":\"ListItem\",\"position\":1,\"name\":\"Home\",\"item\":\"https:\/\/qingdaohf.com\/\"},{\"@type\":\"ListItem\",\"position\":2,\"name\":\"Concrete Forming Accessories and Rigging Hardware\",\"item\":\"https:\/\/qingdaohf.com\/bg\/?page_id=944\"},{\"@type\":\"ListItem\",\"position\":3,\"name\":\"Danforth Anchor\"}]},{\"@type\":\"WebSite\",\"@id\":\"https:\/\/qingdaohf.com\/bg\/#website\",\"url\":\"https:\/\/qingdaohf.com\/bg\/\",\"name\":\"Concrete Form & Rigging Hardware Supplier\",\"description\":\"\",\"publisher\":{\"@id\":\"https:\/\/qingdaohf.com\/bg\/#organization\"},\"potentialAction\":[{\"@type\":\"SearchAction\",\"target\":{\"@type\":\"EntryPoint\",\"urlTemplate\":\"https:\/\/qingdaohf.com\/bg\/?s={search_term_string}\"},\"query-input\":{\"@type\":\"PropertyValueSpecification\",\"valueRequired\":true,\"valueName\":\"search_term_string\"}}],\"inLanguage\":\"pl-PL\"},{\"@type\":\"Organization\",\"@id\":\"https:\/\/qingdaohf.com\/bg\/#organization\",\"name\":\"Qingdao H&F\",\"url\":\"https:\/\/qingdaohf.com\/bg\/\",\"logo\":{\"@type\":\"ImageObject\",\"inLanguage\":\"pl-PL\",\"@id\":\"https:\/\/qingdaohf.com\/bg\/#\/schema\/logo\/image\/\",\"url\":\"https:\/\/qingdaohf.com\/wp-content\/uploads\/2022\/12\/cropped-HF-LOGO.png\",\"contentUrl\":\"https:\/\/qingdaohf.com\/wp-content\/uploads\/2022\/12\/cropped-HF-LOGO.png\",\"width\":391,\"height\":249,\"caption\":\"Qingdao H&F\"},\"image\":{\"@id\":\"https:\/\/qingdaohf.com\/bg\/#\/schema\/logo\/image\/\"},\"sameAs\":[\"https:\/\/www.facebook.com\/qingdaohf\"]}]}<\/script>\n<!-- \/ Yoast SEO plugin. -->","yoast_head_json":{"title":"Danforth Anchor","description":"The Danforth Anchor is a widely recognized and popular type of anchor used in boating and maritime activities. The Danforth Anchor is a widely recognized and popular type of anchor used in boating and maritime activities.","robots":{"index":"index","follow":"follow","max-snippet":"max-snippet:-1","max-image-preview":"max-image-preview:large","max-video-preview":"max-video-preview:-1"},"canonical":"https:\/\/qingdaohf.com\/pl\/produkt\/kotwica-danforth\/","og_locale":"pl_PL","og_type":"article","og_title":"Danforth Anchor","og_description":"The Danforth Anchor is a widely recognized and popular type of anchor used in boating and maritime activities. The Danforth Anchor is a widely recognized and popular type of anchor used in boating and maritime activities.","og_url":"https:\/\/qingdaohf.com\/pl\/produkt\/kotwica-danforth\/","og_site_name":"Concrete Form &amp; Rigging Hardware Supplier","article_publisher":"https:\/\/www.facebook.com\/qingdaohf","article_modified_time":"2025-11-13T01:06:18+00:00","og_image":[{"width":1000,"height":1000,"url":"https:\/\/qingdaohf.com\/wp-content\/uploads\/2023\/02\/Danforth-Anchor-8.jpg","type":"image\/jpeg"}],"twitter_card":"summary_large_image","twitter_misc":{"Szacowany czas czytania":"3 minuty"},"schema":{"@context":"https:\/\/schema.org","@graph":[{"@type":"WebPage","@id":"https:\/\/qingdaohf.com\/product\/danforth-anchor\/","url":"https:\/\/qingdaohf.com\/product\/danforth-anchor\/","name":"Danforth Anchor","isPartOf":{"@id":"https:\/\/qingdaohf.com\/bg\/#website"},"primaryImageOfPage":{"@id":"https:\/\/qingdaohf.com\/product\/danforth-anchor\/#primaryimage"},"image":{"@id":"https:\/\/qingdaohf.com\/product\/danforth-anchor\/#primaryimage"},"thumbnailUrl":"https:\/\/qingdaohf.com\/wp-content\/uploads\/2023\/02\/Danforth-Anchor-8.jpg","datePublished":"2023-02-14T09:51:08+00:00","dateModified":"2025-11-13T01:06:18+00:00","description":"The Danforth Anchor is a widely recognized and popular type of anchor used in boating and maritime activities. The Danforth Anchor is a widely recognized and popular type of anchor used in boating and maritime activities.","breadcrumb":{"@id":"https:\/\/qingdaohf.com\/product\/danforth-anchor\/#breadcrumb"},"inLanguage":"pl-PL","potentialAction":[{"@type":"ReadAction","target":["https:\/\/qingdaohf.com\/product\/danforth-anchor\/"]}]},{"@type":"ImageObject","inLanguage":"pl-PL","@id":"https:\/\/qingdaohf.com\/product\/danforth-anchor\/#primaryimage","url":"https:\/\/qingdaohf.com\/wp-content\/uploads\/2023\/02\/Danforth-Anchor-8.jpg","contentUrl":"https:\/\/qingdaohf.com\/wp-content\/uploads\/2023\/02\/Danforth-Anchor-8.jpg","width":1000,"height":1000,"caption":"Danforth Anchor"},{"@type":"BreadcrumbList","@id":"https:\/\/qingdaohf.com\/product\/danforth-anchor\/#breadcrumb","itemListElement":[{"@type":"ListItem","position":1,"name":"Home","item":"https:\/\/qingdaohf.com\/"},{"@type":"ListItem","position":2,"name":"Concrete Forming Accessories and Rigging Hardware","item":"https:\/\/qingdaohf.com\/bg\/?page_id=944"},{"@type":"ListItem","position":3,"name":"Danforth Anchor"}]},{"@type":"WebSite","@id":"https:\/\/qingdaohf.com\/bg\/#website","url":"https:\/\/qingdaohf.com\/bg\/","name":"Concrete Form & Rigging Hardware Supplier","description":"","publisher":{"@id":"https:\/\/qingdaohf.com\/bg\/#organization"},"potentialAction":[{"@type":"SearchAction","target":{"@type":"EntryPoint","urlTemplate":"https:\/\/qingdaohf.com\/bg\/?s={search_term_string}"},"query-input":{"@type":"PropertyValueSpecification","valueRequired":true,"valueName":"search_term_string"}}],"inLanguage":"pl-PL"},{"@type":"Organization","@id":"https:\/\/qingdaohf.com\/bg\/#organization","name":"Qingdao H&F","url":"https:\/\/qingdaohf.com\/bg\/","logo":{"@type":"ImageObject","inLanguage":"pl-PL","@id":"https:\/\/qingdaohf.com\/bg\/#\/schema\/logo\/image\/","url":"https:\/\/qingdaohf.com\/wp-content\/uploads\/2022\/12\/cropped-HF-LOGO.png","contentUrl":"https:\/\/qingdaohf.com\/wp-content\/uploads\/2022\/12\/cropped-HF-LOGO.png","width":391,"height":249,"caption":"Qingdao H&F"},"image":{"@id":"https:\/\/qingdaohf.com\/bg\/#\/schema\/logo\/image\/"},"sameAs":["https:\/\/www.facebook.com\/qingdaohf"]}]}},"_links":{"self":[{"href":"https:\/\/qingdaohf.com\/pl\/wp-json\/wp\/v2\/product\/2195","targetHints":{"allow":["GET"]}}],"collection":[{"href":"https:\/\/qingdaohf.com\/pl\/wp-json\/wp\/v2\/product"}],"about":[{"href":"https:\/\/qingdaohf.com\/pl\/wp-json\/wp\/v2\/types\/product"}],"replies":[{"embeddable":true,"href":"https:\/\/qingdaohf.com\/pl\/wp-json\/wp\/v2\/comments?post=2195"}],"version-history":[{"count":2,"href":"https:\/\/qingdaohf.com\/pl\/wp-json\/wp\/v2\/product\/2195\/revisions"}],"predecessor-version":[{"id":8307,"href":"https:\/\/qingdaohf.com\/pl\/wp-json\/wp\/v2\/product\/2195\/revisions\/8307"}],"wp:featuredmedia":[{"embeddable":true,"href":"https:\/\/qingdaohf.com\/pl\/wp-json\/wp\/v2\/media\/3880"}],"wp:attachment":[{"href":"https:\/\/qingdaohf.com\/pl\/wp-json\/wp\/v2\/media?parent=2195"}],"wp:term":[{"taxonomy":"product_brand","embeddable":true,"href":"https:\/\/qingdaohf.com\/pl\/wp-json\/wp\/v2\/product_brand?post=2195"},{"taxonomy":"product_cat","embeddable":true,"href":"https:\/\/qingdaohf.com\/pl\/wp-json\/wp\/v2\/product_cat?post=2195"},{"taxonomy":"product_tag","embeddable":true,"href":"https:\/\/qingdaohf.com\/pl\/wp-json\/wp\/v2\/product_tag?post=2195"}],"curies":[{"name":"wp","href":"https:\/\/api.w.org\/{rel}","templated":true}]}}