{"id":2218,"date":"2023-02-15T11:57:32","date_gmt":"2023-02-15T03:57:32","guid":{"rendered":"http:\/\/qingdaohf.com\/?post_type=product&#038;p=2218"},"modified":"2025-11-13T09:06:17","modified_gmt":"2025-11-13T01:06:17","slug":"tie-nut","status":"publish","type":"product","link":"https:\/\/qingdaohf.com\/pl\/produkt\/nakretka-laczaca\/","title":{"rendered":"Nakr\u0119tka \u015bci\u0105gaj\u0105ca szalunku"},"content":{"rendered":"<div class=\"ast-oembed-container\" style=\"height: 100%;\"><iframe title=\"Nakr\u0119tka \u015bci\u0105gaj\u0105ca do szalunk\u00f3w betonowych i pr\u0119t \u015bci\u0105gaj\u0105cy\" width=\"500\" height=\"281\" src=\"https:\/\/www.youtube.com\/embed\/RQCaJFwWa88?feature=oembed\" frameborder=\"0\" allow=\"accelerometer; autoplay; clipboard-write; encrypted-media; gyroscope; picture-in-picture; web-share\" referrerpolicy=\"strict-origin-when-cross-origin\" allowfullscreen><\/iframe><\/div>\n<h4>Podstawa stabilno\u015bci szalunk\u00f3w betonowych<\/h4>\n<p>W wymagaj\u0105cym \u015bwiecie konstrukcji betonowych stabilno\u015b\u0107 i precyzja podczas procesu deskowania nie podlegaj\u0105 negocjacjom. Sercem tego procesu jest system \u015bci\u0105g\u00f3w, kompleksowe rozwi\u0105zanie obejmuj\u0105ce \u015bci\u0105gi, nakr\u0119tki \u015bci\u0105g\u00f3w, ograniczniki wody i nakr\u0119tki motylkowe. Nakr\u0119tki \u015bci\u0105gaj\u0105ce odgrywaj\u0105 kluczow\u0105 rol\u0119 w tym monta\u017cu, bezpiecznie blokuj\u0105c pr\u0119ty \u015bci\u0105gaj\u0105ce i zapewniaj\u0105c stabilno\u015b\u0107 szalunku pod ogromnym naciskiem mokrego betonu.<\/p>\n<p>Te pozornie niewielkie komponenty s\u0105 zaprojektowane tak, aby wytrzymywa\u0107 du\u017ce obci\u0105\u017cenia, zapobiegaj\u0105c przesuwaniu si\u0119 lub odkszta\u0142caniu szalunku podczas etap\u00f3w wylewania i utwardzania. Bez niezawodnych nakr\u0119tek mocuj\u0105cych ca\u0142y system mo\u017ce ulec awarii, zagra\u017caj\u0105c zar\u00f3wno wydajno\u015bci procesu budowlanego, jak i integralno\u015bci strukturalnej produktu ko\u0144cowego.<\/p>\n<h4>System dr\u0105\u017ck\u00f3w kierowniczych: Sp\u00f3jne rozwi\u0105zanie<\/h4>\n<p><img fetchpriority=\"high\" decoding=\"async\" class=\"alignnone size-full wp-image-2990\" src=\"http:\/\/qingdaohf.com\/wp-content\/uploads\/2023\/02\/Tie-Nut.jpg\" alt=\"Nakr\u0119tka mocuj\u0105ca\" width=\"1204\" height=\"1008\" srcset=\"https:\/\/qingdaohf.com\/wp-content\/uploads\/2023\/02\/Tie-Nut.jpg 1204w, https:\/\/qingdaohf.com\/wp-content\/uploads\/2023\/02\/Tie-Nut-300x251.jpg 300w, https:\/\/qingdaohf.com\/wp-content\/uploads\/2023\/02\/Tie-Nut-1024x857.jpg 1024w, https:\/\/qingdaohf.com\/wp-content\/uploads\/2023\/02\/Tie-Nut-768x643.jpg 768w, https:\/\/qingdaohf.com\/wp-content\/uploads\/2023\/02\/Tie-Nut-1000x837.jpg 1000w\" sizes=\"(max-width: 1204px) 100vw, 1204px\" \/><\/p>\n<p>System ci\u0119gien dzia\u0142a jako jednolity zesp\u00f3\u0142 przeznaczony do podparcia i stabilizacji szalunku betonowego.<\/p>\n<ul>\n<li><strong>Dr\u0105\u017cki kierownicze:<\/strong> Centralnym elementem systemu s\u0105 pr\u0119ty ze stali o wysokiej wytrzyma\u0142o\u015bci, kt\u00f3re poch\u0142aniaj\u0105 i rozk\u0142adaj\u0105 nacisk wywierany przez \u015bwie\u017co wylany beton. Rozci\u0105gaj\u0105 si\u0119 one w poprzek szalunku, zapewniaj\u0105c niezb\u0119dn\u0105 sztywno\u015b\u0107, aby utrzyma\u0107 go na miejscu.<\/li>\n<li><strong>Przystanki wodne:<\/strong> Cz\u0119sto zintegrowane z ci\u0119gnami, ograniczniki wody dzia\u0142aj\u0105 jako krytyczne bariery, kt\u00f3re zapobiegaj\u0105 przedostawaniu si\u0119 wody przez otwory w ci\u0119gnach. Elementy te zwi\u0119kszaj\u0105 trwa\u0142o\u015b\u0107 konstrukcji, zmniejszaj\u0105c ryzyko uszkodzenia przez wod\u0119 i zapewniaj\u0105c d\u0142ugotrwa\u0142\u0105 wydajno\u015b\u0107.<\/li>\n<li><strong>Nakr\u0119tki mocuj\u0105ce:<\/strong> Umieszczone na ka\u017cdym ko\u0144cu pr\u0119ta \u015bci\u0105gaj\u0105cego nakr\u0119tki \u015bci\u0105gaj\u0105ce mocno mocuj\u0105 pr\u0119ty do paneli szalunkowych. Ich gwintowanie i wytrzyma\u0142o\u015b\u0107 s\u0105 zaprojektowane tak, aby wytrzyma\u0107 wysokie napr\u0119\u017cenia wyst\u0119puj\u0105ce podczas budowy, utrzymuj\u0105c wyr\u00f3wnanie i stabilno\u015b\u0107 szalunku.<\/li>\n<li><strong>Wing Nuts:<\/strong> Nakr\u0119tki motylkowe to praktyczny dodatek do systemu, kt\u00f3ry umo\u017cliwia szybk\u0105 i beznarz\u0119dziow\u0105 regulacj\u0119. S\u0105 one szczeg\u00f3lnie przydatne w zastosowaniach wymagaj\u0105cych cz\u0119stego monta\u017cu i demonta\u017cu, zwi\u0119kszaj\u0105c wydajno\u015b\u0107 bez uszczerbku dla bezpiecze\u0144stwa.<\/li>\n<\/ul>\n<p>Wszystkie te komponenty tworz\u0105 solidn\u0105 i niezawodn\u0105 struktur\u0119, zapewniaj\u0105c\u0105 powodzenie betonowych projekt\u00f3w budowlanych od pocz\u0105tku do ko\u0144ca.<\/p>\n<h3>Jak system dr\u0105\u017ck\u00f3w kierowniczych zwi\u0119ksza wydajno\u015b\u0107 konstrukcji<\/h3>\n<h4>Lepsza stabilno\u015b\u0107 i precyzja<\/h4>\n<p>System \u015bci\u0105g\u00f3w eliminuje obawy zwi\u0105zane z niewsp\u00f3\u0142osiowo\u015bci\u0105 lub niestabilno\u015bci\u0105 podczas fazy deskowania. Blokuj\u0105c panele szalunkowe na miejscu za pomoc\u0105 nakr\u0119tek, system gwarantuje, \u017ce konstrukcja zachowa sw\u00f3j zamierzony kszta\u0142t podczas procesu wylewania i utwardzania betonu.<\/p>\n<p>Dodatkowo, integracja ogranicznik\u00f3w przep\u0142ywu wody w zespole zapewnia dodatkow\u0105 warstw\u0119 ochrony. Elementy te zapobiegaj\u0105 przedostawaniu si\u0119 wody do otwor\u00f3w pr\u0119t\u00f3w \u0142\u0105cz\u0105cych, chroni\u0105c integralno\u015b\u0107 betonu i zmniejszaj\u0105c prawdopodobie\u0144stwo przysz\u0142ych problem\u00f3w, takich jak korozja lub p\u0119kni\u0119cia.<\/p>\n<h4>Uproszczony monta\u017c i demonta\u017c<\/h4>\n<p>Zastosowanie nakr\u0119tek motylkowych w systemie \u015bci\u0105g\u00f3w usprawnia proces monta\u017cu. Ich funkcja r\u0119cznego dokr\u0119cania eliminuje potrzeb\u0119 stosowania specjalistycznych narz\u0119dzi, umo\u017cliwiaj\u0105c ekipom budowlanym szybki i wydajny monta\u017c i demonta\u017c szalunk\u00f3w. Pozwala to nie tylko zaoszcz\u0119dzi\u0107 czas, ale tak\u017ce obni\u017cy\u0107 koszty pracy, dzi\u0119ki czemu system ten jest preferowanym wyborem dla projekt\u00f3w o r\u00f3\u017cnej skali.<\/p>\n<h4>Wszechstronno\u015b\u0107 w r\u00f3\u017cnych zastosowaniach<\/h4>\n<p>Mo\u017cliwo\u015b\u0107 dostosowania systemu \u015bci\u0105g\u00f3w sprawia, \u017ce nadaje si\u0119 on do szerokiego zakresu zastosowa\u0144 w budownictwie betonowym, od prostych p\u0142yt po z\u0142o\u017cone projekty architektoniczne. Jego komponenty mo\u017cna dostosowa\u0107 do r\u00f3\u017cnych rozmiar\u00f3w i konfiguracji szalunk\u00f3w, zapewniaj\u0105c elastyczno\u015b\u0107 potrzebn\u0105 do spe\u0142nienia r\u00f3\u017cnorodnych wymaga\u0144 projektowych.<\/p>\n<h3>Zasadnicza rola jako\u015bci w systemach dr\u0105\u017ck\u00f3w kierowniczych<\/h3>\n<h4>Precyzyjna produkcja zapewniaj\u0105ca niezawodno\u015b\u0107<\/h4>\n<p>Pr\u0119ty \u015bci\u0105g\u00f3w, nakr\u0119tki \u015bci\u0105g\u00f3w, ograniczniki przep\u0142ywu wody i nakr\u0119tki motylkowe musz\u0105 spe\u0142nia\u0107 rygorystyczne normy jako\u015bciowe, aby skutecznie dzia\u0142a\u0107. Wszelkie odchylenia w wymiarach lub gwintowaniu mog\u0105 prowadzi\u0107 do niew\u0142a\u015bciwego dopasowania, zagra\u017caj\u0105c stabilno\u015bci systemu deskowania. Precyzyjna produkcja zapewnia, \u017ce ka\u017cdy element dzia\u0142a p\u0142ynnie razem, zapewniaj\u0105c sta\u0142\u0105 wydajno\u015b\u0107 na miejscu.<\/p>\n<h4>Warto\u015b\u0107 trwa\u0142o\u015bci i wytrzyma\u0142o\u015bci<\/h4>\n<p>\u015arodowiska budowlane nara\u017caj\u0105 systemy szalunkowe na ekstremalne warunki, od du\u017cych obci\u0105\u017ce\u0144 po nara\u017cenie na dzia\u0142anie wody i innych czynnik\u00f3w. Trwa\u0142o\u015b\u0107 jest najwa\u017cniejsza, zw\u0142aszcza w przypadku nakr\u0119tek i pr\u0119t\u00f3w, kt\u00f3re przenosz\u0105 ci\u0119\u017car nacisku podczas procesu zalewania. Wyb\u00f3r komponent\u00f3w wykonanych z wysokiej jako\u015bci materia\u0142\u00f3w gwarantuje, \u017ce system wytrzyma te wyzwania bez awarii.<\/p>\n<h4>Zwi\u0119kszanie d\u0142ugoterminowej integralno\u015bci strukturalnej<\/h4>\n<p>W\u0142\u0105czenie ogranicznik\u00f3w wody do systemu ci\u0119gien pokazuje znaczenie proaktywnych \u015brodk\u00f3w w budownictwie. Zapobiegaj\u0105c infiltracji wody, elementy te przyczyniaj\u0105 si\u0119 do d\u0142ugoterminowej trwa\u0142o\u015bci konstrukcji, zmniejszaj\u0105c potrzeby konserwacyjne i wyd\u0142u\u017caj\u0105c jej \u017cywotno\u015b\u0107.<\/p>\n<h4><\/h4>\n<p>&nbsp;<\/p>\n<p>&nbsp;<\/p>\n<p>&nbsp;<\/p>\n<p>&nbsp;<\/p>","protected":false},"excerpt":{"rendered":"<p>Nakr\u0119tki do szalunk\u00f3w s\u0105 niezb\u0119dne w budownictwie betonowym, zapewniaj\u0105c stabilno\u015b\u0107 i wyr\u00f3wnanie system\u00f3w szalunkowych. Jako firma handlowa z 20-letnim do\u015bwiadczeniem, Qingdao H&amp;F oferuje wysokiej jako\u015bci nakr\u0119tki \u015bci\u0105gaj\u0105ce kompatybilne z r\u00f3\u017cnymi systemami \u015bci\u0105g\u00f3w, w tym z ogranicznikami wody i nakr\u0119tkami motylkowymi. Odpowiadamy na obawy kupuj\u0105cych, zapewniaj\u0105c indywidualn\u0105 obs\u0142ug\u0119 klienta, szybkie cykle dostaw i szczeg\u00f3\u0142owe raporty z kontroli jako\u015bci, aby zapewni\u0107, \u017ce ka\u017cdy produkt spe\u0142nia rygorystyczne standardy.<\/p>","protected":false},"featured_media":3694,"comment_status":"open","ping_status":"closed","template":"","meta":{"site-sidebar-layout":"default","site-content-layout":"default","ast-site-content-layout":"default","site-content-style":"default","site-sidebar-style":"default","ast-global-header-display":"","ast-banner-title-visibility":"","ast-main-header-display":"","ast-hfb-above-header-display":"","ast-hfb-below-header-display":"","ast-hfb-mobile-header-display":"","site-post-title":"","ast-breadcrumbs-content":"","ast-featured-img":"","footer-sml-layout":"","theme-transparent-header-meta":"default","adv-header-id-meta":"","stick-header-meta":"default","header-above-stick-meta":"","header-main-stick-meta":"","header-below-stick-meta":"","astra-migrate-meta-layouts":"set","ast-page-background-enabled":"default","ast-page-background-meta":{"desktop":{"background-color":"","background-image":"","background-repeat":"repeat","background-position":"center center","background-size":"auto","background-attachment":"scroll","background-type":"","background-media":"","overlay-type":"","overlay-color":"","overlay-opacity":"","overlay-gradient":""},"tablet":{"background-color":"","background-image":"","background-repeat":"repeat","background-position":"center center","background-size":"auto","background-attachment":"scroll","background-type":"","background-media":"","overlay-type":"","overlay-color":"","overlay-opacity":"","overlay-gradient":""},"mobile":{"background-color":"","background-image":"","background-repeat":"repeat","background-position":"center center","background-size":"auto","background-attachment":"scroll","background-type":"","background-media":"","overlay-type":"","overlay-color":"","overlay-opacity":"","overlay-gradient":""}},"ast-content-background-meta":{"desktop":{"background-color":"var(--ast-global-color-5)","background-image":"","background-repeat":"repeat","background-position":"center center","background-size":"auto","background-attachment":"scroll","background-type":"","background-media":"","overlay-type":"","overlay-color":"","overlay-opacity":"","overlay-gradient":""},"tablet":{"background-color":"var(--ast-global-color-5)","background-image":"","background-repeat":"repeat","background-position":"center center","background-size":"auto","background-attachment":"scroll","background-type":"","background-media":"","overlay-type":"","overlay-color":"","overlay-opacity":"","overlay-gradient":""},"mobile":{"background-color":"var(--ast-global-color-5)","background-image":"","background-repeat":"repeat","background-position":"center center","background-size":"auto","background-attachment":"scroll","background-type":"","background-media":"","overlay-type":"","overlay-color":"","overlay-opacity":"","overlay-gradient":""}}},"product_brand":[],"product_cat":[79],"product_tag":[],"class_list":{"0":"post-2218","1":"product","2":"type-product","3":"status-publish","4":"has-post-thumbnail","6":"product_cat-tie-rod-system","7":"desktop-align-left","8":"tablet-align-left","9":"mobile-align-left","10":"ast-product-gallery-layout-horizontal-slider","11":"ast-product-tabs-layout-horizontal","13":"first","14":"instock","15":"shipping-taxable","16":"purchasable","17":"product-type-simple"},"yoast_head":"<!-- This site is optimized with the Yoast SEO plugin v25.2 - https:\/\/yoast.com\/wordpress\/plugins\/seo\/ -->\n<title>Formwork Tie Nut<\/title>\n<meta name=\"description\" content=\"Concrete Formwork Tie Nut is a component used in construction to secure concrete formwork\" \/>\n<meta name=\"robots\" content=\"index, follow, max-snippet:-1, max-image-preview:large, max-video-preview:-1\" \/>\n<link rel=\"canonical\" href=\"https:\/\/qingdaohf.com\/pl\/produkt\/nakretka-laczaca\/\" \/>\n<meta property=\"og:locale\" content=\"pl_PL\" \/>\n<meta property=\"og:type\" content=\"article\" \/>\n<meta property=\"og:title\" content=\"Formwork Tie Nut\" \/>\n<meta property=\"og:description\" content=\"Concrete Formwork Tie Nut is a component used in construction to secure concrete formwork\" \/>\n<meta property=\"og:url\" content=\"https:\/\/qingdaohf.com\/pl\/produkt\/nakretka-laczaca\/\" \/>\n<meta property=\"og:site_name\" content=\"Concrete Form &amp; Rigging Hardware Supplier\" \/>\n<meta property=\"article:publisher\" content=\"https:\/\/www.facebook.com\/qingdaohf\" \/>\n<meta property=\"article:modified_time\" content=\"2025-11-13T01:06:17+00:00\" \/>\n<meta property=\"og:image\" content=\"https:\/\/qingdaohf.com\/wp-content\/uploads\/2023\/02\/HF-tie-nut-7.jpg\" \/>\n\t<meta property=\"og:image:width\" content=\"1000\" \/>\n\t<meta property=\"og:image:height\" content=\"1000\" \/>\n\t<meta property=\"og:image:type\" content=\"image\/jpeg\" \/>\n<meta name=\"twitter:card\" content=\"summary_large_image\" \/>\n<meta name=\"twitter:label1\" content=\"Szacowany czas czytania\" \/>\n\t<meta name=\"twitter:data1\" content=\"4 minuty\" \/>\n<script type=\"application\/ld+json\" class=\"yoast-schema-graph\">{\"@context\":\"https:\/\/schema.org\",\"@graph\":[{\"@type\":\"WebPage\",\"@id\":\"https:\/\/qingdaohf.com\/product\/tie-nut\/\",\"url\":\"https:\/\/qingdaohf.com\/product\/tie-nut\/\",\"name\":\"Formwork Tie Nut\",\"isPartOf\":{\"@id\":\"https:\/\/qingdaohf.com\/bg\/#website\"},\"primaryImageOfPage\":{\"@id\":\"https:\/\/qingdaohf.com\/product\/tie-nut\/#primaryimage\"},\"image\":{\"@id\":\"https:\/\/qingdaohf.com\/product\/tie-nut\/#primaryimage\"},\"thumbnailUrl\":\"https:\/\/qingdaohf.com\/wp-content\/uploads\/2023\/02\/HF-tie-nut-7.jpg\",\"datePublished\":\"2023-02-15T03:57:32+00:00\",\"dateModified\":\"2025-11-13T01:06:17+00:00\",\"description\":\"Concrete Formwork Tie Nut is a component used in construction to secure concrete formwork\",\"breadcrumb\":{\"@id\":\"https:\/\/qingdaohf.com\/product\/tie-nut\/#breadcrumb\"},\"inLanguage\":\"pl-PL\",\"potentialAction\":[{\"@type\":\"ReadAction\",\"target\":[\"https:\/\/qingdaohf.com\/product\/tie-nut\/\"]}]},{\"@type\":\"ImageObject\",\"inLanguage\":\"pl-PL\",\"@id\":\"https:\/\/qingdaohf.com\/product\/tie-nut\/#primaryimage\",\"url\":\"https:\/\/qingdaohf.com\/wp-content\/uploads\/2023\/02\/HF-tie-nut-7.jpg\",\"contentUrl\":\"https:\/\/qingdaohf.com\/wp-content\/uploads\/2023\/02\/HF-tie-nut-7.jpg\",\"width\":1000,\"height\":1000,\"caption\":\"HF tie nut\"},{\"@type\":\"BreadcrumbList\",\"@id\":\"https:\/\/qingdaohf.com\/product\/tie-nut\/#breadcrumb\",\"itemListElement\":[{\"@type\":\"ListItem\",\"position\":1,\"name\":\"Home\",\"item\":\"https:\/\/qingdaohf.com\/\"},{\"@type\":\"ListItem\",\"position\":2,\"name\":\"Concrete Forming Accessories and Rigging Hardware\",\"item\":\"https:\/\/qingdaohf.com\/bg\/?page_id=944\"},{\"@type\":\"ListItem\",\"position\":3,\"name\":\"Formwork Tie Nut\"}]},{\"@type\":\"WebSite\",\"@id\":\"https:\/\/qingdaohf.com\/bg\/#website\",\"url\":\"https:\/\/qingdaohf.com\/bg\/\",\"name\":\"Concrete Form & Rigging Hardware Supplier\",\"description\":\"\",\"publisher\":{\"@id\":\"https:\/\/qingdaohf.com\/bg\/#organization\"},\"potentialAction\":[{\"@type\":\"SearchAction\",\"target\":{\"@type\":\"EntryPoint\",\"urlTemplate\":\"https:\/\/qingdaohf.com\/bg\/?s={search_term_string}\"},\"query-input\":{\"@type\":\"PropertyValueSpecification\",\"valueRequired\":true,\"valueName\":\"search_term_string\"}}],\"inLanguage\":\"pl-PL\"},{\"@type\":\"Organization\",\"@id\":\"https:\/\/qingdaohf.com\/bg\/#organization\",\"name\":\"Qingdao H&F\",\"url\":\"https:\/\/qingdaohf.com\/bg\/\",\"logo\":{\"@type\":\"ImageObject\",\"inLanguage\":\"pl-PL\",\"@id\":\"https:\/\/qingdaohf.com\/bg\/#\/schema\/logo\/image\/\",\"url\":\"https:\/\/qingdaohf.com\/wp-content\/uploads\/2022\/12\/cropped-HF-LOGO.png\",\"contentUrl\":\"https:\/\/qingdaohf.com\/wp-content\/uploads\/2022\/12\/cropped-HF-LOGO.png\",\"width\":391,\"height\":249,\"caption\":\"Qingdao H&F\"},\"image\":{\"@id\":\"https:\/\/qingdaohf.com\/bg\/#\/schema\/logo\/image\/\"},\"sameAs\":[\"https:\/\/www.facebook.com\/qingdaohf\"]}]}<\/script>\n<!-- \/ Yoast SEO plugin. -->","yoast_head_json":{"title":"Formwork Tie Nut","description":"Concrete Formwork Tie Nut is a component used in construction to secure concrete formwork","robots":{"index":"index","follow":"follow","max-snippet":"max-snippet:-1","max-image-preview":"max-image-preview:large","max-video-preview":"max-video-preview:-1"},"canonical":"https:\/\/qingdaohf.com\/pl\/produkt\/nakretka-laczaca\/","og_locale":"pl_PL","og_type":"article","og_title":"Formwork Tie Nut","og_description":"Concrete Formwork Tie Nut is a component used in construction to secure concrete formwork","og_url":"https:\/\/qingdaohf.com\/pl\/produkt\/nakretka-laczaca\/","og_site_name":"Concrete Form &amp; Rigging Hardware Supplier","article_publisher":"https:\/\/www.facebook.com\/qingdaohf","article_modified_time":"2025-11-13T01:06:17+00:00","og_image":[{"width":1000,"height":1000,"url":"https:\/\/qingdaohf.com\/wp-content\/uploads\/2023\/02\/HF-tie-nut-7.jpg","type":"image\/jpeg"}],"twitter_card":"summary_large_image","twitter_misc":{"Szacowany czas czytania":"4 minuty"},"schema":{"@context":"https:\/\/schema.org","@graph":[{"@type":"WebPage","@id":"https:\/\/qingdaohf.com\/product\/tie-nut\/","url":"https:\/\/qingdaohf.com\/product\/tie-nut\/","name":"Formwork Tie Nut","isPartOf":{"@id":"https:\/\/qingdaohf.com\/bg\/#website"},"primaryImageOfPage":{"@id":"https:\/\/qingdaohf.com\/product\/tie-nut\/#primaryimage"},"image":{"@id":"https:\/\/qingdaohf.com\/product\/tie-nut\/#primaryimage"},"thumbnailUrl":"https:\/\/qingdaohf.com\/wp-content\/uploads\/2023\/02\/HF-tie-nut-7.jpg","datePublished":"2023-02-15T03:57:32+00:00","dateModified":"2025-11-13T01:06:17+00:00","description":"Concrete Formwork Tie Nut is a component used in construction to secure concrete formwork","breadcrumb":{"@id":"https:\/\/qingdaohf.com\/product\/tie-nut\/#breadcrumb"},"inLanguage":"pl-PL","potentialAction":[{"@type":"ReadAction","target":["https:\/\/qingdaohf.com\/product\/tie-nut\/"]}]},{"@type":"ImageObject","inLanguage":"pl-PL","@id":"https:\/\/qingdaohf.com\/product\/tie-nut\/#primaryimage","url":"https:\/\/qingdaohf.com\/wp-content\/uploads\/2023\/02\/HF-tie-nut-7.jpg","contentUrl":"https:\/\/qingdaohf.com\/wp-content\/uploads\/2023\/02\/HF-tie-nut-7.jpg","width":1000,"height":1000,"caption":"HF tie nut"},{"@type":"BreadcrumbList","@id":"https:\/\/qingdaohf.com\/product\/tie-nut\/#breadcrumb","itemListElement":[{"@type":"ListItem","position":1,"name":"Home","item":"https:\/\/qingdaohf.com\/"},{"@type":"ListItem","position":2,"name":"Concrete Forming Accessories and Rigging Hardware","item":"https:\/\/qingdaohf.com\/bg\/?page_id=944"},{"@type":"ListItem","position":3,"name":"Formwork Tie Nut"}]},{"@type":"WebSite","@id":"https:\/\/qingdaohf.com\/bg\/#website","url":"https:\/\/qingdaohf.com\/bg\/","name":"Concrete Form & Rigging Hardware Supplier","description":"","publisher":{"@id":"https:\/\/qingdaohf.com\/bg\/#organization"},"potentialAction":[{"@type":"SearchAction","target":{"@type":"EntryPoint","urlTemplate":"https:\/\/qingdaohf.com\/bg\/?s={search_term_string}"},"query-input":{"@type":"PropertyValueSpecification","valueRequired":true,"valueName":"search_term_string"}}],"inLanguage":"pl-PL"},{"@type":"Organization","@id":"https:\/\/qingdaohf.com\/bg\/#organization","name":"Qingdao H&F","url":"https:\/\/qingdaohf.com\/bg\/","logo":{"@type":"ImageObject","inLanguage":"pl-PL","@id":"https:\/\/qingdaohf.com\/bg\/#\/schema\/logo\/image\/","url":"https:\/\/qingdaohf.com\/wp-content\/uploads\/2022\/12\/cropped-HF-LOGO.png","contentUrl":"https:\/\/qingdaohf.com\/wp-content\/uploads\/2022\/12\/cropped-HF-LOGO.png","width":391,"height":249,"caption":"Qingdao H&F"},"image":{"@id":"https:\/\/qingdaohf.com\/bg\/#\/schema\/logo\/image\/"},"sameAs":["https:\/\/www.facebook.com\/qingdaohf"]}]}},"_links":{"self":[{"href":"https:\/\/qingdaohf.com\/pl\/wp-json\/wp\/v2\/product\/2218","targetHints":{"allow":["GET"]}}],"collection":[{"href":"https:\/\/qingdaohf.com\/pl\/wp-json\/wp\/v2\/product"}],"about":[{"href":"https:\/\/qingdaohf.com\/pl\/wp-json\/wp\/v2\/types\/product"}],"replies":[{"embeddable":true,"href":"https:\/\/qingdaohf.com\/pl\/wp-json\/wp\/v2\/comments?post=2218"}],"version-history":[{"count":4,"href":"https:\/\/qingdaohf.com\/pl\/wp-json\/wp\/v2\/product\/2218\/revisions"}],"predecessor-version":[{"id":8606,"href":"https:\/\/qingdaohf.com\/pl\/wp-json\/wp\/v2\/product\/2218\/revisions\/8606"}],"wp:featuredmedia":[{"embeddable":true,"href":"https:\/\/qingdaohf.com\/pl\/wp-json\/wp\/v2\/media\/3694"}],"wp:attachment":[{"href":"https:\/\/qingdaohf.com\/pl\/wp-json\/wp\/v2\/media?parent=2218"}],"wp:term":[{"taxonomy":"product_brand","embeddable":true,"href":"https:\/\/qingdaohf.com\/pl\/wp-json\/wp\/v2\/product_brand?post=2218"},{"taxonomy":"product_cat","embeddable":true,"href":"https:\/\/qingdaohf.com\/pl\/wp-json\/wp\/v2\/product_cat?post=2218"},{"taxonomy":"product_tag","embeddable":true,"href":"https:\/\/qingdaohf.com\/pl\/wp-json\/wp\/v2\/product_tag?post=2218"}],"curies":[{"name":"wp","href":"https:\/\/api.w.org\/{rel}","templated":true}]}}