{"id":2312,"date":"2023-02-21T17:34:53","date_gmt":"2023-02-21T09:34:53","guid":{"rendered":"http:\/\/qingdaohf.com\/?post_type=product&#038;p=2312"},"modified":"2025-11-13T09:06:16","modified_gmt":"2025-11-13T01:06:16","slug":"slab-bolster-dipped","status":"publish","type":"product","link":"https:\/\/qingdaohf.com\/pl\/produkt\/plyta-podporowa-zanurzeniowa\/","title":{"rendered":"Slab Bolster Dipped SBD"},"content":{"rendered":"<h2 data-pm-slice=\"1 1 []\">Co to jest p\u0142yta zanurzeniowa (SBD)?<\/h2>\n<p>Slab Bolster Dipped (SBD) to kluczowe akcesorium zbrojeniowe w konstrukcji betonowej, zaprojektowane w celu utrzymania precyzyjnych odst\u0119p\u00f3w mi\u0119dzy pr\u0119tami zbrojeniowymi a szalunkiem. Wykonany ze stali o wysokiej wytrzyma\u0142o\u015bci i pokryty pow\u0142ok\u0105 zanurzeniow\u0105, zapewnia zwi\u0119kszon\u0105 trwa\u0142o\u015b\u0107 i odporno\u015b\u0107 na korozj\u0119. Stosowany g\u0142\u00f3wnie w projektach typu slab-on-grade, prefabrykowanych i tilt-up, SBD zapewnia r\u00f3wnomierne pokrycie betonem, co jest niezb\u0119dne dla wytrzyma\u0142o\u015bci strukturalnej i d\u0142ugowieczno\u015bci. Jego ci\u0105g\u0142y system podparcia zapobiega ugi\u0119ciom, utrzymuj\u0105c zbrojenie bezpiecznie na miejscu podczas zalewania i utwardzania.<\/p>\n<h2>Kluczowe korzy\u015bci p\u0142yn\u0105ce z zastosowania p\u0142yty zanurzeniowej (SBD)<\/h2>\n<p>SBD odgrywa nieodzown\u0105 rol\u0119 w osi\u0105ganiu doskona\u0142ych w\u0142a\u015bciwo\u015bci betonu. Jedn\u0105 z jego g\u0142\u00f3wnych zalet jest odporno\u015b\u0107 na rdz\u0119 i uszkodzenia \u015brodowiskowe dzi\u0119ki pow\u0142oce zanurzeniowej. Ta dodatkowa warstwa ochronna sprawia, \u017ce jest ona szczeg\u00f3lnie odpowiednia do wilgotnych lub agresywnych chemicznie \u015brodowisk, w kt\u00f3rych standardowa niepowlekana stal mo\u017ce z czasem ulec zniszczeniu.<\/p>\n<p>Kolejn\u0105 istotn\u0105 zalet\u0105 jest mo\u017cliwo\u015b\u0107 utrzymania sta\u0142ego rozmieszczenia pr\u0119t\u00f3w zbrojeniowych. Prawid\u0142owe rozmieszczenie pr\u0119t\u00f3w zbrojeniowych bezpo\u015brednio wp\u0142ywa na no\u015bno\u015b\u0107 betonu i jego odporno\u015b\u0107 na p\u0119kanie, dzi\u0119ki czemu SBD jest niezawodnym wyborem dla projekt\u00f3w wymagaj\u0105cych wysokiej integralno\u015bci strukturalnej. Niezale\u017cnie od tego, czy jest u\u017cywany w zastosowaniach komercyjnych, mieszkaniowych czy przemys\u0142owych, SBD przyczynia si\u0119 do jednolitej grubo\u015bci betonu i zapobiega przesuwaniu si\u0119 podczas wylewania betonu.<\/p>\n<h2>Zastosowania p\u0142yty zanurzeniowej (SBD)<\/h2>\n<p>Slab Bolster Dipped jest wszechstronny i szeroko stosowany w r\u00f3\u017cnych projektach budowlanych. Jest szczeg\u00f3lnie skuteczny w konstrukcjach p\u0142askich, takich jak autostrady, mosty i fundamenty budynk\u00f3w, gdzie precyzyjne u\u0142o\u017cenie pr\u0119t\u00f3w zbrojeniowych ma kluczowe znaczenie. Wytw\u00f3rnie prefabrykat\u00f3w r\u00f3wnie\u017c polegaj\u0105 na SBD w celu utrzymania jednolitych odst\u0119p\u00f3w mi\u0119dzy warstwami zbrojenia, zapewniaj\u0105c sta\u0142\u0105 jako\u015b\u0107 produktu. W konstrukcji tilt-up, SBD pomaga wspiera\u0107 panele przed ich podniesieniem na miejsce, zapewniaj\u0105c stabilno\u015b\u0107 podczas fazy utwardzania.<\/p>\n<p>Wyko\u0144czenie zanurzeniowe sprawia, \u017ce SBD nadaje si\u0119 do \u015brodowisk nara\u017conych na wilgo\u0107, sole odladzaj\u0105ce lub agresywne chemikalia. Ta cecha sprawia, \u017ce jest to preferowany wyb\u00f3r dla projekt\u00f3w infrastrukturalnych, takich jak tunele, konstrukcje parkingowe i zastosowania morskie, w kt\u00f3rych odporno\u015b\u0107 na korozj\u0119 jest priorytetem.<\/p>\n<h2>Dlaczego warto wybra\u0107 Qingdao H&amp;F dla swoich potrzeb?<\/h2>\n<p>Jako zaufana firma handlowa, Qingdao H&amp;F jest zaanga\u017cowana w dostarczanie wysokiej jako\u015bci akcesori\u00f3w do betonu z niezr\u00f3wnan\u0105 obs\u0142ug\u0105 klienta. Wyr\u00f3\u017cniamy si\u0119 w bran\u017cy, oferuj\u0105c indywidualn\u0105 obs\u0142ug\u0119 klienta, zapewniaj\u0105c ka\u017cdemu klientowi rozwi\u0105zania dostosowane do jego konkretnych wymaga\u0144 projektowych. Nasze szybkie cykle dostaw oznaczaj\u0105, \u017ce otrzymasz potrzebne materia\u0142y bez zb\u0119dnych op\u00f3\u017anie\u0144, utrzymuj\u0105c swoje projekty zgodnie z harmonogramem i bud\u017cetem.<\/p>\n<p>Zapewnienie jako\u015bci jest dla nas najwy\u017cszym priorytetem. Dostarczamy kompleksowe raporty z kontroli, w tym certyfikaty materia\u0142owe i dane z test\u00f3w wydajno\u015bci, dzi\u0119ki czemu mo\u017cna mie\u0107 pewno\u015b\u0107 co do niezawodno\u015bci naszych produkt\u00f3w. Ponadto oferujemy konkurencyjne ceny bez uszczerbku dla jako\u015bci, co czyni nas op\u0142acalnym wyborem dla wykonawc\u00f3w i dostawc\u00f3w poszukuj\u0105cych niezawodnych akcesori\u00f3w do form betonowych.<\/p>\n<p>Dzi\u0119ki silnemu zaanga\u017cowaniu w d\u0105\u017cenie do doskona\u0142o\u015bci i satysfakcji klienta, Qingdao H&amp;F jest Twoim partnerem w zakresie rozwi\u0105za\u0144 Slab Bolster Dipped i innych rozwi\u0105za\u0144 wzmacniaj\u0105cych. Skontaktuj si\u0119 z nami ju\u017c dzi\u015b, aby dowiedzie\u0107 si\u0119 wi\u0119cej o tym, jak mo\u017cemy wesprze\u0107 Twoje projekty budowlane dzi\u0119ki najwy\u017cszej jako\u015bci produktom i wyj\u0105tkowej obs\u0142udze.<\/p>","protected":false},"excerpt":{"rendered":"<p data-pm-slice=\"1 1 []\">Slab Bolster Dipped (SBD) to niezb\u0119dne akcesorium do zbrojenia betonu, zapewniaj\u0105ce precyzyjne umieszczenie pr\u0119t\u00f3w zbrojeniowych i optymaln\u0105 integralno\u015b\u0107 strukturaln\u0105. Dzi\u0119ki wyko\u0144czeniu zanurzeniowemu, zapewniaj\u0105cemu doskona\u0142\u0105 odporno\u015b\u0107 na korozj\u0119, SBD zapewnia niezawodne wsparcie dla zastosowa\u0144 w p\u0142ytach na pod\u0142o\u017cu, prefabrykowanych i uchylnych. W Qingdao H&amp;F gwarantujemy najwy\u017csz\u0105 jako\u015b\u0107 dzi\u0119ki r\u00f3\u017cnym raportom z inspekcji, szybkim cyklom dostaw i dedykowanej obs\u0142udze klienta, aby usprawni\u0107 proces zakupu. Nasze konkurencyjne ceny i d\u0105\u017cenie do doskona\u0142o\u015bci sprawiaj\u0105, \u017ce jeste\u015bmy zaufanym partnerem w zakresie wszystkich potrzeb budowlanych.<\/p>","protected":false},"featured_media":8004,"comment_status":"open","ping_status":"closed","template":"","meta":{"site-sidebar-layout":"default","site-content-layout":"default","ast-site-content-layout":"default","site-content-style":"default","site-sidebar-style":"default","ast-global-header-display":"","ast-banner-title-visibility":"","ast-main-header-display":"","ast-hfb-above-header-display":"","ast-hfb-below-header-display":"","ast-hfb-mobile-header-display":"","site-post-title":"","ast-breadcrumbs-content":"","ast-featured-img":"","footer-sml-layout":"","theme-transparent-header-meta":"default","adv-header-id-meta":"","stick-header-meta":"default","header-above-stick-meta":"","header-main-stick-meta":"","header-below-stick-meta":"","astra-migrate-meta-layouts":"set","ast-page-background-enabled":"default","ast-page-background-meta":{"desktop":{"background-color":"","background-image":"","background-repeat":"repeat","background-position":"center center","background-size":"auto","background-attachment":"scroll","background-type":"","background-media":"","overlay-type":"","overlay-color":"","overlay-opacity":"","overlay-gradient":""},"tablet":{"background-color":"","background-image":"","background-repeat":"repeat","background-position":"center center","background-size":"auto","background-attachment":"scroll","background-type":"","background-media":"","overlay-type":"","overlay-color":"","overlay-opacity":"","overlay-gradient":""},"mobile":{"background-color":"","background-image":"","background-repeat":"repeat","background-position":"center center","background-size":"auto","background-attachment":"scroll","background-type":"","background-media":"","overlay-type":"","overlay-color":"","overlay-opacity":"","overlay-gradient":""}},"ast-content-background-meta":{"desktop":{"background-color":"var(--ast-global-color-5)","background-image":"","background-repeat":"repeat","background-position":"center center","background-size":"auto","background-attachment":"scroll","background-type":"","background-media":"","overlay-type":"","overlay-color":"","overlay-opacity":"","overlay-gradient":""},"tablet":{"background-color":"var(--ast-global-color-5)","background-image":"","background-repeat":"repeat","background-position":"center center","background-size":"auto","background-attachment":"scroll","background-type":"","background-media":"","overlay-type":"","overlay-color":"","overlay-opacity":"","overlay-gradient":""},"mobile":{"background-color":"var(--ast-global-color-5)","background-image":"","background-repeat":"repeat","background-position":"center center","background-size":"auto","background-attachment":"scroll","background-type":"","background-media":"","overlay-type":"","overlay-color":"","overlay-opacity":"","overlay-gradient":""}}},"product_brand":[],"product_cat":[35],"product_tag":[],"class_list":{"0":"post-2312","1":"product","2":"type-product","3":"status-publish","4":"has-post-thumbnail","6":"product_cat-concrete-rebar-support","7":"desktop-align-left","8":"tablet-align-left","9":"mobile-align-left","10":"ast-product-gallery-layout-horizontal-slider","11":"ast-product-tabs-layout-horizontal","13":"first","14":"instock","15":"shipping-taxable","16":"purchasable","17":"product-type-simple"},"yoast_head":"<!-- This site is optimized with the Yoast SEO plugin v25.2 - https:\/\/yoast.com\/wordpress\/plugins\/seo\/ -->\n<title>Slab Bolster Dipped SBD<\/title>\n<meta name=\"description\" content=\"Slab Bolster Dipped (SBD) is an essential accessory for concrete reinforcement, ensuring precise rebar placement and optimal structural integrity.\" \/>\n<meta name=\"robots\" content=\"index, follow, max-snippet:-1, max-image-preview:large, max-video-preview:-1\" \/>\n<link rel=\"canonical\" href=\"https:\/\/qingdaohf.com\/pl\/produkt\/plyta-podporowa-zanurzeniowa\/\" \/>\n<meta property=\"og:locale\" content=\"pl_PL\" \/>\n<meta property=\"og:type\" content=\"article\" \/>\n<meta property=\"og:title\" content=\"Slab Bolster Dipped SBD\" \/>\n<meta property=\"og:description\" content=\"Slab Bolster Dipped (SBD) is an essential accessory for concrete reinforcement, ensuring precise rebar placement and optimal structural integrity.\" \/>\n<meta property=\"og:url\" content=\"https:\/\/qingdaohf.com\/pl\/produkt\/plyta-podporowa-zanurzeniowa\/\" \/>\n<meta property=\"og:site_name\" content=\"Concrete Form &amp; Rigging Hardware Supplier\" \/>\n<meta property=\"article:publisher\" content=\"https:\/\/www.facebook.com\/qingdaohf\" \/>\n<meta property=\"article:modified_time\" content=\"2025-11-13T01:06:16+00:00\" \/>\n<meta property=\"og:image\" content=\"https:\/\/qingdaohf.com\/wp-content\/uploads\/2023\/02\/Slab-Bolster-Dipped-1-1.jpg\" \/>\n\t<meta property=\"og:image:width\" content=\"1000\" \/>\n\t<meta property=\"og:image:height\" content=\"1000\" \/>\n\t<meta property=\"og:image:type\" content=\"image\/jpeg\" \/>\n<meta name=\"twitter:card\" content=\"summary_large_image\" \/>\n<meta name=\"twitter:label1\" content=\"Szacowany czas czytania\" \/>\n\t<meta name=\"twitter:data1\" content=\"3 minuty\" \/>\n<script type=\"application\/ld+json\" class=\"yoast-schema-graph\">{\"@context\":\"https:\/\/schema.org\",\"@graph\":[{\"@type\":\"WebPage\",\"@id\":\"https:\/\/qingdaohf.com\/product\/slab-bolster-dipped\/\",\"url\":\"https:\/\/qingdaohf.com\/product\/slab-bolster-dipped\/\",\"name\":\"Slab Bolster Dipped SBD\",\"isPartOf\":{\"@id\":\"https:\/\/qingdaohf.com\/bg\/#website\"},\"primaryImageOfPage\":{\"@id\":\"https:\/\/qingdaohf.com\/product\/slab-bolster-dipped\/#primaryimage\"},\"image\":{\"@id\":\"https:\/\/qingdaohf.com\/product\/slab-bolster-dipped\/#primaryimage\"},\"thumbnailUrl\":\"https:\/\/qingdaohf.com\/wp-content\/uploads\/2023\/02\/Slab-Bolster-Dipped-1-1.jpg\",\"datePublished\":\"2023-02-21T09:34:53+00:00\",\"dateModified\":\"2025-11-13T01:06:16+00:00\",\"description\":\"Slab Bolster Dipped (SBD) is an essential accessory for concrete reinforcement, ensuring precise rebar placement and optimal structural integrity.\",\"breadcrumb\":{\"@id\":\"https:\/\/qingdaohf.com\/product\/slab-bolster-dipped\/#breadcrumb\"},\"inLanguage\":\"pl-PL\",\"potentialAction\":[{\"@type\":\"ReadAction\",\"target\":[\"https:\/\/qingdaohf.com\/product\/slab-bolster-dipped\/\"]}]},{\"@type\":\"ImageObject\",\"inLanguage\":\"pl-PL\",\"@id\":\"https:\/\/qingdaohf.com\/product\/slab-bolster-dipped\/#primaryimage\",\"url\":\"https:\/\/qingdaohf.com\/wp-content\/uploads\/2023\/02\/Slab-Bolster-Dipped-1-1.jpg\",\"contentUrl\":\"https:\/\/qingdaohf.com\/wp-content\/uploads\/2023\/02\/Slab-Bolster-Dipped-1-1.jpg\",\"width\":1000,\"height\":1000,\"caption\":\"Slab Bolster Dipped\"},{\"@type\":\"BreadcrumbList\",\"@id\":\"https:\/\/qingdaohf.com\/product\/slab-bolster-dipped\/#breadcrumb\",\"itemListElement\":[{\"@type\":\"ListItem\",\"position\":1,\"name\":\"Home\",\"item\":\"https:\/\/qingdaohf.com\/\"},{\"@type\":\"ListItem\",\"position\":2,\"name\":\"Concrete Forming Accessories and Rigging Hardware\",\"item\":\"https:\/\/qingdaohf.com\/bg\/?page_id=944\"},{\"@type\":\"ListItem\",\"position\":3,\"name\":\"Slab Bolster Dipped SBD\"}]},{\"@type\":\"WebSite\",\"@id\":\"https:\/\/qingdaohf.com\/bg\/#website\",\"url\":\"https:\/\/qingdaohf.com\/bg\/\",\"name\":\"Concrete Form & Rigging Hardware Supplier\",\"description\":\"\",\"publisher\":{\"@id\":\"https:\/\/qingdaohf.com\/bg\/#organization\"},\"potentialAction\":[{\"@type\":\"SearchAction\",\"target\":{\"@type\":\"EntryPoint\",\"urlTemplate\":\"https:\/\/qingdaohf.com\/bg\/?s={search_term_string}\"},\"query-input\":{\"@type\":\"PropertyValueSpecification\",\"valueRequired\":true,\"valueName\":\"search_term_string\"}}],\"inLanguage\":\"pl-PL\"},{\"@type\":\"Organization\",\"@id\":\"https:\/\/qingdaohf.com\/bg\/#organization\",\"name\":\"Qingdao H&F\",\"url\":\"https:\/\/qingdaohf.com\/bg\/\",\"logo\":{\"@type\":\"ImageObject\",\"inLanguage\":\"pl-PL\",\"@id\":\"https:\/\/qingdaohf.com\/bg\/#\/schema\/logo\/image\/\",\"url\":\"https:\/\/qingdaohf.com\/wp-content\/uploads\/2022\/12\/cropped-HF-LOGO.png\",\"contentUrl\":\"https:\/\/qingdaohf.com\/wp-content\/uploads\/2022\/12\/cropped-HF-LOGO.png\",\"width\":391,\"height\":249,\"caption\":\"Qingdao H&F\"},\"image\":{\"@id\":\"https:\/\/qingdaohf.com\/bg\/#\/schema\/logo\/image\/\"},\"sameAs\":[\"https:\/\/www.facebook.com\/qingdaohf\"]}]}<\/script>\n<!-- \/ Yoast SEO plugin. -->","yoast_head_json":{"title":"Slab Bolster Dipped SBD","description":"Slab Bolster Dipped (SBD) is an essential accessory for concrete reinforcement, ensuring precise rebar placement and optimal structural integrity.","robots":{"index":"index","follow":"follow","max-snippet":"max-snippet:-1","max-image-preview":"max-image-preview:large","max-video-preview":"max-video-preview:-1"},"canonical":"https:\/\/qingdaohf.com\/pl\/produkt\/plyta-podporowa-zanurzeniowa\/","og_locale":"pl_PL","og_type":"article","og_title":"Slab Bolster Dipped SBD","og_description":"Slab Bolster Dipped (SBD) is an essential accessory for concrete reinforcement, ensuring precise rebar placement and optimal structural integrity.","og_url":"https:\/\/qingdaohf.com\/pl\/produkt\/plyta-podporowa-zanurzeniowa\/","og_site_name":"Concrete Form &amp; Rigging Hardware Supplier","article_publisher":"https:\/\/www.facebook.com\/qingdaohf","article_modified_time":"2025-11-13T01:06:16+00:00","og_image":[{"width":1000,"height":1000,"url":"https:\/\/qingdaohf.com\/wp-content\/uploads\/2023\/02\/Slab-Bolster-Dipped-1-1.jpg","type":"image\/jpeg"}],"twitter_card":"summary_large_image","twitter_misc":{"Szacowany czas czytania":"3 minuty"},"schema":{"@context":"https:\/\/schema.org","@graph":[{"@type":"WebPage","@id":"https:\/\/qingdaohf.com\/product\/slab-bolster-dipped\/","url":"https:\/\/qingdaohf.com\/product\/slab-bolster-dipped\/","name":"Slab Bolster Dipped SBD","isPartOf":{"@id":"https:\/\/qingdaohf.com\/bg\/#website"},"primaryImageOfPage":{"@id":"https:\/\/qingdaohf.com\/product\/slab-bolster-dipped\/#primaryimage"},"image":{"@id":"https:\/\/qingdaohf.com\/product\/slab-bolster-dipped\/#primaryimage"},"thumbnailUrl":"https:\/\/qingdaohf.com\/wp-content\/uploads\/2023\/02\/Slab-Bolster-Dipped-1-1.jpg","datePublished":"2023-02-21T09:34:53+00:00","dateModified":"2025-11-13T01:06:16+00:00","description":"Slab Bolster Dipped (SBD) is an essential accessory for concrete reinforcement, ensuring precise rebar placement and optimal structural integrity.","breadcrumb":{"@id":"https:\/\/qingdaohf.com\/product\/slab-bolster-dipped\/#breadcrumb"},"inLanguage":"pl-PL","potentialAction":[{"@type":"ReadAction","target":["https:\/\/qingdaohf.com\/product\/slab-bolster-dipped\/"]}]},{"@type":"ImageObject","inLanguage":"pl-PL","@id":"https:\/\/qingdaohf.com\/product\/slab-bolster-dipped\/#primaryimage","url":"https:\/\/qingdaohf.com\/wp-content\/uploads\/2023\/02\/Slab-Bolster-Dipped-1-1.jpg","contentUrl":"https:\/\/qingdaohf.com\/wp-content\/uploads\/2023\/02\/Slab-Bolster-Dipped-1-1.jpg","width":1000,"height":1000,"caption":"Slab Bolster Dipped"},{"@type":"BreadcrumbList","@id":"https:\/\/qingdaohf.com\/product\/slab-bolster-dipped\/#breadcrumb","itemListElement":[{"@type":"ListItem","position":1,"name":"Home","item":"https:\/\/qingdaohf.com\/"},{"@type":"ListItem","position":2,"name":"Concrete Forming Accessories and Rigging Hardware","item":"https:\/\/qingdaohf.com\/bg\/?page_id=944"},{"@type":"ListItem","position":3,"name":"Slab Bolster Dipped SBD"}]},{"@type":"WebSite","@id":"https:\/\/qingdaohf.com\/bg\/#website","url":"https:\/\/qingdaohf.com\/bg\/","name":"Concrete Form & Rigging Hardware Supplier","description":"","publisher":{"@id":"https:\/\/qingdaohf.com\/bg\/#organization"},"potentialAction":[{"@type":"SearchAction","target":{"@type":"EntryPoint","urlTemplate":"https:\/\/qingdaohf.com\/bg\/?s={search_term_string}"},"query-input":{"@type":"PropertyValueSpecification","valueRequired":true,"valueName":"search_term_string"}}],"inLanguage":"pl-PL"},{"@type":"Organization","@id":"https:\/\/qingdaohf.com\/bg\/#organization","name":"Qingdao H&F","url":"https:\/\/qingdaohf.com\/bg\/","logo":{"@type":"ImageObject","inLanguage":"pl-PL","@id":"https:\/\/qingdaohf.com\/bg\/#\/schema\/logo\/image\/","url":"https:\/\/qingdaohf.com\/wp-content\/uploads\/2022\/12\/cropped-HF-LOGO.png","contentUrl":"https:\/\/qingdaohf.com\/wp-content\/uploads\/2022\/12\/cropped-HF-LOGO.png","width":391,"height":249,"caption":"Qingdao H&F"},"image":{"@id":"https:\/\/qingdaohf.com\/bg\/#\/schema\/logo\/image\/"},"sameAs":["https:\/\/www.facebook.com\/qingdaohf"]}]}},"_links":{"self":[{"href":"https:\/\/qingdaohf.com\/pl\/wp-json\/wp\/v2\/product\/2312","targetHints":{"allow":["GET"]}}],"collection":[{"href":"https:\/\/qingdaohf.com\/pl\/wp-json\/wp\/v2\/product"}],"about":[{"href":"https:\/\/qingdaohf.com\/pl\/wp-json\/wp\/v2\/types\/product"}],"replies":[{"embeddable":true,"href":"https:\/\/qingdaohf.com\/pl\/wp-json\/wp\/v2\/comments?post=2312"}],"version-history":[{"count":11,"href":"https:\/\/qingdaohf.com\/pl\/wp-json\/wp\/v2\/product\/2312\/revisions"}],"predecessor-version":[{"id":10248,"href":"https:\/\/qingdaohf.com\/pl\/wp-json\/wp\/v2\/product\/2312\/revisions\/10248"}],"wp:featuredmedia":[{"embeddable":true,"href":"https:\/\/qingdaohf.com\/pl\/wp-json\/wp\/v2\/media\/8004"}],"wp:attachment":[{"href":"https:\/\/qingdaohf.com\/pl\/wp-json\/wp\/v2\/media?parent=2312"}],"wp:term":[{"taxonomy":"product_brand","embeddable":true,"href":"https:\/\/qingdaohf.com\/pl\/wp-json\/wp\/v2\/product_brand?post=2312"},{"taxonomy":"product_cat","embeddable":true,"href":"https:\/\/qingdaohf.com\/pl\/wp-json\/wp\/v2\/product_cat?post=2312"},{"taxonomy":"product_tag","embeddable":true,"href":"https:\/\/qingdaohf.com\/pl\/wp-json\/wp\/v2\/product_tag?post=2312"}],"curies":[{"name":"wp","href":"https:\/\/api.w.org\/{rel}","templated":true}]}}