{"id":2316,"date":"2023-02-22T10:23:19","date_gmt":"2023-02-22T02:23:19","guid":{"rendered":"http:\/\/qingdaohf.com\/?post_type=product&#038;p=2316"},"modified":"2025-11-13T09:06:16","modified_gmt":"2025-11-13T01:06:16","slug":"lifting-clutch","status":"publish","type":"product","link":"https:\/\/qingdaohf.com\/pl\/produkt\/sprzeglo-podnoszace\/","title":{"rendered":"Sprz\u0119g\u0142o do podnoszenia betonu | Pier\u015bcie\u0144 do prefabrykat\u00f3w betonowych"},"content":{"rendered":"<div class=\"ast-oembed-container\" style=\"height: 100%;\"><iframe title=\"System podnoszenia Sprz\u0119g\u0142o podnosz\u0105ce Sprz\u0119g\u0142o pier\u015bcieniowe\" width=\"500\" height=\"375\" src=\"https:\/\/www.youtube.com\/embed\/2t3mD7-W5ng?feature=oembed\" frameborder=\"0\" allow=\"accelerometer; autoplay; clipboard-write; encrypted-media; gyroscope; picture-in-picture; web-share\" referrerpolicy=\"strict-origin-when-cross-origin\" allowfullscreen><\/iframe><\/div>\n<p>Sprz\u0119g\u0142o do podnoszenia zosta\u0142o zaprojektowane tak, aby r\u00f3wnomiernie roz\u0142o\u017cy\u0107 obci\u0105\u017cenie na wiele punkt\u00f3w, zmniejszaj\u0105c nacisk na jeden punkt i minimalizuj\u0105c ryzyko po\u015blizgni\u0119cia si\u0119 lub utraty r\u00f3wnowagi \u0142adunku podczas podnoszenia. Sprawia to, \u017ce jest to niezb\u0119dne narz\u0119dzie do podnoszenia ci\u0119\u017ckich i niepor\u0119cznych przedmiot\u00f3w, takich jak prefabrykowane panele betonowe, belki stalowe i maszyny.<\/p>\n<p>Sprz\u0119g\u0142a do podnoszenia s\u0105 dost\u0119pne w r\u00f3\u017cnych rozmiarach i ud\u017awigach, aby spe\u0142ni\u0107 r\u00f3\u017cne wymagania dotycz\u0105ce obci\u0105\u017cenia. S\u0105 one cz\u0119sto wykonane ze stali o wysokiej wytrzyma\u0142o\u015bci, aby wytrzyma\u0107 napr\u0119\u017cenia zwi\u0105zane z podnoszeniem ci\u0119\u017ckich \u0142adunk\u00f3w i s\u0105 zaprojektowane zgodnie z mi\u0119dzynarodowymi normami bezpiecze\u0144stwa.<\/p>\n<h3 class=\"wp-block-heading has-medium-font-size\"><strong>Materia\u0142 i konstrukcja:<\/strong><\/h3>\n<p>Sprz\u0119g\u0142a do podnoszenia prefabrykat\u00f3w s\u0105 zwykle wykonane ze stali o wysokiej wytrzyma\u0142o\u015bci, aby wytrzyma\u0107 rygory podnoszenia ci\u0119\u017ckich \u0142adunk\u00f3w. Stalowa konstrukcja zapewnia trwa\u0142o\u015b\u0107 i niezawodno\u015b\u0107, dzi\u0119ki czemu nadaj\u0105 si\u0119 one do stosowania w r\u00f3\u017cnych \u015brodowiskach budowlanych. Sprz\u0119g\u0142a s\u0105 zaprojektowane tak, aby spe\u0142nia\u0142y okre\u015blone no\u015bno\u015bci, dzi\u0119ki czemu mog\u0105 bezpiecznie podnosi\u0107 i transportowa\u0107 prefabrykaty betonowe o r\u00f3\u017cnych rozmiarach i wadze.<\/p>\n<h3 class=\"wp-block-heading has-medium-font-size\"><strong>Konstrukcja i funkcjonalno\u015b\u0107:<\/strong><\/h3>\n<p>Konstrukcja prefabrykowanych sprz\u0119gie\u0142 do podnoszenia charakteryzuje si\u0119 solidn\u0105 i zwart\u0105 konstrukcj\u0105, wyposa\u017con\u0105 w mechanizm hakowy lub p\u0119tlowy, kt\u00f3ry bezpiecznie mocuje si\u0119 do kotew do podnoszenia osadzonych w prefabrykowanych elementach betonowych. Mocowanie to zapewnia stabilne po\u0142\u0105czenie mi\u0119dzy sprz\u0119g\u0142em podnosz\u0105cym a elementem betonowym, umo\u017cliwiaj\u0105c bezpieczne podnoszenie i przenoszenie.<\/p>\n<h3 class=\"wp-block-heading has-medium-font-size\"><strong>Scenariusze zastosowa\u0144:<\/strong><\/h3>\n<p>Sprz\u0119g\u0142a do podnoszenia prefabrykat\u00f3w s\u0105 szeroko stosowane w szeregu zastosowa\u0144 budowlanych, w tym:<\/p>\n<p><strong>Zak\u0142ady produkcji prefabrykat\u00f3w betonowych:<\/strong>\u00a0Sprz\u0119g\u0142a podnosz\u0105ce s\u0105 u\u017cywane podczas procesu produkcyjnego do podnoszenia i transportu prefabrykat\u00f3w betonowych w zak\u0142adzie produkcyjnym.<\/p>\n<p><strong>Place budowy:<\/strong>\u00a0Sprz\u0119g\u0142a do podnoszenia s\u0105 niezb\u0119dne do podnoszenia i monta\u017cu prefabrykowanych element\u00f3w betonowych na placach budowy, w tym budynk\u00f3w, most\u00f3w, parking\u00f3w i projekt\u00f3w infrastrukturalnych.<\/p>\n<p><strong>Projekty modernizacji i renowacji:<\/strong>\u00a0Sprz\u0119g\u0142a podnosz\u0105ce s\u0105 r\u00f3wnie\u017c wykorzystywane w projektach modernizacji i renowacji obejmuj\u0105cych instalacj\u0119 prefabrykowanych element\u00f3w betonowych na istniej\u0105cych konstrukcjach.<\/p>\n<h3 class=\"wp-block-heading has-medium-font-size\"><strong>Korzy\u015bci z u\u017cywania prefabrykowanych sprz\u0119gie\u0142 podnosz\u0105cych:<\/strong><\/h3>\n<p><strong>Bezpiecze\u0144stwo:<\/strong>\u00a0Sprz\u0119g\u0142a do podnoszenia prefabrykat\u00f3w s\u0105 zaprojektowane tak, aby zapewni\u0107 bezpieczne mocowanie do prefabrykowanych element\u00f3w betonowych, minimalizuj\u0105c ryzyko wypadk\u00f3w lub nieszcz\u0119\u015bliwych zdarze\u0144 podczas operacji podnoszenia.<\/p>\n<p><strong>Wydajno\u015b\u0107:<\/strong>\u00a0Zastosowanie sprz\u0119gie\u0142 podnosz\u0105cych usprawnia proces podnoszenia i przenoszenia, umo\u017cliwiaj\u0105c szybszy i bardziej wydajny monta\u017c prefabrykat\u00f3w betonowych.<\/p>\n<p><strong>Wszechstronno\u015b\u0107:<\/strong>\u00a0Prefabrykowane sprz\u0119g\u0142a do podnoszenia s\u0105 kompatybilne z r\u00f3\u017cnymi rodzajami sprz\u0119tu do podnoszenia, w tym d\u017awigami, podno\u015bnikami i w\u00f3zkami wid\u0142owymi, dzi\u0119ki czemu nadaj\u0105 si\u0119 do szerokiego zakresu zastosowa\u0144 budowlanych.<\/p>\n<p><strong>Efektywno\u015b\u0107 kosztowa:<\/strong>\u00a0U\u0142atwiaj\u0105c szybszy czas instalacji i minimalizuj\u0105c potrzeb\u0119 pracy r\u0119cznej, prefabrykowane sprz\u0119g\u0142a podnosz\u0105ce pomagaj\u0105 obni\u017cy\u0107 og\u00f3lne koszty projektu.<\/p>","protected":false},"excerpt":{"rendered":"<p>Sprz\u0119g\u0142o do podnoszenia lub podno\u015bnik pier\u015bcieniowy to narz\u0119dzie u\u017cywane w systemach podnoszenia do bezpiecznego i wydajnego mocowania i podnoszenia ci\u0119\u017ckich \u0142adunk\u00f3w. Sk\u0142ada si\u0119 z metalowego pier\u015bcienia lub zestawu hak\u00f3w, kt\u00f3re mo\u017cna przymocowa\u0107 do \u0142adunku i pod\u0142\u0105czy\u0107 do sprz\u0119tu podnosz\u0105cego, takiego jak d\u017awig lub podno\u015bnik.<\/p>","protected":false},"featured_media":3188,"comment_status":"open","ping_status":"closed","template":"","meta":{"site-sidebar-layout":"default","site-content-layout":"default","ast-site-content-layout":"default","site-content-style":"default","site-sidebar-style":"default","ast-global-header-display":"","ast-banner-title-visibility":"","ast-main-header-display":"","ast-hfb-above-header-display":"","ast-hfb-below-header-display":"","ast-hfb-mobile-header-display":"","site-post-title":"","ast-breadcrumbs-content":"","ast-featured-img":"","footer-sml-layout":"","theme-transparent-header-meta":"default","adv-header-id-meta":"","stick-header-meta":"default","header-above-stick-meta":"","header-main-stick-meta":"","header-below-stick-meta":"","astra-migrate-meta-layouts":"set","ast-page-background-enabled":"default","ast-page-background-meta":{"desktop":{"background-color":"","background-image":"","background-repeat":"repeat","background-position":"center center","background-size":"auto","background-attachment":"scroll","background-type":"","background-media":"","overlay-type":"","overlay-color":"","overlay-opacity":"","overlay-gradient":""},"tablet":{"background-color":"","background-image":"","background-repeat":"repeat","background-position":"center center","background-size":"auto","background-attachment":"scroll","background-type":"","background-media":"","overlay-type":"","overlay-color":"","overlay-opacity":"","overlay-gradient":""},"mobile":{"background-color":"","background-image":"","background-repeat":"repeat","background-position":"center center","background-size":"auto","background-attachment":"scroll","background-type":"","background-media":"","overlay-type":"","overlay-color":"","overlay-opacity":"","overlay-gradient":""}},"ast-content-background-meta":{"desktop":{"background-color":"var(--ast-global-color-5)","background-image":"","background-repeat":"repeat","background-position":"center center","background-size":"auto","background-attachment":"scroll","background-type":"","background-media":"","overlay-type":"","overlay-color":"","overlay-opacity":"","overlay-gradient":""},"tablet":{"background-color":"var(--ast-global-color-5)","background-image":"","background-repeat":"repeat","background-position":"center center","background-size":"auto","background-attachment":"scroll","background-type":"","background-media":"","overlay-type":"","overlay-color":"","overlay-opacity":"","overlay-gradient":""},"mobile":{"background-color":"var(--ast-global-color-5)","background-image":"","background-repeat":"repeat","background-position":"center center","background-size":"auto","background-attachment":"scroll","background-type":"","background-media":"","overlay-type":"","overlay-color":"","overlay-opacity":"","overlay-gradient":""}}},"product_brand":[],"product_cat":[30],"product_tag":[],"class_list":{"0":"post-2316","1":"product","2":"type-product","3":"status-publish","4":"has-post-thumbnail","6":"product_cat-lifting-anchor","7":"desktop-align-left","8":"tablet-align-left","9":"mobile-align-left","10":"ast-product-gallery-layout-horizontal-slider","11":"ast-product-tabs-layout-horizontal","13":"first","14":"instock","15":"shipping-taxable","16":"purchasable","17":"product-type-simple"},"yoast_head":"<!-- This site is optimized with the Yoast SEO plugin v25.2 - https:\/\/yoast.com\/wordpress\/plugins\/seo\/ -->\n<title>Concrete Lifting Clutch | Ring for Precast Concrete<\/title>\n<meta name=\"description\" content=\"A Lifting Clutch or Ring Lifting is a tool used in lifting systems to attach and lift heavy loads safely and efficiently.\" \/>\n<meta name=\"robots\" content=\"index, follow, max-snippet:-1, max-image-preview:large, max-video-preview:-1\" \/>\n<link rel=\"canonical\" href=\"https:\/\/qingdaohf.com\/pl\/produkt\/sprzeglo-podnoszace\/\" \/>\n<meta property=\"og:locale\" content=\"pl_PL\" \/>\n<meta property=\"og:type\" content=\"article\" \/>\n<meta property=\"og:title\" content=\"Concrete Lifting Clutch | Ring for Precast Concrete\" \/>\n<meta property=\"og:description\" content=\"A Lifting Clutch or Ring Lifting is a tool used in lifting systems to attach and lift heavy loads safely and efficiently.\" \/>\n<meta property=\"og:url\" content=\"https:\/\/qingdaohf.com\/pl\/produkt\/sprzeglo-podnoszace\/\" \/>\n<meta property=\"og:site_name\" content=\"Concrete Form &amp; Rigging Hardware Supplier\" \/>\n<meta property=\"article:publisher\" content=\"https:\/\/www.facebook.com\/qingdaohf\" \/>\n<meta property=\"article:modified_time\" content=\"2025-11-13T01:06:16+00:00\" \/>\n<meta property=\"og:image\" content=\"https:\/\/qingdaohf.com\/wp-content\/uploads\/2023\/02\/Lifting-clutchring-lifting-2.jpg\" \/>\n\t<meta property=\"og:image:width\" content=\"1000\" \/>\n\t<meta property=\"og:image:height\" content=\"1000\" \/>\n\t<meta property=\"og:image:type\" content=\"image\/jpeg\" \/>\n<meta name=\"twitter:card\" content=\"summary_large_image\" \/>\n<meta name=\"twitter:label1\" content=\"Szacowany czas czytania\" \/>\n\t<meta name=\"twitter:data1\" content=\"2 minuty\" \/>\n<script type=\"application\/ld+json\" class=\"yoast-schema-graph\">{\"@context\":\"https:\/\/schema.org\",\"@graph\":[{\"@type\":\"WebPage\",\"@id\":\"https:\/\/qingdaohf.com\/product\/lifting-clutch\/\",\"url\":\"https:\/\/qingdaohf.com\/product\/lifting-clutch\/\",\"name\":\"Concrete Lifting Clutch | Ring for Precast Concrete\",\"isPartOf\":{\"@id\":\"https:\/\/qingdaohf.com\/bg\/#website\"},\"primaryImageOfPage\":{\"@id\":\"https:\/\/qingdaohf.com\/product\/lifting-clutch\/#primaryimage\"},\"image\":{\"@id\":\"https:\/\/qingdaohf.com\/product\/lifting-clutch\/#primaryimage\"},\"thumbnailUrl\":\"https:\/\/qingdaohf.com\/wp-content\/uploads\/2023\/02\/Lifting-clutchring-lifting-2.jpg\",\"datePublished\":\"2023-02-22T02:23:19+00:00\",\"dateModified\":\"2025-11-13T01:06:16+00:00\",\"description\":\"A Lifting Clutch or Ring Lifting is a tool used in lifting systems to attach and lift heavy loads safely and efficiently.\",\"breadcrumb\":{\"@id\":\"https:\/\/qingdaohf.com\/product\/lifting-clutch\/#breadcrumb\"},\"inLanguage\":\"pl-PL\",\"potentialAction\":[{\"@type\":\"ReadAction\",\"target\":[\"https:\/\/qingdaohf.com\/product\/lifting-clutch\/\"]}]},{\"@type\":\"ImageObject\",\"inLanguage\":\"pl-PL\",\"@id\":\"https:\/\/qingdaohf.com\/product\/lifting-clutch\/#primaryimage\",\"url\":\"https:\/\/qingdaohf.com\/wp-content\/uploads\/2023\/02\/Lifting-clutchring-lifting-2.jpg\",\"contentUrl\":\"https:\/\/qingdaohf.com\/wp-content\/uploads\/2023\/02\/Lifting-clutchring-lifting-2.jpg\",\"width\":1000,\"height\":1000,\"caption\":\"Lifting Clutch \\\\Ring Lifting\"},{\"@type\":\"BreadcrumbList\",\"@id\":\"https:\/\/qingdaohf.com\/product\/lifting-clutch\/#breadcrumb\",\"itemListElement\":[{\"@type\":\"ListItem\",\"position\":1,\"name\":\"Home\",\"item\":\"https:\/\/qingdaohf.com\/\"},{\"@type\":\"ListItem\",\"position\":2,\"name\":\"Concrete Forming Accessories and Rigging Hardware\",\"item\":\"https:\/\/qingdaohf.com\/bg\/?page_id=944\"},{\"@type\":\"ListItem\",\"position\":3,\"name\":\"Concrete Lifting Clutch | Ring for Precast Concrete\"}]},{\"@type\":\"WebSite\",\"@id\":\"https:\/\/qingdaohf.com\/bg\/#website\",\"url\":\"https:\/\/qingdaohf.com\/bg\/\",\"name\":\"Concrete Form & Rigging Hardware Supplier\",\"description\":\"\",\"publisher\":{\"@id\":\"https:\/\/qingdaohf.com\/bg\/#organization\"},\"potentialAction\":[{\"@type\":\"SearchAction\",\"target\":{\"@type\":\"EntryPoint\",\"urlTemplate\":\"https:\/\/qingdaohf.com\/bg\/?s={search_term_string}\"},\"query-input\":{\"@type\":\"PropertyValueSpecification\",\"valueRequired\":true,\"valueName\":\"search_term_string\"}}],\"inLanguage\":\"pl-PL\"},{\"@type\":\"Organization\",\"@id\":\"https:\/\/qingdaohf.com\/bg\/#organization\",\"name\":\"Qingdao H&F\",\"url\":\"https:\/\/qingdaohf.com\/bg\/\",\"logo\":{\"@type\":\"ImageObject\",\"inLanguage\":\"pl-PL\",\"@id\":\"https:\/\/qingdaohf.com\/bg\/#\/schema\/logo\/image\/\",\"url\":\"https:\/\/qingdaohf.com\/wp-content\/uploads\/2022\/12\/cropped-HF-LOGO.png\",\"contentUrl\":\"https:\/\/qingdaohf.com\/wp-content\/uploads\/2022\/12\/cropped-HF-LOGO.png\",\"width\":391,\"height\":249,\"caption\":\"Qingdao H&F\"},\"image\":{\"@id\":\"https:\/\/qingdaohf.com\/bg\/#\/schema\/logo\/image\/\"},\"sameAs\":[\"https:\/\/www.facebook.com\/qingdaohf\"]}]}<\/script>\n<!-- \/ Yoast SEO plugin. -->","yoast_head_json":{"title":"Concrete Lifting Clutch | Ring for Precast Concrete","description":"A Lifting Clutch or Ring Lifting is a tool used in lifting systems to attach and lift heavy loads safely and efficiently.","robots":{"index":"index","follow":"follow","max-snippet":"max-snippet:-1","max-image-preview":"max-image-preview:large","max-video-preview":"max-video-preview:-1"},"canonical":"https:\/\/qingdaohf.com\/pl\/produkt\/sprzeglo-podnoszace\/","og_locale":"pl_PL","og_type":"article","og_title":"Concrete Lifting Clutch | Ring for Precast Concrete","og_description":"A Lifting Clutch or Ring Lifting is a tool used in lifting systems to attach and lift heavy loads safely and efficiently.","og_url":"https:\/\/qingdaohf.com\/pl\/produkt\/sprzeglo-podnoszace\/","og_site_name":"Concrete Form &amp; Rigging Hardware Supplier","article_publisher":"https:\/\/www.facebook.com\/qingdaohf","article_modified_time":"2025-11-13T01:06:16+00:00","og_image":[{"width":1000,"height":1000,"url":"https:\/\/qingdaohf.com\/wp-content\/uploads\/2023\/02\/Lifting-clutchring-lifting-2.jpg","type":"image\/jpeg"}],"twitter_card":"summary_large_image","twitter_misc":{"Szacowany czas czytania":"2 minuty"},"schema":{"@context":"https:\/\/schema.org","@graph":[{"@type":"WebPage","@id":"https:\/\/qingdaohf.com\/product\/lifting-clutch\/","url":"https:\/\/qingdaohf.com\/product\/lifting-clutch\/","name":"Concrete Lifting Clutch | Ring for Precast Concrete","isPartOf":{"@id":"https:\/\/qingdaohf.com\/bg\/#website"},"primaryImageOfPage":{"@id":"https:\/\/qingdaohf.com\/product\/lifting-clutch\/#primaryimage"},"image":{"@id":"https:\/\/qingdaohf.com\/product\/lifting-clutch\/#primaryimage"},"thumbnailUrl":"https:\/\/qingdaohf.com\/wp-content\/uploads\/2023\/02\/Lifting-clutchring-lifting-2.jpg","datePublished":"2023-02-22T02:23:19+00:00","dateModified":"2025-11-13T01:06:16+00:00","description":"A Lifting Clutch or Ring Lifting is a tool used in lifting systems to attach and lift heavy loads safely and efficiently.","breadcrumb":{"@id":"https:\/\/qingdaohf.com\/product\/lifting-clutch\/#breadcrumb"},"inLanguage":"pl-PL","potentialAction":[{"@type":"ReadAction","target":["https:\/\/qingdaohf.com\/product\/lifting-clutch\/"]}]},{"@type":"ImageObject","inLanguage":"pl-PL","@id":"https:\/\/qingdaohf.com\/product\/lifting-clutch\/#primaryimage","url":"https:\/\/qingdaohf.com\/wp-content\/uploads\/2023\/02\/Lifting-clutchring-lifting-2.jpg","contentUrl":"https:\/\/qingdaohf.com\/wp-content\/uploads\/2023\/02\/Lifting-clutchring-lifting-2.jpg","width":1000,"height":1000,"caption":"Lifting Clutch \\Ring Lifting"},{"@type":"BreadcrumbList","@id":"https:\/\/qingdaohf.com\/product\/lifting-clutch\/#breadcrumb","itemListElement":[{"@type":"ListItem","position":1,"name":"Home","item":"https:\/\/qingdaohf.com\/"},{"@type":"ListItem","position":2,"name":"Concrete Forming Accessories and Rigging Hardware","item":"https:\/\/qingdaohf.com\/bg\/?page_id=944"},{"@type":"ListItem","position":3,"name":"Concrete Lifting Clutch | Ring for Precast Concrete"}]},{"@type":"WebSite","@id":"https:\/\/qingdaohf.com\/bg\/#website","url":"https:\/\/qingdaohf.com\/bg\/","name":"Concrete Form & Rigging Hardware Supplier","description":"","publisher":{"@id":"https:\/\/qingdaohf.com\/bg\/#organization"},"potentialAction":[{"@type":"SearchAction","target":{"@type":"EntryPoint","urlTemplate":"https:\/\/qingdaohf.com\/bg\/?s={search_term_string}"},"query-input":{"@type":"PropertyValueSpecification","valueRequired":true,"valueName":"search_term_string"}}],"inLanguage":"pl-PL"},{"@type":"Organization","@id":"https:\/\/qingdaohf.com\/bg\/#organization","name":"Qingdao H&F","url":"https:\/\/qingdaohf.com\/bg\/","logo":{"@type":"ImageObject","inLanguage":"pl-PL","@id":"https:\/\/qingdaohf.com\/bg\/#\/schema\/logo\/image\/","url":"https:\/\/qingdaohf.com\/wp-content\/uploads\/2022\/12\/cropped-HF-LOGO.png","contentUrl":"https:\/\/qingdaohf.com\/wp-content\/uploads\/2022\/12\/cropped-HF-LOGO.png","width":391,"height":249,"caption":"Qingdao H&F"},"image":{"@id":"https:\/\/qingdaohf.com\/bg\/#\/schema\/logo\/image\/"},"sameAs":["https:\/\/www.facebook.com\/qingdaohf"]}]}},"_links":{"self":[{"href":"https:\/\/qingdaohf.com\/pl\/wp-json\/wp\/v2\/product\/2316","targetHints":{"allow":["GET"]}}],"collection":[{"href":"https:\/\/qingdaohf.com\/pl\/wp-json\/wp\/v2\/product"}],"about":[{"href":"https:\/\/qingdaohf.com\/pl\/wp-json\/wp\/v2\/types\/product"}],"replies":[{"embeddable":true,"href":"https:\/\/qingdaohf.com\/pl\/wp-json\/wp\/v2\/comments?post=2316"}],"version-history":[{"count":5,"href":"https:\/\/qingdaohf.com\/pl\/wp-json\/wp\/v2\/product\/2316\/revisions"}],"predecessor-version":[{"id":10255,"href":"https:\/\/qingdaohf.com\/pl\/wp-json\/wp\/v2\/product\/2316\/revisions\/10255"}],"wp:featuredmedia":[{"embeddable":true,"href":"https:\/\/qingdaohf.com\/pl\/wp-json\/wp\/v2\/media\/3188"}],"wp:attachment":[{"href":"https:\/\/qingdaohf.com\/pl\/wp-json\/wp\/v2\/media?parent=2316"}],"wp:term":[{"taxonomy":"product_brand","embeddable":true,"href":"https:\/\/qingdaohf.com\/pl\/wp-json\/wp\/v2\/product_brand?post=2316"},{"taxonomy":"product_cat","embeddable":true,"href":"https:\/\/qingdaohf.com\/pl\/wp-json\/wp\/v2\/product_cat?post=2316"},{"taxonomy":"product_tag","embeddable":true,"href":"https:\/\/qingdaohf.com\/pl\/wp-json\/wp\/v2\/product_tag?post=2316"}],"curies":[{"name":"wp","href":"https:\/\/api.w.org\/{rel}","templated":true}]}}