{"id":2327,"date":"2023-02-23T11:03:22","date_gmt":"2023-02-23T03:03:22","guid":{"rendered":"http:\/\/qingdaohf.com\/?post_type=product&#038;p=2327"},"modified":"2025-11-13T09:06:15","modified_gmt":"2025-11-13T01:06:15","slug":"thread-insert","status":"publish","type":"product","link":"https:\/\/qingdaohf.com\/pl\/produkt\/wkladka-gwintowana\/","title":{"rendered":"Wk\u0142adka do naprawy gwint\u00f3w"},"content":{"rendered":"<p>Wk\u0142adki do naprawy gwint\u00f3w s\u0105 r\u00f3wnie\u017c powszechnie znane jako wk\u0142adki gwintowane lub wk\u0142adki helicoil. S\u0105 to cylindryczne elementy metalowe u\u017cywane do naprawy lub wzmacniania uszkodzonych gwint\u00f3w w r\u00f3\u017cnych materia\u0142ach, takich jak metal, plastik lub drewno.<\/p>\n<p>Wk\u0142adka do naprawy gwint\u00f3w sk\u0142ada si\u0119 ze spiralnego zwoju, kt\u00f3ry jest gwintowany wewn\u0119trznie i zewn\u0119trznie. Zazwyczaj jest on wykonany ze stali nierdzewnej, mosi\u0105dzu lub innych trwa\u0142ych materia\u0142\u00f3w. Zewn\u0119trzne gwinty wk\u0142adki pasuj\u0105 rozmiarem i skokiem do uszkodzonych lub zerwanych gwint\u00f3w w materiale macierzystym. Wewn\u0119trzne gwinty wk\u0142adki s\u0105 zaprojektowane tak, aby przyj\u0105\u0107 \u0142\u0105cznik, kt\u00f3ry zostanie u\u017cyty w naprawianym otworze.<\/p>\n<p>Wk\u0142adki do naprawy gwint\u00f3w s\u0105 stosowane, gdy oryginalne gwinty zosta\u0142y zerwane, zu\u017cyte lub w inny spos\u00f3b uszkodzone, uniemo\u017cliwiaj\u0105c wkr\u0119cenie \u015bruby lub wkr\u0119tu w materia\u0142. Zainstalowanie wk\u0142adki do naprawy gwint\u00f3w jest skutecznym rozwi\u0105zaniem przywracaj\u0105cym wytrzyma\u0142o\u015b\u0107 i integralno\u015b\u0107 gwintowanego otworu. Wk\u0142adka zapewnia now\u0105, trwa\u0142\u0105 i niezawodn\u0105 powierzchni\u0119 gwintowan\u0105 dla elementu z\u0142\u0105cznego, zapewniaj\u0105c bezpieczne i d\u0142ugotrwa\u0142e po\u0142\u0105czenie.<\/p>\n<p><img fetchpriority=\"high\" decoding=\"async\" class=\"alignnone size-full wp-image-3229\" src=\"http:\/\/qingdaohf.com\/wp-content\/uploads\/2023\/02\/27-1.jpg\" alt=\"Wk\u0142adka do naprawy gwint\u00f3w\" width=\"1200\" height=\"520\" srcset=\"https:\/\/qingdaohf.com\/wp-content\/uploads\/2023\/02\/27-1.jpg 1200w, https:\/\/qingdaohf.com\/wp-content\/uploads\/2023\/02\/27-1-300x130.jpg 300w, https:\/\/qingdaohf.com\/wp-content\/uploads\/2023\/02\/27-1-1024x444.jpg 1024w, https:\/\/qingdaohf.com\/wp-content\/uploads\/2023\/02\/27-1-768x333.jpg 768w, https:\/\/qingdaohf.com\/wp-content\/uploads\/2023\/02\/27-1-1000x433.jpg 1000w\" sizes=\"(max-width: 1200px) 100vw, 1200px\" \/><\/p>\n<p>&nbsp;<\/p>","protected":false},"excerpt":{"rendered":"<p>Wk\u0142adki do naprawy gwint\u00f3w s\u0105 r\u00f3wnie\u017c powszechnie znane jako wk\u0142adki gwintowane lub wk\u0142adki helicoil. S\u0105 to cylindryczne elementy metalowe u\u017cywane do naprawy lub wzmacniania uszkodzonych gwint\u00f3w w r\u00f3\u017cnych materia\u0142ach, takich jak metal, plastik lub drewno.<\/p>","protected":false},"featured_media":3225,"comment_status":"open","ping_status":"closed","template":"","meta":{"site-sidebar-layout":"default","site-content-layout":"default","ast-site-content-layout":"","site-content-style":"default","site-sidebar-style":"default","ast-global-header-display":"","ast-banner-title-visibility":"","ast-main-header-display":"","ast-hfb-above-header-display":"","ast-hfb-below-header-display":"","ast-hfb-mobile-header-display":"","site-post-title":"","ast-breadcrumbs-content":"","ast-featured-img":"","footer-sml-layout":"","theme-transparent-header-meta":"default","adv-header-id-meta":"","stick-header-meta":"default","header-above-stick-meta":"","header-main-stick-meta":"","header-below-stick-meta":"","astra-migrate-meta-layouts":"default","ast-page-background-enabled":"default","ast-page-background-meta":{"desktop":{"background-color":"","background-image":"","background-repeat":"repeat","background-position":"center center","background-size":"auto","background-attachment":"scroll","background-type":"","background-media":"","overlay-type":"","overlay-color":"","overlay-opacity":"","overlay-gradient":""},"tablet":{"background-color":"","background-image":"","background-repeat":"repeat","background-position":"center center","background-size":"auto","background-attachment":"scroll","background-type":"","background-media":"","overlay-type":"","overlay-color":"","overlay-opacity":"","overlay-gradient":""},"mobile":{"background-color":"","background-image":"","background-repeat":"repeat","background-position":"center center","background-size":"auto","background-attachment":"scroll","background-type":"","background-media":"","overlay-type":"","overlay-color":"","overlay-opacity":"","overlay-gradient":""}},"ast-content-background-meta":{"desktop":{"background-color":"var(--ast-global-color-5)","background-image":"","background-repeat":"repeat","background-position":"center center","background-size":"auto","background-attachment":"scroll","background-type":"","background-media":"","overlay-type":"","overlay-color":"","overlay-opacity":"","overlay-gradient":""},"tablet":{"background-color":"var(--ast-global-color-5)","background-image":"","background-repeat":"repeat","background-position":"center center","background-size":"auto","background-attachment":"scroll","background-type":"","background-media":"","overlay-type":"","overlay-color":"","overlay-opacity":"","overlay-gradient":""},"mobile":{"background-color":"var(--ast-global-color-5)","background-image":"","background-repeat":"repeat","background-position":"center center","background-size":"auto","background-attachment":"scroll","background-type":"","background-media":"","overlay-type":"","overlay-color":"","overlay-opacity":"","overlay-gradient":""}}},"product_brand":[],"product_cat":[31],"product_tag":[],"class_list":{"0":"post-2327","1":"product","2":"type-product","3":"status-publish","4":"has-post-thumbnail","6":"product_cat-fasteners","7":"desktop-align-left","8":"tablet-align-left","9":"mobile-align-left","10":"ast-product-gallery-layout-horizontal-slider","11":"ast-product-tabs-layout-horizontal","13":"first","14":"instock","15":"shipping-taxable","16":"purchasable","17":"product-type-simple"},"yoast_head":"<!-- This site is optimized with the Yoast SEO plugin v25.2 - https:\/\/yoast.com\/wordpress\/plugins\/seo\/ -->\n<title>Thread Repair Insert<\/title>\n<meta name=\"description\" content=\"Thread repair inserts are also commonly known as threaded inserts or helicoil inserts.\" \/>\n<meta name=\"robots\" content=\"index, follow, max-snippet:-1, max-image-preview:large, max-video-preview:-1\" \/>\n<link rel=\"canonical\" href=\"https:\/\/qingdaohf.com\/pl\/produkt\/wkladka-gwintowana\/\" \/>\n<meta property=\"og:locale\" content=\"pl_PL\" \/>\n<meta property=\"og:type\" content=\"article\" \/>\n<meta property=\"og:title\" content=\"Thread Repair Insert\" \/>\n<meta property=\"og:description\" content=\"Thread repair inserts are also commonly known as threaded inserts or helicoil inserts.\" \/>\n<meta property=\"og:url\" content=\"https:\/\/qingdaohf.com\/pl\/produkt\/wkladka-gwintowana\/\" \/>\n<meta property=\"og:site_name\" content=\"Concrete Form &amp; Rigging Hardware Supplier\" \/>\n<meta property=\"article:publisher\" content=\"https:\/\/www.facebook.com\/qingdaohf\" \/>\n<meta property=\"article:modified_time\" content=\"2025-11-13T01:06:15+00:00\" \/>\n<meta property=\"og:image\" content=\"https:\/\/qingdaohf.com\/wp-content\/uploads\/2023\/02\/thread-insert-1.jpg\" \/>\n\t<meta property=\"og:image:width\" content=\"1000\" \/>\n\t<meta property=\"og:image:height\" content=\"1000\" \/>\n\t<meta property=\"og:image:type\" content=\"image\/jpeg\" \/>\n<meta name=\"twitter:card\" content=\"summary_large_image\" \/>\n<meta name=\"twitter:label1\" content=\"Szacowany czas czytania\" \/>\n\t<meta name=\"twitter:data1\" content=\"1 minuta\" \/>\n<script type=\"application\/ld+json\" class=\"yoast-schema-graph\">{\"@context\":\"https:\/\/schema.org\",\"@graph\":[{\"@type\":\"WebPage\",\"@id\":\"https:\/\/qingdaohf.com\/product\/thread-insert\/\",\"url\":\"https:\/\/qingdaohf.com\/product\/thread-insert\/\",\"name\":\"Thread Repair Insert\",\"isPartOf\":{\"@id\":\"https:\/\/qingdaohf.com\/bg\/#website\"},\"primaryImageOfPage\":{\"@id\":\"https:\/\/qingdaohf.com\/product\/thread-insert\/#primaryimage\"},\"image\":{\"@id\":\"https:\/\/qingdaohf.com\/product\/thread-insert\/#primaryimage\"},\"thumbnailUrl\":\"https:\/\/qingdaohf.com\/wp-content\/uploads\/2023\/02\/thread-insert-1.jpg\",\"datePublished\":\"2023-02-23T03:03:22+00:00\",\"dateModified\":\"2025-11-13T01:06:15+00:00\",\"description\":\"Thread repair inserts are also commonly known as threaded inserts or helicoil inserts.\",\"breadcrumb\":{\"@id\":\"https:\/\/qingdaohf.com\/product\/thread-insert\/#breadcrumb\"},\"inLanguage\":\"pl-PL\",\"potentialAction\":[{\"@type\":\"ReadAction\",\"target\":[\"https:\/\/qingdaohf.com\/product\/thread-insert\/\"]}]},{\"@type\":\"ImageObject\",\"inLanguage\":\"pl-PL\",\"@id\":\"https:\/\/qingdaohf.com\/product\/thread-insert\/#primaryimage\",\"url\":\"https:\/\/qingdaohf.com\/wp-content\/uploads\/2023\/02\/thread-insert-1.jpg\",\"contentUrl\":\"https:\/\/qingdaohf.com\/wp-content\/uploads\/2023\/02\/thread-insert-1.jpg\",\"width\":1000,\"height\":1000,\"caption\":\"Thread Repair Insert\"},{\"@type\":\"BreadcrumbList\",\"@id\":\"https:\/\/qingdaohf.com\/product\/thread-insert\/#breadcrumb\",\"itemListElement\":[{\"@type\":\"ListItem\",\"position\":1,\"name\":\"Home\",\"item\":\"https:\/\/qingdaohf.com\/\"},{\"@type\":\"ListItem\",\"position\":2,\"name\":\"Concrete Forming Accessories and Rigging Hardware\",\"item\":\"https:\/\/qingdaohf.com\/bg\/?page_id=944\"},{\"@type\":\"ListItem\",\"position\":3,\"name\":\"Thread Repair Insert\"}]},{\"@type\":\"WebSite\",\"@id\":\"https:\/\/qingdaohf.com\/bg\/#website\",\"url\":\"https:\/\/qingdaohf.com\/bg\/\",\"name\":\"Concrete Form & Rigging Hardware Supplier\",\"description\":\"\",\"publisher\":{\"@id\":\"https:\/\/qingdaohf.com\/bg\/#organization\"},\"potentialAction\":[{\"@type\":\"SearchAction\",\"target\":{\"@type\":\"EntryPoint\",\"urlTemplate\":\"https:\/\/qingdaohf.com\/bg\/?s={search_term_string}\"},\"query-input\":{\"@type\":\"PropertyValueSpecification\",\"valueRequired\":true,\"valueName\":\"search_term_string\"}}],\"inLanguage\":\"pl-PL\"},{\"@type\":\"Organization\",\"@id\":\"https:\/\/qingdaohf.com\/bg\/#organization\",\"name\":\"Qingdao H&F\",\"url\":\"https:\/\/qingdaohf.com\/bg\/\",\"logo\":{\"@type\":\"ImageObject\",\"inLanguage\":\"pl-PL\",\"@id\":\"https:\/\/qingdaohf.com\/bg\/#\/schema\/logo\/image\/\",\"url\":\"https:\/\/qingdaohf.com\/wp-content\/uploads\/2022\/12\/cropped-HF-LOGO.png\",\"contentUrl\":\"https:\/\/qingdaohf.com\/wp-content\/uploads\/2022\/12\/cropped-HF-LOGO.png\",\"width\":391,\"height\":249,\"caption\":\"Qingdao H&F\"},\"image\":{\"@id\":\"https:\/\/qingdaohf.com\/bg\/#\/schema\/logo\/image\/\"},\"sameAs\":[\"https:\/\/www.facebook.com\/qingdaohf\"]}]}<\/script>\n<!-- \/ Yoast SEO plugin. -->","yoast_head_json":{"title":"Thread Repair Insert","description":"Thread repair inserts are also commonly known as threaded inserts or helicoil inserts.","robots":{"index":"index","follow":"follow","max-snippet":"max-snippet:-1","max-image-preview":"max-image-preview:large","max-video-preview":"max-video-preview:-1"},"canonical":"https:\/\/qingdaohf.com\/pl\/produkt\/wkladka-gwintowana\/","og_locale":"pl_PL","og_type":"article","og_title":"Thread Repair Insert","og_description":"Thread repair inserts are also commonly known as threaded inserts or helicoil inserts.","og_url":"https:\/\/qingdaohf.com\/pl\/produkt\/wkladka-gwintowana\/","og_site_name":"Concrete Form &amp; Rigging Hardware Supplier","article_publisher":"https:\/\/www.facebook.com\/qingdaohf","article_modified_time":"2025-11-13T01:06:15+00:00","og_image":[{"width":1000,"height":1000,"url":"https:\/\/qingdaohf.com\/wp-content\/uploads\/2023\/02\/thread-insert-1.jpg","type":"image\/jpeg"}],"twitter_card":"summary_large_image","twitter_misc":{"Szacowany czas czytania":"1 minuta"},"schema":{"@context":"https:\/\/schema.org","@graph":[{"@type":"WebPage","@id":"https:\/\/qingdaohf.com\/product\/thread-insert\/","url":"https:\/\/qingdaohf.com\/product\/thread-insert\/","name":"Thread Repair Insert","isPartOf":{"@id":"https:\/\/qingdaohf.com\/bg\/#website"},"primaryImageOfPage":{"@id":"https:\/\/qingdaohf.com\/product\/thread-insert\/#primaryimage"},"image":{"@id":"https:\/\/qingdaohf.com\/product\/thread-insert\/#primaryimage"},"thumbnailUrl":"https:\/\/qingdaohf.com\/wp-content\/uploads\/2023\/02\/thread-insert-1.jpg","datePublished":"2023-02-23T03:03:22+00:00","dateModified":"2025-11-13T01:06:15+00:00","description":"Thread repair inserts are also commonly known as threaded inserts or helicoil inserts.","breadcrumb":{"@id":"https:\/\/qingdaohf.com\/product\/thread-insert\/#breadcrumb"},"inLanguage":"pl-PL","potentialAction":[{"@type":"ReadAction","target":["https:\/\/qingdaohf.com\/product\/thread-insert\/"]}]},{"@type":"ImageObject","inLanguage":"pl-PL","@id":"https:\/\/qingdaohf.com\/product\/thread-insert\/#primaryimage","url":"https:\/\/qingdaohf.com\/wp-content\/uploads\/2023\/02\/thread-insert-1.jpg","contentUrl":"https:\/\/qingdaohf.com\/wp-content\/uploads\/2023\/02\/thread-insert-1.jpg","width":1000,"height":1000,"caption":"Thread Repair Insert"},{"@type":"BreadcrumbList","@id":"https:\/\/qingdaohf.com\/product\/thread-insert\/#breadcrumb","itemListElement":[{"@type":"ListItem","position":1,"name":"Home","item":"https:\/\/qingdaohf.com\/"},{"@type":"ListItem","position":2,"name":"Concrete Forming Accessories and Rigging Hardware","item":"https:\/\/qingdaohf.com\/bg\/?page_id=944"},{"@type":"ListItem","position":3,"name":"Thread Repair Insert"}]},{"@type":"WebSite","@id":"https:\/\/qingdaohf.com\/bg\/#website","url":"https:\/\/qingdaohf.com\/bg\/","name":"Concrete Form & Rigging Hardware Supplier","description":"","publisher":{"@id":"https:\/\/qingdaohf.com\/bg\/#organization"},"potentialAction":[{"@type":"SearchAction","target":{"@type":"EntryPoint","urlTemplate":"https:\/\/qingdaohf.com\/bg\/?s={search_term_string}"},"query-input":{"@type":"PropertyValueSpecification","valueRequired":true,"valueName":"search_term_string"}}],"inLanguage":"pl-PL"},{"@type":"Organization","@id":"https:\/\/qingdaohf.com\/bg\/#organization","name":"Qingdao H&F","url":"https:\/\/qingdaohf.com\/bg\/","logo":{"@type":"ImageObject","inLanguage":"pl-PL","@id":"https:\/\/qingdaohf.com\/bg\/#\/schema\/logo\/image\/","url":"https:\/\/qingdaohf.com\/wp-content\/uploads\/2022\/12\/cropped-HF-LOGO.png","contentUrl":"https:\/\/qingdaohf.com\/wp-content\/uploads\/2022\/12\/cropped-HF-LOGO.png","width":391,"height":249,"caption":"Qingdao H&F"},"image":{"@id":"https:\/\/qingdaohf.com\/bg\/#\/schema\/logo\/image\/"},"sameAs":["https:\/\/www.facebook.com\/qingdaohf"]}]}},"_links":{"self":[{"href":"https:\/\/qingdaohf.com\/pl\/wp-json\/wp\/v2\/product\/2327","targetHints":{"allow":["GET"]}}],"collection":[{"href":"https:\/\/qingdaohf.com\/pl\/wp-json\/wp\/v2\/product"}],"about":[{"href":"https:\/\/qingdaohf.com\/pl\/wp-json\/wp\/v2\/types\/product"}],"replies":[{"embeddable":true,"href":"https:\/\/qingdaohf.com\/pl\/wp-json\/wp\/v2\/comments?post=2327"}],"version-history":[{"count":2,"href":"https:\/\/qingdaohf.com\/pl\/wp-json\/wp\/v2\/product\/2327\/revisions"}],"predecessor-version":[{"id":10452,"href":"https:\/\/qingdaohf.com\/pl\/wp-json\/wp\/v2\/product\/2327\/revisions\/10452"}],"wp:featuredmedia":[{"embeddable":true,"href":"https:\/\/qingdaohf.com\/pl\/wp-json\/wp\/v2\/media\/3225"}],"wp:attachment":[{"href":"https:\/\/qingdaohf.com\/pl\/wp-json\/wp\/v2\/media?parent=2327"}],"wp:term":[{"taxonomy":"product_brand","embeddable":true,"href":"https:\/\/qingdaohf.com\/pl\/wp-json\/wp\/v2\/product_brand?post=2327"},{"taxonomy":"product_cat","embeddable":true,"href":"https:\/\/qingdaohf.com\/pl\/wp-json\/wp\/v2\/product_cat?post=2327"},{"taxonomy":"product_tag","embeddable":true,"href":"https:\/\/qingdaohf.com\/pl\/wp-json\/wp\/v2\/product_tag?post=2327"}],"curies":[{"name":"wp","href":"https:\/\/api.w.org\/{rel}","templated":true}]}}