{"id":2646,"date":"2023-03-02T15:27:12","date_gmt":"2023-03-02T07:27:12","guid":{"rendered":"http:\/\/qingdaohf.com\/?post_type=product&#038;p=2646"},"modified":"2025-11-13T09:05:52","modified_gmt":"2025-11-13T01:05:52","slug":"elephant-foot-ferrule","status":"publish","type":"product","link":"https:\/\/qingdaohf.com\/pl\/produkt\/tuleja-na-stope-slonia-tuleja-na-stope-slonia\/","title":{"rendered":"Tuleja w kszta\u0142cie stopy s\u0142onia"},"content":{"rendered":"<h2 class=\"text-2xl font-bold mt-1 text-text-200\">Czym s\u0105 okucia stopy s\u0142onia i dlaczego s\u0105 wa\u017cne?<\/h2>\n<p class=\"whitespace-pre-wrap break-words\">Czy kiedykolwiek zastanawia\u0142e\u015b si\u0119, dlaczego s\u0105 one nazywane tulejami \"stopy s\u0142onia\"? Przyjrzyj si\u0119 jednemu z nich, a zobaczysz, \u017ce te krytyczne elementy olinowania maj\u0105 charakterystyczn\u0105 rozszerzon\u0105 podstaw\u0119, kt\u00f3ra odzwierciedla stop\u0119 s\u0142onia. Ale ich unikalny kszta\u0142t nie jest tylko na pokaz. Te wyspecjalizowane tuleje s\u0105 niedocenianymi bohaterami \u015bwiata olinowania, tworz\u0105c solidne jak ska\u0142a po\u0142\u0105czenia mi\u0119dzy linami stalowymi a systemami podnoszenia. Ich sprytna konstrukcja r\u00f3wnomiernie rozk\u0142ada nacisk na splotki liny, zapobiegaj\u0105c strz\u0119pieniu si\u0119 i utrzymuj\u0105c wytrzyma\u0142o\u015b\u0107 liny, gdy jest to najwa\u017cniejsze.<\/p>\n<p class=\"whitespace-pre-wrap break-words\">B\u0105d\u017amy szczerzy - wyb\u00f3r odpowiedniej tulei nie jest czym\u015b, co nale\u017cy traktowa\u0107 lekko. Gdy masz do czynienia z podnoszeniem ci\u0119\u017car\u00f3w, pracami morskimi lub innymi zastosowaniami zwi\u0105zanymi z olinowaniem, w kt\u00f3rych napr\u0119\u017cenia si\u0119gaj\u0105 zenitu, wyb\u00f3r tulei mo\u017ce spowodowa\u0107 lub zepsu\u0107 operacj\u0119 - czasem dos\u0142ownie. Dlatego zrozumienie tych komponent\u00f3w nie tylko pomaga, ale jest niezb\u0119dne dla ka\u017cdego w bran\u017cy.<\/p>\n<p><img fetchpriority=\"high\" decoding=\"async\" class=\"alignnone size-full wp-image-3403\" src=\"http:\/\/qingdaohf.com\/wp-content\/uploads\/2023\/03\/50-3.jpg\" alt=\"zak\u0142adka\" width=\"1200\" height=\"412\" srcset=\"https:\/\/qingdaohf.com\/wp-content\/uploads\/2023\/03\/50-3.jpg 1200w, https:\/\/qingdaohf.com\/wp-content\/uploads\/2023\/03\/50-3-300x103.jpg 300w, https:\/\/qingdaohf.com\/wp-content\/uploads\/2023\/03\/50-3-1024x352.jpg 1024w, https:\/\/qingdaohf.com\/wp-content\/uploads\/2023\/03\/50-3-768x264.jpg 768w, https:\/\/qingdaohf.com\/wp-content\/uploads\/2023\/03\/50-3-1000x343.jpg 1000w\" sizes=\"(max-width: 1200px) 100vw, 1200px\" \/><\/p>\n<h2 class=\"text-2xl font-bold mt-1 text-text-200\">Dlaczego warto wybra\u0107 Qingdao H&amp;F dla swoich oku\u0107 do st\u00f3p s\u0142onia?<\/h2>\n<p class=\"whitespace-pre-wrap break-words\">W Qingdao H&amp;F rozumiemy to - kiedy zaopatrujesz si\u0119 w osprz\u0119t do olinowania, potrzebujesz partnera, kt\u00f3ry dostarcza co\u015b wi\u0119cej ni\u017c tylko cz\u0119\u015bci. Opieraj\u0105c si\u0119 na wieloletnim do\u015bwiadczeniu w handlu mi\u0119dzynarodowym, zbudowali\u015bmy nasz\u0105 reputacj\u0119 na tworzeniu najwy\u017cszej jako\u015bci tulei, kt\u00f3re sprawdzaj\u0105 si\u0119 na ka\u017cdym dystansie. Wiemy jednak, \u017ce \u015bwietne produkty to tylko punkt wyj\u015bcia.<\/p>\n<p class=\"whitespace-pre-wrap break-words\">Co nas wyr\u00f3\u017cnia? Po pierwsze, b\u0119dziesz pracowa\u0107 bezpo\u015brednio z dedykowan\u0105 osob\u0105 wsparcia, kt\u00f3ra zna si\u0119 na rzeczy. \u017badnych drzewek telefonicznych, \u017cadnego omijania - tylko bezpo\u015brednia rozmowa i rozwi\u0105zania dostosowane do wymaga\u0144 Twojego projektu. Potrzebujesz niestandardowych specyfikacji? Specjalnych certyfikat\u00f3w? Zajmiemy si\u0119 tym. A poniewa\u017c czas to pieni\u0105dz, usprawnili\u015bmy nasz proces dostawy, aby zapewni\u0107 ci\u0105g\u0142o\u015b\u0107 dzia\u0142ania.<\/p>\n<p class=\"whitespace-pre-wrap break-words\">Jako\u015b\u0107 nie jest tu tylko pustym s\u0142owem. Ka\u017cda tuleja przechodzi wyczerpuj\u0105ce testy - m\u00f3wimy tu o wytrzyma\u0142o\u015bci materia\u0142u, odporno\u015bci na korozj\u0119, dok\u0142adno\u015bci wymiarowej, itd. Ka\u017cde zam\u00f3wienie, niezale\u017cnie od tego, czy jest to pojedyncza sztuka, czy tysi\u0105c, jest poparte szczeg\u00f3\u0142owymi raportami z inspekcji. Poniewa\u017c gdy w gr\u0119 wchodzi bezpiecze\u0144stwo, \"wystarczaj\u0105co dobre\" po prostu nie jest.<\/p>\n<h2 class=\"text-2xl font-bold mt-1 text-text-200\">Zrozumienie konstrukcji i zastosowania tulei ze stop\u0105 s\u0142onia<\/h2>\n<p class=\"whitespace-pre-wrap break-words\">Geniusz tych tulei tkwi w ich charakterystycznym kszta\u0142cie. Ta szersza podstawa nie tylko wygl\u0105da - tworzy dodatkow\u0105 powierzchni\u0119 \u015bciskania, chwytaj\u0105c lin\u0119 stalow\u0105 bardziej efektywnie ni\u017c standardowe tuleje. Po przy\u0142o\u017ceniu nacisku obci\u0105\u017cenie rozk\u0142ada si\u0119 r\u00f3wnomiernie na splotki liny, zapobiegaj\u0105c powstawaniu gor\u0105cych punkt\u00f3w, kt\u00f3re mog\u0105 prowadzi\u0107 do awarii. Ta inteligentna konstrukcja zmniejsza r\u00f3wnie\u017c tarcie tam, gdzie ma to znaczenie, wyd\u0142u\u017caj\u0105c \u017cywotno\u015b\u0107 zar\u00f3wno tulei, jak i liny.<\/p>\n<p class=\"whitespace-pre-wrap break-words\">Od platform wiertniczych po place budowy, wsz\u0119dzie tam, gdzie wykonywane s\u0105 powa\u017cne operacje podnoszenia, mo\u017cna znale\u017a\u0107 te tuleje ci\u0119\u017cko pracuj\u0105ce. Ich prawdziwa si\u0142a? Zdolno\u015b\u0107 adaptacji. Niezale\u017cnie od tego, czy pracujesz ze stal\u0105 nierdzewn\u0105, stal\u0105 ocynkowan\u0105 czy specjalnymi linami stopowymi, tuleje elephant foot poradz\u0105 sobie z tym. Ta wszechstronno\u015b\u0107 sprawia, \u017ce s\u0105 one idealne zar\u00f3wno do sta\u0142ych instalacji, jak i tymczasowych konfiguracji, w kt\u00f3rych niezawodno\u015b\u0107 nie mo\u017ce by\u0107 zagro\u017cona.<\/p>\n<h2 class=\"text-2xl font-bold mt-1 text-text-200\">Jak okucia stopy s\u0142onia przyczyniaj\u0105 si\u0119 do bezpiecze\u0144stwa i wydajno\u015bci<\/h2>\n<p class=\"whitespace-pre-wrap break-words\">W \u015bwiecie ci\u0119\u017ckich maszyn i urz\u0105dze\u0144 d\u017awigowych nie ma czego\u015b takiego jak \"drobny\" element. Ka\u017cdy element ma znaczenie, a te tuleje odgrywaj\u0105 kluczow\u0105 rol\u0119 w zapobieganiu koszmarnym scenariuszom - po\u015blizgni\u0119ciu si\u0119 liny, strz\u0119pieniu lub katastrofalnym p\u0119kni\u0119ciom. Kiedy podnosisz \u0142adunki, kt\u00f3re mog\u0105 spowodowa\u0107 powa\u017cne uszkodzenia lub obra\u017cenia, je\u015bli co\u015b p\u00f3jdzie nie tak, potrzebujesz sprz\u0119tu, kt\u00f3remu mo\u017cesz zaufa\u0107.<\/p>\n<p class=\"whitespace-pre-wrap break-words\">To nie s\u0105 przeci\u0119tne tuleje. Zbudowane z najwy\u017cszej jako\u015bci materia\u0142\u00f3w i wyprodukowane z precyzj\u0105, s\u0105 zaprojektowane tak, aby przetrwa\u0107 burz\u0119 - dos\u0142ownie. Od \u015brodowisk korozyjnych po ekstremalne temperatury i aplikacje nara\u017cone na du\u017ce obci\u0105\u017cenia, zachowuj\u0105 wydajno\u015b\u0107, gdy gorszy sprz\u0119t zawodzi. Po\u0142\u0105cz to z nasz\u0105 rygorystyczn\u0105 kontrol\u0105 jako\u015bci, a uzyskasz spok\u00f3j ducha, na kt\u00f3ry mo\u017cesz liczy\u0107.<\/p>\n<h2 class=\"text-2xl font-bold mt-1 text-text-200\">Przewaga Qingdao H&amp;F<\/h2>\n<p><img decoding=\"async\" class=\"alignnone wp-image-8732 size-full\" src=\"http:\/\/qingdaohf.com\/wp-content\/uploads\/2023\/03\/HF-packing-5-1.webp\" alt=\"Opakowanie HF\" width=\"1920\" height=\"1080\" srcset=\"https:\/\/qingdaohf.com\/wp-content\/uploads\/2023\/03\/HF-packing-5-1.webp 1920w, https:\/\/qingdaohf.com\/wp-content\/uploads\/2023\/03\/HF-packing-5-1-300x169.webp 300w, https:\/\/qingdaohf.com\/wp-content\/uploads\/2023\/03\/HF-packing-5-1-1024x576.webp 1024w, https:\/\/qingdaohf.com\/wp-content\/uploads\/2023\/03\/HF-packing-5-1-768x432.webp 768w, https:\/\/qingdaohf.com\/wp-content\/uploads\/2023\/03\/HF-packing-5-1-1536x864.webp 1536w, https:\/\/qingdaohf.com\/wp-content\/uploads\/2023\/03\/HF-packing-5-1-18x10.webp 18w, https:\/\/qingdaohf.com\/wp-content\/uploads\/2023\/03\/HF-packing-5-1-1000x563.webp 1000w\" sizes=\"(max-width: 1920px) 100vw, 1920px\" \/><\/p>\n<p class=\"whitespace-pre-wrap break-words\">Wyb\u00f3r Qingdao H&amp;F oznacza co\u015b wi\u0119cej ni\u017c tylko zakup tulei - zyskujesz partnera, kt\u00f3ry zainwestowa\u0142 w Tw\u00f3j sukces. Nasz zesp\u00f3\u0142 \u017cyje i oddycha bran\u017c\u0105 olinowania i jeste\u015bmy tutaj, aby pom\u00f3c Ci sprosta\u0107 zar\u00f3wno bezpo\u015brednim wyzwaniom, jak i d\u0142ugoterminowym celom.<\/p>\n<p class=\"whitespace-pre-wrap break-words\">Na nasz\u0105 reputacj\u0119 zapracowali\u015bmy ci\u0119\u017ck\u0105 prac\u0105 - konsekwentnie dostarczaj\u0105c wysokiej jako\u015bci produkty, szybk\u0105 wysy\u0142k\u0119 i wsparcie, na kt\u00f3re naprawd\u0119 mo\u017cna liczy\u0107. Chcesz przetestowa\u0107 zanim zainwestujesz? Wy\u015blemy Ci bezp\u0142atne pr\u00f3bki naszych produkt\u00f3w linowych. Takie praktyczne podej\u015bcie pozwala zweryfikowa\u0107 kompatybilno\u015b\u0107 i wydajno\u015b\u0107 przed podj\u0119ciem wa\u017cnych decyzji.<\/p>\n<h2 class=\"text-2xl font-bold mt-1 text-text-200\">Wnioski<\/h2>\n<p class=\"whitespace-pre-wrap break-words\">Je\u015bli chodzi o operacje podnoszenia, tuleje stopy s\u0142onia nie s\u0105 tylko kolejn\u0105 cz\u0119\u015bci\u0105 - to spok\u00f3j ducha wykonany z metalu. W Qingdao H&amp;F \u0142\u0105czymy produkty najwy\u017cszej jako\u015bci z do\u015bwiadczeniem i us\u0142ugami, kt\u00f3rych potrzebujesz, aby wszystko dzia\u0142a\u0142o p\u0142ynnie. Niezale\u017cnie od tego, czy zajmujesz si\u0119 budownictwem, pracami morskimi, czy jak\u0105kolwiek inn\u0105 dziedzin\u0105, kt\u00f3ra wymaga kuloodpornych element\u00f3w olinowania, nasze tuleje spe\u0142niaj\u0105 swoje zadanie. Dzi\u0119ki kompleksowym testom, osobistemu wsparciu i kr\u00f3tkim terminom dostaw, jeste\u015bmy gotowi, aby sta\u0107 si\u0119 Twoim partnerem w zakresie sprz\u0119tu do olinowania i podnoszenia. Chcesz dowiedzie\u0107 si\u0119 wi\u0119cej? Porozmawiajmy o tym, jak nasze tuleje do st\u00f3p s\u0142oniowych mog\u0105 podnie\u015b\u0107 jako\u015b\u0107 Twojego kolejnego projektu.<\/p>","protected":false},"excerpt":{"rendered":"<p>Okucia ze stop\u0105 s\u0142onia maj\u0105 ogromne znaczenie w bran\u017cy olinowania i podnoszenia, gdzie s\u0142u\u017c\u0105 do ustanowienia silnego i bezpiecznego po\u0142\u0105czenia mi\u0119dzy linami stalowymi w celu uzyskania lepszej wydajno\u015bci, gdy s\u0105 poddawane ci\u0119\u017ckim zastosowaniom. Jako\u015b\u0107, dok\u0142adno\u015b\u0107 i kompatybilno\u015b\u0107 to zwyk\u0142e obawy ka\u017cdego kupuj\u0105cego; dzi\u0119ki okuciom stopy s\u0142onia firmy Qingdao H&amp;F mo\u017cesz mie\u0107 pewno\u015b\u0107, \u017ce otrzymasz wysokiej jako\u015bci rozwi\u0105zanie, kt\u00f3re spe\u0142ni nawet najbardziej wymagaj\u0105ce wymagania. Indywidualna obs\u0142uga klienta, szybkie cykle dostaw i kompleksowe raporty z kontroli jako\u015bci to tylko niekt\u00f3re z korzy\u015bci, kt\u00f3re zapewniaj\u0105, \u017ce za ka\u017cdym razem otrzymasz najlepszy produkt, dostosowany do Twoich potrzeb. Niezale\u017cnie od tego, czy potrzebujesz niestandardowych rozmiar\u00f3w, czy szybkiego rozwi\u0105zania, mo\u017cemy pom\u00f3c Ci na ka\u017cdym etapie projektu.<\/p>","protected":false},"featured_media":3398,"comment_status":"open","ping_status":"closed","template":"","meta":{"site-sidebar-layout":"default","site-content-layout":"default","ast-site-content-layout":"default","site-content-style":"default","site-sidebar-style":"default","ast-global-header-display":"","ast-banner-title-visibility":"","ast-main-header-display":"","ast-hfb-above-header-display":"","ast-hfb-below-header-display":"","ast-hfb-mobile-header-display":"","site-post-title":"","ast-breadcrumbs-content":"","ast-featured-img":"","footer-sml-layout":"","theme-transparent-header-meta":"default","adv-header-id-meta":"","stick-header-meta":"default","header-above-stick-meta":"","header-main-stick-meta":"","header-below-stick-meta":"","astra-migrate-meta-layouts":"set","ast-page-background-enabled":"default","ast-page-background-meta":{"desktop":{"background-color":"","background-image":"","background-repeat":"repeat","background-position":"center center","background-size":"auto","background-attachment":"scroll","background-type":"","background-media":"","overlay-type":"","overlay-color":"","overlay-opacity":"","overlay-gradient":""},"tablet":{"background-color":"","background-image":"","background-repeat":"repeat","background-position":"center center","background-size":"auto","background-attachment":"scroll","background-type":"","background-media":"","overlay-type":"","overlay-color":"","overlay-opacity":"","overlay-gradient":""},"mobile":{"background-color":"","background-image":"","background-repeat":"repeat","background-position":"center center","background-size":"auto","background-attachment":"scroll","background-type":"","background-media":"","overlay-type":"","overlay-color":"","overlay-opacity":"","overlay-gradient":""}},"ast-content-background-meta":{"desktop":{"background-color":"var(--ast-global-color-5)","background-image":"","background-repeat":"repeat","background-position":"center center","background-size":"auto","background-attachment":"scroll","background-type":"","background-media":"","overlay-type":"","overlay-color":"","overlay-opacity":"","overlay-gradient":""},"tablet":{"background-color":"var(--ast-global-color-5)","background-image":"","background-repeat":"repeat","background-position":"center center","background-size":"auto","background-attachment":"scroll","background-type":"","background-media":"","overlay-type":"","overlay-color":"","overlay-opacity":"","overlay-gradient":""},"mobile":{"background-color":"var(--ast-global-color-5)","background-image":"","background-repeat":"repeat","background-position":"center center","background-size":"auto","background-attachment":"scroll","background-type":"","background-media":"","overlay-type":"","overlay-color":"","overlay-opacity":"","overlay-gradient":""}}},"product_brand":[],"product_cat":[50,30],"product_tag":[],"class_list":{"0":"post-2646","1":"product","2":"type-product","3":"status-publish","4":"has-post-thumbnail","6":"product_cat-concrete-form-accessories","7":"product_cat-lifting-anchor","8":"desktop-align-left","9":"tablet-align-left","10":"mobile-align-left","11":"ast-product-gallery-layout-horizontal-slider","12":"ast-product-tabs-layout-horizontal","14":"first","15":"instock","16":"shipping-taxable","17":"purchasable","18":"product-type-simple"},"yoast_head":"<!-- This site is optimized with the Yoast SEO plugin v25.2 - https:\/\/yoast.com\/wordpress\/plugins\/seo\/ -->\n<title>Elephant Foot Ferrule<\/title>\n<meta name=\"description\" content=\"Roud Ferrule and Elephant Foot Ferrule it helps to ensure the integrity and longevity of the structures we build.\" \/>\n<meta name=\"robots\" content=\"index, follow, max-snippet:-1, max-image-preview:large, max-video-preview:-1\" \/>\n<link rel=\"canonical\" href=\"https:\/\/qingdaohf.com\/pl\/produkt\/tuleja-na-stope-slonia-tuleja-na-stope-slonia\/\" \/>\n<meta property=\"og:locale\" content=\"pl_PL\" \/>\n<meta property=\"og:type\" content=\"article\" \/>\n<meta property=\"og:title\" content=\"Elephant Foot Ferrule\" \/>\n<meta property=\"og:description\" content=\"Roud Ferrule and Elephant Foot Ferrule it helps to ensure the integrity and longevity of the structures we build.\" \/>\n<meta property=\"og:url\" content=\"https:\/\/qingdaohf.com\/pl\/produkt\/tuleja-na-stope-slonia-tuleja-na-stope-slonia\/\" \/>\n<meta property=\"og:site_name\" content=\"Concrete Form &amp; Rigging Hardware Supplier\" \/>\n<meta property=\"article:publisher\" content=\"https:\/\/www.facebook.com\/qingdaohf\" \/>\n<meta property=\"article:modified_time\" content=\"2025-11-13T01:05:52+00:00\" \/>\n<meta property=\"og:image\" content=\"https:\/\/qingdaohf.com\/wp-content\/uploads\/2023\/03\/roud-ferrule-elephant-foot-ferrule-4-1.jpg\" \/>\n\t<meta property=\"og:image:width\" content=\"1000\" \/>\n\t<meta property=\"og:image:height\" content=\"1000\" \/>\n\t<meta property=\"og:image:type\" content=\"image\/jpeg\" \/>\n<meta name=\"twitter:card\" content=\"summary_large_image\" \/>\n<meta name=\"twitter:label1\" content=\"Szacowany czas czytania\" \/>\n\t<meta name=\"twitter:data1\" content=\"4 minuty\" \/>\n<script type=\"application\/ld+json\" class=\"yoast-schema-graph\">{\"@context\":\"https:\/\/schema.org\",\"@graph\":[{\"@type\":\"WebPage\",\"@id\":\"https:\/\/qingdaohf.com\/product\/elephant-foot-ferrule\/\",\"url\":\"https:\/\/qingdaohf.com\/product\/elephant-foot-ferrule\/\",\"name\":\"Elephant Foot Ferrule\",\"isPartOf\":{\"@id\":\"https:\/\/qingdaohf.com\/bg\/#website\"},\"primaryImageOfPage\":{\"@id\":\"https:\/\/qingdaohf.com\/product\/elephant-foot-ferrule\/#primaryimage\"},\"image\":{\"@id\":\"https:\/\/qingdaohf.com\/product\/elephant-foot-ferrule\/#primaryimage\"},\"thumbnailUrl\":\"https:\/\/qingdaohf.com\/wp-content\/uploads\/2023\/03\/roud-ferrule-elephant-foot-ferrule-4-1.jpg\",\"datePublished\":\"2023-03-02T07:27:12+00:00\",\"dateModified\":\"2025-11-13T01:05:52+00:00\",\"description\":\"Roud Ferrule and Elephant Foot Ferrule it helps to ensure the integrity and longevity of the structures we build.\",\"breadcrumb\":{\"@id\":\"https:\/\/qingdaohf.com\/product\/elephant-foot-ferrule\/#breadcrumb\"},\"inLanguage\":\"pl-PL\",\"potentialAction\":[{\"@type\":\"ReadAction\",\"target\":[\"https:\/\/qingdaohf.com\/product\/elephant-foot-ferrule\/\"]}]},{\"@type\":\"ImageObject\",\"inLanguage\":\"pl-PL\",\"@id\":\"https:\/\/qingdaohf.com\/product\/elephant-foot-ferrule\/#primaryimage\",\"url\":\"https:\/\/qingdaohf.com\/wp-content\/uploads\/2023\/03\/roud-ferrule-elephant-foot-ferrule-4-1.jpg\",\"contentUrl\":\"https:\/\/qingdaohf.com\/wp-content\/uploads\/2023\/03\/roud-ferrule-elephant-foot-ferrule-4-1.jpg\",\"width\":1000,\"height\":1000,\"caption\":\"roud ferrule elephant foot ferrule\"},{\"@type\":\"BreadcrumbList\",\"@id\":\"https:\/\/qingdaohf.com\/product\/elephant-foot-ferrule\/#breadcrumb\",\"itemListElement\":[{\"@type\":\"ListItem\",\"position\":1,\"name\":\"Home\",\"item\":\"https:\/\/qingdaohf.com\/\"},{\"@type\":\"ListItem\",\"position\":2,\"name\":\"Concrete Forming Accessories and Rigging Hardware\",\"item\":\"https:\/\/qingdaohf.com\/bg\/?page_id=944\"},{\"@type\":\"ListItem\",\"position\":3,\"name\":\"Elephant Foot Ferrule\"}]},{\"@type\":\"WebSite\",\"@id\":\"https:\/\/qingdaohf.com\/bg\/#website\",\"url\":\"https:\/\/qingdaohf.com\/bg\/\",\"name\":\"Concrete Form & Rigging Hardware Supplier\",\"description\":\"\",\"publisher\":{\"@id\":\"https:\/\/qingdaohf.com\/bg\/#organization\"},\"potentialAction\":[{\"@type\":\"SearchAction\",\"target\":{\"@type\":\"EntryPoint\",\"urlTemplate\":\"https:\/\/qingdaohf.com\/bg\/?s={search_term_string}\"},\"query-input\":{\"@type\":\"PropertyValueSpecification\",\"valueRequired\":true,\"valueName\":\"search_term_string\"}}],\"inLanguage\":\"pl-PL\"},{\"@type\":\"Organization\",\"@id\":\"https:\/\/qingdaohf.com\/bg\/#organization\",\"name\":\"Qingdao H&F\",\"url\":\"https:\/\/qingdaohf.com\/bg\/\",\"logo\":{\"@type\":\"ImageObject\",\"inLanguage\":\"pl-PL\",\"@id\":\"https:\/\/qingdaohf.com\/bg\/#\/schema\/logo\/image\/\",\"url\":\"https:\/\/qingdaohf.com\/wp-content\/uploads\/2022\/12\/cropped-HF-LOGO.png\",\"contentUrl\":\"https:\/\/qingdaohf.com\/wp-content\/uploads\/2022\/12\/cropped-HF-LOGO.png\",\"width\":391,\"height\":249,\"caption\":\"Qingdao H&F\"},\"image\":{\"@id\":\"https:\/\/qingdaohf.com\/bg\/#\/schema\/logo\/image\/\"},\"sameAs\":[\"https:\/\/www.facebook.com\/qingdaohf\"]}]}<\/script>\n<!-- \/ Yoast SEO plugin. -->","yoast_head_json":{"title":"Elephant Foot Ferrule","description":"Roud Ferrule and Elephant Foot Ferrule it helps to ensure the integrity and longevity of the structures we build.","robots":{"index":"index","follow":"follow","max-snippet":"max-snippet:-1","max-image-preview":"max-image-preview:large","max-video-preview":"max-video-preview:-1"},"canonical":"https:\/\/qingdaohf.com\/pl\/produkt\/tuleja-na-stope-slonia-tuleja-na-stope-slonia\/","og_locale":"pl_PL","og_type":"article","og_title":"Elephant Foot Ferrule","og_description":"Roud Ferrule and Elephant Foot Ferrule it helps to ensure the integrity and longevity of the structures we build.","og_url":"https:\/\/qingdaohf.com\/pl\/produkt\/tuleja-na-stope-slonia-tuleja-na-stope-slonia\/","og_site_name":"Concrete Form &amp; Rigging Hardware Supplier","article_publisher":"https:\/\/www.facebook.com\/qingdaohf","article_modified_time":"2025-11-13T01:05:52+00:00","og_image":[{"width":1000,"height":1000,"url":"https:\/\/qingdaohf.com\/wp-content\/uploads\/2023\/03\/roud-ferrule-elephant-foot-ferrule-4-1.jpg","type":"image\/jpeg"}],"twitter_card":"summary_large_image","twitter_misc":{"Szacowany czas czytania":"4 minuty"},"schema":{"@context":"https:\/\/schema.org","@graph":[{"@type":"WebPage","@id":"https:\/\/qingdaohf.com\/product\/elephant-foot-ferrule\/","url":"https:\/\/qingdaohf.com\/product\/elephant-foot-ferrule\/","name":"Elephant Foot Ferrule","isPartOf":{"@id":"https:\/\/qingdaohf.com\/bg\/#website"},"primaryImageOfPage":{"@id":"https:\/\/qingdaohf.com\/product\/elephant-foot-ferrule\/#primaryimage"},"image":{"@id":"https:\/\/qingdaohf.com\/product\/elephant-foot-ferrule\/#primaryimage"},"thumbnailUrl":"https:\/\/qingdaohf.com\/wp-content\/uploads\/2023\/03\/roud-ferrule-elephant-foot-ferrule-4-1.jpg","datePublished":"2023-03-02T07:27:12+00:00","dateModified":"2025-11-13T01:05:52+00:00","description":"Roud Ferrule and Elephant Foot Ferrule it helps to ensure the integrity and longevity of the structures we build.","breadcrumb":{"@id":"https:\/\/qingdaohf.com\/product\/elephant-foot-ferrule\/#breadcrumb"},"inLanguage":"pl-PL","potentialAction":[{"@type":"ReadAction","target":["https:\/\/qingdaohf.com\/product\/elephant-foot-ferrule\/"]}]},{"@type":"ImageObject","inLanguage":"pl-PL","@id":"https:\/\/qingdaohf.com\/product\/elephant-foot-ferrule\/#primaryimage","url":"https:\/\/qingdaohf.com\/wp-content\/uploads\/2023\/03\/roud-ferrule-elephant-foot-ferrule-4-1.jpg","contentUrl":"https:\/\/qingdaohf.com\/wp-content\/uploads\/2023\/03\/roud-ferrule-elephant-foot-ferrule-4-1.jpg","width":1000,"height":1000,"caption":"roud ferrule elephant foot ferrule"},{"@type":"BreadcrumbList","@id":"https:\/\/qingdaohf.com\/product\/elephant-foot-ferrule\/#breadcrumb","itemListElement":[{"@type":"ListItem","position":1,"name":"Home","item":"https:\/\/qingdaohf.com\/"},{"@type":"ListItem","position":2,"name":"Concrete Forming Accessories and Rigging Hardware","item":"https:\/\/qingdaohf.com\/bg\/?page_id=944"},{"@type":"ListItem","position":3,"name":"Elephant Foot Ferrule"}]},{"@type":"WebSite","@id":"https:\/\/qingdaohf.com\/bg\/#website","url":"https:\/\/qingdaohf.com\/bg\/","name":"Concrete Form & Rigging Hardware Supplier","description":"","publisher":{"@id":"https:\/\/qingdaohf.com\/bg\/#organization"},"potentialAction":[{"@type":"SearchAction","target":{"@type":"EntryPoint","urlTemplate":"https:\/\/qingdaohf.com\/bg\/?s={search_term_string}"},"query-input":{"@type":"PropertyValueSpecification","valueRequired":true,"valueName":"search_term_string"}}],"inLanguage":"pl-PL"},{"@type":"Organization","@id":"https:\/\/qingdaohf.com\/bg\/#organization","name":"Qingdao H&F","url":"https:\/\/qingdaohf.com\/bg\/","logo":{"@type":"ImageObject","inLanguage":"pl-PL","@id":"https:\/\/qingdaohf.com\/bg\/#\/schema\/logo\/image\/","url":"https:\/\/qingdaohf.com\/wp-content\/uploads\/2022\/12\/cropped-HF-LOGO.png","contentUrl":"https:\/\/qingdaohf.com\/wp-content\/uploads\/2022\/12\/cropped-HF-LOGO.png","width":391,"height":249,"caption":"Qingdao H&F"},"image":{"@id":"https:\/\/qingdaohf.com\/bg\/#\/schema\/logo\/image\/"},"sameAs":["https:\/\/www.facebook.com\/qingdaohf"]}]}},"_links":{"self":[{"href":"https:\/\/qingdaohf.com\/pl\/wp-json\/wp\/v2\/product\/2646","targetHints":{"allow":["GET"]}}],"collection":[{"href":"https:\/\/qingdaohf.com\/pl\/wp-json\/wp\/v2\/product"}],"about":[{"href":"https:\/\/qingdaohf.com\/pl\/wp-json\/wp\/v2\/types\/product"}],"replies":[{"embeddable":true,"href":"https:\/\/qingdaohf.com\/pl\/wp-json\/wp\/v2\/comments?post=2646"}],"version-history":[{"count":4,"href":"https:\/\/qingdaohf.com\/pl\/wp-json\/wp\/v2\/product\/2646\/revisions"}],"predecessor-version":[{"id":8734,"href":"https:\/\/qingdaohf.com\/pl\/wp-json\/wp\/v2\/product\/2646\/revisions\/8734"}],"wp:featuredmedia":[{"embeddable":true,"href":"https:\/\/qingdaohf.com\/pl\/wp-json\/wp\/v2\/media\/3398"}],"wp:attachment":[{"href":"https:\/\/qingdaohf.com\/pl\/wp-json\/wp\/v2\/media?parent=2646"}],"wp:term":[{"taxonomy":"product_brand","embeddable":true,"href":"https:\/\/qingdaohf.com\/pl\/wp-json\/wp\/v2\/product_brand?post=2646"},{"taxonomy":"product_cat","embeddable":true,"href":"https:\/\/qingdaohf.com\/pl\/wp-json\/wp\/v2\/product_cat?post=2646"},{"taxonomy":"product_tag","embeddable":true,"href":"https:\/\/qingdaohf.com\/pl\/wp-json\/wp\/v2\/product_tag?post=2646"}],"curies":[{"name":"wp","href":"https:\/\/api.w.org\/{rel}","templated":true}]}}