{"id":2677,"date":"2023-03-03T14:46:34","date_gmt":"2023-03-03T06:46:34","guid":{"rendered":"http:\/\/qingdaohf.com\/?post_type=product&#038;p=2677"},"modified":"2025-11-13T09:05:33","modified_gmt":"2025-11-13T01:05:33","slug":"plastic-bolt-nylon-bolt","status":"publish","type":"product","link":"https:\/\/qingdaohf.com\/pl\/produkt\/sruba-plastikowa-sruba-nylonowa\/","title":{"rendered":"\u015aruba plastikowa \u015aruba nylonowa"},"content":{"rendered":"<p>\u015aruby z tworzywa sztucznego i \u015bruby nylonowe to rodzaje element\u00f3w z\u0142\u0105cznych wykorzystywanych w r\u00f3\u017cnych zastosowaniach, w kt\u00f3rych wa\u017cna jest odporno\u015b\u0107 na korozj\u0119, nieprzewodno\u015b\u0107 i lekko\u015b\u0107. Chocia\u017c oba typy \u015brub s\u0105 wykonane z tworzyw sztucznych, istniej\u0105 pewne r\u00f3\u017cnice w ich w\u0142a\u015bciwo\u015bciach i zastosowaniach.<\/p>\n<p>Plastikowe \u015bruby s\u0105 zazwyczaj wykonane z materia\u0142\u00f3w takich jak PVC, poliw\u0119glan lub ABS. S\u0105 lekkie i oferuj\u0105 dobr\u0105 odporno\u015b\u0107 chemiczn\u0105, dzi\u0119ki czemu nadaj\u0105 si\u0119 do zastosowa\u0144 takich jak elektronika, oznakowanie i stacje uzdatniania wody. \u015aruby plastikowe maj\u0105 jednak ograniczon\u0105 wytrzyma\u0142o\u015b\u0107 i nie s\u0105 zalecane do ci\u0119\u017ckich zastosowa\u0144.<\/p>\n<p>Z kolei \u015bruby nylonowe s\u0105 wykonane z nylonu 6\/6, rodzaju tworzywa sztucznego, kt\u00f3re jest mocne, trwa\u0142e i odporne na \u015bcieranie. \u015aruby nylonowe maj\u0105 dobre w\u0142a\u015bciwo\u015bci mechaniczne i mog\u0105 by\u0107 u\u017cywane w zastosowaniach, w kt\u00f3rych wymagana jest wysoka wytrzyma\u0142o\u015b\u0107 i ci\u0105gliwo\u015b\u0107, takich jak przemys\u0142 motoryzacyjny, lotniczy i morski.<\/p>\n<p>Zar\u00f3wno plastikowe, jak i nylonowe \u015bruby s\u0105 dost\u0119pne w r\u00f3\u017cnych rozmiarach i stylach, w tym \u015bruby z \u0142bem sze\u015bciok\u0105tnym, \u015bruby z \u0142bem gniazdowym i \u015bruby ko\u0142nierzowe. S\u0105 one r\u00f3wnie\u017c dost\u0119pne w r\u00f3\u017cnych kolorach, co mo\u017ce by\u0107 przydatne w zastosowaniach wymagaj\u0105cych kodowania kolorami. Wa\u017cne jest jednak, aby wybra\u0107 odpowiedni typ \u015bruby z tworzywa sztucznego lub nylonu do konkretnego zastosowania, aby zapewni\u0107 optymaln\u0105 wydajno\u015b\u0107 i bezpiecze\u0144stwo.<\/p>\n<p><img fetchpriority=\"high\" decoding=\"async\" class=\"alignnone size-full wp-image-3473\" src=\"http:\/\/qingdaohf.com\/wp-content\/uploads\/2023\/03\/61-3.jpg\" alt=\"plastikowa \u015bruba\" width=\"1200\" height=\"540\" srcset=\"https:\/\/qingdaohf.com\/wp-content\/uploads\/2023\/03\/61-3.jpg 1200w, https:\/\/qingdaohf.com\/wp-content\/uploads\/2023\/03\/61-3-300x135.jpg 300w, https:\/\/qingdaohf.com\/wp-content\/uploads\/2023\/03\/61-3-1024x461.jpg 1024w, https:\/\/qingdaohf.com\/wp-content\/uploads\/2023\/03\/61-3-768x346.jpg 768w, https:\/\/qingdaohf.com\/wp-content\/uploads\/2023\/03\/61-3-1000x450.jpg 1000w\" sizes=\"(max-width: 1200px) 100vw, 1200px\" \/><\/p>","protected":false},"excerpt":{"rendered":"<p>\u015aruby z tworzywa sztucznego i \u015bruby nylonowe to rodzaje element\u00f3w z\u0142\u0105cznych wykorzystywanych w r\u00f3\u017cnych zastosowaniach, w kt\u00f3rych wa\u017cna jest odporno\u015b\u0107 na korozj\u0119, nieprzewodno\u015b\u0107 i lekko\u015b\u0107. Chocia\u017c oba typy \u015brub s\u0105 wykonane z tworzyw sztucznych, istniej\u0105 pewne r\u00f3\u017cnice w ich w\u0142a\u015bciwo\u015bciach i zastosowaniach.<\/p>","protected":false},"featured_media":3469,"comment_status":"open","ping_status":"closed","template":"","meta":{"site-sidebar-layout":"default","site-content-layout":"default","ast-site-content-layout":"","site-content-style":"default","site-sidebar-style":"default","ast-global-header-display":"","ast-banner-title-visibility":"","ast-main-header-display":"","ast-hfb-above-header-display":"","ast-hfb-below-header-display":"","ast-hfb-mobile-header-display":"","site-post-title":"","ast-breadcrumbs-content":"","ast-featured-img":"","footer-sml-layout":"","theme-transparent-header-meta":"default","adv-header-id-meta":"","stick-header-meta":"default","header-above-stick-meta":"","header-main-stick-meta":"","header-below-stick-meta":"","astra-migrate-meta-layouts":"default","ast-page-background-enabled":"default","ast-page-background-meta":{"desktop":{"background-color":"","background-image":"","background-repeat":"repeat","background-position":"center center","background-size":"auto","background-attachment":"scroll","background-type":"","background-media":"","overlay-type":"","overlay-color":"","overlay-opacity":"","overlay-gradient":""},"tablet":{"background-color":"","background-image":"","background-repeat":"repeat","background-position":"center center","background-size":"auto","background-attachment":"scroll","background-type":"","background-media":"","overlay-type":"","overlay-color":"","overlay-opacity":"","overlay-gradient":""},"mobile":{"background-color":"","background-image":"","background-repeat":"repeat","background-position":"center center","background-size":"auto","background-attachment":"scroll","background-type":"","background-media":"","overlay-type":"","overlay-color":"","overlay-opacity":"","overlay-gradient":""}},"ast-content-background-meta":{"desktop":{"background-color":"var(--ast-global-color-5)","background-image":"","background-repeat":"repeat","background-position":"center center","background-size":"auto","background-attachment":"scroll","background-type":"","background-media":"","overlay-type":"","overlay-color":"","overlay-opacity":"","overlay-gradient":""},"tablet":{"background-color":"var(--ast-global-color-5)","background-image":"","background-repeat":"repeat","background-position":"center center","background-size":"auto","background-attachment":"scroll","background-type":"","background-media":"","overlay-type":"","overlay-color":"","overlay-opacity":"","overlay-gradient":""},"mobile":{"background-color":"var(--ast-global-color-5)","background-image":"","background-repeat":"repeat","background-position":"center center","background-size":"auto","background-attachment":"scroll","background-type":"","background-media":"","overlay-type":"","overlay-color":"","overlay-opacity":"","overlay-gradient":""}}},"product_brand":[],"product_cat":[31],"product_tag":[],"class_list":{"0":"post-2677","1":"product","2":"type-product","3":"status-publish","4":"has-post-thumbnail","6":"product_cat-fasteners","7":"desktop-align-left","8":"tablet-align-left","9":"mobile-align-left","10":"ast-product-gallery-layout-horizontal-slider","11":"ast-product-tabs-layout-horizontal","13":"first","14":"instock","15":"shipping-taxable","16":"purchasable","17":"product-type-simple"},"yoast_head":"<!-- This site is optimized with the Yoast SEO plugin v25.2 - https:\/\/yoast.com\/wordpress\/plugins\/seo\/ -->\n<title>Plastic Bolt Nylon bolt<\/title>\n<meta name=\"description\" content=\"Plastic bolts and nylon bolts are types of fasteners used in various applications where corrosion resistance, non-conductivity, and lightweight properties are important.\" \/>\n<meta name=\"robots\" content=\"index, follow, max-snippet:-1, max-image-preview:large, max-video-preview:-1\" \/>\n<link rel=\"canonical\" href=\"https:\/\/qingdaohf.com\/pl\/produkt\/sruba-plastikowa-sruba-nylonowa\/\" \/>\n<meta property=\"og:locale\" content=\"pl_PL\" \/>\n<meta property=\"og:type\" content=\"article\" \/>\n<meta property=\"og:title\" content=\"Plastic Bolt Nylon bolt\" \/>\n<meta property=\"og:description\" content=\"Plastic bolts and nylon bolts are types of fasteners used in various applications where corrosion resistance, non-conductivity, and lightweight properties are important.\" \/>\n<meta property=\"og:url\" content=\"https:\/\/qingdaohf.com\/pl\/produkt\/sruba-plastikowa-sruba-nylonowa\/\" \/>\n<meta property=\"og:site_name\" content=\"Concrete Form &amp; Rigging Hardware Supplier\" \/>\n<meta property=\"article:publisher\" content=\"https:\/\/www.facebook.com\/qingdaohf\" \/>\n<meta property=\"article:modified_time\" content=\"2025-11-13T01:05:33+00:00\" \/>\n<meta property=\"og:image\" content=\"https:\/\/qingdaohf.com\/wp-content\/uploads\/2023\/03\/plastic-bolt-4.jpg\" \/>\n\t<meta property=\"og:image:width\" content=\"1000\" \/>\n\t<meta property=\"og:image:height\" content=\"1000\" \/>\n\t<meta property=\"og:image:type\" content=\"image\/jpeg\" \/>\n<meta name=\"twitter:card\" content=\"summary_large_image\" \/>\n<meta name=\"twitter:label1\" content=\"Szacowany czas czytania\" \/>\n\t<meta name=\"twitter:data1\" content=\"2 minuty\" \/>\n<script type=\"application\/ld+json\" class=\"yoast-schema-graph\">{\"@context\":\"https:\/\/schema.org\",\"@graph\":[{\"@type\":\"WebPage\",\"@id\":\"https:\/\/qingdaohf.com\/product\/plastic-bolt-nylon-bolt\/\",\"url\":\"https:\/\/qingdaohf.com\/product\/plastic-bolt-nylon-bolt\/\",\"name\":\"Plastic Bolt Nylon bolt\",\"isPartOf\":{\"@id\":\"https:\/\/qingdaohf.com\/bg\/#website\"},\"primaryImageOfPage\":{\"@id\":\"https:\/\/qingdaohf.com\/product\/plastic-bolt-nylon-bolt\/#primaryimage\"},\"image\":{\"@id\":\"https:\/\/qingdaohf.com\/product\/plastic-bolt-nylon-bolt\/#primaryimage\"},\"thumbnailUrl\":\"https:\/\/qingdaohf.com\/wp-content\/uploads\/2023\/03\/plastic-bolt-4.jpg\",\"datePublished\":\"2023-03-03T06:46:34+00:00\",\"dateModified\":\"2025-11-13T01:05:33+00:00\",\"description\":\"Plastic bolts and nylon bolts are types of fasteners used in various applications where corrosion resistance, non-conductivity, and lightweight properties are important.\",\"breadcrumb\":{\"@id\":\"https:\/\/qingdaohf.com\/product\/plastic-bolt-nylon-bolt\/#breadcrumb\"},\"inLanguage\":\"pl-PL\",\"potentialAction\":[{\"@type\":\"ReadAction\",\"target\":[\"https:\/\/qingdaohf.com\/product\/plastic-bolt-nylon-bolt\/\"]}]},{\"@type\":\"ImageObject\",\"inLanguage\":\"pl-PL\",\"@id\":\"https:\/\/qingdaohf.com\/product\/plastic-bolt-nylon-bolt\/#primaryimage\",\"url\":\"https:\/\/qingdaohf.com\/wp-content\/uploads\/2023\/03\/plastic-bolt-4.jpg\",\"contentUrl\":\"https:\/\/qingdaohf.com\/wp-content\/uploads\/2023\/03\/plastic-bolt-4.jpg\",\"width\":1000,\"height\":1000,\"caption\":\"plastic bolt\"},{\"@type\":\"BreadcrumbList\",\"@id\":\"https:\/\/qingdaohf.com\/product\/plastic-bolt-nylon-bolt\/#breadcrumb\",\"itemListElement\":[{\"@type\":\"ListItem\",\"position\":1,\"name\":\"Home\",\"item\":\"https:\/\/qingdaohf.com\/\"},{\"@type\":\"ListItem\",\"position\":2,\"name\":\"Concrete Forming Accessories and Rigging Hardware\",\"item\":\"https:\/\/qingdaohf.com\/bg\/?page_id=944\"},{\"@type\":\"ListItem\",\"position\":3,\"name\":\"Plastic Bolt Nylon bolt\"}]},{\"@type\":\"WebSite\",\"@id\":\"https:\/\/qingdaohf.com\/bg\/#website\",\"url\":\"https:\/\/qingdaohf.com\/bg\/\",\"name\":\"Concrete Form & Rigging Hardware Supplier\",\"description\":\"\",\"publisher\":{\"@id\":\"https:\/\/qingdaohf.com\/bg\/#organization\"},\"potentialAction\":[{\"@type\":\"SearchAction\",\"target\":{\"@type\":\"EntryPoint\",\"urlTemplate\":\"https:\/\/qingdaohf.com\/bg\/?s={search_term_string}\"},\"query-input\":{\"@type\":\"PropertyValueSpecification\",\"valueRequired\":true,\"valueName\":\"search_term_string\"}}],\"inLanguage\":\"pl-PL\"},{\"@type\":\"Organization\",\"@id\":\"https:\/\/qingdaohf.com\/bg\/#organization\",\"name\":\"Qingdao H&F\",\"url\":\"https:\/\/qingdaohf.com\/bg\/\",\"logo\":{\"@type\":\"ImageObject\",\"inLanguage\":\"pl-PL\",\"@id\":\"https:\/\/qingdaohf.com\/bg\/#\/schema\/logo\/image\/\",\"url\":\"https:\/\/qingdaohf.com\/wp-content\/uploads\/2022\/12\/cropped-HF-LOGO.png\",\"contentUrl\":\"https:\/\/qingdaohf.com\/wp-content\/uploads\/2022\/12\/cropped-HF-LOGO.png\",\"width\":391,\"height\":249,\"caption\":\"Qingdao H&F\"},\"image\":{\"@id\":\"https:\/\/qingdaohf.com\/bg\/#\/schema\/logo\/image\/\"},\"sameAs\":[\"https:\/\/www.facebook.com\/qingdaohf\"]}]}<\/script>\n<!-- \/ Yoast SEO plugin. -->","yoast_head_json":{"title":"Plastic Bolt Nylon bolt","description":"Plastic bolts and nylon bolts are types of fasteners used in various applications where corrosion resistance, non-conductivity, and lightweight properties are important.","robots":{"index":"index","follow":"follow","max-snippet":"max-snippet:-1","max-image-preview":"max-image-preview:large","max-video-preview":"max-video-preview:-1"},"canonical":"https:\/\/qingdaohf.com\/pl\/produkt\/sruba-plastikowa-sruba-nylonowa\/","og_locale":"pl_PL","og_type":"article","og_title":"Plastic Bolt Nylon bolt","og_description":"Plastic bolts and nylon bolts are types of fasteners used in various applications where corrosion resistance, non-conductivity, and lightweight properties are important.","og_url":"https:\/\/qingdaohf.com\/pl\/produkt\/sruba-plastikowa-sruba-nylonowa\/","og_site_name":"Concrete Form &amp; Rigging Hardware Supplier","article_publisher":"https:\/\/www.facebook.com\/qingdaohf","article_modified_time":"2025-11-13T01:05:33+00:00","og_image":[{"width":1000,"height":1000,"url":"https:\/\/qingdaohf.com\/wp-content\/uploads\/2023\/03\/plastic-bolt-4.jpg","type":"image\/jpeg"}],"twitter_card":"summary_large_image","twitter_misc":{"Szacowany czas czytania":"2 minuty"},"schema":{"@context":"https:\/\/schema.org","@graph":[{"@type":"WebPage","@id":"https:\/\/qingdaohf.com\/product\/plastic-bolt-nylon-bolt\/","url":"https:\/\/qingdaohf.com\/product\/plastic-bolt-nylon-bolt\/","name":"Plastic Bolt Nylon bolt","isPartOf":{"@id":"https:\/\/qingdaohf.com\/bg\/#website"},"primaryImageOfPage":{"@id":"https:\/\/qingdaohf.com\/product\/plastic-bolt-nylon-bolt\/#primaryimage"},"image":{"@id":"https:\/\/qingdaohf.com\/product\/plastic-bolt-nylon-bolt\/#primaryimage"},"thumbnailUrl":"https:\/\/qingdaohf.com\/wp-content\/uploads\/2023\/03\/plastic-bolt-4.jpg","datePublished":"2023-03-03T06:46:34+00:00","dateModified":"2025-11-13T01:05:33+00:00","description":"Plastic bolts and nylon bolts are types of fasteners used in various applications where corrosion resistance, non-conductivity, and lightweight properties are important.","breadcrumb":{"@id":"https:\/\/qingdaohf.com\/product\/plastic-bolt-nylon-bolt\/#breadcrumb"},"inLanguage":"pl-PL","potentialAction":[{"@type":"ReadAction","target":["https:\/\/qingdaohf.com\/product\/plastic-bolt-nylon-bolt\/"]}]},{"@type":"ImageObject","inLanguage":"pl-PL","@id":"https:\/\/qingdaohf.com\/product\/plastic-bolt-nylon-bolt\/#primaryimage","url":"https:\/\/qingdaohf.com\/wp-content\/uploads\/2023\/03\/plastic-bolt-4.jpg","contentUrl":"https:\/\/qingdaohf.com\/wp-content\/uploads\/2023\/03\/plastic-bolt-4.jpg","width":1000,"height":1000,"caption":"plastic bolt"},{"@type":"BreadcrumbList","@id":"https:\/\/qingdaohf.com\/product\/plastic-bolt-nylon-bolt\/#breadcrumb","itemListElement":[{"@type":"ListItem","position":1,"name":"Home","item":"https:\/\/qingdaohf.com\/"},{"@type":"ListItem","position":2,"name":"Concrete Forming Accessories and Rigging Hardware","item":"https:\/\/qingdaohf.com\/bg\/?page_id=944"},{"@type":"ListItem","position":3,"name":"Plastic Bolt Nylon bolt"}]},{"@type":"WebSite","@id":"https:\/\/qingdaohf.com\/bg\/#website","url":"https:\/\/qingdaohf.com\/bg\/","name":"Concrete Form & Rigging Hardware Supplier","description":"","publisher":{"@id":"https:\/\/qingdaohf.com\/bg\/#organization"},"potentialAction":[{"@type":"SearchAction","target":{"@type":"EntryPoint","urlTemplate":"https:\/\/qingdaohf.com\/bg\/?s={search_term_string}"},"query-input":{"@type":"PropertyValueSpecification","valueRequired":true,"valueName":"search_term_string"}}],"inLanguage":"pl-PL"},{"@type":"Organization","@id":"https:\/\/qingdaohf.com\/bg\/#organization","name":"Qingdao H&F","url":"https:\/\/qingdaohf.com\/bg\/","logo":{"@type":"ImageObject","inLanguage":"pl-PL","@id":"https:\/\/qingdaohf.com\/bg\/#\/schema\/logo\/image\/","url":"https:\/\/qingdaohf.com\/wp-content\/uploads\/2022\/12\/cropped-HF-LOGO.png","contentUrl":"https:\/\/qingdaohf.com\/wp-content\/uploads\/2022\/12\/cropped-HF-LOGO.png","width":391,"height":249,"caption":"Qingdao H&F"},"image":{"@id":"https:\/\/qingdaohf.com\/bg\/#\/schema\/logo\/image\/"},"sameAs":["https:\/\/www.facebook.com\/qingdaohf"]}]}},"_links":{"self":[{"href":"https:\/\/qingdaohf.com\/pl\/wp-json\/wp\/v2\/product\/2677","targetHints":{"allow":["GET"]}}],"collection":[{"href":"https:\/\/qingdaohf.com\/pl\/wp-json\/wp\/v2\/product"}],"about":[{"href":"https:\/\/qingdaohf.com\/pl\/wp-json\/wp\/v2\/types\/product"}],"replies":[{"embeddable":true,"href":"https:\/\/qingdaohf.com\/pl\/wp-json\/wp\/v2\/comments?post=2677"}],"version-history":[{"count":2,"href":"https:\/\/qingdaohf.com\/pl\/wp-json\/wp\/v2\/product\/2677\/revisions"}],"predecessor-version":[{"id":7355,"href":"https:\/\/qingdaohf.com\/pl\/wp-json\/wp\/v2\/product\/2677\/revisions\/7355"}],"wp:featuredmedia":[{"embeddable":true,"href":"https:\/\/qingdaohf.com\/pl\/wp-json\/wp\/v2\/media\/3469"}],"wp:attachment":[{"href":"https:\/\/qingdaohf.com\/pl\/wp-json\/wp\/v2\/media?parent=2677"}],"wp:term":[{"taxonomy":"product_brand","embeddable":true,"href":"https:\/\/qingdaohf.com\/pl\/wp-json\/wp\/v2\/product_brand?post=2677"},{"taxonomy":"product_cat","embeddable":true,"href":"https:\/\/qingdaohf.com\/pl\/wp-json\/wp\/v2\/product_cat?post=2677"},{"taxonomy":"product_tag","embeddable":true,"href":"https:\/\/qingdaohf.com\/pl\/wp-json\/wp\/v2\/product_tag?post=2677"}],"curies":[{"name":"wp","href":"https:\/\/api.w.org\/{rel}","templated":true}]}}