{"id":2874,"date":"2023-03-14T17:33:05","date_gmt":"2023-03-14T09:33:05","guid":{"rendered":"http:\/\/qingdaohf.com\/?post_type=product&#038;p=2874"},"modified":"2025-11-13T09:05:31","modified_gmt":"2025-11-13T01:05:31","slug":"rebar-tie-wire","status":"publish","type":"product","link":"https:\/\/qingdaohf.com\/pl\/produkt\/drut-zbrojeniowy\/","title":{"rendered":"Drut do wi\u0105zania pr\u0119t\u00f3w zbrojeniowych"},"content":{"rendered":"<div data-test-render-count=\"5\">\n<div class=\"mb-1 mt-1\">\n<div class=\"group relative inline-flex gap-2 bg-gradient-to-b from-bg-300 from-50% to-bg-400 rounded-xl ml-px pl-2.5 py-2.5 break-words text-text-200 transition-all max-w-[75ch] flex-col shadow-[0_2px_16px_rgba(0,0,0,0.025)] pr-6\">\n<div class=\"flex flex-row gap-2\">\n<div class=\"font-user-message grid grid-cols-1 gap-2 py-0.5 text-[0.9375rem] leading-6\" data-testid=\"user-message\"><strong style=\"font-size: 1.5em;\">Zrozumienie drutu zbrojeniowego i jego zasadniczej roli w budownictwie<\/strong><\/div>\n<\/div>\n<\/div>\n<\/div>\n<\/div>\n<div data-test-render-count=\"1\">\n<div class=\"group relative pt-3.5 pb-[1.125rem] px-4 relative rounded-2xl -tracking-[0.015em] bg-[linear-gradient(to_bottom,_hsla(var(--bg-000)\/0.75)_0%,_hsla(var(--bg-000)_\/_0)_90%)] before:absolute before:inset-0 before:bg-[radial-gradient(ellipse_at_left_top,_hsla(var(--bg-000)\/0.5)_0%,_hsla(var(--bg-000)\/0.3)_60%)] before:rounded-2xl before:border-[0.5px] before:border-[hsla(var(--border-100)\/0.15)] before:shadow-[0_4px_24px_rgba(0,0,0,0.015)] before:[transition:opacity_150ms_ease-out,_transform_250ms_cubic-bezier(0.695,0.555,0.655,1.650)] before:z-0 before:data-[is-streaming=&quot;true&quot;]:opacity-0 before:data-[is-streaming=&quot;true&quot;]:scale-[0.995] before:data-[is-streaming=&quot;false&quot;]:pointer-events-none\" data-is-streaming=\"false\">\n<div class=\"font-claude-message pr-4 md:pr-9 relative leading-[1.65rem] [&amp;_pre&gt;div]:bg-bg-300 [&amp;_.ignore-pre-bg&gt;div]:bg-transparent [&amp;_pre]:-mr-4 md:[&amp;_pre]:-mr-9\">\n<div class=\"grid-cols-1 grid gap-2.5 [&amp;_&gt;_*]:min-w-0\">\n<p class=\"whitespace-pre-wrap break-words\">Drut zbrojeniowy jest kluczowym elementem konstrukcji \u017celbetowych, gdzie odgrywa istotn\u0105 rol\u0119 w wi\u0105zaniu i zabezpieczaniu pr\u0119t\u00f3w zbrojeniowych. Ten pozornie prosty, ale niezb\u0119dny materia\u0142 zapewnia stabilno\u015b\u0107 strukturaln\u0105 w projektach, od fundament\u00f3w dom\u00f3w po du\u017ce prace infrastrukturalne. Konstrukcja drutu z wysokiej jako\u015bci stali zapewnia idealn\u0105 r\u00f3wnowag\u0119 mi\u0119dzy urabialno\u015bci\u0105 a wytrzyma\u0142o\u015bci\u0105 potrzebn\u0105 do skutecznego zabezpieczenia skrzy\u017cowa\u0144 pr\u0119t\u00f3w zbrojeniowych. Po prawid\u0142owym zastosowaniu pomaga stworzy\u0107 solidn\u0105 ram\u0119 niezb\u0119dn\u0105 do trwa\u0142ych konstrukcji betonowych.<\/p>\n<p class=\"whitespace-pre-wrap break-words\">Wszechstronno\u015b\u0107 drutu zbrojeniowego staje si\u0119 widoczna dzi\u0119ki jego r\u00f3\u017cnym wyko\u0144czeniom. Ka\u017cdy rodzaj - ocynkowany, wy\u017carzany lub ze stali nierdzewnej - s\u0142u\u017cy okre\u015blonym celom w r\u00f3\u017cnych \u015brodowiskach. Na przyk\u0142ad, projekty przybrze\u017cne korzystaj\u0105 z odmian odpornych na korozj\u0119, podczas gdy standardowa konstrukcja mo\u017ce wykorzystywa\u0107 podstawowy drut wy\u017carzany. Ta zdolno\u015b\u0107 adaptacji sprawia, \u017ce drut nadaje si\u0119 do niemal ka\u017cdego scenariusza budowlanego.<\/p>\n<\/div>\n<\/div>\n<\/div>\n<\/div>\n<table style=\"border-collapse: collapse; width: 1325px; height: 617px;\" border=\"0\" width=\"798\" cellspacing=\"0\" cellpadding=\"0\">\n<tbody>\n<tr style=\"height: 39.00pt;\">\n<td class=\"et3\" style=\"height: 39.00pt; width: 32.25pt;\" width=\"43\" height=\"52\"><span class=\"font1\">Wska\u017anik<\/span><\/td>\n<td class=\"et3\" style=\"width: 42.75pt;\" width=\"57\"><span class=\"font1\">\u015arednica (in)<\/span><\/td>\n<td class=\"et3\" style=\"width: 42.75pt;\" width=\"57\"><span class=\"font1\">\u015arednica (mm)<\/span><\/td>\n<td class=\"et3\" style=\"width: 49.50pt;\" width=\"66\"><span class=\"font1\">D\u0142ugo\u015b\u0107 (in)<\/span><\/td>\n<td class=\"et3\" style=\"width: 33.00pt;\" width=\"44\"><span class=\"font1\">D\u0142ugo\u015b\u0107 (mm)<\/span><\/td>\n<td class=\"et3\" style=\"width: 52.50pt;\" width=\"70\"><span class=\"font1\">D\u0142ugo\u015b\u0107 rolki (ft)<\/span><\/td>\n<td class=\"et3\" style=\"width: 49.50pt;\" width=\"66\"><span class=\"font1\">Materia\u0142<\/span><\/td>\n<td class=\"et3\" style=\"width: 54.00pt;\" width=\"72\"><span class=\"font1\">Pow\u0142oka<\/span><\/td>\n<td class=\"et3\" style=\"width: 40.50pt;\" width=\"54\"><span class=\"font1\">Wytrzyma\u0142o\u015b\u0107 na rozci\u0105ganie (funty)<\/span><\/td>\n<td class=\"et3\" style=\"width: 201.75pt;\" width=\"269\"><span class=\"font1\">Zastosowanie<\/span><\/td>\n<\/tr>\n<tr style=\"height: 39.00pt;\">\n<td class=\"et3\" style=\"height: 39.00pt; width: 32.25pt;\" width=\"43\" height=\"52\">16<\/td>\n<td class=\"et3\" style=\"width: 42.75pt;\" width=\"57\">0.0508<\/td>\n<td class=\"et3\" style=\"width: 42.75pt;\" width=\"57\">1.291<\/td>\n<td class=\"et3\" style=\"width: 49.50pt;\" width=\"66\">3<\/td>\n<td class=\"et3\" style=\"width: 33.00pt;\" width=\"44\">76.2<\/td>\n<td class=\"et3\" style=\"width: 52.50pt;\" width=\"70\"><span class=\"font1\">100, 200, 400<\/span><\/td>\n<td class=\"et3\" style=\"width: 49.50pt;\" width=\"66\"><span class=\"font1\">\u0141agodny\/Nienagrzewaj\u0105cy si\u0119<\/span><\/td>\n<td class=\"et3\" style=\"width: 54.00pt;\" width=\"72\"><span class=\"font1\">Ocynkowany, czarny, PVC<\/span><\/td>\n<td class=\"et3\" style=\"width: 40.50pt;\" width=\"54\"><span class=\"font1\">R\u00f3\u017cne<\/span><\/td>\n<td class=\"et4\"><span class=\"font1\">Budownictwo og\u00f3lne, zbrojenie<\/span><\/td>\n<\/tr>\n<tr style=\"height: 39.00pt;\">\n<td class=\"et3\" style=\"height: 39.00pt; width: 32.25pt;\" width=\"43\" height=\"52\">16.5<\/td>\n<td class=\"et3\" style=\"width: 42.75pt;\" width=\"57\">0.0453<\/td>\n<td class=\"et3\" style=\"width: 42.75pt;\" width=\"57\">1.154<\/td>\n<td class=\"et3\" style=\"width: 49.50pt;\" width=\"66\">3<\/td>\n<td class=\"et3\" style=\"width: 33.00pt;\" width=\"44\">76.2<\/td>\n<td class=\"et3\" style=\"width: 52.50pt;\" width=\"70\"><span class=\"font1\">100, 200, 400<\/span><\/td>\n<td class=\"et3\" style=\"width: 49.50pt;\" width=\"66\"><span class=\"font1\">\u0141agodny\/Nienagrzewaj\u0105cy si\u0119<\/span><\/td>\n<td class=\"et3\" style=\"width: 54.00pt;\" width=\"72\"><span class=\"font1\">Ocynkowany, czarny, PVC<\/span><\/td>\n<td class=\"et3\" style=\"width: 40.50pt;\" width=\"54\"><span class=\"font1\">R\u00f3\u017cne<\/span><\/td>\n<td class=\"et4\"><span class=\"font1\">Budownictwo og\u00f3lne, zbrojenie<\/span><\/td>\n<\/tr>\n<tr style=\"height: 39.00pt;\">\n<td class=\"et3\" style=\"height: 39.00pt; width: 32.25pt;\" width=\"43\" height=\"52\">17<\/td>\n<td class=\"et3\" style=\"width: 42.75pt;\" width=\"57\">0.042<\/td>\n<td class=\"et3\" style=\"width: 42.75pt;\" width=\"57\">1.066<\/td>\n<td class=\"et3\" style=\"width: 49.50pt;\" width=\"66\">3<\/td>\n<td class=\"et3\" style=\"width: 33.00pt;\" width=\"44\">76.2<\/td>\n<td class=\"et3\" style=\"width: 52.50pt;\" width=\"70\"><span class=\"font1\">100, 200, 400<\/span><\/td>\n<td class=\"et3\" style=\"width: 49.50pt;\" width=\"66\"><span class=\"font1\">\u0141agodny\/Nienagrzewaj\u0105cy si\u0119<\/span><\/td>\n<td class=\"et3\" style=\"width: 54.00pt;\" width=\"72\"><span class=\"font1\">Ocynkowany, czarny, PVC<\/span><\/td>\n<td class=\"et3\" style=\"width: 40.50pt;\" width=\"54\"><span class=\"font1\">R\u00f3\u017cne<\/span><\/td>\n<td class=\"et4\"><span class=\"font1\">Lekkie konstrukcje, tymczasowe mocowania<\/span><\/td>\n<\/tr>\n<tr style=\"height: 39.00pt;\">\n<td class=\"et3\" style=\"height: 39.00pt; width: 32.25pt;\" width=\"43\" height=\"52\">18<\/td>\n<td class=\"et3\" style=\"width: 42.75pt;\" width=\"57\">0.04<\/td>\n<td class=\"et3\" style=\"width: 42.75pt;\" width=\"57\">1.016<\/td>\n<td class=\"et3\" style=\"width: 49.50pt;\" width=\"66\">3<\/td>\n<td class=\"et3\" style=\"width: 33.00pt;\" width=\"44\">76.2<\/td>\n<td class=\"et3\" style=\"width: 52.50pt;\" width=\"70\"><span class=\"font1\">100, 200, 400<\/span><\/td>\n<td class=\"et3\" style=\"width: 49.50pt;\" width=\"66\"><span class=\"font1\">\u0141agodny\/Nienagrzewaj\u0105cy si\u0119<\/span><\/td>\n<td class=\"et3\" style=\"width: 54.00pt;\" width=\"72\"><span class=\"font1\">Ocynkowany, czarny, PVC<\/span><\/td>\n<td class=\"et3\" style=\"width: 40.50pt;\" width=\"54\"><span class=\"font1\">R\u00f3\u017cne<\/span><\/td>\n<td class=\"et4\"><span class=\"font1\">Lekkie konstrukcje, tymczasowe mocowania<\/span><\/td>\n<\/tr>\n<tr style=\"height: 13.50pt;\">\n<td class=\"et2\" style=\"height: 13.50pt;\" colspan=\"10\" height=\"18\">Wszystkie nasze produkty obs\u0142uguj\u0105 personalizacj\u0119<\/td>\n<\/tr>\n<\/tbody>\n<\/table>\n<h3 class=\"whitespace-pre-wrap break-words\"><strong>Kluczowe obawy kupuj\u0105cych rozwi\u0105zywane dzi\u0119ki specjalistycznej wiedzy i precyzji<\/strong><\/h3>\n<p class=\"whitespace-pre-wrap break-words\">Specjali\u015bci budowlani cz\u0119sto skupiaj\u0105 si\u0119 na kilku krytycznych czynnikach przy wyborze drutu wi\u0105za\u0142kowego, w tym na jego charakterystyce wytrzyma\u0142o\u015bciowej, grubo\u015bci drutu i w\u0142a\u015bciwo\u015bciach u\u017cytkowych. Znalezienie drutu, kt\u00f3ry jest wystarczaj\u0105co mocny dla ci\u0119\u017ckich pr\u0119t\u00f3w zbrojeniowych, a jednocze\u015bnie wystarczaj\u0105co elastyczny, aby u\u0142atwi\u0107 wi\u0105zanie, mo\u017ce by\u0107 wyzwaniem. W Qingdao H&amp;F zajmujemy si\u0119 tymi kwestiami poprzez kompleksowe testy jako\u015bci, zapewniaj\u0105c, \u017ce nasz drut spe\u0142nia dok\u0142adne specyfikacje i dzia\u0142a niezawodnie w terenie.<\/p>\n<p class=\"whitespace-pre-wrap break-words\">Szybki dost\u0119p do materia\u0142\u00f3w mo\u017ce wp\u0142yn\u0105\u0107 na harmonogram prac budowlanych. Zdajemy sobie spraw\u0119 z tej rzeczywisto\u015bci i reagujemy na ni\u0105 dzi\u0119ki wydajnym operacjom logistycznym i magazynowym, kt\u00f3re zapewniaj\u0105 post\u0119p w realizacji projekt\u00f3w. Nasza dokumentacja jako\u015bciowa towarzyszy ka\u017cdej wysy\u0142ce, zapewniaj\u0105c wykonawcom wyra\u017ane dowody specyfikacji materia\u0142\u00f3w i ich wydajno\u015bci przed rozpocz\u0119ciem instalacji.<\/p>\n<div class=\"ast-oembed-container\" style=\"height: 100%;\"><iframe title=\"Drut do wi\u0105zania pr\u0119t\u00f3w zbrojeniowych H&amp;F\" width=\"500\" height=\"281\" src=\"https:\/\/www.youtube.com\/embed\/hCPByYFUWfs?feature=oembed\" frameborder=\"0\" allow=\"accelerometer; autoplay; clipboard-write; encrypted-media; gyroscope; picture-in-picture; web-share\" referrerpolicy=\"strict-origin-when-cross-origin\" allowfullscreen><\/iframe><\/div>\n<h3 class=\"whitespace-pre-wrap break-words\"><strong>Zobowi\u0105zanie Qingdao H&amp;F do doskona\u0142o\u015bci w dostawach drutu zbrojeniowego<\/strong><\/h3>\n<p class=\"whitespace-pre-wrap break-words\">Opr\u00f3cz zwyk\u0142ego dostarczania materia\u0142\u00f3w, Qingdao H&amp;F wsp\u00f3\u0142pracuje z klientami, aby wspiera\u0107 ich cele budowlane. Dysponujemy obszernym asortymentem rodzaj\u00f3w i rozmiar\u00f3w drutu, dzi\u0119ki czemu mo\u017cemy spe\u0142ni\u0107 specyficzne wymagania ka\u017cdego projektu, niezale\u017cnie od tego, czy dotyczy on delikatnych prac mieszkaniowych, czy ogromnych inwestycji komercyjnych.<\/p>\n<p class=\"whitespace-pre-wrap break-words\">Indywidualne podej\u015bcie wyr\u00f3\u017cnia nasze podej\u015bcie do obs\u0142ugi klienta. Ka\u017cdy klient wsp\u00f3\u0142pracuje z dedykowanymi cz\u0142onkami zespo\u0142u, kt\u00f3rzy rozumiej\u0105 jego specyficzne potrzeby i mog\u0105 poleci\u0107 odpowiednie rozwi\u0105zania. Takie podej\u015bcie oparte na relacjach pomaga tworzy\u0107 trwa\u0142e partnerstwa oparte na zaufaniu i sprawdzonej wydajno\u015bci.<\/p>\n<p class=\"whitespace-pre-wrap break-words\">Zapewnienie jako\u015bci pozostaje w centrum naszej dzia\u0142alno\u015bci. Ka\u017cda partia drutu wi\u0105za\u0142kowego przechodzi rygorystyczne testy pod k\u0105tem kluczowych wska\u017anik\u00f3w wydajno\u015bci, w tym wytrzyma\u0142o\u015bci na rozci\u0105ganie, wyd\u0142u\u017cenia i odporno\u015bci na korozj\u0119. Oceny te potwierdzaj\u0105, \u017ce nasze produkty b\u0119d\u0105 dzia\u0142a\u0107 zgodnie z oczekiwaniami w rzeczywistych warunkach.<\/p>\n<p class=\"whitespace-pre-wrap break-words\">Znaczenie odpowiedniego drutu wi\u0105za\u0142kowego w konstrukcji betonowej jest nie do przecenienia - dos\u0142ownie pomaga on utrzyma\u0107 konstrukcje razem. W Qingdao H&amp;F \u0142\u0105czymy doskona\u0142e produkty z wyj\u0105tkow\u0105 obs\u0142ug\u0105, aby wspiera\u0107 sukces naszych klient\u00f3w. Od starannego doboru materia\u0142\u00f3w po responsywn\u0105 obs\u0142ug\u0119 klienta, staramy si\u0119 utrzyma\u0107 nasz\u0105 pozycj\u0119 wiod\u0105cego dostawcy niezawodnych rozwi\u0105za\u0144 w zakresie drutu wi\u0105za\u0142kowego.<\/p>","protected":false},"excerpt":{"rendered":"<p>Drut do wi\u0105zania pr\u0119t\u00f3w zbrojeniowych jest jednym z wa\u017cnych akcesori\u00f3w w projektach budowlanych; zapewnia wytrzyma\u0142o\u015b\u0107 i elastyczno\u015b\u0107 w celu bezpiecznego wi\u0105zania pr\u0119t\u00f3w zbrojeniowych. Wi\u0119kszo\u015b\u0107 kupuj\u0105cych dba o jako\u015b\u0107 produktu, wytrzyma\u0142o\u015b\u0107 i odporno\u015b\u0107 na korozj\u0119, a tak\u017ce o dobr\u0105 dostaw\u0119 i przejrzysty system zapewnienia jako\u015bci. Qingdao H&amp;F wyr\u00f3\u017cnia si\u0119 w zaspokajaniu tych potrzeb, zapewniaj\u0105c spersonalizowan\u0105 obs\u0142ug\u0119 klienta, szybkie cykle dostaw i kompletny raport z kontroli jako\u015bci dla ka\u017cdej przesy\u0142ki. Nasze d\u0105\u017cenie do doskona\u0142o\u015bci gwarantuje, \u017ce nabywcy otrzymuj\u0105 niezawodne produkty spe\u0142niaj\u0105ce ich indywidualne potrzeby projektowe.<\/p>","protected":false},"featured_media":2884,"comment_status":"open","ping_status":"closed","template":"","meta":{"site-sidebar-layout":"default","site-content-layout":"default","ast-site-content-layout":"default","site-content-style":"default","site-sidebar-style":"default","ast-global-header-display":"","ast-banner-title-visibility":"","ast-main-header-display":"","ast-hfb-above-header-display":"","ast-hfb-below-header-display":"","ast-hfb-mobile-header-display":"","site-post-title":"","ast-breadcrumbs-content":"","ast-featured-img":"","footer-sml-layout":"","theme-transparent-header-meta":"default","adv-header-id-meta":"","stick-header-meta":"default","header-above-stick-meta":"","header-main-stick-meta":"","header-below-stick-meta":"","astra-migrate-meta-layouts":"set","ast-page-background-enabled":"default","ast-page-background-meta":{"desktop":{"background-color":"","background-image":"","background-repeat":"repeat","background-position":"center center","background-size":"auto","background-attachment":"scroll","background-type":"","background-media":"","overlay-type":"","overlay-color":"","overlay-opacity":"","overlay-gradient":""},"tablet":{"background-color":"","background-image":"","background-repeat":"repeat","background-position":"center center","background-size":"auto","background-attachment":"scroll","background-type":"","background-media":"","overlay-type":"","overlay-color":"","overlay-opacity":"","overlay-gradient":""},"mobile":{"background-color":"","background-image":"","background-repeat":"repeat","background-position":"center center","background-size":"auto","background-attachment":"scroll","background-type":"","background-media":"","overlay-type":"","overlay-color":"","overlay-opacity":"","overlay-gradient":""}},"ast-content-background-meta":{"desktop":{"background-color":"var(--ast-global-color-5)","background-image":"","background-repeat":"repeat","background-position":"center center","background-size":"auto","background-attachment":"scroll","background-type":"","background-media":"","overlay-type":"","overlay-color":"","overlay-opacity":"","overlay-gradient":""},"tablet":{"background-color":"var(--ast-global-color-5)","background-image":"","background-repeat":"repeat","background-position":"center center","background-size":"auto","background-attachment":"scroll","background-type":"","background-media":"","overlay-type":"","overlay-color":"","overlay-opacity":"","overlay-gradient":""},"mobile":{"background-color":"var(--ast-global-color-5)","background-image":"","background-repeat":"repeat","background-position":"center center","background-size":"auto","background-attachment":"scroll","background-type":"","background-media":"","overlay-type":"","overlay-color":"","overlay-opacity":"","overlay-gradient":""}}},"product_brand":[],"product_cat":[36],"product_tag":[],"class_list":{"0":"post-2874","1":"product","2":"type-product","3":"status-publish","4":"has-post-thumbnail","6":"product_cat-tie-wire","7":"desktop-align-left","8":"tablet-align-left","9":"mobile-align-left","10":"ast-product-gallery-layout-horizontal-slider","11":"ast-product-tabs-layout-horizontal","13":"first","14":"instock","15":"shipping-taxable","16":"purchasable","17":"product-type-simple"},"yoast_head":"<!-- This site is optimized with the Yoast SEO plugin v25.2 - https:\/\/yoast.com\/wordpress\/plugins\/seo\/ -->\n<title>Rebar Tie Wire<\/title>\n<meta name=\"description\" content=\"Rebar tie wire is a type of wire that is commonly used in concrete forming and construction projects.\" \/>\n<meta name=\"robots\" content=\"index, follow, max-snippet:-1, max-image-preview:large, max-video-preview:-1\" \/>\n<link rel=\"canonical\" href=\"https:\/\/qingdaohf.com\/pl\/produkt\/drut-zbrojeniowy\/\" \/>\n<meta property=\"og:locale\" content=\"pl_PL\" \/>\n<meta property=\"og:type\" content=\"article\" \/>\n<meta property=\"og:title\" content=\"Rebar Tie Wire\" \/>\n<meta property=\"og:description\" content=\"Rebar tie wire is a type of wire that is commonly used in concrete forming and construction projects.\" \/>\n<meta property=\"og:url\" content=\"https:\/\/qingdaohf.com\/pl\/produkt\/drut-zbrojeniowy\/\" \/>\n<meta property=\"og:site_name\" content=\"Concrete Form &amp; Rigging Hardware Supplier\" \/>\n<meta property=\"article:publisher\" content=\"https:\/\/www.facebook.com\/qingdaohf\" \/>\n<meta property=\"article:modified_time\" content=\"2025-11-13T01:05:31+00:00\" \/>\n<meta property=\"og:image\" content=\"https:\/\/qingdaohf.com\/wp-content\/uploads\/2023\/03\/rebar-Tie-Wire-6.jpg\" \/>\n\t<meta property=\"og:image:width\" content=\"1000\" \/>\n\t<meta property=\"og:image:height\" content=\"1000\" \/>\n\t<meta property=\"og:image:type\" content=\"image\/jpeg\" \/>\n<meta name=\"twitter:card\" content=\"summary_large_image\" \/>\n<meta name=\"twitter:label1\" content=\"Szacowany czas czytania\" \/>\n\t<meta name=\"twitter:data1\" content=\"3 minuty\" \/>\n<script type=\"application\/ld+json\" class=\"yoast-schema-graph\">{\"@context\":\"https:\/\/schema.org\",\"@graph\":[{\"@type\":\"WebPage\",\"@id\":\"https:\/\/qingdaohf.com\/product\/rebar-tie-wire\/\",\"url\":\"https:\/\/qingdaohf.com\/product\/rebar-tie-wire\/\",\"name\":\"Rebar Tie Wire\",\"isPartOf\":{\"@id\":\"https:\/\/qingdaohf.com\/bg\/#website\"},\"primaryImageOfPage\":{\"@id\":\"https:\/\/qingdaohf.com\/product\/rebar-tie-wire\/#primaryimage\"},\"image\":{\"@id\":\"https:\/\/qingdaohf.com\/product\/rebar-tie-wire\/#primaryimage\"},\"thumbnailUrl\":\"https:\/\/qingdaohf.com\/wp-content\/uploads\/2023\/03\/rebar-Tie-Wire-6.jpg\",\"datePublished\":\"2023-03-14T09:33:05+00:00\",\"dateModified\":\"2025-11-13T01:05:31+00:00\",\"description\":\"Rebar tie wire is a type of wire that is commonly used in concrete forming and construction projects.\",\"breadcrumb\":{\"@id\":\"https:\/\/qingdaohf.com\/product\/rebar-tie-wire\/#breadcrumb\"},\"inLanguage\":\"pl-PL\",\"potentialAction\":[{\"@type\":\"ReadAction\",\"target\":[\"https:\/\/qingdaohf.com\/product\/rebar-tie-wire\/\"]}]},{\"@type\":\"ImageObject\",\"inLanguage\":\"pl-PL\",\"@id\":\"https:\/\/qingdaohf.com\/product\/rebar-tie-wire\/#primaryimage\",\"url\":\"https:\/\/qingdaohf.com\/wp-content\/uploads\/2023\/03\/rebar-Tie-Wire-6.jpg\",\"contentUrl\":\"https:\/\/qingdaohf.com\/wp-content\/uploads\/2023\/03\/rebar-Tie-Wire-6.jpg\",\"width\":1000,\"height\":1000,\"caption\":\"rebar Tie Wire\"},{\"@type\":\"BreadcrumbList\",\"@id\":\"https:\/\/qingdaohf.com\/product\/rebar-tie-wire\/#breadcrumb\",\"itemListElement\":[{\"@type\":\"ListItem\",\"position\":1,\"name\":\"Home\",\"item\":\"https:\/\/qingdaohf.com\/\"},{\"@type\":\"ListItem\",\"position\":2,\"name\":\"Concrete Forming Accessories and Rigging Hardware\",\"item\":\"https:\/\/qingdaohf.com\/bg\/?page_id=944\"},{\"@type\":\"ListItem\",\"position\":3,\"name\":\"Rebar Tie Wire\"}]},{\"@type\":\"WebSite\",\"@id\":\"https:\/\/qingdaohf.com\/bg\/#website\",\"url\":\"https:\/\/qingdaohf.com\/bg\/\",\"name\":\"Concrete Form & Rigging Hardware Supplier\",\"description\":\"\",\"publisher\":{\"@id\":\"https:\/\/qingdaohf.com\/bg\/#organization\"},\"potentialAction\":[{\"@type\":\"SearchAction\",\"target\":{\"@type\":\"EntryPoint\",\"urlTemplate\":\"https:\/\/qingdaohf.com\/bg\/?s={search_term_string}\"},\"query-input\":{\"@type\":\"PropertyValueSpecification\",\"valueRequired\":true,\"valueName\":\"search_term_string\"}}],\"inLanguage\":\"pl-PL\"},{\"@type\":\"Organization\",\"@id\":\"https:\/\/qingdaohf.com\/bg\/#organization\",\"name\":\"Qingdao H&F\",\"url\":\"https:\/\/qingdaohf.com\/bg\/\",\"logo\":{\"@type\":\"ImageObject\",\"inLanguage\":\"pl-PL\",\"@id\":\"https:\/\/qingdaohf.com\/bg\/#\/schema\/logo\/image\/\",\"url\":\"https:\/\/qingdaohf.com\/wp-content\/uploads\/2022\/12\/cropped-HF-LOGO.png\",\"contentUrl\":\"https:\/\/qingdaohf.com\/wp-content\/uploads\/2022\/12\/cropped-HF-LOGO.png\",\"width\":391,\"height\":249,\"caption\":\"Qingdao H&F\"},\"image\":{\"@id\":\"https:\/\/qingdaohf.com\/bg\/#\/schema\/logo\/image\/\"},\"sameAs\":[\"https:\/\/www.facebook.com\/qingdaohf\"]}]}<\/script>\n<!-- \/ Yoast SEO plugin. -->","yoast_head_json":{"title":"Rebar Tie Wire","description":"Rebar tie wire is a type of wire that is commonly used in concrete forming and construction projects.","robots":{"index":"index","follow":"follow","max-snippet":"max-snippet:-1","max-image-preview":"max-image-preview:large","max-video-preview":"max-video-preview:-1"},"canonical":"https:\/\/qingdaohf.com\/pl\/produkt\/drut-zbrojeniowy\/","og_locale":"pl_PL","og_type":"article","og_title":"Rebar Tie Wire","og_description":"Rebar tie wire is a type of wire that is commonly used in concrete forming and construction projects.","og_url":"https:\/\/qingdaohf.com\/pl\/produkt\/drut-zbrojeniowy\/","og_site_name":"Concrete Form &amp; Rigging Hardware Supplier","article_publisher":"https:\/\/www.facebook.com\/qingdaohf","article_modified_time":"2025-11-13T01:05:31+00:00","og_image":[{"width":1000,"height":1000,"url":"https:\/\/qingdaohf.com\/wp-content\/uploads\/2023\/03\/rebar-Tie-Wire-6.jpg","type":"image\/jpeg"}],"twitter_card":"summary_large_image","twitter_misc":{"Szacowany czas czytania":"3 minuty"},"schema":{"@context":"https:\/\/schema.org","@graph":[{"@type":"WebPage","@id":"https:\/\/qingdaohf.com\/product\/rebar-tie-wire\/","url":"https:\/\/qingdaohf.com\/product\/rebar-tie-wire\/","name":"Rebar Tie Wire","isPartOf":{"@id":"https:\/\/qingdaohf.com\/bg\/#website"},"primaryImageOfPage":{"@id":"https:\/\/qingdaohf.com\/product\/rebar-tie-wire\/#primaryimage"},"image":{"@id":"https:\/\/qingdaohf.com\/product\/rebar-tie-wire\/#primaryimage"},"thumbnailUrl":"https:\/\/qingdaohf.com\/wp-content\/uploads\/2023\/03\/rebar-Tie-Wire-6.jpg","datePublished":"2023-03-14T09:33:05+00:00","dateModified":"2025-11-13T01:05:31+00:00","description":"Rebar tie wire is a type of wire that is commonly used in concrete forming and construction projects.","breadcrumb":{"@id":"https:\/\/qingdaohf.com\/product\/rebar-tie-wire\/#breadcrumb"},"inLanguage":"pl-PL","potentialAction":[{"@type":"ReadAction","target":["https:\/\/qingdaohf.com\/product\/rebar-tie-wire\/"]}]},{"@type":"ImageObject","inLanguage":"pl-PL","@id":"https:\/\/qingdaohf.com\/product\/rebar-tie-wire\/#primaryimage","url":"https:\/\/qingdaohf.com\/wp-content\/uploads\/2023\/03\/rebar-Tie-Wire-6.jpg","contentUrl":"https:\/\/qingdaohf.com\/wp-content\/uploads\/2023\/03\/rebar-Tie-Wire-6.jpg","width":1000,"height":1000,"caption":"rebar Tie Wire"},{"@type":"BreadcrumbList","@id":"https:\/\/qingdaohf.com\/product\/rebar-tie-wire\/#breadcrumb","itemListElement":[{"@type":"ListItem","position":1,"name":"Home","item":"https:\/\/qingdaohf.com\/"},{"@type":"ListItem","position":2,"name":"Concrete Forming Accessories and Rigging Hardware","item":"https:\/\/qingdaohf.com\/bg\/?page_id=944"},{"@type":"ListItem","position":3,"name":"Rebar Tie Wire"}]},{"@type":"WebSite","@id":"https:\/\/qingdaohf.com\/bg\/#website","url":"https:\/\/qingdaohf.com\/bg\/","name":"Concrete Form & Rigging Hardware Supplier","description":"","publisher":{"@id":"https:\/\/qingdaohf.com\/bg\/#organization"},"potentialAction":[{"@type":"SearchAction","target":{"@type":"EntryPoint","urlTemplate":"https:\/\/qingdaohf.com\/bg\/?s={search_term_string}"},"query-input":{"@type":"PropertyValueSpecification","valueRequired":true,"valueName":"search_term_string"}}],"inLanguage":"pl-PL"},{"@type":"Organization","@id":"https:\/\/qingdaohf.com\/bg\/#organization","name":"Qingdao H&F","url":"https:\/\/qingdaohf.com\/bg\/","logo":{"@type":"ImageObject","inLanguage":"pl-PL","@id":"https:\/\/qingdaohf.com\/bg\/#\/schema\/logo\/image\/","url":"https:\/\/qingdaohf.com\/wp-content\/uploads\/2022\/12\/cropped-HF-LOGO.png","contentUrl":"https:\/\/qingdaohf.com\/wp-content\/uploads\/2022\/12\/cropped-HF-LOGO.png","width":391,"height":249,"caption":"Qingdao H&F"},"image":{"@id":"https:\/\/qingdaohf.com\/bg\/#\/schema\/logo\/image\/"},"sameAs":["https:\/\/www.facebook.com\/qingdaohf"]}]}},"_links":{"self":[{"href":"https:\/\/qingdaohf.com\/pl\/wp-json\/wp\/v2\/product\/2874","targetHints":{"allow":["GET"]}}],"collection":[{"href":"https:\/\/qingdaohf.com\/pl\/wp-json\/wp\/v2\/product"}],"about":[{"href":"https:\/\/qingdaohf.com\/pl\/wp-json\/wp\/v2\/types\/product"}],"replies":[{"embeddable":true,"href":"https:\/\/qingdaohf.com\/pl\/wp-json\/wp\/v2\/comments?post=2874"}],"version-history":[{"count":10,"href":"https:\/\/qingdaohf.com\/pl\/wp-json\/wp\/v2\/product\/2874\/revisions"}],"predecessor-version":[{"id":2885,"href":"https:\/\/qingdaohf.com\/pl\/wp-json\/wp\/v2\/product\/2874\/revisions\/2885"}],"wp:featuredmedia":[{"embeddable":true,"href":"https:\/\/qingdaohf.com\/pl\/wp-json\/wp\/v2\/media\/2884"}],"wp:attachment":[{"href":"https:\/\/qingdaohf.com\/pl\/wp-json\/wp\/v2\/media?parent=2874"}],"wp:term":[{"taxonomy":"product_brand","embeddable":true,"href":"https:\/\/qingdaohf.com\/pl\/wp-json\/wp\/v2\/product_brand?post=2874"},{"taxonomy":"product_cat","embeddable":true,"href":"https:\/\/qingdaohf.com\/pl\/wp-json\/wp\/v2\/product_cat?post=2874"},{"taxonomy":"product_tag","embeddable":true,"href":"https:\/\/qingdaohf.com\/pl\/wp-json\/wp\/v2\/product_tag?post=2874"}],"curies":[{"name":"wp","href":"https:\/\/api.w.org\/{rel}","templated":true}]}}